{"id":6919,"date":"2024-01-22T12:46:52","date_gmt":"2024-01-22T12:46:52","guid":{"rendered":"https:\/\/botiga.saiga.es\/?post_type=product&#038;p=6919"},"modified":"2025-10-27T07:54:24","modified_gmt":"2025-10-27T07:54:24","slug":"anticochinilla-muligan","status":"publish","type":"product","link":"https:\/\/saiga.es\/es\/producto\/anticochinilla-muligan\/","title":{"rendered":"Anticochinilla Muligan"},"content":{"rendered":"<p>Anticochinilla Muligan es un insecticida regulador del crecimiento que act\u00faa por contacto e ingesti\u00f3n contra diversas plagas. Tiene una elevada persistencia. Es selectivo en un gran n\u00famero de cultivos.<\/p>\n","protected":false},"excerpt":{"rendered":"<ul>\n<li>Insecticida regulador del crecimiento que act\u00faa por contacto e ingesti\u00f3n contra diversas plagas.<\/li>\n<li>Elevada persistencia.<\/li>\n<li>Selectivo en un gran n\u00famero de cultivos.<\/li>\n<\/ul>\n","protected":false},"featured_media":6922,"comment_status":"open","ping_status":"closed","template":"","meta":[],"product_brand":[2201],"product_cat":[181],"product_tag":[574,570,573,571,572],"class_list":{"0":"post-6919","1":"product","2":"type-product","3":"status-publish","4":"has-post-thumbnail","6":"product_brand-sipcam-es","7":"product_cat-insecticidas","8":"product_tag-jed-es","9":"product_tag-anticochinilla","10":"product_tag-fitosanitario","11":"product_tag-jardineria-domestica","12":"product_tag-productos-jed","14":"first","15":"instock","16":"taxable","17":"shipping-taxable","18":"purchasable","19":"product-type-variable"},"yoast_head":"<!-- This site is optimized with the Yoast SEO plugin v27.4 - https:\/\/yoast.com\/product\/yoast-seo-wordpress\/ -->\n<title>Anticochinilla Muligan | SAIGA<\/title>\n<meta name=\"description\" content=\"Insecticida regulador del crecimiento que act\u00faa por contacto e ingesti\u00f3n contra diversas plagas. Elevada persistencia. Selectivo en muchos cultivos.\" \/>\n<meta name=\"robots\" content=\"index, follow, max-snippet:-1, max-image-preview:large, max-video-preview:-1\" \/>\n<link rel=\"canonical\" href=\"https:\/\/saiga.es\/es\/producto\/anticochinilla-muligan\/\" \/>\n<meta property=\"og:locale\" content=\"es_ES\" \/>\n<meta property=\"og:type\" content=\"article\" \/>\n<meta property=\"og:title\" content=\"Anticochinilla Muligan | SAIGA\" \/>\n<meta property=\"og:description\" content=\"Insecticida regulador del crecimiento que act\u00faa por contacto e ingesti\u00f3n contra diversas plagas. Elevada persistencia. Selectivo en muchos cultivos.\" \/>\n<meta property=\"og:url\" content=\"https:\/\/saiga.es\/es\/producto\/anticochinilla-muligan\/\" \/>\n<meta property=\"og:site_name\" content=\"SAIGA\" \/>\n<meta property=\"article:modified_time\" content=\"2025-10-27T07:54:24+00:00\" \/>\n<meta property=\"og:image\" content=\"https:\/\/saiga.es\/wp-content\/uploads\/2024\/01\/ANTICOCHINILLA_MULIGAN_10ML_ESPOSITORA.jpg\" \/>\n\t<meta property=\"og:image:width\" content=\"1000\" \/>\n\t<meta property=\"og:image:height\" content=\"1000\" \/>\n\t<meta property=\"og:image:type\" content=\"image\/jpeg\" \/>\n<meta name=\"twitter:card\" content=\"summary_large_image\" \/>\n<meta name=\"twitter:site\" content=\"@saiga_agro\" \/>\n<meta name=\"twitter:label1\" content=\"Tiempo de lectura\" \/>\n\t<meta name=\"twitter:data1\" content=\"1 minuto\" \/>\n<script type=\"application\/ld+json\" class=\"yoast-schema-graph\">{\"@context\":\"https:\\\/\\\/schema.org\",\"@graph\":[{\"@type\":\"WebPage\",\"@id\":\"https:\\\/\\\/saiga.es\\\/es\\\/producto\\\/anticochinilla-muligan\\\/\",\"url\":\"https:\\\/\\\/saiga.es\\\/es\\\/producto\\\/anticochinilla-muligan\\\/\",\"name\":\"Anticochinilla Muligan | SAIGA\",\"isPartOf\":{\"@id\":\"https:\\\/\\\/saiga.es\\\/es\\\/#website\"},\"primaryImageOfPage\":{\"@id\":\"https:\\\/\\\/saiga.es\\\/es\\\/producto\\\/anticochinilla-muligan\\\/#primaryimage\"},\"image\":{\"@id\":\"https:\\\/\\\/saiga.es\\\/es\\\/producto\\\/anticochinilla-muligan\\\/#primaryimage\"},\"thumbnailUrl\":\"https:\\\/\\\/saiga.es\\\/wp-content\\\/uploads\\\/2024\\\/01\\\/ANTICOCHINILLA_MULIGAN_10ML_ESPOSITORA.jpg\",\"datePublished\":\"2024-01-22T12:46:52+00:00\",\"dateModified\":\"2025-10-27T07:54:24+00:00\",\"description\":\"Insecticida regulador del crecimiento que act\u00faa por contacto e ingesti\u00f3n contra diversas plagas. Elevada persistencia. Selectivo en muchos cultivos.\",\"breadcrumb\":{\"@id\":\"https:\\\/\\\/saiga.es\\\/es\\\/producto\\\/anticochinilla-muligan\\\/#breadcrumb\"},\"inLanguage\":\"es\",\"potentialAction\":[{\"@type\":\"ReadAction\",\"target\":[\"https:\\\/\\\/saiga.es\\\/es\\\/producto\\\/anticochinilla-muligan\\\/\"]}]},{\"@type\":\"ImageObject\",\"inLanguage\":\"es\",\"@id\":\"https:\\\/\\\/saiga.es\\\/es\\\/producto\\\/anticochinilla-muligan\\\/#primaryimage\",\"url\":\"https:\\\/\\\/saiga.es\\\/wp-content\\\/uploads\\\/2024\\\/01\\\/ANTICOCHINILLA_MULIGAN_10ML_ESPOSITORA.jpg\",\"contentUrl\":\"https:\\\/\\\/saiga.es\\\/wp-content\\\/uploads\\\/2024\\\/01\\\/ANTICOCHINILLA_MULIGAN_10ML_ESPOSITORA.jpg\",\"width\":1000,\"height\":1000,\"caption\":\"Anticochinilla\"},{\"@type\":\"BreadcrumbList\",\"@id\":\"https:\\\/\\\/saiga.es\\\/es\\\/producto\\\/anticochinilla-muligan\\\/#breadcrumb\",\"itemListElement\":[{\"@type\":\"ListItem\",\"position\":1,\"name\":\"Inici\",\"item\":\"https:\\\/\\\/saiga.es\\\/es\\\/\"},{\"@type\":\"ListItem\",\"position\":2,\"name\":\"Tienda\",\"item\":\"https:\\\/\\\/saiga.es\\\/es\\\/tienda\\\/\"},{\"@type\":\"ListItem\",\"position\":3,\"name\":\"Anticochinilla Muligan\"}]},{\"@type\":\"WebSite\",\"@id\":\"https:\\\/\\\/saiga.es\\\/es\\\/#website\",\"url\":\"https:\\\/\\\/saiga.es\\\/es\\\/\",\"name\":\"SAIGA\",\"description\":\"M\u00e9s de 50 anys al servei de la terra i treballant per a un \u00fas eficient de l\u2019aigua!\",\"publisher\":{\"@id\":\"https:\\\/\\\/saiga.es\\\/es\\\/#organization\"},\"potentialAction\":[{\"@type\":\"SearchAction\",\"target\":{\"@type\":\"EntryPoint\",\"urlTemplate\":\"https:\\\/\\\/saiga.es\\\/es\\\/?s={search_term_string}\"},\"query-input\":{\"@type\":\"PropertyValueSpecification\",\"valueRequired\":true,\"valueName\":\"search_term_string\"}}],\"inLanguage\":\"es\"},{\"@type\":\"Organization\",\"@id\":\"https:\\\/\\\/saiga.es\\\/es\\\/#organization\",\"name\":\"SAIGA\",\"url\":\"https:\\\/\\\/saiga.es\\\/es\\\/\",\"logo\":{\"@type\":\"ImageObject\",\"inLanguage\":\"es\",\"@id\":\"https:\\\/\\\/saiga.es\\\/es\\\/#\\\/schema\\\/logo\\\/image\\\/\",\"url\":\"https:\\\/\\\/saiga.es\\\/wp-content\\\/uploads\\\/2025\\\/07\\\/logo_saiga_baseline_optimitzat.svg\",\"contentUrl\":\"https:\\\/\\\/saiga.es\\\/wp-content\\\/uploads\\\/2025\\\/07\\\/logo_saiga_baseline_optimitzat.svg\",\"caption\":\"SAIGA\"},\"image\":{\"@id\":\"https:\\\/\\\/saiga.es\\\/es\\\/#\\\/schema\\\/logo\\\/image\\\/\"},\"sameAs\":[\"https:\\\/\\\/x.com\\\/saiga_agro\",\"https:\\\/\\\/www.instagram.com\\\/saiga_agro\\\/\"]}]}<\/script>\n<!-- \/ Yoast SEO plugin. -->","yoast_head_json":{"title":"Anticochinilla Muligan | SAIGA","description":"Insecticida regulador del crecimiento que act\u00faa por contacto e ingesti\u00f3n contra diversas plagas. Elevada persistencia. Selectivo en muchos cultivos.","robots":{"index":"index","follow":"follow","max-snippet":"max-snippet:-1","max-image-preview":"max-image-preview:large","max-video-preview":"max-video-preview:-1"},"canonical":"https:\/\/saiga.es\/es\/producto\/anticochinilla-muligan\/","og_locale":"es_ES","og_type":"article","og_title":"Anticochinilla Muligan | SAIGA","og_description":"Insecticida regulador del crecimiento que act\u00faa por contacto e ingesti\u00f3n contra diversas plagas. Elevada persistencia. Selectivo en muchos cultivos.","og_url":"https:\/\/saiga.es\/es\/producto\/anticochinilla-muligan\/","og_site_name":"SAIGA","article_modified_time":"2025-10-27T07:54:24+00:00","og_image":[{"width":1000,"height":1000,"url":"https:\/\/saiga.es\/wp-content\/uploads\/2024\/01\/ANTICOCHINILLA_MULIGAN_10ML_ESPOSITORA.jpg","type":"image\/jpeg"}],"twitter_card":"summary_large_image","twitter_site":"@saiga_agro","twitter_misc":{"Tiempo de lectura":"1 minuto"},"schema":{"@context":"https:\/\/schema.org","@graph":[{"@type":"WebPage","@id":"https:\/\/saiga.es\/es\/producto\/anticochinilla-muligan\/","url":"https:\/\/saiga.es\/es\/producto\/anticochinilla-muligan\/","name":"Anticochinilla Muligan | SAIGA","isPartOf":{"@id":"https:\/\/saiga.es\/es\/#website"},"primaryImageOfPage":{"@id":"https:\/\/saiga.es\/es\/producto\/anticochinilla-muligan\/#primaryimage"},"image":{"@id":"https:\/\/saiga.es\/es\/producto\/anticochinilla-muligan\/#primaryimage"},"thumbnailUrl":"https:\/\/saiga.es\/wp-content\/uploads\/2024\/01\/ANTICOCHINILLA_MULIGAN_10ML_ESPOSITORA.jpg","datePublished":"2024-01-22T12:46:52+00:00","dateModified":"2025-10-27T07:54:24+00:00","description":"Insecticida regulador del crecimiento que act\u00faa por contacto e ingesti\u00f3n contra diversas plagas. Elevada persistencia. Selectivo en muchos cultivos.","breadcrumb":{"@id":"https:\/\/saiga.es\/es\/producto\/anticochinilla-muligan\/#breadcrumb"},"inLanguage":"es","potentialAction":[{"@type":"ReadAction","target":["https:\/\/saiga.es\/es\/producto\/anticochinilla-muligan\/"]}]},{"@type":"ImageObject","inLanguage":"es","@id":"https:\/\/saiga.es\/es\/producto\/anticochinilla-muligan\/#primaryimage","url":"https:\/\/saiga.es\/wp-content\/uploads\/2024\/01\/ANTICOCHINILLA_MULIGAN_10ML_ESPOSITORA.jpg","contentUrl":"https:\/\/saiga.es\/wp-content\/uploads\/2024\/01\/ANTICOCHINILLA_MULIGAN_10ML_ESPOSITORA.jpg","width":1000,"height":1000,"caption":"Anticochinilla"},{"@type":"BreadcrumbList","@id":"https:\/\/saiga.es\/es\/producto\/anticochinilla-muligan\/#breadcrumb","itemListElement":[{"@type":"ListItem","position":1,"name":"Inici","item":"https:\/\/saiga.es\/es\/"},{"@type":"ListItem","position":2,"name":"Tienda","item":"https:\/\/saiga.es\/es\/tienda\/"},{"@type":"ListItem","position":3,"name":"Anticochinilla Muligan"}]},{"@type":"WebSite","@id":"https:\/\/saiga.es\/es\/#website","url":"https:\/\/saiga.es\/es\/","name":"SAIGA","description":"M\u00e9s de 50 anys al servei de la terra i treballant per a un \u00fas eficient de l\u2019aigua!","publisher":{"@id":"https:\/\/saiga.es\/es\/#organization"},"potentialAction":[{"@type":"SearchAction","target":{"@type":"EntryPoint","urlTemplate":"https:\/\/saiga.es\/es\/?s={search_term_string}"},"query-input":{"@type":"PropertyValueSpecification","valueRequired":true,"valueName":"search_term_string"}}],"inLanguage":"es"},{"@type":"Organization","@id":"https:\/\/saiga.es\/es\/#organization","name":"SAIGA","url":"https:\/\/saiga.es\/es\/","logo":{"@type":"ImageObject","inLanguage":"es","@id":"https:\/\/saiga.es\/es\/#\/schema\/logo\/image\/","url":"https:\/\/saiga.es\/wp-content\/uploads\/2025\/07\/logo_saiga_baseline_optimitzat.svg","contentUrl":"https:\/\/saiga.es\/wp-content\/uploads\/2025\/07\/logo_saiga_baseline_optimitzat.svg","caption":"SAIGA"},"image":{"@id":"https:\/\/saiga.es\/es\/#\/schema\/logo\/image\/"},"sameAs":["https:\/\/x.com\/saiga_agro","https:\/\/www.instagram.com\/saiga_agro\/"]}]}},"_links":{"self":[{"href":"https:\/\/saiga.es\/es\/wp-json\/wp\/v2\/product\/6919","targetHints":{"allow":["GET"]}}],"collection":[{"href":"https:\/\/saiga.es\/es\/wp-json\/wp\/v2\/product"}],"about":[{"href":"https:\/\/saiga.es\/es\/wp-json\/wp\/v2\/types\/product"}],"replies":[{"embeddable":true,"href":"https:\/\/saiga.es\/es\/wp-json\/wp\/v2\/comments?post=6919"}],"wp:featuredmedia":[{"embeddable":true,"href":"https:\/\/saiga.es\/es\/wp-json\/wp\/v2\/media\/6922"}],"wp:attachment":[{"href":"https:\/\/saiga.es\/es\/wp-json\/wp\/v2\/media?parent=6919"}],"wp:term":[{"taxonomy":"product_brand","embeddable":true,"href":"https:\/\/saiga.es\/es\/wp-json\/wp\/v2\/product_brand?post=6919"},{"taxonomy":"product_cat","embeddable":true,"href":"https:\/\/saiga.es\/es\/wp-json\/wp\/v2\/product_cat?post=6919"},{"taxonomy":"product_tag","embeddable":true,"href":"https:\/\/saiga.es\/es\/wp-json\/wp\/v2\/product_tag?post=6919"}],"curies":[{"name":"wp","href":"https:\/\/api.w.org\/{rel}","templated":true}]}}