{"id":6968,"date":"2024-01-24T13:49:35","date_gmt":"2024-01-24T13:49:35","guid":{"rendered":"https:\/\/botiga.saiga.es\/producte\/bobina-de-hilo-electrico-200-m\/"},"modified":"2024-01-24T13:49:35","modified_gmt":"2024-01-24T13:49:35","slug":"bobina-de-hilo-electrico-200-m","status":"publish","type":"product","link":"https:\/\/saiga.es\/es\/producto\/bobina-de-hilo-electrico-200-m\/","title":{"rendered":"Bobina de hilo el\u00e9ctrico 200 m"},"content":{"rendered":"<p>Bobina de hilo el\u00e9ctrico para pastor el\u00e9ctrico. La bobina contiene 200 m de cinta de 20 mm de di\u00e1metro. El color de la cinta, amarilla y naranja, hace que sea visible para los caballos.<\/p>\n","protected":false},"excerpt":{"rendered":"<p>Bobina de hilo el\u00e9ctrico para pastor el\u00e9ctrico. La bobina contiene 200 m de cinta de 20 mm de di\u00e1metro. El color de la cinta, amarilla y naranja, hace que sea visible para los caballos.<\/p>\n","protected":false},"featured_media":14427,"comment_status":"closed","ping_status":"closed","template":"","meta":[],"product_brand":[],"product_cat":[2008],"product_tag":[588,593,594,554],"class_list":{"0":"post-6968","1":"product","2":"type-product","3":"status-publish","4":"has-post-thumbnail","6":"product_cat-bobinas-de-hilo-electrico","7":"product_tag-cinta-electrica-es","8":"product_tag-hilo-electrico","9":"product_tag-hilo-electrificado","10":"product_tag-pastor-electrico","12":"first","13":"instock","14":"sale","15":"taxable","16":"shipping-taxable","17":"purchasable","18":"product-type-simple"},"yoast_head":"<!-- This site is optimized with the Yoast SEO plugin v27.4 - https:\/\/yoast.com\/product\/yoast-seo-wordpress\/ -->\n<title>Bobina de hilo el\u00e9ctrico 200 m | SAIGA<\/title>\n<meta name=\"description\" content=\"La bobina de hilo el\u00e9ctrico para pastor el\u00e9ctrico contiene 200 m de cinta de 20 mm de di\u00e1metro. de color amarillo y naranja, la m\u00e1s visible para los caballos.\" \/>\n<meta name=\"robots\" content=\"index, follow, max-snippet:-1, max-image-preview:large, max-video-preview:-1\" \/>\n<link rel=\"canonical\" href=\"https:\/\/saiga.es\/es\/producto\/bobina-de-hilo-electrico-200-m\/\" \/>\n<meta property=\"og:locale\" content=\"es_ES\" \/>\n<meta property=\"og:type\" content=\"article\" \/>\n<meta property=\"og:title\" content=\"Bobina de hilo el\u00e9ctrico 200 m | SAIGA\" \/>\n<meta property=\"og:description\" content=\"La bobina de hilo el\u00e9ctrico para pastor el\u00e9ctrico contiene 200 m de cinta de 20 mm de di\u00e1metro. de color amarillo y naranja, la m\u00e1s visible para los caballos.\" \/>\n<meta property=\"og:url\" content=\"https:\/\/saiga.es\/es\/producto\/bobina-de-hilo-electrico-200-m\/\" \/>\n<meta property=\"og:site_name\" content=\"SAIGA\" \/>\n<meta property=\"og:image\" content=\"https:\/\/saiga.es\/wp-content\/uploads\/2024\/01\/Cinta-electrica-cavalls-1.jpg\" \/>\n\t<meta property=\"og:image:width\" content=\"1080\" \/>\n\t<meta property=\"og:image:height\" content=\"1080\" \/>\n\t<meta property=\"og:image:type\" content=\"image\/jpeg\" \/>\n<meta name=\"twitter:card\" content=\"summary_large_image\" \/>\n<meta name=\"twitter:site\" content=\"@saiga_agro\" \/>\n<script type=\"application\/ld+json\" class=\"yoast-schema-graph\">{\"@context\":\"https:\\\/\\\/schema.org\",\"@graph\":[{\"@type\":\"WebPage\",\"@id\":\"https:\\\/\\\/saiga.es\\\/es\\\/producto\\\/bobina-de-hilo-electrico-200-m\\\/\",\"url\":\"https:\\\/\\\/saiga.es\\\/es\\\/producto\\\/bobina-de-hilo-electrico-200-m\\\/\",\"name\":\"Bobina de hilo el\u00e9ctrico 200 m | SAIGA\",\"isPartOf\":{\"@id\":\"https:\\\/\\\/saiga.es\\\/es\\\/#website\"},\"primaryImageOfPage\":{\"@id\":\"https:\\\/\\\/saiga.es\\\/es\\\/producto\\\/bobina-de-hilo-electrico-200-m\\\/#primaryimage\"},\"image\":{\"@id\":\"https:\\\/\\\/saiga.es\\\/es\\\/producto\\\/bobina-de-hilo-electrico-200-m\\\/#primaryimage\"},\"thumbnailUrl\":\"https:\\\/\\\/saiga.es\\\/wp-content\\\/uploads\\\/2024\\\/01\\\/Cinta-electrica-cavalls-1.jpg\",\"datePublished\":\"2024-01-24T13:49:35+00:00\",\"description\":\"La bobina de hilo el\u00e9ctrico para pastor el\u00e9ctrico contiene 200 m de cinta de 20 mm de di\u00e1metro. de color amarillo y naranja, la m\u00e1s visible para los caballos.\",\"breadcrumb\":{\"@id\":\"https:\\\/\\\/saiga.es\\\/es\\\/producto\\\/bobina-de-hilo-electrico-200-m\\\/#breadcrumb\"},\"inLanguage\":\"es\",\"potentialAction\":[{\"@type\":\"ReadAction\",\"target\":[\"https:\\\/\\\/saiga.es\\\/es\\\/producto\\\/bobina-de-hilo-electrico-200-m\\\/\"]}]},{\"@type\":\"ImageObject\",\"inLanguage\":\"es\",\"@id\":\"https:\\\/\\\/saiga.es\\\/es\\\/producto\\\/bobina-de-hilo-electrico-200-m\\\/#primaryimage\",\"url\":\"https:\\\/\\\/saiga.es\\\/wp-content\\\/uploads\\\/2024\\\/01\\\/Cinta-electrica-cavalls-1.jpg\",\"contentUrl\":\"https:\\\/\\\/saiga.es\\\/wp-content\\\/uploads\\\/2024\\\/01\\\/Cinta-electrica-cavalls-1.jpg\",\"width\":1080,\"height\":1080,\"caption\":\"Bobina fil el\u00e8ctric cavalls\"},{\"@type\":\"BreadcrumbList\",\"@id\":\"https:\\\/\\\/saiga.es\\\/es\\\/producto\\\/bobina-de-hilo-electrico-200-m\\\/#breadcrumb\",\"itemListElement\":[{\"@type\":\"ListItem\",\"position\":1,\"name\":\"Inici\",\"item\":\"https:\\\/\\\/saiga.es\\\/es\\\/\"},{\"@type\":\"ListItem\",\"position\":2,\"name\":\"Tienda\",\"item\":\"https:\\\/\\\/saiga.es\\\/es\\\/tienda\\\/\"},{\"@type\":\"ListItem\",\"position\":3,\"name\":\"Bobina de hilo el\u00e9ctrico 200 m\"}]},{\"@type\":\"WebSite\",\"@id\":\"https:\\\/\\\/saiga.es\\\/es\\\/#website\",\"url\":\"https:\\\/\\\/saiga.es\\\/es\\\/\",\"name\":\"SAIGA\",\"description\":\"M\u00e9s de 50 anys al servei de la terra i treballant per a un \u00fas eficient de l\u2019aigua!\",\"publisher\":{\"@id\":\"https:\\\/\\\/saiga.es\\\/es\\\/#organization\"},\"potentialAction\":[{\"@type\":\"SearchAction\",\"target\":{\"@type\":\"EntryPoint\",\"urlTemplate\":\"https:\\\/\\\/saiga.es\\\/es\\\/?s={search_term_string}\"},\"query-input\":{\"@type\":\"PropertyValueSpecification\",\"valueRequired\":true,\"valueName\":\"search_term_string\"}}],\"inLanguage\":\"es\"},{\"@type\":\"Organization\",\"@id\":\"https:\\\/\\\/saiga.es\\\/es\\\/#organization\",\"name\":\"SAIGA\",\"url\":\"https:\\\/\\\/saiga.es\\\/es\\\/\",\"logo\":{\"@type\":\"ImageObject\",\"inLanguage\":\"es\",\"@id\":\"https:\\\/\\\/saiga.es\\\/es\\\/#\\\/schema\\\/logo\\\/image\\\/\",\"url\":\"https:\\\/\\\/saiga.es\\\/wp-content\\\/uploads\\\/2025\\\/07\\\/logo_saiga_baseline_optimitzat.svg\",\"contentUrl\":\"https:\\\/\\\/saiga.es\\\/wp-content\\\/uploads\\\/2025\\\/07\\\/logo_saiga_baseline_optimitzat.svg\",\"caption\":\"SAIGA\"},\"image\":{\"@id\":\"https:\\\/\\\/saiga.es\\\/es\\\/#\\\/schema\\\/logo\\\/image\\\/\"},\"sameAs\":[\"https:\\\/\\\/x.com\\\/saiga_agro\",\"https:\\\/\\\/www.instagram.com\\\/saiga_agro\\\/\"]}]}<\/script>\n<!-- \/ Yoast SEO plugin. -->","yoast_head_json":{"title":"Bobina de hilo el\u00e9ctrico 200 m | SAIGA","description":"La bobina de hilo el\u00e9ctrico para pastor el\u00e9ctrico contiene 200 m de cinta de 20 mm de di\u00e1metro. de color amarillo y naranja, la m\u00e1s visible para los caballos.","robots":{"index":"index","follow":"follow","max-snippet":"max-snippet:-1","max-image-preview":"max-image-preview:large","max-video-preview":"max-video-preview:-1"},"canonical":"https:\/\/saiga.es\/es\/producto\/bobina-de-hilo-electrico-200-m\/","og_locale":"es_ES","og_type":"article","og_title":"Bobina de hilo el\u00e9ctrico 200 m | SAIGA","og_description":"La bobina de hilo el\u00e9ctrico para pastor el\u00e9ctrico contiene 200 m de cinta de 20 mm de di\u00e1metro. de color amarillo y naranja, la m\u00e1s visible para los caballos.","og_url":"https:\/\/saiga.es\/es\/producto\/bobina-de-hilo-electrico-200-m\/","og_site_name":"SAIGA","og_image":[{"width":1080,"height":1080,"url":"https:\/\/saiga.es\/wp-content\/uploads\/2024\/01\/Cinta-electrica-cavalls-1.jpg","type":"image\/jpeg"}],"twitter_card":"summary_large_image","twitter_site":"@saiga_agro","schema":{"@context":"https:\/\/schema.org","@graph":[{"@type":"WebPage","@id":"https:\/\/saiga.es\/es\/producto\/bobina-de-hilo-electrico-200-m\/","url":"https:\/\/saiga.es\/es\/producto\/bobina-de-hilo-electrico-200-m\/","name":"Bobina de hilo el\u00e9ctrico 200 m | SAIGA","isPartOf":{"@id":"https:\/\/saiga.es\/es\/#website"},"primaryImageOfPage":{"@id":"https:\/\/saiga.es\/es\/producto\/bobina-de-hilo-electrico-200-m\/#primaryimage"},"image":{"@id":"https:\/\/saiga.es\/es\/producto\/bobina-de-hilo-electrico-200-m\/#primaryimage"},"thumbnailUrl":"https:\/\/saiga.es\/wp-content\/uploads\/2024\/01\/Cinta-electrica-cavalls-1.jpg","datePublished":"2024-01-24T13:49:35+00:00","description":"La bobina de hilo el\u00e9ctrico para pastor el\u00e9ctrico contiene 200 m de cinta de 20 mm de di\u00e1metro. de color amarillo y naranja, la m\u00e1s visible para los caballos.","breadcrumb":{"@id":"https:\/\/saiga.es\/es\/producto\/bobina-de-hilo-electrico-200-m\/#breadcrumb"},"inLanguage":"es","potentialAction":[{"@type":"ReadAction","target":["https:\/\/saiga.es\/es\/producto\/bobina-de-hilo-electrico-200-m\/"]}]},{"@type":"ImageObject","inLanguage":"es","@id":"https:\/\/saiga.es\/es\/producto\/bobina-de-hilo-electrico-200-m\/#primaryimage","url":"https:\/\/saiga.es\/wp-content\/uploads\/2024\/01\/Cinta-electrica-cavalls-1.jpg","contentUrl":"https:\/\/saiga.es\/wp-content\/uploads\/2024\/01\/Cinta-electrica-cavalls-1.jpg","width":1080,"height":1080,"caption":"Bobina fil el\u00e8ctric cavalls"},{"@type":"BreadcrumbList","@id":"https:\/\/saiga.es\/es\/producto\/bobina-de-hilo-electrico-200-m\/#breadcrumb","itemListElement":[{"@type":"ListItem","position":1,"name":"Inici","item":"https:\/\/saiga.es\/es\/"},{"@type":"ListItem","position":2,"name":"Tienda","item":"https:\/\/saiga.es\/es\/tienda\/"},{"@type":"ListItem","position":3,"name":"Bobina de hilo el\u00e9ctrico 200 m"}]},{"@type":"WebSite","@id":"https:\/\/saiga.es\/es\/#website","url":"https:\/\/saiga.es\/es\/","name":"SAIGA","description":"M\u00e9s de 50 anys al servei de la terra i treballant per a un \u00fas eficient de l\u2019aigua!","publisher":{"@id":"https:\/\/saiga.es\/es\/#organization"},"potentialAction":[{"@type":"SearchAction","target":{"@type":"EntryPoint","urlTemplate":"https:\/\/saiga.es\/es\/?s={search_term_string}"},"query-input":{"@type":"PropertyValueSpecification","valueRequired":true,"valueName":"search_term_string"}}],"inLanguage":"es"},{"@type":"Organization","@id":"https:\/\/saiga.es\/es\/#organization","name":"SAIGA","url":"https:\/\/saiga.es\/es\/","logo":{"@type":"ImageObject","inLanguage":"es","@id":"https:\/\/saiga.es\/es\/#\/schema\/logo\/image\/","url":"https:\/\/saiga.es\/wp-content\/uploads\/2025\/07\/logo_saiga_baseline_optimitzat.svg","contentUrl":"https:\/\/saiga.es\/wp-content\/uploads\/2025\/07\/logo_saiga_baseline_optimitzat.svg","caption":"SAIGA"},"image":{"@id":"https:\/\/saiga.es\/es\/#\/schema\/logo\/image\/"},"sameAs":["https:\/\/x.com\/saiga_agro","https:\/\/www.instagram.com\/saiga_agro\/"]}]}},"_links":{"self":[{"href":"https:\/\/saiga.es\/es\/wp-json\/wp\/v2\/product\/6968","targetHints":{"allow":["GET"]}}],"collection":[{"href":"https:\/\/saiga.es\/es\/wp-json\/wp\/v2\/product"}],"about":[{"href":"https:\/\/saiga.es\/es\/wp-json\/wp\/v2\/types\/product"}],"replies":[{"embeddable":true,"href":"https:\/\/saiga.es\/es\/wp-json\/wp\/v2\/comments?post=6968"}],"wp:featuredmedia":[{"embeddable":true,"href":"https:\/\/saiga.es\/es\/wp-json\/wp\/v2\/media\/14427"}],"wp:attachment":[{"href":"https:\/\/saiga.es\/es\/wp-json\/wp\/v2\/media?parent=6968"}],"wp:term":[{"taxonomy":"product_brand","embeddable":true,"href":"https:\/\/saiga.es\/es\/wp-json\/wp\/v2\/product_brand?post=6968"},{"taxonomy":"product_cat","embeddable":true,"href":"https:\/\/saiga.es\/es\/wp-json\/wp\/v2\/product_cat?post=6968"},{"taxonomy":"product_tag","embeddable":true,"href":"https:\/\/saiga.es\/es\/wp-json\/wp\/v2\/product_tag?post=6968"}],"curies":[{"name":"wp","href":"https:\/\/api.w.org\/{rel}","templated":true}]}}