{"id":7258,"date":"2024-02-13T08:47:08","date_gmt":"2024-02-13T08:47:08","guid":{"rendered":"https:\/\/botiga.saiga.es\/producte\/bebedero-palanca-vaca-esmaltado\/"},"modified":"2025-10-27T07:53:39","modified_gmt":"2025-10-27T07:53:39","slug":"bebedero-palanca-vaca-esmaltado","status":"publish","type":"product","link":"https:\/\/saiga.es\/es\/producto\/bebedero-palanca-vaca-esmaltado\/","title":{"rendered":"Bebedero palanca vaca esmaltado"},"content":{"rendered":"<p data-start=\"189\" data-end=\"647\">Este bebedero de palanca para vaca est\u00e1 fabricado en hierro esmaltado de gran resistencia, con toma de agua superior e inferior para adaptarse a diferentes sistemas de suministro. La sujeci\u00f3n con 4 tornillos garantiza una fijaci\u00f3n s\u00f3lida y segura. Con unas dimensiones de 270\u00d7220\u00d7100 mm, ofrece un abrevadero ergon\u00f3mico y eficiente para el ganado. Su dise\u00f1o limita el trastorno y favorece un acceso r\u00e1pido y c\u00f3modo al agua.   <\/p>\n<ul data-start=\"649\" data-end=\"855\">\n<li data-start=\"649\" data-end=\"677\">\n<p data-start=\"651\" data-end=\"677\">Material: hierro esmaltado<\/p>\n<\/li>\n<li data-start=\"678\" data-end=\"727\">\n<p data-start=\"680\" data-end=\"727\">Conexiones: toma de agua superior e inferior<\/p>\n<\/li>\n<li data-start=\"728\" data-end=\"750\">\n<p data-start=\"730\" data-end=\"750\">Fijaci\u00f3n: 4 tornillos<\/p>\n<\/li>\n<li data-start=\"751\" data-end=\"795\">\n<p data-start=\"753\" data-end=\"795\">Dimensiones compactas: 270 \u00d7 220 \u00d7 100 mm<\/p>\n<\/li>\n<li data-start=\"796\" data-end=\"855\">\n<p data-start=\"798\" data-end=\"855\">Peso aproximado: 3 kg<\/p>\n<\/li>\n<\/ul>\n<p data-start=\"857\" data-end=\"991\">Perfecto para explotaciones ganaderas que busquen calidad, durabilidad y f\u00e1cil mantenimiento en sus sistemas de abastecimiento de agua.<\/p>\n","protected":false},"excerpt":{"rendered":"<p>Este bebedero de palanca para vaca est\u00e1 fabricado en hierro esmaltado de gran resistencia, con toma de agua superior e inferior para adaptarse a diferentes sistemas de suministro.<\/p>\n","protected":false},"featured_media":11881,"comment_status":"closed","ping_status":"closed","template":"","meta":[],"product_brand":[],"product_cat":[1922],"product_tag":[],"class_list":{"0":"post-7258","1":"product","2":"type-product","3":"status-publish","4":"has-post-thumbnail","6":"product_cat-bebederos-es","8":"first","9":"instock","10":"taxable","11":"shipping-taxable","12":"purchasable","13":"product-type-simple"},"yoast_head":"<!-- This site is optimized with the Yoast SEO plugin v27.4 - https:\/\/yoast.com\/product\/yoast-seo-wordpress\/ -->\n<title>Bebedero palanca vaca esmaltado | SAIGA<\/title>\n<meta name=\"description\" content=\"Bebedero palanca vaca esmaltado. Bebedero de Hierro Esmaltado. Toma de agua superior e inferior. Sujeci\u00f3n 4 tornillosDimensiones: 270 x 220 x 100 mm.\" \/>\n<meta name=\"robots\" content=\"index, follow, max-snippet:-1, max-image-preview:large, max-video-preview:-1\" \/>\n<link rel=\"canonical\" href=\"https:\/\/saiga.es\/es\/producto\/bebedero-palanca-vaca-esmaltado\/\" \/>\n<meta property=\"og:locale\" content=\"es_ES\" \/>\n<meta property=\"og:type\" content=\"article\" \/>\n<meta property=\"og:title\" content=\"Bebedero palanca vaca esmaltado | SAIGA\" \/>\n<meta property=\"og:description\" content=\"Bebedero palanca vaca esmaltado. Bebedero de Hierro Esmaltado. Toma de agua superior e inferior. Sujeci\u00f3n 4 tornillosDimensiones: 270 x 220 x 100 mm.\" \/>\n<meta property=\"og:url\" content=\"https:\/\/saiga.es\/es\/producto\/bebedero-palanca-vaca-esmaltado\/\" \/>\n<meta property=\"og:site_name\" content=\"SAIGA\" \/>\n<meta property=\"article:modified_time\" content=\"2025-10-27T07:53:39+00:00\" \/>\n<meta property=\"og:image\" content=\"https:\/\/saiga.es\/wp-content\/uploads\/2024\/02\/Abeurador-palanca-vaca-esmaltat.jpg\" \/>\n\t<meta property=\"og:image:width\" content=\"1080\" \/>\n\t<meta property=\"og:image:height\" content=\"1080\" \/>\n\t<meta property=\"og:image:type\" content=\"image\/jpeg\" \/>\n<meta name=\"twitter:card\" content=\"summary_large_image\" \/>\n<meta name=\"twitter:site\" content=\"@saiga_agro\" \/>\n<meta name=\"twitter:label1\" content=\"Tiempo de lectura\" \/>\n\t<meta name=\"twitter:data1\" content=\"1 minuto\" \/>\n<script type=\"application\/ld+json\" class=\"yoast-schema-graph\">{\"@context\":\"https:\\\/\\\/schema.org\",\"@graph\":[{\"@type\":\"WebPage\",\"@id\":\"https:\\\/\\\/saiga.es\\\/es\\\/producto\\\/bebedero-palanca-vaca-esmaltado\\\/\",\"url\":\"https:\\\/\\\/saiga.es\\\/es\\\/producto\\\/bebedero-palanca-vaca-esmaltado\\\/\",\"name\":\"Bebedero palanca vaca esmaltado | SAIGA\",\"isPartOf\":{\"@id\":\"https:\\\/\\\/saiga.es\\\/es\\\/#website\"},\"primaryImageOfPage\":{\"@id\":\"https:\\\/\\\/saiga.es\\\/es\\\/producto\\\/bebedero-palanca-vaca-esmaltado\\\/#primaryimage\"},\"image\":{\"@id\":\"https:\\\/\\\/saiga.es\\\/es\\\/producto\\\/bebedero-palanca-vaca-esmaltado\\\/#primaryimage\"},\"thumbnailUrl\":\"https:\\\/\\\/saiga.es\\\/wp-content\\\/uploads\\\/2024\\\/02\\\/Abeurador-palanca-vaca-esmaltat.jpg\",\"datePublished\":\"2024-02-13T08:47:08+00:00\",\"dateModified\":\"2025-10-27T07:53:39+00:00\",\"description\":\"Bebedero palanca vaca esmaltado. Bebedero de Hierro Esmaltado. Toma de agua superior e inferior. Sujeci\u00f3n 4 tornillosDimensiones: 270 x 220 x 100 mm.\",\"breadcrumb\":{\"@id\":\"https:\\\/\\\/saiga.es\\\/es\\\/producto\\\/bebedero-palanca-vaca-esmaltado\\\/#breadcrumb\"},\"inLanguage\":\"es\",\"potentialAction\":[{\"@type\":\"ReadAction\",\"target\":[\"https:\\\/\\\/saiga.es\\\/es\\\/producto\\\/bebedero-palanca-vaca-esmaltado\\\/\"]}]},{\"@type\":\"ImageObject\",\"inLanguage\":\"es\",\"@id\":\"https:\\\/\\\/saiga.es\\\/es\\\/producto\\\/bebedero-palanca-vaca-esmaltado\\\/#primaryimage\",\"url\":\"https:\\\/\\\/saiga.es\\\/wp-content\\\/uploads\\\/2024\\\/02\\\/Abeurador-palanca-vaca-esmaltat.jpg\",\"contentUrl\":\"https:\\\/\\\/saiga.es\\\/wp-content\\\/uploads\\\/2024\\\/02\\\/Abeurador-palanca-vaca-esmaltat.jpg\",\"width\":1080,\"height\":1080,\"caption\":\"Bebedero palanca vaca esmaltado\"},{\"@type\":\"BreadcrumbList\",\"@id\":\"https:\\\/\\\/saiga.es\\\/es\\\/producto\\\/bebedero-palanca-vaca-esmaltado\\\/#breadcrumb\",\"itemListElement\":[{\"@type\":\"ListItem\",\"position\":1,\"name\":\"Inici\",\"item\":\"https:\\\/\\\/saiga.es\\\/es\\\/\"},{\"@type\":\"ListItem\",\"position\":2,\"name\":\"Tienda\",\"item\":\"https:\\\/\\\/saiga.es\\\/es\\\/tienda\\\/\"},{\"@type\":\"ListItem\",\"position\":3,\"name\":\"Bebedero palanca vaca esmaltado\"}]},{\"@type\":\"WebSite\",\"@id\":\"https:\\\/\\\/saiga.es\\\/es\\\/#website\",\"url\":\"https:\\\/\\\/saiga.es\\\/es\\\/\",\"name\":\"SAIGA\",\"description\":\"M\u00e9s de 50 anys al servei de la terra i treballant per a un \u00fas eficient de l\u2019aigua!\",\"publisher\":{\"@id\":\"https:\\\/\\\/saiga.es\\\/es\\\/#organization\"},\"potentialAction\":[{\"@type\":\"SearchAction\",\"target\":{\"@type\":\"EntryPoint\",\"urlTemplate\":\"https:\\\/\\\/saiga.es\\\/es\\\/?s={search_term_string}\"},\"query-input\":{\"@type\":\"PropertyValueSpecification\",\"valueRequired\":true,\"valueName\":\"search_term_string\"}}],\"inLanguage\":\"es\"},{\"@type\":\"Organization\",\"@id\":\"https:\\\/\\\/saiga.es\\\/es\\\/#organization\",\"name\":\"SAIGA\",\"url\":\"https:\\\/\\\/saiga.es\\\/es\\\/\",\"logo\":{\"@type\":\"ImageObject\",\"inLanguage\":\"es\",\"@id\":\"https:\\\/\\\/saiga.es\\\/es\\\/#\\\/schema\\\/logo\\\/image\\\/\",\"url\":\"https:\\\/\\\/saiga.es\\\/wp-content\\\/uploads\\\/2025\\\/07\\\/logo_saiga_baseline_optimitzat.svg\",\"contentUrl\":\"https:\\\/\\\/saiga.es\\\/wp-content\\\/uploads\\\/2025\\\/07\\\/logo_saiga_baseline_optimitzat.svg\",\"caption\":\"SAIGA\"},\"image\":{\"@id\":\"https:\\\/\\\/saiga.es\\\/es\\\/#\\\/schema\\\/logo\\\/image\\\/\"},\"sameAs\":[\"https:\\\/\\\/x.com\\\/saiga_agro\",\"https:\\\/\\\/www.instagram.com\\\/saiga_agro\\\/\"]}]}<\/script>\n<!-- \/ Yoast SEO plugin. -->","yoast_head_json":{"title":"Bebedero palanca vaca esmaltado | SAIGA","description":"Bebedero palanca vaca esmaltado. Bebedero de Hierro Esmaltado. Toma de agua superior e inferior. Sujeci\u00f3n 4 tornillosDimensiones: 270 x 220 x 100 mm.","robots":{"index":"index","follow":"follow","max-snippet":"max-snippet:-1","max-image-preview":"max-image-preview:large","max-video-preview":"max-video-preview:-1"},"canonical":"https:\/\/saiga.es\/es\/producto\/bebedero-palanca-vaca-esmaltado\/","og_locale":"es_ES","og_type":"article","og_title":"Bebedero palanca vaca esmaltado | SAIGA","og_description":"Bebedero palanca vaca esmaltado. Bebedero de Hierro Esmaltado. Toma de agua superior e inferior. Sujeci\u00f3n 4 tornillosDimensiones: 270 x 220 x 100 mm.","og_url":"https:\/\/saiga.es\/es\/producto\/bebedero-palanca-vaca-esmaltado\/","og_site_name":"SAIGA","article_modified_time":"2025-10-27T07:53:39+00:00","og_image":[{"width":1080,"height":1080,"url":"https:\/\/saiga.es\/wp-content\/uploads\/2024\/02\/Abeurador-palanca-vaca-esmaltat.jpg","type":"image\/jpeg"}],"twitter_card":"summary_large_image","twitter_site":"@saiga_agro","twitter_misc":{"Tiempo de lectura":"1 minuto"},"schema":{"@context":"https:\/\/schema.org","@graph":[{"@type":"WebPage","@id":"https:\/\/saiga.es\/es\/producto\/bebedero-palanca-vaca-esmaltado\/","url":"https:\/\/saiga.es\/es\/producto\/bebedero-palanca-vaca-esmaltado\/","name":"Bebedero palanca vaca esmaltado | SAIGA","isPartOf":{"@id":"https:\/\/saiga.es\/es\/#website"},"primaryImageOfPage":{"@id":"https:\/\/saiga.es\/es\/producto\/bebedero-palanca-vaca-esmaltado\/#primaryimage"},"image":{"@id":"https:\/\/saiga.es\/es\/producto\/bebedero-palanca-vaca-esmaltado\/#primaryimage"},"thumbnailUrl":"https:\/\/saiga.es\/wp-content\/uploads\/2024\/02\/Abeurador-palanca-vaca-esmaltat.jpg","datePublished":"2024-02-13T08:47:08+00:00","dateModified":"2025-10-27T07:53:39+00:00","description":"Bebedero palanca vaca esmaltado. Bebedero de Hierro Esmaltado. Toma de agua superior e inferior. Sujeci\u00f3n 4 tornillosDimensiones: 270 x 220 x 100 mm.","breadcrumb":{"@id":"https:\/\/saiga.es\/es\/producto\/bebedero-palanca-vaca-esmaltado\/#breadcrumb"},"inLanguage":"es","potentialAction":[{"@type":"ReadAction","target":["https:\/\/saiga.es\/es\/producto\/bebedero-palanca-vaca-esmaltado\/"]}]},{"@type":"ImageObject","inLanguage":"es","@id":"https:\/\/saiga.es\/es\/producto\/bebedero-palanca-vaca-esmaltado\/#primaryimage","url":"https:\/\/saiga.es\/wp-content\/uploads\/2024\/02\/Abeurador-palanca-vaca-esmaltat.jpg","contentUrl":"https:\/\/saiga.es\/wp-content\/uploads\/2024\/02\/Abeurador-palanca-vaca-esmaltat.jpg","width":1080,"height":1080,"caption":"Bebedero palanca vaca esmaltado"},{"@type":"BreadcrumbList","@id":"https:\/\/saiga.es\/es\/producto\/bebedero-palanca-vaca-esmaltado\/#breadcrumb","itemListElement":[{"@type":"ListItem","position":1,"name":"Inici","item":"https:\/\/saiga.es\/es\/"},{"@type":"ListItem","position":2,"name":"Tienda","item":"https:\/\/saiga.es\/es\/tienda\/"},{"@type":"ListItem","position":3,"name":"Bebedero palanca vaca esmaltado"}]},{"@type":"WebSite","@id":"https:\/\/saiga.es\/es\/#website","url":"https:\/\/saiga.es\/es\/","name":"SAIGA","description":"M\u00e9s de 50 anys al servei de la terra i treballant per a un \u00fas eficient de l\u2019aigua!","publisher":{"@id":"https:\/\/saiga.es\/es\/#organization"},"potentialAction":[{"@type":"SearchAction","target":{"@type":"EntryPoint","urlTemplate":"https:\/\/saiga.es\/es\/?s={search_term_string}"},"query-input":{"@type":"PropertyValueSpecification","valueRequired":true,"valueName":"search_term_string"}}],"inLanguage":"es"},{"@type":"Organization","@id":"https:\/\/saiga.es\/es\/#organization","name":"SAIGA","url":"https:\/\/saiga.es\/es\/","logo":{"@type":"ImageObject","inLanguage":"es","@id":"https:\/\/saiga.es\/es\/#\/schema\/logo\/image\/","url":"https:\/\/saiga.es\/wp-content\/uploads\/2025\/07\/logo_saiga_baseline_optimitzat.svg","contentUrl":"https:\/\/saiga.es\/wp-content\/uploads\/2025\/07\/logo_saiga_baseline_optimitzat.svg","caption":"SAIGA"},"image":{"@id":"https:\/\/saiga.es\/es\/#\/schema\/logo\/image\/"},"sameAs":["https:\/\/x.com\/saiga_agro","https:\/\/www.instagram.com\/saiga_agro\/"]}]}},"_links":{"self":[{"href":"https:\/\/saiga.es\/es\/wp-json\/wp\/v2\/product\/7258","targetHints":{"allow":["GET"]}}],"collection":[{"href":"https:\/\/saiga.es\/es\/wp-json\/wp\/v2\/product"}],"about":[{"href":"https:\/\/saiga.es\/es\/wp-json\/wp\/v2\/types\/product"}],"replies":[{"embeddable":true,"href":"https:\/\/saiga.es\/es\/wp-json\/wp\/v2\/comments?post=7258"}],"wp:featuredmedia":[{"embeddable":true,"href":"https:\/\/saiga.es\/es\/wp-json\/wp\/v2\/media\/11881"}],"wp:attachment":[{"href":"https:\/\/saiga.es\/es\/wp-json\/wp\/v2\/media?parent=7258"}],"wp:term":[{"taxonomy":"product_brand","embeddable":true,"href":"https:\/\/saiga.es\/es\/wp-json\/wp\/v2\/product_brand?post=7258"},{"taxonomy":"product_cat","embeddable":true,"href":"https:\/\/saiga.es\/es\/wp-json\/wp\/v2\/product_cat?post=7258"},{"taxonomy":"product_tag","embeddable":true,"href":"https:\/\/saiga.es\/es\/wp-json\/wp\/v2\/product_tag?post=7258"}],"curies":[{"name":"wp","href":"https:\/\/api.w.org\/{rel}","templated":true}]}}