{"id":7299,"date":"2024-02-14T09:15:30","date_gmt":"2024-02-14T09:15:30","guid":{"rendered":"https:\/\/botiga.saiga.es\/producte\/sustrato-fertiberia-70-l\/"},"modified":"2024-02-14T09:15:30","modified_gmt":"2024-02-14T09:15:30","slug":"sustrato-fertiberia-70-l","status":"publish","type":"product","link":"https:\/\/saiga.es\/es\/producto\/sustrato-fertiberia-70-l\/","title":{"rendered":"Sustrato Fertiberia 70 L"},"content":{"rendered":"<p>Sustrato Fertiberia 70 L. Saco de sustrato profesional adecuado para todo tipo de plantas ornamentales y hort\u00edcolas, tanto en el interior como en el exterior. Presenta una estructura f\u00edsica equilibrada entre ventilaci\u00f3n y retenci\u00f3n de agua. El ph est\u00e1 adaptado a los requerimientos de las plantas para una correcta absorci\u00f3n y aprovechamiento de los nutrientes.<\/p>\n<p>Incorpora abono NPK que aporta los nutrientes que las plantas necesitan durante las primeras semanas, despu\u00e9s es aconsejable realizar aportaciones extra de abono.<\/p>\n","protected":false},"excerpt":{"rendered":"<p>Sustrato Fertiberia 70 L. Saco de sustrato profesional adecuado para todo tipo de plantas ornamentales y hort\u00edcolas, tanto en el interior como en el exterior. Presenta una estructura f\u00edsica equilibrada entre ventilaci\u00f3n y retenci\u00f3n de agua. El ph est\u00e1 adaptado a los requerimientos de las plantas para una correcta absorci\u00f3n y aprovechamiento de los nutrientes.<\/p>\n","protected":false},"featured_media":7297,"comment_status":"open","ping_status":"closed","template":"","meta":[],"product_brand":[],"product_cat":[195],"product_tag":[733,727,732,724],"class_list":{"0":"post-7299","1":"product","2":"type-product","3":"status-publish","4":"has-post-thumbnail","6":"product_cat-tierras-vegetales","7":"product_tag-fertiberia-es","8":"product_tag-sustrato","9":"product_tag-tierra","10":"product_tag-tierras-vegetales","12":"first","13":"instock","14":"taxable","15":"shipping-taxable","16":"purchasable","17":"product-type-simple"},"yoast_head":"<!-- This site is optimized with the Yoast SEO plugin v27.4 - https:\/\/yoast.com\/product\/yoast-seo-wordpress\/ -->\n<title>Sustrato Fertiberia 70 L | SAIGA<\/title>\n<meta name=\"description\" content=\"Sustrato Fertiberia 70 L. Saco de sustrato profesional adecuado para todo tipo de plantas ornamentales y hort\u00edcolas, tanto en el interior como en el exterior. Presenta una estructura f\u00edsica equilibrada entre ventilaci\u00f3n y retenci\u00f3n de agua. El ph est\u00e1 adaptado a los requerimientos de las plantas para una correcta absorci\u00f3n y aprovechamiento de los nutrientes.\" \/>\n<meta name=\"robots\" content=\"index, follow, max-snippet:-1, max-image-preview:large, max-video-preview:-1\" \/>\n<link rel=\"canonical\" href=\"https:\/\/saiga.es\/es\/producto\/sustrato-fertiberia-70-l\/\" \/>\n<meta property=\"og:locale\" content=\"es_ES\" \/>\n<meta property=\"og:type\" content=\"article\" \/>\n<meta property=\"og:title\" content=\"Sustrato Fertiberia 70 L | SAIGA\" \/>\n<meta property=\"og:description\" content=\"Sustrato Fertiberia 70 L. Saco de sustrato profesional adecuado para todo tipo de plantas ornamentales y hort\u00edcolas, tanto en el interior como en el exterior. Presenta una estructura f\u00edsica equilibrada entre ventilaci\u00f3n y retenci\u00f3n de agua. El ph est\u00e1 adaptado a los requerimientos de las plantas para una correcta absorci\u00f3n y aprovechamiento de los nutrientes.\" \/>\n<meta property=\"og:url\" content=\"https:\/\/saiga.es\/es\/producto\/sustrato-fertiberia-70-l\/\" \/>\n<meta property=\"og:site_name\" content=\"SAIGA\" \/>\n<meta property=\"og:image\" content=\"https:\/\/saiga.es\/wp-content\/uploads\/2024\/02\/Fertiberia-2.jpg\" \/>\n\t<meta property=\"og:image:width\" content=\"1000\" \/>\n\t<meta property=\"og:image:height\" content=\"1000\" \/>\n\t<meta property=\"og:image:type\" content=\"image\/jpeg\" \/>\n<meta name=\"twitter:card\" content=\"summary_large_image\" \/>\n<meta name=\"twitter:site\" content=\"@saiga_agro\" \/>\n<script type=\"application\/ld+json\" class=\"yoast-schema-graph\">{\"@context\":\"https:\\\/\\\/schema.org\",\"@graph\":[{\"@type\":\"WebPage\",\"@id\":\"https:\\\/\\\/saiga.es\\\/es\\\/producto\\\/sustrato-fertiberia-70-l\\\/\",\"url\":\"https:\\\/\\\/saiga.es\\\/es\\\/producto\\\/sustrato-fertiberia-70-l\\\/\",\"name\":\"Sustrato Fertiberia 70 L | SAIGA\",\"isPartOf\":{\"@id\":\"https:\\\/\\\/saiga.es\\\/es\\\/#website\"},\"primaryImageOfPage\":{\"@id\":\"https:\\\/\\\/saiga.es\\\/es\\\/producto\\\/sustrato-fertiberia-70-l\\\/#primaryimage\"},\"image\":{\"@id\":\"https:\\\/\\\/saiga.es\\\/es\\\/producto\\\/sustrato-fertiberia-70-l\\\/#primaryimage\"},\"thumbnailUrl\":\"https:\\\/\\\/saiga.es\\\/wp-content\\\/uploads\\\/2024\\\/02\\\/Fertiberia-2.jpg\",\"datePublished\":\"2024-02-14T09:15:30+00:00\",\"description\":\"Sustrato Fertiberia 70 L. Saco de sustrato profesional adecuado para todo tipo de plantas ornamentales y hort\u00edcolas, tanto en el interior como en el exterior. Presenta una estructura f\u00edsica equilibrada entre ventilaci\u00f3n y retenci\u00f3n de agua. El ph est\u00e1 adaptado a los requerimientos de las plantas para una correcta absorci\u00f3n y aprovechamiento de los nutrientes.\",\"breadcrumb\":{\"@id\":\"https:\\\/\\\/saiga.es\\\/es\\\/producto\\\/sustrato-fertiberia-70-l\\\/#breadcrumb\"},\"inLanguage\":\"es\",\"potentialAction\":[{\"@type\":\"ReadAction\",\"target\":[\"https:\\\/\\\/saiga.es\\\/es\\\/producto\\\/sustrato-fertiberia-70-l\\\/\"]}]},{\"@type\":\"ImageObject\",\"inLanguage\":\"es\",\"@id\":\"https:\\\/\\\/saiga.es\\\/es\\\/producto\\\/sustrato-fertiberia-70-l\\\/#primaryimage\",\"url\":\"https:\\\/\\\/saiga.es\\\/wp-content\\\/uploads\\\/2024\\\/02\\\/Fertiberia-2.jpg\",\"contentUrl\":\"https:\\\/\\\/saiga.es\\\/wp-content\\\/uploads\\\/2024\\\/02\\\/Fertiberia-2.jpg\",\"width\":1000,\"height\":1000,\"caption\":\"Sustrato Fertiberia\"},{\"@type\":\"BreadcrumbList\",\"@id\":\"https:\\\/\\\/saiga.es\\\/es\\\/producto\\\/sustrato-fertiberia-70-l\\\/#breadcrumb\",\"itemListElement\":[{\"@type\":\"ListItem\",\"position\":1,\"name\":\"Inici\",\"item\":\"https:\\\/\\\/saiga.es\\\/es\\\/\"},{\"@type\":\"ListItem\",\"position\":2,\"name\":\"Tienda\",\"item\":\"https:\\\/\\\/saiga.es\\\/es\\\/tienda\\\/\"},{\"@type\":\"ListItem\",\"position\":3,\"name\":\"Sustrato Fertiberia 70 L\"}]},{\"@type\":\"WebSite\",\"@id\":\"https:\\\/\\\/saiga.es\\\/es\\\/#website\",\"url\":\"https:\\\/\\\/saiga.es\\\/es\\\/\",\"name\":\"SAIGA\",\"description\":\"M\u00e9s de 50 anys al servei de la terra i treballant per a un \u00fas eficient de l\u2019aigua!\",\"publisher\":{\"@id\":\"https:\\\/\\\/saiga.es\\\/es\\\/#organization\"},\"potentialAction\":[{\"@type\":\"SearchAction\",\"target\":{\"@type\":\"EntryPoint\",\"urlTemplate\":\"https:\\\/\\\/saiga.es\\\/es\\\/?s={search_term_string}\"},\"query-input\":{\"@type\":\"PropertyValueSpecification\",\"valueRequired\":true,\"valueName\":\"search_term_string\"}}],\"inLanguage\":\"es\"},{\"@type\":\"Organization\",\"@id\":\"https:\\\/\\\/saiga.es\\\/es\\\/#organization\",\"name\":\"SAIGA\",\"url\":\"https:\\\/\\\/saiga.es\\\/es\\\/\",\"logo\":{\"@type\":\"ImageObject\",\"inLanguage\":\"es\",\"@id\":\"https:\\\/\\\/saiga.es\\\/es\\\/#\\\/schema\\\/logo\\\/image\\\/\",\"url\":\"https:\\\/\\\/saiga.es\\\/wp-content\\\/uploads\\\/2025\\\/07\\\/logo_saiga_baseline_optimitzat.svg\",\"contentUrl\":\"https:\\\/\\\/saiga.es\\\/wp-content\\\/uploads\\\/2025\\\/07\\\/logo_saiga_baseline_optimitzat.svg\",\"caption\":\"SAIGA\"},\"image\":{\"@id\":\"https:\\\/\\\/saiga.es\\\/es\\\/#\\\/schema\\\/logo\\\/image\\\/\"},\"sameAs\":[\"https:\\\/\\\/x.com\\\/saiga_agro\",\"https:\\\/\\\/www.instagram.com\\\/saiga_agro\\\/\"]}]}<\/script>\n<!-- \/ Yoast SEO plugin. -->","yoast_head_json":{"title":"Sustrato Fertiberia 70 L | SAIGA","description":"Sustrato Fertiberia 70 L. Saco de sustrato profesional adecuado para todo tipo de plantas ornamentales y hort\u00edcolas, tanto en el interior como en el exterior. Presenta una estructura f\u00edsica equilibrada entre ventilaci\u00f3n y retenci\u00f3n de agua. El ph est\u00e1 adaptado a los requerimientos de las plantas para una correcta absorci\u00f3n y aprovechamiento de los nutrientes.","robots":{"index":"index","follow":"follow","max-snippet":"max-snippet:-1","max-image-preview":"max-image-preview:large","max-video-preview":"max-video-preview:-1"},"canonical":"https:\/\/saiga.es\/es\/producto\/sustrato-fertiberia-70-l\/","og_locale":"es_ES","og_type":"article","og_title":"Sustrato Fertiberia 70 L | SAIGA","og_description":"Sustrato Fertiberia 70 L. Saco de sustrato profesional adecuado para todo tipo de plantas ornamentales y hort\u00edcolas, tanto en el interior como en el exterior. Presenta una estructura f\u00edsica equilibrada entre ventilaci\u00f3n y retenci\u00f3n de agua. El ph est\u00e1 adaptado a los requerimientos de las plantas para una correcta absorci\u00f3n y aprovechamiento de los nutrientes.","og_url":"https:\/\/saiga.es\/es\/producto\/sustrato-fertiberia-70-l\/","og_site_name":"SAIGA","og_image":[{"width":1000,"height":1000,"url":"https:\/\/saiga.es\/wp-content\/uploads\/2024\/02\/Fertiberia-2.jpg","type":"image\/jpeg"}],"twitter_card":"summary_large_image","twitter_site":"@saiga_agro","schema":{"@context":"https:\/\/schema.org","@graph":[{"@type":"WebPage","@id":"https:\/\/saiga.es\/es\/producto\/sustrato-fertiberia-70-l\/","url":"https:\/\/saiga.es\/es\/producto\/sustrato-fertiberia-70-l\/","name":"Sustrato Fertiberia 70 L | SAIGA","isPartOf":{"@id":"https:\/\/saiga.es\/es\/#website"},"primaryImageOfPage":{"@id":"https:\/\/saiga.es\/es\/producto\/sustrato-fertiberia-70-l\/#primaryimage"},"image":{"@id":"https:\/\/saiga.es\/es\/producto\/sustrato-fertiberia-70-l\/#primaryimage"},"thumbnailUrl":"https:\/\/saiga.es\/wp-content\/uploads\/2024\/02\/Fertiberia-2.jpg","datePublished":"2024-02-14T09:15:30+00:00","description":"Sustrato Fertiberia 70 L. Saco de sustrato profesional adecuado para todo tipo de plantas ornamentales y hort\u00edcolas, tanto en el interior como en el exterior. Presenta una estructura f\u00edsica equilibrada entre ventilaci\u00f3n y retenci\u00f3n de agua. El ph est\u00e1 adaptado a los requerimientos de las plantas para una correcta absorci\u00f3n y aprovechamiento de los nutrientes.","breadcrumb":{"@id":"https:\/\/saiga.es\/es\/producto\/sustrato-fertiberia-70-l\/#breadcrumb"},"inLanguage":"es","potentialAction":[{"@type":"ReadAction","target":["https:\/\/saiga.es\/es\/producto\/sustrato-fertiberia-70-l\/"]}]},{"@type":"ImageObject","inLanguage":"es","@id":"https:\/\/saiga.es\/es\/producto\/sustrato-fertiberia-70-l\/#primaryimage","url":"https:\/\/saiga.es\/wp-content\/uploads\/2024\/02\/Fertiberia-2.jpg","contentUrl":"https:\/\/saiga.es\/wp-content\/uploads\/2024\/02\/Fertiberia-2.jpg","width":1000,"height":1000,"caption":"Sustrato Fertiberia"},{"@type":"BreadcrumbList","@id":"https:\/\/saiga.es\/es\/producto\/sustrato-fertiberia-70-l\/#breadcrumb","itemListElement":[{"@type":"ListItem","position":1,"name":"Inici","item":"https:\/\/saiga.es\/es\/"},{"@type":"ListItem","position":2,"name":"Tienda","item":"https:\/\/saiga.es\/es\/tienda\/"},{"@type":"ListItem","position":3,"name":"Sustrato Fertiberia 70 L"}]},{"@type":"WebSite","@id":"https:\/\/saiga.es\/es\/#website","url":"https:\/\/saiga.es\/es\/","name":"SAIGA","description":"M\u00e9s de 50 anys al servei de la terra i treballant per a un \u00fas eficient de l\u2019aigua!","publisher":{"@id":"https:\/\/saiga.es\/es\/#organization"},"potentialAction":[{"@type":"SearchAction","target":{"@type":"EntryPoint","urlTemplate":"https:\/\/saiga.es\/es\/?s={search_term_string}"},"query-input":{"@type":"PropertyValueSpecification","valueRequired":true,"valueName":"search_term_string"}}],"inLanguage":"es"},{"@type":"Organization","@id":"https:\/\/saiga.es\/es\/#organization","name":"SAIGA","url":"https:\/\/saiga.es\/es\/","logo":{"@type":"ImageObject","inLanguage":"es","@id":"https:\/\/saiga.es\/es\/#\/schema\/logo\/image\/","url":"https:\/\/saiga.es\/wp-content\/uploads\/2025\/07\/logo_saiga_baseline_optimitzat.svg","contentUrl":"https:\/\/saiga.es\/wp-content\/uploads\/2025\/07\/logo_saiga_baseline_optimitzat.svg","caption":"SAIGA"},"image":{"@id":"https:\/\/saiga.es\/es\/#\/schema\/logo\/image\/"},"sameAs":["https:\/\/x.com\/saiga_agro","https:\/\/www.instagram.com\/saiga_agro\/"]}]}},"_links":{"self":[{"href":"https:\/\/saiga.es\/es\/wp-json\/wp\/v2\/product\/7299","targetHints":{"allow":["GET"]}}],"collection":[{"href":"https:\/\/saiga.es\/es\/wp-json\/wp\/v2\/product"}],"about":[{"href":"https:\/\/saiga.es\/es\/wp-json\/wp\/v2\/types\/product"}],"replies":[{"embeddable":true,"href":"https:\/\/saiga.es\/es\/wp-json\/wp\/v2\/comments?post=7299"}],"wp:featuredmedia":[{"embeddable":true,"href":"https:\/\/saiga.es\/es\/wp-json\/wp\/v2\/media\/7297"}],"wp:attachment":[{"href":"https:\/\/saiga.es\/es\/wp-json\/wp\/v2\/media?parent=7299"}],"wp:term":[{"taxonomy":"product_brand","embeddable":true,"href":"https:\/\/saiga.es\/es\/wp-json\/wp\/v2\/product_brand?post=7299"},{"taxonomy":"product_cat","embeddable":true,"href":"https:\/\/saiga.es\/es\/wp-json\/wp\/v2\/product_cat?post=7299"},{"taxonomy":"product_tag","embeddable":true,"href":"https:\/\/saiga.es\/es\/wp-json\/wp\/v2\/product_tag?post=7299"}],"curies":[{"name":"wp","href":"https:\/\/api.w.org\/{rel}","templated":true}]}}