{"id":7321,"date":"2024-02-09T09:30:03","date_gmt":"2024-02-09T09:30:03","guid":{"rendered":"https:\/\/botiga.saiga.es\/producte\/killer-trap-trampa-avispas\/"},"modified":"2025-10-27T07:53:37","modified_gmt":"2025-10-27T07:53:37","slug":"killer-trap-trampa-avispas","status":"publish","type":"product","link":"https:\/\/saiga.es\/es\/producto\/killer-trap-trampa-avispas\/","title":{"rendered":"Killer trap trampa avispas"},"content":{"rendered":"<p>Killer trap trampa avispas<\/p>\n<p>Recipiente para atrayentes para la captura de insectos voladores, el cebo proporciona una manera eficiente y r\u00e1pida de eliminar avispas. El cebo se coloca dentro de la trampa y se mezcla con agua para inducir el ahogamiento y la muerte de los insectos. Su aplicaci\u00f3n es sencilla: rellene la trampa hasta la l\u00ednea de agua, derrama el contenido del se\u00f1uelo en el interior y revuelve hasta obtener una mezcla homog\u00e9nea. En dos semanas, la trampa estar\u00e1 completa con avispas. Coloque la trampa y el cebo cerca del \u00e1rea deseada, colgada de un \u00e1rbol o de un palo. Para limpiar la trampa, vac\u00ede su contenido, l\u00edmpiela y estar\u00e1 preparada para un nuevo uso.<\/p>\n","protected":false},"excerpt":{"rendered":"<p>Killer trap trampa avispas<\/p>\n<p>Recipiente para atrayentes para la captura de insectos voladores, el cebo proporciona una manera eficiente y r\u00e1pida de eliminar avispas. El cebo se coloca dentro de la trampa y se mezcla con agua para inducir el ahogamiento y la muerte de los insectos. Su aplicaci\u00f3n es sencilla: rellene la trampa hasta la l\u00ednea de agua, derrama el contenido del se\u00f1uelo en el interior y revuelve hasta obtener una mezcla homog\u00e9nea. En dos semanas, la trampa estar\u00e1 completa con avispas. Coloque la trampa y el cebo cerca del \u00e1rea deseada, colgada de un \u00e1rbol o de un palo. Para limpiar la trampa, vac\u00ede su contenido, l\u00edmpiela y estar\u00e1 preparada para un nuevo uso.<\/p>\n","protected":false},"featured_media":11932,"comment_status":"open","ping_status":"closed","template":"","meta":[],"product_brand":[],"product_cat":[157],"product_tag":[],"class_list":{"0":"post-7321","1":"product","2":"type-product","3":"status-publish","4":"has-post-thumbnail","6":"product_cat-biocidas","8":"first","9":"instock","10":"taxable","11":"shipping-taxable","12":"purchasable","13":"product-type-simple"},"yoast_head":"<!-- This site is optimized with the Yoast SEO plugin v27.4 - https:\/\/yoast.com\/product\/yoast-seo-wordpress\/ -->\n<title>Killer trap trampa avispas | SAIGA<\/title>\n<meta name=\"description\" content=\"Killer trap trampa avispas, recipiente para atrayentes para la captura de insectos voladores, el cebo proporciona una manera eficiente de eliminar avispas.\" \/>\n<meta name=\"robots\" content=\"index, follow, max-snippet:-1, max-image-preview:large, max-video-preview:-1\" \/>\n<link rel=\"canonical\" href=\"https:\/\/saiga.es\/es\/producto\/killer-trap-trampa-avispas\/\" \/>\n<meta property=\"og:locale\" content=\"es_ES\" \/>\n<meta property=\"og:type\" content=\"article\" \/>\n<meta property=\"og:title\" content=\"Killer trap trampa avispas | SAIGA\" \/>\n<meta property=\"og:description\" content=\"Killer trap trampa avispas, recipiente para atrayentes para la captura de insectos voladores, el cebo proporciona una manera eficiente de eliminar avispas.\" \/>\n<meta property=\"og:url\" content=\"https:\/\/saiga.es\/es\/producto\/killer-trap-trampa-avispas\/\" \/>\n<meta property=\"og:site_name\" content=\"SAIGA\" \/>\n<meta property=\"article:modified_time\" content=\"2025-10-27T07:53:37+00:00\" \/>\n<meta property=\"og:image\" content=\"https:\/\/saiga.es\/wp-content\/uploads\/2024\/02\/Killer-trampa-de-vespes.jpg\" \/>\n\t<meta property=\"og:image:width\" content=\"1080\" \/>\n\t<meta property=\"og:image:height\" content=\"1080\" \/>\n\t<meta property=\"og:image:type\" content=\"image\/jpeg\" \/>\n<meta name=\"twitter:card\" content=\"summary_large_image\" \/>\n<meta name=\"twitter:site\" content=\"@saiga_agro\" \/>\n<meta name=\"twitter:label1\" content=\"Tiempo de lectura\" \/>\n\t<meta name=\"twitter:data1\" content=\"1 minuto\" \/>\n<script type=\"application\/ld+json\" class=\"yoast-schema-graph\">{\"@context\":\"https:\\\/\\\/schema.org\",\"@graph\":[{\"@type\":\"WebPage\",\"@id\":\"https:\\\/\\\/saiga.es\\\/es\\\/producto\\\/killer-trap-trampa-avispas\\\/\",\"url\":\"https:\\\/\\\/saiga.es\\\/es\\\/producto\\\/killer-trap-trampa-avispas\\\/\",\"name\":\"Killer trap trampa avispas | SAIGA\",\"isPartOf\":{\"@id\":\"https:\\\/\\\/saiga.es\\\/es\\\/#website\"},\"primaryImageOfPage\":{\"@id\":\"https:\\\/\\\/saiga.es\\\/es\\\/producto\\\/killer-trap-trampa-avispas\\\/#primaryimage\"},\"image\":{\"@id\":\"https:\\\/\\\/saiga.es\\\/es\\\/producto\\\/killer-trap-trampa-avispas\\\/#primaryimage\"},\"thumbnailUrl\":\"https:\\\/\\\/saiga.es\\\/wp-content\\\/uploads\\\/2024\\\/02\\\/Killer-trampa-de-vespes.jpg\",\"datePublished\":\"2024-02-09T09:30:03+00:00\",\"dateModified\":\"2025-10-27T07:53:37+00:00\",\"description\":\"Killer trap trampa avispas, recipiente para atrayentes para la captura de insectos voladores, el cebo proporciona una manera eficiente de eliminar avispas.\",\"breadcrumb\":{\"@id\":\"https:\\\/\\\/saiga.es\\\/es\\\/producto\\\/killer-trap-trampa-avispas\\\/#breadcrumb\"},\"inLanguage\":\"es\",\"potentialAction\":[{\"@type\":\"ReadAction\",\"target\":[\"https:\\\/\\\/saiga.es\\\/es\\\/producto\\\/killer-trap-trampa-avispas\\\/\"]}]},{\"@type\":\"ImageObject\",\"inLanguage\":\"es\",\"@id\":\"https:\\\/\\\/saiga.es\\\/es\\\/producto\\\/killer-trap-trampa-avispas\\\/#primaryimage\",\"url\":\"https:\\\/\\\/saiga.es\\\/wp-content\\\/uploads\\\/2024\\\/02\\\/Killer-trampa-de-vespes.jpg\",\"contentUrl\":\"https:\\\/\\\/saiga.es\\\/wp-content\\\/uploads\\\/2024\\\/02\\\/Killer-trampa-de-vespes.jpg\",\"width\":1080,\"height\":1080,\"caption\":\"Trampa vespes\"},{\"@type\":\"BreadcrumbList\",\"@id\":\"https:\\\/\\\/saiga.es\\\/es\\\/producto\\\/killer-trap-trampa-avispas\\\/#breadcrumb\",\"itemListElement\":[{\"@type\":\"ListItem\",\"position\":1,\"name\":\"Inici\",\"item\":\"https:\\\/\\\/saiga.es\\\/es\\\/\"},{\"@type\":\"ListItem\",\"position\":2,\"name\":\"Tienda\",\"item\":\"https:\\\/\\\/saiga.es\\\/es\\\/tienda\\\/\"},{\"@type\":\"ListItem\",\"position\":3,\"name\":\"Killer trap trampa avispas\"}]},{\"@type\":\"WebSite\",\"@id\":\"https:\\\/\\\/saiga.es\\\/es\\\/#website\",\"url\":\"https:\\\/\\\/saiga.es\\\/es\\\/\",\"name\":\"SAIGA\",\"description\":\"M\u00e9s de 50 anys al servei de la terra i treballant per a un \u00fas eficient de l\u2019aigua!\",\"publisher\":{\"@id\":\"https:\\\/\\\/saiga.es\\\/es\\\/#organization\"},\"potentialAction\":[{\"@type\":\"SearchAction\",\"target\":{\"@type\":\"EntryPoint\",\"urlTemplate\":\"https:\\\/\\\/saiga.es\\\/es\\\/?s={search_term_string}\"},\"query-input\":{\"@type\":\"PropertyValueSpecification\",\"valueRequired\":true,\"valueName\":\"search_term_string\"}}],\"inLanguage\":\"es\"},{\"@type\":\"Organization\",\"@id\":\"https:\\\/\\\/saiga.es\\\/es\\\/#organization\",\"name\":\"SAIGA\",\"url\":\"https:\\\/\\\/saiga.es\\\/es\\\/\",\"logo\":{\"@type\":\"ImageObject\",\"inLanguage\":\"es\",\"@id\":\"https:\\\/\\\/saiga.es\\\/es\\\/#\\\/schema\\\/logo\\\/image\\\/\",\"url\":\"https:\\\/\\\/saiga.es\\\/wp-content\\\/uploads\\\/2025\\\/07\\\/logo_saiga_baseline_optimitzat.svg\",\"contentUrl\":\"https:\\\/\\\/saiga.es\\\/wp-content\\\/uploads\\\/2025\\\/07\\\/logo_saiga_baseline_optimitzat.svg\",\"caption\":\"SAIGA\"},\"image\":{\"@id\":\"https:\\\/\\\/saiga.es\\\/es\\\/#\\\/schema\\\/logo\\\/image\\\/\"},\"sameAs\":[\"https:\\\/\\\/x.com\\\/saiga_agro\",\"https:\\\/\\\/www.instagram.com\\\/saiga_agro\\\/\"]}]}<\/script>\n<!-- \/ Yoast SEO plugin. -->","yoast_head_json":{"title":"Killer trap trampa avispas | SAIGA","description":"Killer trap trampa avispas, recipiente para atrayentes para la captura de insectos voladores, el cebo proporciona una manera eficiente de eliminar avispas.","robots":{"index":"index","follow":"follow","max-snippet":"max-snippet:-1","max-image-preview":"max-image-preview:large","max-video-preview":"max-video-preview:-1"},"canonical":"https:\/\/saiga.es\/es\/producto\/killer-trap-trampa-avispas\/","og_locale":"es_ES","og_type":"article","og_title":"Killer trap trampa avispas | SAIGA","og_description":"Killer trap trampa avispas, recipiente para atrayentes para la captura de insectos voladores, el cebo proporciona una manera eficiente de eliminar avispas.","og_url":"https:\/\/saiga.es\/es\/producto\/killer-trap-trampa-avispas\/","og_site_name":"SAIGA","article_modified_time":"2025-10-27T07:53:37+00:00","og_image":[{"width":1080,"height":1080,"url":"https:\/\/saiga.es\/wp-content\/uploads\/2024\/02\/Killer-trampa-de-vespes.jpg","type":"image\/jpeg"}],"twitter_card":"summary_large_image","twitter_site":"@saiga_agro","twitter_misc":{"Tiempo de lectura":"1 minuto"},"schema":{"@context":"https:\/\/schema.org","@graph":[{"@type":"WebPage","@id":"https:\/\/saiga.es\/es\/producto\/killer-trap-trampa-avispas\/","url":"https:\/\/saiga.es\/es\/producto\/killer-trap-trampa-avispas\/","name":"Killer trap trampa avispas | SAIGA","isPartOf":{"@id":"https:\/\/saiga.es\/es\/#website"},"primaryImageOfPage":{"@id":"https:\/\/saiga.es\/es\/producto\/killer-trap-trampa-avispas\/#primaryimage"},"image":{"@id":"https:\/\/saiga.es\/es\/producto\/killer-trap-trampa-avispas\/#primaryimage"},"thumbnailUrl":"https:\/\/saiga.es\/wp-content\/uploads\/2024\/02\/Killer-trampa-de-vespes.jpg","datePublished":"2024-02-09T09:30:03+00:00","dateModified":"2025-10-27T07:53:37+00:00","description":"Killer trap trampa avispas, recipiente para atrayentes para la captura de insectos voladores, el cebo proporciona una manera eficiente de eliminar avispas.","breadcrumb":{"@id":"https:\/\/saiga.es\/es\/producto\/killer-trap-trampa-avispas\/#breadcrumb"},"inLanguage":"es","potentialAction":[{"@type":"ReadAction","target":["https:\/\/saiga.es\/es\/producto\/killer-trap-trampa-avispas\/"]}]},{"@type":"ImageObject","inLanguage":"es","@id":"https:\/\/saiga.es\/es\/producto\/killer-trap-trampa-avispas\/#primaryimage","url":"https:\/\/saiga.es\/wp-content\/uploads\/2024\/02\/Killer-trampa-de-vespes.jpg","contentUrl":"https:\/\/saiga.es\/wp-content\/uploads\/2024\/02\/Killer-trampa-de-vespes.jpg","width":1080,"height":1080,"caption":"Trampa vespes"},{"@type":"BreadcrumbList","@id":"https:\/\/saiga.es\/es\/producto\/killer-trap-trampa-avispas\/#breadcrumb","itemListElement":[{"@type":"ListItem","position":1,"name":"Inici","item":"https:\/\/saiga.es\/es\/"},{"@type":"ListItem","position":2,"name":"Tienda","item":"https:\/\/saiga.es\/es\/tienda\/"},{"@type":"ListItem","position":3,"name":"Killer trap trampa avispas"}]},{"@type":"WebSite","@id":"https:\/\/saiga.es\/es\/#website","url":"https:\/\/saiga.es\/es\/","name":"SAIGA","description":"M\u00e9s de 50 anys al servei de la terra i treballant per a un \u00fas eficient de l\u2019aigua!","publisher":{"@id":"https:\/\/saiga.es\/es\/#organization"},"potentialAction":[{"@type":"SearchAction","target":{"@type":"EntryPoint","urlTemplate":"https:\/\/saiga.es\/es\/?s={search_term_string}"},"query-input":{"@type":"PropertyValueSpecification","valueRequired":true,"valueName":"search_term_string"}}],"inLanguage":"es"},{"@type":"Organization","@id":"https:\/\/saiga.es\/es\/#organization","name":"SAIGA","url":"https:\/\/saiga.es\/es\/","logo":{"@type":"ImageObject","inLanguage":"es","@id":"https:\/\/saiga.es\/es\/#\/schema\/logo\/image\/","url":"https:\/\/saiga.es\/wp-content\/uploads\/2025\/07\/logo_saiga_baseline_optimitzat.svg","contentUrl":"https:\/\/saiga.es\/wp-content\/uploads\/2025\/07\/logo_saiga_baseline_optimitzat.svg","caption":"SAIGA"},"image":{"@id":"https:\/\/saiga.es\/es\/#\/schema\/logo\/image\/"},"sameAs":["https:\/\/x.com\/saiga_agro","https:\/\/www.instagram.com\/saiga_agro\/"]}]}},"_links":{"self":[{"href":"https:\/\/saiga.es\/es\/wp-json\/wp\/v2\/product\/7321","targetHints":{"allow":["GET"]}}],"collection":[{"href":"https:\/\/saiga.es\/es\/wp-json\/wp\/v2\/product"}],"about":[{"href":"https:\/\/saiga.es\/es\/wp-json\/wp\/v2\/types\/product"}],"replies":[{"embeddable":true,"href":"https:\/\/saiga.es\/es\/wp-json\/wp\/v2\/comments?post=7321"}],"wp:featuredmedia":[{"embeddable":true,"href":"https:\/\/saiga.es\/es\/wp-json\/wp\/v2\/media\/11932"}],"wp:attachment":[{"href":"https:\/\/saiga.es\/es\/wp-json\/wp\/v2\/media?parent=7321"}],"wp:term":[{"taxonomy":"product_brand","embeddable":true,"href":"https:\/\/saiga.es\/es\/wp-json\/wp\/v2\/product_brand?post=7321"},{"taxonomy":"product_cat","embeddable":true,"href":"https:\/\/saiga.es\/es\/wp-json\/wp\/v2\/product_cat?post=7321"},{"taxonomy":"product_tag","embeddable":true,"href":"https:\/\/saiga.es\/es\/wp-json\/wp\/v2\/product_tag?post=7321"}],"curies":[{"name":"wp","href":"https:\/\/api.w.org\/{rel}","templated":true}]}}