{"id":7325,"date":"2024-02-09T14:19:07","date_gmt":"2024-02-09T14:19:07","guid":{"rendered":"https:\/\/botiga.saiga.es\/producte\/killer-recambio-45gr-avispas\/"},"modified":"2024-02-09T14:19:07","modified_gmt":"2024-02-09T14:19:07","slug":"killer-recambio-45gr-avispas","status":"publish","type":"product","link":"https:\/\/saiga.es\/es\/producto\/killer-recambio-45gr-avispas\/","title":{"rendered":"Killer recambio 45gr. Avispas"},"content":{"rendered":"<p><span style=\"vertical-align: inherit;\"><span style=\"vertical-align: inherit;\">Killer repuesto 45gr. <\/span><span style=\"vertical-align: inherit;\">avispas<\/span><\/span><\/p>\n<p>Atrayentes para la captura de insectos voladores, el cebo proporciona una manera eficiente y r\u00e1pida de eliminar avispas. Este se\u00f1uelo se coloca dentro de la trampa y se mezcla con agua para inducir el ahogamiento y la muerte de los insectos. Con una f\u00f3rmula que no incluye ning\u00fan tipo de veneno, estos atrayentes es amable con el medio ambiente. Su aplicaci\u00f3n es sencilla: rellene la trampa hasta la l\u00ednea de agua, derrama el contenido del se\u00f1uelo en el interior y revuelve hasta obtener una mezcla homog\u00e9nea. En dos semanas, la trampa estar\u00e1 completa con avispas. Coloque la trampa y el cebo cerca del \u00e1rea deseada, colgada de un \u00e1rbol o de un palo. Para limpiar la trampa, vac\u00ede su contenido, l\u00edmpiela y estar\u00e1 preparada para un nuevo uso.<\/p>\n","protected":false},"excerpt":{"rendered":"<p><span style=\"vertical-align: inherit;\">Killer repuesto 45gr. avispas<\/span><\/p>\n<p>Atrayentes para la captura de insectos voladores, el cebo proporciona una manera eficiente y r\u00e1pida de eliminar avispas. Este se\u00f1uelo se coloca dentro de la trampa y se mezcla con agua para inducir el ahogamiento y la muerte de los insectos. Con una f\u00f3rmula que no incluye ning\u00fan tipo de veneno, estos atrayentes es amable con el medio ambiente. Su aplicaci\u00f3n es sencilla: rellene la trampa hasta la l\u00ednea de agua, derrama el contenido del se\u00f1uelo en el interior y revuelve hasta obtener una mezcla homog\u00e9nea. En dos semanas, la trampa estar\u00e1 completa con avispas. Coloque la trampa y el cebo cerca del \u00e1rea deseada, colgada de un \u00e1rbol o de un palo. Para limpiar la trampa, vac\u00ede su contenido, l\u00edmpiela y estar\u00e1 preparada para un nuevo uso.<\/p>\n","protected":false},"featured_media":7186,"comment_status":"open","ping_status":"closed","template":"","meta":[],"product_brand":[],"product_cat":[157],"product_tag":[],"class_list":{"0":"post-7325","1":"product","2":"type-product","3":"status-publish","4":"has-post-thumbnail","6":"product_cat-biocidas","8":"first","9":"instock","10":"sale","11":"taxable","12":"shipping-taxable","13":"purchasable","14":"product-type-simple"},"yoast_head":"<!-- This site is optimized with the Yoast SEO plugin v27.4 - https:\/\/yoast.com\/product\/yoast-seo-wordpress\/ -->\n<title>Killer recambio 45gr. Avispas | SAIGA<\/title>\n<meta name=\"description\" content=\"Killer repuesto 45gr. avispas. Attractifs pour attraper les insectes volants. Con una f\u00f3rmula que no incluye ning\u00fan tipo de veneno.\" \/>\n<meta name=\"robots\" content=\"index, follow, max-snippet:-1, max-image-preview:large, max-video-preview:-1\" \/>\n<link rel=\"canonical\" href=\"https:\/\/saiga.es\/es\/producto\/killer-recambio-45gr-avispas\/\" \/>\n<meta property=\"og:locale\" content=\"es_ES\" \/>\n<meta property=\"og:type\" content=\"article\" \/>\n<meta property=\"og:title\" content=\"Killer recambio 45gr. Avispas | SAIGA\" \/>\n<meta property=\"og:description\" content=\"Killer repuesto 45gr. avispas. Attractifs pour attraper les insectes volants. Con una f\u00f3rmula que no incluye ning\u00fan tipo de veneno.\" \/>\n<meta property=\"og:url\" content=\"https:\/\/saiga.es\/es\/producto\/killer-recambio-45gr-avispas\/\" \/>\n<meta property=\"og:site_name\" content=\"SAIGA\" \/>\n<meta property=\"og:image\" content=\"https:\/\/saiga.es\/wp-content\/uploads\/2024\/02\/31llNS12i8L._AC_-2.jpg\" \/>\n\t<meta property=\"og:image:width\" content=\"200\" \/>\n\t<meta property=\"og:image:height\" content=\"149\" \/>\n\t<meta property=\"og:image:type\" content=\"image\/jpeg\" \/>\n<meta name=\"twitter:card\" content=\"summary_large_image\" \/>\n<meta name=\"twitter:site\" content=\"@saiga_agro\" \/>\n<meta name=\"twitter:label1\" content=\"Tiempo de lectura\" \/>\n\t<meta name=\"twitter:data1\" content=\"1 minuto\" \/>\n<script type=\"application\/ld+json\" class=\"yoast-schema-graph\">{\"@context\":\"https:\\\/\\\/schema.org\",\"@graph\":[{\"@type\":\"WebPage\",\"@id\":\"https:\\\/\\\/saiga.es\\\/es\\\/producto\\\/killer-recambio-45gr-avispas\\\/\",\"url\":\"https:\\\/\\\/saiga.es\\\/es\\\/producto\\\/killer-recambio-45gr-avispas\\\/\",\"name\":\"Killer recambio 45gr. Avispas | SAIGA\",\"isPartOf\":{\"@id\":\"https:\\\/\\\/saiga.es\\\/es\\\/#website\"},\"primaryImageOfPage\":{\"@id\":\"https:\\\/\\\/saiga.es\\\/es\\\/producto\\\/killer-recambio-45gr-avispas\\\/#primaryimage\"},\"image\":{\"@id\":\"https:\\\/\\\/saiga.es\\\/es\\\/producto\\\/killer-recambio-45gr-avispas\\\/#primaryimage\"},\"thumbnailUrl\":\"https:\\\/\\\/saiga.es\\\/wp-content\\\/uploads\\\/2024\\\/02\\\/31llNS12i8L._AC_-2.jpg\",\"datePublished\":\"2024-02-09T14:19:07+00:00\",\"description\":\"Killer repuesto 45gr. avispas. Attractifs pour attraper les insectes volants. Con una f\u00f3rmula que no incluye ning\u00fan tipo de veneno.\",\"breadcrumb\":{\"@id\":\"https:\\\/\\\/saiga.es\\\/es\\\/producto\\\/killer-recambio-45gr-avispas\\\/#breadcrumb\"},\"inLanguage\":\"es\",\"potentialAction\":[{\"@type\":\"ReadAction\",\"target\":[\"https:\\\/\\\/saiga.es\\\/es\\\/producto\\\/killer-recambio-45gr-avispas\\\/\"]}]},{\"@type\":\"ImageObject\",\"inLanguage\":\"es\",\"@id\":\"https:\\\/\\\/saiga.es\\\/es\\\/producto\\\/killer-recambio-45gr-avispas\\\/#primaryimage\",\"url\":\"https:\\\/\\\/saiga.es\\\/wp-content\\\/uploads\\\/2024\\\/02\\\/31llNS12i8L._AC_-2.jpg\",\"contentUrl\":\"https:\\\/\\\/saiga.es\\\/wp-content\\\/uploads\\\/2024\\\/02\\\/31llNS12i8L._AC_-2.jpg\",\"width\":200,\"height\":149},{\"@type\":\"BreadcrumbList\",\"@id\":\"https:\\\/\\\/saiga.es\\\/es\\\/producto\\\/killer-recambio-45gr-avispas\\\/#breadcrumb\",\"itemListElement\":[{\"@type\":\"ListItem\",\"position\":1,\"name\":\"Inici\",\"item\":\"https:\\\/\\\/saiga.es\\\/es\\\/\"},{\"@type\":\"ListItem\",\"position\":2,\"name\":\"Tienda\",\"item\":\"https:\\\/\\\/saiga.es\\\/es\\\/tienda\\\/\"},{\"@type\":\"ListItem\",\"position\":3,\"name\":\"Killer recambio 45gr. Avispas\"}]},{\"@type\":\"WebSite\",\"@id\":\"https:\\\/\\\/saiga.es\\\/es\\\/#website\",\"url\":\"https:\\\/\\\/saiga.es\\\/es\\\/\",\"name\":\"SAIGA\",\"description\":\"M\u00e9s de 50 anys al servei de la terra i treballant per a un \u00fas eficient de l\u2019aigua!\",\"publisher\":{\"@id\":\"https:\\\/\\\/saiga.es\\\/es\\\/#organization\"},\"potentialAction\":[{\"@type\":\"SearchAction\",\"target\":{\"@type\":\"EntryPoint\",\"urlTemplate\":\"https:\\\/\\\/saiga.es\\\/es\\\/?s={search_term_string}\"},\"query-input\":{\"@type\":\"PropertyValueSpecification\",\"valueRequired\":true,\"valueName\":\"search_term_string\"}}],\"inLanguage\":\"es\"},{\"@type\":\"Organization\",\"@id\":\"https:\\\/\\\/saiga.es\\\/es\\\/#organization\",\"name\":\"SAIGA\",\"url\":\"https:\\\/\\\/saiga.es\\\/es\\\/\",\"logo\":{\"@type\":\"ImageObject\",\"inLanguage\":\"es\",\"@id\":\"https:\\\/\\\/saiga.es\\\/es\\\/#\\\/schema\\\/logo\\\/image\\\/\",\"url\":\"https:\\\/\\\/saiga.es\\\/wp-content\\\/uploads\\\/2025\\\/07\\\/logo_saiga_baseline_optimitzat.svg\",\"contentUrl\":\"https:\\\/\\\/saiga.es\\\/wp-content\\\/uploads\\\/2025\\\/07\\\/logo_saiga_baseline_optimitzat.svg\",\"caption\":\"SAIGA\"},\"image\":{\"@id\":\"https:\\\/\\\/saiga.es\\\/es\\\/#\\\/schema\\\/logo\\\/image\\\/\"},\"sameAs\":[\"https:\\\/\\\/x.com\\\/saiga_agro\",\"https:\\\/\\\/www.instagram.com\\\/saiga_agro\\\/\"]}]}<\/script>\n<!-- \/ Yoast SEO plugin. -->","yoast_head_json":{"title":"Killer recambio 45gr. Avispas | SAIGA","description":"Killer repuesto 45gr. avispas. Attractifs pour attraper les insectes volants. Con una f\u00f3rmula que no incluye ning\u00fan tipo de veneno.","robots":{"index":"index","follow":"follow","max-snippet":"max-snippet:-1","max-image-preview":"max-image-preview:large","max-video-preview":"max-video-preview:-1"},"canonical":"https:\/\/saiga.es\/es\/producto\/killer-recambio-45gr-avispas\/","og_locale":"es_ES","og_type":"article","og_title":"Killer recambio 45gr. Avispas | SAIGA","og_description":"Killer repuesto 45gr. avispas. Attractifs pour attraper les insectes volants. Con una f\u00f3rmula que no incluye ning\u00fan tipo de veneno.","og_url":"https:\/\/saiga.es\/es\/producto\/killer-recambio-45gr-avispas\/","og_site_name":"SAIGA","og_image":[{"width":200,"height":149,"url":"https:\/\/saiga.es\/wp-content\/uploads\/2024\/02\/31llNS12i8L._AC_-2.jpg","type":"image\/jpeg"}],"twitter_card":"summary_large_image","twitter_site":"@saiga_agro","twitter_misc":{"Tiempo de lectura":"1 minuto"},"schema":{"@context":"https:\/\/schema.org","@graph":[{"@type":"WebPage","@id":"https:\/\/saiga.es\/es\/producto\/killer-recambio-45gr-avispas\/","url":"https:\/\/saiga.es\/es\/producto\/killer-recambio-45gr-avispas\/","name":"Killer recambio 45gr. Avispas | SAIGA","isPartOf":{"@id":"https:\/\/saiga.es\/es\/#website"},"primaryImageOfPage":{"@id":"https:\/\/saiga.es\/es\/producto\/killer-recambio-45gr-avispas\/#primaryimage"},"image":{"@id":"https:\/\/saiga.es\/es\/producto\/killer-recambio-45gr-avispas\/#primaryimage"},"thumbnailUrl":"https:\/\/saiga.es\/wp-content\/uploads\/2024\/02\/31llNS12i8L._AC_-2.jpg","datePublished":"2024-02-09T14:19:07+00:00","description":"Killer repuesto 45gr. avispas. Attractifs pour attraper les insectes volants. Con una f\u00f3rmula que no incluye ning\u00fan tipo de veneno.","breadcrumb":{"@id":"https:\/\/saiga.es\/es\/producto\/killer-recambio-45gr-avispas\/#breadcrumb"},"inLanguage":"es","potentialAction":[{"@type":"ReadAction","target":["https:\/\/saiga.es\/es\/producto\/killer-recambio-45gr-avispas\/"]}]},{"@type":"ImageObject","inLanguage":"es","@id":"https:\/\/saiga.es\/es\/producto\/killer-recambio-45gr-avispas\/#primaryimage","url":"https:\/\/saiga.es\/wp-content\/uploads\/2024\/02\/31llNS12i8L._AC_-2.jpg","contentUrl":"https:\/\/saiga.es\/wp-content\/uploads\/2024\/02\/31llNS12i8L._AC_-2.jpg","width":200,"height":149},{"@type":"BreadcrumbList","@id":"https:\/\/saiga.es\/es\/producto\/killer-recambio-45gr-avispas\/#breadcrumb","itemListElement":[{"@type":"ListItem","position":1,"name":"Inici","item":"https:\/\/saiga.es\/es\/"},{"@type":"ListItem","position":2,"name":"Tienda","item":"https:\/\/saiga.es\/es\/tienda\/"},{"@type":"ListItem","position":3,"name":"Killer recambio 45gr. Avispas"}]},{"@type":"WebSite","@id":"https:\/\/saiga.es\/es\/#website","url":"https:\/\/saiga.es\/es\/","name":"SAIGA","description":"M\u00e9s de 50 anys al servei de la terra i treballant per a un \u00fas eficient de l\u2019aigua!","publisher":{"@id":"https:\/\/saiga.es\/es\/#organization"},"potentialAction":[{"@type":"SearchAction","target":{"@type":"EntryPoint","urlTemplate":"https:\/\/saiga.es\/es\/?s={search_term_string}"},"query-input":{"@type":"PropertyValueSpecification","valueRequired":true,"valueName":"search_term_string"}}],"inLanguage":"es"},{"@type":"Organization","@id":"https:\/\/saiga.es\/es\/#organization","name":"SAIGA","url":"https:\/\/saiga.es\/es\/","logo":{"@type":"ImageObject","inLanguage":"es","@id":"https:\/\/saiga.es\/es\/#\/schema\/logo\/image\/","url":"https:\/\/saiga.es\/wp-content\/uploads\/2025\/07\/logo_saiga_baseline_optimitzat.svg","contentUrl":"https:\/\/saiga.es\/wp-content\/uploads\/2025\/07\/logo_saiga_baseline_optimitzat.svg","caption":"SAIGA"},"image":{"@id":"https:\/\/saiga.es\/es\/#\/schema\/logo\/image\/"},"sameAs":["https:\/\/x.com\/saiga_agro","https:\/\/www.instagram.com\/saiga_agro\/"]}]}},"_links":{"self":[{"href":"https:\/\/saiga.es\/es\/wp-json\/wp\/v2\/product\/7325","targetHints":{"allow":["GET"]}}],"collection":[{"href":"https:\/\/saiga.es\/es\/wp-json\/wp\/v2\/product"}],"about":[{"href":"https:\/\/saiga.es\/es\/wp-json\/wp\/v2\/types\/product"}],"replies":[{"embeddable":true,"href":"https:\/\/saiga.es\/es\/wp-json\/wp\/v2\/comments?post=7325"}],"wp:featuredmedia":[{"embeddable":true,"href":"https:\/\/saiga.es\/es\/wp-json\/wp\/v2\/media\/7186"}],"wp:attachment":[{"href":"https:\/\/saiga.es\/es\/wp-json\/wp\/v2\/media?parent=7325"}],"wp:term":[{"taxonomy":"product_brand","embeddable":true,"href":"https:\/\/saiga.es\/es\/wp-json\/wp\/v2\/product_brand?post=7325"},{"taxonomy":"product_cat","embeddable":true,"href":"https:\/\/saiga.es\/es\/wp-json\/wp\/v2\/product_cat?post=7325"},{"taxonomy":"product_tag","embeddable":true,"href":"https:\/\/saiga.es\/es\/wp-json\/wp\/v2\/product_tag?post=7325"}],"curies":[{"name":"wp","href":"https:\/\/api.w.org\/{rel}","templated":true}]}}