{"id":7374,"date":"2024-02-14T14:12:52","date_gmt":"2024-02-14T14:12:52","guid":{"rendered":"https:\/\/botiga.saiga.es\/producte\/arbekyn-antimildio\/"},"modified":"2025-08-19T09:59:47","modified_gmt":"2025-08-19T09:59:47","slug":"arbekyn-antimildio","status":"publish","type":"product","link":"https:\/\/saiga.es\/es\/producto\/arbekyn-antimildio\/","title":{"rendered":"Arbekyn antimild\u00edo"},"content":{"rendered":"<p>Arbekyn antimildiu es un fungicida de contacto formulado para combatir al mildiu con rapidez y eficacia. Su ingrediente activo penetra f\u00e1cilmente en la planta y se distribuye por la superficie y tejidos vegetales. Act\u00faa como tratamiento preventivo y curativo: inhibe el crecimiento de los hongos y evita la formaci\u00f3n de esporas, al tiempo que impide el desarrollo de resistencias.<br data-start=\"2358\" data-end=\"2361\">Disponible en formatos de 10cc y 60cc, Arbekyn es ideal para diferentes cultivos como tomate, patata, mel\u00f3n, calabac\u00edn, escarola, hierbas arom\u00e1ticas, lechugas o vid. Aplic\u00e1ndolo con una dosis entre 0,4 y 0,6 ml por litro de agua, obtendr\u00e1s una protecci\u00f3n efectiva y segura.<br data-start=\"2639\" data-end=\"2642\">Al actuar como una barrera protectora sobre hojas y tallos, es una soluci\u00f3n pr\u00e1ctica para mantener los cultivos libres de mildiu. Sigue siempre las instrucciones de la etiqueta y respeta el tiempo de seguridad antes de cosechar.<br data-start=\"2870\" data-end=\"2873\">Con Arbekyn fungicida antimild\u00edo, puedes proteger tus cosechas de forma eficiente y segura.    <\/p>\n","protected":false},"excerpt":{"rendered":"<p>Arbekyn antimildiu es un fungicida eficaz que previene y cura al mildiu. Ideal para huerta y frutales, protege tus plantas de forma segura. <\/p>\n","protected":false},"featured_media":16319,"comment_status":"closed","ping_status":"closed","template":"","meta":[],"product_brand":[],"product_cat":[184],"product_tag":[574,787,779,788,572],"class_list":{"0":"post-7374","1":"product","2":"type-product","3":"status-publish","4":"has-post-thumbnail","6":"product_cat-fungicidas","7":"product_tag-jed-es","8":"product_tag-arbekyn-es","9":"product_tag-fungicida-es","10":"product_tag-jardineria-exterior-domestica-es","11":"product_tag-productos-jed","13":"first","14":"instock","15":"taxable","16":"shipping-taxable","17":"purchasable","18":"product-type-variable"},"yoast_head":"<!-- This site is optimized with the Yoast SEO plugin v27.4 - https:\/\/yoast.com\/product\/yoast-seo-wordpress\/ -->\n<title>Arbekyn antimild\u00edo | SAIGA<\/title>\n<meta name=\"description\" content=\"Arbekyn antimildiu es un fungicida eficaz que previene y cura al mildiu. Ideal para huerta y frutales, protege tus plantas de forma segura.\" \/>\n<meta name=\"robots\" content=\"index, follow, max-snippet:-1, max-image-preview:large, max-video-preview:-1\" \/>\n<link rel=\"canonical\" href=\"https:\/\/saiga.es\/es\/producto\/arbekyn-antimildio\/\" \/>\n<meta property=\"og:locale\" content=\"es_ES\" \/>\n<meta property=\"og:type\" content=\"article\" \/>\n<meta property=\"og:title\" content=\"Arbekyn antimild\u00edo | SAIGA\" \/>\n<meta property=\"og:description\" content=\"Arbekyn antimildiu es un fungicida eficaz que previene y cura al mildiu. Ideal para huerta y frutales, protege tus plantas de forma segura.\" \/>\n<meta property=\"og:url\" content=\"https:\/\/saiga.es\/es\/producto\/arbekyn-antimildio\/\" \/>\n<meta property=\"og:site_name\" content=\"SAIGA\" \/>\n<meta property=\"article:modified_time\" content=\"2025-08-19T09:59:47+00:00\" \/>\n<meta property=\"og:image\" content=\"https:\/\/saiga.es\/wp-content\/uploads\/2024\/02\/Arbekyn-60-ml.jpg\" \/>\n\t<meta property=\"og:image:width\" content=\"1080\" \/>\n\t<meta property=\"og:image:height\" content=\"1080\" \/>\n\t<meta property=\"og:image:type\" content=\"image\/jpeg\" \/>\n<meta name=\"twitter:card\" content=\"summary_large_image\" \/>\n<meta name=\"twitter:site\" content=\"@saiga_agro\" \/>\n<meta name=\"twitter:label1\" content=\"Tiempo de lectura\" \/>\n\t<meta name=\"twitter:data1\" content=\"1 minuto\" \/>\n<script type=\"application\/ld+json\" class=\"yoast-schema-graph\">{\"@context\":\"https:\\\/\\\/schema.org\",\"@graph\":[{\"@type\":\"WebPage\",\"@id\":\"https:\\\/\\\/saiga.es\\\/es\\\/producto\\\/arbekyn-antimildio\\\/\",\"url\":\"https:\\\/\\\/saiga.es\\\/es\\\/producto\\\/arbekyn-antimildio\\\/\",\"name\":\"Arbekyn antimild\u00edo | SAIGA\",\"isPartOf\":{\"@id\":\"https:\\\/\\\/saiga.es\\\/es\\\/#website\"},\"primaryImageOfPage\":{\"@id\":\"https:\\\/\\\/saiga.es\\\/es\\\/producto\\\/arbekyn-antimildio\\\/#primaryimage\"},\"image\":{\"@id\":\"https:\\\/\\\/saiga.es\\\/es\\\/producto\\\/arbekyn-antimildio\\\/#primaryimage\"},\"thumbnailUrl\":\"https:\\\/\\\/saiga.es\\\/wp-content\\\/uploads\\\/2024\\\/02\\\/Arbekyn-60-ml.jpg\",\"datePublished\":\"2024-02-14T14:12:52+00:00\",\"dateModified\":\"2025-08-19T09:59:47+00:00\",\"description\":\"Arbekyn antimildiu es un fungicida eficaz que previene y cura al mildiu. Ideal para huerta y frutales, protege tus plantas de forma segura.\",\"breadcrumb\":{\"@id\":\"https:\\\/\\\/saiga.es\\\/es\\\/producto\\\/arbekyn-antimildio\\\/#breadcrumb\"},\"inLanguage\":\"es\",\"potentialAction\":[{\"@type\":\"ReadAction\",\"target\":[\"https:\\\/\\\/saiga.es\\\/es\\\/producto\\\/arbekyn-antimildio\\\/\"]}]},{\"@type\":\"ImageObject\",\"inLanguage\":\"es\",\"@id\":\"https:\\\/\\\/saiga.es\\\/es\\\/producto\\\/arbekyn-antimildio\\\/#primaryimage\",\"url\":\"https:\\\/\\\/saiga.es\\\/wp-content\\\/uploads\\\/2024\\\/02\\\/Arbekyn-60-ml.jpg\",\"contentUrl\":\"https:\\\/\\\/saiga.es\\\/wp-content\\\/uploads\\\/2024\\\/02\\\/Arbekyn-60-ml.jpg\",\"width\":1080,\"height\":1080,\"caption\":\"Arbekyn 60 ml\"},{\"@type\":\"BreadcrumbList\",\"@id\":\"https:\\\/\\\/saiga.es\\\/es\\\/producto\\\/arbekyn-antimildio\\\/#breadcrumb\",\"itemListElement\":[{\"@type\":\"ListItem\",\"position\":1,\"name\":\"Inici\",\"item\":\"https:\\\/\\\/saiga.es\\\/es\\\/\"},{\"@type\":\"ListItem\",\"position\":2,\"name\":\"Tienda\",\"item\":\"https:\\\/\\\/saiga.es\\\/es\\\/tienda\\\/\"},{\"@type\":\"ListItem\",\"position\":3,\"name\":\"Arbekyn antimild\u00edo\"}]},{\"@type\":\"WebSite\",\"@id\":\"https:\\\/\\\/saiga.es\\\/es\\\/#website\",\"url\":\"https:\\\/\\\/saiga.es\\\/es\\\/\",\"name\":\"SAIGA\",\"description\":\"M\u00e9s de 50 anys al servei de la terra i treballant per a un \u00fas eficient de l\u2019aigua!\",\"publisher\":{\"@id\":\"https:\\\/\\\/saiga.es\\\/es\\\/#organization\"},\"potentialAction\":[{\"@type\":\"SearchAction\",\"target\":{\"@type\":\"EntryPoint\",\"urlTemplate\":\"https:\\\/\\\/saiga.es\\\/es\\\/?s={search_term_string}\"},\"query-input\":{\"@type\":\"PropertyValueSpecification\",\"valueRequired\":true,\"valueName\":\"search_term_string\"}}],\"inLanguage\":\"es\"},{\"@type\":\"Organization\",\"@id\":\"https:\\\/\\\/saiga.es\\\/es\\\/#organization\",\"name\":\"SAIGA\",\"url\":\"https:\\\/\\\/saiga.es\\\/es\\\/\",\"logo\":{\"@type\":\"ImageObject\",\"inLanguage\":\"es\",\"@id\":\"https:\\\/\\\/saiga.es\\\/es\\\/#\\\/schema\\\/logo\\\/image\\\/\",\"url\":\"https:\\\/\\\/saiga.es\\\/wp-content\\\/uploads\\\/2025\\\/07\\\/logo_saiga_baseline_optimitzat.svg\",\"contentUrl\":\"https:\\\/\\\/saiga.es\\\/wp-content\\\/uploads\\\/2025\\\/07\\\/logo_saiga_baseline_optimitzat.svg\",\"caption\":\"SAIGA\"},\"image\":{\"@id\":\"https:\\\/\\\/saiga.es\\\/es\\\/#\\\/schema\\\/logo\\\/image\\\/\"},\"sameAs\":[\"https:\\\/\\\/x.com\\\/saiga_agro\",\"https:\\\/\\\/www.instagram.com\\\/saiga_agro\\\/\"]}]}<\/script>\n<!-- \/ Yoast SEO plugin. -->","yoast_head_json":{"title":"Arbekyn antimild\u00edo | SAIGA","description":"Arbekyn antimildiu es un fungicida eficaz que previene y cura al mildiu. Ideal para huerta y frutales, protege tus plantas de forma segura.","robots":{"index":"index","follow":"follow","max-snippet":"max-snippet:-1","max-image-preview":"max-image-preview:large","max-video-preview":"max-video-preview:-1"},"canonical":"https:\/\/saiga.es\/es\/producto\/arbekyn-antimildio\/","og_locale":"es_ES","og_type":"article","og_title":"Arbekyn antimild\u00edo | SAIGA","og_description":"Arbekyn antimildiu es un fungicida eficaz que previene y cura al mildiu. Ideal para huerta y frutales, protege tus plantas de forma segura.","og_url":"https:\/\/saiga.es\/es\/producto\/arbekyn-antimildio\/","og_site_name":"SAIGA","article_modified_time":"2025-08-19T09:59:47+00:00","og_image":[{"width":1080,"height":1080,"url":"https:\/\/saiga.es\/wp-content\/uploads\/2024\/02\/Arbekyn-60-ml.jpg","type":"image\/jpeg"}],"twitter_card":"summary_large_image","twitter_site":"@saiga_agro","twitter_misc":{"Tiempo de lectura":"1 minuto"},"schema":{"@context":"https:\/\/schema.org","@graph":[{"@type":"WebPage","@id":"https:\/\/saiga.es\/es\/producto\/arbekyn-antimildio\/","url":"https:\/\/saiga.es\/es\/producto\/arbekyn-antimildio\/","name":"Arbekyn antimild\u00edo | SAIGA","isPartOf":{"@id":"https:\/\/saiga.es\/es\/#website"},"primaryImageOfPage":{"@id":"https:\/\/saiga.es\/es\/producto\/arbekyn-antimildio\/#primaryimage"},"image":{"@id":"https:\/\/saiga.es\/es\/producto\/arbekyn-antimildio\/#primaryimage"},"thumbnailUrl":"https:\/\/saiga.es\/wp-content\/uploads\/2024\/02\/Arbekyn-60-ml.jpg","datePublished":"2024-02-14T14:12:52+00:00","dateModified":"2025-08-19T09:59:47+00:00","description":"Arbekyn antimildiu es un fungicida eficaz que previene y cura al mildiu. Ideal para huerta y frutales, protege tus plantas de forma segura.","breadcrumb":{"@id":"https:\/\/saiga.es\/es\/producto\/arbekyn-antimildio\/#breadcrumb"},"inLanguage":"es","potentialAction":[{"@type":"ReadAction","target":["https:\/\/saiga.es\/es\/producto\/arbekyn-antimildio\/"]}]},{"@type":"ImageObject","inLanguage":"es","@id":"https:\/\/saiga.es\/es\/producto\/arbekyn-antimildio\/#primaryimage","url":"https:\/\/saiga.es\/wp-content\/uploads\/2024\/02\/Arbekyn-60-ml.jpg","contentUrl":"https:\/\/saiga.es\/wp-content\/uploads\/2024\/02\/Arbekyn-60-ml.jpg","width":1080,"height":1080,"caption":"Arbekyn 60 ml"},{"@type":"BreadcrumbList","@id":"https:\/\/saiga.es\/es\/producto\/arbekyn-antimildio\/#breadcrumb","itemListElement":[{"@type":"ListItem","position":1,"name":"Inici","item":"https:\/\/saiga.es\/es\/"},{"@type":"ListItem","position":2,"name":"Tienda","item":"https:\/\/saiga.es\/es\/tienda\/"},{"@type":"ListItem","position":3,"name":"Arbekyn antimild\u00edo"}]},{"@type":"WebSite","@id":"https:\/\/saiga.es\/es\/#website","url":"https:\/\/saiga.es\/es\/","name":"SAIGA","description":"M\u00e9s de 50 anys al servei de la terra i treballant per a un \u00fas eficient de l\u2019aigua!","publisher":{"@id":"https:\/\/saiga.es\/es\/#organization"},"potentialAction":[{"@type":"SearchAction","target":{"@type":"EntryPoint","urlTemplate":"https:\/\/saiga.es\/es\/?s={search_term_string}"},"query-input":{"@type":"PropertyValueSpecification","valueRequired":true,"valueName":"search_term_string"}}],"inLanguage":"es"},{"@type":"Organization","@id":"https:\/\/saiga.es\/es\/#organization","name":"SAIGA","url":"https:\/\/saiga.es\/es\/","logo":{"@type":"ImageObject","inLanguage":"es","@id":"https:\/\/saiga.es\/es\/#\/schema\/logo\/image\/","url":"https:\/\/saiga.es\/wp-content\/uploads\/2025\/07\/logo_saiga_baseline_optimitzat.svg","contentUrl":"https:\/\/saiga.es\/wp-content\/uploads\/2025\/07\/logo_saiga_baseline_optimitzat.svg","caption":"SAIGA"},"image":{"@id":"https:\/\/saiga.es\/es\/#\/schema\/logo\/image\/"},"sameAs":["https:\/\/x.com\/saiga_agro","https:\/\/www.instagram.com\/saiga_agro\/"]}]}},"_links":{"self":[{"href":"https:\/\/saiga.es\/es\/wp-json\/wp\/v2\/product\/7374","targetHints":{"allow":["GET"]}}],"collection":[{"href":"https:\/\/saiga.es\/es\/wp-json\/wp\/v2\/product"}],"about":[{"href":"https:\/\/saiga.es\/es\/wp-json\/wp\/v2\/types\/product"}],"replies":[{"embeddable":true,"href":"https:\/\/saiga.es\/es\/wp-json\/wp\/v2\/comments?post=7374"}],"wp:featuredmedia":[{"embeddable":true,"href":"https:\/\/saiga.es\/es\/wp-json\/wp\/v2\/media\/16319"}],"wp:attachment":[{"href":"https:\/\/saiga.es\/es\/wp-json\/wp\/v2\/media?parent=7374"}],"wp:term":[{"taxonomy":"product_brand","embeddable":true,"href":"https:\/\/saiga.es\/es\/wp-json\/wp\/v2\/product_brand?post=7374"},{"taxonomy":"product_cat","embeddable":true,"href":"https:\/\/saiga.es\/es\/wp-json\/wp\/v2\/product_cat?post=7374"},{"taxonomy":"product_tag","embeddable":true,"href":"https:\/\/saiga.es\/es\/wp-json\/wp\/v2\/product_tag?post=7374"}],"curies":[{"name":"wp","href":"https:\/\/api.w.org\/{rel}","templated":true}]}}