{"id":7403,"date":"2024-02-15T09:15:36","date_gmt":"2024-02-15T09:15:36","guid":{"rendered":"https:\/\/botiga.saiga.es\/producte\/saco-cesped-multirisc-5-kg\/"},"modified":"2026-03-18T14:24:47","modified_gmt":"2026-03-18T14:24:47","slug":"saco-cesped-multirisc-5-kg","status":"publish","type":"product","link":"https:\/\/saiga.es\/es\/producto\/saco-cesped-multirisc-5-kg\/","title":{"rendered":"Entonces C\u00e9sped Multirustic Resistente"},"content":{"rendered":"<p>C\u00e9sped Multirustic resistente, semillas de c\u00e9sped 5 Kg. Mezcla r\u00fastica, que mantiene buena est\u00e9tica para jardines p\u00fablicos y privados, terrenos de juego y obra p\u00fablica. Para cualquier zona clim\u00e1tica y uso al que vaya destinado. No necesita mucho riego y mantiene f\u00e1cilmente el color verde en verano, por riguroso que sea. Consumo de agua reducido, con Festuca arundinacea y Lolium perenne 4turf. En el programa \u201cLOW Eau-Mens Aigua\u201d, Top Green ha realizado ensayos en situaci\u00f3n real, sin riego, para identificar las especies y variedades m\u00e1s resistentes a la escasez de agua y el calor. Top Green ha creado mezclas de c\u00e9spedes m\u00e1s eficientes desde el punto de vista h\u00eddrico.<\/p>\n<p data-start=\"775\" data-end=\"948\"><strong>Beneficios<\/strong><\/p>\n<ul>\n<li data-section-id=\"1uqrr38\" data-start=\"1052\" data-end=\"1071\">\n<p data-start=\"1054\" data-end=\"1071\">Germinaci\u00f3n r\u00e1pida<\/p>\n<\/li>\n<li data-section-id=\"1t44r7r\" data-start=\"1072\" data-end=\"1100\">\n<p data-start=\"1074\" data-end=\"1100\">Alta resistencia al pisoteo<\/p>\n<\/li>\n<li data-section-id=\"ktcjb0\" data-start=\"1101\" data-end=\"1119\">\n<p data-start=\"1103\" data-end=\"1119\">Bajo mantenimiento<\/p>\n<\/li>\n<li data-section-id=\"4ex6dq\" data-start=\"1120\" data-end=\"1150\">\n<p data-start=\"1122\" data-end=\"1150\">Adaptable a distintos climas<\/p>\n<\/li>\n<li data-section-id=\"77w67o\" data-start=\"1151\" data-end=\"1184\">\n<p data-start=\"1153\" data-end=\"1184\">C\u00e9sped de aspecto denso y uniforme<\/p>\n<\/li>\n<\/ul>\n<p data-start=\"1278\" data-end=\"1294\"><strong data-start=\"1278\" data-end=\"1294\">Cuando sembrar<\/strong><\/p>\n<ul data-start=\"1295\" data-end=\"1335\">\n<li data-section-id=\"72bd24\" data-start=\"1295\" data-end=\"1335\">\n<p data-start=\"1297\" data-end=\"1335\">Primavera y oto\u00f1o (mejores resultados)<\/p>\n<\/li>\n<\/ul>\n<p data-start=\"1337\" data-end=\"1350\"><strong data-start=\"1337\" data-end=\"1350\">Re-siembra<\/strong><\/p>\n<ul data-start=\"1351\" data-end=\"1380\">\n<li data-section-id=\"1icdm6b\" data-start=\"1351\" data-end=\"1380\">\n<p data-start=\"1353\" data-end=\"1380\">Recomendable cada 6-12 meses<\/p>\n<\/li>\n<li data-section-id=\"1icdm6b\" data-start=\"1351\" data-end=\"1380\">\n<p data-start=\"1353\" data-end=\"1380\">1 kg cubre aproximadamente 30-40 m\u00b2<\/p>\n<\/li>\n<li data-section-id=\"1icdm6b\" data-start=\"1351\" data-end=\"1380\">\n<p data-start=\"1353\" data-end=\"1380\">Ejemplo: 5 kg \u2192 150\u2013200 m\u00b2<\/p>\n<\/li>\n<\/ul>\n<p data-section-id=\"1w8bls2\" data-start=\"1645\" data-end=\"1664\"><strong>Aplicaciones <\/strong><\/p>\n<ul data-start=\"1666\" data-end=\"1766\">\n<li data-section-id=\"zoedxh\" data-start=\"1666\" data-end=\"1687\">\n<p data-start=\"1668\" data-end=\"1687\">Jardines particulares<\/p>\n<\/li>\n<li data-section-id=\"ixkdxr\" data-start=\"1688\" data-end=\"1708\">\n<p data-start=\"1690\" data-end=\"1708\">Zonas comunitarias<\/p>\n<\/li>\n<li data-section-id=\"1ya3xn1\" data-start=\"1709\" data-end=\"1741\">\n<p data-start=\"1711\" data-end=\"1741\">Espacios con tr\u00e1fico moderado-alto<\/p>\n<\/li>\n<li data-section-id=\"1ftw185\" data-start=\"1742\" data-end=\"1766\">\n<p data-start=\"1744\" data-end=\"1766\">Rehabilitaci\u00f3n de c\u00e9sped<\/p>\n<\/li>\n<\/ul>\n<p data-section-id=\"c3mpws\" data-start=\"1773\" data-end=\"1801\"><strong>FAQ <\/strong><\/p>\n<p data-start=\"1803\" data-end=\"1877\"><strong data-start=\"1803\" data-end=\"1838\">\u00bfCu\u00e1nto tarda en crecer el c\u00e9sped?<\/strong><br data-start=\"1838\" data-end=\"1841\">Entre 7 y 15 d\u00edas seg\u00fan condiciones.<\/p>\n<p data-start=\"1879\" data-end=\"1958\"><strong data-start=\"1879\" data-end=\"1912\">\u00bfCada cu\u00e1nto se debe resembrar?<\/strong><br data-start=\"1912\" data-end=\"1915\">Se recomienda resembrar zonas cada temporada.<\/p>\n<p data-start=\"1960\" data-end=\"2034\"><strong data-start=\"1960\" data-end=\"1991\">\u00bfNecesita mucho mantenimiento?<\/strong><br data-start=\"1991\" data-end=\"1994\">No, est\u00e1 pensada para bajo mantenimiento.<\/p>\n<p data-start=\"2036\" data-end=\"2126\"><strong data-start=\"2036\" data-end=\"2068\">\u00bfFunciona en zonas con sombra?<\/strong><br data-start=\"2068\" data-end=\"2071\">S\u00ed, pero con mejor rendimiento en zonas con suelo parcial.<\/p>\n","protected":false},"excerpt":{"rendered":"<p>C\u00e9sped Multirustic resistente, semillas de c\u00e9sped 5 Kg. Mezcla r\u00fastica, que mantiene buena est\u00e9tica para jardines p\u00fablicos y privados, terrenos de juego y obra p\u00fablica. Para cualquier zona clim\u00e1tica y uso al que vaya destinado. No necesita mucho riego y mantiene f\u00e1cilmente el color verde en verano, por riguroso que sea.<\/p>\n<p data-start=\"577\" data-end=\"773\">El Multirustic es una mezcla de semillas de c\u00e9sped especialmente dise\u00f1ada para crear c\u00e9spedes resistentes, densos y de bajo mantenimiento, ideales para jardines particulares y zonas de uso intensivo.<\/p>\n<p data-start=\"775\" data-end=\"948\">Gracias a su composici\u00f3n equilibrada, este c\u00e9sped destaca por su r\u00e1pida germinaci\u00f3n y gran adaptabilidad a diferentes tipos de terreno y condiciones clim\u00e1ticas. Perfecta si quieres un c\u00e9sped duradero sin complicaciones. <\/p>\n","protected":false},"featured_media":14322,"comment_status":"closed","ping_status":"closed","template":"","meta":[],"product_brand":[],"product_cat":[408],"product_tag":[801,806,808,811],"class_list":{"0":"post-7403","1":"product","2":"type-product","3":"status-publish","4":"has-post-thumbnail","6":"product_cat-cespeds","7":"product_tag-cesped","8":"product_tag-cesped-natural","9":"product_tag-hierba","10":"product_tag-multirustica-es","12":"first","13":"instock","14":"taxable","15":"shipping-taxable","16":"purchasable","17":"product-type-simple"},"yoast_head":"<!-- This site is optimized with the Yoast SEO plugin v27.4 - https:\/\/yoast.com\/product\/yoast-seo-wordpress\/ -->\n<title>Entonces C\u00e9sped Multirustic Resistente | SAIGA<\/title>\n<meta name=\"description\" content=\"C\u00e9sped Multirustic resistente, semillas de c\u00e9sped. Mezcla r\u00fastica, que mantiene buena est\u00e9tica para jardines p\u00fablicos y privados, terrenos de juego y obra p\u00fablica.\" \/>\n<meta name=\"robots\" content=\"index, follow, max-snippet:-1, max-image-preview:large, max-video-preview:-1\" \/>\n<link rel=\"canonical\" href=\"https:\/\/saiga.es\/es\/producto\/saco-cesped-multirisc-5-kg\/\" \/>\n<meta property=\"og:locale\" content=\"es_ES\" \/>\n<meta property=\"og:type\" content=\"article\" \/>\n<meta property=\"og:title\" content=\"Entonces C\u00e9sped Multirustic Resistente | SAIGA\" \/>\n<meta property=\"og:description\" content=\"C\u00e9sped Multirustic resistente, semillas de c\u00e9sped. Mezcla r\u00fastica, que mantiene buena est\u00e9tica para jardines p\u00fablicos y privados, terrenos de juego y obra p\u00fablica.\" \/>\n<meta property=\"og:url\" content=\"https:\/\/saiga.es\/es\/producto\/saco-cesped-multirisc-5-kg\/\" \/>\n<meta property=\"og:site_name\" content=\"SAIGA\" \/>\n<meta property=\"article:modified_time\" content=\"2026-03-18T14:24:47+00:00\" \/>\n<meta property=\"og:image\" content=\"https:\/\/saiga.es\/wp-content\/uploads\/2024\/02\/Llavor-gespa-Multirustic-5-Kg.jpg\" \/>\n\t<meta property=\"og:image:width\" content=\"1080\" \/>\n\t<meta property=\"og:image:height\" content=\"1080\" \/>\n\t<meta property=\"og:image:type\" content=\"image\/jpeg\" \/>\n<meta name=\"twitter:card\" content=\"summary_large_image\" \/>\n<meta name=\"twitter:site\" content=\"@saiga_agro\" \/>\n<meta name=\"twitter:label1\" content=\"Tiempo de lectura\" \/>\n\t<meta name=\"twitter:data1\" content=\"1 minuto\" \/>\n<script type=\"application\/ld+json\" class=\"yoast-schema-graph\">{\"@context\":\"https:\\\/\\\/schema.org\",\"@graph\":[{\"@type\":\"WebPage\",\"@id\":\"https:\\\/\\\/saiga.es\\\/es\\\/producto\\\/saco-cesped-multirisc-5-kg\\\/\",\"url\":\"https:\\\/\\\/saiga.es\\\/es\\\/producto\\\/saco-cesped-multirisc-5-kg\\\/\",\"name\":\"Entonces C\u00e9sped Multirustic Resistente | SAIGA\",\"isPartOf\":{\"@id\":\"https:\\\/\\\/saiga.es\\\/es\\\/#website\"},\"primaryImageOfPage\":{\"@id\":\"https:\\\/\\\/saiga.es\\\/es\\\/producto\\\/saco-cesped-multirisc-5-kg\\\/#primaryimage\"},\"image\":{\"@id\":\"https:\\\/\\\/saiga.es\\\/es\\\/producto\\\/saco-cesped-multirisc-5-kg\\\/#primaryimage\"},\"thumbnailUrl\":\"https:\\\/\\\/saiga.es\\\/wp-content\\\/uploads\\\/2024\\\/02\\\/Llavor-gespa-Multirustic-5-Kg.jpg\",\"datePublished\":\"2024-02-15T09:15:36+00:00\",\"dateModified\":\"2026-03-18T14:24:47+00:00\",\"description\":\"C\u00e9sped Multirustic resistente, semillas de c\u00e9sped. Mezcla r\u00fastica, que mantiene buena est\u00e9tica para jardines p\u00fablicos y privados, terrenos de juego y obra p\u00fablica.\",\"breadcrumb\":{\"@id\":\"https:\\\/\\\/saiga.es\\\/es\\\/producto\\\/saco-cesped-multirisc-5-kg\\\/#breadcrumb\"},\"inLanguage\":\"es\",\"potentialAction\":[{\"@type\":\"ReadAction\",\"target\":[\"https:\\\/\\\/saiga.es\\\/es\\\/producto\\\/saco-cesped-multirisc-5-kg\\\/\"]}]},{\"@type\":\"ImageObject\",\"inLanguage\":\"es\",\"@id\":\"https:\\\/\\\/saiga.es\\\/es\\\/producto\\\/saco-cesped-multirisc-5-kg\\\/#primaryimage\",\"url\":\"https:\\\/\\\/saiga.es\\\/wp-content\\\/uploads\\\/2024\\\/02\\\/Llavor-gespa-Multirustic-5-Kg.jpg\",\"contentUrl\":\"https:\\\/\\\/saiga.es\\\/wp-content\\\/uploads\\\/2024\\\/02\\\/Llavor-gespa-Multirustic-5-Kg.jpg\",\"width\":1080,\"height\":1080,\"caption\":\"C\u00e9sped Multir\u00fastic resistente | Semillas de c\u00e9sped\"},{\"@type\":\"BreadcrumbList\",\"@id\":\"https:\\\/\\\/saiga.es\\\/es\\\/producto\\\/saco-cesped-multirisc-5-kg\\\/#breadcrumb\",\"itemListElement\":[{\"@type\":\"ListItem\",\"position\":1,\"name\":\"Inici\",\"item\":\"https:\\\/\\\/saiga.es\\\/es\\\/\"},{\"@type\":\"ListItem\",\"position\":2,\"name\":\"Tienda\",\"item\":\"https:\\\/\\\/saiga.es\\\/es\\\/tienda\\\/\"},{\"@type\":\"ListItem\",\"position\":3,\"name\":\"Entonces C\u00e9sped Multirustic Resistente\"}]},{\"@type\":\"WebSite\",\"@id\":\"https:\\\/\\\/saiga.es\\\/es\\\/#website\",\"url\":\"https:\\\/\\\/saiga.es\\\/es\\\/\",\"name\":\"SAIGA\",\"description\":\"M\u00e9s de 50 anys al servei de la terra i treballant per a un \u00fas eficient de l\u2019aigua!\",\"publisher\":{\"@id\":\"https:\\\/\\\/saiga.es\\\/es\\\/#organization\"},\"potentialAction\":[{\"@type\":\"SearchAction\",\"target\":{\"@type\":\"EntryPoint\",\"urlTemplate\":\"https:\\\/\\\/saiga.es\\\/es\\\/?s={search_term_string}\"},\"query-input\":{\"@type\":\"PropertyValueSpecification\",\"valueRequired\":true,\"valueName\":\"search_term_string\"}}],\"inLanguage\":\"es\"},{\"@type\":\"Organization\",\"@id\":\"https:\\\/\\\/saiga.es\\\/es\\\/#organization\",\"name\":\"SAIGA\",\"url\":\"https:\\\/\\\/saiga.es\\\/es\\\/\",\"logo\":{\"@type\":\"ImageObject\",\"inLanguage\":\"es\",\"@id\":\"https:\\\/\\\/saiga.es\\\/es\\\/#\\\/schema\\\/logo\\\/image\\\/\",\"url\":\"https:\\\/\\\/saiga.es\\\/wp-content\\\/uploads\\\/2025\\\/07\\\/logo_saiga_baseline_optimitzat.svg\",\"contentUrl\":\"https:\\\/\\\/saiga.es\\\/wp-content\\\/uploads\\\/2025\\\/07\\\/logo_saiga_baseline_optimitzat.svg\",\"caption\":\"SAIGA\"},\"image\":{\"@id\":\"https:\\\/\\\/saiga.es\\\/es\\\/#\\\/schema\\\/logo\\\/image\\\/\"},\"sameAs\":[\"https:\\\/\\\/x.com\\\/saiga_agro\",\"https:\\\/\\\/www.instagram.com\\\/saiga_agro\\\/\"]}]}<\/script>\n<!-- \/ Yoast SEO plugin. -->","yoast_head_json":{"title":"Entonces C\u00e9sped Multirustic Resistente | SAIGA","description":"C\u00e9sped Multirustic resistente, semillas de c\u00e9sped. Mezcla r\u00fastica, que mantiene buena est\u00e9tica para jardines p\u00fablicos y privados, terrenos de juego y obra p\u00fablica.","robots":{"index":"index","follow":"follow","max-snippet":"max-snippet:-1","max-image-preview":"max-image-preview:large","max-video-preview":"max-video-preview:-1"},"canonical":"https:\/\/saiga.es\/es\/producto\/saco-cesped-multirisc-5-kg\/","og_locale":"es_ES","og_type":"article","og_title":"Entonces C\u00e9sped Multirustic Resistente | SAIGA","og_description":"C\u00e9sped Multirustic resistente, semillas de c\u00e9sped. Mezcla r\u00fastica, que mantiene buena est\u00e9tica para jardines p\u00fablicos y privados, terrenos de juego y obra p\u00fablica.","og_url":"https:\/\/saiga.es\/es\/producto\/saco-cesped-multirisc-5-kg\/","og_site_name":"SAIGA","article_modified_time":"2026-03-18T14:24:47+00:00","og_image":[{"width":1080,"height":1080,"url":"https:\/\/saiga.es\/wp-content\/uploads\/2024\/02\/Llavor-gespa-Multirustic-5-Kg.jpg","type":"image\/jpeg"}],"twitter_card":"summary_large_image","twitter_site":"@saiga_agro","twitter_misc":{"Tiempo de lectura":"1 minuto"},"schema":{"@context":"https:\/\/schema.org","@graph":[{"@type":"WebPage","@id":"https:\/\/saiga.es\/es\/producto\/saco-cesped-multirisc-5-kg\/","url":"https:\/\/saiga.es\/es\/producto\/saco-cesped-multirisc-5-kg\/","name":"Entonces C\u00e9sped Multirustic Resistente | SAIGA","isPartOf":{"@id":"https:\/\/saiga.es\/es\/#website"},"primaryImageOfPage":{"@id":"https:\/\/saiga.es\/es\/producto\/saco-cesped-multirisc-5-kg\/#primaryimage"},"image":{"@id":"https:\/\/saiga.es\/es\/producto\/saco-cesped-multirisc-5-kg\/#primaryimage"},"thumbnailUrl":"https:\/\/saiga.es\/wp-content\/uploads\/2024\/02\/Llavor-gespa-Multirustic-5-Kg.jpg","datePublished":"2024-02-15T09:15:36+00:00","dateModified":"2026-03-18T14:24:47+00:00","description":"C\u00e9sped Multirustic resistente, semillas de c\u00e9sped. Mezcla r\u00fastica, que mantiene buena est\u00e9tica para jardines p\u00fablicos y privados, terrenos de juego y obra p\u00fablica.","breadcrumb":{"@id":"https:\/\/saiga.es\/es\/producto\/saco-cesped-multirisc-5-kg\/#breadcrumb"},"inLanguage":"es","potentialAction":[{"@type":"ReadAction","target":["https:\/\/saiga.es\/es\/producto\/saco-cesped-multirisc-5-kg\/"]}]},{"@type":"ImageObject","inLanguage":"es","@id":"https:\/\/saiga.es\/es\/producto\/saco-cesped-multirisc-5-kg\/#primaryimage","url":"https:\/\/saiga.es\/wp-content\/uploads\/2024\/02\/Llavor-gespa-Multirustic-5-Kg.jpg","contentUrl":"https:\/\/saiga.es\/wp-content\/uploads\/2024\/02\/Llavor-gespa-Multirustic-5-Kg.jpg","width":1080,"height":1080,"caption":"C\u00e9sped Multir\u00fastic resistente | Semillas de c\u00e9sped"},{"@type":"BreadcrumbList","@id":"https:\/\/saiga.es\/es\/producto\/saco-cesped-multirisc-5-kg\/#breadcrumb","itemListElement":[{"@type":"ListItem","position":1,"name":"Inici","item":"https:\/\/saiga.es\/es\/"},{"@type":"ListItem","position":2,"name":"Tienda","item":"https:\/\/saiga.es\/es\/tienda\/"},{"@type":"ListItem","position":3,"name":"Entonces C\u00e9sped Multirustic Resistente"}]},{"@type":"WebSite","@id":"https:\/\/saiga.es\/es\/#website","url":"https:\/\/saiga.es\/es\/","name":"SAIGA","description":"M\u00e9s de 50 anys al servei de la terra i treballant per a un \u00fas eficient de l\u2019aigua!","publisher":{"@id":"https:\/\/saiga.es\/es\/#organization"},"potentialAction":[{"@type":"SearchAction","target":{"@type":"EntryPoint","urlTemplate":"https:\/\/saiga.es\/es\/?s={search_term_string}"},"query-input":{"@type":"PropertyValueSpecification","valueRequired":true,"valueName":"search_term_string"}}],"inLanguage":"es"},{"@type":"Organization","@id":"https:\/\/saiga.es\/es\/#organization","name":"SAIGA","url":"https:\/\/saiga.es\/es\/","logo":{"@type":"ImageObject","inLanguage":"es","@id":"https:\/\/saiga.es\/es\/#\/schema\/logo\/image\/","url":"https:\/\/saiga.es\/wp-content\/uploads\/2025\/07\/logo_saiga_baseline_optimitzat.svg","contentUrl":"https:\/\/saiga.es\/wp-content\/uploads\/2025\/07\/logo_saiga_baseline_optimitzat.svg","caption":"SAIGA"},"image":{"@id":"https:\/\/saiga.es\/es\/#\/schema\/logo\/image\/"},"sameAs":["https:\/\/x.com\/saiga_agro","https:\/\/www.instagram.com\/saiga_agro\/"]}]}},"_links":{"self":[{"href":"https:\/\/saiga.es\/es\/wp-json\/wp\/v2\/product\/7403","targetHints":{"allow":["GET"]}}],"collection":[{"href":"https:\/\/saiga.es\/es\/wp-json\/wp\/v2\/product"}],"about":[{"href":"https:\/\/saiga.es\/es\/wp-json\/wp\/v2\/types\/product"}],"replies":[{"embeddable":true,"href":"https:\/\/saiga.es\/es\/wp-json\/wp\/v2\/comments?post=7403"}],"wp:featuredmedia":[{"embeddable":true,"href":"https:\/\/saiga.es\/es\/wp-json\/wp\/v2\/media\/14322"}],"wp:attachment":[{"href":"https:\/\/saiga.es\/es\/wp-json\/wp\/v2\/media?parent=7403"}],"wp:term":[{"taxonomy":"product_brand","embeddable":true,"href":"https:\/\/saiga.es\/es\/wp-json\/wp\/v2\/product_brand?post=7403"},{"taxonomy":"product_cat","embeddable":true,"href":"https:\/\/saiga.es\/es\/wp-json\/wp\/v2\/product_cat?post=7403"},{"taxonomy":"product_tag","embeddable":true,"href":"https:\/\/saiga.es\/es\/wp-json\/wp\/v2\/product_tag?post=7403"}],"curies":[{"name":"wp","href":"https:\/\/api.w.org\/{rel}","templated":true}]}}