{"id":7424,"date":"2024-02-15T10:00:25","date_gmt":"2024-02-15T10:00:25","guid":{"rendered":"https:\/\/botiga.saiga.es\/producte\/cesped-renueva\/"},"modified":"2025-10-02T07:08:14","modified_gmt":"2025-10-02T07:08:14","slug":"cesped-renueva","status":"publish","type":"product","link":"https:\/\/saiga.es\/es\/producto\/cesped-renueva\/","title":{"rendered":"C\u00e9sped Renova"},"content":{"rendered":"<p data-start=\"217\" data-end=\"556\">El C\u00e9sped Renova es una mezcla de semillas de alta calidad especialmente dise\u00f1ada para resembrados sobre cualquier tipo de c\u00e9sped, tanto para usos deportivos como de recreo. Esta combinaci\u00f3n incluye raygras tetraploides, que permite un crecimiento r\u00e1pido y una excelente recuperaci\u00f3n \u2014incluso en condiciones meteorol\u00f3gicas adversas. <\/p>\n<p data-start=\"558\" data-end=\"589\">Caracter\u00edsticas destacadas<\/p>\n<ul data-start=\"591\" data-end=\"1013\">\n<li data-start=\"591\" data-end=\"683\">\n<p data-start=\"593\" data-end=\"683\">Respuesta r\u00e1pida: gracias a las raygras tetraploides, se adapta y arraiga con agilidad.<\/p>\n<\/li>\n<li data-start=\"684\" data-end=\"810\">\n<p data-start=\"686\" data-end=\"810\">Versatilidad: ideal para c\u00e9spedes ya existentes que necesitan regeneraci\u00f3n, tambi\u00e9n para zonas con tr\u00e1fico y uso frecuente.<\/p>\n<\/li>\n<li data-start=\"811\" data-end=\"903\">\n<p data-start=\"813\" data-end=\"903\">Calidad garantizada: marca Top Green, referencia en c\u00e9spedes y soluciones de jardiner\u00eda.<\/p>\n<\/li>\n<li data-start=\"904\" data-end=\"1013\">\n<p data-start=\"906\" data-end=\"1013\">Formatos disponibles: presente en saco de 1 kg y 5 kg, para adaptarse a superficies grandes y peque\u00f1as.<\/p>\n<\/li>\n<\/ul>\n<p data-start=\"1015\" data-end=\"1031\">Uso recomendado<\/p>\n<ol data-start=\"1033\" data-end=\"1485\">\n<li data-start=\"1033\" data-end=\"1115\">\n<p data-start=\"1036\" data-end=\"1115\">Preparar la superficie limpiando restos de c\u00e9sped muerto, malas hierbas o piedras.<\/p>\n<\/li>\n<li data-start=\"1116\" data-end=\"1211\">\n<p data-start=\"1119\" data-end=\"1211\">Nivelar el terreno y, si es necesario, airear para mejorar la penetraci\u00f3n de las semillas.<\/p>\n<\/li>\n<li data-start=\"1212\" data-end=\"1294\">\n<p data-start=\"1215\" data-end=\"1294\">Espolvorear la semilla de forma uniforme y recubrir ligeramente con tierra fina.<\/p>\n<\/li>\n<li data-start=\"1295\" data-end=\"1374\">\n<p data-start=\"1298\" data-end=\"1374\">Riego regular (sin encharcar) hasta que el nuevo c\u00e9sped est\u00e9 bien arraigado.<\/p>\n<\/li>\n<li data-start=\"1375\" data-end=\"1485\">\n<p data-start=\"1378\" data-end=\"1485\">Mantenimiento: siega moderada, abonado y seguir buenas pr\u00e1cticas de riego para consolidar un c\u00e9sped denso y verde.<\/p>\n<\/li>\n<\/ol>\n","protected":false},"excerpt":{"rendered":"<p>C\u00e9sped Renova Mezcla para todo tipo de resiembras, sobre cualquier tipo de c\u00e9sped, deportivo o de entretenimiento. Gracias a su composici\u00f3n, que incluye raygrasas tetraploides, el resultado es muy r\u00e1pido, incluso en condiciones adversas de climatolog\u00eda.<\/p>\n","protected":false},"featured_media":14316,"comment_status":"closed","ping_status":"closed","template":"","meta":[],"product_brand":[2196],"product_cat":[408],"product_tag":[801,806,817,741,780,805],"class_list":{"0":"post-7424","1":"product","2":"type-product","3":"status-publish","4":"has-post-thumbnail","6":"product_brand-top-green-es","7":"product_cat-cespeds","8":"product_tag-cesped","9":"product_tag-cesped-natural","10":"product_tag-cesped-renueva","11":"product_tag-jardin-es","12":"product_tag-jardineria-es","13":"product_tag-top-green-es","15":"first","16":"instock","17":"taxable","18":"shipping-taxable","19":"purchasable","20":"product-type-variable"},"yoast_head":"<!-- This site is optimized with the Yoast SEO plugin v27.4 - https:\/\/yoast.com\/product\/yoast-seo-wordpress\/ -->\n<title>C\u00e9sped Renova | SAIGA<\/title>\n<meta name=\"description\" content=\"C\u00e9sped Renueva de Top Green: mezcla de semillas con raygras tetraploides, ideal para resembrados r\u00e1pidos en c\u00e9spedes deportivos o de uso dom\u00e9stico.\" \/>\n<meta name=\"robots\" content=\"index, follow, max-snippet:-1, max-image-preview:large, max-video-preview:-1\" \/>\n<link rel=\"canonical\" href=\"https:\/\/saiga.es\/es\/producto\/cesped-renueva\/\" \/>\n<meta property=\"og:locale\" content=\"es_ES\" \/>\n<meta property=\"og:type\" content=\"article\" \/>\n<meta property=\"og:title\" content=\"C\u00e9sped Renova | SAIGA\" \/>\n<meta property=\"og:description\" content=\"C\u00e9sped Renueva de Top Green: mezcla de semillas con raygras tetraploides, ideal para resembrados r\u00e1pidos en c\u00e9spedes deportivos o de uso dom\u00e9stico.\" \/>\n<meta property=\"og:url\" content=\"https:\/\/saiga.es\/es\/producto\/cesped-renueva\/\" \/>\n<meta property=\"og:site_name\" content=\"SAIGA\" \/>\n<meta property=\"article:modified_time\" content=\"2025-10-02T07:08:14+00:00\" \/>\n<meta property=\"og:image\" content=\"https:\/\/saiga.es\/wp-content\/uploads\/2024\/02\/Gespa-renova.jpg\" \/>\n\t<meta property=\"og:image:width\" content=\"1080\" \/>\n\t<meta property=\"og:image:height\" content=\"1080\" \/>\n\t<meta property=\"og:image:type\" content=\"image\/jpeg\" \/>\n<meta name=\"twitter:card\" content=\"summary_large_image\" \/>\n<meta name=\"twitter:site\" content=\"@saiga_agro\" \/>\n<meta name=\"twitter:label1\" content=\"Tiempo de lectura\" \/>\n\t<meta name=\"twitter:data1\" content=\"1 minuto\" \/>\n<script type=\"application\/ld+json\" class=\"yoast-schema-graph\">{\"@context\":\"https:\\\/\\\/schema.org\",\"@graph\":[{\"@type\":\"WebPage\",\"@id\":\"https:\\\/\\\/saiga.es\\\/es\\\/producto\\\/cesped-renueva\\\/\",\"url\":\"https:\\\/\\\/saiga.es\\\/es\\\/producto\\\/cesped-renueva\\\/\",\"name\":\"C\u00e9sped Renova | SAIGA\",\"isPartOf\":{\"@id\":\"https:\\\/\\\/saiga.es\\\/es\\\/#website\"},\"primaryImageOfPage\":{\"@id\":\"https:\\\/\\\/saiga.es\\\/es\\\/producto\\\/cesped-renueva\\\/#primaryimage\"},\"image\":{\"@id\":\"https:\\\/\\\/saiga.es\\\/es\\\/producto\\\/cesped-renueva\\\/#primaryimage\"},\"thumbnailUrl\":\"https:\\\/\\\/saiga.es\\\/wp-content\\\/uploads\\\/2024\\\/02\\\/Gespa-renova.jpg\",\"datePublished\":\"2024-02-15T10:00:25+00:00\",\"dateModified\":\"2025-10-02T07:08:14+00:00\",\"description\":\"C\u00e9sped Renueva de Top Green: mezcla de semillas con raygras tetraploides, ideal para resembrados r\u00e1pidos en c\u00e9spedes deportivos o de uso dom\u00e9stico.\",\"breadcrumb\":{\"@id\":\"https:\\\/\\\/saiga.es\\\/es\\\/producto\\\/cesped-renueva\\\/#breadcrumb\"},\"inLanguage\":\"es\",\"potentialAction\":[{\"@type\":\"ReadAction\",\"target\":[\"https:\\\/\\\/saiga.es\\\/es\\\/producto\\\/cesped-renueva\\\/\"]}]},{\"@type\":\"ImageObject\",\"inLanguage\":\"es\",\"@id\":\"https:\\\/\\\/saiga.es\\\/es\\\/producto\\\/cesped-renueva\\\/#primaryimage\",\"url\":\"https:\\\/\\\/saiga.es\\\/wp-content\\\/uploads\\\/2024\\\/02\\\/Gespa-renova.jpg\",\"contentUrl\":\"https:\\\/\\\/saiga.es\\\/wp-content\\\/uploads\\\/2024\\\/02\\\/Gespa-renova.jpg\",\"width\":1080,\"height\":1080,\"caption\":\"Llavor Gespa Renova\"},{\"@type\":\"BreadcrumbList\",\"@id\":\"https:\\\/\\\/saiga.es\\\/es\\\/producto\\\/cesped-renueva\\\/#breadcrumb\",\"itemListElement\":[{\"@type\":\"ListItem\",\"position\":1,\"name\":\"Inici\",\"item\":\"https:\\\/\\\/saiga.es\\\/es\\\/\"},{\"@type\":\"ListItem\",\"position\":2,\"name\":\"Tienda\",\"item\":\"https:\\\/\\\/saiga.es\\\/es\\\/tienda\\\/\"},{\"@type\":\"ListItem\",\"position\":3,\"name\":\"C\u00e9sped Renova\"}]},{\"@type\":\"WebSite\",\"@id\":\"https:\\\/\\\/saiga.es\\\/es\\\/#website\",\"url\":\"https:\\\/\\\/saiga.es\\\/es\\\/\",\"name\":\"SAIGA\",\"description\":\"M\u00e9s de 50 anys al servei de la terra i treballant per a un \u00fas eficient de l\u2019aigua!\",\"publisher\":{\"@id\":\"https:\\\/\\\/saiga.es\\\/es\\\/#organization\"},\"potentialAction\":[{\"@type\":\"SearchAction\",\"target\":{\"@type\":\"EntryPoint\",\"urlTemplate\":\"https:\\\/\\\/saiga.es\\\/es\\\/?s={search_term_string}\"},\"query-input\":{\"@type\":\"PropertyValueSpecification\",\"valueRequired\":true,\"valueName\":\"search_term_string\"}}],\"inLanguage\":\"es\"},{\"@type\":\"Organization\",\"@id\":\"https:\\\/\\\/saiga.es\\\/es\\\/#organization\",\"name\":\"SAIGA\",\"url\":\"https:\\\/\\\/saiga.es\\\/es\\\/\",\"logo\":{\"@type\":\"ImageObject\",\"inLanguage\":\"es\",\"@id\":\"https:\\\/\\\/saiga.es\\\/es\\\/#\\\/schema\\\/logo\\\/image\\\/\",\"url\":\"https:\\\/\\\/saiga.es\\\/wp-content\\\/uploads\\\/2025\\\/07\\\/logo_saiga_baseline_optimitzat.svg\",\"contentUrl\":\"https:\\\/\\\/saiga.es\\\/wp-content\\\/uploads\\\/2025\\\/07\\\/logo_saiga_baseline_optimitzat.svg\",\"caption\":\"SAIGA\"},\"image\":{\"@id\":\"https:\\\/\\\/saiga.es\\\/es\\\/#\\\/schema\\\/logo\\\/image\\\/\"},\"sameAs\":[\"https:\\\/\\\/x.com\\\/saiga_agro\",\"https:\\\/\\\/www.instagram.com\\\/saiga_agro\\\/\"]}]}<\/script>\n<!-- \/ Yoast SEO plugin. -->","yoast_head_json":{"title":"C\u00e9sped Renova | SAIGA","description":"C\u00e9sped Renueva de Top Green: mezcla de semillas con raygras tetraploides, ideal para resembrados r\u00e1pidos en c\u00e9spedes deportivos o de uso dom\u00e9stico.","robots":{"index":"index","follow":"follow","max-snippet":"max-snippet:-1","max-image-preview":"max-image-preview:large","max-video-preview":"max-video-preview:-1"},"canonical":"https:\/\/saiga.es\/es\/producto\/cesped-renueva\/","og_locale":"es_ES","og_type":"article","og_title":"C\u00e9sped Renova | SAIGA","og_description":"C\u00e9sped Renueva de Top Green: mezcla de semillas con raygras tetraploides, ideal para resembrados r\u00e1pidos en c\u00e9spedes deportivos o de uso dom\u00e9stico.","og_url":"https:\/\/saiga.es\/es\/producto\/cesped-renueva\/","og_site_name":"SAIGA","article_modified_time":"2025-10-02T07:08:14+00:00","og_image":[{"width":1080,"height":1080,"url":"https:\/\/saiga.es\/wp-content\/uploads\/2024\/02\/Gespa-renova.jpg","type":"image\/jpeg"}],"twitter_card":"summary_large_image","twitter_site":"@saiga_agro","twitter_misc":{"Tiempo de lectura":"1 minuto"},"schema":{"@context":"https:\/\/schema.org","@graph":[{"@type":"WebPage","@id":"https:\/\/saiga.es\/es\/producto\/cesped-renueva\/","url":"https:\/\/saiga.es\/es\/producto\/cesped-renueva\/","name":"C\u00e9sped Renova | SAIGA","isPartOf":{"@id":"https:\/\/saiga.es\/es\/#website"},"primaryImageOfPage":{"@id":"https:\/\/saiga.es\/es\/producto\/cesped-renueva\/#primaryimage"},"image":{"@id":"https:\/\/saiga.es\/es\/producto\/cesped-renueva\/#primaryimage"},"thumbnailUrl":"https:\/\/saiga.es\/wp-content\/uploads\/2024\/02\/Gespa-renova.jpg","datePublished":"2024-02-15T10:00:25+00:00","dateModified":"2025-10-02T07:08:14+00:00","description":"C\u00e9sped Renueva de Top Green: mezcla de semillas con raygras tetraploides, ideal para resembrados r\u00e1pidos en c\u00e9spedes deportivos o de uso dom\u00e9stico.","breadcrumb":{"@id":"https:\/\/saiga.es\/es\/producto\/cesped-renueva\/#breadcrumb"},"inLanguage":"es","potentialAction":[{"@type":"ReadAction","target":["https:\/\/saiga.es\/es\/producto\/cesped-renueva\/"]}]},{"@type":"ImageObject","inLanguage":"es","@id":"https:\/\/saiga.es\/es\/producto\/cesped-renueva\/#primaryimage","url":"https:\/\/saiga.es\/wp-content\/uploads\/2024\/02\/Gespa-renova.jpg","contentUrl":"https:\/\/saiga.es\/wp-content\/uploads\/2024\/02\/Gespa-renova.jpg","width":1080,"height":1080,"caption":"Llavor Gespa Renova"},{"@type":"BreadcrumbList","@id":"https:\/\/saiga.es\/es\/producto\/cesped-renueva\/#breadcrumb","itemListElement":[{"@type":"ListItem","position":1,"name":"Inici","item":"https:\/\/saiga.es\/es\/"},{"@type":"ListItem","position":2,"name":"Tienda","item":"https:\/\/saiga.es\/es\/tienda\/"},{"@type":"ListItem","position":3,"name":"C\u00e9sped Renova"}]},{"@type":"WebSite","@id":"https:\/\/saiga.es\/es\/#website","url":"https:\/\/saiga.es\/es\/","name":"SAIGA","description":"M\u00e9s de 50 anys al servei de la terra i treballant per a un \u00fas eficient de l\u2019aigua!","publisher":{"@id":"https:\/\/saiga.es\/es\/#organization"},"potentialAction":[{"@type":"SearchAction","target":{"@type":"EntryPoint","urlTemplate":"https:\/\/saiga.es\/es\/?s={search_term_string}"},"query-input":{"@type":"PropertyValueSpecification","valueRequired":true,"valueName":"search_term_string"}}],"inLanguage":"es"},{"@type":"Organization","@id":"https:\/\/saiga.es\/es\/#organization","name":"SAIGA","url":"https:\/\/saiga.es\/es\/","logo":{"@type":"ImageObject","inLanguage":"es","@id":"https:\/\/saiga.es\/es\/#\/schema\/logo\/image\/","url":"https:\/\/saiga.es\/wp-content\/uploads\/2025\/07\/logo_saiga_baseline_optimitzat.svg","contentUrl":"https:\/\/saiga.es\/wp-content\/uploads\/2025\/07\/logo_saiga_baseline_optimitzat.svg","caption":"SAIGA"},"image":{"@id":"https:\/\/saiga.es\/es\/#\/schema\/logo\/image\/"},"sameAs":["https:\/\/x.com\/saiga_agro","https:\/\/www.instagram.com\/saiga_agro\/"]}]}},"_links":{"self":[{"href":"https:\/\/saiga.es\/es\/wp-json\/wp\/v2\/product\/7424","targetHints":{"allow":["GET"]}}],"collection":[{"href":"https:\/\/saiga.es\/es\/wp-json\/wp\/v2\/product"}],"about":[{"href":"https:\/\/saiga.es\/es\/wp-json\/wp\/v2\/types\/product"}],"replies":[{"embeddable":true,"href":"https:\/\/saiga.es\/es\/wp-json\/wp\/v2\/comments?post=7424"}],"wp:featuredmedia":[{"embeddable":true,"href":"https:\/\/saiga.es\/es\/wp-json\/wp\/v2\/media\/14316"}],"wp:attachment":[{"href":"https:\/\/saiga.es\/es\/wp-json\/wp\/v2\/media?parent=7424"}],"wp:term":[{"taxonomy":"product_brand","embeddable":true,"href":"https:\/\/saiga.es\/es\/wp-json\/wp\/v2\/product_brand?post=7424"},{"taxonomy":"product_cat","embeddable":true,"href":"https:\/\/saiga.es\/es\/wp-json\/wp\/v2\/product_cat?post=7424"},{"taxonomy":"product_tag","embeddable":true,"href":"https:\/\/saiga.es\/es\/wp-json\/wp\/v2\/product_tag?post=7424"}],"curies":[{"name":"wp","href":"https:\/\/api.w.org\/{rel}","templated":true}]}}