{"id":7432,"date":"2024-02-15T10:25:19","date_gmt":"2024-02-15T10:25:19","guid":{"rendered":"https:\/\/botiga.saiga.es\/producte\/cesped-dichondra-repenso-500-g\/"},"modified":"2024-02-15T10:25:19","modified_gmt":"2024-02-15T10:25:19","slug":"cesped-dichondra-repenso-500-g","status":"publish","type":"product","link":"https:\/\/saiga.es\/es\/producto\/cesped-dichondra-repenso-500-g\/","title":{"rendered":"C\u00e9sped Dichondra Repenso 500 g"},"content":{"rendered":"<p>C\u00e9sped Dichondra Repenso 500 g. La Dichondra Repens es m\u00e1s una especie tapizante que un c\u00e9sped en sentido estricto. Sin embargo, hay muchos trabajos en los que una cubierta vegetal a base de Dichondra puede ser m\u00e1s interesante que un c\u00e9sped convencional. La Dichondra se utiliza para C\u00e9sped en sombra, Parterres de peque\u00f1as dimensiones. Se admite la siembra en combinaci\u00f3n con Lolium perenne o Festuca rubra. Pavimentos enlosados \u200b\u200b(siembra de las juntas). C\u00e9spedes de car\u00e1cter ornamental, poco transitados. Ubicaciones en las que las tareas de siega ofrezcan gran dificultad.<\/p>\n","protected":false},"excerpt":{"rendered":"<p>C\u00e9sped Dichondra Repenso 500 g. La Dichondra Repens es m\u00e1s una especie tapizante que un c\u00e9sped en sentido estricto. Sin embargo, hay muchos trabajos en los que una cubierta vegetal a base de Dichondra puede ser m\u00e1s interesante que un c\u00e9sped convencional. La Dichondra se utiliza para C\u00e9sped en sombra, Parterres de peque\u00f1as dimensiones. Se admite la siembra en combinaci\u00f3n con Lolium perenne o Festuca rubra. Pavimentos enlosados \u200b\u200b(siembra de las juntas). C\u00e9spedes de car\u00e1cter ornamental, poco transitados. Ubicaciones en las que las tareas de siega ofrezcan gran dificultad.<\/p>\n","protected":false},"featured_media":7430,"comment_status":"closed","ping_status":"closed","template":"","meta":[],"product_brand":[],"product_cat":[408],"product_tag":[801,806,780,802,805],"class_list":{"0":"post-7432","1":"product","2":"type-product","3":"status-publish","4":"has-post-thumbnail","6":"product_cat-cespeds","7":"product_tag-cesped","8":"product_tag-cesped-natural","9":"product_tag-jardineria-es","10":"product_tag-semillas-es","11":"product_tag-top-green-es","13":"first","14":"instock","15":"taxable","16":"shipping-taxable","17":"purchasable","18":"product-type-simple"},"yoast_head":"<!-- This site is optimized with the Yoast SEO plugin v27.4 - https:\/\/yoast.com\/product\/yoast-seo-wordpress\/ -->\n<title>C\u00e9sped Dichondra Repenso 500 g | SAIGA<\/title>\n<meta name=\"description\" content=\"C\u00e9sped Dichondra Repenso 500 g. La Dichondra Repens es m\u00e1s una especie tapizante que un c\u00e9sped en sentido estricto. Sin embargo, hay muchos trabajos en los que una cubierta vegetal a base de Dichondra puede ser m\u00e1s interesante que un c\u00e9sped convencional.\" \/>\n<meta name=\"robots\" content=\"index, follow, max-snippet:-1, max-image-preview:large, max-video-preview:-1\" \/>\n<link rel=\"canonical\" href=\"https:\/\/saiga.es\/es\/producto\/cesped-dichondra-repenso-500-g\/\" \/>\n<meta property=\"og:locale\" content=\"es_ES\" \/>\n<meta property=\"og:type\" content=\"article\" \/>\n<meta property=\"og:title\" content=\"C\u00e9sped Dichondra Repenso 500 g | SAIGA\" \/>\n<meta property=\"og:description\" content=\"C\u00e9sped Dichondra Repenso 500 g. La Dichondra Repens es m\u00e1s una especie tapizante que un c\u00e9sped en sentido estricto. Sin embargo, hay muchos trabajos en los que una cubierta vegetal a base de Dichondra puede ser m\u00e1s interesante que un c\u00e9sped convencional.\" \/>\n<meta property=\"og:url\" content=\"https:\/\/saiga.es\/es\/producto\/cesped-dichondra-repenso-500-g\/\" \/>\n<meta property=\"og:site_name\" content=\"SAIGA\" \/>\n<meta property=\"og:image\" content=\"https:\/\/saiga.es\/wp-content\/uploads\/2024\/02\/Dichondra.jpg\" \/>\n\t<meta property=\"og:image:width\" content=\"1000\" \/>\n\t<meta property=\"og:image:height\" content=\"1000\" \/>\n\t<meta property=\"og:image:type\" content=\"image\/jpeg\" \/>\n<meta name=\"twitter:card\" content=\"summary_large_image\" \/>\n<meta name=\"twitter:site\" content=\"@saiga_agro\" \/>\n<script type=\"application\/ld+json\" class=\"yoast-schema-graph\">{\"@context\":\"https:\\\/\\\/schema.org\",\"@graph\":[{\"@type\":\"WebPage\",\"@id\":\"https:\\\/\\\/saiga.es\\\/es\\\/producto\\\/cesped-dichondra-repenso-500-g\\\/\",\"url\":\"https:\\\/\\\/saiga.es\\\/es\\\/producto\\\/cesped-dichondra-repenso-500-g\\\/\",\"name\":\"C\u00e9sped Dichondra Repenso 500 g | SAIGA\",\"isPartOf\":{\"@id\":\"https:\\\/\\\/saiga.es\\\/es\\\/#website\"},\"primaryImageOfPage\":{\"@id\":\"https:\\\/\\\/saiga.es\\\/es\\\/producto\\\/cesped-dichondra-repenso-500-g\\\/#primaryimage\"},\"image\":{\"@id\":\"https:\\\/\\\/saiga.es\\\/es\\\/producto\\\/cesped-dichondra-repenso-500-g\\\/#primaryimage\"},\"thumbnailUrl\":\"https:\\\/\\\/saiga.es\\\/wp-content\\\/uploads\\\/2024\\\/02\\\/Dichondra.jpg\",\"datePublished\":\"2024-02-15T10:25:19+00:00\",\"description\":\"C\u00e9sped Dichondra Repenso 500 g. La Dichondra Repens es m\u00e1s una especie tapizante que un c\u00e9sped en sentido estricto. Sin embargo, hay muchos trabajos en los que una cubierta vegetal a base de Dichondra puede ser m\u00e1s interesante que un c\u00e9sped convencional.\",\"breadcrumb\":{\"@id\":\"https:\\\/\\\/saiga.es\\\/es\\\/producto\\\/cesped-dichondra-repenso-500-g\\\/#breadcrumb\"},\"inLanguage\":\"es\",\"potentialAction\":[{\"@type\":\"ReadAction\",\"target\":[\"https:\\\/\\\/saiga.es\\\/es\\\/producto\\\/cesped-dichondra-repenso-500-g\\\/\"]}]},{\"@type\":\"ImageObject\",\"inLanguage\":\"es\",\"@id\":\"https:\\\/\\\/saiga.es\\\/es\\\/producto\\\/cesped-dichondra-repenso-500-g\\\/#primaryimage\",\"url\":\"https:\\\/\\\/saiga.es\\\/wp-content\\\/uploads\\\/2024\\\/02\\\/Dichondra.jpg\",\"contentUrl\":\"https:\\\/\\\/saiga.es\\\/wp-content\\\/uploads\\\/2024\\\/02\\\/Dichondra.jpg\",\"width\":1000,\"height\":1000,\"caption\":\"Dichondra c\u00e9sped\"},{\"@type\":\"BreadcrumbList\",\"@id\":\"https:\\\/\\\/saiga.es\\\/es\\\/producto\\\/cesped-dichondra-repenso-500-g\\\/#breadcrumb\",\"itemListElement\":[{\"@type\":\"ListItem\",\"position\":1,\"name\":\"Inici\",\"item\":\"https:\\\/\\\/saiga.es\\\/es\\\/\"},{\"@type\":\"ListItem\",\"position\":2,\"name\":\"Tienda\",\"item\":\"https:\\\/\\\/saiga.es\\\/es\\\/tienda\\\/\"},{\"@type\":\"ListItem\",\"position\":3,\"name\":\"C\u00e9sped Dichondra Repenso 500 g\"}]},{\"@type\":\"WebSite\",\"@id\":\"https:\\\/\\\/saiga.es\\\/es\\\/#website\",\"url\":\"https:\\\/\\\/saiga.es\\\/es\\\/\",\"name\":\"SAIGA\",\"description\":\"M\u00e9s de 50 anys al servei de la terra i treballant per a un \u00fas eficient de l\u2019aigua!\",\"publisher\":{\"@id\":\"https:\\\/\\\/saiga.es\\\/es\\\/#organization\"},\"potentialAction\":[{\"@type\":\"SearchAction\",\"target\":{\"@type\":\"EntryPoint\",\"urlTemplate\":\"https:\\\/\\\/saiga.es\\\/es\\\/?s={search_term_string}\"},\"query-input\":{\"@type\":\"PropertyValueSpecification\",\"valueRequired\":true,\"valueName\":\"search_term_string\"}}],\"inLanguage\":\"es\"},{\"@type\":\"Organization\",\"@id\":\"https:\\\/\\\/saiga.es\\\/es\\\/#organization\",\"name\":\"SAIGA\",\"url\":\"https:\\\/\\\/saiga.es\\\/es\\\/\",\"logo\":{\"@type\":\"ImageObject\",\"inLanguage\":\"es\",\"@id\":\"https:\\\/\\\/saiga.es\\\/es\\\/#\\\/schema\\\/logo\\\/image\\\/\",\"url\":\"https:\\\/\\\/saiga.es\\\/wp-content\\\/uploads\\\/2025\\\/07\\\/logo_saiga_baseline_optimitzat.svg\",\"contentUrl\":\"https:\\\/\\\/saiga.es\\\/wp-content\\\/uploads\\\/2025\\\/07\\\/logo_saiga_baseline_optimitzat.svg\",\"caption\":\"SAIGA\"},\"image\":{\"@id\":\"https:\\\/\\\/saiga.es\\\/es\\\/#\\\/schema\\\/logo\\\/image\\\/\"},\"sameAs\":[\"https:\\\/\\\/x.com\\\/saiga_agro\",\"https:\\\/\\\/www.instagram.com\\\/saiga_agro\\\/\"]}]}<\/script>\n<!-- \/ Yoast SEO plugin. -->","yoast_head_json":{"title":"C\u00e9sped Dichondra Repenso 500 g | SAIGA","description":"C\u00e9sped Dichondra Repenso 500 g. La Dichondra Repens es m\u00e1s una especie tapizante que un c\u00e9sped en sentido estricto. Sin embargo, hay muchos trabajos en los que una cubierta vegetal a base de Dichondra puede ser m\u00e1s interesante que un c\u00e9sped convencional.","robots":{"index":"index","follow":"follow","max-snippet":"max-snippet:-1","max-image-preview":"max-image-preview:large","max-video-preview":"max-video-preview:-1"},"canonical":"https:\/\/saiga.es\/es\/producto\/cesped-dichondra-repenso-500-g\/","og_locale":"es_ES","og_type":"article","og_title":"C\u00e9sped Dichondra Repenso 500 g | SAIGA","og_description":"C\u00e9sped Dichondra Repenso 500 g. La Dichondra Repens es m\u00e1s una especie tapizante que un c\u00e9sped en sentido estricto. Sin embargo, hay muchos trabajos en los que una cubierta vegetal a base de Dichondra puede ser m\u00e1s interesante que un c\u00e9sped convencional.","og_url":"https:\/\/saiga.es\/es\/producto\/cesped-dichondra-repenso-500-g\/","og_site_name":"SAIGA","og_image":[{"width":1000,"height":1000,"url":"https:\/\/saiga.es\/wp-content\/uploads\/2024\/02\/Dichondra.jpg","type":"image\/jpeg"}],"twitter_card":"summary_large_image","twitter_site":"@saiga_agro","schema":{"@context":"https:\/\/schema.org","@graph":[{"@type":"WebPage","@id":"https:\/\/saiga.es\/es\/producto\/cesped-dichondra-repenso-500-g\/","url":"https:\/\/saiga.es\/es\/producto\/cesped-dichondra-repenso-500-g\/","name":"C\u00e9sped Dichondra Repenso 500 g | SAIGA","isPartOf":{"@id":"https:\/\/saiga.es\/es\/#website"},"primaryImageOfPage":{"@id":"https:\/\/saiga.es\/es\/producto\/cesped-dichondra-repenso-500-g\/#primaryimage"},"image":{"@id":"https:\/\/saiga.es\/es\/producto\/cesped-dichondra-repenso-500-g\/#primaryimage"},"thumbnailUrl":"https:\/\/saiga.es\/wp-content\/uploads\/2024\/02\/Dichondra.jpg","datePublished":"2024-02-15T10:25:19+00:00","description":"C\u00e9sped Dichondra Repenso 500 g. La Dichondra Repens es m\u00e1s una especie tapizante que un c\u00e9sped en sentido estricto. Sin embargo, hay muchos trabajos en los que una cubierta vegetal a base de Dichondra puede ser m\u00e1s interesante que un c\u00e9sped convencional.","breadcrumb":{"@id":"https:\/\/saiga.es\/es\/producto\/cesped-dichondra-repenso-500-g\/#breadcrumb"},"inLanguage":"es","potentialAction":[{"@type":"ReadAction","target":["https:\/\/saiga.es\/es\/producto\/cesped-dichondra-repenso-500-g\/"]}]},{"@type":"ImageObject","inLanguage":"es","@id":"https:\/\/saiga.es\/es\/producto\/cesped-dichondra-repenso-500-g\/#primaryimage","url":"https:\/\/saiga.es\/wp-content\/uploads\/2024\/02\/Dichondra.jpg","contentUrl":"https:\/\/saiga.es\/wp-content\/uploads\/2024\/02\/Dichondra.jpg","width":1000,"height":1000,"caption":"Dichondra c\u00e9sped"},{"@type":"BreadcrumbList","@id":"https:\/\/saiga.es\/es\/producto\/cesped-dichondra-repenso-500-g\/#breadcrumb","itemListElement":[{"@type":"ListItem","position":1,"name":"Inici","item":"https:\/\/saiga.es\/es\/"},{"@type":"ListItem","position":2,"name":"Tienda","item":"https:\/\/saiga.es\/es\/tienda\/"},{"@type":"ListItem","position":3,"name":"C\u00e9sped Dichondra Repenso 500 g"}]},{"@type":"WebSite","@id":"https:\/\/saiga.es\/es\/#website","url":"https:\/\/saiga.es\/es\/","name":"SAIGA","description":"M\u00e9s de 50 anys al servei de la terra i treballant per a un \u00fas eficient de l\u2019aigua!","publisher":{"@id":"https:\/\/saiga.es\/es\/#organization"},"potentialAction":[{"@type":"SearchAction","target":{"@type":"EntryPoint","urlTemplate":"https:\/\/saiga.es\/es\/?s={search_term_string}"},"query-input":{"@type":"PropertyValueSpecification","valueRequired":true,"valueName":"search_term_string"}}],"inLanguage":"es"},{"@type":"Organization","@id":"https:\/\/saiga.es\/es\/#organization","name":"SAIGA","url":"https:\/\/saiga.es\/es\/","logo":{"@type":"ImageObject","inLanguage":"es","@id":"https:\/\/saiga.es\/es\/#\/schema\/logo\/image\/","url":"https:\/\/saiga.es\/wp-content\/uploads\/2025\/07\/logo_saiga_baseline_optimitzat.svg","contentUrl":"https:\/\/saiga.es\/wp-content\/uploads\/2025\/07\/logo_saiga_baseline_optimitzat.svg","caption":"SAIGA"},"image":{"@id":"https:\/\/saiga.es\/es\/#\/schema\/logo\/image\/"},"sameAs":["https:\/\/x.com\/saiga_agro","https:\/\/www.instagram.com\/saiga_agro\/"]}]}},"_links":{"self":[{"href":"https:\/\/saiga.es\/es\/wp-json\/wp\/v2\/product\/7432","targetHints":{"allow":["GET"]}}],"collection":[{"href":"https:\/\/saiga.es\/es\/wp-json\/wp\/v2\/product"}],"about":[{"href":"https:\/\/saiga.es\/es\/wp-json\/wp\/v2\/types\/product"}],"replies":[{"embeddable":true,"href":"https:\/\/saiga.es\/es\/wp-json\/wp\/v2\/comments?post=7432"}],"wp:featuredmedia":[{"embeddable":true,"href":"https:\/\/saiga.es\/es\/wp-json\/wp\/v2\/media\/7430"}],"wp:attachment":[{"href":"https:\/\/saiga.es\/es\/wp-json\/wp\/v2\/media?parent=7432"}],"wp:term":[{"taxonomy":"product_brand","embeddable":true,"href":"https:\/\/saiga.es\/es\/wp-json\/wp\/v2\/product_brand?post=7432"},{"taxonomy":"product_cat","embeddable":true,"href":"https:\/\/saiga.es\/es\/wp-json\/wp\/v2\/product_cat?post=7432"},{"taxonomy":"product_tag","embeddable":true,"href":"https:\/\/saiga.es\/es\/wp-json\/wp\/v2\/product_tag?post=7432"}],"curies":[{"name":"wp","href":"https:\/\/api.w.org\/{rel}","templated":true}]}}