{"id":7570,"date":"2024-01-30T15:23:16","date_gmt":"2024-01-30T15:23:16","guid":{"rendered":"https:\/\/botiga.saiga.es\/producte\/sierra-electrica-arvipo-ms37\/"},"modified":"2024-10-17T09:12:21","modified_gmt":"2024-10-17T09:12:21","slug":"sierra-electrica-arvipo-ms37","status":"publish","type":"product","link":"https:\/\/saiga.es\/es\/producto\/sierra-electrica-arvipo-ms37\/","title":{"rendered":"Sierra el\u00e9ctrica Arvipo MS37"},"content":{"rendered":"<p><strong>Sierra el\u00e9ctrica Arvipo MS37<\/strong><\/p>\n<p>La motosierra ARVIPO MS37 hace su entrada como la versi\u00f3n m\u00e1s robusta de la MT37, ofreciendo un nivel superior de potencia de corte y peso. Esta herramienta es la elecci\u00f3n ideal para podar \u00e1rboles con di\u00e1metros considerables y trabajar con maderas resistentes como el pomelo, el almendro y el olivo. Su empu\u00f1adura espec\u00edfica para la mano acompa\u00f1ante garantiza un manejo excepcionalmente f\u00e1cil, incluso en tareas m\u00e1s exigentes.<\/p>\n<p>BATER\u00cdA INCORPORADA O EXTRA\u00cdBLE<\/p>\n<p>La bater\u00eda extra\u00edble proporciona una flexibilidad total de movimiento. Con el uso del pr\u00e1ctico accesorios del cable extensor, tienes la opci\u00f3n de seleccionar el funcionamiento con la bater\u00eda incluida o llevarla por separado en funci\u00f3n de las condiciones y duraci\u00f3n de la jornada laboral. Con el uso del pr\u00e1ctico accesorios del cable extensor, tienes la opci\u00f3n de seleccionar el funcionamiento con la bater\u00eda incluida o llevarla por separado en funci\u00f3n de las condiciones y duraci\u00f3n de la jornada laboral.<\/p>\n","protected":false},"excerpt":{"rendered":"<p>La sierra el\u00e9ctrica Arvipo MS37 destaca por su potencia superior y peso. La bater\u00eda extra\u00edble proporciona libertad de movimiento. Esencial para profesionales que buscan rendimiento y versatilidad.<\/p>\n","protected":false},"featured_media":7031,"comment_status":"open","ping_status":"closed","template":"","meta":[],"product_brand":[],"product_cat":[413,854,1709],"product_tag":[857,674,855,551,856],"class_list":{"0":"post-7570","1":"product","2":"type-product","3":"status-publish","4":"has-post-thumbnail","6":"product_cat-poda-es","7":"product_cat-sierras-de-poda-electricas","8":"product_cat-sierras-electricas-arvipo","9":"product_tag-corte","10":"product_tag-frutales","11":"product_tag-podadora-es","12":"product_tag-podar-es","13":"product_tag-sierra-de-poda","15":"first","16":"instock","17":"taxable","18":"shipping-taxable","19":"purchasable","20":"product-type-variable"},"yoast_head":"<!-- This site is optimized with the Yoast SEO plugin v27.4 - https:\/\/yoast.com\/product\/yoast-seo-wordpress\/ -->\n<title>Sierra el\u00e9ctrica Arvipo MS37 | SAIGA<\/title>\n<meta name=\"description\" content=\"La sierra el\u00e9ctrica Arvipo MS37 destaca por su potencia superior y peso. La bater\u00eda extra\u00edble proporciona libertad de movimiento.\" \/>\n<meta name=\"robots\" content=\"index, follow, max-snippet:-1, max-image-preview:large, max-video-preview:-1\" \/>\n<link rel=\"canonical\" href=\"https:\/\/saiga.es\/es\/producto\/sierra-electrica-arvipo-ms37\/\" \/>\n<meta property=\"og:locale\" content=\"es_ES\" \/>\n<meta property=\"og:type\" content=\"article\" \/>\n<meta property=\"og:title\" content=\"Sierra el\u00e9ctrica Arvipo MS37 | SAIGA\" \/>\n<meta property=\"og:description\" content=\"La sierra el\u00e9ctrica Arvipo MS37 destaca por su potencia superior y peso. La bater\u00eda extra\u00edble proporciona libertad de movimiento.\" \/>\n<meta property=\"og:url\" content=\"https:\/\/saiga.es\/es\/producto\/sierra-electrica-arvipo-ms37\/\" \/>\n<meta property=\"og:site_name\" content=\"SAIGA\" \/>\n<meta property=\"article:modified_time\" content=\"2024-10-17T09:12:21+00:00\" \/>\n<meta property=\"og:image\" content=\"https:\/\/saiga.es\/wp-content\/uploads\/2024\/01\/mt27-frontal1-2.jpg\" \/>\n\t<meta property=\"og:image:width\" content=\"1800\" \/>\n\t<meta property=\"og:image:height\" content=\"1738\" \/>\n\t<meta property=\"og:image:type\" content=\"image\/jpeg\" \/>\n<meta name=\"twitter:card\" content=\"summary_large_image\" \/>\n<meta name=\"twitter:site\" content=\"@saiga_agro\" \/>\n<meta name=\"twitter:label1\" content=\"Tiempo de lectura\" \/>\n\t<meta name=\"twitter:data1\" content=\"2 minutos\" \/>\n<script type=\"application\/ld+json\" class=\"yoast-schema-graph\">{\"@context\":\"https:\\\/\\\/schema.org\",\"@graph\":[{\"@type\":\"WebPage\",\"@id\":\"https:\\\/\\\/saiga.es\\\/es\\\/producto\\\/sierra-electrica-arvipo-ms37\\\/\",\"url\":\"https:\\\/\\\/saiga.es\\\/es\\\/producto\\\/sierra-electrica-arvipo-ms37\\\/\",\"name\":\"Sierra el\u00e9ctrica Arvipo MS37 | SAIGA\",\"isPartOf\":{\"@id\":\"https:\\\/\\\/saiga.es\\\/es\\\/#website\"},\"primaryImageOfPage\":{\"@id\":\"https:\\\/\\\/saiga.es\\\/es\\\/producto\\\/sierra-electrica-arvipo-ms37\\\/#primaryimage\"},\"image\":{\"@id\":\"https:\\\/\\\/saiga.es\\\/es\\\/producto\\\/sierra-electrica-arvipo-ms37\\\/#primaryimage\"},\"thumbnailUrl\":\"https:\\\/\\\/saiga.es\\\/wp-content\\\/uploads\\\/2024\\\/01\\\/mt27-frontal1-2.jpg\",\"datePublished\":\"2024-01-30T15:23:16+00:00\",\"dateModified\":\"2024-10-17T09:12:21+00:00\",\"description\":\"La sierra el\u00e9ctrica Arvipo MS37 destaca por su potencia superior y peso. La bater\u00eda extra\u00edble proporciona libertad de movimiento.\",\"breadcrumb\":{\"@id\":\"https:\\\/\\\/saiga.es\\\/es\\\/producto\\\/sierra-electrica-arvipo-ms37\\\/#breadcrumb\"},\"inLanguage\":\"es\",\"potentialAction\":[{\"@type\":\"ReadAction\",\"target\":[\"https:\\\/\\\/saiga.es\\\/es\\\/producto\\\/sierra-electrica-arvipo-ms37\\\/\"]}]},{\"@type\":\"ImageObject\",\"inLanguage\":\"es\",\"@id\":\"https:\\\/\\\/saiga.es\\\/es\\\/producto\\\/sierra-electrica-arvipo-ms37\\\/#primaryimage\",\"url\":\"https:\\\/\\\/saiga.es\\\/wp-content\\\/uploads\\\/2024\\\/01\\\/mt27-frontal1-2.jpg\",\"contentUrl\":\"https:\\\/\\\/saiga.es\\\/wp-content\\\/uploads\\\/2024\\\/01\\\/mt27-frontal1-2.jpg\",\"width\":1800,\"height\":1738},{\"@type\":\"BreadcrumbList\",\"@id\":\"https:\\\/\\\/saiga.es\\\/es\\\/producto\\\/sierra-electrica-arvipo-ms37\\\/#breadcrumb\",\"itemListElement\":[{\"@type\":\"ListItem\",\"position\":1,\"name\":\"Inici\",\"item\":\"https:\\\/\\\/saiga.es\\\/es\\\/\"},{\"@type\":\"ListItem\",\"position\":2,\"name\":\"Tienda\",\"item\":\"https:\\\/\\\/saiga.es\\\/es\\\/tienda\\\/\"},{\"@type\":\"ListItem\",\"position\":3,\"name\":\"Sierra el\u00e9ctrica Arvipo MS37\"}]},{\"@type\":\"WebSite\",\"@id\":\"https:\\\/\\\/saiga.es\\\/es\\\/#website\",\"url\":\"https:\\\/\\\/saiga.es\\\/es\\\/\",\"name\":\"SAIGA\",\"description\":\"M\u00e9s de 50 anys al servei de la terra i treballant per a un \u00fas eficient de l\u2019aigua!\",\"publisher\":{\"@id\":\"https:\\\/\\\/saiga.es\\\/es\\\/#organization\"},\"potentialAction\":[{\"@type\":\"SearchAction\",\"target\":{\"@type\":\"EntryPoint\",\"urlTemplate\":\"https:\\\/\\\/saiga.es\\\/es\\\/?s={search_term_string}\"},\"query-input\":{\"@type\":\"PropertyValueSpecification\",\"valueRequired\":true,\"valueName\":\"search_term_string\"}}],\"inLanguage\":\"es\"},{\"@type\":\"Organization\",\"@id\":\"https:\\\/\\\/saiga.es\\\/es\\\/#organization\",\"name\":\"SAIGA\",\"url\":\"https:\\\/\\\/saiga.es\\\/es\\\/\",\"logo\":{\"@type\":\"ImageObject\",\"inLanguage\":\"es\",\"@id\":\"https:\\\/\\\/saiga.es\\\/es\\\/#\\\/schema\\\/logo\\\/image\\\/\",\"url\":\"https:\\\/\\\/saiga.es\\\/wp-content\\\/uploads\\\/2025\\\/07\\\/logo_saiga_baseline_optimitzat.svg\",\"contentUrl\":\"https:\\\/\\\/saiga.es\\\/wp-content\\\/uploads\\\/2025\\\/07\\\/logo_saiga_baseline_optimitzat.svg\",\"caption\":\"SAIGA\"},\"image\":{\"@id\":\"https:\\\/\\\/saiga.es\\\/es\\\/#\\\/schema\\\/logo\\\/image\\\/\"},\"sameAs\":[\"https:\\\/\\\/x.com\\\/saiga_agro\",\"https:\\\/\\\/www.instagram.com\\\/saiga_agro\\\/\"]}]}<\/script>\n<!-- \/ Yoast SEO plugin. -->","yoast_head_json":{"title":"Sierra el\u00e9ctrica Arvipo MS37 | SAIGA","description":"La sierra el\u00e9ctrica Arvipo MS37 destaca por su potencia superior y peso. La bater\u00eda extra\u00edble proporciona libertad de movimiento.","robots":{"index":"index","follow":"follow","max-snippet":"max-snippet:-1","max-image-preview":"max-image-preview:large","max-video-preview":"max-video-preview:-1"},"canonical":"https:\/\/saiga.es\/es\/producto\/sierra-electrica-arvipo-ms37\/","og_locale":"es_ES","og_type":"article","og_title":"Sierra el\u00e9ctrica Arvipo MS37 | SAIGA","og_description":"La sierra el\u00e9ctrica Arvipo MS37 destaca por su potencia superior y peso. La bater\u00eda extra\u00edble proporciona libertad de movimiento.","og_url":"https:\/\/saiga.es\/es\/producto\/sierra-electrica-arvipo-ms37\/","og_site_name":"SAIGA","article_modified_time":"2024-10-17T09:12:21+00:00","og_image":[{"width":1800,"height":1738,"url":"https:\/\/saiga.es\/wp-content\/uploads\/2024\/01\/mt27-frontal1-2.jpg","type":"image\/jpeg"}],"twitter_card":"summary_large_image","twitter_site":"@saiga_agro","twitter_misc":{"Tiempo de lectura":"2 minutos"},"schema":{"@context":"https:\/\/schema.org","@graph":[{"@type":"WebPage","@id":"https:\/\/saiga.es\/es\/producto\/sierra-electrica-arvipo-ms37\/","url":"https:\/\/saiga.es\/es\/producto\/sierra-electrica-arvipo-ms37\/","name":"Sierra el\u00e9ctrica Arvipo MS37 | SAIGA","isPartOf":{"@id":"https:\/\/saiga.es\/es\/#website"},"primaryImageOfPage":{"@id":"https:\/\/saiga.es\/es\/producto\/sierra-electrica-arvipo-ms37\/#primaryimage"},"image":{"@id":"https:\/\/saiga.es\/es\/producto\/sierra-electrica-arvipo-ms37\/#primaryimage"},"thumbnailUrl":"https:\/\/saiga.es\/wp-content\/uploads\/2024\/01\/mt27-frontal1-2.jpg","datePublished":"2024-01-30T15:23:16+00:00","dateModified":"2024-10-17T09:12:21+00:00","description":"La sierra el\u00e9ctrica Arvipo MS37 destaca por su potencia superior y peso. La bater\u00eda extra\u00edble proporciona libertad de movimiento.","breadcrumb":{"@id":"https:\/\/saiga.es\/es\/producto\/sierra-electrica-arvipo-ms37\/#breadcrumb"},"inLanguage":"es","potentialAction":[{"@type":"ReadAction","target":["https:\/\/saiga.es\/es\/producto\/sierra-electrica-arvipo-ms37\/"]}]},{"@type":"ImageObject","inLanguage":"es","@id":"https:\/\/saiga.es\/es\/producto\/sierra-electrica-arvipo-ms37\/#primaryimage","url":"https:\/\/saiga.es\/wp-content\/uploads\/2024\/01\/mt27-frontal1-2.jpg","contentUrl":"https:\/\/saiga.es\/wp-content\/uploads\/2024\/01\/mt27-frontal1-2.jpg","width":1800,"height":1738},{"@type":"BreadcrumbList","@id":"https:\/\/saiga.es\/es\/producto\/sierra-electrica-arvipo-ms37\/#breadcrumb","itemListElement":[{"@type":"ListItem","position":1,"name":"Inici","item":"https:\/\/saiga.es\/es\/"},{"@type":"ListItem","position":2,"name":"Tienda","item":"https:\/\/saiga.es\/es\/tienda\/"},{"@type":"ListItem","position":3,"name":"Sierra el\u00e9ctrica Arvipo MS37"}]},{"@type":"WebSite","@id":"https:\/\/saiga.es\/es\/#website","url":"https:\/\/saiga.es\/es\/","name":"SAIGA","description":"M\u00e9s de 50 anys al servei de la terra i treballant per a un \u00fas eficient de l\u2019aigua!","publisher":{"@id":"https:\/\/saiga.es\/es\/#organization"},"potentialAction":[{"@type":"SearchAction","target":{"@type":"EntryPoint","urlTemplate":"https:\/\/saiga.es\/es\/?s={search_term_string}"},"query-input":{"@type":"PropertyValueSpecification","valueRequired":true,"valueName":"search_term_string"}}],"inLanguage":"es"},{"@type":"Organization","@id":"https:\/\/saiga.es\/es\/#organization","name":"SAIGA","url":"https:\/\/saiga.es\/es\/","logo":{"@type":"ImageObject","inLanguage":"es","@id":"https:\/\/saiga.es\/es\/#\/schema\/logo\/image\/","url":"https:\/\/saiga.es\/wp-content\/uploads\/2025\/07\/logo_saiga_baseline_optimitzat.svg","contentUrl":"https:\/\/saiga.es\/wp-content\/uploads\/2025\/07\/logo_saiga_baseline_optimitzat.svg","caption":"SAIGA"},"image":{"@id":"https:\/\/saiga.es\/es\/#\/schema\/logo\/image\/"},"sameAs":["https:\/\/x.com\/saiga_agro","https:\/\/www.instagram.com\/saiga_agro\/"]}]}},"_links":{"self":[{"href":"https:\/\/saiga.es\/es\/wp-json\/wp\/v2\/product\/7570","targetHints":{"allow":["GET"]}}],"collection":[{"href":"https:\/\/saiga.es\/es\/wp-json\/wp\/v2\/product"}],"about":[{"href":"https:\/\/saiga.es\/es\/wp-json\/wp\/v2\/types\/product"}],"replies":[{"embeddable":true,"href":"https:\/\/saiga.es\/es\/wp-json\/wp\/v2\/comments?post=7570"}],"wp:featuredmedia":[{"embeddable":true,"href":"https:\/\/saiga.es\/es\/wp-json\/wp\/v2\/media\/7031"}],"wp:attachment":[{"href":"https:\/\/saiga.es\/es\/wp-json\/wp\/v2\/media?parent=7570"}],"wp:term":[{"taxonomy":"product_brand","embeddable":true,"href":"https:\/\/saiga.es\/es\/wp-json\/wp\/v2\/product_brand?post=7570"},{"taxonomy":"product_cat","embeddable":true,"href":"https:\/\/saiga.es\/es\/wp-json\/wp\/v2\/product_cat?post=7570"},{"taxonomy":"product_tag","embeddable":true,"href":"https:\/\/saiga.es\/es\/wp-json\/wp\/v2\/product_tag?post=7570"}],"curies":[{"name":"wp","href":"https:\/\/api.w.org\/{rel}","templated":true}]}}