{"id":7584,"date":"2024-01-30T10:36:46","date_gmt":"2024-01-30T10:36:46","guid":{"rendered":"https:\/\/botiga.saiga.es\/producte\/sierra-electrica-arvipo-mt32-pro\/"},"modified":"2024-02-16T14:30:11","modified_gmt":"2024-02-16T14:30:11","slug":"sierra-electrica-arvipo-mt32-pro","status":"publish","type":"product","link":"https:\/\/saiga.es\/es\/producto\/sierra-electrica-arvipo-mt32-pro\/","title":{"rendered":"Sierra el\u00e9ctrica Arvipo MT32 PRO"},"content":{"rendered":"<p>Sierra el\u00e9ctrica Arvipo MT32 PRO<\/p>\n<p>La ARVIPO MT32 PRO ha seguido la evoluci\u00f3n de sus compa\u00f1eras de la familia 32, incorporando ahora el sistema de lubricaci\u00f3n autom\u00e1tica, una caracter\u00edstica perfecta para la herramienta de alto rendimiento que es despu\u00e9s del incremento de la potencia de corte .<\/p>\n<p>Su ergonom\u00eda y distribuci\u00f3n de pesos han sido meticulosamente trabajadas, dando como resultado una sierra incre\u00edblemente c\u00f3moda en sus manos.<\/p>\n<p>Con estas mejoras, la sierra el\u00e9ctrica Arvipo MT32 PRO destaca como una pieza clave del ARVIPO 32 EQUIPO.<\/p>\n<p>CERCA EASY LOCK Sistema de desmontaje y montaje r\u00e1pido de la tapa de la cadena que simplifica las tareas de mantenimiento diario.<\/p>\n<p>BATER\u00cdA INCORPORADA O EXTRA\u00cdBLE La bater\u00eda extra\u00edble proporciona libertad de movimiento y, con el uso del accesorio del cable extensor, se puede elegir entre utilizarla con la bater\u00eda incorporada o llevarla por separado seg\u00fan las condiciones y la duraci\u00f3n de la trabajo.<\/p>\n","protected":false},"excerpt":{"rendered":"<p>Sierra de bater\u00eda Arvipo MT32 PRO<\/p>\n<p>La ARVIPO MT32 PRO ha seguido la evoluci\u00f3n de sus compa\u00f1eras de la familia 32, incorporando ahora el sistema de lubricaci\u00f3n autom\u00e1tica, una caracter\u00edstica perfecta para la herramienta de alto rendimiento que es despu\u00e9s del incremento de la potencia de corte .<\/p>\n","protected":false},"featured_media":7003,"comment_status":"open","ping_status":"closed","template":"","meta":[],"product_brand":[],"product_cat":[413,854,1709],"product_tag":[382,553,855,862,866,864],"class_list":{"0":"post-7584","1":"product","2":"type-product","3":"status-publish","4":"has-post-thumbnail","6":"product_cat-poda-es","7":"product_cat-sierras-de-poda-electricas","8":"product_cat-sierras-electricas-arvipo","9":"product_tag-arvipo-es","10":"product_tag-poda-es","11":"product_tag-podadora-es","12":"product_tag-sierra","13":"product_tag-sierra-de-podar-es","14":"product_tag-sierra-electrica","16":"first","17":"instock","18":"taxable","19":"shipping-taxable","20":"purchasable","21":"product-type-variable"},"yoast_head":"<!-- This site is optimized with the Yoast SEO plugin v27.3 - https:\/\/yoast.com\/product\/yoast-seo-wordpress\/ -->\n<title>Sierra el\u00e9ctrica Arvipo MT32 PRO | SAIGA<\/title>\n<meta name=\"description\" content=\"La sierra Arvipo MT32 PRO ha seguido la evoluci\u00f3n de sus compa\u00f1eras incorporando el sistema de lubricaci\u00f3n autom\u00e1tica, perfecta para la herramienta de alto rendimiento.\" \/>\n<meta name=\"robots\" content=\"index, follow, max-snippet:-1, max-image-preview:large, max-video-preview:-1\" \/>\n<link rel=\"canonical\" href=\"https:\/\/saiga.es\/es\/producto\/sierra-electrica-arvipo-mt32-pro\/\" \/>\n<meta property=\"og:locale\" content=\"es_ES\" \/>\n<meta property=\"og:type\" content=\"article\" \/>\n<meta property=\"og:title\" content=\"Sierra el\u00e9ctrica Arvipo MT32 PRO | SAIGA\" \/>\n<meta property=\"og:description\" content=\"La sierra Arvipo MT32 PRO ha seguido la evoluci\u00f3n de sus compa\u00f1eras incorporando el sistema de lubricaci\u00f3n autom\u00e1tica, perfecta para la herramienta de alto rendimiento.\" \/>\n<meta property=\"og:url\" content=\"https:\/\/saiga.es\/es\/producto\/sierra-electrica-arvipo-mt32-pro\/\" \/>\n<meta property=\"og:site_name\" content=\"SAIGA\" \/>\n<meta property=\"article:modified_time\" content=\"2024-02-16T14:30:11+00:00\" \/>\n<meta property=\"og:image\" content=\"https:\/\/saiga.es\/wp-content\/uploads\/2024\/01\/mt27-frontal1-1-1.jpg\" \/>\n\t<meta property=\"og:image:width\" content=\"1800\" \/>\n\t<meta property=\"og:image:height\" content=\"1738\" \/>\n\t<meta property=\"og:image:type\" content=\"image\/jpeg\" \/>\n<meta name=\"twitter:card\" content=\"summary_large_image\" \/>\n<meta name=\"twitter:site\" content=\"@saiga_agro\" \/>\n<meta name=\"twitter:label1\" content=\"Tiempo de lectura\" \/>\n\t<meta name=\"twitter:data1\" content=\"1 minuto\" \/>\n<script type=\"application\/ld+json\" class=\"yoast-schema-graph\">{\"@context\":\"https:\\\/\\\/schema.org\",\"@graph\":[{\"@type\":\"WebPage\",\"@id\":\"https:\\\/\\\/saiga.es\\\/es\\\/producto\\\/sierra-electrica-arvipo-mt32-pro\\\/\",\"url\":\"https:\\\/\\\/saiga.es\\\/es\\\/producto\\\/sierra-electrica-arvipo-mt32-pro\\\/\",\"name\":\"Sierra el\u00e9ctrica Arvipo MT32 PRO | SAIGA\",\"isPartOf\":{\"@id\":\"https:\\\/\\\/saiga.es\\\/es\\\/#website\"},\"primaryImageOfPage\":{\"@id\":\"https:\\\/\\\/saiga.es\\\/es\\\/producto\\\/sierra-electrica-arvipo-mt32-pro\\\/#primaryimage\"},\"image\":{\"@id\":\"https:\\\/\\\/saiga.es\\\/es\\\/producto\\\/sierra-electrica-arvipo-mt32-pro\\\/#primaryimage\"},\"thumbnailUrl\":\"https:\\\/\\\/saiga.es\\\/wp-content\\\/uploads\\\/2024\\\/01\\\/mt27-frontal1-1-1.jpg\",\"datePublished\":\"2024-01-30T10:36:46+00:00\",\"dateModified\":\"2024-02-16T14:30:11+00:00\",\"description\":\"La sierra Arvipo MT32 PRO ha seguido la evoluci\u00f3n de sus compa\u00f1eras incorporando el sistema de lubricaci\u00f3n autom\u00e1tica, perfecta para la herramienta de alto rendimiento.\",\"breadcrumb\":{\"@id\":\"https:\\\/\\\/saiga.es\\\/es\\\/producto\\\/sierra-electrica-arvipo-mt32-pro\\\/#breadcrumb\"},\"inLanguage\":\"es\",\"potentialAction\":[{\"@type\":\"ReadAction\",\"target\":[\"https:\\\/\\\/saiga.es\\\/es\\\/producto\\\/sierra-electrica-arvipo-mt32-pro\\\/\"]}]},{\"@type\":\"ImageObject\",\"inLanguage\":\"es\",\"@id\":\"https:\\\/\\\/saiga.es\\\/es\\\/producto\\\/sierra-electrica-arvipo-mt32-pro\\\/#primaryimage\",\"url\":\"https:\\\/\\\/saiga.es\\\/wp-content\\\/uploads\\\/2024\\\/01\\\/mt27-frontal1-1-1.jpg\",\"contentUrl\":\"https:\\\/\\\/saiga.es\\\/wp-content\\\/uploads\\\/2024\\\/01\\\/mt27-frontal1-1-1.jpg\",\"width\":1800,\"height\":1738,\"caption\":\"sierra de poda el\u00e9ctrica\"},{\"@type\":\"BreadcrumbList\",\"@id\":\"https:\\\/\\\/saiga.es\\\/es\\\/producto\\\/sierra-electrica-arvipo-mt32-pro\\\/#breadcrumb\",\"itemListElement\":[{\"@type\":\"ListItem\",\"position\":1,\"name\":\"Inici\",\"item\":\"https:\\\/\\\/saiga.es\\\/es\\\/\"},{\"@type\":\"ListItem\",\"position\":2,\"name\":\"Tienda\",\"item\":\"https:\\\/\\\/saiga.es\\\/es\\\/tienda\\\/\"},{\"@type\":\"ListItem\",\"position\":3,\"name\":\"Sierra el\u00e9ctrica Arvipo MT32 PRO\"}]},{\"@type\":\"WebSite\",\"@id\":\"https:\\\/\\\/saiga.es\\\/es\\\/#website\",\"url\":\"https:\\\/\\\/saiga.es\\\/es\\\/\",\"name\":\"SAIGA\",\"description\":\"M\u00e9s de 50 anys al servei de la terra i treballant per a un \u00fas eficient de l\u2019aigua!\",\"publisher\":{\"@id\":\"https:\\\/\\\/saiga.es\\\/es\\\/#organization\"},\"potentialAction\":[{\"@type\":\"SearchAction\",\"target\":{\"@type\":\"EntryPoint\",\"urlTemplate\":\"https:\\\/\\\/saiga.es\\\/es\\\/?s={search_term_string}\"},\"query-input\":{\"@type\":\"PropertyValueSpecification\",\"valueRequired\":true,\"valueName\":\"search_term_string\"}}],\"inLanguage\":\"es\"},{\"@type\":\"Organization\",\"@id\":\"https:\\\/\\\/saiga.es\\\/es\\\/#organization\",\"name\":\"SAIGA\",\"url\":\"https:\\\/\\\/saiga.es\\\/es\\\/\",\"logo\":{\"@type\":\"ImageObject\",\"inLanguage\":\"es\",\"@id\":\"https:\\\/\\\/saiga.es\\\/es\\\/#\\\/schema\\\/logo\\\/image\\\/\",\"url\":\"https:\\\/\\\/saiga.es\\\/wp-content\\\/uploads\\\/2025\\\/07\\\/logo_saiga_baseline_optimitzat.svg\",\"contentUrl\":\"https:\\\/\\\/saiga.es\\\/wp-content\\\/uploads\\\/2025\\\/07\\\/logo_saiga_baseline_optimitzat.svg\",\"caption\":\"SAIGA\"},\"image\":{\"@id\":\"https:\\\/\\\/saiga.es\\\/es\\\/#\\\/schema\\\/logo\\\/image\\\/\"},\"sameAs\":[\"https:\\\/\\\/x.com\\\/saiga_agro\",\"https:\\\/\\\/www.instagram.com\\\/saiga_agro\\\/\"]}]}<\/script>\n<!-- \/ Yoast SEO plugin. -->","yoast_head_json":{"title":"Sierra el\u00e9ctrica Arvipo MT32 PRO | SAIGA","description":"La sierra Arvipo MT32 PRO ha seguido la evoluci\u00f3n de sus compa\u00f1eras incorporando el sistema de lubricaci\u00f3n autom\u00e1tica, perfecta para la herramienta de alto rendimiento.","robots":{"index":"index","follow":"follow","max-snippet":"max-snippet:-1","max-image-preview":"max-image-preview:large","max-video-preview":"max-video-preview:-1"},"canonical":"https:\/\/saiga.es\/es\/producto\/sierra-electrica-arvipo-mt32-pro\/","og_locale":"es_ES","og_type":"article","og_title":"Sierra el\u00e9ctrica Arvipo MT32 PRO | SAIGA","og_description":"La sierra Arvipo MT32 PRO ha seguido la evoluci\u00f3n de sus compa\u00f1eras incorporando el sistema de lubricaci\u00f3n autom\u00e1tica, perfecta para la herramienta de alto rendimiento.","og_url":"https:\/\/saiga.es\/es\/producto\/sierra-electrica-arvipo-mt32-pro\/","og_site_name":"SAIGA","article_modified_time":"2024-02-16T14:30:11+00:00","og_image":[{"width":1800,"height":1738,"url":"https:\/\/saiga.es\/wp-content\/uploads\/2024\/01\/mt27-frontal1-1-1.jpg","type":"image\/jpeg"}],"twitter_card":"summary_large_image","twitter_site":"@saiga_agro","twitter_misc":{"Tiempo de lectura":"1 minuto"},"schema":{"@context":"https:\/\/schema.org","@graph":[{"@type":"WebPage","@id":"https:\/\/saiga.es\/es\/producto\/sierra-electrica-arvipo-mt32-pro\/","url":"https:\/\/saiga.es\/es\/producto\/sierra-electrica-arvipo-mt32-pro\/","name":"Sierra el\u00e9ctrica Arvipo MT32 PRO | SAIGA","isPartOf":{"@id":"https:\/\/saiga.es\/es\/#website"},"primaryImageOfPage":{"@id":"https:\/\/saiga.es\/es\/producto\/sierra-electrica-arvipo-mt32-pro\/#primaryimage"},"image":{"@id":"https:\/\/saiga.es\/es\/producto\/sierra-electrica-arvipo-mt32-pro\/#primaryimage"},"thumbnailUrl":"https:\/\/saiga.es\/wp-content\/uploads\/2024\/01\/mt27-frontal1-1-1.jpg","datePublished":"2024-01-30T10:36:46+00:00","dateModified":"2024-02-16T14:30:11+00:00","description":"La sierra Arvipo MT32 PRO ha seguido la evoluci\u00f3n de sus compa\u00f1eras incorporando el sistema de lubricaci\u00f3n autom\u00e1tica, perfecta para la herramienta de alto rendimiento.","breadcrumb":{"@id":"https:\/\/saiga.es\/es\/producto\/sierra-electrica-arvipo-mt32-pro\/#breadcrumb"},"inLanguage":"es","potentialAction":[{"@type":"ReadAction","target":["https:\/\/saiga.es\/es\/producto\/sierra-electrica-arvipo-mt32-pro\/"]}]},{"@type":"ImageObject","inLanguage":"es","@id":"https:\/\/saiga.es\/es\/producto\/sierra-electrica-arvipo-mt32-pro\/#primaryimage","url":"https:\/\/saiga.es\/wp-content\/uploads\/2024\/01\/mt27-frontal1-1-1.jpg","contentUrl":"https:\/\/saiga.es\/wp-content\/uploads\/2024\/01\/mt27-frontal1-1-1.jpg","width":1800,"height":1738,"caption":"sierra de poda el\u00e9ctrica"},{"@type":"BreadcrumbList","@id":"https:\/\/saiga.es\/es\/producto\/sierra-electrica-arvipo-mt32-pro\/#breadcrumb","itemListElement":[{"@type":"ListItem","position":1,"name":"Inici","item":"https:\/\/saiga.es\/es\/"},{"@type":"ListItem","position":2,"name":"Tienda","item":"https:\/\/saiga.es\/es\/tienda\/"},{"@type":"ListItem","position":3,"name":"Sierra el\u00e9ctrica Arvipo MT32 PRO"}]},{"@type":"WebSite","@id":"https:\/\/saiga.es\/es\/#website","url":"https:\/\/saiga.es\/es\/","name":"SAIGA","description":"M\u00e9s de 50 anys al servei de la terra i treballant per a un \u00fas eficient de l\u2019aigua!","publisher":{"@id":"https:\/\/saiga.es\/es\/#organization"},"potentialAction":[{"@type":"SearchAction","target":{"@type":"EntryPoint","urlTemplate":"https:\/\/saiga.es\/es\/?s={search_term_string}"},"query-input":{"@type":"PropertyValueSpecification","valueRequired":true,"valueName":"search_term_string"}}],"inLanguage":"es"},{"@type":"Organization","@id":"https:\/\/saiga.es\/es\/#organization","name":"SAIGA","url":"https:\/\/saiga.es\/es\/","logo":{"@type":"ImageObject","inLanguage":"es","@id":"https:\/\/saiga.es\/es\/#\/schema\/logo\/image\/","url":"https:\/\/saiga.es\/wp-content\/uploads\/2025\/07\/logo_saiga_baseline_optimitzat.svg","contentUrl":"https:\/\/saiga.es\/wp-content\/uploads\/2025\/07\/logo_saiga_baseline_optimitzat.svg","caption":"SAIGA"},"image":{"@id":"https:\/\/saiga.es\/es\/#\/schema\/logo\/image\/"},"sameAs":["https:\/\/x.com\/saiga_agro","https:\/\/www.instagram.com\/saiga_agro\/"]}]}},"_links":{"self":[{"href":"https:\/\/saiga.es\/es\/wp-json\/wp\/v2\/product\/7584","targetHints":{"allow":["GET"]}}],"collection":[{"href":"https:\/\/saiga.es\/es\/wp-json\/wp\/v2\/product"}],"about":[{"href":"https:\/\/saiga.es\/es\/wp-json\/wp\/v2\/types\/product"}],"replies":[{"embeddable":true,"href":"https:\/\/saiga.es\/es\/wp-json\/wp\/v2\/comments?post=7584"}],"wp:featuredmedia":[{"embeddable":true,"href":"https:\/\/saiga.es\/es\/wp-json\/wp\/v2\/media\/7003"}],"wp:attachment":[{"href":"https:\/\/saiga.es\/es\/wp-json\/wp\/v2\/media?parent=7584"}],"wp:term":[{"taxonomy":"product_brand","embeddable":true,"href":"https:\/\/saiga.es\/es\/wp-json\/wp\/v2\/product_brand?post=7584"},{"taxonomy":"product_cat","embeddable":true,"href":"https:\/\/saiga.es\/es\/wp-json\/wp\/v2\/product_cat?post=7584"},{"taxonomy":"product_tag","embeddable":true,"href":"https:\/\/saiga.es\/es\/wp-json\/wp\/v2\/product_tag?post=7584"}],"curies":[{"name":"wp","href":"https:\/\/api.w.org\/{rel}","templated":true}]}}