{"id":7592,"date":"2024-01-30T16:01:54","date_gmt":"2024-01-30T16:01:54","guid":{"rendered":"https:\/\/botiga.saiga.es\/producte\/sierra-electrica-arvipo-mt37\/"},"modified":"2024-01-30T16:01:54","modified_gmt":"2024-01-30T16:01:54","slug":"sierra-electrica-arvipo-mt37","status":"publish","type":"product","link":"https:\/\/saiga.es\/es\/producto\/sierra-electrica-arvipo-mt37\/","title":{"rendered":"Sierra el\u00e9ctrica Arvipo MT37"},"content":{"rendered":"<p>Sierra el\u00e9ctrica Arvipo MT37<\/p>\n<p>La revolucionaria ARVIPO MT37 emerge como la primera sierra el\u00e9ctrica profesional inal\u00e1mbrica concebida exclusivamente para la poda.<\/p>\n<p>Agrupa toda la robustez de corte de una sierra en una sola mano, sin necesidad de cableado.<\/p>\n<p>Impresiona por su dise\u00f1o ligero, usabilidad excepcional y capacidad de corte asombrosa.<\/p>\n<p>Perfectamente complementaria con la tijera el\u00e9ctrica ARVIPO PS37, estas herramientas conforman un conjunto integral para profesionales de la poda, compartiendo una bater\u00eda vers\u00e1til que potencia su eficacia.<\/p>\n<p>Adem\u00e1s expande sus capacidades ajustando la espada seg\u00fan las necesidades espec\u00edficas de corte. (La espada adicional se vende por separado, proporcionando una adaptabilidad personalizada a cada trabajo de poda.) La ARVIPO MT37 redefine la experiencia de la poda, ofreciendo versatilidad, rendimiento y comodidad sin igual a los profesionales del sector.<\/p>\n","protected":false},"excerpt":{"rendered":"<p>La ARVIPO MT37 es la primera sierra el\u00e9ctrica profesional inal\u00e1mbrica dise\u00f1ada para la poda, con potencia concentrada en una sola mano, sin cables. Ligera, f\u00e1cil de utilizar y potente, se junta perfectamente con la tijera el\u00e9ctrica ARVIPO PS37, formando un conjunto completo de herramientas profesionales con la misma bater\u00eda. Puedes ampliar el di\u00e1metro de corte con espadas adicionales (vendidas por separado).<\/p>\n","protected":false},"featured_media":7047,"comment_status":"open","ping_status":"closed","template":"","meta":[],"product_brand":[],"product_cat":[162,854,1709],"product_tag":[382,553,862],"class_list":{"0":"post-7592","1":"product","2":"type-product","3":"status-publish","4":"has-post-thumbnail","6":"product_cat-maquinaria","7":"product_cat-sierras-de-poda-electricas","8":"product_cat-sierras-electricas-arvipo","9":"product_tag-arvipo-es","10":"product_tag-poda-es","11":"product_tag-sierra","13":"first","14":"instock","15":"taxable","16":"shipping-taxable","17":"purchasable","18":"product-type-variable"},"yoast_head":"<!-- This site is optimized with the Yoast SEO plugin v27.4 - https:\/\/yoast.com\/product\/yoast-seo-wordpress\/ -->\n<title>Sierra el\u00e9ctrica Arvipo MT37 | SAIGA<\/title>\n<meta name=\"description\" content=\"Puedes ampliar el di\u00e1metro de corte con espadas adicionales (vendidas por separado).\" \/>\n<meta name=\"robots\" content=\"index, follow, max-snippet:-1, max-image-preview:large, max-video-preview:-1\" \/>\n<link rel=\"canonical\" href=\"https:\/\/saiga.es\/es\/producto\/sierra-electrica-arvipo-mt37\/\" \/>\n<meta property=\"og:locale\" content=\"es_ES\" \/>\n<meta property=\"og:type\" content=\"article\" \/>\n<meta property=\"og:title\" content=\"Sierra el\u00e9ctrica Arvipo MT37 | SAIGA\" \/>\n<meta property=\"og:description\" content=\"Puedes ampliar el di\u00e1metro de corte con espadas adicionales (vendidas por separado).\" \/>\n<meta property=\"og:url\" content=\"https:\/\/saiga.es\/es\/producto\/sierra-electrica-arvipo-mt37\/\" \/>\n<meta property=\"og:site_name\" content=\"SAIGA\" \/>\n<meta property=\"og:image\" content=\"https:\/\/saiga.es\/wp-content\/uploads\/2024\/01\/mt27-frontal1-2-1.jpg\" \/>\n\t<meta property=\"og:image:width\" content=\"1800\" \/>\n\t<meta property=\"og:image:height\" content=\"1738\" \/>\n\t<meta property=\"og:image:type\" content=\"image\/jpeg\" \/>\n<meta name=\"twitter:card\" content=\"summary_large_image\" \/>\n<meta name=\"twitter:site\" content=\"@saiga_agro\" \/>\n<meta name=\"twitter:label1\" content=\"Tiempo de lectura\" \/>\n\t<meta name=\"twitter:data1\" content=\"1 minuto\" \/>\n<script type=\"application\/ld+json\" class=\"yoast-schema-graph\">{\"@context\":\"https:\\\/\\\/schema.org\",\"@graph\":[{\"@type\":\"WebPage\",\"@id\":\"https:\\\/\\\/saiga.es\\\/es\\\/producto\\\/sierra-electrica-arvipo-mt37\\\/\",\"url\":\"https:\\\/\\\/saiga.es\\\/es\\\/producto\\\/sierra-electrica-arvipo-mt37\\\/\",\"name\":\"Sierra el\u00e9ctrica Arvipo MT37 | SAIGA\",\"isPartOf\":{\"@id\":\"https:\\\/\\\/saiga.es\\\/es\\\/#website\"},\"primaryImageOfPage\":{\"@id\":\"https:\\\/\\\/saiga.es\\\/es\\\/producto\\\/sierra-electrica-arvipo-mt37\\\/#primaryimage\"},\"image\":{\"@id\":\"https:\\\/\\\/saiga.es\\\/es\\\/producto\\\/sierra-electrica-arvipo-mt37\\\/#primaryimage\"},\"thumbnailUrl\":\"https:\\\/\\\/saiga.es\\\/wp-content\\\/uploads\\\/2024\\\/01\\\/mt27-frontal1-2-1.jpg\",\"datePublished\":\"2024-01-30T16:01:54+00:00\",\"description\":\"Puedes ampliar el di\u00e1metro de corte con espadas adicionales (vendidas por separado).\",\"breadcrumb\":{\"@id\":\"https:\\\/\\\/saiga.es\\\/es\\\/producto\\\/sierra-electrica-arvipo-mt37\\\/#breadcrumb\"},\"inLanguage\":\"es\",\"potentialAction\":[{\"@type\":\"ReadAction\",\"target\":[\"https:\\\/\\\/saiga.es\\\/es\\\/producto\\\/sierra-electrica-arvipo-mt37\\\/\"]}]},{\"@type\":\"ImageObject\",\"inLanguage\":\"es\",\"@id\":\"https:\\\/\\\/saiga.es\\\/es\\\/producto\\\/sierra-electrica-arvipo-mt37\\\/#primaryimage\",\"url\":\"https:\\\/\\\/saiga.es\\\/wp-content\\\/uploads\\\/2024\\\/01\\\/mt27-frontal1-2-1.jpg\",\"contentUrl\":\"https:\\\/\\\/saiga.es\\\/wp-content\\\/uploads\\\/2024\\\/01\\\/mt27-frontal1-2-1.jpg\",\"width\":1800,\"height\":1738},{\"@type\":\"BreadcrumbList\",\"@id\":\"https:\\\/\\\/saiga.es\\\/es\\\/producto\\\/sierra-electrica-arvipo-mt37\\\/#breadcrumb\",\"itemListElement\":[{\"@type\":\"ListItem\",\"position\":1,\"name\":\"Inici\",\"item\":\"https:\\\/\\\/saiga.es\\\/es\\\/\"},{\"@type\":\"ListItem\",\"position\":2,\"name\":\"Tienda\",\"item\":\"https:\\\/\\\/saiga.es\\\/es\\\/tienda\\\/\"},{\"@type\":\"ListItem\",\"position\":3,\"name\":\"Sierra el\u00e9ctrica Arvipo MT37\"}]},{\"@type\":\"WebSite\",\"@id\":\"https:\\\/\\\/saiga.es\\\/es\\\/#website\",\"url\":\"https:\\\/\\\/saiga.es\\\/es\\\/\",\"name\":\"SAIGA\",\"description\":\"M\u00e9s de 50 anys al servei de la terra i treballant per a un \u00fas eficient de l\u2019aigua!\",\"publisher\":{\"@id\":\"https:\\\/\\\/saiga.es\\\/es\\\/#organization\"},\"potentialAction\":[{\"@type\":\"SearchAction\",\"target\":{\"@type\":\"EntryPoint\",\"urlTemplate\":\"https:\\\/\\\/saiga.es\\\/es\\\/?s={search_term_string}\"},\"query-input\":{\"@type\":\"PropertyValueSpecification\",\"valueRequired\":true,\"valueName\":\"search_term_string\"}}],\"inLanguage\":\"es\"},{\"@type\":\"Organization\",\"@id\":\"https:\\\/\\\/saiga.es\\\/es\\\/#organization\",\"name\":\"SAIGA\",\"url\":\"https:\\\/\\\/saiga.es\\\/es\\\/\",\"logo\":{\"@type\":\"ImageObject\",\"inLanguage\":\"es\",\"@id\":\"https:\\\/\\\/saiga.es\\\/es\\\/#\\\/schema\\\/logo\\\/image\\\/\",\"url\":\"https:\\\/\\\/saiga.es\\\/wp-content\\\/uploads\\\/2025\\\/07\\\/logo_saiga_baseline_optimitzat.svg\",\"contentUrl\":\"https:\\\/\\\/saiga.es\\\/wp-content\\\/uploads\\\/2025\\\/07\\\/logo_saiga_baseline_optimitzat.svg\",\"caption\":\"SAIGA\"},\"image\":{\"@id\":\"https:\\\/\\\/saiga.es\\\/es\\\/#\\\/schema\\\/logo\\\/image\\\/\"},\"sameAs\":[\"https:\\\/\\\/x.com\\\/saiga_agro\",\"https:\\\/\\\/www.instagram.com\\\/saiga_agro\\\/\"]}]}<\/script>\n<!-- \/ Yoast SEO plugin. -->","yoast_head_json":{"title":"Sierra el\u00e9ctrica Arvipo MT37 | SAIGA","description":"Puedes ampliar el di\u00e1metro de corte con espadas adicionales (vendidas por separado).","robots":{"index":"index","follow":"follow","max-snippet":"max-snippet:-1","max-image-preview":"max-image-preview:large","max-video-preview":"max-video-preview:-1"},"canonical":"https:\/\/saiga.es\/es\/producto\/sierra-electrica-arvipo-mt37\/","og_locale":"es_ES","og_type":"article","og_title":"Sierra el\u00e9ctrica Arvipo MT37 | SAIGA","og_description":"Puedes ampliar el di\u00e1metro de corte con espadas adicionales (vendidas por separado).","og_url":"https:\/\/saiga.es\/es\/producto\/sierra-electrica-arvipo-mt37\/","og_site_name":"SAIGA","og_image":[{"width":1800,"height":1738,"url":"https:\/\/saiga.es\/wp-content\/uploads\/2024\/01\/mt27-frontal1-2-1.jpg","type":"image\/jpeg"}],"twitter_card":"summary_large_image","twitter_site":"@saiga_agro","twitter_misc":{"Tiempo de lectura":"1 minuto"},"schema":{"@context":"https:\/\/schema.org","@graph":[{"@type":"WebPage","@id":"https:\/\/saiga.es\/es\/producto\/sierra-electrica-arvipo-mt37\/","url":"https:\/\/saiga.es\/es\/producto\/sierra-electrica-arvipo-mt37\/","name":"Sierra el\u00e9ctrica Arvipo MT37 | SAIGA","isPartOf":{"@id":"https:\/\/saiga.es\/es\/#website"},"primaryImageOfPage":{"@id":"https:\/\/saiga.es\/es\/producto\/sierra-electrica-arvipo-mt37\/#primaryimage"},"image":{"@id":"https:\/\/saiga.es\/es\/producto\/sierra-electrica-arvipo-mt37\/#primaryimage"},"thumbnailUrl":"https:\/\/saiga.es\/wp-content\/uploads\/2024\/01\/mt27-frontal1-2-1.jpg","datePublished":"2024-01-30T16:01:54+00:00","description":"Puedes ampliar el di\u00e1metro de corte con espadas adicionales (vendidas por separado).","breadcrumb":{"@id":"https:\/\/saiga.es\/es\/producto\/sierra-electrica-arvipo-mt37\/#breadcrumb"},"inLanguage":"es","potentialAction":[{"@type":"ReadAction","target":["https:\/\/saiga.es\/es\/producto\/sierra-electrica-arvipo-mt37\/"]}]},{"@type":"ImageObject","inLanguage":"es","@id":"https:\/\/saiga.es\/es\/producto\/sierra-electrica-arvipo-mt37\/#primaryimage","url":"https:\/\/saiga.es\/wp-content\/uploads\/2024\/01\/mt27-frontal1-2-1.jpg","contentUrl":"https:\/\/saiga.es\/wp-content\/uploads\/2024\/01\/mt27-frontal1-2-1.jpg","width":1800,"height":1738},{"@type":"BreadcrumbList","@id":"https:\/\/saiga.es\/es\/producto\/sierra-electrica-arvipo-mt37\/#breadcrumb","itemListElement":[{"@type":"ListItem","position":1,"name":"Inici","item":"https:\/\/saiga.es\/es\/"},{"@type":"ListItem","position":2,"name":"Tienda","item":"https:\/\/saiga.es\/es\/tienda\/"},{"@type":"ListItem","position":3,"name":"Sierra el\u00e9ctrica Arvipo MT37"}]},{"@type":"WebSite","@id":"https:\/\/saiga.es\/es\/#website","url":"https:\/\/saiga.es\/es\/","name":"SAIGA","description":"M\u00e9s de 50 anys al servei de la terra i treballant per a un \u00fas eficient de l\u2019aigua!","publisher":{"@id":"https:\/\/saiga.es\/es\/#organization"},"potentialAction":[{"@type":"SearchAction","target":{"@type":"EntryPoint","urlTemplate":"https:\/\/saiga.es\/es\/?s={search_term_string}"},"query-input":{"@type":"PropertyValueSpecification","valueRequired":true,"valueName":"search_term_string"}}],"inLanguage":"es"},{"@type":"Organization","@id":"https:\/\/saiga.es\/es\/#organization","name":"SAIGA","url":"https:\/\/saiga.es\/es\/","logo":{"@type":"ImageObject","inLanguage":"es","@id":"https:\/\/saiga.es\/es\/#\/schema\/logo\/image\/","url":"https:\/\/saiga.es\/wp-content\/uploads\/2025\/07\/logo_saiga_baseline_optimitzat.svg","contentUrl":"https:\/\/saiga.es\/wp-content\/uploads\/2025\/07\/logo_saiga_baseline_optimitzat.svg","caption":"SAIGA"},"image":{"@id":"https:\/\/saiga.es\/es\/#\/schema\/logo\/image\/"},"sameAs":["https:\/\/x.com\/saiga_agro","https:\/\/www.instagram.com\/saiga_agro\/"]}]}},"_links":{"self":[{"href":"https:\/\/saiga.es\/es\/wp-json\/wp\/v2\/product\/7592","targetHints":{"allow":["GET"]}}],"collection":[{"href":"https:\/\/saiga.es\/es\/wp-json\/wp\/v2\/product"}],"about":[{"href":"https:\/\/saiga.es\/es\/wp-json\/wp\/v2\/types\/product"}],"replies":[{"embeddable":true,"href":"https:\/\/saiga.es\/es\/wp-json\/wp\/v2\/comments?post=7592"}],"wp:featuredmedia":[{"embeddable":true,"href":"https:\/\/saiga.es\/es\/wp-json\/wp\/v2\/media\/7047"}],"wp:attachment":[{"href":"https:\/\/saiga.es\/es\/wp-json\/wp\/v2\/media?parent=7592"}],"wp:term":[{"taxonomy":"product_brand","embeddable":true,"href":"https:\/\/saiga.es\/es\/wp-json\/wp\/v2\/product_brand?post=7592"},{"taxonomy":"product_cat","embeddable":true,"href":"https:\/\/saiga.es\/es\/wp-json\/wp\/v2\/product_cat?post=7592"},{"taxonomy":"product_tag","embeddable":true,"href":"https:\/\/saiga.es\/es\/wp-json\/wp\/v2\/product_tag?post=7592"}],"curies":[{"name":"wp","href":"https:\/\/api.w.org\/{rel}","templated":true}]}}