{"id":7723,"date":"2024-02-19T11:41:59","date_gmt":"2024-02-19T11:41:59","guid":{"rendered":"https:\/\/botiga.saiga.es\/?post_type=product&#038;p=7723"},"modified":"2025-12-17T11:56:36","modified_gmt":"2025-12-17T11:56:36","slug":"legend-insecticida-total","status":"publish","type":"product","link":"https:\/\/saiga.es\/es\/producto\/legend-insecticida-total\/","title":{"rendered":"Legend insecticida total"},"content":{"rendered":"<p data-start=\"224\" data-end=\"576\">Legend Insecticida Total es un insecticida de amplio espectro, formulado con <strong data-start=\"301\" data-end=\"339\">deltametrina al 2,5 % p\/v (25 g\/L)<\/strong>, un piretroide eficaz contra una gran variedad de plagas. Su acci\u00f3n es tanto por <strong data-start=\"421\" data-end=\"433\">contacto<\/strong> como por <strong data-start=\"443\" data-end=\"456\">ingesti\u00f3n<\/strong>, lo que garantiza un control eficaz y r\u00e1pido de insectos en distintos cultivos.<\/p>\n<h3 data-start=\"578\" data-end=\"614\">Plagas y cultivos recomendados<\/h3>\n<p data-start=\"615\" data-end=\"857\">Legend est\u00e1 autorizado para su uso en numerosos cultivos hort\u00edcolas y frutales: ajo, cebolla, puerro, tomate, berenjena, calabac\u00edn, pepino, pepinillo, mel\u00f3n, sand\u00eda, lechuga, patata, y tambi\u00e9n en olivo.<\/p>\n<p data-start=\"859\" data-end=\"876\">Protege contra:<\/p>\n<ul data-start=\"877\" data-end=\"1258\">\n<li data-start=\"877\" data-end=\"1010\">\n<p data-start=\"879\" data-end=\"1010\">Orugas (diversas especies, incluida la plaga de la procesionaria o polillas y lepid\u00f3pteros)<\/p>\n<\/li>\n<li data-start=\"1011\" data-end=\"1136\">\n<p data-start=\"1013\" data-end=\"1136\">Pulgones y otros insectos chupadores (como Myzus persicae, Aphis spp., entre otros)<\/p>\n<\/li>\n<li data-start=\"1137\" data-end=\"1258\">\n<p data-start=\"1139\" data-end=\"1258\">Chinches y escarabajo de la patata, polilla del olivo, dependiendo del cultivo.<\/p>\n<\/li>\n<\/ul>\n<h3 data-start=\"1260\" data-end=\"1288\">Modo de empleo y dosis<\/h3>\n<ul data-start=\"1289\" data-end=\"1854\">\n<li data-start=\"1289\" data-end=\"1400\">\n<p data-start=\"1291\" data-end=\"1400\">Diluir <strong data-start=\"1298\" data-end=\"1333\">0,3 \u2013 1,67 ml por litro de agua<\/strong> para pulverizaci\u00f3n foliar.<\/p>\n<\/li>\n<li data-start=\"1401\" data-end=\"1499\">\n<p data-start=\"1403\" data-end=\"1499\">Aplicar al aire libre mediante <strong data-start=\"1434\" data-end=\"1458\">pulverizaci\u00f3n foliar<\/strong>.<\/p>\n<\/li>\n<li data-start=\"1500\" data-end=\"1605\">\n<p data-start=\"1502\" data-end=\"1605\">Para oliva: una sola aplicaci\u00f3n durante la floraci\u00f3n (BBCH 62).<\/p>\n<\/li>\n<li data-start=\"1606\" data-end=\"1760\">\n<p data-start=\"1608\" data-end=\"1760\">Para hort\u00edcolas y otros cultivos (tomate, berenjena, calabac\u00edn, etc.): 1\u20132 aplicaciones al inicio de la plaga.Intervalo m\u00ednimo entre aplicaciones: <strong data-start=\"1800\" data-end=\"1811\">14 d\u00edas<\/strong>.<\/p>\n<\/li>\n<\/ul>\n<h3 data-start=\"1856\" data-end=\"1881\">Ventajas destacadas<\/h3>\n<ul data-start=\"1882\" data-end=\"2431\">\n<li data-start=\"1882\" data-end=\"2044\">\n<p data-start=\"1884\" data-end=\"2044\"><strong data-start=\"1884\" data-end=\"1903\">Amplio espectro<\/strong>: combate insectos chupadores y masticadores, orugas, pulgones, polillas, escarabajos, entre otros.<\/p>\n<\/li>\n<li data-start=\"2045\" data-end=\"2160\">\n<p data-start=\"2047\" data-end=\"2160\"><strong data-start=\"2047\" data-end=\"2062\">Acci\u00f3n dual<\/strong> (contacto + ingesti\u00f3n) \u2014 mayor eficacia y versatilidad.<\/p>\n<\/li>\n<li data-start=\"2161\" data-end=\"2271\">\n<p data-start=\"2163\" data-end=\"2271\"><strong data-start=\"2163\" data-end=\"2184\">Alta persistencia<\/strong>: ofrece una protecci\u00f3n duradera del cultivo.<\/p>\n<\/li>\n<li data-start=\"2272\" data-end=\"2431\">\n<p data-start=\"2274\" data-end=\"2431\"><strong data-start=\"2274\" data-end=\"2297\">Versatilidad de uso<\/strong>: apto para muchos cultivos agr\u00edcolas y hort\u00edcolas, incluidas hortalizas, frutales y olivar.<\/p>\n<\/li>\n<\/ul>\n<h3 data-start=\"2433\" data-end=\"2463\">Precauciones y seguridad<\/h3>\n<ul data-start=\"2464\" data-end=\"2947\">\n<li data-start=\"2464\" data-end=\"2611\">\n<p data-start=\"2466\" data-end=\"2611\">Usar adecuadamente equipo de protecci\u00f3n personal (guantes, gafas, ropa adecuada) durante la aplicaci\u00f3n.<\/p>\n<\/li>\n<li data-start=\"2612\" data-end=\"2811\">\n<p data-start=\"2614\" data-end=\"2811\">Respetar los plazos de seguridad: en cultivos hort\u00edcolas\/vegetales, 3 d\u00edas entre el tratamiento y la recolecci\u00f3n; en patata, cebolla, puerro y ajo, 7 d\u00edas.<\/p>\n<\/li>\n<li data-start=\"2812\" data-end=\"2947\">\n<p data-start=\"2814\" data-end=\"2947\">Consultar siempre la etiqueta y ficha de seguridad oficiales antes de cualquier aplicaci\u00f3n.<\/p>\n<\/li>\n<\/ul>\n","protected":false},"excerpt":{"rendered":"<p>Legend insecticida total. Insecticida a base de deltametrin, un insecticida piretroide de amplio espectro, con acci\u00f3n por contacto e ingesti\u00f3n, para su uso en diversos cultivos.<\/p>\n","protected":false},"featured_media":17588,"comment_status":"closed","ping_status":"closed","template":"","meta":[],"product_brand":[],"product_cat":[181],"product_tag":[886,885,887],"class_list":{"0":"post-7723","1":"product","2":"type-product","3":"status-publish","4":"has-post-thumbnail","6":"product_cat-insecticidas","7":"product_tag-insecticida-es","8":"product_tag-insecticida-total","9":"product_tag-productes-jed-es","11":"first","12":"instock","13":"taxable","14":"shipping-taxable","15":"purchasable","16":"product-type-variable"},"yoast_head":"<!-- This site is optimized with the Yoast SEO plugin v27.4 - https:\/\/yoast.com\/product\/yoast-seo-wordpress\/ -->\n<title>Legend insecticida total | SAIGA<\/title>\n<meta name=\"description\" content=\"Legend insecticida total. Insecticida a base de deltametrina, un insecticida piretroide de amplio espectro, con acci\u00f3n por contacto e ingesti\u00f3n.\" \/>\n<meta name=\"robots\" content=\"index, follow, max-snippet:-1, max-image-preview:large, max-video-preview:-1\" \/>\n<link rel=\"canonical\" href=\"https:\/\/saiga.es\/es\/producto\/legend-insecticida-total\/\" \/>\n<meta property=\"og:locale\" content=\"es_ES\" \/>\n<meta property=\"og:type\" content=\"article\" \/>\n<meta property=\"og:title\" content=\"Legend insecticida total | SAIGA\" \/>\n<meta property=\"og:description\" content=\"Legend insecticida total. Insecticida a base de deltametrina, un insecticida piretroide de amplio espectro, con acci\u00f3n por contacto e ingesti\u00f3n.\" \/>\n<meta property=\"og:url\" content=\"https:\/\/saiga.es\/es\/producto\/legend-insecticida-total\/\" \/>\n<meta property=\"og:site_name\" content=\"SAIGA\" \/>\n<meta property=\"article:modified_time\" content=\"2025-12-17T11:56:36+00:00\" \/>\n<meta property=\"og:image\" content=\"https:\/\/saiga.es\/wp-content\/uploads\/2024\/02\/Legenda-insecticida-total.jpg\" \/>\n\t<meta property=\"og:image:width\" content=\"1080\" \/>\n\t<meta property=\"og:image:height\" content=\"1080\" \/>\n\t<meta property=\"og:image:type\" content=\"image\/jpeg\" \/>\n<meta name=\"twitter:card\" content=\"summary_large_image\" \/>\n<meta name=\"twitter:site\" content=\"@saiga_agro\" \/>\n<meta name=\"twitter:label1\" content=\"Tiempo de lectura\" \/>\n\t<meta name=\"twitter:data1\" content=\"2 minutos\" \/>\n<script type=\"application\/ld+json\" class=\"yoast-schema-graph\">{\"@context\":\"https:\\\/\\\/schema.org\",\"@graph\":[{\"@type\":\"WebPage\",\"@id\":\"https:\\\/\\\/saiga.es\\\/es\\\/producto\\\/legend-insecticida-total\\\/\",\"url\":\"https:\\\/\\\/saiga.es\\\/es\\\/producto\\\/legend-insecticida-total\\\/\",\"name\":\"Legend insecticida total | SAIGA\",\"isPartOf\":{\"@id\":\"https:\\\/\\\/saiga.es\\\/es\\\/#website\"},\"primaryImageOfPage\":{\"@id\":\"https:\\\/\\\/saiga.es\\\/es\\\/producto\\\/legend-insecticida-total\\\/#primaryimage\"},\"image\":{\"@id\":\"https:\\\/\\\/saiga.es\\\/es\\\/producto\\\/legend-insecticida-total\\\/#primaryimage\"},\"thumbnailUrl\":\"https:\\\/\\\/saiga.es\\\/wp-content\\\/uploads\\\/2024\\\/02\\\/Legenda-insecticida-total.jpg\",\"datePublished\":\"2024-02-19T11:41:59+00:00\",\"dateModified\":\"2025-12-17T11:56:36+00:00\",\"description\":\"Legend insecticida total. Insecticida a base de deltametrina, un insecticida piretroide de amplio espectro, con acci\u00f3n por contacto e ingesti\u00f3n.\",\"breadcrumb\":{\"@id\":\"https:\\\/\\\/saiga.es\\\/es\\\/producto\\\/legend-insecticida-total\\\/#breadcrumb\"},\"inLanguage\":\"es\",\"potentialAction\":[{\"@type\":\"ReadAction\",\"target\":[\"https:\\\/\\\/saiga.es\\\/es\\\/producto\\\/legend-insecticida-total\\\/\"]}]},{\"@type\":\"ImageObject\",\"inLanguage\":\"es\",\"@id\":\"https:\\\/\\\/saiga.es\\\/es\\\/producto\\\/legend-insecticida-total\\\/#primaryimage\",\"url\":\"https:\\\/\\\/saiga.es\\\/wp-content\\\/uploads\\\/2024\\\/02\\\/Legenda-insecticida-total.jpg\",\"contentUrl\":\"https:\\\/\\\/saiga.es\\\/wp-content\\\/uploads\\\/2024\\\/02\\\/Legenda-insecticida-total.jpg\",\"width\":1080,\"height\":1080,\"caption\":\"Legend insecticida total\"},{\"@type\":\"BreadcrumbList\",\"@id\":\"https:\\\/\\\/saiga.es\\\/es\\\/producto\\\/legend-insecticida-total\\\/#breadcrumb\",\"itemListElement\":[{\"@type\":\"ListItem\",\"position\":1,\"name\":\"Inici\",\"item\":\"https:\\\/\\\/saiga.es\\\/es\\\/\"},{\"@type\":\"ListItem\",\"position\":2,\"name\":\"Tienda\",\"item\":\"https:\\\/\\\/saiga.es\\\/es\\\/tienda\\\/\"},{\"@type\":\"ListItem\",\"position\":3,\"name\":\"Legend insecticida total\"}]},{\"@type\":\"WebSite\",\"@id\":\"https:\\\/\\\/saiga.es\\\/es\\\/#website\",\"url\":\"https:\\\/\\\/saiga.es\\\/es\\\/\",\"name\":\"SAIGA\",\"description\":\"M\u00e9s de 50 anys al servei de la terra i treballant per a un \u00fas eficient de l\u2019aigua!\",\"publisher\":{\"@id\":\"https:\\\/\\\/saiga.es\\\/es\\\/#organization\"},\"potentialAction\":[{\"@type\":\"SearchAction\",\"target\":{\"@type\":\"EntryPoint\",\"urlTemplate\":\"https:\\\/\\\/saiga.es\\\/es\\\/?s={search_term_string}\"},\"query-input\":{\"@type\":\"PropertyValueSpecification\",\"valueRequired\":true,\"valueName\":\"search_term_string\"}}],\"inLanguage\":\"es\"},{\"@type\":\"Organization\",\"@id\":\"https:\\\/\\\/saiga.es\\\/es\\\/#organization\",\"name\":\"SAIGA\",\"url\":\"https:\\\/\\\/saiga.es\\\/es\\\/\",\"logo\":{\"@type\":\"ImageObject\",\"inLanguage\":\"es\",\"@id\":\"https:\\\/\\\/saiga.es\\\/es\\\/#\\\/schema\\\/logo\\\/image\\\/\",\"url\":\"https:\\\/\\\/saiga.es\\\/wp-content\\\/uploads\\\/2025\\\/07\\\/logo_saiga_baseline_optimitzat.svg\",\"contentUrl\":\"https:\\\/\\\/saiga.es\\\/wp-content\\\/uploads\\\/2025\\\/07\\\/logo_saiga_baseline_optimitzat.svg\",\"caption\":\"SAIGA\"},\"image\":{\"@id\":\"https:\\\/\\\/saiga.es\\\/es\\\/#\\\/schema\\\/logo\\\/image\\\/\"},\"sameAs\":[\"https:\\\/\\\/x.com\\\/saiga_agro\",\"https:\\\/\\\/www.instagram.com\\\/saiga_agro\\\/\"]}]}<\/script>\n<!-- \/ Yoast SEO plugin. -->","yoast_head_json":{"title":"Legend insecticida total | SAIGA","description":"Legend insecticida total. Insecticida a base de deltametrina, un insecticida piretroide de amplio espectro, con acci\u00f3n por contacto e ingesti\u00f3n.","robots":{"index":"index","follow":"follow","max-snippet":"max-snippet:-1","max-image-preview":"max-image-preview:large","max-video-preview":"max-video-preview:-1"},"canonical":"https:\/\/saiga.es\/es\/producto\/legend-insecticida-total\/","og_locale":"es_ES","og_type":"article","og_title":"Legend insecticida total | SAIGA","og_description":"Legend insecticida total. Insecticida a base de deltametrina, un insecticida piretroide de amplio espectro, con acci\u00f3n por contacto e ingesti\u00f3n.","og_url":"https:\/\/saiga.es\/es\/producto\/legend-insecticida-total\/","og_site_name":"SAIGA","article_modified_time":"2025-12-17T11:56:36+00:00","og_image":[{"width":1080,"height":1080,"url":"https:\/\/saiga.es\/wp-content\/uploads\/2024\/02\/Legenda-insecticida-total.jpg","type":"image\/jpeg"}],"twitter_card":"summary_large_image","twitter_site":"@saiga_agro","twitter_misc":{"Tiempo de lectura":"2 minutos"},"schema":{"@context":"https:\/\/schema.org","@graph":[{"@type":"WebPage","@id":"https:\/\/saiga.es\/es\/producto\/legend-insecticida-total\/","url":"https:\/\/saiga.es\/es\/producto\/legend-insecticida-total\/","name":"Legend insecticida total | SAIGA","isPartOf":{"@id":"https:\/\/saiga.es\/es\/#website"},"primaryImageOfPage":{"@id":"https:\/\/saiga.es\/es\/producto\/legend-insecticida-total\/#primaryimage"},"image":{"@id":"https:\/\/saiga.es\/es\/producto\/legend-insecticida-total\/#primaryimage"},"thumbnailUrl":"https:\/\/saiga.es\/wp-content\/uploads\/2024\/02\/Legenda-insecticida-total.jpg","datePublished":"2024-02-19T11:41:59+00:00","dateModified":"2025-12-17T11:56:36+00:00","description":"Legend insecticida total. Insecticida a base de deltametrina, un insecticida piretroide de amplio espectro, con acci\u00f3n por contacto e ingesti\u00f3n.","breadcrumb":{"@id":"https:\/\/saiga.es\/es\/producto\/legend-insecticida-total\/#breadcrumb"},"inLanguage":"es","potentialAction":[{"@type":"ReadAction","target":["https:\/\/saiga.es\/es\/producto\/legend-insecticida-total\/"]}]},{"@type":"ImageObject","inLanguage":"es","@id":"https:\/\/saiga.es\/es\/producto\/legend-insecticida-total\/#primaryimage","url":"https:\/\/saiga.es\/wp-content\/uploads\/2024\/02\/Legenda-insecticida-total.jpg","contentUrl":"https:\/\/saiga.es\/wp-content\/uploads\/2024\/02\/Legenda-insecticida-total.jpg","width":1080,"height":1080,"caption":"Legend insecticida total"},{"@type":"BreadcrumbList","@id":"https:\/\/saiga.es\/es\/producto\/legend-insecticida-total\/#breadcrumb","itemListElement":[{"@type":"ListItem","position":1,"name":"Inici","item":"https:\/\/saiga.es\/es\/"},{"@type":"ListItem","position":2,"name":"Tienda","item":"https:\/\/saiga.es\/es\/tienda\/"},{"@type":"ListItem","position":3,"name":"Legend insecticida total"}]},{"@type":"WebSite","@id":"https:\/\/saiga.es\/es\/#website","url":"https:\/\/saiga.es\/es\/","name":"SAIGA","description":"M\u00e9s de 50 anys al servei de la terra i treballant per a un \u00fas eficient de l\u2019aigua!","publisher":{"@id":"https:\/\/saiga.es\/es\/#organization"},"potentialAction":[{"@type":"SearchAction","target":{"@type":"EntryPoint","urlTemplate":"https:\/\/saiga.es\/es\/?s={search_term_string}"},"query-input":{"@type":"PropertyValueSpecification","valueRequired":true,"valueName":"search_term_string"}}],"inLanguage":"es"},{"@type":"Organization","@id":"https:\/\/saiga.es\/es\/#organization","name":"SAIGA","url":"https:\/\/saiga.es\/es\/","logo":{"@type":"ImageObject","inLanguage":"es","@id":"https:\/\/saiga.es\/es\/#\/schema\/logo\/image\/","url":"https:\/\/saiga.es\/wp-content\/uploads\/2025\/07\/logo_saiga_baseline_optimitzat.svg","contentUrl":"https:\/\/saiga.es\/wp-content\/uploads\/2025\/07\/logo_saiga_baseline_optimitzat.svg","caption":"SAIGA"},"image":{"@id":"https:\/\/saiga.es\/es\/#\/schema\/logo\/image\/"},"sameAs":["https:\/\/x.com\/saiga_agro","https:\/\/www.instagram.com\/saiga_agro\/"]}]}},"_links":{"self":[{"href":"https:\/\/saiga.es\/es\/wp-json\/wp\/v2\/product\/7723","targetHints":{"allow":["GET"]}}],"collection":[{"href":"https:\/\/saiga.es\/es\/wp-json\/wp\/v2\/product"}],"about":[{"href":"https:\/\/saiga.es\/es\/wp-json\/wp\/v2\/types\/product"}],"replies":[{"embeddable":true,"href":"https:\/\/saiga.es\/es\/wp-json\/wp\/v2\/comments?post=7723"}],"wp:featuredmedia":[{"embeddable":true,"href":"https:\/\/saiga.es\/es\/wp-json\/wp\/v2\/media\/17588"}],"wp:attachment":[{"href":"https:\/\/saiga.es\/es\/wp-json\/wp\/v2\/media?parent=7723"}],"wp:term":[{"taxonomy":"product_brand","embeddable":true,"href":"https:\/\/saiga.es\/es\/wp-json\/wp\/v2\/product_brand?post=7723"},{"taxonomy":"product_cat","embeddable":true,"href":"https:\/\/saiga.es\/es\/wp-json\/wp\/v2\/product_cat?post=7723"},{"taxonomy":"product_tag","embeddable":true,"href":"https:\/\/saiga.es\/es\/wp-json\/wp\/v2\/product_tag?post=7723"}],"curies":[{"name":"wp","href":"https:\/\/api.w.org\/{rel}","templated":true}]}}