{"id":7787,"date":"2024-02-19T14:23:01","date_gmt":"2024-02-19T14:23:01","guid":{"rendered":"https:\/\/botiga.saiga.es\/producte\/union-enchufe-rapido-siroflex-4430\/"},"modified":"2024-02-19T14:23:01","modified_gmt":"2024-02-19T14:23:01","slug":"union-enchufe-rapido-siroflex-4430","status":"publish","type":"product","link":"https:\/\/saiga.es\/es\/producto\/union-enchufe-rapido-siroflex-4430\/","title":{"rendered":"Uni\u00f3n enchufe r\u00e1pido Siroflex 4430"},"content":{"rendered":"<p>Uni\u00f3n enchufe r\u00e1pido Siroflex 4430<\/p>\n","protected":false},"excerpt":{"rendered":"<p>Uni\u00f3n enchufe r\u00e1pido Siroflex 4430<\/p>\n","protected":false},"featured_media":7785,"comment_status":"closed","ping_status":"closed","template":"","meta":[],"product_brand":[],"product_cat":[198,417],"product_tag":[780,871,910,205,911,230],"class_list":{"0":"post-7787","1":"product","2":"type-product","3":"status-publish","4":"has-post-thumbnail","6":"product_cat-mangueras-y-accesorios","7":"product_cat-mangueras-y-complementos","8":"product_tag-jardineria-es","9":"product_tag-manguera","10":"product_tag-manguera-es","11":"product_tag-riego","12":"product_tag-siroflex-es","13":"product_tag-union","15":"first","16":"instock","17":"taxable","18":"shipping-taxable","19":"purchasable","20":"product-type-simple"},"yoast_head":"<!-- This site is optimized with the Yoast SEO plugin v27.3 - https:\/\/yoast.com\/product\/yoast-seo-wordpress\/ -->\n<title>Uni\u00f3n enchufe r\u00e1pido Siroflex 4430 | SAIGA<\/title>\n<meta name=\"description\" content=\"Uni\u00f3n enchufe r\u00e1pido Siroflex 4430v\" \/>\n<meta name=\"robots\" content=\"index, follow, max-snippet:-1, max-image-preview:large, max-video-preview:-1\" \/>\n<link rel=\"canonical\" href=\"https:\/\/saiga.es\/es\/producto\/union-enchufe-rapido-siroflex-4430\/\" \/>\n<meta property=\"og:locale\" content=\"es_ES\" \/>\n<meta property=\"og:type\" content=\"article\" \/>\n<meta property=\"og:title\" content=\"Uni\u00f3n enchufe r\u00e1pido Siroflex 4430 | SAIGA\" \/>\n<meta property=\"og:description\" content=\"Uni\u00f3n enchufe r\u00e1pido Siroflex 4430v\" \/>\n<meta property=\"og:url\" content=\"https:\/\/saiga.es\/es\/producto\/union-enchufe-rapido-siroflex-4430\/\" \/>\n<meta property=\"og:site_name\" content=\"SAIGA\" \/>\n<meta property=\"og:image\" content=\"https:\/\/saiga.es\/wp-content\/uploads\/2024\/02\/Unio-rapida-4430.jpg\" \/>\n\t<meta property=\"og:image:width\" content=\"600\" \/>\n\t<meta property=\"og:image:height\" content=\"400\" \/>\n\t<meta property=\"og:image:type\" content=\"image\/jpeg\" \/>\n<meta name=\"twitter:card\" content=\"summary_large_image\" \/>\n<meta name=\"twitter:site\" content=\"@saiga_agro\" \/>\n<script type=\"application\/ld+json\" class=\"yoast-schema-graph\">{\"@context\":\"https:\\\/\\\/schema.org\",\"@graph\":[{\"@type\":\"WebPage\",\"@id\":\"https:\\\/\\\/saiga.es\\\/es\\\/producto\\\/union-enchufe-rapido-siroflex-4430\\\/\",\"url\":\"https:\\\/\\\/saiga.es\\\/es\\\/producto\\\/union-enchufe-rapido-siroflex-4430\\\/\",\"name\":\"Uni\u00f3n enchufe r\u00e1pido Siroflex 4430 | SAIGA\",\"isPartOf\":{\"@id\":\"https:\\\/\\\/saiga.es\\\/es\\\/#website\"},\"primaryImageOfPage\":{\"@id\":\"https:\\\/\\\/saiga.es\\\/es\\\/producto\\\/union-enchufe-rapido-siroflex-4430\\\/#primaryimage\"},\"image\":{\"@id\":\"https:\\\/\\\/saiga.es\\\/es\\\/producto\\\/union-enchufe-rapido-siroflex-4430\\\/#primaryimage\"},\"thumbnailUrl\":\"https:\\\/\\\/saiga.es\\\/wp-content\\\/uploads\\\/2024\\\/02\\\/Unio-rapida-4430.jpg\",\"datePublished\":\"2024-02-19T14:23:01+00:00\",\"description\":\"Uni\u00f3n enchufe r\u00e1pido Siroflex 4430v\",\"breadcrumb\":{\"@id\":\"https:\\\/\\\/saiga.es\\\/es\\\/producto\\\/union-enchufe-rapido-siroflex-4430\\\/#breadcrumb\"},\"inLanguage\":\"es\",\"potentialAction\":[{\"@type\":\"ReadAction\",\"target\":[\"https:\\\/\\\/saiga.es\\\/es\\\/producto\\\/union-enchufe-rapido-siroflex-4430\\\/\"]}]},{\"@type\":\"ImageObject\",\"inLanguage\":\"es\",\"@id\":\"https:\\\/\\\/saiga.es\\\/es\\\/producto\\\/union-enchufe-rapido-siroflex-4430\\\/#primaryimage\",\"url\":\"https:\\\/\\\/saiga.es\\\/wp-content\\\/uploads\\\/2024\\\/02\\\/Unio-rapida-4430.jpg\",\"contentUrl\":\"https:\\\/\\\/saiga.es\\\/wp-content\\\/uploads\\\/2024\\\/02\\\/Unio-rapida-4430.jpg\",\"width\":600,\"height\":400,\"caption\":\"Uni\u00f3 Siroflex\"},{\"@type\":\"BreadcrumbList\",\"@id\":\"https:\\\/\\\/saiga.es\\\/es\\\/producto\\\/union-enchufe-rapido-siroflex-4430\\\/#breadcrumb\",\"itemListElement\":[{\"@type\":\"ListItem\",\"position\":1,\"name\":\"Inici\",\"item\":\"https:\\\/\\\/saiga.es\\\/es\\\/\"},{\"@type\":\"ListItem\",\"position\":2,\"name\":\"Tienda\",\"item\":\"https:\\\/\\\/saiga.es\\\/es\\\/tienda\\\/\"},{\"@type\":\"ListItem\",\"position\":3,\"name\":\"Uni\u00f3n enchufe r\u00e1pido Siroflex 4430\"}]},{\"@type\":\"WebSite\",\"@id\":\"https:\\\/\\\/saiga.es\\\/es\\\/#website\",\"url\":\"https:\\\/\\\/saiga.es\\\/es\\\/\",\"name\":\"SAIGA\",\"description\":\"M\u00e9s de 50 anys al servei de la terra i treballant per a un \u00fas eficient de l\u2019aigua!\",\"publisher\":{\"@id\":\"https:\\\/\\\/saiga.es\\\/es\\\/#organization\"},\"potentialAction\":[{\"@type\":\"SearchAction\",\"target\":{\"@type\":\"EntryPoint\",\"urlTemplate\":\"https:\\\/\\\/saiga.es\\\/es\\\/?s={search_term_string}\"},\"query-input\":{\"@type\":\"PropertyValueSpecification\",\"valueRequired\":true,\"valueName\":\"search_term_string\"}}],\"inLanguage\":\"es\"},{\"@type\":\"Organization\",\"@id\":\"https:\\\/\\\/saiga.es\\\/es\\\/#organization\",\"name\":\"SAIGA\",\"url\":\"https:\\\/\\\/saiga.es\\\/es\\\/\",\"logo\":{\"@type\":\"ImageObject\",\"inLanguage\":\"es\",\"@id\":\"https:\\\/\\\/saiga.es\\\/es\\\/#\\\/schema\\\/logo\\\/image\\\/\",\"url\":\"https:\\\/\\\/saiga.es\\\/wp-content\\\/uploads\\\/2025\\\/07\\\/logo_saiga_baseline_optimitzat.svg\",\"contentUrl\":\"https:\\\/\\\/saiga.es\\\/wp-content\\\/uploads\\\/2025\\\/07\\\/logo_saiga_baseline_optimitzat.svg\",\"caption\":\"SAIGA\"},\"image\":{\"@id\":\"https:\\\/\\\/saiga.es\\\/es\\\/#\\\/schema\\\/logo\\\/image\\\/\"},\"sameAs\":[\"https:\\\/\\\/x.com\\\/saiga_agro\",\"https:\\\/\\\/www.instagram.com\\\/saiga_agro\\\/\"]}]}<\/script>\n<!-- \/ Yoast SEO plugin. -->","yoast_head_json":{"title":"Uni\u00f3n enchufe r\u00e1pido Siroflex 4430 | SAIGA","description":"Uni\u00f3n enchufe r\u00e1pido Siroflex 4430v","robots":{"index":"index","follow":"follow","max-snippet":"max-snippet:-1","max-image-preview":"max-image-preview:large","max-video-preview":"max-video-preview:-1"},"canonical":"https:\/\/saiga.es\/es\/producto\/union-enchufe-rapido-siroflex-4430\/","og_locale":"es_ES","og_type":"article","og_title":"Uni\u00f3n enchufe r\u00e1pido Siroflex 4430 | SAIGA","og_description":"Uni\u00f3n enchufe r\u00e1pido Siroflex 4430v","og_url":"https:\/\/saiga.es\/es\/producto\/union-enchufe-rapido-siroflex-4430\/","og_site_name":"SAIGA","og_image":[{"width":600,"height":400,"url":"https:\/\/saiga.es\/wp-content\/uploads\/2024\/02\/Unio-rapida-4430.jpg","type":"image\/jpeg"}],"twitter_card":"summary_large_image","twitter_site":"@saiga_agro","schema":{"@context":"https:\/\/schema.org","@graph":[{"@type":"WebPage","@id":"https:\/\/saiga.es\/es\/producto\/union-enchufe-rapido-siroflex-4430\/","url":"https:\/\/saiga.es\/es\/producto\/union-enchufe-rapido-siroflex-4430\/","name":"Uni\u00f3n enchufe r\u00e1pido Siroflex 4430 | SAIGA","isPartOf":{"@id":"https:\/\/saiga.es\/es\/#website"},"primaryImageOfPage":{"@id":"https:\/\/saiga.es\/es\/producto\/union-enchufe-rapido-siroflex-4430\/#primaryimage"},"image":{"@id":"https:\/\/saiga.es\/es\/producto\/union-enchufe-rapido-siroflex-4430\/#primaryimage"},"thumbnailUrl":"https:\/\/saiga.es\/wp-content\/uploads\/2024\/02\/Unio-rapida-4430.jpg","datePublished":"2024-02-19T14:23:01+00:00","description":"Uni\u00f3n enchufe r\u00e1pido Siroflex 4430v","breadcrumb":{"@id":"https:\/\/saiga.es\/es\/producto\/union-enchufe-rapido-siroflex-4430\/#breadcrumb"},"inLanguage":"es","potentialAction":[{"@type":"ReadAction","target":["https:\/\/saiga.es\/es\/producto\/union-enchufe-rapido-siroflex-4430\/"]}]},{"@type":"ImageObject","inLanguage":"es","@id":"https:\/\/saiga.es\/es\/producto\/union-enchufe-rapido-siroflex-4430\/#primaryimage","url":"https:\/\/saiga.es\/wp-content\/uploads\/2024\/02\/Unio-rapida-4430.jpg","contentUrl":"https:\/\/saiga.es\/wp-content\/uploads\/2024\/02\/Unio-rapida-4430.jpg","width":600,"height":400,"caption":"Uni\u00f3 Siroflex"},{"@type":"BreadcrumbList","@id":"https:\/\/saiga.es\/es\/producto\/union-enchufe-rapido-siroflex-4430\/#breadcrumb","itemListElement":[{"@type":"ListItem","position":1,"name":"Inici","item":"https:\/\/saiga.es\/es\/"},{"@type":"ListItem","position":2,"name":"Tienda","item":"https:\/\/saiga.es\/es\/tienda\/"},{"@type":"ListItem","position":3,"name":"Uni\u00f3n enchufe r\u00e1pido Siroflex 4430"}]},{"@type":"WebSite","@id":"https:\/\/saiga.es\/es\/#website","url":"https:\/\/saiga.es\/es\/","name":"SAIGA","description":"M\u00e9s de 50 anys al servei de la terra i treballant per a un \u00fas eficient de l\u2019aigua!","publisher":{"@id":"https:\/\/saiga.es\/es\/#organization"},"potentialAction":[{"@type":"SearchAction","target":{"@type":"EntryPoint","urlTemplate":"https:\/\/saiga.es\/es\/?s={search_term_string}"},"query-input":{"@type":"PropertyValueSpecification","valueRequired":true,"valueName":"search_term_string"}}],"inLanguage":"es"},{"@type":"Organization","@id":"https:\/\/saiga.es\/es\/#organization","name":"SAIGA","url":"https:\/\/saiga.es\/es\/","logo":{"@type":"ImageObject","inLanguage":"es","@id":"https:\/\/saiga.es\/es\/#\/schema\/logo\/image\/","url":"https:\/\/saiga.es\/wp-content\/uploads\/2025\/07\/logo_saiga_baseline_optimitzat.svg","contentUrl":"https:\/\/saiga.es\/wp-content\/uploads\/2025\/07\/logo_saiga_baseline_optimitzat.svg","caption":"SAIGA"},"image":{"@id":"https:\/\/saiga.es\/es\/#\/schema\/logo\/image\/"},"sameAs":["https:\/\/x.com\/saiga_agro","https:\/\/www.instagram.com\/saiga_agro\/"]}]}},"_links":{"self":[{"href":"https:\/\/saiga.es\/es\/wp-json\/wp\/v2\/product\/7787","targetHints":{"allow":["GET"]}}],"collection":[{"href":"https:\/\/saiga.es\/es\/wp-json\/wp\/v2\/product"}],"about":[{"href":"https:\/\/saiga.es\/es\/wp-json\/wp\/v2\/types\/product"}],"replies":[{"embeddable":true,"href":"https:\/\/saiga.es\/es\/wp-json\/wp\/v2\/comments?post=7787"}],"wp:featuredmedia":[{"embeddable":true,"href":"https:\/\/saiga.es\/es\/wp-json\/wp\/v2\/media\/7785"}],"wp:attachment":[{"href":"https:\/\/saiga.es\/es\/wp-json\/wp\/v2\/media?parent=7787"}],"wp:term":[{"taxonomy":"product_brand","embeddable":true,"href":"https:\/\/saiga.es\/es\/wp-json\/wp\/v2\/product_brand?post=7787"},{"taxonomy":"product_cat","embeddable":true,"href":"https:\/\/saiga.es\/es\/wp-json\/wp\/v2\/product_cat?post=7787"},{"taxonomy":"product_tag","embeddable":true,"href":"https:\/\/saiga.es\/es\/wp-json\/wp\/v2\/product_tag?post=7787"}],"curies":[{"name":"wp","href":"https:\/\/api.w.org\/{rel}","templated":true}]}}