{"id":7887,"date":"2024-02-21T09:11:42","date_gmt":"2024-02-21T09:11:42","guid":{"rendered":"https:\/\/botiga.saiga.es\/producte\/bebedero-de-palanca-para-vacas-de-pvc-circular-azul\/"},"modified":"2025-10-27T07:53:41","modified_gmt":"2025-10-27T07:53:41","slug":"bebedero-de-palanca-para-vacas-de-pvc-circular-azul","status":"publish","type":"product","link":"https:\/\/saiga.es\/es\/producto\/bebedero-de-palanca-para-vacas-de-pvc-circular-azul\/","title":{"rendered":"Bebedero de palanca para vacas de pvc circular azul"},"content":{"rendered":"<p>Bebedero palanca para vacas de pvc circular azul<\/p>\n<p>Este bebedero es un dispositivo dise\u00f1ado para proporcionar agua a los animales de manera eficiente e higi\u00e9nica. Este tipo de bebedero est\u00e1 construido principalmente con PVC de color azul, un material duradero y resistentes a las condiciones ambientales. La forma circular facilita el acceso de los animales desde cualquier \u00e1ngulo.<\/p>\n<p>Las caracter\u00edsticas de este abrevadero incluyen una palanca que se activa con la presi\u00f3n del hocico de la vaca, permiti\u00e9ndole acceder al agua. Esta caracter\u00edstica es \u00fatil para que el agua se dispense s\u00f3lo cuando el animal lo solicite, evitando desperdicios y asegurando un uso eficiente del recurso h\u00eddrico. La coloraci\u00f3n azul no s\u00f3lo le da un aspecto limpio y atractivo, sino que tambi\u00e9n puede ayudarle a mantener la temperatura del agua en condiciones de calor.<\/p>\n","protected":false},"excerpt":{"rendered":"<p>El bebedero de palanca circular para vacas, fabricado con PVC azul, ofrece una dispensa eficiente de agua con una palanca activada por el hocico del animal. El dise\u00f1o circular facilita el acceso desde cualquier \u00e1ngulo. La coloraci\u00f3n azul le proporciona un aspecto limpio y ayuda a mantener la temperatura del agua. Con componentes desmontables para una f\u00e1cil limpieza, este bebedero asegura un suministro higi\u00e9nico y eficiente de agua para el ganado.<\/p>\n","protected":false},"featured_media":11863,"comment_status":"open","ping_status":"closed","template":"","meta":[],"product_brand":[],"product_cat":[1922],"product_tag":[],"class_list":{"0":"post-7887","1":"product","2":"type-product","3":"status-publish","4":"has-post-thumbnail","6":"product_cat-bebederos-es","8":"first","9":"instock","10":"taxable","11":"shipping-taxable","12":"purchasable","13":"product-type-simple"},"yoast_head":"<!-- This site is optimized with the Yoast SEO plugin v27.4 - https:\/\/yoast.com\/product\/yoast-seo-wordpress\/ -->\n<title>Bebedero de palanca para vacas de pvc circular azul | SAIGA<\/title>\n<meta name=\"description\" content=\"Este bebedero ofrece una dispensa de agua con una palanca activada por el hocico y proporciona una soluci\u00f3n higi\u00e9nica y pr\u00e1ctica para el ganado.\" \/>\n<meta name=\"robots\" content=\"index, follow, max-snippet:-1, max-image-preview:large, max-video-preview:-1\" \/>\n<link rel=\"canonical\" href=\"https:\/\/saiga.es\/es\/producto\/bebedero-de-palanca-para-vacas-de-pvc-circular-azul\/\" \/>\n<meta property=\"og:locale\" content=\"es_ES\" \/>\n<meta property=\"og:type\" content=\"article\" \/>\n<meta property=\"og:title\" content=\"Bebedero de palanca para vacas de pvc circular azul | SAIGA\" \/>\n<meta property=\"og:description\" content=\"Este bebedero ofrece una dispensa de agua con una palanca activada por el hocico y proporciona una soluci\u00f3n higi\u00e9nica y pr\u00e1ctica para el ganado.\" \/>\n<meta property=\"og:url\" content=\"https:\/\/saiga.es\/es\/producto\/bebedero-de-palanca-para-vacas-de-pvc-circular-azul\/\" \/>\n<meta property=\"og:site_name\" content=\"SAIGA\" \/>\n<meta property=\"article:modified_time\" content=\"2025-10-27T07:53:41+00:00\" \/>\n<meta property=\"og:image\" content=\"https:\/\/saiga.es\/wp-content\/uploads\/2024\/02\/Beurador-palanca-vaques.jpg\" \/>\n\t<meta property=\"og:image:width\" content=\"1080\" \/>\n\t<meta property=\"og:image:height\" content=\"1080\" \/>\n\t<meta property=\"og:image:type\" content=\"image\/jpeg\" \/>\n<meta name=\"twitter:card\" content=\"summary_large_image\" \/>\n<meta name=\"twitter:site\" content=\"@saiga_agro\" \/>\n<meta name=\"twitter:label1\" content=\"Tiempo de lectura\" \/>\n\t<meta name=\"twitter:data1\" content=\"1 minuto\" \/>\n<script type=\"application\/ld+json\" class=\"yoast-schema-graph\">{\"@context\":\"https:\\\/\\\/schema.org\",\"@graph\":[{\"@type\":\"WebPage\",\"@id\":\"https:\\\/\\\/saiga.es\\\/es\\\/producto\\\/bebedero-de-palanca-para-vacas-de-pvc-circular-azul\\\/\",\"url\":\"https:\\\/\\\/saiga.es\\\/es\\\/producto\\\/bebedero-de-palanca-para-vacas-de-pvc-circular-azul\\\/\",\"name\":\"Bebedero de palanca para vacas de pvc circular azul | SAIGA\",\"isPartOf\":{\"@id\":\"https:\\\/\\\/saiga.es\\\/es\\\/#website\"},\"primaryImageOfPage\":{\"@id\":\"https:\\\/\\\/saiga.es\\\/es\\\/producto\\\/bebedero-de-palanca-para-vacas-de-pvc-circular-azul\\\/#primaryimage\"},\"image\":{\"@id\":\"https:\\\/\\\/saiga.es\\\/es\\\/producto\\\/bebedero-de-palanca-para-vacas-de-pvc-circular-azul\\\/#primaryimage\"},\"thumbnailUrl\":\"https:\\\/\\\/saiga.es\\\/wp-content\\\/uploads\\\/2024\\\/02\\\/Beurador-palanca-vaques.jpg\",\"datePublished\":\"2024-02-21T09:11:42+00:00\",\"dateModified\":\"2025-10-27T07:53:41+00:00\",\"description\":\"Este bebedero ofrece una dispensa de agua con una palanca activada por el hocico y proporciona una soluci\u00f3n higi\u00e9nica y pr\u00e1ctica para el ganado.\",\"breadcrumb\":{\"@id\":\"https:\\\/\\\/saiga.es\\\/es\\\/producto\\\/bebedero-de-palanca-para-vacas-de-pvc-circular-azul\\\/#breadcrumb\"},\"inLanguage\":\"es\",\"potentialAction\":[{\"@type\":\"ReadAction\",\"target\":[\"https:\\\/\\\/saiga.es\\\/es\\\/producto\\\/bebedero-de-palanca-para-vacas-de-pvc-circular-azul\\\/\"]}]},{\"@type\":\"ImageObject\",\"inLanguage\":\"es\",\"@id\":\"https:\\\/\\\/saiga.es\\\/es\\\/producto\\\/bebedero-de-palanca-para-vacas-de-pvc-circular-azul\\\/#primaryimage\",\"url\":\"https:\\\/\\\/saiga.es\\\/wp-content\\\/uploads\\\/2024\\\/02\\\/Beurador-palanca-vaques.jpg\",\"contentUrl\":\"https:\\\/\\\/saiga.es\\\/wp-content\\\/uploads\\\/2024\\\/02\\\/Beurador-palanca-vaques.jpg\",\"width\":1080,\"height\":1080,\"caption\":\"Abeurador palanca vaques circular\"},{\"@type\":\"BreadcrumbList\",\"@id\":\"https:\\\/\\\/saiga.es\\\/es\\\/producto\\\/bebedero-de-palanca-para-vacas-de-pvc-circular-azul\\\/#breadcrumb\",\"itemListElement\":[{\"@type\":\"ListItem\",\"position\":1,\"name\":\"Inici\",\"item\":\"https:\\\/\\\/saiga.es\\\/es\\\/\"},{\"@type\":\"ListItem\",\"position\":2,\"name\":\"Tienda\",\"item\":\"https:\\\/\\\/saiga.es\\\/es\\\/tienda\\\/\"},{\"@type\":\"ListItem\",\"position\":3,\"name\":\"Bebedero de palanca para vacas de pvc circular azul\"}]},{\"@type\":\"WebSite\",\"@id\":\"https:\\\/\\\/saiga.es\\\/es\\\/#website\",\"url\":\"https:\\\/\\\/saiga.es\\\/es\\\/\",\"name\":\"SAIGA\",\"description\":\"M\u00e9s de 50 anys al servei de la terra i treballant per a un \u00fas eficient de l\u2019aigua!\",\"publisher\":{\"@id\":\"https:\\\/\\\/saiga.es\\\/es\\\/#organization\"},\"potentialAction\":[{\"@type\":\"SearchAction\",\"target\":{\"@type\":\"EntryPoint\",\"urlTemplate\":\"https:\\\/\\\/saiga.es\\\/es\\\/?s={search_term_string}\"},\"query-input\":{\"@type\":\"PropertyValueSpecification\",\"valueRequired\":true,\"valueName\":\"search_term_string\"}}],\"inLanguage\":\"es\"},{\"@type\":\"Organization\",\"@id\":\"https:\\\/\\\/saiga.es\\\/es\\\/#organization\",\"name\":\"SAIGA\",\"url\":\"https:\\\/\\\/saiga.es\\\/es\\\/\",\"logo\":{\"@type\":\"ImageObject\",\"inLanguage\":\"es\",\"@id\":\"https:\\\/\\\/saiga.es\\\/es\\\/#\\\/schema\\\/logo\\\/image\\\/\",\"url\":\"https:\\\/\\\/saiga.es\\\/wp-content\\\/uploads\\\/2025\\\/07\\\/logo_saiga_baseline_optimitzat.svg\",\"contentUrl\":\"https:\\\/\\\/saiga.es\\\/wp-content\\\/uploads\\\/2025\\\/07\\\/logo_saiga_baseline_optimitzat.svg\",\"caption\":\"SAIGA\"},\"image\":{\"@id\":\"https:\\\/\\\/saiga.es\\\/es\\\/#\\\/schema\\\/logo\\\/image\\\/\"},\"sameAs\":[\"https:\\\/\\\/x.com\\\/saiga_agro\",\"https:\\\/\\\/www.instagram.com\\\/saiga_agro\\\/\"]}]}<\/script>\n<!-- \/ Yoast SEO plugin. -->","yoast_head_json":{"title":"Bebedero de palanca para vacas de pvc circular azul | SAIGA","description":"Este bebedero ofrece una dispensa de agua con una palanca activada por el hocico y proporciona una soluci\u00f3n higi\u00e9nica y pr\u00e1ctica para el ganado.","robots":{"index":"index","follow":"follow","max-snippet":"max-snippet:-1","max-image-preview":"max-image-preview:large","max-video-preview":"max-video-preview:-1"},"canonical":"https:\/\/saiga.es\/es\/producto\/bebedero-de-palanca-para-vacas-de-pvc-circular-azul\/","og_locale":"es_ES","og_type":"article","og_title":"Bebedero de palanca para vacas de pvc circular azul | SAIGA","og_description":"Este bebedero ofrece una dispensa de agua con una palanca activada por el hocico y proporciona una soluci\u00f3n higi\u00e9nica y pr\u00e1ctica para el ganado.","og_url":"https:\/\/saiga.es\/es\/producto\/bebedero-de-palanca-para-vacas-de-pvc-circular-azul\/","og_site_name":"SAIGA","article_modified_time":"2025-10-27T07:53:41+00:00","og_image":[{"width":1080,"height":1080,"url":"https:\/\/saiga.es\/wp-content\/uploads\/2024\/02\/Beurador-palanca-vaques.jpg","type":"image\/jpeg"}],"twitter_card":"summary_large_image","twitter_site":"@saiga_agro","twitter_misc":{"Tiempo de lectura":"1 minuto"},"schema":{"@context":"https:\/\/schema.org","@graph":[{"@type":"WebPage","@id":"https:\/\/saiga.es\/es\/producto\/bebedero-de-palanca-para-vacas-de-pvc-circular-azul\/","url":"https:\/\/saiga.es\/es\/producto\/bebedero-de-palanca-para-vacas-de-pvc-circular-azul\/","name":"Bebedero de palanca para vacas de pvc circular azul | SAIGA","isPartOf":{"@id":"https:\/\/saiga.es\/es\/#website"},"primaryImageOfPage":{"@id":"https:\/\/saiga.es\/es\/producto\/bebedero-de-palanca-para-vacas-de-pvc-circular-azul\/#primaryimage"},"image":{"@id":"https:\/\/saiga.es\/es\/producto\/bebedero-de-palanca-para-vacas-de-pvc-circular-azul\/#primaryimage"},"thumbnailUrl":"https:\/\/saiga.es\/wp-content\/uploads\/2024\/02\/Beurador-palanca-vaques.jpg","datePublished":"2024-02-21T09:11:42+00:00","dateModified":"2025-10-27T07:53:41+00:00","description":"Este bebedero ofrece una dispensa de agua con una palanca activada por el hocico y proporciona una soluci\u00f3n higi\u00e9nica y pr\u00e1ctica para el ganado.","breadcrumb":{"@id":"https:\/\/saiga.es\/es\/producto\/bebedero-de-palanca-para-vacas-de-pvc-circular-azul\/#breadcrumb"},"inLanguage":"es","potentialAction":[{"@type":"ReadAction","target":["https:\/\/saiga.es\/es\/producto\/bebedero-de-palanca-para-vacas-de-pvc-circular-azul\/"]}]},{"@type":"ImageObject","inLanguage":"es","@id":"https:\/\/saiga.es\/es\/producto\/bebedero-de-palanca-para-vacas-de-pvc-circular-azul\/#primaryimage","url":"https:\/\/saiga.es\/wp-content\/uploads\/2024\/02\/Beurador-palanca-vaques.jpg","contentUrl":"https:\/\/saiga.es\/wp-content\/uploads\/2024\/02\/Beurador-palanca-vaques.jpg","width":1080,"height":1080,"caption":"Abeurador palanca vaques circular"},{"@type":"BreadcrumbList","@id":"https:\/\/saiga.es\/es\/producto\/bebedero-de-palanca-para-vacas-de-pvc-circular-azul\/#breadcrumb","itemListElement":[{"@type":"ListItem","position":1,"name":"Inici","item":"https:\/\/saiga.es\/es\/"},{"@type":"ListItem","position":2,"name":"Tienda","item":"https:\/\/saiga.es\/es\/tienda\/"},{"@type":"ListItem","position":3,"name":"Bebedero de palanca para vacas de pvc circular azul"}]},{"@type":"WebSite","@id":"https:\/\/saiga.es\/es\/#website","url":"https:\/\/saiga.es\/es\/","name":"SAIGA","description":"M\u00e9s de 50 anys al servei de la terra i treballant per a un \u00fas eficient de l\u2019aigua!","publisher":{"@id":"https:\/\/saiga.es\/es\/#organization"},"potentialAction":[{"@type":"SearchAction","target":{"@type":"EntryPoint","urlTemplate":"https:\/\/saiga.es\/es\/?s={search_term_string}"},"query-input":{"@type":"PropertyValueSpecification","valueRequired":true,"valueName":"search_term_string"}}],"inLanguage":"es"},{"@type":"Organization","@id":"https:\/\/saiga.es\/es\/#organization","name":"SAIGA","url":"https:\/\/saiga.es\/es\/","logo":{"@type":"ImageObject","inLanguage":"es","@id":"https:\/\/saiga.es\/es\/#\/schema\/logo\/image\/","url":"https:\/\/saiga.es\/wp-content\/uploads\/2025\/07\/logo_saiga_baseline_optimitzat.svg","contentUrl":"https:\/\/saiga.es\/wp-content\/uploads\/2025\/07\/logo_saiga_baseline_optimitzat.svg","caption":"SAIGA"},"image":{"@id":"https:\/\/saiga.es\/es\/#\/schema\/logo\/image\/"},"sameAs":["https:\/\/x.com\/saiga_agro","https:\/\/www.instagram.com\/saiga_agro\/"]}]}},"_links":{"self":[{"href":"https:\/\/saiga.es\/es\/wp-json\/wp\/v2\/product\/7887","targetHints":{"allow":["GET"]}}],"collection":[{"href":"https:\/\/saiga.es\/es\/wp-json\/wp\/v2\/product"}],"about":[{"href":"https:\/\/saiga.es\/es\/wp-json\/wp\/v2\/types\/product"}],"replies":[{"embeddable":true,"href":"https:\/\/saiga.es\/es\/wp-json\/wp\/v2\/comments?post=7887"}],"wp:featuredmedia":[{"embeddable":true,"href":"https:\/\/saiga.es\/es\/wp-json\/wp\/v2\/media\/11863"}],"wp:attachment":[{"href":"https:\/\/saiga.es\/es\/wp-json\/wp\/v2\/media?parent=7887"}],"wp:term":[{"taxonomy":"product_brand","embeddable":true,"href":"https:\/\/saiga.es\/es\/wp-json\/wp\/v2\/product_brand?post=7887"},{"taxonomy":"product_cat","embeddable":true,"href":"https:\/\/saiga.es\/es\/wp-json\/wp\/v2\/product_cat?post=7887"},{"taxonomy":"product_tag","embeddable":true,"href":"https:\/\/saiga.es\/es\/wp-json\/wp\/v2\/product_tag?post=7887"}],"curies":[{"name":"wp","href":"https:\/\/api.w.org\/{rel}","templated":true}]}}