{"id":7889,"date":"2024-02-21T11:34:38","date_gmt":"2024-02-21T11:34:38","guid":{"rendered":"https:\/\/botiga.saiga.es\/producte\/bebedero-perros-zar-mini-075l\/"},"modified":"2025-10-27T07:53:42","modified_gmt":"2025-10-27T07:53:42","slug":"bebedero-perros-zar-mini-075l","status":"publish","type":"product","link":"https:\/\/saiga.es\/es\/producto\/bebedero-perros-zar-mini-075l\/","title":{"rendered":"Bebedero perros ZAR mini aluminio 0,75L"},"content":{"rendered":"<p>El bebedero ZAR mini de 0,75 litros es una soluci\u00f3n pr\u00e1ctica y duradera para mantener a tus perros o gatos hidratados, especialmente cuando pasan horas solos. Adem\u00e1s, gracias a su dise\u00f1o compacto y funcional resulta ideal tanto para interiores como para exteriores. <\/p>\n<p>Est\u00e1 fabricado en aluminio de fundici\u00f3n de alta calidad que ofrece una gran resistencia al desgaste ya la corrosi\u00f3n. De esta forma, se asegura un uso prolongado y fiable, incluso en condiciones adversas. <\/p>\n<p>Por lo que respecta a la instalaci\u00f3n, dispone de dos opciones de anclaje mural que permiten colocarlo f\u00e1cilmente a la altura m\u00e1s c\u00f3moda para el animal. Asimismo, no requiere llaves ni fijaciones complicadas. <\/p>\n<p>El abastecimiento de agua es autom\u00e1tico gracias a la toma lateral de conexi\u00f3n directa ya su boya de gran flujo de 3\/8&#8243;, que mantiene el nivel siempre estable. Por tanto, los animales disponen de agua limpia y fresca de manera continua. <\/p>\n<p>Por \u00faltimo, este bebedero incluye un tap\u00f3n de desag\u00fce integrado. Gracias a ello, la limpieza se realiza de forma r\u00e1pida y sencilla, garantizando la higiene diaria y bienestar de los animales. <\/p>\n<h5>Beneficios clave<\/h5>\n<ul>\n<li>Material robusto de aluminio de fundici\u00f3n, resistente a la corrosi\u00f3n.<\/li>\n<li>Instalaci\u00f3n sencilla con dos opciones de anclaje mural.<\/li>\n<li>Garant\u00eda de suministro autom\u00e1tico de agua limpia y fresca.<\/li>\n<li>Incorporaci\u00f3n de una boya de gran flujo (3\/8&#8243;) para mantener el nivel.<\/li>\n<li>Tap\u00f3n de desag\u00fce facilita una limpieza r\u00e1pida e higi\u00e9nica.<\/li>\n<\/ul>\n","protected":false},"excerpt":{"rendered":"<p>Bebedero perros ZAR mini 0,75L<\/p>\n<p>Este dispensador de agua es perfecto para perros y gatos que pasan largas horas solos. Construido en aluminio de fundici\u00f3n de primera calidad, ofrece una gran resistencia y durabilidad. Con dos opciones de anclaje para colgar en la pared a la altura m\u00e1s c\u00f3moda para tu perro, sin necesidad de llaves. Conectado directamente a la fuente de agua mediante toma lateral, asegura un suministro constante de agua limpia y fresca, con un nivel constante mantenido por una boya de gran flujo 3\/8&#8243;. Incluye tap\u00f3n de desag\u00fce para una f\u00e1cil y exhaustiva limpieza.<\/p>\n","protected":false},"featured_media":11875,"comment_status":"open","ping_status":"closed","template":"","meta":[],"product_brand":[],"product_cat":[1422],"product_tag":[],"class_list":{"0":"post-7889","1":"product","2":"type-product","3":"status-publish","4":"has-post-thumbnail","6":"product_cat-mascotas","8":"first","9":"instock","10":"taxable","11":"shipping-taxable","12":"purchasable","13":"product-type-simple"},"yoast_head":"<!-- This site is optimized with the Yoast SEO plugin v27.4 - https:\/\/yoast.com\/product\/yoast-seo-wordpress\/ -->\n<title>Bebedero perros ZAR mini aluminio 0,75L | SAIGA<\/title>\n<meta name=\"description\" content=\"Bebedero de aluminio, perfecto para perros y gatos que pasan horas solos, conect\u00e1ndose directamente al agua corriente para mantenerlos siempre hidratados.\" \/>\n<meta name=\"robots\" content=\"index, follow, max-snippet:-1, max-image-preview:large, max-video-preview:-1\" \/>\n<link rel=\"canonical\" href=\"https:\/\/saiga.es\/es\/producto\/bebedero-perros-zar-mini-075l\/\" \/>\n<meta property=\"og:locale\" content=\"es_ES\" \/>\n<meta property=\"og:type\" content=\"article\" \/>\n<meta property=\"og:title\" content=\"Bebedero perros ZAR mini aluminio 0,75L | SAIGA\" \/>\n<meta property=\"og:description\" content=\"Bebedero de aluminio, perfecto para perros y gatos que pasan horas solos, conect\u00e1ndose directamente al agua corriente para mantenerlos siempre hidratados.\" \/>\n<meta property=\"og:url\" content=\"https:\/\/saiga.es\/es\/producto\/bebedero-perros-zar-mini-075l\/\" \/>\n<meta property=\"og:site_name\" content=\"SAIGA\" \/>\n<meta property=\"article:modified_time\" content=\"2025-10-27T07:53:42+00:00\" \/>\n<meta property=\"og:image\" content=\"https:\/\/saiga.es\/wp-content\/uploads\/2024\/02\/Abeurador-mini.jpg\" \/>\n\t<meta property=\"og:image:width\" content=\"1080\" \/>\n\t<meta property=\"og:image:height\" content=\"1080\" \/>\n\t<meta property=\"og:image:type\" content=\"image\/jpeg\" \/>\n<meta name=\"twitter:card\" content=\"summary_large_image\" \/>\n<meta name=\"twitter:site\" content=\"@saiga_agro\" \/>\n<meta name=\"twitter:label1\" content=\"Tiempo de lectura\" \/>\n\t<meta name=\"twitter:data1\" content=\"1 minuto\" \/>\n<script type=\"application\/ld+json\" class=\"yoast-schema-graph\">{\"@context\":\"https:\\\/\\\/schema.org\",\"@graph\":[{\"@type\":\"WebPage\",\"@id\":\"https:\\\/\\\/saiga.es\\\/es\\\/producto\\\/bebedero-perros-zar-mini-075l\\\/\",\"url\":\"https:\\\/\\\/saiga.es\\\/es\\\/producto\\\/bebedero-perros-zar-mini-075l\\\/\",\"name\":\"Bebedero perros ZAR mini aluminio 0,75L | SAIGA\",\"isPartOf\":{\"@id\":\"https:\\\/\\\/saiga.es\\\/es\\\/#website\"},\"primaryImageOfPage\":{\"@id\":\"https:\\\/\\\/saiga.es\\\/es\\\/producto\\\/bebedero-perros-zar-mini-075l\\\/#primaryimage\"},\"image\":{\"@id\":\"https:\\\/\\\/saiga.es\\\/es\\\/producto\\\/bebedero-perros-zar-mini-075l\\\/#primaryimage\"},\"thumbnailUrl\":\"https:\\\/\\\/saiga.es\\\/wp-content\\\/uploads\\\/2024\\\/02\\\/Abeurador-mini.jpg\",\"datePublished\":\"2024-02-21T11:34:38+00:00\",\"dateModified\":\"2025-10-27T07:53:42+00:00\",\"description\":\"Bebedero de aluminio, perfecto para perros y gatos que pasan horas solos, conect\u00e1ndose directamente al agua corriente para mantenerlos siempre hidratados.\",\"breadcrumb\":{\"@id\":\"https:\\\/\\\/saiga.es\\\/es\\\/producto\\\/bebedero-perros-zar-mini-075l\\\/#breadcrumb\"},\"inLanguage\":\"es\",\"potentialAction\":[{\"@type\":\"ReadAction\",\"target\":[\"https:\\\/\\\/saiga.es\\\/es\\\/producto\\\/bebedero-perros-zar-mini-075l\\\/\"]}]},{\"@type\":\"ImageObject\",\"inLanguage\":\"es\",\"@id\":\"https:\\\/\\\/saiga.es\\\/es\\\/producto\\\/bebedero-perros-zar-mini-075l\\\/#primaryimage\",\"url\":\"https:\\\/\\\/saiga.es\\\/wp-content\\\/uploads\\\/2024\\\/02\\\/Abeurador-mini.jpg\",\"contentUrl\":\"https:\\\/\\\/saiga.es\\\/wp-content\\\/uploads\\\/2024\\\/02\\\/Abeurador-mini.jpg\",\"width\":1080,\"height\":1080,\"caption\":\"Bebedero perro mini\"},{\"@type\":\"BreadcrumbList\",\"@id\":\"https:\\\/\\\/saiga.es\\\/es\\\/producto\\\/bebedero-perros-zar-mini-075l\\\/#breadcrumb\",\"itemListElement\":[{\"@type\":\"ListItem\",\"position\":1,\"name\":\"Inici\",\"item\":\"https:\\\/\\\/saiga.es\\\/es\\\/\"},{\"@type\":\"ListItem\",\"position\":2,\"name\":\"Tienda\",\"item\":\"https:\\\/\\\/saiga.es\\\/es\\\/tienda\\\/\"},{\"@type\":\"ListItem\",\"position\":3,\"name\":\"Bebedero perros ZAR mini aluminio 0,75L\"}]},{\"@type\":\"WebSite\",\"@id\":\"https:\\\/\\\/saiga.es\\\/es\\\/#website\",\"url\":\"https:\\\/\\\/saiga.es\\\/es\\\/\",\"name\":\"SAIGA\",\"description\":\"M\u00e9s de 50 anys al servei de la terra i treballant per a un \u00fas eficient de l\u2019aigua!\",\"publisher\":{\"@id\":\"https:\\\/\\\/saiga.es\\\/es\\\/#organization\"},\"potentialAction\":[{\"@type\":\"SearchAction\",\"target\":{\"@type\":\"EntryPoint\",\"urlTemplate\":\"https:\\\/\\\/saiga.es\\\/es\\\/?s={search_term_string}\"},\"query-input\":{\"@type\":\"PropertyValueSpecification\",\"valueRequired\":true,\"valueName\":\"search_term_string\"}}],\"inLanguage\":\"es\"},{\"@type\":\"Organization\",\"@id\":\"https:\\\/\\\/saiga.es\\\/es\\\/#organization\",\"name\":\"SAIGA\",\"url\":\"https:\\\/\\\/saiga.es\\\/es\\\/\",\"logo\":{\"@type\":\"ImageObject\",\"inLanguage\":\"es\",\"@id\":\"https:\\\/\\\/saiga.es\\\/es\\\/#\\\/schema\\\/logo\\\/image\\\/\",\"url\":\"https:\\\/\\\/saiga.es\\\/wp-content\\\/uploads\\\/2025\\\/07\\\/logo_saiga_baseline_optimitzat.svg\",\"contentUrl\":\"https:\\\/\\\/saiga.es\\\/wp-content\\\/uploads\\\/2025\\\/07\\\/logo_saiga_baseline_optimitzat.svg\",\"caption\":\"SAIGA\"},\"image\":{\"@id\":\"https:\\\/\\\/saiga.es\\\/es\\\/#\\\/schema\\\/logo\\\/image\\\/\"},\"sameAs\":[\"https:\\\/\\\/x.com\\\/saiga_agro\",\"https:\\\/\\\/www.instagram.com\\\/saiga_agro\\\/\"]}]}<\/script>\n<!-- \/ Yoast SEO plugin. -->","yoast_head_json":{"title":"Bebedero perros ZAR mini aluminio 0,75L | SAIGA","description":"Bebedero de aluminio, perfecto para perros y gatos que pasan horas solos, conect\u00e1ndose directamente al agua corriente para mantenerlos siempre hidratados.","robots":{"index":"index","follow":"follow","max-snippet":"max-snippet:-1","max-image-preview":"max-image-preview:large","max-video-preview":"max-video-preview:-1"},"canonical":"https:\/\/saiga.es\/es\/producto\/bebedero-perros-zar-mini-075l\/","og_locale":"es_ES","og_type":"article","og_title":"Bebedero perros ZAR mini aluminio 0,75L | SAIGA","og_description":"Bebedero de aluminio, perfecto para perros y gatos que pasan horas solos, conect\u00e1ndose directamente al agua corriente para mantenerlos siempre hidratados.","og_url":"https:\/\/saiga.es\/es\/producto\/bebedero-perros-zar-mini-075l\/","og_site_name":"SAIGA","article_modified_time":"2025-10-27T07:53:42+00:00","og_image":[{"width":1080,"height":1080,"url":"https:\/\/saiga.es\/wp-content\/uploads\/2024\/02\/Abeurador-mini.jpg","type":"image\/jpeg"}],"twitter_card":"summary_large_image","twitter_site":"@saiga_agro","twitter_misc":{"Tiempo de lectura":"1 minuto"},"schema":{"@context":"https:\/\/schema.org","@graph":[{"@type":"WebPage","@id":"https:\/\/saiga.es\/es\/producto\/bebedero-perros-zar-mini-075l\/","url":"https:\/\/saiga.es\/es\/producto\/bebedero-perros-zar-mini-075l\/","name":"Bebedero perros ZAR mini aluminio 0,75L | SAIGA","isPartOf":{"@id":"https:\/\/saiga.es\/es\/#website"},"primaryImageOfPage":{"@id":"https:\/\/saiga.es\/es\/producto\/bebedero-perros-zar-mini-075l\/#primaryimage"},"image":{"@id":"https:\/\/saiga.es\/es\/producto\/bebedero-perros-zar-mini-075l\/#primaryimage"},"thumbnailUrl":"https:\/\/saiga.es\/wp-content\/uploads\/2024\/02\/Abeurador-mini.jpg","datePublished":"2024-02-21T11:34:38+00:00","dateModified":"2025-10-27T07:53:42+00:00","description":"Bebedero de aluminio, perfecto para perros y gatos que pasan horas solos, conect\u00e1ndose directamente al agua corriente para mantenerlos siempre hidratados.","breadcrumb":{"@id":"https:\/\/saiga.es\/es\/producto\/bebedero-perros-zar-mini-075l\/#breadcrumb"},"inLanguage":"es","potentialAction":[{"@type":"ReadAction","target":["https:\/\/saiga.es\/es\/producto\/bebedero-perros-zar-mini-075l\/"]}]},{"@type":"ImageObject","inLanguage":"es","@id":"https:\/\/saiga.es\/es\/producto\/bebedero-perros-zar-mini-075l\/#primaryimage","url":"https:\/\/saiga.es\/wp-content\/uploads\/2024\/02\/Abeurador-mini.jpg","contentUrl":"https:\/\/saiga.es\/wp-content\/uploads\/2024\/02\/Abeurador-mini.jpg","width":1080,"height":1080,"caption":"Bebedero perro mini"},{"@type":"BreadcrumbList","@id":"https:\/\/saiga.es\/es\/producto\/bebedero-perros-zar-mini-075l\/#breadcrumb","itemListElement":[{"@type":"ListItem","position":1,"name":"Inici","item":"https:\/\/saiga.es\/es\/"},{"@type":"ListItem","position":2,"name":"Tienda","item":"https:\/\/saiga.es\/es\/tienda\/"},{"@type":"ListItem","position":3,"name":"Bebedero perros ZAR mini aluminio 0,75L"}]},{"@type":"WebSite","@id":"https:\/\/saiga.es\/es\/#website","url":"https:\/\/saiga.es\/es\/","name":"SAIGA","description":"M\u00e9s de 50 anys al servei de la terra i treballant per a un \u00fas eficient de l\u2019aigua!","publisher":{"@id":"https:\/\/saiga.es\/es\/#organization"},"potentialAction":[{"@type":"SearchAction","target":{"@type":"EntryPoint","urlTemplate":"https:\/\/saiga.es\/es\/?s={search_term_string}"},"query-input":{"@type":"PropertyValueSpecification","valueRequired":true,"valueName":"search_term_string"}}],"inLanguage":"es"},{"@type":"Organization","@id":"https:\/\/saiga.es\/es\/#organization","name":"SAIGA","url":"https:\/\/saiga.es\/es\/","logo":{"@type":"ImageObject","inLanguage":"es","@id":"https:\/\/saiga.es\/es\/#\/schema\/logo\/image\/","url":"https:\/\/saiga.es\/wp-content\/uploads\/2025\/07\/logo_saiga_baseline_optimitzat.svg","contentUrl":"https:\/\/saiga.es\/wp-content\/uploads\/2025\/07\/logo_saiga_baseline_optimitzat.svg","caption":"SAIGA"},"image":{"@id":"https:\/\/saiga.es\/es\/#\/schema\/logo\/image\/"},"sameAs":["https:\/\/x.com\/saiga_agro","https:\/\/www.instagram.com\/saiga_agro\/"]}]}},"_links":{"self":[{"href":"https:\/\/saiga.es\/es\/wp-json\/wp\/v2\/product\/7889","targetHints":{"allow":["GET"]}}],"collection":[{"href":"https:\/\/saiga.es\/es\/wp-json\/wp\/v2\/product"}],"about":[{"href":"https:\/\/saiga.es\/es\/wp-json\/wp\/v2\/types\/product"}],"replies":[{"embeddable":true,"href":"https:\/\/saiga.es\/es\/wp-json\/wp\/v2\/comments?post=7889"}],"wp:featuredmedia":[{"embeddable":true,"href":"https:\/\/saiga.es\/es\/wp-json\/wp\/v2\/media\/11875"}],"wp:attachment":[{"href":"https:\/\/saiga.es\/es\/wp-json\/wp\/v2\/media?parent=7889"}],"wp:term":[{"taxonomy":"product_brand","embeddable":true,"href":"https:\/\/saiga.es\/es\/wp-json\/wp\/v2\/product_brand?post=7889"},{"taxonomy":"product_cat","embeddable":true,"href":"https:\/\/saiga.es\/es\/wp-json\/wp\/v2\/product_cat?post=7889"},{"taxonomy":"product_tag","embeddable":true,"href":"https:\/\/saiga.es\/es\/wp-json\/wp\/v2\/product_tag?post=7889"}],"curies":[{"name":"wp","href":"https:\/\/api.w.org\/{rel}","templated":true}]}}