{"id":7943,"date":"2024-02-22T08:36:36","date_gmt":"2024-02-22T08:36:36","guid":{"rendered":"https:\/\/botiga.saiga.es\/producte\/bebedero-cazoleta-nivel-constante\/"},"modified":"2025-10-27T07:53:43","modified_gmt":"2025-10-27T07:53:43","slug":"bebedero-cazoleta-nivel-constante","status":"publish","type":"product","link":"https:\/\/saiga.es\/es\/producto\/bebedero-cazoleta-nivel-constante\/","title":{"rendered":"Bebedero cazoleta nivel constante"},"content":{"rendered":"<p>Bebedero cazoleta nivel constante<\/p>\n<div class=\"flex-1 overflow-hidden\">\n<div class=\"react-scroll-to-bottom--css-cmmch-79elbk h-full\">\n<div class=\"react-scroll-to-bottom--css-cmmch-1n7m0yu\">\n<div class=\"flex flex-col pb-9 text-sm\">\n<div class=\"w-full text-token-text-primary\" data-testid=\"conversation-turn-117\">\n<div class=\"px-4 py-2 justify-center text-base md:gap-6 m-auto\">\n<div class=\"flex flex-1 text-base mx-auto gap-3 md:px-5 lg:px-1 xl:px-5 md:max-w-3xl lg:max-w-[40rem] xl:max-w-[48rem] group final-completion\">\n<div class=\"relative flex w-full flex-col agent-turn\">\n<div class=\"flex-col gap-1 md:gap-3\">\n<div class=\"flex flex-grow flex-col max-w-full\">\n<div class=\"min-h-[20px] text-message flex flex-col items-start gap-3 whitespace-pre-wrap break-words [.text-message+&amp;]:mt-5 overflow-x-auto\" data-message-author-role=\"assistant\" data-message-id=\"4fa54b3b-f7ab-4751-809a-9e3ca4d86b97\">\n<div class=\"markdown prose w-full break-words dark:prose-invert light\">\n<p>El bebedero autom\u00e1tico con nivel constante se ha dise\u00f1ado para atender las necesidades de una amplia gama de animales, como pericos, palomas, guarniciones, gallinas ponedoras, piojos de engorde y pollos. Mediante una innovadora tecnolog\u00eda de boya, este sistema ofrece un suministro continuo de agua fresca. Cuando el nivel de agua en el recipiente es bajo, la boya entra en acci\u00f3n empujando el perno central, desencadenando la inclinaci\u00f3n que act\u00faa sobre la v\u00e1lvula, permitiendo agua fresca fluir hacia el cuenco.<\/p>\n<p>Los bordes dentados del cuenco son una caracter\u00edstica crucial que evita que los animales peque\u00f1os se queden enganchados y, al mismo tiempo, asegura la puredad del agua, evitando contaminaciones indeseadas. Adem\u00e1s, el dise\u00f1o de este bebedero facilita el desmontaje, simplificando la labor de limpieza y garantizando una higiene optimizada.<\/p>\n<p>Con este sistema, la salud y el bienestar de tus animales est\u00e1n asegurados, puesto que tienen acceso constante a agua dulce y limpia.<\/p>\n<\/div>\n<\/div>\n<\/div>\n<\/div>\n<\/div>\n<\/div>\n<\/div>\n<\/div>\n<\/div>\n<\/div>\n<\/div>\n<\/div>\n<div class=\"w-full pt-2 md:pt-0 dark:border-white\/20 md:border-transparent md:dark:border-transparent md:w-[calc(100%-.5rem)]\">\n<form class=\"stretch mx-2 flex flex-row gap-3 last:mb-2 md:mx-4 md:last:mb-6 lg:mx-auto lg:max-w-2xl xl:max-w-3xl\">\n<div class=\"relative flex h-full flex-1 items-stretch md:flex-col\">\n<div class=\"flex w-full items-center\"><\/div>\n<\/div>\n<\/form>\n<\/div>\n","protected":false},"excerpt":{"rendered":"<p>Bebedero cazoleta nivel constante<\/p>\n<div class=\"flex-1 overflow-hidden\">\n<div class=\"react-scroll-to-bottom--css-cmmch-79elbk h-full\">\n<div class=\"react-scroll-to-bottom--css-cmmch-1n7m0yu\">\n<div class=\"flex flex-col pb-9 text-sm\">\n<div class=\"w-full text-token-text-primary\" data-testid=\"conversation-turn-117\">\n<div class=\"px-4 py-2 justify-center text-base md:gap-6 m-auto\">\n<div class=\"flex flex-1 text-base mx-auto gap-3 md:px-5 lg:px-1 xl:px-5 md:max-w-3xl lg:max-w-[40rem] xl:max-w-[48rem] group final-completion\">\n<div class=\"relative flex w-full flex-col agent-turn\">\n<div class=\"flex-col gap-1 md:gap-3\">\n<div class=\"flex flex-grow flex-col max-w-full\">\n<div class=\"min-h-[20px] text-message flex flex-col items-start gap-3 whitespace-pre-wrap break-words [.text-message+&amp;]:mt-5 overflow-x-auto\" data-message-author-role=\"assistant\" data-message-id=\"4fa54b3b-f7ab-4751-809a-9e3ca4d86b97\">\n<div class=\"markdown prose w-full break-words dark:prose-invert light\">\n<p>El bebedero autom\u00e1tico con nivel constante se ha dise\u00f1ado para atender las necesidades de una amplia gama de animales, como pericos, palomas, guarniciones, gallinas ponedoras, piojos de engorde y pollos. Mediante una innovadora tecnolog\u00eda de boya, este sistema ofrece un suministro continuo de agua fresca. Cuando el nivel de agua en el recipiente es bajo, la boya entra en acci\u00f3n empujando el perno central, desencadenando la inclinaci\u00f3n que act\u00faa sobre la v\u00e1lvula, permitiendo agua fresca fluir hacia el cuenco.<\/p>\n<p>Los bordes dentados del cuenco son una caracter\u00edstica crucial que evita que los animales peque\u00f1os se queden enganchados y, al mismo tiempo, asegura la puredad del agua, evitando contaminaciones indeseadas. Adem\u00e1s, el dise\u00f1o de este bebedero facilita el desmontaje, simplificando la labor de limpieza y garantizando una higiene optimizada.<\/p>\n<p>Con este sistema, la salud y el bienestar de tus animales est\u00e1n asegurados, puesto que tienen acceso constante a agua dulce y limpia.<\/p>\n<\/div>\n<\/div>\n<\/div>\n<\/div>\n<\/div>\n<\/div>\n<\/div>\n<\/div>\n<\/div>\n<\/div>\n<\/div>\n<\/div>\n","protected":false},"featured_media":11856,"comment_status":"open","ping_status":"closed","template":"","meta":[],"product_brand":[],"product_cat":[686],"product_tag":[],"class_list":{"0":"post-7943","1":"product","2":"type-product","3":"status-publish","4":"has-post-thumbnail","6":"product_cat-bebederos","8":"first","9":"instock","10":"taxable","11":"shipping-taxable","12":"purchasable","13":"product-type-simple"},"yoast_head":"<!-- This site is optimized with the Yoast SEO plugin v27.4 - https:\/\/yoast.com\/product\/yoast-seo-wordpress\/ -->\n<title>Bebedero cazoleta nivel constante | SAIGA<\/title>\n<meta name=\"description\" content=\"Bebedero cazoleta de nivel constante autom\u00e1tica con boya ideal para diferentes animales, asegurando un acceso constante de agua dulce. F\u00e1cil de limpiar y con bordes dentados para evitar contaminantes.\" \/>\n<meta name=\"robots\" content=\"index, follow, max-snippet:-1, max-image-preview:large, max-video-preview:-1\" \/>\n<link rel=\"canonical\" href=\"https:\/\/saiga.es\/es\/producto\/bebedero-cazoleta-nivel-constante\/\" \/>\n<meta property=\"og:locale\" content=\"es_ES\" \/>\n<meta property=\"og:type\" content=\"article\" \/>\n<meta property=\"og:title\" content=\"Bebedero cazoleta nivel constante | SAIGA\" \/>\n<meta property=\"og:description\" content=\"Bebedero cazoleta de nivel constante autom\u00e1tica con boya ideal para diferentes animales, asegurando un acceso constante de agua dulce. F\u00e1cil de limpiar y con bordes dentados para evitar contaminantes.\" \/>\n<meta property=\"og:url\" content=\"https:\/\/saiga.es\/es\/producto\/bebedero-cazoleta-nivel-constante\/\" \/>\n<meta property=\"og:site_name\" content=\"SAIGA\" \/>\n<meta property=\"article:modified_time\" content=\"2025-10-27T07:53:43+00:00\" \/>\n<meta property=\"og:image\" content=\"https:\/\/saiga.es\/wp-content\/uploads\/2024\/02\/Abeurador-cassoleta.jpg\" \/>\n\t<meta property=\"og:image:width\" content=\"1080\" \/>\n\t<meta property=\"og:image:height\" content=\"1080\" \/>\n\t<meta property=\"og:image:type\" content=\"image\/jpeg\" \/>\n<meta name=\"twitter:card\" content=\"summary_large_image\" \/>\n<meta name=\"twitter:site\" content=\"@saiga_agro\" \/>\n<meta name=\"twitter:label1\" content=\"Tiempo de lectura\" \/>\n\t<meta name=\"twitter:data1\" content=\"1 minuto\" \/>\n<script type=\"application\/ld+json\" class=\"yoast-schema-graph\">{\"@context\":\"https:\\\/\\\/schema.org\",\"@graph\":[{\"@type\":\"WebPage\",\"@id\":\"https:\\\/\\\/saiga.es\\\/es\\\/producto\\\/bebedero-cazoleta-nivel-constante\\\/\",\"url\":\"https:\\\/\\\/saiga.es\\\/es\\\/producto\\\/bebedero-cazoleta-nivel-constante\\\/\",\"name\":\"Bebedero cazoleta nivel constante | SAIGA\",\"isPartOf\":{\"@id\":\"https:\\\/\\\/saiga.es\\\/es\\\/#website\"},\"primaryImageOfPage\":{\"@id\":\"https:\\\/\\\/saiga.es\\\/es\\\/producto\\\/bebedero-cazoleta-nivel-constante\\\/#primaryimage\"},\"image\":{\"@id\":\"https:\\\/\\\/saiga.es\\\/es\\\/producto\\\/bebedero-cazoleta-nivel-constante\\\/#primaryimage\"},\"thumbnailUrl\":\"https:\\\/\\\/saiga.es\\\/wp-content\\\/uploads\\\/2024\\\/02\\\/Abeurador-cassoleta.jpg\",\"datePublished\":\"2024-02-22T08:36:36+00:00\",\"dateModified\":\"2025-10-27T07:53:43+00:00\",\"description\":\"Bebedero cazoleta de nivel constante autom\u00e1tica con boya ideal para diferentes animales, asegurando un acceso constante de agua dulce. F\u00e1cil de limpiar y con bordes dentados para evitar contaminantes.\",\"breadcrumb\":{\"@id\":\"https:\\\/\\\/saiga.es\\\/es\\\/producto\\\/bebedero-cazoleta-nivel-constante\\\/#breadcrumb\"},\"inLanguage\":\"es\",\"potentialAction\":[{\"@type\":\"ReadAction\",\"target\":[\"https:\\\/\\\/saiga.es\\\/es\\\/producto\\\/bebedero-cazoleta-nivel-constante\\\/\"]}]},{\"@type\":\"ImageObject\",\"inLanguage\":\"es\",\"@id\":\"https:\\\/\\\/saiga.es\\\/es\\\/producto\\\/bebedero-cazoleta-nivel-constante\\\/#primaryimage\",\"url\":\"https:\\\/\\\/saiga.es\\\/wp-content\\\/uploads\\\/2024\\\/02\\\/Abeurador-cassoleta.jpg\",\"contentUrl\":\"https:\\\/\\\/saiga.es\\\/wp-content\\\/uploads\\\/2024\\\/02\\\/Abeurador-cassoleta.jpg\",\"width\":1080,\"height\":1080,\"caption\":\"Abeurador cassoleta\"},{\"@type\":\"BreadcrumbList\",\"@id\":\"https:\\\/\\\/saiga.es\\\/es\\\/producto\\\/bebedero-cazoleta-nivel-constante\\\/#breadcrumb\",\"itemListElement\":[{\"@type\":\"ListItem\",\"position\":1,\"name\":\"Inici\",\"item\":\"https:\\\/\\\/saiga.es\\\/es\\\/\"},{\"@type\":\"ListItem\",\"position\":2,\"name\":\"Tienda\",\"item\":\"https:\\\/\\\/saiga.es\\\/es\\\/tienda\\\/\"},{\"@type\":\"ListItem\",\"position\":3,\"name\":\"Bebedero cazoleta nivel constante\"}]},{\"@type\":\"WebSite\",\"@id\":\"https:\\\/\\\/saiga.es\\\/es\\\/#website\",\"url\":\"https:\\\/\\\/saiga.es\\\/es\\\/\",\"name\":\"SAIGA\",\"description\":\"M\u00e9s de 50 anys al servei de la terra i treballant per a un \u00fas eficient de l\u2019aigua!\",\"publisher\":{\"@id\":\"https:\\\/\\\/saiga.es\\\/es\\\/#organization\"},\"potentialAction\":[{\"@type\":\"SearchAction\",\"target\":{\"@type\":\"EntryPoint\",\"urlTemplate\":\"https:\\\/\\\/saiga.es\\\/es\\\/?s={search_term_string}\"},\"query-input\":{\"@type\":\"PropertyValueSpecification\",\"valueRequired\":true,\"valueName\":\"search_term_string\"}}],\"inLanguage\":\"es\"},{\"@type\":\"Organization\",\"@id\":\"https:\\\/\\\/saiga.es\\\/es\\\/#organization\",\"name\":\"SAIGA\",\"url\":\"https:\\\/\\\/saiga.es\\\/es\\\/\",\"logo\":{\"@type\":\"ImageObject\",\"inLanguage\":\"es\",\"@id\":\"https:\\\/\\\/saiga.es\\\/es\\\/#\\\/schema\\\/logo\\\/image\\\/\",\"url\":\"https:\\\/\\\/saiga.es\\\/wp-content\\\/uploads\\\/2025\\\/07\\\/logo_saiga_baseline_optimitzat.svg\",\"contentUrl\":\"https:\\\/\\\/saiga.es\\\/wp-content\\\/uploads\\\/2025\\\/07\\\/logo_saiga_baseline_optimitzat.svg\",\"caption\":\"SAIGA\"},\"image\":{\"@id\":\"https:\\\/\\\/saiga.es\\\/es\\\/#\\\/schema\\\/logo\\\/image\\\/\"},\"sameAs\":[\"https:\\\/\\\/x.com\\\/saiga_agro\",\"https:\\\/\\\/www.instagram.com\\\/saiga_agro\\\/\"]}]}<\/script>\n<!-- \/ Yoast SEO plugin. -->","yoast_head_json":{"title":"Bebedero cazoleta nivel constante | SAIGA","description":"Bebedero cazoleta de nivel constante autom\u00e1tica con boya ideal para diferentes animales, asegurando un acceso constante de agua dulce. F\u00e1cil de limpiar y con bordes dentados para evitar contaminantes.","robots":{"index":"index","follow":"follow","max-snippet":"max-snippet:-1","max-image-preview":"max-image-preview:large","max-video-preview":"max-video-preview:-1"},"canonical":"https:\/\/saiga.es\/es\/producto\/bebedero-cazoleta-nivel-constante\/","og_locale":"es_ES","og_type":"article","og_title":"Bebedero cazoleta nivel constante | SAIGA","og_description":"Bebedero cazoleta de nivel constante autom\u00e1tica con boya ideal para diferentes animales, asegurando un acceso constante de agua dulce. F\u00e1cil de limpiar y con bordes dentados para evitar contaminantes.","og_url":"https:\/\/saiga.es\/es\/producto\/bebedero-cazoleta-nivel-constante\/","og_site_name":"SAIGA","article_modified_time":"2025-10-27T07:53:43+00:00","og_image":[{"width":1080,"height":1080,"url":"https:\/\/saiga.es\/wp-content\/uploads\/2024\/02\/Abeurador-cassoleta.jpg","type":"image\/jpeg"}],"twitter_card":"summary_large_image","twitter_site":"@saiga_agro","twitter_misc":{"Tiempo de lectura":"1 minuto"},"schema":{"@context":"https:\/\/schema.org","@graph":[{"@type":"WebPage","@id":"https:\/\/saiga.es\/es\/producto\/bebedero-cazoleta-nivel-constante\/","url":"https:\/\/saiga.es\/es\/producto\/bebedero-cazoleta-nivel-constante\/","name":"Bebedero cazoleta nivel constante | SAIGA","isPartOf":{"@id":"https:\/\/saiga.es\/es\/#website"},"primaryImageOfPage":{"@id":"https:\/\/saiga.es\/es\/producto\/bebedero-cazoleta-nivel-constante\/#primaryimage"},"image":{"@id":"https:\/\/saiga.es\/es\/producto\/bebedero-cazoleta-nivel-constante\/#primaryimage"},"thumbnailUrl":"https:\/\/saiga.es\/wp-content\/uploads\/2024\/02\/Abeurador-cassoleta.jpg","datePublished":"2024-02-22T08:36:36+00:00","dateModified":"2025-10-27T07:53:43+00:00","description":"Bebedero cazoleta de nivel constante autom\u00e1tica con boya ideal para diferentes animales, asegurando un acceso constante de agua dulce. F\u00e1cil de limpiar y con bordes dentados para evitar contaminantes.","breadcrumb":{"@id":"https:\/\/saiga.es\/es\/producto\/bebedero-cazoleta-nivel-constante\/#breadcrumb"},"inLanguage":"es","potentialAction":[{"@type":"ReadAction","target":["https:\/\/saiga.es\/es\/producto\/bebedero-cazoleta-nivel-constante\/"]}]},{"@type":"ImageObject","inLanguage":"es","@id":"https:\/\/saiga.es\/es\/producto\/bebedero-cazoleta-nivel-constante\/#primaryimage","url":"https:\/\/saiga.es\/wp-content\/uploads\/2024\/02\/Abeurador-cassoleta.jpg","contentUrl":"https:\/\/saiga.es\/wp-content\/uploads\/2024\/02\/Abeurador-cassoleta.jpg","width":1080,"height":1080,"caption":"Abeurador cassoleta"},{"@type":"BreadcrumbList","@id":"https:\/\/saiga.es\/es\/producto\/bebedero-cazoleta-nivel-constante\/#breadcrumb","itemListElement":[{"@type":"ListItem","position":1,"name":"Inici","item":"https:\/\/saiga.es\/es\/"},{"@type":"ListItem","position":2,"name":"Tienda","item":"https:\/\/saiga.es\/es\/tienda\/"},{"@type":"ListItem","position":3,"name":"Bebedero cazoleta nivel constante"}]},{"@type":"WebSite","@id":"https:\/\/saiga.es\/es\/#website","url":"https:\/\/saiga.es\/es\/","name":"SAIGA","description":"M\u00e9s de 50 anys al servei de la terra i treballant per a un \u00fas eficient de l\u2019aigua!","publisher":{"@id":"https:\/\/saiga.es\/es\/#organization"},"potentialAction":[{"@type":"SearchAction","target":{"@type":"EntryPoint","urlTemplate":"https:\/\/saiga.es\/es\/?s={search_term_string}"},"query-input":{"@type":"PropertyValueSpecification","valueRequired":true,"valueName":"search_term_string"}}],"inLanguage":"es"},{"@type":"Organization","@id":"https:\/\/saiga.es\/es\/#organization","name":"SAIGA","url":"https:\/\/saiga.es\/es\/","logo":{"@type":"ImageObject","inLanguage":"es","@id":"https:\/\/saiga.es\/es\/#\/schema\/logo\/image\/","url":"https:\/\/saiga.es\/wp-content\/uploads\/2025\/07\/logo_saiga_baseline_optimitzat.svg","contentUrl":"https:\/\/saiga.es\/wp-content\/uploads\/2025\/07\/logo_saiga_baseline_optimitzat.svg","caption":"SAIGA"},"image":{"@id":"https:\/\/saiga.es\/es\/#\/schema\/logo\/image\/"},"sameAs":["https:\/\/x.com\/saiga_agro","https:\/\/www.instagram.com\/saiga_agro\/"]}]}},"_links":{"self":[{"href":"https:\/\/saiga.es\/es\/wp-json\/wp\/v2\/product\/7943","targetHints":{"allow":["GET"]}}],"collection":[{"href":"https:\/\/saiga.es\/es\/wp-json\/wp\/v2\/product"}],"about":[{"href":"https:\/\/saiga.es\/es\/wp-json\/wp\/v2\/types\/product"}],"replies":[{"embeddable":true,"href":"https:\/\/saiga.es\/es\/wp-json\/wp\/v2\/comments?post=7943"}],"wp:featuredmedia":[{"embeddable":true,"href":"https:\/\/saiga.es\/es\/wp-json\/wp\/v2\/media\/11856"}],"wp:attachment":[{"href":"https:\/\/saiga.es\/es\/wp-json\/wp\/v2\/media?parent=7943"}],"wp:term":[{"taxonomy":"product_brand","embeddable":true,"href":"https:\/\/saiga.es\/es\/wp-json\/wp\/v2\/product_brand?post=7943"},{"taxonomy":"product_cat","embeddable":true,"href":"https:\/\/saiga.es\/es\/wp-json\/wp\/v2\/product_cat?post=7943"},{"taxonomy":"product_tag","embeddable":true,"href":"https:\/\/saiga.es\/es\/wp-json\/wp\/v2\/product_tag?post=7943"}],"curies":[{"name":"wp","href":"https:\/\/api.w.org\/{rel}","templated":true}]}}