{"id":7975,"date":"2024-02-23T10:00:50","date_gmt":"2024-02-23T10:00:50","guid":{"rendered":"https:\/\/botiga.saiga.es\/producte\/tolva-plastico-aves-8kg\/"},"modified":"2025-10-27T07:53:45","modified_gmt":"2025-10-27T07:53:45","slug":"tolva-plastico-aves-8kg","status":"publish","type":"product","link":"https:\/\/saiga.es\/es\/producto\/tolva-plastico-aves-8kg\/","title":{"rendered":"Tolva pl\u00e1stico aves 8kg"},"content":{"rendered":"<p>Tolva pl\u00e1stico aves 8kg<\/p>\n<p>Este dispensador destaca por su tapa superior c\u00f3nica, proporcionando una soluci\u00f3n segura de cierre. El cuerpo, estratificado en tres niveles de capacidad, ofrece una organizaci\u00f3n eficiente del contenido. La base, dotada con agujeros anti-desperdicio y reforzada, simplifica el desmontaje con orificios de inserci\u00f3n. Fabricada con pl\u00e1stico de primera calidad apto para uso alimenticio y tratamiento UV, la tolva garantiza durabilidad e higiene en todo momento. Con un dise\u00f1o pensado para la comodidad y facilidad de uso, esta tolva representa una excelente opci\u00f3n para la alimentaci\u00f3n de aves.<\/p>\n<p>Dimensiones: \u00d8370 X 380 h<\/p>\n","protected":false},"excerpt":{"rendered":"<p>Tolva pl\u00e1stico aves 8kg<\/p>\n<p>Este dispensador destaca por su tapa superior c\u00f3nica, proporcionando una soluci\u00f3n segura de cierre. El cuerpo, estratificado en tres niveles de capacidad, ofrece una organizaci\u00f3n eficiente del contenido. La base, dotada con agujeros anti-desperdicio y reforzada, simplifica el desmontaje con orificios de inserci\u00f3n. Fabricada con pl\u00e1stico de primera calidad apto para uso alimenticio y tratamiento UV, la tolva garantiza durabilidad e higiene en todo momento. Con un dise\u00f1o pensado para la comodidad y facilidad de uso, esta tolva representa una excelente opci\u00f3n para la alimentaci\u00f3n de aves.<\/p>\n<p>Dimensiones: \u00d8370 X 380 h<\/p>\n","protected":false},"featured_media":11901,"comment_status":"open","ping_status":"closed","template":"","meta":[],"product_brand":[],"product_cat":[939],"product_tag":[],"class_list":{"0":"post-7975","1":"product","2":"type-product","3":"status-publish","4":"has-post-thumbnail","6":"product_cat-comederos","8":"first","9":"instock","10":"taxable","11":"shipping-taxable","12":"purchasable","13":"product-type-simple"},"yoast_head":"<!-- This site is optimized with the Yoast SEO plugin v27.4 - https:\/\/yoast.com\/product\/yoast-seo-wordpress\/ -->\n<title>Tolva pl\u00e1stico aves 8kg | SAIGA<\/title>\n<meta name=\"description\" content=\"Este dispensador destaca por su tapa superior c\u00f3nica y cuerpo dividido en tres niveles, ofreciendo organizaci\u00f3n eficiente.\" \/>\n<meta name=\"robots\" content=\"index, follow, max-snippet:-1, max-image-preview:large, max-video-preview:-1\" \/>\n<link rel=\"canonical\" href=\"https:\/\/saiga.es\/es\/producto\/tolva-plastico-aves-8kg\/\" \/>\n<meta property=\"og:locale\" content=\"es_ES\" \/>\n<meta property=\"og:type\" content=\"article\" \/>\n<meta property=\"og:title\" content=\"Tolva pl\u00e1stico aves 8kg | SAIGA\" \/>\n<meta property=\"og:description\" content=\"Este dispensador destaca por su tapa superior c\u00f3nica y cuerpo dividido en tres niveles, ofreciendo organizaci\u00f3n eficiente.\" \/>\n<meta property=\"og:url\" content=\"https:\/\/saiga.es\/es\/producto\/tolva-plastico-aves-8kg\/\" \/>\n<meta property=\"og:site_name\" content=\"SAIGA\" \/>\n<meta property=\"article:modified_time\" content=\"2025-10-27T07:53:45+00:00\" \/>\n<meta property=\"og:image\" content=\"https:\/\/saiga.es\/wp-content\/uploads\/2024\/02\/Tolva-8-Kg.jpg\" \/>\n\t<meta property=\"og:image:width\" content=\"1080\" \/>\n\t<meta property=\"og:image:height\" content=\"1080\" \/>\n\t<meta property=\"og:image:type\" content=\"image\/jpeg\" \/>\n<meta name=\"twitter:card\" content=\"summary_large_image\" \/>\n<meta name=\"twitter:site\" content=\"@saiga_agro\" \/>\n<meta name=\"twitter:label1\" content=\"Tiempo de lectura\" \/>\n\t<meta name=\"twitter:data1\" content=\"1 minuto\" \/>\n<script type=\"application\/ld+json\" class=\"yoast-schema-graph\">{\"@context\":\"https:\\\/\\\/schema.org\",\"@graph\":[{\"@type\":\"WebPage\",\"@id\":\"https:\\\/\\\/saiga.es\\\/es\\\/producto\\\/tolva-plastico-aves-8kg\\\/\",\"url\":\"https:\\\/\\\/saiga.es\\\/es\\\/producto\\\/tolva-plastico-aves-8kg\\\/\",\"name\":\"Tolva pl\u00e1stico aves 8kg | SAIGA\",\"isPartOf\":{\"@id\":\"https:\\\/\\\/saiga.es\\\/es\\\/#website\"},\"primaryImageOfPage\":{\"@id\":\"https:\\\/\\\/saiga.es\\\/es\\\/producto\\\/tolva-plastico-aves-8kg\\\/#primaryimage\"},\"image\":{\"@id\":\"https:\\\/\\\/saiga.es\\\/es\\\/producto\\\/tolva-plastico-aves-8kg\\\/#primaryimage\"},\"thumbnailUrl\":\"https:\\\/\\\/saiga.es\\\/wp-content\\\/uploads\\\/2024\\\/02\\\/Tolva-8-Kg.jpg\",\"datePublished\":\"2024-02-23T10:00:50+00:00\",\"dateModified\":\"2025-10-27T07:53:45+00:00\",\"description\":\"Este dispensador destaca por su tapa superior c\u00f3nica y cuerpo dividido en tres niveles, ofreciendo organizaci\u00f3n eficiente.\",\"breadcrumb\":{\"@id\":\"https:\\\/\\\/saiga.es\\\/es\\\/producto\\\/tolva-plastico-aves-8kg\\\/#breadcrumb\"},\"inLanguage\":\"es\",\"potentialAction\":[{\"@type\":\"ReadAction\",\"target\":[\"https:\\\/\\\/saiga.es\\\/es\\\/producto\\\/tolva-plastico-aves-8kg\\\/\"]}]},{\"@type\":\"ImageObject\",\"inLanguage\":\"es\",\"@id\":\"https:\\\/\\\/saiga.es\\\/es\\\/producto\\\/tolva-plastico-aves-8kg\\\/#primaryimage\",\"url\":\"https:\\\/\\\/saiga.es\\\/wp-content\\\/uploads\\\/2024\\\/02\\\/Tolva-8-Kg.jpg\",\"contentUrl\":\"https:\\\/\\\/saiga.es\\\/wp-content\\\/uploads\\\/2024\\\/02\\\/Tolva-8-Kg.jpg\",\"width\":1080,\"height\":1080,\"caption\":\"Tolva 8 Kg\"},{\"@type\":\"BreadcrumbList\",\"@id\":\"https:\\\/\\\/saiga.es\\\/es\\\/producto\\\/tolva-plastico-aves-8kg\\\/#breadcrumb\",\"itemListElement\":[{\"@type\":\"ListItem\",\"position\":1,\"name\":\"Inici\",\"item\":\"https:\\\/\\\/saiga.es\\\/es\\\/\"},{\"@type\":\"ListItem\",\"position\":2,\"name\":\"Tienda\",\"item\":\"https:\\\/\\\/saiga.es\\\/es\\\/tienda\\\/\"},{\"@type\":\"ListItem\",\"position\":3,\"name\":\"Tolva pl\u00e1stico aves 8kg\"}]},{\"@type\":\"WebSite\",\"@id\":\"https:\\\/\\\/saiga.es\\\/es\\\/#website\",\"url\":\"https:\\\/\\\/saiga.es\\\/es\\\/\",\"name\":\"SAIGA\",\"description\":\"M\u00e9s de 50 anys al servei de la terra i treballant per a un \u00fas eficient de l\u2019aigua!\",\"publisher\":{\"@id\":\"https:\\\/\\\/saiga.es\\\/es\\\/#organization\"},\"potentialAction\":[{\"@type\":\"SearchAction\",\"target\":{\"@type\":\"EntryPoint\",\"urlTemplate\":\"https:\\\/\\\/saiga.es\\\/es\\\/?s={search_term_string}\"},\"query-input\":{\"@type\":\"PropertyValueSpecification\",\"valueRequired\":true,\"valueName\":\"search_term_string\"}}],\"inLanguage\":\"es\"},{\"@type\":\"Organization\",\"@id\":\"https:\\\/\\\/saiga.es\\\/es\\\/#organization\",\"name\":\"SAIGA\",\"url\":\"https:\\\/\\\/saiga.es\\\/es\\\/\",\"logo\":{\"@type\":\"ImageObject\",\"inLanguage\":\"es\",\"@id\":\"https:\\\/\\\/saiga.es\\\/es\\\/#\\\/schema\\\/logo\\\/image\\\/\",\"url\":\"https:\\\/\\\/saiga.es\\\/wp-content\\\/uploads\\\/2025\\\/07\\\/logo_saiga_baseline_optimitzat.svg\",\"contentUrl\":\"https:\\\/\\\/saiga.es\\\/wp-content\\\/uploads\\\/2025\\\/07\\\/logo_saiga_baseline_optimitzat.svg\",\"caption\":\"SAIGA\"},\"image\":{\"@id\":\"https:\\\/\\\/saiga.es\\\/es\\\/#\\\/schema\\\/logo\\\/image\\\/\"},\"sameAs\":[\"https:\\\/\\\/x.com\\\/saiga_agro\",\"https:\\\/\\\/www.instagram.com\\\/saiga_agro\\\/\"]}]}<\/script>\n<!-- \/ Yoast SEO plugin. -->","yoast_head_json":{"title":"Tolva pl\u00e1stico aves 8kg | SAIGA","description":"Este dispensador destaca por su tapa superior c\u00f3nica y cuerpo dividido en tres niveles, ofreciendo organizaci\u00f3n eficiente.","robots":{"index":"index","follow":"follow","max-snippet":"max-snippet:-1","max-image-preview":"max-image-preview:large","max-video-preview":"max-video-preview:-1"},"canonical":"https:\/\/saiga.es\/es\/producto\/tolva-plastico-aves-8kg\/","og_locale":"es_ES","og_type":"article","og_title":"Tolva pl\u00e1stico aves 8kg | SAIGA","og_description":"Este dispensador destaca por su tapa superior c\u00f3nica y cuerpo dividido en tres niveles, ofreciendo organizaci\u00f3n eficiente.","og_url":"https:\/\/saiga.es\/es\/producto\/tolva-plastico-aves-8kg\/","og_site_name":"SAIGA","article_modified_time":"2025-10-27T07:53:45+00:00","og_image":[{"width":1080,"height":1080,"url":"https:\/\/saiga.es\/wp-content\/uploads\/2024\/02\/Tolva-8-Kg.jpg","type":"image\/jpeg"}],"twitter_card":"summary_large_image","twitter_site":"@saiga_agro","twitter_misc":{"Tiempo de lectura":"1 minuto"},"schema":{"@context":"https:\/\/schema.org","@graph":[{"@type":"WebPage","@id":"https:\/\/saiga.es\/es\/producto\/tolva-plastico-aves-8kg\/","url":"https:\/\/saiga.es\/es\/producto\/tolva-plastico-aves-8kg\/","name":"Tolva pl\u00e1stico aves 8kg | SAIGA","isPartOf":{"@id":"https:\/\/saiga.es\/es\/#website"},"primaryImageOfPage":{"@id":"https:\/\/saiga.es\/es\/producto\/tolva-plastico-aves-8kg\/#primaryimage"},"image":{"@id":"https:\/\/saiga.es\/es\/producto\/tolva-plastico-aves-8kg\/#primaryimage"},"thumbnailUrl":"https:\/\/saiga.es\/wp-content\/uploads\/2024\/02\/Tolva-8-Kg.jpg","datePublished":"2024-02-23T10:00:50+00:00","dateModified":"2025-10-27T07:53:45+00:00","description":"Este dispensador destaca por su tapa superior c\u00f3nica y cuerpo dividido en tres niveles, ofreciendo organizaci\u00f3n eficiente.","breadcrumb":{"@id":"https:\/\/saiga.es\/es\/producto\/tolva-plastico-aves-8kg\/#breadcrumb"},"inLanguage":"es","potentialAction":[{"@type":"ReadAction","target":["https:\/\/saiga.es\/es\/producto\/tolva-plastico-aves-8kg\/"]}]},{"@type":"ImageObject","inLanguage":"es","@id":"https:\/\/saiga.es\/es\/producto\/tolva-plastico-aves-8kg\/#primaryimage","url":"https:\/\/saiga.es\/wp-content\/uploads\/2024\/02\/Tolva-8-Kg.jpg","contentUrl":"https:\/\/saiga.es\/wp-content\/uploads\/2024\/02\/Tolva-8-Kg.jpg","width":1080,"height":1080,"caption":"Tolva 8 Kg"},{"@type":"BreadcrumbList","@id":"https:\/\/saiga.es\/es\/producto\/tolva-plastico-aves-8kg\/#breadcrumb","itemListElement":[{"@type":"ListItem","position":1,"name":"Inici","item":"https:\/\/saiga.es\/es\/"},{"@type":"ListItem","position":2,"name":"Tienda","item":"https:\/\/saiga.es\/es\/tienda\/"},{"@type":"ListItem","position":3,"name":"Tolva pl\u00e1stico aves 8kg"}]},{"@type":"WebSite","@id":"https:\/\/saiga.es\/es\/#website","url":"https:\/\/saiga.es\/es\/","name":"SAIGA","description":"M\u00e9s de 50 anys al servei de la terra i treballant per a un \u00fas eficient de l\u2019aigua!","publisher":{"@id":"https:\/\/saiga.es\/es\/#organization"},"potentialAction":[{"@type":"SearchAction","target":{"@type":"EntryPoint","urlTemplate":"https:\/\/saiga.es\/es\/?s={search_term_string}"},"query-input":{"@type":"PropertyValueSpecification","valueRequired":true,"valueName":"search_term_string"}}],"inLanguage":"es"},{"@type":"Organization","@id":"https:\/\/saiga.es\/es\/#organization","name":"SAIGA","url":"https:\/\/saiga.es\/es\/","logo":{"@type":"ImageObject","inLanguage":"es","@id":"https:\/\/saiga.es\/es\/#\/schema\/logo\/image\/","url":"https:\/\/saiga.es\/wp-content\/uploads\/2025\/07\/logo_saiga_baseline_optimitzat.svg","contentUrl":"https:\/\/saiga.es\/wp-content\/uploads\/2025\/07\/logo_saiga_baseline_optimitzat.svg","caption":"SAIGA"},"image":{"@id":"https:\/\/saiga.es\/es\/#\/schema\/logo\/image\/"},"sameAs":["https:\/\/x.com\/saiga_agro","https:\/\/www.instagram.com\/saiga_agro\/"]}]}},"_links":{"self":[{"href":"https:\/\/saiga.es\/es\/wp-json\/wp\/v2\/product\/7975","targetHints":{"allow":["GET"]}}],"collection":[{"href":"https:\/\/saiga.es\/es\/wp-json\/wp\/v2\/product"}],"about":[{"href":"https:\/\/saiga.es\/es\/wp-json\/wp\/v2\/types\/product"}],"replies":[{"embeddable":true,"href":"https:\/\/saiga.es\/es\/wp-json\/wp\/v2\/comments?post=7975"}],"wp:featuredmedia":[{"embeddable":true,"href":"https:\/\/saiga.es\/es\/wp-json\/wp\/v2\/media\/11901"}],"wp:attachment":[{"href":"https:\/\/saiga.es\/es\/wp-json\/wp\/v2\/media?parent=7975"}],"wp:term":[{"taxonomy":"product_brand","embeddable":true,"href":"https:\/\/saiga.es\/es\/wp-json\/wp\/v2\/product_brand?post=7975"},{"taxonomy":"product_cat","embeddable":true,"href":"https:\/\/saiga.es\/es\/wp-json\/wp\/v2\/product_cat?post=7975"},{"taxonomy":"product_tag","embeddable":true,"href":"https:\/\/saiga.es\/es\/wp-json\/wp\/v2\/product_tag?post=7975"}],"curies":[{"name":"wp","href":"https:\/\/api.w.org\/{rel}","templated":true}]}}