{"id":7999,"date":"2023-12-07T14:20:31","date_gmt":"2023-12-07T14:20:31","guid":{"rendered":"https:\/\/botiga.saiga.es\/producte\/hilo-de-corte-para-desbrozadora-trail-blazer-24-mm-de-diametro\/"},"modified":"2023-12-07T14:20:31","modified_gmt":"2023-12-07T14:20:31","slug":"hilo-de-corte-para-desbrozadora-trail-blazer-24-mm-de-diametro","status":"publish","type":"product","link":"https:\/\/saiga.es\/es\/producto\/hilo-de-corte-para-desbrozadora-trail-blazer-24-mm-de-diametro\/","title":{"rendered":"Hilo de corte para desbrozadora Trail Blazer 2,4 mm de di\u00e1metro"},"content":{"rendered":"<p>Hilo de corte para desbrozadora de la marca Trail Blazer. El di\u00e1metro es de 2,4 mm y la longitud de 12 m. El hilo es de nylon copol\u00edmero y se caracteriza por su rendimiento y durabilidad. Adem\u00e1s, su desgaste superior formulado usando el copol\u00edmero de alta calidad, proporciona una larga vida \u00fatil. Tiene una dureza excepcional y est\u00e1 dise\u00f1ado para una \u00f3ptima resistencia al impacto. Hilo procesado para minimizar roturas y deshilachadas.<\/p>\n<p>&nbsp;<\/p>\n<p>&nbsp;<\/p>\n","protected":false},"excerpt":{"rendered":"<p>Hilo de corte para desbrozadora de la marca Trail Blazer. El di\u00e1metro es de 2,4 mm y longitud de 12 m. El hilo es de nylon copol\u00edmero y se caracteriza por su rendimiento y durabilidad.<\/p>\n","protected":false},"featured_media":6310,"comment_status":"closed","ping_status":"closed","template":"","meta":[],"product_brand":[],"product_cat":[193],"product_tag":[294,295,944,945],"class_list":{"0":"post-7999","1":"product","2":"type-product","3":"status-publish","4":"has-post-thumbnail","6":"product_cat-repuestos","7":"product_tag-hilo-de-corte","8":"product_tag-hilo-de-nylon","9":"product_tag-hilo-desbrozadora","10":"product_tag-recambio-desbrozadora","12":"first","13":"instock","14":"sale","15":"taxable","16":"shipping-taxable","17":"purchasable","18":"product-type-simple"},"yoast_head":"<!-- This site is optimized with the Yoast SEO plugin v27.4 - https:\/\/yoast.com\/product\/yoast-seo-wordpress\/ -->\n<title>Hilo de corte para desbrozadora Trail Blazer 2,4 mm de di\u00e1metro | SAIGA<\/title>\n<meta name=\"description\" content=\"Hilo de corte para desbrozadora de la marca Trail Blazer. El di\u00e1metro es de 2,4 mm y longitud de 12 m.\" \/>\n<meta name=\"robots\" content=\"index, follow, max-snippet:-1, max-image-preview:large, max-video-preview:-1\" \/>\n<link rel=\"canonical\" href=\"https:\/\/saiga.es\/es\/producto\/hilo-de-corte-para-desbrozadora-trail-blazer-24-mm-de-diametro\/\" \/>\n<meta property=\"og:locale\" content=\"es_ES\" \/>\n<meta property=\"og:type\" content=\"article\" \/>\n<meta property=\"og:title\" content=\"Hilo de corte para desbrozadora Trail Blazer 2,4 mm de di\u00e1metro | SAIGA\" \/>\n<meta property=\"og:description\" content=\"Hilo de corte para desbrozadora de la marca Trail Blazer. El di\u00e1metro es de 2,4 mm y longitud de 12 m.\" \/>\n<meta property=\"og:url\" content=\"https:\/\/saiga.es\/es\/producto\/hilo-de-corte-para-desbrozadora-trail-blazer-24-mm-de-diametro\/\" \/>\n<meta property=\"og:site_name\" content=\"SAIGA\" \/>\n<meta property=\"og:image\" content=\"https:\/\/saiga.es\/wp-content\/uploads\/2023\/12\/IMG_9665.jpg\" \/>\n\t<meta property=\"og:image:width\" content=\"1384\" \/>\n\t<meta property=\"og:image:height\" content=\"1845\" \/>\n\t<meta property=\"og:image:type\" content=\"image\/jpeg\" \/>\n<meta name=\"twitter:card\" content=\"summary_large_image\" \/>\n<meta name=\"twitter:site\" content=\"@saiga_agro\" \/>\n<script type=\"application\/ld+json\" class=\"yoast-schema-graph\">{\"@context\":\"https:\\\/\\\/schema.org\",\"@graph\":[{\"@type\":\"WebPage\",\"@id\":\"https:\\\/\\\/saiga.es\\\/es\\\/producto\\\/hilo-de-corte-para-desbrozadora-trail-blazer-24-mm-de-diametro\\\/\",\"url\":\"https:\\\/\\\/saiga.es\\\/es\\\/producto\\\/hilo-de-corte-para-desbrozadora-trail-blazer-24-mm-de-diametro\\\/\",\"name\":\"Hilo de corte para desbrozadora Trail Blazer 2,4 mm de di\u00e1metro | SAIGA\",\"isPartOf\":{\"@id\":\"https:\\\/\\\/saiga.es\\\/es\\\/#website\"},\"primaryImageOfPage\":{\"@id\":\"https:\\\/\\\/saiga.es\\\/es\\\/producto\\\/hilo-de-corte-para-desbrozadora-trail-blazer-24-mm-de-diametro\\\/#primaryimage\"},\"image\":{\"@id\":\"https:\\\/\\\/saiga.es\\\/es\\\/producto\\\/hilo-de-corte-para-desbrozadora-trail-blazer-24-mm-de-diametro\\\/#primaryimage\"},\"thumbnailUrl\":\"https:\\\/\\\/saiga.es\\\/wp-content\\\/uploads\\\/2023\\\/12\\\/IMG_9665.jpg\",\"datePublished\":\"2023-12-07T14:20:31+00:00\",\"description\":\"Hilo de corte para desbrozadora de la marca Trail Blazer. El di\u00e1metro es de 2,4 mm y longitud de 12 m.\",\"breadcrumb\":{\"@id\":\"https:\\\/\\\/saiga.es\\\/es\\\/producto\\\/hilo-de-corte-para-desbrozadora-trail-blazer-24-mm-de-diametro\\\/#breadcrumb\"},\"inLanguage\":\"es\",\"potentialAction\":[{\"@type\":\"ReadAction\",\"target\":[\"https:\\\/\\\/saiga.es\\\/es\\\/producto\\\/hilo-de-corte-para-desbrozadora-trail-blazer-24-mm-de-diametro\\\/\"]}]},{\"@type\":\"ImageObject\",\"inLanguage\":\"es\",\"@id\":\"https:\\\/\\\/saiga.es\\\/es\\\/producto\\\/hilo-de-corte-para-desbrozadora-trail-blazer-24-mm-de-diametro\\\/#primaryimage\",\"url\":\"https:\\\/\\\/saiga.es\\\/wp-content\\\/uploads\\\/2023\\\/12\\\/IMG_9665.jpg\",\"contentUrl\":\"https:\\\/\\\/saiga.es\\\/wp-content\\\/uploads\\\/2023\\\/12\\\/IMG_9665.jpg\",\"width\":1384,\"height\":1845,\"caption\":\"Hilo de corte para desbrozadora\"},{\"@type\":\"BreadcrumbList\",\"@id\":\"https:\\\/\\\/saiga.es\\\/es\\\/producto\\\/hilo-de-corte-para-desbrozadora-trail-blazer-24-mm-de-diametro\\\/#breadcrumb\",\"itemListElement\":[{\"@type\":\"ListItem\",\"position\":1,\"name\":\"Inici\",\"item\":\"https:\\\/\\\/saiga.es\\\/es\\\/\"},{\"@type\":\"ListItem\",\"position\":2,\"name\":\"Tienda\",\"item\":\"https:\\\/\\\/saiga.es\\\/es\\\/tienda\\\/\"},{\"@type\":\"ListItem\",\"position\":3,\"name\":\"Hilo de corte para desbrozadora Trail Blazer 2,4 mm de di\u00e1metro\"}]},{\"@type\":\"WebSite\",\"@id\":\"https:\\\/\\\/saiga.es\\\/es\\\/#website\",\"url\":\"https:\\\/\\\/saiga.es\\\/es\\\/\",\"name\":\"SAIGA\",\"description\":\"M\u00e9s de 50 anys al servei de la terra i treballant per a un \u00fas eficient de l\u2019aigua!\",\"publisher\":{\"@id\":\"https:\\\/\\\/saiga.es\\\/es\\\/#organization\"},\"potentialAction\":[{\"@type\":\"SearchAction\",\"target\":{\"@type\":\"EntryPoint\",\"urlTemplate\":\"https:\\\/\\\/saiga.es\\\/es\\\/?s={search_term_string}\"},\"query-input\":{\"@type\":\"PropertyValueSpecification\",\"valueRequired\":true,\"valueName\":\"search_term_string\"}}],\"inLanguage\":\"es\"},{\"@type\":\"Organization\",\"@id\":\"https:\\\/\\\/saiga.es\\\/es\\\/#organization\",\"name\":\"SAIGA\",\"url\":\"https:\\\/\\\/saiga.es\\\/es\\\/\",\"logo\":{\"@type\":\"ImageObject\",\"inLanguage\":\"es\",\"@id\":\"https:\\\/\\\/saiga.es\\\/es\\\/#\\\/schema\\\/logo\\\/image\\\/\",\"url\":\"https:\\\/\\\/saiga.es\\\/wp-content\\\/uploads\\\/2025\\\/07\\\/logo_saiga_baseline_optimitzat.svg\",\"contentUrl\":\"https:\\\/\\\/saiga.es\\\/wp-content\\\/uploads\\\/2025\\\/07\\\/logo_saiga_baseline_optimitzat.svg\",\"caption\":\"SAIGA\"},\"image\":{\"@id\":\"https:\\\/\\\/saiga.es\\\/es\\\/#\\\/schema\\\/logo\\\/image\\\/\"},\"sameAs\":[\"https:\\\/\\\/x.com\\\/saiga_agro\",\"https:\\\/\\\/www.instagram.com\\\/saiga_agro\\\/\"]}]}<\/script>\n<!-- \/ Yoast SEO plugin. -->","yoast_head_json":{"title":"Hilo de corte para desbrozadora Trail Blazer 2,4 mm de di\u00e1metro | SAIGA","description":"Hilo de corte para desbrozadora de la marca Trail Blazer. El di\u00e1metro es de 2,4 mm y longitud de 12 m.","robots":{"index":"index","follow":"follow","max-snippet":"max-snippet:-1","max-image-preview":"max-image-preview:large","max-video-preview":"max-video-preview:-1"},"canonical":"https:\/\/saiga.es\/es\/producto\/hilo-de-corte-para-desbrozadora-trail-blazer-24-mm-de-diametro\/","og_locale":"es_ES","og_type":"article","og_title":"Hilo de corte para desbrozadora Trail Blazer 2,4 mm de di\u00e1metro | SAIGA","og_description":"Hilo de corte para desbrozadora de la marca Trail Blazer. El di\u00e1metro es de 2,4 mm y longitud de 12 m.","og_url":"https:\/\/saiga.es\/es\/producto\/hilo-de-corte-para-desbrozadora-trail-blazer-24-mm-de-diametro\/","og_site_name":"SAIGA","og_image":[{"width":1384,"height":1845,"url":"https:\/\/saiga.es\/wp-content\/uploads\/2023\/12\/IMG_9665.jpg","type":"image\/jpeg"}],"twitter_card":"summary_large_image","twitter_site":"@saiga_agro","schema":{"@context":"https:\/\/schema.org","@graph":[{"@type":"WebPage","@id":"https:\/\/saiga.es\/es\/producto\/hilo-de-corte-para-desbrozadora-trail-blazer-24-mm-de-diametro\/","url":"https:\/\/saiga.es\/es\/producto\/hilo-de-corte-para-desbrozadora-trail-blazer-24-mm-de-diametro\/","name":"Hilo de corte para desbrozadora Trail Blazer 2,4 mm de di\u00e1metro | SAIGA","isPartOf":{"@id":"https:\/\/saiga.es\/es\/#website"},"primaryImageOfPage":{"@id":"https:\/\/saiga.es\/es\/producto\/hilo-de-corte-para-desbrozadora-trail-blazer-24-mm-de-diametro\/#primaryimage"},"image":{"@id":"https:\/\/saiga.es\/es\/producto\/hilo-de-corte-para-desbrozadora-trail-blazer-24-mm-de-diametro\/#primaryimage"},"thumbnailUrl":"https:\/\/saiga.es\/wp-content\/uploads\/2023\/12\/IMG_9665.jpg","datePublished":"2023-12-07T14:20:31+00:00","description":"Hilo de corte para desbrozadora de la marca Trail Blazer. El di\u00e1metro es de 2,4 mm y longitud de 12 m.","breadcrumb":{"@id":"https:\/\/saiga.es\/es\/producto\/hilo-de-corte-para-desbrozadora-trail-blazer-24-mm-de-diametro\/#breadcrumb"},"inLanguage":"es","potentialAction":[{"@type":"ReadAction","target":["https:\/\/saiga.es\/es\/producto\/hilo-de-corte-para-desbrozadora-trail-blazer-24-mm-de-diametro\/"]}]},{"@type":"ImageObject","inLanguage":"es","@id":"https:\/\/saiga.es\/es\/producto\/hilo-de-corte-para-desbrozadora-trail-blazer-24-mm-de-diametro\/#primaryimage","url":"https:\/\/saiga.es\/wp-content\/uploads\/2023\/12\/IMG_9665.jpg","contentUrl":"https:\/\/saiga.es\/wp-content\/uploads\/2023\/12\/IMG_9665.jpg","width":1384,"height":1845,"caption":"Hilo de corte para desbrozadora"},{"@type":"BreadcrumbList","@id":"https:\/\/saiga.es\/es\/producto\/hilo-de-corte-para-desbrozadora-trail-blazer-24-mm-de-diametro\/#breadcrumb","itemListElement":[{"@type":"ListItem","position":1,"name":"Inici","item":"https:\/\/saiga.es\/es\/"},{"@type":"ListItem","position":2,"name":"Tienda","item":"https:\/\/saiga.es\/es\/tienda\/"},{"@type":"ListItem","position":3,"name":"Hilo de corte para desbrozadora Trail Blazer 2,4 mm de di\u00e1metro"}]},{"@type":"WebSite","@id":"https:\/\/saiga.es\/es\/#website","url":"https:\/\/saiga.es\/es\/","name":"SAIGA","description":"M\u00e9s de 50 anys al servei de la terra i treballant per a un \u00fas eficient de l\u2019aigua!","publisher":{"@id":"https:\/\/saiga.es\/es\/#organization"},"potentialAction":[{"@type":"SearchAction","target":{"@type":"EntryPoint","urlTemplate":"https:\/\/saiga.es\/es\/?s={search_term_string}"},"query-input":{"@type":"PropertyValueSpecification","valueRequired":true,"valueName":"search_term_string"}}],"inLanguage":"es"},{"@type":"Organization","@id":"https:\/\/saiga.es\/es\/#organization","name":"SAIGA","url":"https:\/\/saiga.es\/es\/","logo":{"@type":"ImageObject","inLanguage":"es","@id":"https:\/\/saiga.es\/es\/#\/schema\/logo\/image\/","url":"https:\/\/saiga.es\/wp-content\/uploads\/2025\/07\/logo_saiga_baseline_optimitzat.svg","contentUrl":"https:\/\/saiga.es\/wp-content\/uploads\/2025\/07\/logo_saiga_baseline_optimitzat.svg","caption":"SAIGA"},"image":{"@id":"https:\/\/saiga.es\/es\/#\/schema\/logo\/image\/"},"sameAs":["https:\/\/x.com\/saiga_agro","https:\/\/www.instagram.com\/saiga_agro\/"]}]}},"_links":{"self":[{"href":"https:\/\/saiga.es\/es\/wp-json\/wp\/v2\/product\/7999","targetHints":{"allow":["GET"]}}],"collection":[{"href":"https:\/\/saiga.es\/es\/wp-json\/wp\/v2\/product"}],"about":[{"href":"https:\/\/saiga.es\/es\/wp-json\/wp\/v2\/types\/product"}],"replies":[{"embeddable":true,"href":"https:\/\/saiga.es\/es\/wp-json\/wp\/v2\/comments?post=7999"}],"wp:featuredmedia":[{"embeddable":true,"href":"https:\/\/saiga.es\/es\/wp-json\/wp\/v2\/media\/6310"}],"wp:attachment":[{"href":"https:\/\/saiga.es\/es\/wp-json\/wp\/v2\/media?parent=7999"}],"wp:term":[{"taxonomy":"product_brand","embeddable":true,"href":"https:\/\/saiga.es\/es\/wp-json\/wp\/v2\/product_brand?post=7999"},{"taxonomy":"product_cat","embeddable":true,"href":"https:\/\/saiga.es\/es\/wp-json\/wp\/v2\/product_cat?post=7999"},{"taxonomy":"product_tag","embeddable":true,"href":"https:\/\/saiga.es\/es\/wp-json\/wp\/v2\/product_tag?post=7999"}],"curies":[{"name":"wp","href":"https:\/\/api.w.org\/{rel}","templated":true}]}}