{"id":8007,"date":"2024-02-23T10:08:52","date_gmt":"2024-02-23T10:08:52","guid":{"rendered":"https:\/\/botiga.saiga.es\/producte\/bebedero-polluelos-de-5l\/"},"modified":"2025-10-27T07:53:45","modified_gmt":"2025-10-27T07:53:45","slug":"bebedero-polluelos-de-5l","status":"publish","type":"product","link":"https:\/\/saiga.es\/es\/producto\/bebedero-polluelos-de-5l\/","title":{"rendered":"Bebedero polluelos de 5L"},"content":{"rendered":"<p>Bebedero polluelos de 5L<\/p>\n<p>Bebedero de agua de primera calidad para aves con un dise\u00f1o de tolva. Fabricado en pl\u00e1stico robusto, el agua fluye desde el dep\u00f3sito por gravedad, manteniendo siempre llena la base del recipiente, que tiene un color verde. Este bebedor est\u00e1 hecho con pl\u00e1stico reforzado en todas sus prendas, aumentando su resistencia. Incluye un tap\u00f3n con rosca para f\u00e1cil recarga.<\/p>\n","protected":false},"excerpt":{"rendered":"<p>Bebedero polluelos de 5L<\/p>\n<p>Bebedero de agua de primera calidad para aves con un dise\u00f1o de tolva. Fabricado en pl\u00e1stico robusto, el agua fluye desde el dep\u00f3sito por gravedad, manteniendo siempre llena la base del recipiente, que tiene un color verde. Este bebedor est\u00e1 hecho con pl\u00e1stico reforzado en todas sus prendas, aumentando su resistencia. Incluye un tap\u00f3n con rosca para f\u00e1cil recarga.<\/p>\n","protected":false},"featured_media":7973,"comment_status":"open","ping_status":"closed","template":"","meta":[],"product_brand":[],"product_cat":[686],"product_tag":[],"class_list":{"0":"post-8007","1":"product","2":"type-product","3":"status-publish","4":"has-post-thumbnail","6":"product_cat-bebederos","8":"first","9":"instock","10":"taxable","11":"shipping-taxable","12":"purchasable","13":"product-type-simple"},"yoast_head":"<!-- This site is optimized with the Yoast SEO plugin v27.4 - https:\/\/yoast.com\/product\/yoast-seo-wordpress\/ -->\n<title>Bebedero polluelos de 5L | SAIGA<\/title>\n<meta name=\"description\" content=\"Bebedero para polluelos de 5 litros. Fabricado en pl\u00e1stico robusto, el agua fluye por gravedad, manteniendo siempre llena la base del recipiente.\" \/>\n<meta name=\"robots\" content=\"index, follow, max-snippet:-1, max-image-preview:large, max-video-preview:-1\" \/>\n<link rel=\"canonical\" href=\"https:\/\/saiga.es\/es\/producto\/bebedero-polluelos-de-5l\/\" \/>\n<meta property=\"og:locale\" content=\"es_ES\" \/>\n<meta property=\"og:type\" content=\"article\" \/>\n<meta property=\"og:title\" content=\"Bebedero polluelos de 5L | SAIGA\" \/>\n<meta property=\"og:description\" content=\"Bebedero para polluelos de 5 litros. Fabricado en pl\u00e1stico robusto, el agua fluye por gravedad, manteniendo siempre llena la base del recipiente.\" \/>\n<meta property=\"og:url\" content=\"https:\/\/saiga.es\/es\/producto\/bebedero-polluelos-de-5l\/\" \/>\n<meta property=\"og:site_name\" content=\"SAIGA\" \/>\n<meta property=\"article:modified_time\" content=\"2025-10-27T07:53:45+00:00\" \/>\n<meta property=\"og:image\" content=\"https:\/\/saiga.es\/wp-content\/uploads\/2024\/02\/11060.jpg\" \/>\n\t<meta property=\"og:image:width\" content=\"600\" \/>\n\t<meta property=\"og:image:height\" content=\"600\" \/>\n\t<meta property=\"og:image:type\" content=\"image\/jpeg\" \/>\n<meta name=\"twitter:card\" content=\"summary_large_image\" \/>\n<meta name=\"twitter:site\" content=\"@saiga_agro\" \/>\n<script type=\"application\/ld+json\" class=\"yoast-schema-graph\">{\"@context\":\"https:\\\/\\\/schema.org\",\"@graph\":[{\"@type\":\"WebPage\",\"@id\":\"https:\\\/\\\/saiga.es\\\/es\\\/producto\\\/bebedero-polluelos-de-5l\\\/\",\"url\":\"https:\\\/\\\/saiga.es\\\/es\\\/producto\\\/bebedero-polluelos-de-5l\\\/\",\"name\":\"Bebedero polluelos de 5L | SAIGA\",\"isPartOf\":{\"@id\":\"https:\\\/\\\/saiga.es\\\/es\\\/#website\"},\"primaryImageOfPage\":{\"@id\":\"https:\\\/\\\/saiga.es\\\/es\\\/producto\\\/bebedero-polluelos-de-5l\\\/#primaryimage\"},\"image\":{\"@id\":\"https:\\\/\\\/saiga.es\\\/es\\\/producto\\\/bebedero-polluelos-de-5l\\\/#primaryimage\"},\"thumbnailUrl\":\"https:\\\/\\\/saiga.es\\\/wp-content\\\/uploads\\\/2024\\\/02\\\/11060.jpg\",\"datePublished\":\"2024-02-23T10:08:52+00:00\",\"dateModified\":\"2025-10-27T07:53:45+00:00\",\"description\":\"Bebedero para polluelos de 5 litros. Fabricado en pl\u00e1stico robusto, el agua fluye por gravedad, manteniendo siempre llena la base del recipiente.\",\"breadcrumb\":{\"@id\":\"https:\\\/\\\/saiga.es\\\/es\\\/producto\\\/bebedero-polluelos-de-5l\\\/#breadcrumb\"},\"inLanguage\":\"es\",\"potentialAction\":[{\"@type\":\"ReadAction\",\"target\":[\"https:\\\/\\\/saiga.es\\\/es\\\/producto\\\/bebedero-polluelos-de-5l\\\/\"]}]},{\"@type\":\"ImageObject\",\"inLanguage\":\"es\",\"@id\":\"https:\\\/\\\/saiga.es\\\/es\\\/producto\\\/bebedero-polluelos-de-5l\\\/#primaryimage\",\"url\":\"https:\\\/\\\/saiga.es\\\/wp-content\\\/uploads\\\/2024\\\/02\\\/11060.jpg\",\"contentUrl\":\"https:\\\/\\\/saiga.es\\\/wp-content\\\/uploads\\\/2024\\\/02\\\/11060.jpg\",\"width\":600,\"height\":600},{\"@type\":\"BreadcrumbList\",\"@id\":\"https:\\\/\\\/saiga.es\\\/es\\\/producto\\\/bebedero-polluelos-de-5l\\\/#breadcrumb\",\"itemListElement\":[{\"@type\":\"ListItem\",\"position\":1,\"name\":\"Inici\",\"item\":\"https:\\\/\\\/saiga.es\\\/es\\\/\"},{\"@type\":\"ListItem\",\"position\":2,\"name\":\"Tienda\",\"item\":\"https:\\\/\\\/saiga.es\\\/es\\\/tienda\\\/\"},{\"@type\":\"ListItem\",\"position\":3,\"name\":\"Bebedero polluelos de 5L\"}]},{\"@type\":\"WebSite\",\"@id\":\"https:\\\/\\\/saiga.es\\\/es\\\/#website\",\"url\":\"https:\\\/\\\/saiga.es\\\/es\\\/\",\"name\":\"SAIGA\",\"description\":\"M\u00e9s de 50 anys al servei de la terra i treballant per a un \u00fas eficient de l\u2019aigua!\",\"publisher\":{\"@id\":\"https:\\\/\\\/saiga.es\\\/es\\\/#organization\"},\"potentialAction\":[{\"@type\":\"SearchAction\",\"target\":{\"@type\":\"EntryPoint\",\"urlTemplate\":\"https:\\\/\\\/saiga.es\\\/es\\\/?s={search_term_string}\"},\"query-input\":{\"@type\":\"PropertyValueSpecification\",\"valueRequired\":true,\"valueName\":\"search_term_string\"}}],\"inLanguage\":\"es\"},{\"@type\":\"Organization\",\"@id\":\"https:\\\/\\\/saiga.es\\\/es\\\/#organization\",\"name\":\"SAIGA\",\"url\":\"https:\\\/\\\/saiga.es\\\/es\\\/\",\"logo\":{\"@type\":\"ImageObject\",\"inLanguage\":\"es\",\"@id\":\"https:\\\/\\\/saiga.es\\\/es\\\/#\\\/schema\\\/logo\\\/image\\\/\",\"url\":\"https:\\\/\\\/saiga.es\\\/wp-content\\\/uploads\\\/2025\\\/07\\\/logo_saiga_baseline_optimitzat.svg\",\"contentUrl\":\"https:\\\/\\\/saiga.es\\\/wp-content\\\/uploads\\\/2025\\\/07\\\/logo_saiga_baseline_optimitzat.svg\",\"caption\":\"SAIGA\"},\"image\":{\"@id\":\"https:\\\/\\\/saiga.es\\\/es\\\/#\\\/schema\\\/logo\\\/image\\\/\"},\"sameAs\":[\"https:\\\/\\\/x.com\\\/saiga_agro\",\"https:\\\/\\\/www.instagram.com\\\/saiga_agro\\\/\"]}]}<\/script>\n<!-- \/ Yoast SEO plugin. -->","yoast_head_json":{"title":"Bebedero polluelos de 5L | SAIGA","description":"Bebedero para polluelos de 5 litros. Fabricado en pl\u00e1stico robusto, el agua fluye por gravedad, manteniendo siempre llena la base del recipiente.","robots":{"index":"index","follow":"follow","max-snippet":"max-snippet:-1","max-image-preview":"max-image-preview:large","max-video-preview":"max-video-preview:-1"},"canonical":"https:\/\/saiga.es\/es\/producto\/bebedero-polluelos-de-5l\/","og_locale":"es_ES","og_type":"article","og_title":"Bebedero polluelos de 5L | SAIGA","og_description":"Bebedero para polluelos de 5 litros. Fabricado en pl\u00e1stico robusto, el agua fluye por gravedad, manteniendo siempre llena la base del recipiente.","og_url":"https:\/\/saiga.es\/es\/producto\/bebedero-polluelos-de-5l\/","og_site_name":"SAIGA","article_modified_time":"2025-10-27T07:53:45+00:00","og_image":[{"width":600,"height":600,"url":"https:\/\/saiga.es\/wp-content\/uploads\/2024\/02\/11060.jpg","type":"image\/jpeg"}],"twitter_card":"summary_large_image","twitter_site":"@saiga_agro","schema":{"@context":"https:\/\/schema.org","@graph":[{"@type":"WebPage","@id":"https:\/\/saiga.es\/es\/producto\/bebedero-polluelos-de-5l\/","url":"https:\/\/saiga.es\/es\/producto\/bebedero-polluelos-de-5l\/","name":"Bebedero polluelos de 5L | SAIGA","isPartOf":{"@id":"https:\/\/saiga.es\/es\/#website"},"primaryImageOfPage":{"@id":"https:\/\/saiga.es\/es\/producto\/bebedero-polluelos-de-5l\/#primaryimage"},"image":{"@id":"https:\/\/saiga.es\/es\/producto\/bebedero-polluelos-de-5l\/#primaryimage"},"thumbnailUrl":"https:\/\/saiga.es\/wp-content\/uploads\/2024\/02\/11060.jpg","datePublished":"2024-02-23T10:08:52+00:00","dateModified":"2025-10-27T07:53:45+00:00","description":"Bebedero para polluelos de 5 litros. Fabricado en pl\u00e1stico robusto, el agua fluye por gravedad, manteniendo siempre llena la base del recipiente.","breadcrumb":{"@id":"https:\/\/saiga.es\/es\/producto\/bebedero-polluelos-de-5l\/#breadcrumb"},"inLanguage":"es","potentialAction":[{"@type":"ReadAction","target":["https:\/\/saiga.es\/es\/producto\/bebedero-polluelos-de-5l\/"]}]},{"@type":"ImageObject","inLanguage":"es","@id":"https:\/\/saiga.es\/es\/producto\/bebedero-polluelos-de-5l\/#primaryimage","url":"https:\/\/saiga.es\/wp-content\/uploads\/2024\/02\/11060.jpg","contentUrl":"https:\/\/saiga.es\/wp-content\/uploads\/2024\/02\/11060.jpg","width":600,"height":600},{"@type":"BreadcrumbList","@id":"https:\/\/saiga.es\/es\/producto\/bebedero-polluelos-de-5l\/#breadcrumb","itemListElement":[{"@type":"ListItem","position":1,"name":"Inici","item":"https:\/\/saiga.es\/es\/"},{"@type":"ListItem","position":2,"name":"Tienda","item":"https:\/\/saiga.es\/es\/tienda\/"},{"@type":"ListItem","position":3,"name":"Bebedero polluelos de 5L"}]},{"@type":"WebSite","@id":"https:\/\/saiga.es\/es\/#website","url":"https:\/\/saiga.es\/es\/","name":"SAIGA","description":"M\u00e9s de 50 anys al servei de la terra i treballant per a un \u00fas eficient de l\u2019aigua!","publisher":{"@id":"https:\/\/saiga.es\/es\/#organization"},"potentialAction":[{"@type":"SearchAction","target":{"@type":"EntryPoint","urlTemplate":"https:\/\/saiga.es\/es\/?s={search_term_string}"},"query-input":{"@type":"PropertyValueSpecification","valueRequired":true,"valueName":"search_term_string"}}],"inLanguage":"es"},{"@type":"Organization","@id":"https:\/\/saiga.es\/es\/#organization","name":"SAIGA","url":"https:\/\/saiga.es\/es\/","logo":{"@type":"ImageObject","inLanguage":"es","@id":"https:\/\/saiga.es\/es\/#\/schema\/logo\/image\/","url":"https:\/\/saiga.es\/wp-content\/uploads\/2025\/07\/logo_saiga_baseline_optimitzat.svg","contentUrl":"https:\/\/saiga.es\/wp-content\/uploads\/2025\/07\/logo_saiga_baseline_optimitzat.svg","caption":"SAIGA"},"image":{"@id":"https:\/\/saiga.es\/es\/#\/schema\/logo\/image\/"},"sameAs":["https:\/\/x.com\/saiga_agro","https:\/\/www.instagram.com\/saiga_agro\/"]}]}},"_links":{"self":[{"href":"https:\/\/saiga.es\/es\/wp-json\/wp\/v2\/product\/8007","targetHints":{"allow":["GET"]}}],"collection":[{"href":"https:\/\/saiga.es\/es\/wp-json\/wp\/v2\/product"}],"about":[{"href":"https:\/\/saiga.es\/es\/wp-json\/wp\/v2\/types\/product"}],"replies":[{"embeddable":true,"href":"https:\/\/saiga.es\/es\/wp-json\/wp\/v2\/comments?post=8007"}],"wp:featuredmedia":[{"embeddable":true,"href":"https:\/\/saiga.es\/es\/wp-json\/wp\/v2\/media\/7973"}],"wp:attachment":[{"href":"https:\/\/saiga.es\/es\/wp-json\/wp\/v2\/media?parent=8007"}],"wp:term":[{"taxonomy":"product_brand","embeddable":true,"href":"https:\/\/saiga.es\/es\/wp-json\/wp\/v2\/product_brand?post=8007"},{"taxonomy":"product_cat","embeddable":true,"href":"https:\/\/saiga.es\/es\/wp-json\/wp\/v2\/product_cat?post=8007"},{"taxonomy":"product_tag","embeddable":true,"href":"https:\/\/saiga.es\/es\/wp-json\/wp\/v2\/product_tag?post=8007"}],"curies":[{"name":"wp","href":"https:\/\/api.w.org\/{rel}","templated":true}]}}