{"id":8025,"date":"2024-02-26T14:25:43","date_gmt":"2024-02-26T14:25:43","guid":{"rendered":"https:\/\/botiga.saiga.es\/producte\/sobre-rocalba-oregano\/"},"modified":"2025-06-06T15:09:18","modified_gmt":"2025-06-06T15:09:18","slug":"sobre-rocalba-oregano","status":"publish","type":"product","link":"https:\/\/saiga.es\/es\/producto\/sobre-rocalba-oregano\/","title":{"rendered":"Sobre Rocalba or\u00e9gano"},"content":{"rendered":"<p>Sobre Rocalba or\u00e9gano. Planta perenne, de 40 cm, de hojas ovaladas, provistas de gl\u00e1ndulas de esencia. Las flores, de color rosa malva, en grupos terminales. Intensamente arom\u00e1tica, ocupa en lugar preeminente en la cocina mediterr\u00e1nea como condimento de ampl\u00edsima aplicaci\u00f3n.<\/p>\n","protected":false},"excerpt":{"rendered":"<p>Sobre Rocalba or\u00e9gano. Planta perenne, de 40 cm, de hojas ovaladas, provistas de gl\u00e1ndulas de esencia. Las flores, de color rosa malva, en grupos terminales. Intensamente arom\u00e1tica, ocupa en lugar preeminente en la cocina mediterr\u00e1nea como condimento de ampl\u00edsima aplicaci\u00f3n.<\/p>\n","protected":false},"featured_media":8023,"comment_status":"open","ping_status":"closed","template":"","meta":[],"product_brand":[],"product_cat":[163],"product_tag":[808,967,968,901,190,965,956,802,966],"class_list":{"0":"post-8025","1":"product","2":"type-product","3":"status-publish","4":"has-post-thumbnail","6":"product_cat-aromaticas","7":"product_tag-hierba","8":"product_tag-hierba-aromatica","9":"product_tag-hierbas-aromaticas","10":"product_tag-huerta","11":"product_tag-huerto-es-2","12":"product_tag-oregano","13":"product_tag-rocalba-es","14":"product_tag-semillas-es","15":"product_tag-sobre-oregano","17":"first","18":"outofstock","19":"taxable","20":"shipping-taxable","21":"purchasable","22":"product-type-simple"},"yoast_head":"<!-- This site is optimized with the Yoast SEO plugin v27.4 - https:\/\/yoast.com\/product\/yoast-seo-wordpress\/ -->\n<title>Sobre Rocalba or\u00e9gano | SAIGA<\/title>\n<meta name=\"description\" content=\"Sobre Rocalba or\u00e9gano. Planta perenne, de 40 cm, de hojas ovaladas, provistas de gl\u00e1ndulas de esencia. Las flores, de color rosa malva, en grupos terminales. Intensamente arom\u00e1tica, ocupa en lugar preeminente en la cocina mediterr\u00e1nea como condimento de ampl\u00edsima aplicaci\u00f3n.\" \/>\n<meta name=\"robots\" content=\"index, follow, max-snippet:-1, max-image-preview:large, max-video-preview:-1\" \/>\n<link rel=\"canonical\" href=\"https:\/\/saiga.es\/es\/producto\/sobre-rocalba-oregano\/\" \/>\n<meta property=\"og:locale\" content=\"es_ES\" \/>\n<meta property=\"og:type\" content=\"article\" \/>\n<meta property=\"og:title\" content=\"Sobre Rocalba or\u00e9gano | SAIGA\" \/>\n<meta property=\"og:description\" content=\"Sobre Rocalba or\u00e9gano. Planta perenne, de 40 cm, de hojas ovaladas, provistas de gl\u00e1ndulas de esencia. Las flores, de color rosa malva, en grupos terminales. Intensamente arom\u00e1tica, ocupa en lugar preeminente en la cocina mediterr\u00e1nea como condimento de ampl\u00edsima aplicaci\u00f3n.\" \/>\n<meta property=\"og:url\" content=\"https:\/\/saiga.es\/es\/producto\/sobre-rocalba-oregano\/\" \/>\n<meta property=\"og:site_name\" content=\"SAIGA\" \/>\n<meta property=\"article:modified_time\" content=\"2025-06-06T15:09:18+00:00\" \/>\n<meta property=\"og:image\" content=\"https:\/\/saiga.es\/wp-content\/uploads\/2024\/02\/oregano.jpg\" \/>\n\t<meta property=\"og:image:width\" content=\"500\" \/>\n\t<meta property=\"og:image:height\" content=\"720\" \/>\n\t<meta property=\"og:image:type\" content=\"image\/jpeg\" \/>\n<meta name=\"twitter:card\" content=\"summary_large_image\" \/>\n<meta name=\"twitter:site\" content=\"@saiga_agro\" \/>\n<script type=\"application\/ld+json\" class=\"yoast-schema-graph\">{\"@context\":\"https:\\\/\\\/schema.org\",\"@graph\":[{\"@type\":\"WebPage\",\"@id\":\"https:\\\/\\\/saiga.es\\\/es\\\/producto\\\/sobre-rocalba-oregano\\\/\",\"url\":\"https:\\\/\\\/saiga.es\\\/es\\\/producto\\\/sobre-rocalba-oregano\\\/\",\"name\":\"Sobre Rocalba or\u00e9gano | SAIGA\",\"isPartOf\":{\"@id\":\"https:\\\/\\\/saiga.es\\\/es\\\/#website\"},\"primaryImageOfPage\":{\"@id\":\"https:\\\/\\\/saiga.es\\\/es\\\/producto\\\/sobre-rocalba-oregano\\\/#primaryimage\"},\"image\":{\"@id\":\"https:\\\/\\\/saiga.es\\\/es\\\/producto\\\/sobre-rocalba-oregano\\\/#primaryimage\"},\"thumbnailUrl\":\"https:\\\/\\\/saiga.es\\\/wp-content\\\/uploads\\\/2024\\\/02\\\/oregano.jpg\",\"datePublished\":\"2024-02-26T14:25:43+00:00\",\"dateModified\":\"2025-06-06T15:09:18+00:00\",\"description\":\"Sobre Rocalba or\u00e9gano. Planta perenne, de 40 cm, de hojas ovaladas, provistas de gl\u00e1ndulas de esencia. Las flores, de color rosa malva, en grupos terminales. Intensamente arom\u00e1tica, ocupa en lugar preeminente en la cocina mediterr\u00e1nea como condimento de ampl\u00edsima aplicaci\u00f3n.\",\"breadcrumb\":{\"@id\":\"https:\\\/\\\/saiga.es\\\/es\\\/producto\\\/sobre-rocalba-oregano\\\/#breadcrumb\"},\"inLanguage\":\"es\",\"potentialAction\":[{\"@type\":\"ReadAction\",\"target\":[\"https:\\\/\\\/saiga.es\\\/es\\\/producto\\\/sobre-rocalba-oregano\\\/\"]}]},{\"@type\":\"ImageObject\",\"inLanguage\":\"es\",\"@id\":\"https:\\\/\\\/saiga.es\\\/es\\\/producto\\\/sobre-rocalba-oregano\\\/#primaryimage\",\"url\":\"https:\\\/\\\/saiga.es\\\/wp-content\\\/uploads\\\/2024\\\/02\\\/oregano.jpg\",\"contentUrl\":\"https:\\\/\\\/saiga.es\\\/wp-content\\\/uploads\\\/2024\\\/02\\\/oregano.jpg\",\"width\":500,\"height\":720,\"caption\":\"Sobre or\u00e9gano Rocalba\"},{\"@type\":\"BreadcrumbList\",\"@id\":\"https:\\\/\\\/saiga.es\\\/es\\\/producto\\\/sobre-rocalba-oregano\\\/#breadcrumb\",\"itemListElement\":[{\"@type\":\"ListItem\",\"position\":1,\"name\":\"Inici\",\"item\":\"https:\\\/\\\/saiga.es\\\/es\\\/\"},{\"@type\":\"ListItem\",\"position\":2,\"name\":\"Tienda\",\"item\":\"https:\\\/\\\/saiga.es\\\/es\\\/tienda\\\/\"},{\"@type\":\"ListItem\",\"position\":3,\"name\":\"Sobre Rocalba or\u00e9gano\"}]},{\"@type\":\"WebSite\",\"@id\":\"https:\\\/\\\/saiga.es\\\/es\\\/#website\",\"url\":\"https:\\\/\\\/saiga.es\\\/es\\\/\",\"name\":\"SAIGA\",\"description\":\"M\u00e9s de 50 anys al servei de la terra i treballant per a un \u00fas eficient de l\u2019aigua!\",\"publisher\":{\"@id\":\"https:\\\/\\\/saiga.es\\\/es\\\/#organization\"},\"potentialAction\":[{\"@type\":\"SearchAction\",\"target\":{\"@type\":\"EntryPoint\",\"urlTemplate\":\"https:\\\/\\\/saiga.es\\\/es\\\/?s={search_term_string}\"},\"query-input\":{\"@type\":\"PropertyValueSpecification\",\"valueRequired\":true,\"valueName\":\"search_term_string\"}}],\"inLanguage\":\"es\"},{\"@type\":\"Organization\",\"@id\":\"https:\\\/\\\/saiga.es\\\/es\\\/#organization\",\"name\":\"SAIGA\",\"url\":\"https:\\\/\\\/saiga.es\\\/es\\\/\",\"logo\":{\"@type\":\"ImageObject\",\"inLanguage\":\"es\",\"@id\":\"https:\\\/\\\/saiga.es\\\/es\\\/#\\\/schema\\\/logo\\\/image\\\/\",\"url\":\"https:\\\/\\\/saiga.es\\\/wp-content\\\/uploads\\\/2025\\\/07\\\/logo_saiga_baseline_optimitzat.svg\",\"contentUrl\":\"https:\\\/\\\/saiga.es\\\/wp-content\\\/uploads\\\/2025\\\/07\\\/logo_saiga_baseline_optimitzat.svg\",\"caption\":\"SAIGA\"},\"image\":{\"@id\":\"https:\\\/\\\/saiga.es\\\/es\\\/#\\\/schema\\\/logo\\\/image\\\/\"},\"sameAs\":[\"https:\\\/\\\/x.com\\\/saiga_agro\",\"https:\\\/\\\/www.instagram.com\\\/saiga_agro\\\/\"]}]}<\/script>\n<!-- \/ Yoast SEO plugin. -->","yoast_head_json":{"title":"Sobre Rocalba or\u00e9gano | SAIGA","description":"Sobre Rocalba or\u00e9gano. Planta perenne, de 40 cm, de hojas ovaladas, provistas de gl\u00e1ndulas de esencia. Las flores, de color rosa malva, en grupos terminales. Intensamente arom\u00e1tica, ocupa en lugar preeminente en la cocina mediterr\u00e1nea como condimento de ampl\u00edsima aplicaci\u00f3n.","robots":{"index":"index","follow":"follow","max-snippet":"max-snippet:-1","max-image-preview":"max-image-preview:large","max-video-preview":"max-video-preview:-1"},"canonical":"https:\/\/saiga.es\/es\/producto\/sobre-rocalba-oregano\/","og_locale":"es_ES","og_type":"article","og_title":"Sobre Rocalba or\u00e9gano | SAIGA","og_description":"Sobre Rocalba or\u00e9gano. Planta perenne, de 40 cm, de hojas ovaladas, provistas de gl\u00e1ndulas de esencia. Las flores, de color rosa malva, en grupos terminales. Intensamente arom\u00e1tica, ocupa en lugar preeminente en la cocina mediterr\u00e1nea como condimento de ampl\u00edsima aplicaci\u00f3n.","og_url":"https:\/\/saiga.es\/es\/producto\/sobre-rocalba-oregano\/","og_site_name":"SAIGA","article_modified_time":"2025-06-06T15:09:18+00:00","og_image":[{"width":500,"height":720,"url":"https:\/\/saiga.es\/wp-content\/uploads\/2024\/02\/oregano.jpg","type":"image\/jpeg"}],"twitter_card":"summary_large_image","twitter_site":"@saiga_agro","schema":{"@context":"https:\/\/schema.org","@graph":[{"@type":"WebPage","@id":"https:\/\/saiga.es\/es\/producto\/sobre-rocalba-oregano\/","url":"https:\/\/saiga.es\/es\/producto\/sobre-rocalba-oregano\/","name":"Sobre Rocalba or\u00e9gano | SAIGA","isPartOf":{"@id":"https:\/\/saiga.es\/es\/#website"},"primaryImageOfPage":{"@id":"https:\/\/saiga.es\/es\/producto\/sobre-rocalba-oregano\/#primaryimage"},"image":{"@id":"https:\/\/saiga.es\/es\/producto\/sobre-rocalba-oregano\/#primaryimage"},"thumbnailUrl":"https:\/\/saiga.es\/wp-content\/uploads\/2024\/02\/oregano.jpg","datePublished":"2024-02-26T14:25:43+00:00","dateModified":"2025-06-06T15:09:18+00:00","description":"Sobre Rocalba or\u00e9gano. Planta perenne, de 40 cm, de hojas ovaladas, provistas de gl\u00e1ndulas de esencia. Las flores, de color rosa malva, en grupos terminales. Intensamente arom\u00e1tica, ocupa en lugar preeminente en la cocina mediterr\u00e1nea como condimento de ampl\u00edsima aplicaci\u00f3n.","breadcrumb":{"@id":"https:\/\/saiga.es\/es\/producto\/sobre-rocalba-oregano\/#breadcrumb"},"inLanguage":"es","potentialAction":[{"@type":"ReadAction","target":["https:\/\/saiga.es\/es\/producto\/sobre-rocalba-oregano\/"]}]},{"@type":"ImageObject","inLanguage":"es","@id":"https:\/\/saiga.es\/es\/producto\/sobre-rocalba-oregano\/#primaryimage","url":"https:\/\/saiga.es\/wp-content\/uploads\/2024\/02\/oregano.jpg","contentUrl":"https:\/\/saiga.es\/wp-content\/uploads\/2024\/02\/oregano.jpg","width":500,"height":720,"caption":"Sobre or\u00e9gano Rocalba"},{"@type":"BreadcrumbList","@id":"https:\/\/saiga.es\/es\/producto\/sobre-rocalba-oregano\/#breadcrumb","itemListElement":[{"@type":"ListItem","position":1,"name":"Inici","item":"https:\/\/saiga.es\/es\/"},{"@type":"ListItem","position":2,"name":"Tienda","item":"https:\/\/saiga.es\/es\/tienda\/"},{"@type":"ListItem","position":3,"name":"Sobre Rocalba or\u00e9gano"}]},{"@type":"WebSite","@id":"https:\/\/saiga.es\/es\/#website","url":"https:\/\/saiga.es\/es\/","name":"SAIGA","description":"M\u00e9s de 50 anys al servei de la terra i treballant per a un \u00fas eficient de l\u2019aigua!","publisher":{"@id":"https:\/\/saiga.es\/es\/#organization"},"potentialAction":[{"@type":"SearchAction","target":{"@type":"EntryPoint","urlTemplate":"https:\/\/saiga.es\/es\/?s={search_term_string}"},"query-input":{"@type":"PropertyValueSpecification","valueRequired":true,"valueName":"search_term_string"}}],"inLanguage":"es"},{"@type":"Organization","@id":"https:\/\/saiga.es\/es\/#organization","name":"SAIGA","url":"https:\/\/saiga.es\/es\/","logo":{"@type":"ImageObject","inLanguage":"es","@id":"https:\/\/saiga.es\/es\/#\/schema\/logo\/image\/","url":"https:\/\/saiga.es\/wp-content\/uploads\/2025\/07\/logo_saiga_baseline_optimitzat.svg","contentUrl":"https:\/\/saiga.es\/wp-content\/uploads\/2025\/07\/logo_saiga_baseline_optimitzat.svg","caption":"SAIGA"},"image":{"@id":"https:\/\/saiga.es\/es\/#\/schema\/logo\/image\/"},"sameAs":["https:\/\/x.com\/saiga_agro","https:\/\/www.instagram.com\/saiga_agro\/"]}]}},"_links":{"self":[{"href":"https:\/\/saiga.es\/es\/wp-json\/wp\/v2\/product\/8025","targetHints":{"allow":["GET"]}}],"collection":[{"href":"https:\/\/saiga.es\/es\/wp-json\/wp\/v2\/product"}],"about":[{"href":"https:\/\/saiga.es\/es\/wp-json\/wp\/v2\/types\/product"}],"replies":[{"embeddable":true,"href":"https:\/\/saiga.es\/es\/wp-json\/wp\/v2\/comments?post=8025"}],"wp:featuredmedia":[{"embeddable":true,"href":"https:\/\/saiga.es\/es\/wp-json\/wp\/v2\/media\/8023"}],"wp:attachment":[{"href":"https:\/\/saiga.es\/es\/wp-json\/wp\/v2\/media?parent=8025"}],"wp:term":[{"taxonomy":"product_brand","embeddable":true,"href":"https:\/\/saiga.es\/es\/wp-json\/wp\/v2\/product_brand?post=8025"},{"taxonomy":"product_cat","embeddable":true,"href":"https:\/\/saiga.es\/es\/wp-json\/wp\/v2\/product_cat?post=8025"},{"taxonomy":"product_tag","embeddable":true,"href":"https:\/\/saiga.es\/es\/wp-json\/wp\/v2\/product_tag?post=8025"}],"curies":[{"name":"wp","href":"https:\/\/api.w.org\/{rel}","templated":true}]}}