{"id":8068,"date":"2024-02-27T08:28:04","date_gmt":"2024-02-27T08:28:04","guid":{"rendered":"https:\/\/botiga.saiga.es\/producte\/sobre-calabacin-bianca-di-trieste\/"},"modified":"2024-02-27T08:28:04","modified_gmt":"2024-02-27T08:28:04","slug":"sobre-calabacin-bianca-di-trieste","status":"publish","type":"product","link":"https:\/\/saiga.es\/es\/producto\/sobre-calabacin-bianca-di-trieste\/","title":{"rendered":"Sobre calabac\u00edn Bianca di Trieste"},"content":{"rendered":"<p>Sobre calabac\u00edn Bianca di Trieste. Variedad que produce frutos de color blanco cremoso, medio largos, de forma cil\u00edndrica, algo mazados en el extremo. La mata es compacta, con abundantes hojas. Muy productivo.<\/p>\n","protected":false},"excerpt":{"rendered":"<p>Sobre calabac\u00edn Bianca di Trieste. Variedad que produce frutos de color blanco cremoso, medio largos, de forma cil\u00edndrica, algo mazados en el extremo. La mata es compacta, con abundantes hojas. Muy productivo.<\/p>\n","protected":false},"featured_media":8066,"comment_status":"closed","ping_status":"closed","template":"","meta":[],"product_brand":[],"product_cat":[168],"product_tag":[1012,1011,190,1010,1013],"class_list":{"0":"post-8068","1":"product","2":"type-product","3":"status-publish","4":"has-post-thumbnail","6":"product_cat-horticolas","7":"product_tag-calabacin","8":"product_tag-hortalizas","9":"product_tag-huerto-es-2","10":"product_tag-semilla","11":"product_tag-semillas-calabacin","13":"first","14":"instock","15":"taxable","16":"shipping-taxable","17":"purchasable","18":"product-type-simple"},"yoast_head":"<!-- This site is optimized with the Yoast SEO plugin v27.4 - https:\/\/yoast.com\/product\/yoast-seo-wordpress\/ -->\n<title>Sobre calabac\u00edn Bianca di Trieste | SAIGA<\/title>\n<meta name=\"description\" content=\"Sobre calabac\u00edn Bianca di Trieste. Variedad que produce frutos de color blanco cremoso, medio largos, de forma cil\u00edndrica, algo mazados en el extremo. La mata es compacta, con abundantes hojas. Muy productivo.\" \/>\n<meta name=\"robots\" content=\"index, follow, max-snippet:-1, max-image-preview:large, max-video-preview:-1\" \/>\n<link rel=\"canonical\" href=\"https:\/\/saiga.es\/es\/producto\/sobre-calabacin-bianca-di-trieste\/\" \/>\n<meta property=\"og:locale\" content=\"es_ES\" \/>\n<meta property=\"og:type\" content=\"article\" \/>\n<meta property=\"og:title\" content=\"Sobre calabac\u00edn Bianca di Trieste | SAIGA\" \/>\n<meta property=\"og:description\" content=\"Sobre calabac\u00edn Bianca di Trieste. Variedad que produce frutos de color blanco cremoso, medio largos, de forma cil\u00edndrica, algo mazados en el extremo. La mata es compacta, con abundantes hojas. Muy productivo.\" \/>\n<meta property=\"og:url\" content=\"https:\/\/saiga.es\/es\/producto\/sobre-calabacin-bianca-di-trieste\/\" \/>\n<meta property=\"og:site_name\" content=\"SAIGA\" \/>\n<meta property=\"og:image\" content=\"https:\/\/saiga.es\/wp-content\/uploads\/2024\/02\/calabacin-bianca-di-trieste.jpg\" \/>\n\t<meta property=\"og:image:width\" content=\"500\" \/>\n\t<meta property=\"og:image:height\" content=\"720\" \/>\n\t<meta property=\"og:image:type\" content=\"image\/jpeg\" \/>\n<meta name=\"twitter:card\" content=\"summary_large_image\" \/>\n<meta name=\"twitter:site\" content=\"@saiga_agro\" \/>\n<script type=\"application\/ld+json\" class=\"yoast-schema-graph\">{\"@context\":\"https:\\\/\\\/schema.org\",\"@graph\":[{\"@type\":\"WebPage\",\"@id\":\"https:\\\/\\\/saiga.es\\\/es\\\/producto\\\/sobre-calabacin-bianca-di-trieste\\\/\",\"url\":\"https:\\\/\\\/saiga.es\\\/es\\\/producto\\\/sobre-calabacin-bianca-di-trieste\\\/\",\"name\":\"Sobre calabac\u00edn Bianca di Trieste | SAIGA\",\"isPartOf\":{\"@id\":\"https:\\\/\\\/saiga.es\\\/es\\\/#website\"},\"primaryImageOfPage\":{\"@id\":\"https:\\\/\\\/saiga.es\\\/es\\\/producto\\\/sobre-calabacin-bianca-di-trieste\\\/#primaryimage\"},\"image\":{\"@id\":\"https:\\\/\\\/saiga.es\\\/es\\\/producto\\\/sobre-calabacin-bianca-di-trieste\\\/#primaryimage\"},\"thumbnailUrl\":\"https:\\\/\\\/saiga.es\\\/wp-content\\\/uploads\\\/2024\\\/02\\\/calabacin-bianca-di-trieste.jpg\",\"datePublished\":\"2024-02-27T08:28:04+00:00\",\"description\":\"Sobre calabac\u00edn Bianca di Trieste. Variedad que produce frutos de color blanco cremoso, medio largos, de forma cil\u00edndrica, algo mazados en el extremo. La mata es compacta, con abundantes hojas. Muy productivo.\",\"breadcrumb\":{\"@id\":\"https:\\\/\\\/saiga.es\\\/es\\\/producto\\\/sobre-calabacin-bianca-di-trieste\\\/#breadcrumb\"},\"inLanguage\":\"es\",\"potentialAction\":[{\"@type\":\"ReadAction\",\"target\":[\"https:\\\/\\\/saiga.es\\\/es\\\/producto\\\/sobre-calabacin-bianca-di-trieste\\\/\"]}]},{\"@type\":\"ImageObject\",\"inLanguage\":\"es\",\"@id\":\"https:\\\/\\\/saiga.es\\\/es\\\/producto\\\/sobre-calabacin-bianca-di-trieste\\\/#primaryimage\",\"url\":\"https:\\\/\\\/saiga.es\\\/wp-content\\\/uploads\\\/2024\\\/02\\\/calabacin-bianca-di-trieste.jpg\",\"contentUrl\":\"https:\\\/\\\/saiga.es\\\/wp-content\\\/uploads\\\/2024\\\/02\\\/calabacin-bianca-di-trieste.jpg\",\"width\":500,\"height\":720,\"caption\":\"Calabac\u00edn bianca di triste\"},{\"@type\":\"BreadcrumbList\",\"@id\":\"https:\\\/\\\/saiga.es\\\/es\\\/producto\\\/sobre-calabacin-bianca-di-trieste\\\/#breadcrumb\",\"itemListElement\":[{\"@type\":\"ListItem\",\"position\":1,\"name\":\"Inici\",\"item\":\"https:\\\/\\\/saiga.es\\\/es\\\/\"},{\"@type\":\"ListItem\",\"position\":2,\"name\":\"Tienda\",\"item\":\"https:\\\/\\\/saiga.es\\\/es\\\/tienda\\\/\"},{\"@type\":\"ListItem\",\"position\":3,\"name\":\"Sobre calabac\u00edn Bianca di Trieste\"}]},{\"@type\":\"WebSite\",\"@id\":\"https:\\\/\\\/saiga.es\\\/es\\\/#website\",\"url\":\"https:\\\/\\\/saiga.es\\\/es\\\/\",\"name\":\"SAIGA\",\"description\":\"M\u00e9s de 50 anys al servei de la terra i treballant per a un \u00fas eficient de l\u2019aigua!\",\"publisher\":{\"@id\":\"https:\\\/\\\/saiga.es\\\/es\\\/#organization\"},\"potentialAction\":[{\"@type\":\"SearchAction\",\"target\":{\"@type\":\"EntryPoint\",\"urlTemplate\":\"https:\\\/\\\/saiga.es\\\/es\\\/?s={search_term_string}\"},\"query-input\":{\"@type\":\"PropertyValueSpecification\",\"valueRequired\":true,\"valueName\":\"search_term_string\"}}],\"inLanguage\":\"es\"},{\"@type\":\"Organization\",\"@id\":\"https:\\\/\\\/saiga.es\\\/es\\\/#organization\",\"name\":\"SAIGA\",\"url\":\"https:\\\/\\\/saiga.es\\\/es\\\/\",\"logo\":{\"@type\":\"ImageObject\",\"inLanguage\":\"es\",\"@id\":\"https:\\\/\\\/saiga.es\\\/es\\\/#\\\/schema\\\/logo\\\/image\\\/\",\"url\":\"https:\\\/\\\/saiga.es\\\/wp-content\\\/uploads\\\/2025\\\/07\\\/logo_saiga_baseline_optimitzat.svg\",\"contentUrl\":\"https:\\\/\\\/saiga.es\\\/wp-content\\\/uploads\\\/2025\\\/07\\\/logo_saiga_baseline_optimitzat.svg\",\"caption\":\"SAIGA\"},\"image\":{\"@id\":\"https:\\\/\\\/saiga.es\\\/es\\\/#\\\/schema\\\/logo\\\/image\\\/\"},\"sameAs\":[\"https:\\\/\\\/x.com\\\/saiga_agro\",\"https:\\\/\\\/www.instagram.com\\\/saiga_agro\\\/\"]}]}<\/script>\n<!-- \/ Yoast SEO plugin. -->","yoast_head_json":{"title":"Sobre calabac\u00edn Bianca di Trieste | SAIGA","description":"Sobre calabac\u00edn Bianca di Trieste. Variedad que produce frutos de color blanco cremoso, medio largos, de forma cil\u00edndrica, algo mazados en el extremo. La mata es compacta, con abundantes hojas. Muy productivo.","robots":{"index":"index","follow":"follow","max-snippet":"max-snippet:-1","max-image-preview":"max-image-preview:large","max-video-preview":"max-video-preview:-1"},"canonical":"https:\/\/saiga.es\/es\/producto\/sobre-calabacin-bianca-di-trieste\/","og_locale":"es_ES","og_type":"article","og_title":"Sobre calabac\u00edn Bianca di Trieste | SAIGA","og_description":"Sobre calabac\u00edn Bianca di Trieste. Variedad que produce frutos de color blanco cremoso, medio largos, de forma cil\u00edndrica, algo mazados en el extremo. La mata es compacta, con abundantes hojas. Muy productivo.","og_url":"https:\/\/saiga.es\/es\/producto\/sobre-calabacin-bianca-di-trieste\/","og_site_name":"SAIGA","og_image":[{"width":500,"height":720,"url":"https:\/\/saiga.es\/wp-content\/uploads\/2024\/02\/calabacin-bianca-di-trieste.jpg","type":"image\/jpeg"}],"twitter_card":"summary_large_image","twitter_site":"@saiga_agro","schema":{"@context":"https:\/\/schema.org","@graph":[{"@type":"WebPage","@id":"https:\/\/saiga.es\/es\/producto\/sobre-calabacin-bianca-di-trieste\/","url":"https:\/\/saiga.es\/es\/producto\/sobre-calabacin-bianca-di-trieste\/","name":"Sobre calabac\u00edn Bianca di Trieste | SAIGA","isPartOf":{"@id":"https:\/\/saiga.es\/es\/#website"},"primaryImageOfPage":{"@id":"https:\/\/saiga.es\/es\/producto\/sobre-calabacin-bianca-di-trieste\/#primaryimage"},"image":{"@id":"https:\/\/saiga.es\/es\/producto\/sobre-calabacin-bianca-di-trieste\/#primaryimage"},"thumbnailUrl":"https:\/\/saiga.es\/wp-content\/uploads\/2024\/02\/calabacin-bianca-di-trieste.jpg","datePublished":"2024-02-27T08:28:04+00:00","description":"Sobre calabac\u00edn Bianca di Trieste. Variedad que produce frutos de color blanco cremoso, medio largos, de forma cil\u00edndrica, algo mazados en el extremo. La mata es compacta, con abundantes hojas. Muy productivo.","breadcrumb":{"@id":"https:\/\/saiga.es\/es\/producto\/sobre-calabacin-bianca-di-trieste\/#breadcrumb"},"inLanguage":"es","potentialAction":[{"@type":"ReadAction","target":["https:\/\/saiga.es\/es\/producto\/sobre-calabacin-bianca-di-trieste\/"]}]},{"@type":"ImageObject","inLanguage":"es","@id":"https:\/\/saiga.es\/es\/producto\/sobre-calabacin-bianca-di-trieste\/#primaryimage","url":"https:\/\/saiga.es\/wp-content\/uploads\/2024\/02\/calabacin-bianca-di-trieste.jpg","contentUrl":"https:\/\/saiga.es\/wp-content\/uploads\/2024\/02\/calabacin-bianca-di-trieste.jpg","width":500,"height":720,"caption":"Calabac\u00edn bianca di triste"},{"@type":"BreadcrumbList","@id":"https:\/\/saiga.es\/es\/producto\/sobre-calabacin-bianca-di-trieste\/#breadcrumb","itemListElement":[{"@type":"ListItem","position":1,"name":"Inici","item":"https:\/\/saiga.es\/es\/"},{"@type":"ListItem","position":2,"name":"Tienda","item":"https:\/\/saiga.es\/es\/tienda\/"},{"@type":"ListItem","position":3,"name":"Sobre calabac\u00edn Bianca di Trieste"}]},{"@type":"WebSite","@id":"https:\/\/saiga.es\/es\/#website","url":"https:\/\/saiga.es\/es\/","name":"SAIGA","description":"M\u00e9s de 50 anys al servei de la terra i treballant per a un \u00fas eficient de l\u2019aigua!","publisher":{"@id":"https:\/\/saiga.es\/es\/#organization"},"potentialAction":[{"@type":"SearchAction","target":{"@type":"EntryPoint","urlTemplate":"https:\/\/saiga.es\/es\/?s={search_term_string}"},"query-input":{"@type":"PropertyValueSpecification","valueRequired":true,"valueName":"search_term_string"}}],"inLanguage":"es"},{"@type":"Organization","@id":"https:\/\/saiga.es\/es\/#organization","name":"SAIGA","url":"https:\/\/saiga.es\/es\/","logo":{"@type":"ImageObject","inLanguage":"es","@id":"https:\/\/saiga.es\/es\/#\/schema\/logo\/image\/","url":"https:\/\/saiga.es\/wp-content\/uploads\/2025\/07\/logo_saiga_baseline_optimitzat.svg","contentUrl":"https:\/\/saiga.es\/wp-content\/uploads\/2025\/07\/logo_saiga_baseline_optimitzat.svg","caption":"SAIGA"},"image":{"@id":"https:\/\/saiga.es\/es\/#\/schema\/logo\/image\/"},"sameAs":["https:\/\/x.com\/saiga_agro","https:\/\/www.instagram.com\/saiga_agro\/"]}]}},"_links":{"self":[{"href":"https:\/\/saiga.es\/es\/wp-json\/wp\/v2\/product\/8068","targetHints":{"allow":["GET"]}}],"collection":[{"href":"https:\/\/saiga.es\/es\/wp-json\/wp\/v2\/product"}],"about":[{"href":"https:\/\/saiga.es\/es\/wp-json\/wp\/v2\/types\/product"}],"replies":[{"embeddable":true,"href":"https:\/\/saiga.es\/es\/wp-json\/wp\/v2\/comments?post=8068"}],"wp:featuredmedia":[{"embeddable":true,"href":"https:\/\/saiga.es\/es\/wp-json\/wp\/v2\/media\/8066"}],"wp:attachment":[{"href":"https:\/\/saiga.es\/es\/wp-json\/wp\/v2\/media?parent=8068"}],"wp:term":[{"taxonomy":"product_brand","embeddable":true,"href":"https:\/\/saiga.es\/es\/wp-json\/wp\/v2\/product_brand?post=8068"},{"taxonomy":"product_cat","embeddable":true,"href":"https:\/\/saiga.es\/es\/wp-json\/wp\/v2\/product_cat?post=8068"},{"taxonomy":"product_tag","embeddable":true,"href":"https:\/\/saiga.es\/es\/wp-json\/wp\/v2\/product_tag?post=8068"}],"curies":[{"name":"wp","href":"https:\/\/api.w.org\/{rel}","templated":true}]}}