{"id":8088,"date":"2024-02-27T08:57:16","date_gmt":"2024-02-27T08:57:16","guid":{"rendered":"https:\/\/botiga.saiga.es\/producte\/sobre-melon-amarillo-canario-rocalba\/"},"modified":"2024-02-27T08:57:16","modified_gmt":"2024-02-27T08:57:16","slug":"sobre-melon-amarillo-canario-rocalba","status":"publish","type":"product","link":"https:\/\/saiga.es\/es\/producto\/sobre-melon-amarillo-canario-rocalba\/","title":{"rendered":"Sobre mel\u00f3n amarillo canario Rocalba"},"content":{"rendered":"<p>Sobre mel\u00f3n amarillo canario Rocalba variedad precoz Produce frutos con corteza fina de color amarillo, de forma redondeada, tama\u00f1o medio. La carne, cuyo sabor es exquisito, es consistente y de color blanco rosado.<\/p>\n","protected":false},"excerpt":{"rendered":"<p>Sobre mel\u00f3n amarillo canario Rocalba variedad precoz Produce frutos con corteza fina de color amarillo, de forma redondeada, tama\u00f1o medio. La carne, cuyo sabor es exquisito, es consistente y de color blanco rosado.<\/p>\n","protected":false},"featured_media":8084,"comment_status":"closed","ping_status":"closed","template":"","meta":[],"product_brand":[],"product_cat":[168],"product_tag":[1036,1038,1020,190,1034,1037,1035],"class_list":{"0":"post-8088","1":"product","2":"type-product","3":"status-publish","4":"has-post-thumbnail","6":"product_cat-horticolas","7":"product_tag-amarillo-canari","8":"product_tag-cultivo","9":"product_tag-horticultura-es","10":"product_tag-huerto-es-2","11":"product_tag-melon-es","12":"product_tag-melon-amarillo-canari","13":"product_tag-semillas-melon","15":"first","16":"outofstock","17":"taxable","18":"shipping-taxable","19":"purchasable","20":"product-type-simple"},"yoast_head":"<!-- This site is optimized with the Yoast SEO plugin v27.4 - https:\/\/yoast.com\/product\/yoast-seo-wordpress\/ -->\n<title>Sobre mel\u00f3n amarillo canario Rocalba | SAIGA<\/title>\n<meta name=\"robots\" content=\"index, follow, max-snippet:-1, max-image-preview:large, max-video-preview:-1\" \/>\n<link rel=\"canonical\" href=\"https:\/\/saiga.es\/es\/producto\/sobre-melon-amarillo-canario-rocalba\/\" \/>\n<meta property=\"og:locale\" content=\"es_ES\" \/>\n<meta property=\"og:type\" content=\"article\" \/>\n<meta property=\"og:title\" content=\"Sobre mel\u00f3n amarillo canario Rocalba | SAIGA\" \/>\n<meta property=\"og:description\" content=\"Sobre mel\u00f3n amarillo canario Rocalba variedad precoz Produce frutos con corteza fina de color amarillo, de forma redondeada, tama\u00f1o medio. La carne, cuyo sabor es exquisito, es consistente y de color blanco rosado.\" \/>\n<meta property=\"og:url\" content=\"https:\/\/saiga.es\/es\/producto\/sobre-melon-amarillo-canario-rocalba\/\" \/>\n<meta property=\"og:site_name\" content=\"SAIGA\" \/>\n<meta property=\"og:image\" content=\"https:\/\/saiga.es\/wp-content\/uploads\/2024\/02\/melo-groc-canari-saiga.jpg\" \/>\n\t<meta property=\"og:image:width\" content=\"500\" \/>\n\t<meta property=\"og:image:height\" content=\"720\" \/>\n\t<meta property=\"og:image:type\" content=\"image\/jpeg\" \/>\n<meta name=\"twitter:card\" content=\"summary_large_image\" \/>\n<meta name=\"twitter:site\" content=\"@saiga_agro\" \/>\n<script type=\"application\/ld+json\" class=\"yoast-schema-graph\">{\"@context\":\"https:\\\/\\\/schema.org\",\"@graph\":[{\"@type\":\"WebPage\",\"@id\":\"https:\\\/\\\/saiga.es\\\/es\\\/producto\\\/sobre-melon-amarillo-canario-rocalba\\\/\",\"url\":\"https:\\\/\\\/saiga.es\\\/es\\\/producto\\\/sobre-melon-amarillo-canario-rocalba\\\/\",\"name\":\"Sobre mel\u00f3n amarillo canario Rocalba | SAIGA\",\"isPartOf\":{\"@id\":\"https:\\\/\\\/saiga.es\\\/es\\\/#website\"},\"primaryImageOfPage\":{\"@id\":\"https:\\\/\\\/saiga.es\\\/es\\\/producto\\\/sobre-melon-amarillo-canario-rocalba\\\/#primaryimage\"},\"image\":{\"@id\":\"https:\\\/\\\/saiga.es\\\/es\\\/producto\\\/sobre-melon-amarillo-canario-rocalba\\\/#primaryimage\"},\"thumbnailUrl\":\"https:\\\/\\\/saiga.es\\\/wp-content\\\/uploads\\\/2024\\\/02\\\/melo-groc-canari-saiga.jpg\",\"datePublished\":\"2024-02-27T08:57:16+00:00\",\"breadcrumb\":{\"@id\":\"https:\\\/\\\/saiga.es\\\/es\\\/producto\\\/sobre-melon-amarillo-canario-rocalba\\\/#breadcrumb\"},\"inLanguage\":\"es\",\"potentialAction\":[{\"@type\":\"ReadAction\",\"target\":[\"https:\\\/\\\/saiga.es\\\/es\\\/producto\\\/sobre-melon-amarillo-canario-rocalba\\\/\"]}]},{\"@type\":\"ImageObject\",\"inLanguage\":\"es\",\"@id\":\"https:\\\/\\\/saiga.es\\\/es\\\/producto\\\/sobre-melon-amarillo-canario-rocalba\\\/#primaryimage\",\"url\":\"https:\\\/\\\/saiga.es\\\/wp-content\\\/uploads\\\/2024\\\/02\\\/melo-groc-canari-saiga.jpg\",\"contentUrl\":\"https:\\\/\\\/saiga.es\\\/wp-content\\\/uploads\\\/2024\\\/02\\\/melo-groc-canari-saiga.jpg\",\"width\":500,\"height\":720,\"caption\":\"Mel\u00f3n amarillo canari Saiga\"},{\"@type\":\"BreadcrumbList\",\"@id\":\"https:\\\/\\\/saiga.es\\\/es\\\/producto\\\/sobre-melon-amarillo-canario-rocalba\\\/#breadcrumb\",\"itemListElement\":[{\"@type\":\"ListItem\",\"position\":1,\"name\":\"Inici\",\"item\":\"https:\\\/\\\/saiga.es\\\/es\\\/\"},{\"@type\":\"ListItem\",\"position\":2,\"name\":\"Tienda\",\"item\":\"https:\\\/\\\/saiga.es\\\/es\\\/tienda\\\/\"},{\"@type\":\"ListItem\",\"position\":3,\"name\":\"Sobre mel\u00f3n amarillo canario Rocalba\"}]},{\"@type\":\"WebSite\",\"@id\":\"https:\\\/\\\/saiga.es\\\/es\\\/#website\",\"url\":\"https:\\\/\\\/saiga.es\\\/es\\\/\",\"name\":\"SAIGA\",\"description\":\"M\u00e9s de 50 anys al servei de la terra i treballant per a un \u00fas eficient de l\u2019aigua!\",\"publisher\":{\"@id\":\"https:\\\/\\\/saiga.es\\\/es\\\/#organization\"},\"potentialAction\":[{\"@type\":\"SearchAction\",\"target\":{\"@type\":\"EntryPoint\",\"urlTemplate\":\"https:\\\/\\\/saiga.es\\\/es\\\/?s={search_term_string}\"},\"query-input\":{\"@type\":\"PropertyValueSpecification\",\"valueRequired\":true,\"valueName\":\"search_term_string\"}}],\"inLanguage\":\"es\"},{\"@type\":\"Organization\",\"@id\":\"https:\\\/\\\/saiga.es\\\/es\\\/#organization\",\"name\":\"SAIGA\",\"url\":\"https:\\\/\\\/saiga.es\\\/es\\\/\",\"logo\":{\"@type\":\"ImageObject\",\"inLanguage\":\"es\",\"@id\":\"https:\\\/\\\/saiga.es\\\/es\\\/#\\\/schema\\\/logo\\\/image\\\/\",\"url\":\"https:\\\/\\\/saiga.es\\\/wp-content\\\/uploads\\\/2025\\\/07\\\/logo_saiga_baseline_optimitzat.svg\",\"contentUrl\":\"https:\\\/\\\/saiga.es\\\/wp-content\\\/uploads\\\/2025\\\/07\\\/logo_saiga_baseline_optimitzat.svg\",\"caption\":\"SAIGA\"},\"image\":{\"@id\":\"https:\\\/\\\/saiga.es\\\/es\\\/#\\\/schema\\\/logo\\\/image\\\/\"},\"sameAs\":[\"https:\\\/\\\/x.com\\\/saiga_agro\",\"https:\\\/\\\/www.instagram.com\\\/saiga_agro\\\/\"]}]}<\/script>\n<!-- \/ Yoast SEO plugin. -->","yoast_head_json":{"title":"Sobre mel\u00f3n amarillo canario Rocalba | SAIGA","robots":{"index":"index","follow":"follow","max-snippet":"max-snippet:-1","max-image-preview":"max-image-preview:large","max-video-preview":"max-video-preview:-1"},"canonical":"https:\/\/saiga.es\/es\/producto\/sobre-melon-amarillo-canario-rocalba\/","og_locale":"es_ES","og_type":"article","og_title":"Sobre mel\u00f3n amarillo canario Rocalba | SAIGA","og_description":"Sobre mel\u00f3n amarillo canario Rocalba variedad precoz Produce frutos con corteza fina de color amarillo, de forma redondeada, tama\u00f1o medio. La carne, cuyo sabor es exquisito, es consistente y de color blanco rosado.","og_url":"https:\/\/saiga.es\/es\/producto\/sobre-melon-amarillo-canario-rocalba\/","og_site_name":"SAIGA","og_image":[{"width":500,"height":720,"url":"https:\/\/saiga.es\/wp-content\/uploads\/2024\/02\/melo-groc-canari-saiga.jpg","type":"image\/jpeg"}],"twitter_card":"summary_large_image","twitter_site":"@saiga_agro","schema":{"@context":"https:\/\/schema.org","@graph":[{"@type":"WebPage","@id":"https:\/\/saiga.es\/es\/producto\/sobre-melon-amarillo-canario-rocalba\/","url":"https:\/\/saiga.es\/es\/producto\/sobre-melon-amarillo-canario-rocalba\/","name":"Sobre mel\u00f3n amarillo canario Rocalba | SAIGA","isPartOf":{"@id":"https:\/\/saiga.es\/es\/#website"},"primaryImageOfPage":{"@id":"https:\/\/saiga.es\/es\/producto\/sobre-melon-amarillo-canario-rocalba\/#primaryimage"},"image":{"@id":"https:\/\/saiga.es\/es\/producto\/sobre-melon-amarillo-canario-rocalba\/#primaryimage"},"thumbnailUrl":"https:\/\/saiga.es\/wp-content\/uploads\/2024\/02\/melo-groc-canari-saiga.jpg","datePublished":"2024-02-27T08:57:16+00:00","breadcrumb":{"@id":"https:\/\/saiga.es\/es\/producto\/sobre-melon-amarillo-canario-rocalba\/#breadcrumb"},"inLanguage":"es","potentialAction":[{"@type":"ReadAction","target":["https:\/\/saiga.es\/es\/producto\/sobre-melon-amarillo-canario-rocalba\/"]}]},{"@type":"ImageObject","inLanguage":"es","@id":"https:\/\/saiga.es\/es\/producto\/sobre-melon-amarillo-canario-rocalba\/#primaryimage","url":"https:\/\/saiga.es\/wp-content\/uploads\/2024\/02\/melo-groc-canari-saiga.jpg","contentUrl":"https:\/\/saiga.es\/wp-content\/uploads\/2024\/02\/melo-groc-canari-saiga.jpg","width":500,"height":720,"caption":"Mel\u00f3n amarillo canari Saiga"},{"@type":"BreadcrumbList","@id":"https:\/\/saiga.es\/es\/producto\/sobre-melon-amarillo-canario-rocalba\/#breadcrumb","itemListElement":[{"@type":"ListItem","position":1,"name":"Inici","item":"https:\/\/saiga.es\/es\/"},{"@type":"ListItem","position":2,"name":"Tienda","item":"https:\/\/saiga.es\/es\/tienda\/"},{"@type":"ListItem","position":3,"name":"Sobre mel\u00f3n amarillo canario Rocalba"}]},{"@type":"WebSite","@id":"https:\/\/saiga.es\/es\/#website","url":"https:\/\/saiga.es\/es\/","name":"SAIGA","description":"M\u00e9s de 50 anys al servei de la terra i treballant per a un \u00fas eficient de l\u2019aigua!","publisher":{"@id":"https:\/\/saiga.es\/es\/#organization"},"potentialAction":[{"@type":"SearchAction","target":{"@type":"EntryPoint","urlTemplate":"https:\/\/saiga.es\/es\/?s={search_term_string}"},"query-input":{"@type":"PropertyValueSpecification","valueRequired":true,"valueName":"search_term_string"}}],"inLanguage":"es"},{"@type":"Organization","@id":"https:\/\/saiga.es\/es\/#organization","name":"SAIGA","url":"https:\/\/saiga.es\/es\/","logo":{"@type":"ImageObject","inLanguage":"es","@id":"https:\/\/saiga.es\/es\/#\/schema\/logo\/image\/","url":"https:\/\/saiga.es\/wp-content\/uploads\/2025\/07\/logo_saiga_baseline_optimitzat.svg","contentUrl":"https:\/\/saiga.es\/wp-content\/uploads\/2025\/07\/logo_saiga_baseline_optimitzat.svg","caption":"SAIGA"},"image":{"@id":"https:\/\/saiga.es\/es\/#\/schema\/logo\/image\/"},"sameAs":["https:\/\/x.com\/saiga_agro","https:\/\/www.instagram.com\/saiga_agro\/"]}]}},"_links":{"self":[{"href":"https:\/\/saiga.es\/es\/wp-json\/wp\/v2\/product\/8088","targetHints":{"allow":["GET"]}}],"collection":[{"href":"https:\/\/saiga.es\/es\/wp-json\/wp\/v2\/product"}],"about":[{"href":"https:\/\/saiga.es\/es\/wp-json\/wp\/v2\/types\/product"}],"replies":[{"embeddable":true,"href":"https:\/\/saiga.es\/es\/wp-json\/wp\/v2\/comments?post=8088"}],"wp:featuredmedia":[{"embeddable":true,"href":"https:\/\/saiga.es\/es\/wp-json\/wp\/v2\/media\/8084"}],"wp:attachment":[{"href":"https:\/\/saiga.es\/es\/wp-json\/wp\/v2\/media?parent=8088"}],"wp:term":[{"taxonomy":"product_brand","embeddable":true,"href":"https:\/\/saiga.es\/es\/wp-json\/wp\/v2\/product_brand?post=8088"},{"taxonomy":"product_cat","embeddable":true,"href":"https:\/\/saiga.es\/es\/wp-json\/wp\/v2\/product_cat?post=8088"},{"taxonomy":"product_tag","embeddable":true,"href":"https:\/\/saiga.es\/es\/wp-json\/wp\/v2\/product_tag?post=8088"}],"curies":[{"name":"wp","href":"https:\/\/api.w.org\/{rel}","templated":true}]}}