{"id":8186,"date":"2024-02-27T10:25:32","date_gmt":"2024-02-27T10:25:32","guid":{"rendered":"https:\/\/botiga.saiga.es\/producte\/enlace-macho-pe-jimten\/"},"modified":"2024-05-22T10:47:50","modified_gmt":"2024-05-22T10:47:50","slug":"enlace-macho-pe-jimten","status":"publish","type":"product","link":"https:\/\/saiga.es\/es\/producto\/enlace-macho-pe-jimten\/","title":{"rendered":"Enlace macho PE jimten."},"content":{"rendered":"<p>Enlace macho PE 110-4&#8243; jimten. Conector macho dise\u00f1ado para tuber\u00edas de polietileno con un di\u00e1metro de diferentes tama\u00f1os. Este conector se utiliza para unir dos secciones de tuber\u00eda de polietileno tambi\u00e9n de diferentes di\u00e1metros.<\/p>\n","protected":false},"excerpt":{"rendered":"<p>Enlace macho PE 110-4&#8243; jimten. Conector macho dise\u00f1ado para tuber\u00edas de polietileno con un di\u00e1metro de diferentes tama\u00f1os. Este conector se utiliza para unir dos secciones de tuber\u00eda de polietileno tambi\u00e9n de diferentes di\u00e1metros.<\/p>\n","protected":false},"featured_media":8174,"comment_status":"closed","ping_status":"closed","template":"","meta":[],"product_brand":[],"product_cat":[1455],"product_tag":[1060,1061,1059,236,1058,205],"class_list":{"0":"post-8186","1":"product","2":"type-product","3":"status-publish","4":"has-post-thumbnail","6":"product_cat-jimten","7":"product_tag-enlace","8":"product_tag-hidraulica-es","9":"product_tag-jimten-es","10":"product_tag-polietileno","11":"product_tag-racord-es","12":"product_tag-riego","14":"first","15":"instock","16":"taxable","17":"shipping-taxable","18":"purchasable","19":"product-type-variable"},"yoast_head":"<!-- This site is optimized with the Yoast SEO plugin v27.4 - https:\/\/yoast.com\/product\/yoast-seo-wordpress\/ -->\n<title>Enlace macho PE jimten. | SAIGA<\/title>\n<meta name=\"description\" content=\"Enlace macho PE jimten. Conector macho dise\u00f1ado para tuber\u00edas de polietileno con un di\u00e1metro de diferentes tama\u00f1os. Este conector se utiliza para unir dos secciones de tuber\u00eda de polietileno tambi\u00e9n de diferentes di\u00e1metros.\" \/>\n<meta name=\"robots\" content=\"index, follow, max-snippet:-1, max-image-preview:large, max-video-preview:-1\" \/>\n<link rel=\"canonical\" href=\"https:\/\/saiga.es\/es\/producto\/enlace-macho-pe-jimten\/\" \/>\n<meta property=\"og:locale\" content=\"es_ES\" \/>\n<meta property=\"og:type\" content=\"article\" \/>\n<meta property=\"og:title\" content=\"Enlace macho PE jimten. | SAIGA\" \/>\n<meta property=\"og:description\" content=\"Enlace macho PE jimten. Conector macho dise\u00f1ado para tuber\u00edas de polietileno con un di\u00e1metro de diferentes tama\u00f1os. Este conector se utiliza para unir dos secciones de tuber\u00eda de polietileno tambi\u00e9n de diferentes di\u00e1metros.\" \/>\n<meta property=\"og:url\" content=\"https:\/\/saiga.es\/es\/producto\/enlace-macho-pe-jimten\/\" \/>\n<meta property=\"og:site_name\" content=\"SAIGA\" \/>\n<meta property=\"article:modified_time\" content=\"2024-05-22T10:47:50+00:00\" \/>\n<meta property=\"og:image\" content=\"https:\/\/saiga.es\/wp-content\/uploads\/2024\/02\/RACORD-MASCLE-P.E.-110-4-polsades-JIMTEN-1.jpg\" \/>\n\t<meta property=\"og:image:width\" content=\"400\" \/>\n\t<meta property=\"og:image:height\" content=\"400\" \/>\n\t<meta property=\"og:image:type\" content=\"image\/jpeg\" \/>\n<meta name=\"twitter:card\" content=\"summary_large_image\" \/>\n<meta name=\"twitter:site\" content=\"@saiga_agro\" \/>\n<meta name=\"twitter:label1\" content=\"Tiempo de lectura\" \/>\n\t<meta name=\"twitter:data1\" content=\"1 minuto\" \/>\n<script type=\"application\/ld+json\" class=\"yoast-schema-graph\">{\"@context\":\"https:\\\/\\\/schema.org\",\"@graph\":[{\"@type\":\"WebPage\",\"@id\":\"https:\\\/\\\/saiga.es\\\/es\\\/producto\\\/enlace-macho-pe-jimten\\\/\",\"url\":\"https:\\\/\\\/saiga.es\\\/es\\\/producto\\\/enlace-macho-pe-jimten\\\/\",\"name\":\"Enlace macho PE jimten. | SAIGA\",\"isPartOf\":{\"@id\":\"https:\\\/\\\/saiga.es\\\/es\\\/#website\"},\"primaryImageOfPage\":{\"@id\":\"https:\\\/\\\/saiga.es\\\/es\\\/producto\\\/enlace-macho-pe-jimten\\\/#primaryimage\"},\"image\":{\"@id\":\"https:\\\/\\\/saiga.es\\\/es\\\/producto\\\/enlace-macho-pe-jimten\\\/#primaryimage\"},\"thumbnailUrl\":\"https:\\\/\\\/saiga.es\\\/wp-content\\\/uploads\\\/2024\\\/02\\\/RACORD-MASCLE-P.E.-110-4-polsades-JIMTEN-1.jpg\",\"datePublished\":\"2024-02-27T10:25:32+00:00\",\"dateModified\":\"2024-05-22T10:47:50+00:00\",\"description\":\"Enlace macho PE jimten. Conector macho dise\u00f1ado para tuber\u00edas de polietileno con un di\u00e1metro de diferentes tama\u00f1os. Este conector se utiliza para unir dos secciones de tuber\u00eda de polietileno tambi\u00e9n de diferentes di\u00e1metros.\",\"breadcrumb\":{\"@id\":\"https:\\\/\\\/saiga.es\\\/es\\\/producto\\\/enlace-macho-pe-jimten\\\/#breadcrumb\"},\"inLanguage\":\"es\",\"potentialAction\":[{\"@type\":\"ReadAction\",\"target\":[\"https:\\\/\\\/saiga.es\\\/es\\\/producto\\\/enlace-macho-pe-jimten\\\/\"]}]},{\"@type\":\"ImageObject\",\"inLanguage\":\"es\",\"@id\":\"https:\\\/\\\/saiga.es\\\/es\\\/producto\\\/enlace-macho-pe-jimten\\\/#primaryimage\",\"url\":\"https:\\\/\\\/saiga.es\\\/wp-content\\\/uploads\\\/2024\\\/02\\\/RACORD-MASCLE-P.E.-110-4-polsades-JIMTEN-1.jpg\",\"contentUrl\":\"https:\\\/\\\/saiga.es\\\/wp-content\\\/uploads\\\/2024\\\/02\\\/RACORD-MASCLE-P.E.-110-4-polsades-JIMTEN-1.jpg\",\"width\":400,\"height\":400,\"caption\":\"Racord mascle\"},{\"@type\":\"BreadcrumbList\",\"@id\":\"https:\\\/\\\/saiga.es\\\/es\\\/producto\\\/enlace-macho-pe-jimten\\\/#breadcrumb\",\"itemListElement\":[{\"@type\":\"ListItem\",\"position\":1,\"name\":\"Inici\",\"item\":\"https:\\\/\\\/saiga.es\\\/es\\\/\"},{\"@type\":\"ListItem\",\"position\":2,\"name\":\"Tienda\",\"item\":\"https:\\\/\\\/saiga.es\\\/es\\\/tienda\\\/\"},{\"@type\":\"ListItem\",\"position\":3,\"name\":\"Enlace macho PE jimten.\"}]},{\"@type\":\"WebSite\",\"@id\":\"https:\\\/\\\/saiga.es\\\/es\\\/#website\",\"url\":\"https:\\\/\\\/saiga.es\\\/es\\\/\",\"name\":\"SAIGA\",\"description\":\"M\u00e9s de 50 anys al servei de la terra i treballant per a un \u00fas eficient de l\u2019aigua!\",\"publisher\":{\"@id\":\"https:\\\/\\\/saiga.es\\\/es\\\/#organization\"},\"potentialAction\":[{\"@type\":\"SearchAction\",\"target\":{\"@type\":\"EntryPoint\",\"urlTemplate\":\"https:\\\/\\\/saiga.es\\\/es\\\/?s={search_term_string}\"},\"query-input\":{\"@type\":\"PropertyValueSpecification\",\"valueRequired\":true,\"valueName\":\"search_term_string\"}}],\"inLanguage\":\"es\"},{\"@type\":\"Organization\",\"@id\":\"https:\\\/\\\/saiga.es\\\/es\\\/#organization\",\"name\":\"SAIGA\",\"url\":\"https:\\\/\\\/saiga.es\\\/es\\\/\",\"logo\":{\"@type\":\"ImageObject\",\"inLanguage\":\"es\",\"@id\":\"https:\\\/\\\/saiga.es\\\/es\\\/#\\\/schema\\\/logo\\\/image\\\/\",\"url\":\"https:\\\/\\\/saiga.es\\\/wp-content\\\/uploads\\\/2025\\\/07\\\/logo_saiga_baseline_optimitzat.svg\",\"contentUrl\":\"https:\\\/\\\/saiga.es\\\/wp-content\\\/uploads\\\/2025\\\/07\\\/logo_saiga_baseline_optimitzat.svg\",\"caption\":\"SAIGA\"},\"image\":{\"@id\":\"https:\\\/\\\/saiga.es\\\/es\\\/#\\\/schema\\\/logo\\\/image\\\/\"},\"sameAs\":[\"https:\\\/\\\/x.com\\\/saiga_agro\",\"https:\\\/\\\/www.instagram.com\\\/saiga_agro\\\/\"]}]}<\/script>\n<!-- \/ Yoast SEO plugin. -->","yoast_head_json":{"title":"Enlace macho PE jimten. | SAIGA","description":"Enlace macho PE jimten. Conector macho dise\u00f1ado para tuber\u00edas de polietileno con un di\u00e1metro de diferentes tama\u00f1os. Este conector se utiliza para unir dos secciones de tuber\u00eda de polietileno tambi\u00e9n de diferentes di\u00e1metros.","robots":{"index":"index","follow":"follow","max-snippet":"max-snippet:-1","max-image-preview":"max-image-preview:large","max-video-preview":"max-video-preview:-1"},"canonical":"https:\/\/saiga.es\/es\/producto\/enlace-macho-pe-jimten\/","og_locale":"es_ES","og_type":"article","og_title":"Enlace macho PE jimten. | SAIGA","og_description":"Enlace macho PE jimten. Conector macho dise\u00f1ado para tuber\u00edas de polietileno con un di\u00e1metro de diferentes tama\u00f1os. Este conector se utiliza para unir dos secciones de tuber\u00eda de polietileno tambi\u00e9n de diferentes di\u00e1metros.","og_url":"https:\/\/saiga.es\/es\/producto\/enlace-macho-pe-jimten\/","og_site_name":"SAIGA","article_modified_time":"2024-05-22T10:47:50+00:00","og_image":[{"width":400,"height":400,"url":"https:\/\/saiga.es\/wp-content\/uploads\/2024\/02\/RACORD-MASCLE-P.E.-110-4-polsades-JIMTEN-1.jpg","type":"image\/jpeg"}],"twitter_card":"summary_large_image","twitter_site":"@saiga_agro","twitter_misc":{"Tiempo de lectura":"1 minuto"},"schema":{"@context":"https:\/\/schema.org","@graph":[{"@type":"WebPage","@id":"https:\/\/saiga.es\/es\/producto\/enlace-macho-pe-jimten\/","url":"https:\/\/saiga.es\/es\/producto\/enlace-macho-pe-jimten\/","name":"Enlace macho PE jimten. | SAIGA","isPartOf":{"@id":"https:\/\/saiga.es\/es\/#website"},"primaryImageOfPage":{"@id":"https:\/\/saiga.es\/es\/producto\/enlace-macho-pe-jimten\/#primaryimage"},"image":{"@id":"https:\/\/saiga.es\/es\/producto\/enlace-macho-pe-jimten\/#primaryimage"},"thumbnailUrl":"https:\/\/saiga.es\/wp-content\/uploads\/2024\/02\/RACORD-MASCLE-P.E.-110-4-polsades-JIMTEN-1.jpg","datePublished":"2024-02-27T10:25:32+00:00","dateModified":"2024-05-22T10:47:50+00:00","description":"Enlace macho PE jimten. Conector macho dise\u00f1ado para tuber\u00edas de polietileno con un di\u00e1metro de diferentes tama\u00f1os. Este conector se utiliza para unir dos secciones de tuber\u00eda de polietileno tambi\u00e9n de diferentes di\u00e1metros.","breadcrumb":{"@id":"https:\/\/saiga.es\/es\/producto\/enlace-macho-pe-jimten\/#breadcrumb"},"inLanguage":"es","potentialAction":[{"@type":"ReadAction","target":["https:\/\/saiga.es\/es\/producto\/enlace-macho-pe-jimten\/"]}]},{"@type":"ImageObject","inLanguage":"es","@id":"https:\/\/saiga.es\/es\/producto\/enlace-macho-pe-jimten\/#primaryimage","url":"https:\/\/saiga.es\/wp-content\/uploads\/2024\/02\/RACORD-MASCLE-P.E.-110-4-polsades-JIMTEN-1.jpg","contentUrl":"https:\/\/saiga.es\/wp-content\/uploads\/2024\/02\/RACORD-MASCLE-P.E.-110-4-polsades-JIMTEN-1.jpg","width":400,"height":400,"caption":"Racord mascle"},{"@type":"BreadcrumbList","@id":"https:\/\/saiga.es\/es\/producto\/enlace-macho-pe-jimten\/#breadcrumb","itemListElement":[{"@type":"ListItem","position":1,"name":"Inici","item":"https:\/\/saiga.es\/es\/"},{"@type":"ListItem","position":2,"name":"Tienda","item":"https:\/\/saiga.es\/es\/tienda\/"},{"@type":"ListItem","position":3,"name":"Enlace macho PE jimten."}]},{"@type":"WebSite","@id":"https:\/\/saiga.es\/es\/#website","url":"https:\/\/saiga.es\/es\/","name":"SAIGA","description":"M\u00e9s de 50 anys al servei de la terra i treballant per a un \u00fas eficient de l\u2019aigua!","publisher":{"@id":"https:\/\/saiga.es\/es\/#organization"},"potentialAction":[{"@type":"SearchAction","target":{"@type":"EntryPoint","urlTemplate":"https:\/\/saiga.es\/es\/?s={search_term_string}"},"query-input":{"@type":"PropertyValueSpecification","valueRequired":true,"valueName":"search_term_string"}}],"inLanguage":"es"},{"@type":"Organization","@id":"https:\/\/saiga.es\/es\/#organization","name":"SAIGA","url":"https:\/\/saiga.es\/es\/","logo":{"@type":"ImageObject","inLanguage":"es","@id":"https:\/\/saiga.es\/es\/#\/schema\/logo\/image\/","url":"https:\/\/saiga.es\/wp-content\/uploads\/2025\/07\/logo_saiga_baseline_optimitzat.svg","contentUrl":"https:\/\/saiga.es\/wp-content\/uploads\/2025\/07\/logo_saiga_baseline_optimitzat.svg","caption":"SAIGA"},"image":{"@id":"https:\/\/saiga.es\/es\/#\/schema\/logo\/image\/"},"sameAs":["https:\/\/x.com\/saiga_agro","https:\/\/www.instagram.com\/saiga_agro\/"]}]}},"_links":{"self":[{"href":"https:\/\/saiga.es\/es\/wp-json\/wp\/v2\/product\/8186","targetHints":{"allow":["GET"]}}],"collection":[{"href":"https:\/\/saiga.es\/es\/wp-json\/wp\/v2\/product"}],"about":[{"href":"https:\/\/saiga.es\/es\/wp-json\/wp\/v2\/types\/product"}],"replies":[{"embeddable":true,"href":"https:\/\/saiga.es\/es\/wp-json\/wp\/v2\/comments?post=8186"}],"wp:featuredmedia":[{"embeddable":true,"href":"https:\/\/saiga.es\/es\/wp-json\/wp\/v2\/media\/8174"}],"wp:attachment":[{"href":"https:\/\/saiga.es\/es\/wp-json\/wp\/v2\/media?parent=8186"}],"wp:term":[{"taxonomy":"product_brand","embeddable":true,"href":"https:\/\/saiga.es\/es\/wp-json\/wp\/v2\/product_brand?post=8186"},{"taxonomy":"product_cat","embeddable":true,"href":"https:\/\/saiga.es\/es\/wp-json\/wp\/v2\/product_cat?post=8186"},{"taxonomy":"product_tag","embeddable":true,"href":"https:\/\/saiga.es\/es\/wp-json\/wp\/v2\/product_tag?post=8186"}],"curies":[{"name":"wp","href":"https:\/\/api.w.org\/{rel}","templated":true}]}}