{"id":8247,"date":"2024-02-28T11:04:11","date_gmt":"2024-02-28T11:04:11","guid":{"rendered":"https:\/\/botiga.saiga.es\/producte\/derivacion-te-pe-tech-line-d17-marron\/"},"modified":"2024-02-28T11:12:16","modified_gmt":"2024-02-28T11:12:16","slug":"derivacion-te-pe-tech-line-d17-marron","status":"publish","type":"product","link":"https:\/\/saiga.es\/es\/producto\/derivacion-te-pe-tech-line-d17-marron\/","title":{"rendered":"Derivaci\u00f3n TE PE Tech line D17 marr\u00f3n"},"content":{"rendered":"<p>Derivaci\u00f3n TE PE Tech line D17 marr\u00f3n. Paquete 100 unitats. Componente utilizado en sistemas de tuber\u00edas para la distribuci\u00f3n de agua o l\u00edquidos en aplicaciones industriales, agr\u00edcolas o de fontaner\u00eda. Esta derivaci\u00f3n tiene la forma de una letra \u00abT\u00bb y est\u00e1 fabricada en polietileno, un material pl\u00e1stico duradero y resistentes a la corrosi\u00f3n.<\/p>\n<p>La funci\u00f3n de esta derivaci\u00f3n en forma de T es permitir la conexi\u00f3n de tres tramos de tuber\u00eda en una misma ubicaci\u00f3n, creando as\u00ed una bifurcaci\u00f3n en la red de tuber\u00edas. Esto es \u00fatil en situaciones en las que es necesario distribuir el flujo de l\u00edquido hacia dos direcciones diferentes desde una l\u00ednea principal.<\/p>\n","protected":false},"excerpt":{"rendered":"<p>Derivaci\u00f3n TE PE Tech line D17 marr\u00f3n. Componente utilizado en sistemas de tuber\u00edas para la distribuci\u00f3n de agua o l\u00edquidos en aplicaciones industriales, agr\u00edcolas o de fontaner\u00eda. Esta derivaci\u00f3n tiene la forma de una letra \u00abT\u00bb y est\u00e1 fabricada en polietileno, un material pl\u00e1stico duradero y resistentes a la corrosi\u00f3n.<\/p>\n","protected":false},"featured_media":8244,"comment_status":"closed","ping_status":"closed","template":"","meta":[],"product_brand":[],"product_cat":[2256],"product_tag":[1083,242,241,219,1061,1089,205,217],"class_list":{"0":"post-8247","1":"product","2":"type-product","3":"status-publish","4":"has-post-thumbnail","6":"product_cat-accesorios-tubo-de-riego","7":"product_tag-accesorios","8":"product_tag-accesorios-riego","9":"product_tag-derivacion","10":"product_tag-gota-a-gota-es","11":"product_tag-hidraulica-es","12":"product_tag-rain-bird-es","13":"product_tag-riego","14":"product_tag-riego-automatico","16":"first","17":"instock","18":"taxable","19":"shipping-taxable","20":"purchasable","21":"product-type-simple"},"yoast_head":"<!-- This site is optimized with the Yoast SEO plugin v27.4 - https:\/\/yoast.com\/product\/yoast-seo-wordpress\/ -->\n<title>Derivaci\u00f3n TE PE Tech line D17 marr\u00f3n | SAIGA<\/title>\n<meta name=\"description\" content=\"Derivaci\u00f3n TE PE Tech line D17 marr\u00f3n. Componente utilizado en sistemas de tuber\u00edas para la distribuci\u00f3n de agua o l\u00edquidos en aplicaciones industriales, agr\u00edcolas o de fontaner\u00eda. Esta derivaci\u00f3n tiene la forma de una letra &quot;T&quot; y est\u00e1 fabricada en polietileno, un material pl\u00e1stico duradero y resistentes a la corrosi\u00f3n.\" \/>\n<meta name=\"robots\" content=\"index, follow, max-snippet:-1, max-image-preview:large, max-video-preview:-1\" \/>\n<link rel=\"canonical\" href=\"https:\/\/saiga.es\/es\/producto\/derivacion-te-pe-tech-line-d17-marron\/\" \/>\n<meta property=\"og:locale\" content=\"es_ES\" \/>\n<meta property=\"og:type\" content=\"article\" \/>\n<meta property=\"og:title\" content=\"Derivaci\u00f3n TE PE Tech line D17 marr\u00f3n | SAIGA\" \/>\n<meta property=\"og:description\" content=\"Derivaci\u00f3n TE PE Tech line D17 marr\u00f3n. Componente utilizado en sistemas de tuber\u00edas para la distribuci\u00f3n de agua o l\u00edquidos en aplicaciones industriales, agr\u00edcolas o de fontaner\u00eda. Esta derivaci\u00f3n tiene la forma de una letra &quot;T&quot; y est\u00e1 fabricada en polietileno, un material pl\u00e1stico duradero y resistentes a la corrosi\u00f3n.\" \/>\n<meta property=\"og:url\" content=\"https:\/\/saiga.es\/es\/producto\/derivacion-te-pe-tech-line-d17-marron\/\" \/>\n<meta property=\"og:site_name\" content=\"SAIGA\" \/>\n<meta property=\"article:modified_time\" content=\"2024-02-28T11:12:16+00:00\" \/>\n<meta property=\"og:image\" content=\"https:\/\/saiga.es\/wp-content\/uploads\/2024\/02\/Derivacio-T.jpg\" \/>\n\t<meta property=\"og:image:width\" content=\"400\" \/>\n\t<meta property=\"og:image:height\" content=\"400\" \/>\n\t<meta property=\"og:image:type\" content=\"image\/jpeg\" \/>\n<meta name=\"twitter:card\" content=\"summary_large_image\" \/>\n<meta name=\"twitter:site\" content=\"@saiga_agro\" \/>\n<meta name=\"twitter:label1\" content=\"Tiempo de lectura\" \/>\n\t<meta name=\"twitter:data1\" content=\"1 minuto\" \/>\n<script type=\"application\/ld+json\" class=\"yoast-schema-graph\">{\"@context\":\"https:\\\/\\\/schema.org\",\"@graph\":[{\"@type\":\"WebPage\",\"@id\":\"https:\\\/\\\/saiga.es\\\/es\\\/producto\\\/derivacion-te-pe-tech-line-d17-marron\\\/\",\"url\":\"https:\\\/\\\/saiga.es\\\/es\\\/producto\\\/derivacion-te-pe-tech-line-d17-marron\\\/\",\"name\":\"Derivaci\u00f3n TE PE Tech line D17 marr\u00f3n | SAIGA\",\"isPartOf\":{\"@id\":\"https:\\\/\\\/saiga.es\\\/es\\\/#website\"},\"primaryImageOfPage\":{\"@id\":\"https:\\\/\\\/saiga.es\\\/es\\\/producto\\\/derivacion-te-pe-tech-line-d17-marron\\\/#primaryimage\"},\"image\":{\"@id\":\"https:\\\/\\\/saiga.es\\\/es\\\/producto\\\/derivacion-te-pe-tech-line-d17-marron\\\/#primaryimage\"},\"thumbnailUrl\":\"https:\\\/\\\/saiga.es\\\/wp-content\\\/uploads\\\/2024\\\/02\\\/Derivacio-T.jpg\",\"datePublished\":\"2024-02-28T11:04:11+00:00\",\"dateModified\":\"2024-02-28T11:12:16+00:00\",\"description\":\"Derivaci\u00f3n TE PE Tech line D17 marr\u00f3n. Componente utilizado en sistemas de tuber\u00edas para la distribuci\u00f3n de agua o l\u00edquidos en aplicaciones industriales, agr\u00edcolas o de fontaner\u00eda. Esta derivaci\u00f3n tiene la forma de una letra \\\"T\\\" y est\u00e1 fabricada en polietileno, un material pl\u00e1stico duradero y resistentes a la corrosi\u00f3n.\",\"breadcrumb\":{\"@id\":\"https:\\\/\\\/saiga.es\\\/es\\\/producto\\\/derivacion-te-pe-tech-line-d17-marron\\\/#breadcrumb\"},\"inLanguage\":\"es\",\"potentialAction\":[{\"@type\":\"ReadAction\",\"target\":[\"https:\\\/\\\/saiga.es\\\/es\\\/producto\\\/derivacion-te-pe-tech-line-d17-marron\\\/\"]}]},{\"@type\":\"ImageObject\",\"inLanguage\":\"es\",\"@id\":\"https:\\\/\\\/saiga.es\\\/es\\\/producto\\\/derivacion-te-pe-tech-line-d17-marron\\\/#primaryimage\",\"url\":\"https:\\\/\\\/saiga.es\\\/wp-content\\\/uploads\\\/2024\\\/02\\\/Derivacio-T.jpg\",\"contentUrl\":\"https:\\\/\\\/saiga.es\\\/wp-content\\\/uploads\\\/2024\\\/02\\\/Derivacio-T.jpg\",\"width\":400,\"height\":400,\"caption\":\"derivaci\u00f3n Te tech line 17\"},{\"@type\":\"BreadcrumbList\",\"@id\":\"https:\\\/\\\/saiga.es\\\/es\\\/producto\\\/derivacion-te-pe-tech-line-d17-marron\\\/#breadcrumb\",\"itemListElement\":[{\"@type\":\"ListItem\",\"position\":1,\"name\":\"Inici\",\"item\":\"https:\\\/\\\/saiga.es\\\/es\\\/\"},{\"@type\":\"ListItem\",\"position\":2,\"name\":\"Tienda\",\"item\":\"https:\\\/\\\/saiga.es\\\/es\\\/tienda\\\/\"},{\"@type\":\"ListItem\",\"position\":3,\"name\":\"Derivaci\u00f3n TE PE Tech line D17 marr\u00f3n\"}]},{\"@type\":\"WebSite\",\"@id\":\"https:\\\/\\\/saiga.es\\\/es\\\/#website\",\"url\":\"https:\\\/\\\/saiga.es\\\/es\\\/\",\"name\":\"SAIGA\",\"description\":\"M\u00e9s de 50 anys al servei de la terra i treballant per a un \u00fas eficient de l\u2019aigua!\",\"publisher\":{\"@id\":\"https:\\\/\\\/saiga.es\\\/es\\\/#organization\"},\"potentialAction\":[{\"@type\":\"SearchAction\",\"target\":{\"@type\":\"EntryPoint\",\"urlTemplate\":\"https:\\\/\\\/saiga.es\\\/es\\\/?s={search_term_string}\"},\"query-input\":{\"@type\":\"PropertyValueSpecification\",\"valueRequired\":true,\"valueName\":\"search_term_string\"}}],\"inLanguage\":\"es\"},{\"@type\":\"Organization\",\"@id\":\"https:\\\/\\\/saiga.es\\\/es\\\/#organization\",\"name\":\"SAIGA\",\"url\":\"https:\\\/\\\/saiga.es\\\/es\\\/\",\"logo\":{\"@type\":\"ImageObject\",\"inLanguage\":\"es\",\"@id\":\"https:\\\/\\\/saiga.es\\\/es\\\/#\\\/schema\\\/logo\\\/image\\\/\",\"url\":\"https:\\\/\\\/saiga.es\\\/wp-content\\\/uploads\\\/2025\\\/07\\\/logo_saiga_baseline_optimitzat.svg\",\"contentUrl\":\"https:\\\/\\\/saiga.es\\\/wp-content\\\/uploads\\\/2025\\\/07\\\/logo_saiga_baseline_optimitzat.svg\",\"caption\":\"SAIGA\"},\"image\":{\"@id\":\"https:\\\/\\\/saiga.es\\\/es\\\/#\\\/schema\\\/logo\\\/image\\\/\"},\"sameAs\":[\"https:\\\/\\\/x.com\\\/saiga_agro\",\"https:\\\/\\\/www.instagram.com\\\/saiga_agro\\\/\"]}]}<\/script>\n<!-- \/ Yoast SEO plugin. -->","yoast_head_json":{"title":"Derivaci\u00f3n TE PE Tech line D17 marr\u00f3n | SAIGA","description":"Derivaci\u00f3n TE PE Tech line D17 marr\u00f3n. Componente utilizado en sistemas de tuber\u00edas para la distribuci\u00f3n de agua o l\u00edquidos en aplicaciones industriales, agr\u00edcolas o de fontaner\u00eda. Esta derivaci\u00f3n tiene la forma de una letra \"T\" y est\u00e1 fabricada en polietileno, un material pl\u00e1stico duradero y resistentes a la corrosi\u00f3n.","robots":{"index":"index","follow":"follow","max-snippet":"max-snippet:-1","max-image-preview":"max-image-preview:large","max-video-preview":"max-video-preview:-1"},"canonical":"https:\/\/saiga.es\/es\/producto\/derivacion-te-pe-tech-line-d17-marron\/","og_locale":"es_ES","og_type":"article","og_title":"Derivaci\u00f3n TE PE Tech line D17 marr\u00f3n | SAIGA","og_description":"Derivaci\u00f3n TE PE Tech line D17 marr\u00f3n. Componente utilizado en sistemas de tuber\u00edas para la distribuci\u00f3n de agua o l\u00edquidos en aplicaciones industriales, agr\u00edcolas o de fontaner\u00eda. Esta derivaci\u00f3n tiene la forma de una letra \"T\" y est\u00e1 fabricada en polietileno, un material pl\u00e1stico duradero y resistentes a la corrosi\u00f3n.","og_url":"https:\/\/saiga.es\/es\/producto\/derivacion-te-pe-tech-line-d17-marron\/","og_site_name":"SAIGA","article_modified_time":"2024-02-28T11:12:16+00:00","og_image":[{"width":400,"height":400,"url":"https:\/\/saiga.es\/wp-content\/uploads\/2024\/02\/Derivacio-T.jpg","type":"image\/jpeg"}],"twitter_card":"summary_large_image","twitter_site":"@saiga_agro","twitter_misc":{"Tiempo de lectura":"1 minuto"},"schema":{"@context":"https:\/\/schema.org","@graph":[{"@type":"WebPage","@id":"https:\/\/saiga.es\/es\/producto\/derivacion-te-pe-tech-line-d17-marron\/","url":"https:\/\/saiga.es\/es\/producto\/derivacion-te-pe-tech-line-d17-marron\/","name":"Derivaci\u00f3n TE PE Tech line D17 marr\u00f3n | SAIGA","isPartOf":{"@id":"https:\/\/saiga.es\/es\/#website"},"primaryImageOfPage":{"@id":"https:\/\/saiga.es\/es\/producto\/derivacion-te-pe-tech-line-d17-marron\/#primaryimage"},"image":{"@id":"https:\/\/saiga.es\/es\/producto\/derivacion-te-pe-tech-line-d17-marron\/#primaryimage"},"thumbnailUrl":"https:\/\/saiga.es\/wp-content\/uploads\/2024\/02\/Derivacio-T.jpg","datePublished":"2024-02-28T11:04:11+00:00","dateModified":"2024-02-28T11:12:16+00:00","description":"Derivaci\u00f3n TE PE Tech line D17 marr\u00f3n. Componente utilizado en sistemas de tuber\u00edas para la distribuci\u00f3n de agua o l\u00edquidos en aplicaciones industriales, agr\u00edcolas o de fontaner\u00eda. Esta derivaci\u00f3n tiene la forma de una letra \"T\" y est\u00e1 fabricada en polietileno, un material pl\u00e1stico duradero y resistentes a la corrosi\u00f3n.","breadcrumb":{"@id":"https:\/\/saiga.es\/es\/producto\/derivacion-te-pe-tech-line-d17-marron\/#breadcrumb"},"inLanguage":"es","potentialAction":[{"@type":"ReadAction","target":["https:\/\/saiga.es\/es\/producto\/derivacion-te-pe-tech-line-d17-marron\/"]}]},{"@type":"ImageObject","inLanguage":"es","@id":"https:\/\/saiga.es\/es\/producto\/derivacion-te-pe-tech-line-d17-marron\/#primaryimage","url":"https:\/\/saiga.es\/wp-content\/uploads\/2024\/02\/Derivacio-T.jpg","contentUrl":"https:\/\/saiga.es\/wp-content\/uploads\/2024\/02\/Derivacio-T.jpg","width":400,"height":400,"caption":"derivaci\u00f3n Te tech line 17"},{"@type":"BreadcrumbList","@id":"https:\/\/saiga.es\/es\/producto\/derivacion-te-pe-tech-line-d17-marron\/#breadcrumb","itemListElement":[{"@type":"ListItem","position":1,"name":"Inici","item":"https:\/\/saiga.es\/es\/"},{"@type":"ListItem","position":2,"name":"Tienda","item":"https:\/\/saiga.es\/es\/tienda\/"},{"@type":"ListItem","position":3,"name":"Derivaci\u00f3n TE PE Tech line D17 marr\u00f3n"}]},{"@type":"WebSite","@id":"https:\/\/saiga.es\/es\/#website","url":"https:\/\/saiga.es\/es\/","name":"SAIGA","description":"M\u00e9s de 50 anys al servei de la terra i treballant per a un \u00fas eficient de l\u2019aigua!","publisher":{"@id":"https:\/\/saiga.es\/es\/#organization"},"potentialAction":[{"@type":"SearchAction","target":{"@type":"EntryPoint","urlTemplate":"https:\/\/saiga.es\/es\/?s={search_term_string}"},"query-input":{"@type":"PropertyValueSpecification","valueRequired":true,"valueName":"search_term_string"}}],"inLanguage":"es"},{"@type":"Organization","@id":"https:\/\/saiga.es\/es\/#organization","name":"SAIGA","url":"https:\/\/saiga.es\/es\/","logo":{"@type":"ImageObject","inLanguage":"es","@id":"https:\/\/saiga.es\/es\/#\/schema\/logo\/image\/","url":"https:\/\/saiga.es\/wp-content\/uploads\/2025\/07\/logo_saiga_baseline_optimitzat.svg","contentUrl":"https:\/\/saiga.es\/wp-content\/uploads\/2025\/07\/logo_saiga_baseline_optimitzat.svg","caption":"SAIGA"},"image":{"@id":"https:\/\/saiga.es\/es\/#\/schema\/logo\/image\/"},"sameAs":["https:\/\/x.com\/saiga_agro","https:\/\/www.instagram.com\/saiga_agro\/"]}]}},"_links":{"self":[{"href":"https:\/\/saiga.es\/es\/wp-json\/wp\/v2\/product\/8247","targetHints":{"allow":["GET"]}}],"collection":[{"href":"https:\/\/saiga.es\/es\/wp-json\/wp\/v2\/product"}],"about":[{"href":"https:\/\/saiga.es\/es\/wp-json\/wp\/v2\/types\/product"}],"replies":[{"embeddable":true,"href":"https:\/\/saiga.es\/es\/wp-json\/wp\/v2\/comments?post=8247"}],"wp:featuredmedia":[{"embeddable":true,"href":"https:\/\/saiga.es\/es\/wp-json\/wp\/v2\/media\/8244"}],"wp:attachment":[{"href":"https:\/\/saiga.es\/es\/wp-json\/wp\/v2\/media?parent=8247"}],"wp:term":[{"taxonomy":"product_brand","embeddable":true,"href":"https:\/\/saiga.es\/es\/wp-json\/wp\/v2\/product_brand?post=8247"},{"taxonomy":"product_cat","embeddable":true,"href":"https:\/\/saiga.es\/es\/wp-json\/wp\/v2\/product_cat?post=8247"},{"taxonomy":"product_tag","embeddable":true,"href":"https:\/\/saiga.es\/es\/wp-json\/wp\/v2\/product_tag?post=8247"}],"curies":[{"name":"wp","href":"https:\/\/api.w.org\/{rel}","templated":true}]}}