{"id":8253,"date":"2024-02-28T11:23:00","date_gmt":"2024-02-28T11:23:00","guid":{"rendered":"https:\/\/botiga.saiga.es\/producte\/codo-pe-tech-line-d17-marron\/"},"modified":"2024-02-28T11:23:00","modified_gmt":"2024-02-28T11:23:00","slug":"codo-pe-tech-line-d17-marron","status":"publish","type":"product","link":"https:\/\/saiga.es\/es\/producto\/codo-pe-tech-line-d17-marron\/","title":{"rendered":"Codo PE Tech Line D17 marr\u00f3n"},"content":{"rendered":"<p>El codo de polietileno Tech Line de 17 mm de di\u00e1metro es un componente utilizado en sistemas de tuber\u00edas para la distribuci\u00f3n de agua u otros l\u00edquidos. Este codo tiene la forma de un \u00e1ngulo doble (90 grados) y est\u00e1 fabricado en polietileno, un material pl\u00e1stico duradero y resistentes a la corrosi\u00f3n.<\/p>\n<p>La funci\u00f3n principal de este codo es permitir un cambio de direcci\u00f3n de la tuber\u00eda con un \u00e1ngulo de 90 grados. Esto es \u00fatil cuando se necesita adaptar la trayectoria de una l\u00ednea de tuber\u00eda para pasar por obst\u00e1culos o ajustar su ruta en un sistema de distribuci\u00f3n.<\/p>\n<p>Los codos de polietileno son comunes en una gran variedad de aplicaciones, incluyendo sistemas de irrigaci\u00f3n agr\u00edcola, instalaciones de fontaner\u00eda residenciales e industriales, as\u00ed como otros sistemas de transporte de l\u00edquidos donde se requieren adaptaciones de direcci\u00f3n en las tuber\u00edas. Este tipo de codo es apreciado por su facilidad de instalaci\u00f3n, durabilidad y resistencia a la corrosi\u00f3n, lo que les hace una opci\u00f3n popular en diversas circunstancias.<\/p>\n","protected":false},"excerpt":{"rendered":"<p>El codo de polietileno Tech Line de 17 mm de di\u00e1metro es un componente utilizado en sistemas de tuber\u00edas para la distribuci\u00f3n de agua u otros l\u00edquidos. Este codo tiene la forma de un \u00e1ngulo doble (90 grados) y est\u00e1 fabricado en polietileno, un material pl\u00e1stico duradero y resistentes a la corrosi\u00f3n.<\/p>\n<p>La funci\u00f3n principal de este codo es permitir un cambio de direcci\u00f3n de la tuber\u00eda con un \u00e1ngulo de 90 grados. Esto es \u00fatil cuando se necesita adaptar la trayectoria de una l\u00ednea de tuber\u00eda para pasar por obst\u00e1culos o ajustar su ruta en un sistema de distribuci\u00f3n.<\/p>\n<p>Los codos de polietileno son comunes en una gran variedad de aplicaciones, incluyendo sistemas de irrigaci\u00f3n agr\u00edcola, instalaciones de fontaner\u00eda residenciales e industriales, as\u00ed como otros sistemas de transporte de l\u00edquidos donde se requieren adaptaciones de direcci\u00f3n en las tuber\u00edas. Este tipo de codo es apreciado por su facilidad de instalaci\u00f3n, durabilidad y resistencia a la corrosi\u00f3n, lo que les hace una opci\u00f3n popular en diversas circunstancias.<\/p>\n","protected":false},"featured_media":8251,"comment_status":"open","ping_status":"closed","template":"","meta":[],"product_brand":[],"product_cat":[2256],"product_tag":[242,234,1061,236,1089,205,217],"class_list":{"0":"post-8253","1":"product","2":"type-product","3":"status-publish","4":"has-post-thumbnail","6":"product_cat-accesorios-tubo-de-riego","7":"product_tag-accesorios-riego","8":"product_tag-codo","9":"product_tag-hidraulica-es","10":"product_tag-polietileno","11":"product_tag-rain-bird-es","12":"product_tag-riego","13":"product_tag-riego-automatico","15":"first","16":"instock","17":"taxable","18":"shipping-taxable","19":"purchasable","20":"product-type-simple"},"yoast_head":"<!-- This site is optimized with the Yoast SEO plugin v27.4 - https:\/\/yoast.com\/product\/yoast-seo-wordpress\/ -->\n<title>Codo PE Tech Line D17 marr\u00f3n | SAIGA<\/title>\n<meta name=\"description\" content=\"El codo de polietileno Tech Line de 17 mm de di\u00e1metro es un componente utilizado en sistemas de tuber\u00edas para la distribuci\u00f3n de agua u otros l\u00edquidos. Este codo tiene la forma de un \u00e1ngulo doble (90 grados) y est\u00e1 fabricado en polietileno, un material pl\u00e1stico duradero y resistentes a la corrosi\u00f3n.\" \/>\n<meta name=\"robots\" content=\"index, follow, max-snippet:-1, max-image-preview:large, max-video-preview:-1\" \/>\n<link rel=\"canonical\" href=\"https:\/\/saiga.es\/es\/producto\/codo-pe-tech-line-d17-marron\/\" \/>\n<meta property=\"og:locale\" content=\"es_ES\" \/>\n<meta property=\"og:type\" content=\"article\" \/>\n<meta property=\"og:title\" content=\"Codo PE Tech Line D17 marr\u00f3n | SAIGA\" \/>\n<meta property=\"og:description\" content=\"El codo de polietileno Tech Line de 17 mm de di\u00e1metro es un componente utilizado en sistemas de tuber\u00edas para la distribuci\u00f3n de agua u otros l\u00edquidos. Este codo tiene la forma de un \u00e1ngulo doble (90 grados) y est\u00e1 fabricado en polietileno, un material pl\u00e1stico duradero y resistentes a la corrosi\u00f3n.\" \/>\n<meta property=\"og:url\" content=\"https:\/\/saiga.es\/es\/producto\/codo-pe-tech-line-d17-marron\/\" \/>\n<meta property=\"og:site_name\" content=\"SAIGA\" \/>\n<meta property=\"og:image\" content=\"https:\/\/saiga.es\/wp-content\/uploads\/2024\/02\/Colze-PE.jpg\" \/>\n\t<meta property=\"og:image:width\" content=\"800\" \/>\n\t<meta property=\"og:image:height\" content=\"800\" \/>\n\t<meta property=\"og:image:type\" content=\"image\/jpeg\" \/>\n<meta name=\"twitter:card\" content=\"summary_large_image\" \/>\n<meta name=\"twitter:site\" content=\"@saiga_agro\" \/>\n<meta name=\"twitter:label1\" content=\"Tiempo de lectura\" \/>\n\t<meta name=\"twitter:data1\" content=\"1 minuto\" \/>\n<script type=\"application\/ld+json\" class=\"yoast-schema-graph\">{\"@context\":\"https:\\\/\\\/schema.org\",\"@graph\":[{\"@type\":\"WebPage\",\"@id\":\"https:\\\/\\\/saiga.es\\\/es\\\/producto\\\/codo-pe-tech-line-d17-marron\\\/\",\"url\":\"https:\\\/\\\/saiga.es\\\/es\\\/producto\\\/codo-pe-tech-line-d17-marron\\\/\",\"name\":\"Codo PE Tech Line D17 marr\u00f3n | SAIGA\",\"isPartOf\":{\"@id\":\"https:\\\/\\\/saiga.es\\\/es\\\/#website\"},\"primaryImageOfPage\":{\"@id\":\"https:\\\/\\\/saiga.es\\\/es\\\/producto\\\/codo-pe-tech-line-d17-marron\\\/#primaryimage\"},\"image\":{\"@id\":\"https:\\\/\\\/saiga.es\\\/es\\\/producto\\\/codo-pe-tech-line-d17-marron\\\/#primaryimage\"},\"thumbnailUrl\":\"https:\\\/\\\/saiga.es\\\/wp-content\\\/uploads\\\/2024\\\/02\\\/Colze-PE.jpg\",\"datePublished\":\"2024-02-28T11:23:00+00:00\",\"description\":\"El codo de polietileno Tech Line de 17 mm de di\u00e1metro es un componente utilizado en sistemas de tuber\u00edas para la distribuci\u00f3n de agua u otros l\u00edquidos. Este codo tiene la forma de un \u00e1ngulo doble (90 grados) y est\u00e1 fabricado en polietileno, un material pl\u00e1stico duradero y resistentes a la corrosi\u00f3n.\",\"breadcrumb\":{\"@id\":\"https:\\\/\\\/saiga.es\\\/es\\\/producto\\\/codo-pe-tech-line-d17-marron\\\/#breadcrumb\"},\"inLanguage\":\"es\",\"potentialAction\":[{\"@type\":\"ReadAction\",\"target\":[\"https:\\\/\\\/saiga.es\\\/es\\\/producto\\\/codo-pe-tech-line-d17-marron\\\/\"]}]},{\"@type\":\"ImageObject\",\"inLanguage\":\"es\",\"@id\":\"https:\\\/\\\/saiga.es\\\/es\\\/producto\\\/codo-pe-tech-line-d17-marron\\\/#primaryimage\",\"url\":\"https:\\\/\\\/saiga.es\\\/wp-content\\\/uploads\\\/2024\\\/02\\\/Colze-PE.jpg\",\"contentUrl\":\"https:\\\/\\\/saiga.es\\\/wp-content\\\/uploads\\\/2024\\\/02\\\/Colze-PE.jpg\",\"width\":800,\"height\":800,\"caption\":\"Codo PE Tech line\"},{\"@type\":\"BreadcrumbList\",\"@id\":\"https:\\\/\\\/saiga.es\\\/es\\\/producto\\\/codo-pe-tech-line-d17-marron\\\/#breadcrumb\",\"itemListElement\":[{\"@type\":\"ListItem\",\"position\":1,\"name\":\"Inici\",\"item\":\"https:\\\/\\\/saiga.es\\\/es\\\/\"},{\"@type\":\"ListItem\",\"position\":2,\"name\":\"Tienda\",\"item\":\"https:\\\/\\\/saiga.es\\\/es\\\/tienda\\\/\"},{\"@type\":\"ListItem\",\"position\":3,\"name\":\"Codo PE Tech Line D17 marr\u00f3n\"}]},{\"@type\":\"WebSite\",\"@id\":\"https:\\\/\\\/saiga.es\\\/es\\\/#website\",\"url\":\"https:\\\/\\\/saiga.es\\\/es\\\/\",\"name\":\"SAIGA\",\"description\":\"M\u00e9s de 50 anys al servei de la terra i treballant per a un \u00fas eficient de l\u2019aigua!\",\"publisher\":{\"@id\":\"https:\\\/\\\/saiga.es\\\/es\\\/#organization\"},\"potentialAction\":[{\"@type\":\"SearchAction\",\"target\":{\"@type\":\"EntryPoint\",\"urlTemplate\":\"https:\\\/\\\/saiga.es\\\/es\\\/?s={search_term_string}\"},\"query-input\":{\"@type\":\"PropertyValueSpecification\",\"valueRequired\":true,\"valueName\":\"search_term_string\"}}],\"inLanguage\":\"es\"},{\"@type\":\"Organization\",\"@id\":\"https:\\\/\\\/saiga.es\\\/es\\\/#organization\",\"name\":\"SAIGA\",\"url\":\"https:\\\/\\\/saiga.es\\\/es\\\/\",\"logo\":{\"@type\":\"ImageObject\",\"inLanguage\":\"es\",\"@id\":\"https:\\\/\\\/saiga.es\\\/es\\\/#\\\/schema\\\/logo\\\/image\\\/\",\"url\":\"https:\\\/\\\/saiga.es\\\/wp-content\\\/uploads\\\/2025\\\/07\\\/logo_saiga_baseline_optimitzat.svg\",\"contentUrl\":\"https:\\\/\\\/saiga.es\\\/wp-content\\\/uploads\\\/2025\\\/07\\\/logo_saiga_baseline_optimitzat.svg\",\"caption\":\"SAIGA\"},\"image\":{\"@id\":\"https:\\\/\\\/saiga.es\\\/es\\\/#\\\/schema\\\/logo\\\/image\\\/\"},\"sameAs\":[\"https:\\\/\\\/x.com\\\/saiga_agro\",\"https:\\\/\\\/www.instagram.com\\\/saiga_agro\\\/\"]}]}<\/script>\n<!-- \/ Yoast SEO plugin. -->","yoast_head_json":{"title":"Codo PE Tech Line D17 marr\u00f3n | SAIGA","description":"El codo de polietileno Tech Line de 17 mm de di\u00e1metro es un componente utilizado en sistemas de tuber\u00edas para la distribuci\u00f3n de agua u otros l\u00edquidos. Este codo tiene la forma de un \u00e1ngulo doble (90 grados) y est\u00e1 fabricado en polietileno, un material pl\u00e1stico duradero y resistentes a la corrosi\u00f3n.","robots":{"index":"index","follow":"follow","max-snippet":"max-snippet:-1","max-image-preview":"max-image-preview:large","max-video-preview":"max-video-preview:-1"},"canonical":"https:\/\/saiga.es\/es\/producto\/codo-pe-tech-line-d17-marron\/","og_locale":"es_ES","og_type":"article","og_title":"Codo PE Tech Line D17 marr\u00f3n | SAIGA","og_description":"El codo de polietileno Tech Line de 17 mm de di\u00e1metro es un componente utilizado en sistemas de tuber\u00edas para la distribuci\u00f3n de agua u otros l\u00edquidos. Este codo tiene la forma de un \u00e1ngulo doble (90 grados) y est\u00e1 fabricado en polietileno, un material pl\u00e1stico duradero y resistentes a la corrosi\u00f3n.","og_url":"https:\/\/saiga.es\/es\/producto\/codo-pe-tech-line-d17-marron\/","og_site_name":"SAIGA","og_image":[{"width":800,"height":800,"url":"https:\/\/saiga.es\/wp-content\/uploads\/2024\/02\/Colze-PE.jpg","type":"image\/jpeg"}],"twitter_card":"summary_large_image","twitter_site":"@saiga_agro","twitter_misc":{"Tiempo de lectura":"1 minuto"},"schema":{"@context":"https:\/\/schema.org","@graph":[{"@type":"WebPage","@id":"https:\/\/saiga.es\/es\/producto\/codo-pe-tech-line-d17-marron\/","url":"https:\/\/saiga.es\/es\/producto\/codo-pe-tech-line-d17-marron\/","name":"Codo PE Tech Line D17 marr\u00f3n | SAIGA","isPartOf":{"@id":"https:\/\/saiga.es\/es\/#website"},"primaryImageOfPage":{"@id":"https:\/\/saiga.es\/es\/producto\/codo-pe-tech-line-d17-marron\/#primaryimage"},"image":{"@id":"https:\/\/saiga.es\/es\/producto\/codo-pe-tech-line-d17-marron\/#primaryimage"},"thumbnailUrl":"https:\/\/saiga.es\/wp-content\/uploads\/2024\/02\/Colze-PE.jpg","datePublished":"2024-02-28T11:23:00+00:00","description":"El codo de polietileno Tech Line de 17 mm de di\u00e1metro es un componente utilizado en sistemas de tuber\u00edas para la distribuci\u00f3n de agua u otros l\u00edquidos. Este codo tiene la forma de un \u00e1ngulo doble (90 grados) y est\u00e1 fabricado en polietileno, un material pl\u00e1stico duradero y resistentes a la corrosi\u00f3n.","breadcrumb":{"@id":"https:\/\/saiga.es\/es\/producto\/codo-pe-tech-line-d17-marron\/#breadcrumb"},"inLanguage":"es","potentialAction":[{"@type":"ReadAction","target":["https:\/\/saiga.es\/es\/producto\/codo-pe-tech-line-d17-marron\/"]}]},{"@type":"ImageObject","inLanguage":"es","@id":"https:\/\/saiga.es\/es\/producto\/codo-pe-tech-line-d17-marron\/#primaryimage","url":"https:\/\/saiga.es\/wp-content\/uploads\/2024\/02\/Colze-PE.jpg","contentUrl":"https:\/\/saiga.es\/wp-content\/uploads\/2024\/02\/Colze-PE.jpg","width":800,"height":800,"caption":"Codo PE Tech line"},{"@type":"BreadcrumbList","@id":"https:\/\/saiga.es\/es\/producto\/codo-pe-tech-line-d17-marron\/#breadcrumb","itemListElement":[{"@type":"ListItem","position":1,"name":"Inici","item":"https:\/\/saiga.es\/es\/"},{"@type":"ListItem","position":2,"name":"Tienda","item":"https:\/\/saiga.es\/es\/tienda\/"},{"@type":"ListItem","position":3,"name":"Codo PE Tech Line D17 marr\u00f3n"}]},{"@type":"WebSite","@id":"https:\/\/saiga.es\/es\/#website","url":"https:\/\/saiga.es\/es\/","name":"SAIGA","description":"M\u00e9s de 50 anys al servei de la terra i treballant per a un \u00fas eficient de l\u2019aigua!","publisher":{"@id":"https:\/\/saiga.es\/es\/#organization"},"potentialAction":[{"@type":"SearchAction","target":{"@type":"EntryPoint","urlTemplate":"https:\/\/saiga.es\/es\/?s={search_term_string}"},"query-input":{"@type":"PropertyValueSpecification","valueRequired":true,"valueName":"search_term_string"}}],"inLanguage":"es"},{"@type":"Organization","@id":"https:\/\/saiga.es\/es\/#organization","name":"SAIGA","url":"https:\/\/saiga.es\/es\/","logo":{"@type":"ImageObject","inLanguage":"es","@id":"https:\/\/saiga.es\/es\/#\/schema\/logo\/image\/","url":"https:\/\/saiga.es\/wp-content\/uploads\/2025\/07\/logo_saiga_baseline_optimitzat.svg","contentUrl":"https:\/\/saiga.es\/wp-content\/uploads\/2025\/07\/logo_saiga_baseline_optimitzat.svg","caption":"SAIGA"},"image":{"@id":"https:\/\/saiga.es\/es\/#\/schema\/logo\/image\/"},"sameAs":["https:\/\/x.com\/saiga_agro","https:\/\/www.instagram.com\/saiga_agro\/"]}]}},"_links":{"self":[{"href":"https:\/\/saiga.es\/es\/wp-json\/wp\/v2\/product\/8253","targetHints":{"allow":["GET"]}}],"collection":[{"href":"https:\/\/saiga.es\/es\/wp-json\/wp\/v2\/product"}],"about":[{"href":"https:\/\/saiga.es\/es\/wp-json\/wp\/v2\/types\/product"}],"replies":[{"embeddable":true,"href":"https:\/\/saiga.es\/es\/wp-json\/wp\/v2\/comments?post=8253"}],"wp:featuredmedia":[{"embeddable":true,"href":"https:\/\/saiga.es\/es\/wp-json\/wp\/v2\/media\/8251"}],"wp:attachment":[{"href":"https:\/\/saiga.es\/es\/wp-json\/wp\/v2\/media?parent=8253"}],"wp:term":[{"taxonomy":"product_brand","embeddable":true,"href":"https:\/\/saiga.es\/es\/wp-json\/wp\/v2\/product_brand?post=8253"},{"taxonomy":"product_cat","embeddable":true,"href":"https:\/\/saiga.es\/es\/wp-json\/wp\/v2\/product_cat?post=8253"},{"taxonomy":"product_tag","embeddable":true,"href":"https:\/\/saiga.es\/es\/wp-json\/wp\/v2\/product_tag?post=8253"}],"curies":[{"name":"wp","href":"https:\/\/api.w.org\/{rel}","templated":true}]}}