{"id":8262,"date":"2024-02-28T11:43:24","date_gmt":"2024-02-28T11:43:24","guid":{"rendered":"https:\/\/botiga.saiga.es\/producte\/tapon-pe-d-16-anilla\/"},"modified":"2025-06-06T15:09:17","modified_gmt":"2025-06-06T15:09:17","slug":"tapon-pe-d-16-anilla","status":"publish","type":"product","link":"https:\/\/saiga.es\/es\/producto\/tapon-pe-d-16-anilla\/","title":{"rendered":"Tap\u00f3n PE D 16 anilla"},"content":{"rendered":"<p>Tap\u00f3n PE D 16 anilla. Tap\u00f3n utilizado en sistemas de tuber\u00eda de polietileno (PE) con un di\u00e1metro de 16 mm. Este tap\u00f3n tiene un eslab\u00f3n, que puede ser una junta t\u00f3rica u otro tipo de sello, que proporciona una conexi\u00f3n estanca cuando se coloca el tap\u00f3n en la tuber\u00eda.<\/p>\n<p>La funci\u00f3n principal de este tap\u00f3n es cerrar herm\u00e9ticamente una tuber\u00eda de polietileno de 16 mm de di\u00e1metro. Se utiliza cuando se necesita cerrar una l\u00ednea de tuber\u00eda temporal o permanentemente, como en situaciones en las que se realizan reparaciones, mantenimiento o cuando una secci\u00f3n de la tuber\u00eda ya no es necesaria.<\/p>\n<p>Estos tapones son importantes para garantizar que el sistema de tuber\u00edas mantenga su integridad estructural y evite p\u00e9rdidas o fugas de agua o l\u00edquido. Su anilla proporciona una junta estanca que ayuda a prevenir escapes o escapes en la tuber\u00eda donde se instala el tap\u00f3n.<\/p>\n","protected":false},"excerpt":{"rendered":"<p>Tap\u00f3n PE D 16 anilla. Tap\u00f3n utilizado en sistemas de tuber\u00eda de polietileno (PE) con un di\u00e1metro de 16 mm. Este tap\u00f3n tiene un eslab\u00f3n, que puede ser una junta t\u00f3rica u otro tipo de sello, que proporciona una conexi\u00f3n estanca cuando se coloca el tap\u00f3n en la tuber\u00eda.<\/p>\n<p>La funci\u00f3n principal de este tap\u00f3n es cerrar herm\u00e9ticamente una tuber\u00eda de polietileno de 16 mm de di\u00e1metro. Se utiliza cuando se necesita cerrar una l\u00ednea de tuber\u00eda temporal o permanentemente, como en situaciones en las que se realizan reparaciones, mantenimiento o cuando una secci\u00f3n de la tuber\u00eda ya no es necesaria.<\/p>\n<p>Estos tapones son importantes para garantizar que el sistema de tuber\u00edas mantenga su integridad estructural y evite p\u00e9rdidas o fugas de agua o l\u00edquido. Su anilla proporciona una junta estanca que ayuda a prevenir escapes o escapes en la tuber\u00eda donde se instala el tap\u00f3n.<\/p>\n","protected":false},"featured_media":8260,"comment_status":"closed","ping_status":"closed","template":"","meta":[],"product_brand":[],"product_cat":[1446],"product_tag":[1083,242,1087,236,217],"class_list":{"0":"post-8262","1":"product","2":"type-product","3":"status-publish","4":"has-post-thumbnail","6":"product_cat-tubos-de-riego-i-accessorios","7":"product_tag-accesorios","8":"product_tag-accesorios-riego","9":"product_tag-anilla","10":"product_tag-polietileno","11":"product_tag-riego-automatico","13":"first","14":"instock","15":"taxable","16":"shipping-taxable","17":"purchasable","18":"product-type-simple"},"yoast_head":"<!-- This site is optimized with the Yoast SEO plugin v27.4 - https:\/\/yoast.com\/product\/yoast-seo-wordpress\/ -->\n<title>Tap\u00f3n PE D 16 anilla | SAIGA<\/title>\n<meta name=\"description\" content=\"Tap\u00f3n PE D 16 anilla. Tap\u00f3n utilizado en sistemas de tuber\u00eda de polietileno (PE) con un di\u00e1metro de 16 mm. Este tap\u00f3n tiene un eslab\u00f3n, que puede ser una junta t\u00f3rica u otro tipo de sello, que proporciona una conexi\u00f3n estanca cuando se coloca el tap\u00f3n en la tuber\u00eda.\" \/>\n<meta name=\"robots\" content=\"index, follow, max-snippet:-1, max-image-preview:large, max-video-preview:-1\" \/>\n<link rel=\"canonical\" href=\"https:\/\/saiga.es\/es\/producto\/tapon-pe-d-16-anilla\/\" \/>\n<meta property=\"og:locale\" content=\"es_ES\" \/>\n<meta property=\"og:type\" content=\"article\" \/>\n<meta property=\"og:title\" content=\"Tap\u00f3n PE D 16 anilla | SAIGA\" \/>\n<meta property=\"og:description\" content=\"Tap\u00f3n PE D 16 anilla. Tap\u00f3n utilizado en sistemas de tuber\u00eda de polietileno (PE) con un di\u00e1metro de 16 mm. Este tap\u00f3n tiene un eslab\u00f3n, que puede ser una junta t\u00f3rica u otro tipo de sello, que proporciona una conexi\u00f3n estanca cuando se coloca el tap\u00f3n en la tuber\u00eda.\" \/>\n<meta property=\"og:url\" content=\"https:\/\/saiga.es\/es\/producto\/tapon-pe-d-16-anilla\/\" \/>\n<meta property=\"og:site_name\" content=\"SAIGA\" \/>\n<meta property=\"article:modified_time\" content=\"2025-06-06T15:09:17+00:00\" \/>\n<meta property=\"og:image\" content=\"https:\/\/saiga.es\/wp-content\/uploads\/2024\/02\/Tap-PE-2.jpg\" \/>\n\t<meta property=\"og:image:width\" content=\"800\" \/>\n\t<meta property=\"og:image:height\" content=\"800\" \/>\n\t<meta property=\"og:image:type\" content=\"image\/jpeg\" \/>\n<meta name=\"twitter:card\" content=\"summary_large_image\" \/>\n<meta name=\"twitter:site\" content=\"@saiga_agro\" \/>\n<meta name=\"twitter:label1\" content=\"Tiempo de lectura\" \/>\n\t<meta name=\"twitter:data1\" content=\"1 minuto\" \/>\n<script type=\"application\/ld+json\" class=\"yoast-schema-graph\">{\"@context\":\"https:\\\/\\\/schema.org\",\"@graph\":[{\"@type\":\"WebPage\",\"@id\":\"https:\\\/\\\/saiga.es\\\/es\\\/producto\\\/tapon-pe-d-16-anilla\\\/\",\"url\":\"https:\\\/\\\/saiga.es\\\/es\\\/producto\\\/tapon-pe-d-16-anilla\\\/\",\"name\":\"Tap\u00f3n PE D 16 anilla | SAIGA\",\"isPartOf\":{\"@id\":\"https:\\\/\\\/saiga.es\\\/es\\\/#website\"},\"primaryImageOfPage\":{\"@id\":\"https:\\\/\\\/saiga.es\\\/es\\\/producto\\\/tapon-pe-d-16-anilla\\\/#primaryimage\"},\"image\":{\"@id\":\"https:\\\/\\\/saiga.es\\\/es\\\/producto\\\/tapon-pe-d-16-anilla\\\/#primaryimage\"},\"thumbnailUrl\":\"https:\\\/\\\/saiga.es\\\/wp-content\\\/uploads\\\/2024\\\/02\\\/Tap-PE-2.jpg\",\"datePublished\":\"2024-02-28T11:43:24+00:00\",\"dateModified\":\"2025-06-06T15:09:17+00:00\",\"description\":\"Tap\u00f3n PE D 16 anilla. Tap\u00f3n utilizado en sistemas de tuber\u00eda de polietileno (PE) con un di\u00e1metro de 16 mm. Este tap\u00f3n tiene un eslab\u00f3n, que puede ser una junta t\u00f3rica u otro tipo de sello, que proporciona una conexi\u00f3n estanca cuando se coloca el tap\u00f3n en la tuber\u00eda.\",\"breadcrumb\":{\"@id\":\"https:\\\/\\\/saiga.es\\\/es\\\/producto\\\/tapon-pe-d-16-anilla\\\/#breadcrumb\"},\"inLanguage\":\"es\",\"potentialAction\":[{\"@type\":\"ReadAction\",\"target\":[\"https:\\\/\\\/saiga.es\\\/es\\\/producto\\\/tapon-pe-d-16-anilla\\\/\"]}]},{\"@type\":\"ImageObject\",\"inLanguage\":\"es\",\"@id\":\"https:\\\/\\\/saiga.es\\\/es\\\/producto\\\/tapon-pe-d-16-anilla\\\/#primaryimage\",\"url\":\"https:\\\/\\\/saiga.es\\\/wp-content\\\/uploads\\\/2024\\\/02\\\/Tap-PE-2.jpg\",\"contentUrl\":\"https:\\\/\\\/saiga.es\\\/wp-content\\\/uploads\\\/2024\\\/02\\\/Tap-PE-2.jpg\",\"width\":800,\"height\":800,\"caption\":\"Tap\u00f3n PE D 16\"},{\"@type\":\"BreadcrumbList\",\"@id\":\"https:\\\/\\\/saiga.es\\\/es\\\/producto\\\/tapon-pe-d-16-anilla\\\/#breadcrumb\",\"itemListElement\":[{\"@type\":\"ListItem\",\"position\":1,\"name\":\"Inici\",\"item\":\"https:\\\/\\\/saiga.es\\\/es\\\/\"},{\"@type\":\"ListItem\",\"position\":2,\"name\":\"Tienda\",\"item\":\"https:\\\/\\\/saiga.es\\\/es\\\/tienda\\\/\"},{\"@type\":\"ListItem\",\"position\":3,\"name\":\"Tap\u00f3n PE D 16 anilla\"}]},{\"@type\":\"WebSite\",\"@id\":\"https:\\\/\\\/saiga.es\\\/es\\\/#website\",\"url\":\"https:\\\/\\\/saiga.es\\\/es\\\/\",\"name\":\"SAIGA\",\"description\":\"M\u00e9s de 50 anys al servei de la terra i treballant per a un \u00fas eficient de l\u2019aigua!\",\"publisher\":{\"@id\":\"https:\\\/\\\/saiga.es\\\/es\\\/#organization\"},\"potentialAction\":[{\"@type\":\"SearchAction\",\"target\":{\"@type\":\"EntryPoint\",\"urlTemplate\":\"https:\\\/\\\/saiga.es\\\/es\\\/?s={search_term_string}\"},\"query-input\":{\"@type\":\"PropertyValueSpecification\",\"valueRequired\":true,\"valueName\":\"search_term_string\"}}],\"inLanguage\":\"es\"},{\"@type\":\"Organization\",\"@id\":\"https:\\\/\\\/saiga.es\\\/es\\\/#organization\",\"name\":\"SAIGA\",\"url\":\"https:\\\/\\\/saiga.es\\\/es\\\/\",\"logo\":{\"@type\":\"ImageObject\",\"inLanguage\":\"es\",\"@id\":\"https:\\\/\\\/saiga.es\\\/es\\\/#\\\/schema\\\/logo\\\/image\\\/\",\"url\":\"https:\\\/\\\/saiga.es\\\/wp-content\\\/uploads\\\/2025\\\/07\\\/logo_saiga_baseline_optimitzat.svg\",\"contentUrl\":\"https:\\\/\\\/saiga.es\\\/wp-content\\\/uploads\\\/2025\\\/07\\\/logo_saiga_baseline_optimitzat.svg\",\"caption\":\"SAIGA\"},\"image\":{\"@id\":\"https:\\\/\\\/saiga.es\\\/es\\\/#\\\/schema\\\/logo\\\/image\\\/\"},\"sameAs\":[\"https:\\\/\\\/x.com\\\/saiga_agro\",\"https:\\\/\\\/www.instagram.com\\\/saiga_agro\\\/\"]}]}<\/script>\n<!-- \/ Yoast SEO plugin. -->","yoast_head_json":{"title":"Tap\u00f3n PE D 16 anilla | SAIGA","description":"Tap\u00f3n PE D 16 anilla. Tap\u00f3n utilizado en sistemas de tuber\u00eda de polietileno (PE) con un di\u00e1metro de 16 mm. Este tap\u00f3n tiene un eslab\u00f3n, que puede ser una junta t\u00f3rica u otro tipo de sello, que proporciona una conexi\u00f3n estanca cuando se coloca el tap\u00f3n en la tuber\u00eda.","robots":{"index":"index","follow":"follow","max-snippet":"max-snippet:-1","max-image-preview":"max-image-preview:large","max-video-preview":"max-video-preview:-1"},"canonical":"https:\/\/saiga.es\/es\/producto\/tapon-pe-d-16-anilla\/","og_locale":"es_ES","og_type":"article","og_title":"Tap\u00f3n PE D 16 anilla | SAIGA","og_description":"Tap\u00f3n PE D 16 anilla. Tap\u00f3n utilizado en sistemas de tuber\u00eda de polietileno (PE) con un di\u00e1metro de 16 mm. Este tap\u00f3n tiene un eslab\u00f3n, que puede ser una junta t\u00f3rica u otro tipo de sello, que proporciona una conexi\u00f3n estanca cuando se coloca el tap\u00f3n en la tuber\u00eda.","og_url":"https:\/\/saiga.es\/es\/producto\/tapon-pe-d-16-anilla\/","og_site_name":"SAIGA","article_modified_time":"2025-06-06T15:09:17+00:00","og_image":[{"width":800,"height":800,"url":"https:\/\/saiga.es\/wp-content\/uploads\/2024\/02\/Tap-PE-2.jpg","type":"image\/jpeg"}],"twitter_card":"summary_large_image","twitter_site":"@saiga_agro","twitter_misc":{"Tiempo de lectura":"1 minuto"},"schema":{"@context":"https:\/\/schema.org","@graph":[{"@type":"WebPage","@id":"https:\/\/saiga.es\/es\/producto\/tapon-pe-d-16-anilla\/","url":"https:\/\/saiga.es\/es\/producto\/tapon-pe-d-16-anilla\/","name":"Tap\u00f3n PE D 16 anilla | SAIGA","isPartOf":{"@id":"https:\/\/saiga.es\/es\/#website"},"primaryImageOfPage":{"@id":"https:\/\/saiga.es\/es\/producto\/tapon-pe-d-16-anilla\/#primaryimage"},"image":{"@id":"https:\/\/saiga.es\/es\/producto\/tapon-pe-d-16-anilla\/#primaryimage"},"thumbnailUrl":"https:\/\/saiga.es\/wp-content\/uploads\/2024\/02\/Tap-PE-2.jpg","datePublished":"2024-02-28T11:43:24+00:00","dateModified":"2025-06-06T15:09:17+00:00","description":"Tap\u00f3n PE D 16 anilla. Tap\u00f3n utilizado en sistemas de tuber\u00eda de polietileno (PE) con un di\u00e1metro de 16 mm. Este tap\u00f3n tiene un eslab\u00f3n, que puede ser una junta t\u00f3rica u otro tipo de sello, que proporciona una conexi\u00f3n estanca cuando se coloca el tap\u00f3n en la tuber\u00eda.","breadcrumb":{"@id":"https:\/\/saiga.es\/es\/producto\/tapon-pe-d-16-anilla\/#breadcrumb"},"inLanguage":"es","potentialAction":[{"@type":"ReadAction","target":["https:\/\/saiga.es\/es\/producto\/tapon-pe-d-16-anilla\/"]}]},{"@type":"ImageObject","inLanguage":"es","@id":"https:\/\/saiga.es\/es\/producto\/tapon-pe-d-16-anilla\/#primaryimage","url":"https:\/\/saiga.es\/wp-content\/uploads\/2024\/02\/Tap-PE-2.jpg","contentUrl":"https:\/\/saiga.es\/wp-content\/uploads\/2024\/02\/Tap-PE-2.jpg","width":800,"height":800,"caption":"Tap\u00f3n PE D 16"},{"@type":"BreadcrumbList","@id":"https:\/\/saiga.es\/es\/producto\/tapon-pe-d-16-anilla\/#breadcrumb","itemListElement":[{"@type":"ListItem","position":1,"name":"Inici","item":"https:\/\/saiga.es\/es\/"},{"@type":"ListItem","position":2,"name":"Tienda","item":"https:\/\/saiga.es\/es\/tienda\/"},{"@type":"ListItem","position":3,"name":"Tap\u00f3n PE D 16 anilla"}]},{"@type":"WebSite","@id":"https:\/\/saiga.es\/es\/#website","url":"https:\/\/saiga.es\/es\/","name":"SAIGA","description":"M\u00e9s de 50 anys al servei de la terra i treballant per a un \u00fas eficient de l\u2019aigua!","publisher":{"@id":"https:\/\/saiga.es\/es\/#organization"},"potentialAction":[{"@type":"SearchAction","target":{"@type":"EntryPoint","urlTemplate":"https:\/\/saiga.es\/es\/?s={search_term_string}"},"query-input":{"@type":"PropertyValueSpecification","valueRequired":true,"valueName":"search_term_string"}}],"inLanguage":"es"},{"@type":"Organization","@id":"https:\/\/saiga.es\/es\/#organization","name":"SAIGA","url":"https:\/\/saiga.es\/es\/","logo":{"@type":"ImageObject","inLanguage":"es","@id":"https:\/\/saiga.es\/es\/#\/schema\/logo\/image\/","url":"https:\/\/saiga.es\/wp-content\/uploads\/2025\/07\/logo_saiga_baseline_optimitzat.svg","contentUrl":"https:\/\/saiga.es\/wp-content\/uploads\/2025\/07\/logo_saiga_baseline_optimitzat.svg","caption":"SAIGA"},"image":{"@id":"https:\/\/saiga.es\/es\/#\/schema\/logo\/image\/"},"sameAs":["https:\/\/x.com\/saiga_agro","https:\/\/www.instagram.com\/saiga_agro\/"]}]}},"_links":{"self":[{"href":"https:\/\/saiga.es\/es\/wp-json\/wp\/v2\/product\/8262","targetHints":{"allow":["GET"]}}],"collection":[{"href":"https:\/\/saiga.es\/es\/wp-json\/wp\/v2\/product"}],"about":[{"href":"https:\/\/saiga.es\/es\/wp-json\/wp\/v2\/types\/product"}],"replies":[{"embeddable":true,"href":"https:\/\/saiga.es\/es\/wp-json\/wp\/v2\/comments?post=8262"}],"wp:featuredmedia":[{"embeddable":true,"href":"https:\/\/saiga.es\/es\/wp-json\/wp\/v2\/media\/8260"}],"wp:attachment":[{"href":"https:\/\/saiga.es\/es\/wp-json\/wp\/v2\/media?parent=8262"}],"wp:term":[{"taxonomy":"product_brand","embeddable":true,"href":"https:\/\/saiga.es\/es\/wp-json\/wp\/v2\/product_brand?post=8262"},{"taxonomy":"product_cat","embeddable":true,"href":"https:\/\/saiga.es\/es\/wp-json\/wp\/v2\/product_cat?post=8262"},{"taxonomy":"product_tag","embeddable":true,"href":"https:\/\/saiga.es\/es\/wp-json\/wp\/v2\/product_tag?post=8262"}],"curies":[{"name":"wp","href":"https:\/\/api.w.org\/{rel}","templated":true}]}}