{"id":8271,"date":"2024-02-28T12:08:39","date_gmt":"2024-02-28T12:08:39","guid":{"rendered":"https:\/\/botiga.saiga.es\/producte\/manguito-union-pe-tech-line-d-17\/"},"modified":"2024-05-22T13:02:13","modified_gmt":"2024-05-22T13:02:13","slug":"manguito-union-pe-tech-line-d-17","status":"publish","type":"product","link":"https:\/\/saiga.es\/es\/producto\/manguito-union-pe-tech-line-d-17\/","title":{"rendered":"Manguito uni\u00f3n PE Tech Line D 17"},"content":{"rendered":"<p>Manguito uni\u00f3n PE Tech Line D 17. Componente utilizado en sistemas de tuber\u00edas de polietileno (PE) con un di\u00e1metro de 17 mm. Esta manguita tiene la funci\u00f3n principal de unir dos tramos de tuber\u00eda de polietileno de 17 mm, permitiendo una conexi\u00f3n r\u00e1pida y segura entre ellos.<\/p>\n<p>La utilidad de una manguita de uni\u00f3n es fundamental para la construcci\u00f3n y el mantenimiento de sistemas de tuber\u00edas, ya que permiten establecer conexiones entre las diversas secciones de la tuber\u00eda sin necesidad de soldaduras o adhesivos especiales. Esto hace que el proceso de conexi\u00f3n sea mucho m\u00e1s sencillo y r\u00e1pido, reduciendo el tiempo y costes de la instalaci\u00f3n.<\/p>\n<p>Adem\u00e1s, las manguitas de uni\u00f3n tambi\u00e9n facilitan las reparaciones o modificaciones en el sistema de tuber\u00edas, ya que permiten desconectar y volver a conectar las secciones de tuber\u00eda sin da\u00f1os importantes. Esto es especialmente \u00fatil en situaciones de emergencia o en las que se requiera un cambio r\u00e1pido en la configuraci\u00f3n del sistema de tuber\u00edas.<\/p>\n<p>En resumen, la manguita de uni\u00f3n PE Tech Line D 17 es un componente esencial en la construcci\u00f3n y el mantenimiento de sistemas de tuber\u00edas de polietileno de 17 mm, ya que permite unir de manera eficiente y segura los tramos de tuber\u00eda, facilitando la instalaci\u00f3n ci\u00f3n, reparaciones y modificaciones en el sistema.<\/p>\n","protected":false},"excerpt":{"rendered":"<p>Manguito uni\u00f3n PE Tech Line D 17. Componente utilizado en sistemas de tuber\u00edas de polietileno (PE) con un di\u00e1metro de 17 mm. Esta manguita tiene la funci\u00f3n principal de unir dos tramos de tuber\u00eda de polietileno de 17 mm, permitiendo una conexi\u00f3n r\u00e1pida y segura entre ellos.<\/p>\n","protected":false},"featured_media":8269,"comment_status":"open","ping_status":"closed","template":"","meta":[],"product_brand":[],"product_cat":[2256],"product_tag":[242,1061,1089,205,217],"class_list":{"0":"post-8271","1":"product","2":"type-product","3":"status-publish","4":"has-post-thumbnail","6":"product_cat-accesorios-tubo-de-riego","7":"product_tag-accesorios-riego","8":"product_tag-hidraulica-es","9":"product_tag-rain-bird-es","10":"product_tag-riego","11":"product_tag-riego-automatico","13":"first","14":"instock","15":"taxable","16":"shipping-taxable","17":"purchasable","18":"product-type-simple"},"yoast_head":"<!-- This site is optimized with the Yoast SEO plugin v27.4 - https:\/\/yoast.com\/product\/yoast-seo-wordpress\/ -->\n<title>Manguito uni\u00f3n PE Tech Line D 17 | SAIGA<\/title>\n<meta name=\"description\" content=\"Manguito uni\u00f3n PE Tech Line D 17. Componente utilizado en sistemas de tuber\u00edas de polietileno (PE) con un di\u00e1metro de 17 mm. Esta manguita tiene la funci\u00f3n principal de unir dos tramos de tuber\u00eda de polietileno de 17 mm, permitiendo una conexi\u00f3n r\u00e1pida y segura entre ellos.\" \/>\n<meta name=\"robots\" content=\"index, follow, max-snippet:-1, max-image-preview:large, max-video-preview:-1\" \/>\n<link rel=\"canonical\" href=\"https:\/\/saiga.es\/es\/producto\/manguito-union-pe-tech-line-d-17\/\" \/>\n<meta property=\"og:locale\" content=\"es_ES\" \/>\n<meta property=\"og:type\" content=\"article\" \/>\n<meta property=\"og:title\" content=\"Manguito uni\u00f3n PE Tech Line D 17 | SAIGA\" \/>\n<meta property=\"og:description\" content=\"Manguito uni\u00f3n PE Tech Line D 17. Componente utilizado en sistemas de tuber\u00edas de polietileno (PE) con un di\u00e1metro de 17 mm. Esta manguita tiene la funci\u00f3n principal de unir dos tramos de tuber\u00eda de polietileno de 17 mm, permitiendo una conexi\u00f3n r\u00e1pida y segura entre ellos.\" \/>\n<meta property=\"og:url\" content=\"https:\/\/saiga.es\/es\/producto\/manguito-union-pe-tech-line-d-17\/\" \/>\n<meta property=\"og:site_name\" content=\"SAIGA\" \/>\n<meta property=\"article:modified_time\" content=\"2024-05-22T13:02:13+00:00\" \/>\n<meta property=\"og:image\" content=\"https:\/\/saiga.es\/wp-content\/uploads\/2024\/02\/Maniguet-Rain-Bird.jpg\" \/>\n\t<meta property=\"og:image:width\" content=\"800\" \/>\n\t<meta property=\"og:image:height\" content=\"800\" \/>\n\t<meta property=\"og:image:type\" content=\"image\/jpeg\" \/>\n<meta name=\"twitter:card\" content=\"summary_large_image\" \/>\n<meta name=\"twitter:site\" content=\"@saiga_agro\" \/>\n<meta name=\"twitter:label1\" content=\"Tiempo de lectura\" \/>\n\t<meta name=\"twitter:data1\" content=\"2 minutos\" \/>\n<script type=\"application\/ld+json\" class=\"yoast-schema-graph\">{\"@context\":\"https:\\\/\\\/schema.org\",\"@graph\":[{\"@type\":\"WebPage\",\"@id\":\"https:\\\/\\\/saiga.es\\\/es\\\/producto\\\/manguito-union-pe-tech-line-d-17\\\/\",\"url\":\"https:\\\/\\\/saiga.es\\\/es\\\/producto\\\/manguito-union-pe-tech-line-d-17\\\/\",\"name\":\"Manguito uni\u00f3n PE Tech Line D 17 | SAIGA\",\"isPartOf\":{\"@id\":\"https:\\\/\\\/saiga.es\\\/es\\\/#website\"},\"primaryImageOfPage\":{\"@id\":\"https:\\\/\\\/saiga.es\\\/es\\\/producto\\\/manguito-union-pe-tech-line-d-17\\\/#primaryimage\"},\"image\":{\"@id\":\"https:\\\/\\\/saiga.es\\\/es\\\/producto\\\/manguito-union-pe-tech-line-d-17\\\/#primaryimage\"},\"thumbnailUrl\":\"https:\\\/\\\/saiga.es\\\/wp-content\\\/uploads\\\/2024\\\/02\\\/Maniguet-Rain-Bird.jpg\",\"datePublished\":\"2024-02-28T12:08:39+00:00\",\"dateModified\":\"2024-05-22T13:02:13+00:00\",\"description\":\"Manguito uni\u00f3n PE Tech Line D 17. Componente utilizado en sistemas de tuber\u00edas de polietileno (PE) con un di\u00e1metro de 17 mm. Esta manguita tiene la funci\u00f3n principal de unir dos tramos de tuber\u00eda de polietileno de 17 mm, permitiendo una conexi\u00f3n r\u00e1pida y segura entre ellos.\",\"breadcrumb\":{\"@id\":\"https:\\\/\\\/saiga.es\\\/es\\\/producto\\\/manguito-union-pe-tech-line-d-17\\\/#breadcrumb\"},\"inLanguage\":\"es\",\"potentialAction\":[{\"@type\":\"ReadAction\",\"target\":[\"https:\\\/\\\/saiga.es\\\/es\\\/producto\\\/manguito-union-pe-tech-line-d-17\\\/\"]}]},{\"@type\":\"ImageObject\",\"inLanguage\":\"es\",\"@id\":\"https:\\\/\\\/saiga.es\\\/es\\\/producto\\\/manguito-union-pe-tech-line-d-17\\\/#primaryimage\",\"url\":\"https:\\\/\\\/saiga.es\\\/wp-content\\\/uploads\\\/2024\\\/02\\\/Maniguet-Rain-Bird.jpg\",\"contentUrl\":\"https:\\\/\\\/saiga.es\\\/wp-content\\\/uploads\\\/2024\\\/02\\\/Maniguet-Rain-Bird.jpg\",\"width\":800,\"height\":800,\"caption\":\"Manguito Uni\u00f3 PE\"},{\"@type\":\"BreadcrumbList\",\"@id\":\"https:\\\/\\\/saiga.es\\\/es\\\/producto\\\/manguito-union-pe-tech-line-d-17\\\/#breadcrumb\",\"itemListElement\":[{\"@type\":\"ListItem\",\"position\":1,\"name\":\"Inici\",\"item\":\"https:\\\/\\\/saiga.es\\\/es\\\/\"},{\"@type\":\"ListItem\",\"position\":2,\"name\":\"Tienda\",\"item\":\"https:\\\/\\\/saiga.es\\\/es\\\/tienda\\\/\"},{\"@type\":\"ListItem\",\"position\":3,\"name\":\"Manguito uni\u00f3n PE Tech Line D 17\"}]},{\"@type\":\"WebSite\",\"@id\":\"https:\\\/\\\/saiga.es\\\/es\\\/#website\",\"url\":\"https:\\\/\\\/saiga.es\\\/es\\\/\",\"name\":\"SAIGA\",\"description\":\"M\u00e9s de 50 anys al servei de la terra i treballant per a un \u00fas eficient de l\u2019aigua!\",\"publisher\":{\"@id\":\"https:\\\/\\\/saiga.es\\\/es\\\/#organization\"},\"potentialAction\":[{\"@type\":\"SearchAction\",\"target\":{\"@type\":\"EntryPoint\",\"urlTemplate\":\"https:\\\/\\\/saiga.es\\\/es\\\/?s={search_term_string}\"},\"query-input\":{\"@type\":\"PropertyValueSpecification\",\"valueRequired\":true,\"valueName\":\"search_term_string\"}}],\"inLanguage\":\"es\"},{\"@type\":\"Organization\",\"@id\":\"https:\\\/\\\/saiga.es\\\/es\\\/#organization\",\"name\":\"SAIGA\",\"url\":\"https:\\\/\\\/saiga.es\\\/es\\\/\",\"logo\":{\"@type\":\"ImageObject\",\"inLanguage\":\"es\",\"@id\":\"https:\\\/\\\/saiga.es\\\/es\\\/#\\\/schema\\\/logo\\\/image\\\/\",\"url\":\"https:\\\/\\\/saiga.es\\\/wp-content\\\/uploads\\\/2025\\\/07\\\/logo_saiga_baseline_optimitzat.svg\",\"contentUrl\":\"https:\\\/\\\/saiga.es\\\/wp-content\\\/uploads\\\/2025\\\/07\\\/logo_saiga_baseline_optimitzat.svg\",\"caption\":\"SAIGA\"},\"image\":{\"@id\":\"https:\\\/\\\/saiga.es\\\/es\\\/#\\\/schema\\\/logo\\\/image\\\/\"},\"sameAs\":[\"https:\\\/\\\/x.com\\\/saiga_agro\",\"https:\\\/\\\/www.instagram.com\\\/saiga_agro\\\/\"]}]}<\/script>\n<!-- \/ Yoast SEO plugin. -->","yoast_head_json":{"title":"Manguito uni\u00f3n PE Tech Line D 17 | SAIGA","description":"Manguito uni\u00f3n PE Tech Line D 17. Componente utilizado en sistemas de tuber\u00edas de polietileno (PE) con un di\u00e1metro de 17 mm. Esta manguita tiene la funci\u00f3n principal de unir dos tramos de tuber\u00eda de polietileno de 17 mm, permitiendo una conexi\u00f3n r\u00e1pida y segura entre ellos.","robots":{"index":"index","follow":"follow","max-snippet":"max-snippet:-1","max-image-preview":"max-image-preview:large","max-video-preview":"max-video-preview:-1"},"canonical":"https:\/\/saiga.es\/es\/producto\/manguito-union-pe-tech-line-d-17\/","og_locale":"es_ES","og_type":"article","og_title":"Manguito uni\u00f3n PE Tech Line D 17 | SAIGA","og_description":"Manguito uni\u00f3n PE Tech Line D 17. Componente utilizado en sistemas de tuber\u00edas de polietileno (PE) con un di\u00e1metro de 17 mm. Esta manguita tiene la funci\u00f3n principal de unir dos tramos de tuber\u00eda de polietileno de 17 mm, permitiendo una conexi\u00f3n r\u00e1pida y segura entre ellos.","og_url":"https:\/\/saiga.es\/es\/producto\/manguito-union-pe-tech-line-d-17\/","og_site_name":"SAIGA","article_modified_time":"2024-05-22T13:02:13+00:00","og_image":[{"width":800,"height":800,"url":"https:\/\/saiga.es\/wp-content\/uploads\/2024\/02\/Maniguet-Rain-Bird.jpg","type":"image\/jpeg"}],"twitter_card":"summary_large_image","twitter_site":"@saiga_agro","twitter_misc":{"Tiempo de lectura":"2 minutos"},"schema":{"@context":"https:\/\/schema.org","@graph":[{"@type":"WebPage","@id":"https:\/\/saiga.es\/es\/producto\/manguito-union-pe-tech-line-d-17\/","url":"https:\/\/saiga.es\/es\/producto\/manguito-union-pe-tech-line-d-17\/","name":"Manguito uni\u00f3n PE Tech Line D 17 | SAIGA","isPartOf":{"@id":"https:\/\/saiga.es\/es\/#website"},"primaryImageOfPage":{"@id":"https:\/\/saiga.es\/es\/producto\/manguito-union-pe-tech-line-d-17\/#primaryimage"},"image":{"@id":"https:\/\/saiga.es\/es\/producto\/manguito-union-pe-tech-line-d-17\/#primaryimage"},"thumbnailUrl":"https:\/\/saiga.es\/wp-content\/uploads\/2024\/02\/Maniguet-Rain-Bird.jpg","datePublished":"2024-02-28T12:08:39+00:00","dateModified":"2024-05-22T13:02:13+00:00","description":"Manguito uni\u00f3n PE Tech Line D 17. Componente utilizado en sistemas de tuber\u00edas de polietileno (PE) con un di\u00e1metro de 17 mm. Esta manguita tiene la funci\u00f3n principal de unir dos tramos de tuber\u00eda de polietileno de 17 mm, permitiendo una conexi\u00f3n r\u00e1pida y segura entre ellos.","breadcrumb":{"@id":"https:\/\/saiga.es\/es\/producto\/manguito-union-pe-tech-line-d-17\/#breadcrumb"},"inLanguage":"es","potentialAction":[{"@type":"ReadAction","target":["https:\/\/saiga.es\/es\/producto\/manguito-union-pe-tech-line-d-17\/"]}]},{"@type":"ImageObject","inLanguage":"es","@id":"https:\/\/saiga.es\/es\/producto\/manguito-union-pe-tech-line-d-17\/#primaryimage","url":"https:\/\/saiga.es\/wp-content\/uploads\/2024\/02\/Maniguet-Rain-Bird.jpg","contentUrl":"https:\/\/saiga.es\/wp-content\/uploads\/2024\/02\/Maniguet-Rain-Bird.jpg","width":800,"height":800,"caption":"Manguito Uni\u00f3 PE"},{"@type":"BreadcrumbList","@id":"https:\/\/saiga.es\/es\/producto\/manguito-union-pe-tech-line-d-17\/#breadcrumb","itemListElement":[{"@type":"ListItem","position":1,"name":"Inici","item":"https:\/\/saiga.es\/es\/"},{"@type":"ListItem","position":2,"name":"Tienda","item":"https:\/\/saiga.es\/es\/tienda\/"},{"@type":"ListItem","position":3,"name":"Manguito uni\u00f3n PE Tech Line D 17"}]},{"@type":"WebSite","@id":"https:\/\/saiga.es\/es\/#website","url":"https:\/\/saiga.es\/es\/","name":"SAIGA","description":"M\u00e9s de 50 anys al servei de la terra i treballant per a un \u00fas eficient de l\u2019aigua!","publisher":{"@id":"https:\/\/saiga.es\/es\/#organization"},"potentialAction":[{"@type":"SearchAction","target":{"@type":"EntryPoint","urlTemplate":"https:\/\/saiga.es\/es\/?s={search_term_string}"},"query-input":{"@type":"PropertyValueSpecification","valueRequired":true,"valueName":"search_term_string"}}],"inLanguage":"es"},{"@type":"Organization","@id":"https:\/\/saiga.es\/es\/#organization","name":"SAIGA","url":"https:\/\/saiga.es\/es\/","logo":{"@type":"ImageObject","inLanguage":"es","@id":"https:\/\/saiga.es\/es\/#\/schema\/logo\/image\/","url":"https:\/\/saiga.es\/wp-content\/uploads\/2025\/07\/logo_saiga_baseline_optimitzat.svg","contentUrl":"https:\/\/saiga.es\/wp-content\/uploads\/2025\/07\/logo_saiga_baseline_optimitzat.svg","caption":"SAIGA"},"image":{"@id":"https:\/\/saiga.es\/es\/#\/schema\/logo\/image\/"},"sameAs":["https:\/\/x.com\/saiga_agro","https:\/\/www.instagram.com\/saiga_agro\/"]}]}},"_links":{"self":[{"href":"https:\/\/saiga.es\/es\/wp-json\/wp\/v2\/product\/8271","targetHints":{"allow":["GET"]}}],"collection":[{"href":"https:\/\/saiga.es\/es\/wp-json\/wp\/v2\/product"}],"about":[{"href":"https:\/\/saiga.es\/es\/wp-json\/wp\/v2\/types\/product"}],"replies":[{"embeddable":true,"href":"https:\/\/saiga.es\/es\/wp-json\/wp\/v2\/comments?post=8271"}],"wp:featuredmedia":[{"embeddable":true,"href":"https:\/\/saiga.es\/es\/wp-json\/wp\/v2\/media\/8269"}],"wp:attachment":[{"href":"https:\/\/saiga.es\/es\/wp-json\/wp\/v2\/media?parent=8271"}],"wp:term":[{"taxonomy":"product_brand","embeddable":true,"href":"https:\/\/saiga.es\/es\/wp-json\/wp\/v2\/product_brand?post=8271"},{"taxonomy":"product_cat","embeddable":true,"href":"https:\/\/saiga.es\/es\/wp-json\/wp\/v2\/product_cat?post=8271"},{"taxonomy":"product_tag","embeddable":true,"href":"https:\/\/saiga.es\/es\/wp-json\/wp\/v2\/product_tag?post=8271"}],"curies":[{"name":"wp","href":"https:\/\/api.w.org\/{rel}","templated":true}]}}