{"id":8280,"date":"2024-02-28T12:21:03","date_gmt":"2024-02-28T12:21:03","guid":{"rendered":"https:\/\/botiga.saiga.es\/producte\/espiga-pe-tech-line-d17-x-1-2\/"},"modified":"2024-05-22T12:57:14","modified_gmt":"2024-05-22T12:57:14","slug":"espiga-pe-tech-line-d17-x-1-2","status":"publish","type":"product","link":"https:\/\/saiga.es\/es\/producto\/espiga-pe-tech-line-d17-x-1-2\/","title":{"rendered":"Espiga PE Tech Line D17 x 1\/2&#8243;"},"content":{"rendered":"<p>Espiga PE Tech Line D17 x 1\/2&#8243;. Componente utilizado en sistemas de tuber\u00edas de polietileno (PE) de 17 mm de di\u00e1metro. En este caso, la \u00abx 1\/2&#8243;\u00bb indica el tama\u00f1o de la tuerca de la conexi\u00f3n, que es de 1\/2 de pulgada (0.5&#8243;).<\/p>\n<div class=\"flex-1 overflow-hidden\">\n<div class=\"react-scroll-to-bottom--css-lccrk-79elbk h-full\">\n<div class=\"react-scroll-to-bottom--css-lccrk-1n7m0yu\">\n<div class=\"flex flex-col text-sm pb-9\">\n<div class=\"w-full text-token-text-primary\" data-testid=\"conversation-turn-15\">\n<div class=\"px-4 py-2 justify-center text-base md:gap-6 m-auto\">\n<div class=\"flex flex-1 text-base mx-auto gap-3 md:px-5 lg:px-1 xl:px-5 md:max-w-3xl lg:max-w-[40rem] xl:max-w-[48rem] group final-completion\">\n<div class=\"relative flex w-full flex-col agent-turn\">\n<div class=\"flex-col gap-1 md:gap-3\">\n<div class=\"flex flex-grow flex-col max-w-full\">\n<div class=\"min-h-[20px] text-message flex flex-col items-start gap-3 whitespace-pre-wrap break-words [.text-message+&amp;]:mt-5 overflow-x-auto\" data-message-author-role=\"assistant\" data-message-id=\"81f42bf9-e9cd-47eb-a5cc-9be82023f78b\">\n<div class=\"markdown prose w-full break-words dark:prose-invert light\">\n<p>La funci\u00f3n principal de una espiga es proporcionar una conexi\u00f3n entre una tuber\u00eda de polietileno y otro componente, tales como una v\u00e1lvula, un dispositivo de control de flujo o un adaptador. En este caso espec\u00edfico, una espiga PE Tech Line D17 x 1\/2&#8243;\u00bb se podr\u00eda utilizar para conectar una tuber\u00eda de polietileno de 17 mm a un componente con una tuerca de 1\/2 de pulgada.<\/p>\n<p>Esta conexi\u00f3n permite establecer una junta herm\u00e9tica entre la tuber\u00eda de polietileno y el componente al que se est\u00e1 conectando, garantizando una conexi\u00f3n segura y sin fugas. Las espigas son componentes esenciales en la construcci\u00f3n y el mantenimiento de sistemas de tuber\u00edas, ya que permiten adaptar las tuber\u00edas a diversas aplicaciones y componentes en el sistema de tuber\u00edas.<\/p>\n<\/div>\n<\/div>\n<\/div>\n<div class=\"mt-1 flex justify-start gap-3 empty:hidden\">\n<div class=\"text-gray-400 flex self-end lg:self-center justify-center lg:justify-start mt-0 -ml-1 h-7 visible\">\n<p>&nbsp;<\/p>\n<div class=\"flex items-center gap-1.5 text-xs\"><\/div>\n<div class=\"flex\"><\/div>\n<\/div>\n<\/div>\n<\/div>\n<div class=\"absolute\">\n<div class=\"flex w-full gap-2 items-center justify-center\"><\/div>\n<\/div>\n<\/div>\n<\/div>\n<\/div>\n<\/div>\n<\/div>\n<\/div>\n<\/div>\n<\/div>\n<div class=\"w-full pt-2 md:pt-0 dark:border-white\/20 md:border-transparent md:dark:border-transparent md:w-[calc(100%-.5rem)]\">\n<form class=\"stretch mx-2 flex flex-row gap-3 last:mb-2 md:mx-4 md:last:mb-6 lg:mx-auto lg:max-w-2xl xl:max-w-3xl\">\n<div class=\"relative flex h-full flex-1 flex-col\">\n<div class=\"flex w-full items-center\"><\/div>\n<\/div>\n<\/form>\n<\/div>\n","protected":false},"excerpt":{"rendered":"<p>Espiga PE Tech Line D17 x 1\/2&#8243;. Componente utilizado en sistemas de tuber\u00edas de polietileno (PE) de 17 mm de di\u00e1metro. En este caso, la \u00abx 1\/2&#8243;\u00bb indica el tama\u00f1o de la tuerca de la conexi\u00f3n, que es de 1\/2 de pulgada (0.5&#8243;).<\/p>\n","protected":false},"featured_media":8275,"comment_status":"closed","ping_status":"closed","template":"","meta":[],"product_brand":[],"product_cat":[2256],"product_tag":[242,1092,236,205,217],"class_list":{"0":"post-8280","1":"product","2":"type-product","3":"status-publish","4":"has-post-thumbnail","6":"product_cat-accesorios-tubo-de-riego","7":"product_tag-accesorios-riego","8":"product_tag-espiga-es","9":"product_tag-polietileno","10":"product_tag-riego","11":"product_tag-riego-automatico","13":"first","14":"instock","15":"taxable","16":"shipping-taxable","17":"purchasable","18":"product-type-simple"},"yoast_head":"<!-- This site is optimized with the Yoast SEO plugin v27.4 - https:\/\/yoast.com\/product\/yoast-seo-wordpress\/ -->\n<title>Espiga PE Tech Line D17 x 1\/2&quot; | SAIGA<\/title>\n<meta name=\"description\" content=\"Espiga PE Tech Line D17 x 1\/2&quot;. Componente utilizado en sistemas de tuber\u00edas de polietileno (PE) de 17 mm de di\u00e1metro. En este caso, la &quot;x 1\/2&quot;&quot; indica el tama\u00f1o de la tuerca de la conexi\u00f3n, que es de 1\/2 de pulgada (0.5&quot;).\" \/>\n<meta name=\"robots\" content=\"index, follow, max-snippet:-1, max-image-preview:large, max-video-preview:-1\" \/>\n<link rel=\"canonical\" href=\"https:\/\/saiga.es\/es\/producto\/espiga-pe-tech-line-d17-x-1-2\/\" \/>\n<meta property=\"og:locale\" content=\"es_ES\" \/>\n<meta property=\"og:type\" content=\"article\" \/>\n<meta property=\"og:title\" content=\"Espiga PE Tech Line D17 x 1\/2&quot; | SAIGA\" \/>\n<meta property=\"og:description\" content=\"Espiga PE Tech Line D17 x 1\/2&quot;. Componente utilizado en sistemas de tuber\u00edas de polietileno (PE) de 17 mm de di\u00e1metro. En este caso, la &quot;x 1\/2&quot;&quot; indica el tama\u00f1o de la tuerca de la conexi\u00f3n, que es de 1\/2 de pulgada (0.5&quot;).\" \/>\n<meta property=\"og:url\" content=\"https:\/\/saiga.es\/es\/producto\/espiga-pe-tech-line-d17-x-1-2\/\" \/>\n<meta property=\"og:site_name\" content=\"SAIGA\" \/>\n<meta property=\"article:modified_time\" content=\"2024-05-22T12:57:14+00:00\" \/>\n<meta property=\"og:image\" content=\"https:\/\/saiga.es\/wp-content\/uploads\/2024\/02\/Espiga-.jpg\" \/>\n\t<meta property=\"og:image:width\" content=\"800\" \/>\n\t<meta property=\"og:image:height\" content=\"800\" \/>\n\t<meta property=\"og:image:type\" content=\"image\/jpeg\" \/>\n<meta name=\"twitter:card\" content=\"summary_large_image\" \/>\n<meta name=\"twitter:site\" content=\"@saiga_agro\" \/>\n<meta name=\"twitter:label1\" content=\"Tiempo de lectura\" \/>\n\t<meta name=\"twitter:data1\" content=\"2 minutos\" \/>\n<script type=\"application\/ld+json\" class=\"yoast-schema-graph\">{\"@context\":\"https:\\\/\\\/schema.org\",\"@graph\":[{\"@type\":\"WebPage\",\"@id\":\"https:\\\/\\\/saiga.es\\\/es\\\/producto\\\/espiga-pe-tech-line-d17-x-1-2\\\/\",\"url\":\"https:\\\/\\\/saiga.es\\\/es\\\/producto\\\/espiga-pe-tech-line-d17-x-1-2\\\/\",\"name\":\"Espiga PE Tech Line D17 x 1\\\/2\\\" | SAIGA\",\"isPartOf\":{\"@id\":\"https:\\\/\\\/saiga.es\\\/es\\\/#website\"},\"primaryImageOfPage\":{\"@id\":\"https:\\\/\\\/saiga.es\\\/es\\\/producto\\\/espiga-pe-tech-line-d17-x-1-2\\\/#primaryimage\"},\"image\":{\"@id\":\"https:\\\/\\\/saiga.es\\\/es\\\/producto\\\/espiga-pe-tech-line-d17-x-1-2\\\/#primaryimage\"},\"thumbnailUrl\":\"https:\\\/\\\/saiga.es\\\/wp-content\\\/uploads\\\/2024\\\/02\\\/Espiga-.jpg\",\"datePublished\":\"2024-02-28T12:21:03+00:00\",\"dateModified\":\"2024-05-22T12:57:14+00:00\",\"description\":\"Espiga PE Tech Line D17 x 1\\\/2\\\". Componente utilizado en sistemas de tuber\u00edas de polietileno (PE) de 17 mm de di\u00e1metro. En este caso, la \\\"x 1\\\/2\\\"\\\" indica el tama\u00f1o de la tuerca de la conexi\u00f3n, que es de 1\\\/2 de pulgada (0.5\\\").\",\"breadcrumb\":{\"@id\":\"https:\\\/\\\/saiga.es\\\/es\\\/producto\\\/espiga-pe-tech-line-d17-x-1-2\\\/#breadcrumb\"},\"inLanguage\":\"es\",\"potentialAction\":[{\"@type\":\"ReadAction\",\"target\":[\"https:\\\/\\\/saiga.es\\\/es\\\/producto\\\/espiga-pe-tech-line-d17-x-1-2\\\/\"]}]},{\"@type\":\"ImageObject\",\"inLanguage\":\"es\",\"@id\":\"https:\\\/\\\/saiga.es\\\/es\\\/producto\\\/espiga-pe-tech-line-d17-x-1-2\\\/#primaryimage\",\"url\":\"https:\\\/\\\/saiga.es\\\/wp-content\\\/uploads\\\/2024\\\/02\\\/Espiga-.jpg\",\"contentUrl\":\"https:\\\/\\\/saiga.es\\\/wp-content\\\/uploads\\\/2024\\\/02\\\/Espiga-.jpg\",\"width\":800,\"height\":800,\"caption\":\"Espiga PE\"},{\"@type\":\"BreadcrumbList\",\"@id\":\"https:\\\/\\\/saiga.es\\\/es\\\/producto\\\/espiga-pe-tech-line-d17-x-1-2\\\/#breadcrumb\",\"itemListElement\":[{\"@type\":\"ListItem\",\"position\":1,\"name\":\"Inici\",\"item\":\"https:\\\/\\\/saiga.es\\\/es\\\/\"},{\"@type\":\"ListItem\",\"position\":2,\"name\":\"Tienda\",\"item\":\"https:\\\/\\\/saiga.es\\\/es\\\/tienda\\\/\"},{\"@type\":\"ListItem\",\"position\":3,\"name\":\"Espiga PE Tech Line D17 x 1\\\/2&#8243;\"}]},{\"@type\":\"WebSite\",\"@id\":\"https:\\\/\\\/saiga.es\\\/es\\\/#website\",\"url\":\"https:\\\/\\\/saiga.es\\\/es\\\/\",\"name\":\"SAIGA\",\"description\":\"M\u00e9s de 50 anys al servei de la terra i treballant per a un \u00fas eficient de l\u2019aigua!\",\"publisher\":{\"@id\":\"https:\\\/\\\/saiga.es\\\/es\\\/#organization\"},\"potentialAction\":[{\"@type\":\"SearchAction\",\"target\":{\"@type\":\"EntryPoint\",\"urlTemplate\":\"https:\\\/\\\/saiga.es\\\/es\\\/?s={search_term_string}\"},\"query-input\":{\"@type\":\"PropertyValueSpecification\",\"valueRequired\":true,\"valueName\":\"search_term_string\"}}],\"inLanguage\":\"es\"},{\"@type\":\"Organization\",\"@id\":\"https:\\\/\\\/saiga.es\\\/es\\\/#organization\",\"name\":\"SAIGA\",\"url\":\"https:\\\/\\\/saiga.es\\\/es\\\/\",\"logo\":{\"@type\":\"ImageObject\",\"inLanguage\":\"es\",\"@id\":\"https:\\\/\\\/saiga.es\\\/es\\\/#\\\/schema\\\/logo\\\/image\\\/\",\"url\":\"https:\\\/\\\/saiga.es\\\/wp-content\\\/uploads\\\/2025\\\/07\\\/logo_saiga_baseline_optimitzat.svg\",\"contentUrl\":\"https:\\\/\\\/saiga.es\\\/wp-content\\\/uploads\\\/2025\\\/07\\\/logo_saiga_baseline_optimitzat.svg\",\"caption\":\"SAIGA\"},\"image\":{\"@id\":\"https:\\\/\\\/saiga.es\\\/es\\\/#\\\/schema\\\/logo\\\/image\\\/\"},\"sameAs\":[\"https:\\\/\\\/x.com\\\/saiga_agro\",\"https:\\\/\\\/www.instagram.com\\\/saiga_agro\\\/\"]}]}<\/script>\n<!-- \/ Yoast SEO plugin. -->","yoast_head_json":{"title":"Espiga PE Tech Line D17 x 1\/2\" | SAIGA","description":"Espiga PE Tech Line D17 x 1\/2\". Componente utilizado en sistemas de tuber\u00edas de polietileno (PE) de 17 mm de di\u00e1metro. En este caso, la \"x 1\/2\"\" indica el tama\u00f1o de la tuerca de la conexi\u00f3n, que es de 1\/2 de pulgada (0.5\").","robots":{"index":"index","follow":"follow","max-snippet":"max-snippet:-1","max-image-preview":"max-image-preview:large","max-video-preview":"max-video-preview:-1"},"canonical":"https:\/\/saiga.es\/es\/producto\/espiga-pe-tech-line-d17-x-1-2\/","og_locale":"es_ES","og_type":"article","og_title":"Espiga PE Tech Line D17 x 1\/2\" | SAIGA","og_description":"Espiga PE Tech Line D17 x 1\/2\". Componente utilizado en sistemas de tuber\u00edas de polietileno (PE) de 17 mm de di\u00e1metro. En este caso, la \"x 1\/2\"\" indica el tama\u00f1o de la tuerca de la conexi\u00f3n, que es de 1\/2 de pulgada (0.5\").","og_url":"https:\/\/saiga.es\/es\/producto\/espiga-pe-tech-line-d17-x-1-2\/","og_site_name":"SAIGA","article_modified_time":"2024-05-22T12:57:14+00:00","og_image":[{"width":800,"height":800,"url":"https:\/\/saiga.es\/wp-content\/uploads\/2024\/02\/Espiga-.jpg","type":"image\/jpeg"}],"twitter_card":"summary_large_image","twitter_site":"@saiga_agro","twitter_misc":{"Tiempo de lectura":"2 minutos"},"schema":{"@context":"https:\/\/schema.org","@graph":[{"@type":"WebPage","@id":"https:\/\/saiga.es\/es\/producto\/espiga-pe-tech-line-d17-x-1-2\/","url":"https:\/\/saiga.es\/es\/producto\/espiga-pe-tech-line-d17-x-1-2\/","name":"Espiga PE Tech Line D17 x 1\/2\" | SAIGA","isPartOf":{"@id":"https:\/\/saiga.es\/es\/#website"},"primaryImageOfPage":{"@id":"https:\/\/saiga.es\/es\/producto\/espiga-pe-tech-line-d17-x-1-2\/#primaryimage"},"image":{"@id":"https:\/\/saiga.es\/es\/producto\/espiga-pe-tech-line-d17-x-1-2\/#primaryimage"},"thumbnailUrl":"https:\/\/saiga.es\/wp-content\/uploads\/2024\/02\/Espiga-.jpg","datePublished":"2024-02-28T12:21:03+00:00","dateModified":"2024-05-22T12:57:14+00:00","description":"Espiga PE Tech Line D17 x 1\/2\". Componente utilizado en sistemas de tuber\u00edas de polietileno (PE) de 17 mm de di\u00e1metro. En este caso, la \"x 1\/2\"\" indica el tama\u00f1o de la tuerca de la conexi\u00f3n, que es de 1\/2 de pulgada (0.5\").","breadcrumb":{"@id":"https:\/\/saiga.es\/es\/producto\/espiga-pe-tech-line-d17-x-1-2\/#breadcrumb"},"inLanguage":"es","potentialAction":[{"@type":"ReadAction","target":["https:\/\/saiga.es\/es\/producto\/espiga-pe-tech-line-d17-x-1-2\/"]}]},{"@type":"ImageObject","inLanguage":"es","@id":"https:\/\/saiga.es\/es\/producto\/espiga-pe-tech-line-d17-x-1-2\/#primaryimage","url":"https:\/\/saiga.es\/wp-content\/uploads\/2024\/02\/Espiga-.jpg","contentUrl":"https:\/\/saiga.es\/wp-content\/uploads\/2024\/02\/Espiga-.jpg","width":800,"height":800,"caption":"Espiga PE"},{"@type":"BreadcrumbList","@id":"https:\/\/saiga.es\/es\/producto\/espiga-pe-tech-line-d17-x-1-2\/#breadcrumb","itemListElement":[{"@type":"ListItem","position":1,"name":"Inici","item":"https:\/\/saiga.es\/es\/"},{"@type":"ListItem","position":2,"name":"Tienda","item":"https:\/\/saiga.es\/es\/tienda\/"},{"@type":"ListItem","position":3,"name":"Espiga PE Tech Line D17 x 1\/2&#8243;"}]},{"@type":"WebSite","@id":"https:\/\/saiga.es\/es\/#website","url":"https:\/\/saiga.es\/es\/","name":"SAIGA","description":"M\u00e9s de 50 anys al servei de la terra i treballant per a un \u00fas eficient de l\u2019aigua!","publisher":{"@id":"https:\/\/saiga.es\/es\/#organization"},"potentialAction":[{"@type":"SearchAction","target":{"@type":"EntryPoint","urlTemplate":"https:\/\/saiga.es\/es\/?s={search_term_string}"},"query-input":{"@type":"PropertyValueSpecification","valueRequired":true,"valueName":"search_term_string"}}],"inLanguage":"es"},{"@type":"Organization","@id":"https:\/\/saiga.es\/es\/#organization","name":"SAIGA","url":"https:\/\/saiga.es\/es\/","logo":{"@type":"ImageObject","inLanguage":"es","@id":"https:\/\/saiga.es\/es\/#\/schema\/logo\/image\/","url":"https:\/\/saiga.es\/wp-content\/uploads\/2025\/07\/logo_saiga_baseline_optimitzat.svg","contentUrl":"https:\/\/saiga.es\/wp-content\/uploads\/2025\/07\/logo_saiga_baseline_optimitzat.svg","caption":"SAIGA"},"image":{"@id":"https:\/\/saiga.es\/es\/#\/schema\/logo\/image\/"},"sameAs":["https:\/\/x.com\/saiga_agro","https:\/\/www.instagram.com\/saiga_agro\/"]}]}},"_links":{"self":[{"href":"https:\/\/saiga.es\/es\/wp-json\/wp\/v2\/product\/8280","targetHints":{"allow":["GET"]}}],"collection":[{"href":"https:\/\/saiga.es\/es\/wp-json\/wp\/v2\/product"}],"about":[{"href":"https:\/\/saiga.es\/es\/wp-json\/wp\/v2\/types\/product"}],"replies":[{"embeddable":true,"href":"https:\/\/saiga.es\/es\/wp-json\/wp\/v2\/comments?post=8280"}],"wp:featuredmedia":[{"embeddable":true,"href":"https:\/\/saiga.es\/es\/wp-json\/wp\/v2\/media\/8275"}],"wp:attachment":[{"href":"https:\/\/saiga.es\/es\/wp-json\/wp\/v2\/media?parent=8280"}],"wp:term":[{"taxonomy":"product_brand","embeddable":true,"href":"https:\/\/saiga.es\/es\/wp-json\/wp\/v2\/product_brand?post=8280"},{"taxonomy":"product_cat","embeddable":true,"href":"https:\/\/saiga.es\/es\/wp-json\/wp\/v2\/product_cat?post=8280"},{"taxonomy":"product_tag","embeddable":true,"href":"https:\/\/saiga.es\/es\/wp-json\/wp\/v2\/product_tag?post=8280"}],"curies":[{"name":"wp","href":"https:\/\/api.w.org\/{rel}","templated":true}]}}