{"id":8325,"date":"2024-01-05T14:36:57","date_gmt":"2024-01-05T14:36:57","guid":{"rendered":"https:\/\/botiga.saiga.es\/producte\/pastor-zerko-zar-8j-red\/"},"modified":"2024-01-05T14:36:57","modified_gmt":"2024-01-05T14:36:57","slug":"pastor-zerko-zar-8j-red","status":"publish","type":"product","link":"https:\/\/saiga.es\/es\/producto\/pastor-zerko-zar-8j-red\/","title":{"rendered":"Pastor Zerko Zar 8J RED"},"content":{"rendered":"<p>El pastor Zerko-Red 8J red est\u00e1 dise\u00f1ado para instalaciones permanentes y recintos de obra que permanezcan un largo per\u00edodo de tiempo. Est\u00e1 pensado para instalarse en exteriores y alimentado por la corriente de su propia casa o instalaci\u00f3n ganadera. Con una potencia de 8 J, es el pastor el\u00e9ctrico m\u00e1s potente de Zar, lo que hace que sea ideal para recintos con una valla muy larga o en los que habitan animales de grandes imensiones.<\/p>\n","protected":false},"excerpt":{"rendered":"<p>El pastor Zerko-Red 8J red est\u00e1 dise\u00f1ado para instalaciones permanentes y recintos de obra que permanezcan un largo per\u00edodo de tiempo.<\/p>\n","protected":false},"featured_media":11574,"comment_status":"closed","ping_status":"closed","template":"","meta":[],"product_brand":[],"product_cat":[2005],"product_tag":[559,560,554],"class_list":{"0":"post-8325","1":"product","2":"type-product","3":"status-publish","4":"has-post-thumbnail","6":"product_cat-pastores-electricos-es","7":"product_tag-cerco-electrico","8":"product_tag-cerco-electrificado","9":"product_tag-pastor-electrico","11":"first","12":"instock","13":"sale","14":"taxable","15":"shipping-taxable","16":"purchasable","17":"product-type-simple"},"yoast_head":"<!-- This site is optimized with the Yoast SEO plugin v27.4 - https:\/\/yoast.com\/product\/yoast-seo-wordpress\/ -->\n<title>Pastor Zerko Zar 8J RED | SAIGA<\/title>\n<meta name=\"description\" content=\"El pastor Zerko-Red 8J red est\u00e1 dise\u00f1ado para instalaciones permanentes y recintos de obra que permanezcan un largo per\u00edodo de tiempo.\" \/>\n<meta name=\"robots\" content=\"index, follow, max-snippet:-1, max-image-preview:large, max-video-preview:-1\" \/>\n<link rel=\"canonical\" href=\"https:\/\/saiga.es\/es\/producto\/pastor-zerko-zar-8j-red\/\" \/>\n<meta property=\"og:locale\" content=\"es_ES\" \/>\n<meta property=\"og:type\" content=\"article\" \/>\n<meta property=\"og:title\" content=\"Pastor Zerko Zar 8J RED | SAIGA\" \/>\n<meta property=\"og:description\" content=\"El pastor Zerko-Red 8J red est\u00e1 dise\u00f1ado para instalaciones permanentes y recintos de obra que permanezcan un largo per\u00edodo de tiempo.\" \/>\n<meta property=\"og:url\" content=\"https:\/\/saiga.es\/es\/producto\/pastor-zerko-zar-8j-red\/\" \/>\n<meta property=\"og:site_name\" content=\"SAIGA\" \/>\n<meta property=\"og:image\" content=\"https:\/\/saiga.es\/wp-content\/uploads\/2024\/01\/Pastor-electric-8J-Zar.jpg\" \/>\n\t<meta property=\"og:image:width\" content=\"1080\" \/>\n\t<meta property=\"og:image:height\" content=\"1080\" \/>\n\t<meta property=\"og:image:type\" content=\"image\/jpeg\" \/>\n<meta name=\"twitter:card\" content=\"summary_large_image\" \/>\n<meta name=\"twitter:site\" content=\"@saiga_agro\" \/>\n<script type=\"application\/ld+json\" class=\"yoast-schema-graph\">{\"@context\":\"https:\\\/\\\/schema.org\",\"@graph\":[{\"@type\":\"WebPage\",\"@id\":\"https:\\\/\\\/saiga.es\\\/es\\\/producto\\\/pastor-zerko-zar-8j-red\\\/\",\"url\":\"https:\\\/\\\/saiga.es\\\/es\\\/producto\\\/pastor-zerko-zar-8j-red\\\/\",\"name\":\"Pastor Zerko Zar 8J RED | SAIGA\",\"isPartOf\":{\"@id\":\"https:\\\/\\\/saiga.es\\\/es\\\/#website\"},\"primaryImageOfPage\":{\"@id\":\"https:\\\/\\\/saiga.es\\\/es\\\/producto\\\/pastor-zerko-zar-8j-red\\\/#primaryimage\"},\"image\":{\"@id\":\"https:\\\/\\\/saiga.es\\\/es\\\/producto\\\/pastor-zerko-zar-8j-red\\\/#primaryimage\"},\"thumbnailUrl\":\"https:\\\/\\\/saiga.es\\\/wp-content\\\/uploads\\\/2024\\\/01\\\/Pastor-electric-8J-Zar.jpg\",\"datePublished\":\"2024-01-05T14:36:57+00:00\",\"description\":\"El pastor Zerko-Red 8J red est\u00e1 dise\u00f1ado para instalaciones permanentes y recintos de obra que permanezcan un largo per\u00edodo de tiempo.\",\"breadcrumb\":{\"@id\":\"https:\\\/\\\/saiga.es\\\/es\\\/producto\\\/pastor-zerko-zar-8j-red\\\/#breadcrumb\"},\"inLanguage\":\"es\",\"potentialAction\":[{\"@type\":\"ReadAction\",\"target\":[\"https:\\\/\\\/saiga.es\\\/es\\\/producto\\\/pastor-zerko-zar-8j-red\\\/\"]}]},{\"@type\":\"ImageObject\",\"inLanguage\":\"es\",\"@id\":\"https:\\\/\\\/saiga.es\\\/es\\\/producto\\\/pastor-zerko-zar-8j-red\\\/#primaryimage\",\"url\":\"https:\\\/\\\/saiga.es\\\/wp-content\\\/uploads\\\/2024\\\/01\\\/Pastor-electric-8J-Zar.jpg\",\"contentUrl\":\"https:\\\/\\\/saiga.es\\\/wp-content\\\/uploads\\\/2024\\\/01\\\/Pastor-electric-8J-Zar.jpg\",\"width\":1080,\"height\":1080,\"caption\":\"Pastor el\u00e8ctric 8J\"},{\"@type\":\"BreadcrumbList\",\"@id\":\"https:\\\/\\\/saiga.es\\\/es\\\/producto\\\/pastor-zerko-zar-8j-red\\\/#breadcrumb\",\"itemListElement\":[{\"@type\":\"ListItem\",\"position\":1,\"name\":\"Inici\",\"item\":\"https:\\\/\\\/saiga.es\\\/es\\\/\"},{\"@type\":\"ListItem\",\"position\":2,\"name\":\"Tienda\",\"item\":\"https:\\\/\\\/saiga.es\\\/es\\\/tienda\\\/\"},{\"@type\":\"ListItem\",\"position\":3,\"name\":\"Pastor Zerko Zar 8J RED\"}]},{\"@type\":\"WebSite\",\"@id\":\"https:\\\/\\\/saiga.es\\\/es\\\/#website\",\"url\":\"https:\\\/\\\/saiga.es\\\/es\\\/\",\"name\":\"SAIGA\",\"description\":\"M\u00e9s de 50 anys al servei de la terra i treballant per a un \u00fas eficient de l\u2019aigua!\",\"publisher\":{\"@id\":\"https:\\\/\\\/saiga.es\\\/es\\\/#organization\"},\"potentialAction\":[{\"@type\":\"SearchAction\",\"target\":{\"@type\":\"EntryPoint\",\"urlTemplate\":\"https:\\\/\\\/saiga.es\\\/es\\\/?s={search_term_string}\"},\"query-input\":{\"@type\":\"PropertyValueSpecification\",\"valueRequired\":true,\"valueName\":\"search_term_string\"}}],\"inLanguage\":\"es\"},{\"@type\":\"Organization\",\"@id\":\"https:\\\/\\\/saiga.es\\\/es\\\/#organization\",\"name\":\"SAIGA\",\"url\":\"https:\\\/\\\/saiga.es\\\/es\\\/\",\"logo\":{\"@type\":\"ImageObject\",\"inLanguage\":\"es\",\"@id\":\"https:\\\/\\\/saiga.es\\\/es\\\/#\\\/schema\\\/logo\\\/image\\\/\",\"url\":\"https:\\\/\\\/saiga.es\\\/wp-content\\\/uploads\\\/2025\\\/07\\\/logo_saiga_baseline_optimitzat.svg\",\"contentUrl\":\"https:\\\/\\\/saiga.es\\\/wp-content\\\/uploads\\\/2025\\\/07\\\/logo_saiga_baseline_optimitzat.svg\",\"caption\":\"SAIGA\"},\"image\":{\"@id\":\"https:\\\/\\\/saiga.es\\\/es\\\/#\\\/schema\\\/logo\\\/image\\\/\"},\"sameAs\":[\"https:\\\/\\\/x.com\\\/saiga_agro\",\"https:\\\/\\\/www.instagram.com\\\/saiga_agro\\\/\"]}]}<\/script>\n<!-- \/ Yoast SEO plugin. -->","yoast_head_json":{"title":"Pastor Zerko Zar 8J RED | SAIGA","description":"El pastor Zerko-Red 8J red est\u00e1 dise\u00f1ado para instalaciones permanentes y recintos de obra que permanezcan un largo per\u00edodo de tiempo.","robots":{"index":"index","follow":"follow","max-snippet":"max-snippet:-1","max-image-preview":"max-image-preview:large","max-video-preview":"max-video-preview:-1"},"canonical":"https:\/\/saiga.es\/es\/producto\/pastor-zerko-zar-8j-red\/","og_locale":"es_ES","og_type":"article","og_title":"Pastor Zerko Zar 8J RED | SAIGA","og_description":"El pastor Zerko-Red 8J red est\u00e1 dise\u00f1ado para instalaciones permanentes y recintos de obra que permanezcan un largo per\u00edodo de tiempo.","og_url":"https:\/\/saiga.es\/es\/producto\/pastor-zerko-zar-8j-red\/","og_site_name":"SAIGA","og_image":[{"width":1080,"height":1080,"url":"https:\/\/saiga.es\/wp-content\/uploads\/2024\/01\/Pastor-electric-8J-Zar.jpg","type":"image\/jpeg"}],"twitter_card":"summary_large_image","twitter_site":"@saiga_agro","schema":{"@context":"https:\/\/schema.org","@graph":[{"@type":"WebPage","@id":"https:\/\/saiga.es\/es\/producto\/pastor-zerko-zar-8j-red\/","url":"https:\/\/saiga.es\/es\/producto\/pastor-zerko-zar-8j-red\/","name":"Pastor Zerko Zar 8J RED | SAIGA","isPartOf":{"@id":"https:\/\/saiga.es\/es\/#website"},"primaryImageOfPage":{"@id":"https:\/\/saiga.es\/es\/producto\/pastor-zerko-zar-8j-red\/#primaryimage"},"image":{"@id":"https:\/\/saiga.es\/es\/producto\/pastor-zerko-zar-8j-red\/#primaryimage"},"thumbnailUrl":"https:\/\/saiga.es\/wp-content\/uploads\/2024\/01\/Pastor-electric-8J-Zar.jpg","datePublished":"2024-01-05T14:36:57+00:00","description":"El pastor Zerko-Red 8J red est\u00e1 dise\u00f1ado para instalaciones permanentes y recintos de obra que permanezcan un largo per\u00edodo de tiempo.","breadcrumb":{"@id":"https:\/\/saiga.es\/es\/producto\/pastor-zerko-zar-8j-red\/#breadcrumb"},"inLanguage":"es","potentialAction":[{"@type":"ReadAction","target":["https:\/\/saiga.es\/es\/producto\/pastor-zerko-zar-8j-red\/"]}]},{"@type":"ImageObject","inLanguage":"es","@id":"https:\/\/saiga.es\/es\/producto\/pastor-zerko-zar-8j-red\/#primaryimage","url":"https:\/\/saiga.es\/wp-content\/uploads\/2024\/01\/Pastor-electric-8J-Zar.jpg","contentUrl":"https:\/\/saiga.es\/wp-content\/uploads\/2024\/01\/Pastor-electric-8J-Zar.jpg","width":1080,"height":1080,"caption":"Pastor el\u00e8ctric 8J"},{"@type":"BreadcrumbList","@id":"https:\/\/saiga.es\/es\/producto\/pastor-zerko-zar-8j-red\/#breadcrumb","itemListElement":[{"@type":"ListItem","position":1,"name":"Inici","item":"https:\/\/saiga.es\/es\/"},{"@type":"ListItem","position":2,"name":"Tienda","item":"https:\/\/saiga.es\/es\/tienda\/"},{"@type":"ListItem","position":3,"name":"Pastor Zerko Zar 8J RED"}]},{"@type":"WebSite","@id":"https:\/\/saiga.es\/es\/#website","url":"https:\/\/saiga.es\/es\/","name":"SAIGA","description":"M\u00e9s de 50 anys al servei de la terra i treballant per a un \u00fas eficient de l\u2019aigua!","publisher":{"@id":"https:\/\/saiga.es\/es\/#organization"},"potentialAction":[{"@type":"SearchAction","target":{"@type":"EntryPoint","urlTemplate":"https:\/\/saiga.es\/es\/?s={search_term_string}"},"query-input":{"@type":"PropertyValueSpecification","valueRequired":true,"valueName":"search_term_string"}}],"inLanguage":"es"},{"@type":"Organization","@id":"https:\/\/saiga.es\/es\/#organization","name":"SAIGA","url":"https:\/\/saiga.es\/es\/","logo":{"@type":"ImageObject","inLanguage":"es","@id":"https:\/\/saiga.es\/es\/#\/schema\/logo\/image\/","url":"https:\/\/saiga.es\/wp-content\/uploads\/2025\/07\/logo_saiga_baseline_optimitzat.svg","contentUrl":"https:\/\/saiga.es\/wp-content\/uploads\/2025\/07\/logo_saiga_baseline_optimitzat.svg","caption":"SAIGA"},"image":{"@id":"https:\/\/saiga.es\/es\/#\/schema\/logo\/image\/"},"sameAs":["https:\/\/x.com\/saiga_agro","https:\/\/www.instagram.com\/saiga_agro\/"]}]}},"_links":{"self":[{"href":"https:\/\/saiga.es\/es\/wp-json\/wp\/v2\/product\/8325","targetHints":{"allow":["GET"]}}],"collection":[{"href":"https:\/\/saiga.es\/es\/wp-json\/wp\/v2\/product"}],"about":[{"href":"https:\/\/saiga.es\/es\/wp-json\/wp\/v2\/types\/product"}],"replies":[{"embeddable":true,"href":"https:\/\/saiga.es\/es\/wp-json\/wp\/v2\/comments?post=8325"}],"wp:featuredmedia":[{"embeddable":true,"href":"https:\/\/saiga.es\/es\/wp-json\/wp\/v2\/media\/11574"}],"wp:attachment":[{"href":"https:\/\/saiga.es\/es\/wp-json\/wp\/v2\/media?parent=8325"}],"wp:term":[{"taxonomy":"product_brand","embeddable":true,"href":"https:\/\/saiga.es\/es\/wp-json\/wp\/v2\/product_brand?post=8325"},{"taxonomy":"product_cat","embeddable":true,"href":"https:\/\/saiga.es\/es\/wp-json\/wp\/v2\/product_cat?post=8325"},{"taxonomy":"product_tag","embeddable":true,"href":"https:\/\/saiga.es\/es\/wp-json\/wp\/v2\/product_tag?post=8325"}],"curies":[{"name":"wp","href":"https:\/\/api.w.org\/{rel}","templated":true}]}}