{"id":8399,"date":"2024-03-01T09:28:35","date_gmt":"2024-03-01T09:28:35","guid":{"rendered":"https:\/\/botiga.saiga.es\/producte\/derivacion-te-de-polietileno-de-diametro-3-mm\/"},"modified":"2026-03-18T10:59:56","modified_gmt":"2026-03-18T10:59:56","slug":"derivacion-te-de-polietileno-de-diametro-3-mm","status":"publish","type":"product","link":"https:\/\/saiga.es\/es\/producto\/derivacion-te-de-polietileno-de-diametro-3-mm\/","title":{"rendered":"Derivaci\u00f3n t\u00e9 de polietileno de di\u00e1metro 3 mm"},"content":{"rendered":"<p>Una derivaci\u00f3n t\u00e9 de polietileno de di\u00e1metro 3 mm es una pieza de conexi\u00f3n utilizada en sistemas de tuber\u00eda, particularmente en aplicaciones en las que se requiere un tubo de polietileno con un di\u00e1metro peque\u00f1o, en este caso, 3 mm. Esta prenda tiene la forma de una \u00abT\u00bb, con tres salidas: una en el centro y dos m\u00e1s peque\u00f1as a los lados. Las salidas est\u00e1n dise\u00f1adas para conectarse a otros tubos de polietileno de 3mm mediante t\u00e9cnicas de uni\u00f3n tales como soldadura, codo-rotura, u otros m\u00e9todos de conexi\u00f3n compatibles con el material.<\/p>\n<p>La derivaci\u00f3n t\u00e9 de polietileno de di\u00e1metro 3mm se utiliza en diversas aplicaciones, incluyendo sistemas de agua, irrigaci\u00f3n, sistemas de refrigeraci\u00f3n, aplicaciones industriales, entre otros. Esta pieza permite la rama del flujo de l\u00edquido o gas en varias direcciones, proporcionando flexibilidad y versatilidad en el dise\u00f1o y la instalaci\u00f3n de sistemas de tuber\u00eda.<\/p>\n","protected":false},"excerpt":{"rendered":"<p>Una derivaci\u00f3n t\u00e9 de polietileno de di\u00e1metro 3 mm es una pieza de conexi\u00f3n utilizada en sistemas de tuber\u00eda, particularmente en aplicaciones en las que se requiere un tubo de polietileno con un di\u00e1metro peque\u00f1o, en este caso, 3 mm. Esta prenda tiene la forma de una \u00abT\u00bb, con tres salidas: una en el centro y dos m\u00e1s peque\u00f1as a los lados. Las salidas est\u00e1n dise\u00f1adas para conectarse a otros tubos de polietileno de 3mm mediante t\u00e9cnicas de uni\u00f3n tales como soldadura, codo-rotura, u otros m\u00e9todos de conexi\u00f3n compatibles con el material.<\/p>\n<p>La derivaci\u00f3n t\u00e9 de polietileno de di\u00e1metro 3mm se utiliza en diversas aplicaciones, incluyendo sistemas de agua, irrigaci\u00f3n, sistemas de refrigeraci\u00f3n, aplicaciones industriales, entre otros. Esta pieza permite la rama del flujo de l\u00edquido o gas en varias direcciones, proporcionando flexibilidad y versatilidad en el dise\u00f1o y la instalaci\u00f3n de sistemas de tuber\u00eda.<\/p>\n","protected":false},"featured_media":8397,"comment_status":"closed","ping_status":"closed","template":"","meta":[],"product_brand":[],"product_cat":[1446],"product_tag":[241,1061,236],"class_list":{"0":"post-8399","1":"product","2":"type-product","3":"status-publish","4":"has-post-thumbnail","6":"product_cat-tubos-de-riego-i-accessorios","7":"product_tag-derivacion","8":"product_tag-hidraulica-es","9":"product_tag-polietileno","11":"first","12":"instock","13":"taxable","14":"shipping-taxable","15":"purchasable","16":"product-type-simple"},"yoast_head":"<!-- This site is optimized with the Yoast SEO plugin v27.4 - https:\/\/yoast.com\/product\/yoast-seo-wordpress\/ -->\n<title>Derivaci\u00f3n t\u00e9 de polietileno de di\u00e1metro 3 mm | SAIGA<\/title>\n<meta name=\"description\" content=\"Una derivaci\u00f3n t\u00e9 de polietileno de di\u00e1metro 3 mm es una pieza de conexi\u00f3n utilizada en sistemas de tuber\u00eda, particularmente en aplicaciones en las que se requiere un tubo de polietileno con un di\u00e1metro peque\u00f1o, en este caso, 3 mm.\" \/>\n<meta name=\"robots\" content=\"index, follow, max-snippet:-1, max-image-preview:large, max-video-preview:-1\" \/>\n<link rel=\"canonical\" href=\"https:\/\/saiga.es\/es\/producto\/derivacion-te-de-polietileno-de-diametro-3-mm\/\" \/>\n<meta property=\"og:locale\" content=\"es_ES\" \/>\n<meta property=\"og:type\" content=\"article\" \/>\n<meta property=\"og:title\" content=\"Derivaci\u00f3n t\u00e9 de polietileno de di\u00e1metro 3 mm | SAIGA\" \/>\n<meta property=\"og:description\" content=\"Una derivaci\u00f3n t\u00e9 de polietileno de di\u00e1metro 3 mm es una pieza de conexi\u00f3n utilizada en sistemas de tuber\u00eda, particularmente en aplicaciones en las que se requiere un tubo de polietileno con un di\u00e1metro peque\u00f1o, en este caso, 3 mm.\" \/>\n<meta property=\"og:url\" content=\"https:\/\/saiga.es\/es\/producto\/derivacion-te-de-polietileno-de-diametro-3-mm\/\" \/>\n<meta property=\"og:site_name\" content=\"SAIGA\" \/>\n<meta property=\"article:modified_time\" content=\"2026-03-18T10:59:56+00:00\" \/>\n<meta property=\"og:image\" content=\"https:\/\/saiga.es\/wp-content\/uploads\/2024\/03\/Derivacio-Te-3-mm.jpg\" \/>\n\t<meta property=\"og:image:width\" content=\"800\" \/>\n\t<meta property=\"og:image:height\" content=\"800\" \/>\n\t<meta property=\"og:image:type\" content=\"image\/jpeg\" \/>\n<meta name=\"twitter:card\" content=\"summary_large_image\" \/>\n<meta name=\"twitter:site\" content=\"@saiga_agro\" \/>\n<meta name=\"twitter:label1\" content=\"Tiempo de lectura\" \/>\n\t<meta name=\"twitter:data1\" content=\"1 minuto\" \/>\n<script type=\"application\/ld+json\" class=\"yoast-schema-graph\">{\"@context\":\"https:\\\/\\\/schema.org\",\"@graph\":[{\"@type\":\"WebPage\",\"@id\":\"https:\\\/\\\/saiga.es\\\/es\\\/producto\\\/derivacion-te-de-polietileno-de-diametro-3-mm\\\/\",\"url\":\"https:\\\/\\\/saiga.es\\\/es\\\/producto\\\/derivacion-te-de-polietileno-de-diametro-3-mm\\\/\",\"name\":\"Derivaci\u00f3n t\u00e9 de polietileno de di\u00e1metro 3 mm | SAIGA\",\"isPartOf\":{\"@id\":\"https:\\\/\\\/saiga.es\\\/es\\\/#website\"},\"primaryImageOfPage\":{\"@id\":\"https:\\\/\\\/saiga.es\\\/es\\\/producto\\\/derivacion-te-de-polietileno-de-diametro-3-mm\\\/#primaryimage\"},\"image\":{\"@id\":\"https:\\\/\\\/saiga.es\\\/es\\\/producto\\\/derivacion-te-de-polietileno-de-diametro-3-mm\\\/#primaryimage\"},\"thumbnailUrl\":\"https:\\\/\\\/saiga.es\\\/wp-content\\\/uploads\\\/2024\\\/03\\\/Derivacio-Te-3-mm.jpg\",\"datePublished\":\"2024-03-01T09:28:35+00:00\",\"dateModified\":\"2026-03-18T10:59:56+00:00\",\"description\":\"Una derivaci\u00f3n t\u00e9 de polietileno de di\u00e1metro 3 mm es una pieza de conexi\u00f3n utilizada en sistemas de tuber\u00eda, particularmente en aplicaciones en las que se requiere un tubo de polietileno con un di\u00e1metro peque\u00f1o, en este caso, 3 mm.\",\"breadcrumb\":{\"@id\":\"https:\\\/\\\/saiga.es\\\/es\\\/producto\\\/derivacion-te-de-polietileno-de-diametro-3-mm\\\/#breadcrumb\"},\"inLanguage\":\"es\",\"potentialAction\":[{\"@type\":\"ReadAction\",\"target\":[\"https:\\\/\\\/saiga.es\\\/es\\\/producto\\\/derivacion-te-de-polietileno-de-diametro-3-mm\\\/\"]}]},{\"@type\":\"ImageObject\",\"inLanguage\":\"es\",\"@id\":\"https:\\\/\\\/saiga.es\\\/es\\\/producto\\\/derivacion-te-de-polietileno-de-diametro-3-mm\\\/#primaryimage\",\"url\":\"https:\\\/\\\/saiga.es\\\/wp-content\\\/uploads\\\/2024\\\/03\\\/Derivacio-Te-3-mm.jpg\",\"contentUrl\":\"https:\\\/\\\/saiga.es\\\/wp-content\\\/uploads\\\/2024\\\/03\\\/Derivacio-Te-3-mm.jpg\",\"width\":800,\"height\":800,\"caption\":\"Derivaci\u00f3n Te 3 mm\"},{\"@type\":\"BreadcrumbList\",\"@id\":\"https:\\\/\\\/saiga.es\\\/es\\\/producto\\\/derivacion-te-de-polietileno-de-diametro-3-mm\\\/#breadcrumb\",\"itemListElement\":[{\"@type\":\"ListItem\",\"position\":1,\"name\":\"Inici\",\"item\":\"https:\\\/\\\/saiga.es\\\/es\\\/\"},{\"@type\":\"ListItem\",\"position\":2,\"name\":\"Tienda\",\"item\":\"https:\\\/\\\/saiga.es\\\/es\\\/tienda\\\/\"},{\"@type\":\"ListItem\",\"position\":3,\"name\":\"Derivaci\u00f3n t\u00e9 de polietileno de di\u00e1metro 3 mm\"}]},{\"@type\":\"WebSite\",\"@id\":\"https:\\\/\\\/saiga.es\\\/es\\\/#website\",\"url\":\"https:\\\/\\\/saiga.es\\\/es\\\/\",\"name\":\"SAIGA\",\"description\":\"M\u00e9s de 50 anys al servei de la terra i treballant per a un \u00fas eficient de l\u2019aigua!\",\"publisher\":{\"@id\":\"https:\\\/\\\/saiga.es\\\/es\\\/#organization\"},\"potentialAction\":[{\"@type\":\"SearchAction\",\"target\":{\"@type\":\"EntryPoint\",\"urlTemplate\":\"https:\\\/\\\/saiga.es\\\/es\\\/?s={search_term_string}\"},\"query-input\":{\"@type\":\"PropertyValueSpecification\",\"valueRequired\":true,\"valueName\":\"search_term_string\"}}],\"inLanguage\":\"es\"},{\"@type\":\"Organization\",\"@id\":\"https:\\\/\\\/saiga.es\\\/es\\\/#organization\",\"name\":\"SAIGA\",\"url\":\"https:\\\/\\\/saiga.es\\\/es\\\/\",\"logo\":{\"@type\":\"ImageObject\",\"inLanguage\":\"es\",\"@id\":\"https:\\\/\\\/saiga.es\\\/es\\\/#\\\/schema\\\/logo\\\/image\\\/\",\"url\":\"https:\\\/\\\/saiga.es\\\/wp-content\\\/uploads\\\/2025\\\/07\\\/logo_saiga_baseline_optimitzat.svg\",\"contentUrl\":\"https:\\\/\\\/saiga.es\\\/wp-content\\\/uploads\\\/2025\\\/07\\\/logo_saiga_baseline_optimitzat.svg\",\"caption\":\"SAIGA\"},\"image\":{\"@id\":\"https:\\\/\\\/saiga.es\\\/es\\\/#\\\/schema\\\/logo\\\/image\\\/\"},\"sameAs\":[\"https:\\\/\\\/x.com\\\/saiga_agro\",\"https:\\\/\\\/www.instagram.com\\\/saiga_agro\\\/\"]}]}<\/script>\n<!-- \/ Yoast SEO plugin. -->","yoast_head_json":{"title":"Derivaci\u00f3n t\u00e9 de polietileno de di\u00e1metro 3 mm | SAIGA","description":"Una derivaci\u00f3n t\u00e9 de polietileno de di\u00e1metro 3 mm es una pieza de conexi\u00f3n utilizada en sistemas de tuber\u00eda, particularmente en aplicaciones en las que se requiere un tubo de polietileno con un di\u00e1metro peque\u00f1o, en este caso, 3 mm.","robots":{"index":"index","follow":"follow","max-snippet":"max-snippet:-1","max-image-preview":"max-image-preview:large","max-video-preview":"max-video-preview:-1"},"canonical":"https:\/\/saiga.es\/es\/producto\/derivacion-te-de-polietileno-de-diametro-3-mm\/","og_locale":"es_ES","og_type":"article","og_title":"Derivaci\u00f3n t\u00e9 de polietileno de di\u00e1metro 3 mm | SAIGA","og_description":"Una derivaci\u00f3n t\u00e9 de polietileno de di\u00e1metro 3 mm es una pieza de conexi\u00f3n utilizada en sistemas de tuber\u00eda, particularmente en aplicaciones en las que se requiere un tubo de polietileno con un di\u00e1metro peque\u00f1o, en este caso, 3 mm.","og_url":"https:\/\/saiga.es\/es\/producto\/derivacion-te-de-polietileno-de-diametro-3-mm\/","og_site_name":"SAIGA","article_modified_time":"2026-03-18T10:59:56+00:00","og_image":[{"width":800,"height":800,"url":"https:\/\/saiga.es\/wp-content\/uploads\/2024\/03\/Derivacio-Te-3-mm.jpg","type":"image\/jpeg"}],"twitter_card":"summary_large_image","twitter_site":"@saiga_agro","twitter_misc":{"Tiempo de lectura":"1 minuto"},"schema":{"@context":"https:\/\/schema.org","@graph":[{"@type":"WebPage","@id":"https:\/\/saiga.es\/es\/producto\/derivacion-te-de-polietileno-de-diametro-3-mm\/","url":"https:\/\/saiga.es\/es\/producto\/derivacion-te-de-polietileno-de-diametro-3-mm\/","name":"Derivaci\u00f3n t\u00e9 de polietileno de di\u00e1metro 3 mm | SAIGA","isPartOf":{"@id":"https:\/\/saiga.es\/es\/#website"},"primaryImageOfPage":{"@id":"https:\/\/saiga.es\/es\/producto\/derivacion-te-de-polietileno-de-diametro-3-mm\/#primaryimage"},"image":{"@id":"https:\/\/saiga.es\/es\/producto\/derivacion-te-de-polietileno-de-diametro-3-mm\/#primaryimage"},"thumbnailUrl":"https:\/\/saiga.es\/wp-content\/uploads\/2024\/03\/Derivacio-Te-3-mm.jpg","datePublished":"2024-03-01T09:28:35+00:00","dateModified":"2026-03-18T10:59:56+00:00","description":"Una derivaci\u00f3n t\u00e9 de polietileno de di\u00e1metro 3 mm es una pieza de conexi\u00f3n utilizada en sistemas de tuber\u00eda, particularmente en aplicaciones en las que se requiere un tubo de polietileno con un di\u00e1metro peque\u00f1o, en este caso, 3 mm.","breadcrumb":{"@id":"https:\/\/saiga.es\/es\/producto\/derivacion-te-de-polietileno-de-diametro-3-mm\/#breadcrumb"},"inLanguage":"es","potentialAction":[{"@type":"ReadAction","target":["https:\/\/saiga.es\/es\/producto\/derivacion-te-de-polietileno-de-diametro-3-mm\/"]}]},{"@type":"ImageObject","inLanguage":"es","@id":"https:\/\/saiga.es\/es\/producto\/derivacion-te-de-polietileno-de-diametro-3-mm\/#primaryimage","url":"https:\/\/saiga.es\/wp-content\/uploads\/2024\/03\/Derivacio-Te-3-mm.jpg","contentUrl":"https:\/\/saiga.es\/wp-content\/uploads\/2024\/03\/Derivacio-Te-3-mm.jpg","width":800,"height":800,"caption":"Derivaci\u00f3n Te 3 mm"},{"@type":"BreadcrumbList","@id":"https:\/\/saiga.es\/es\/producto\/derivacion-te-de-polietileno-de-diametro-3-mm\/#breadcrumb","itemListElement":[{"@type":"ListItem","position":1,"name":"Inici","item":"https:\/\/saiga.es\/es\/"},{"@type":"ListItem","position":2,"name":"Tienda","item":"https:\/\/saiga.es\/es\/tienda\/"},{"@type":"ListItem","position":3,"name":"Derivaci\u00f3n t\u00e9 de polietileno de di\u00e1metro 3 mm"}]},{"@type":"WebSite","@id":"https:\/\/saiga.es\/es\/#website","url":"https:\/\/saiga.es\/es\/","name":"SAIGA","description":"M\u00e9s de 50 anys al servei de la terra i treballant per a un \u00fas eficient de l\u2019aigua!","publisher":{"@id":"https:\/\/saiga.es\/es\/#organization"},"potentialAction":[{"@type":"SearchAction","target":{"@type":"EntryPoint","urlTemplate":"https:\/\/saiga.es\/es\/?s={search_term_string}"},"query-input":{"@type":"PropertyValueSpecification","valueRequired":true,"valueName":"search_term_string"}}],"inLanguage":"es"},{"@type":"Organization","@id":"https:\/\/saiga.es\/es\/#organization","name":"SAIGA","url":"https:\/\/saiga.es\/es\/","logo":{"@type":"ImageObject","inLanguage":"es","@id":"https:\/\/saiga.es\/es\/#\/schema\/logo\/image\/","url":"https:\/\/saiga.es\/wp-content\/uploads\/2025\/07\/logo_saiga_baseline_optimitzat.svg","contentUrl":"https:\/\/saiga.es\/wp-content\/uploads\/2025\/07\/logo_saiga_baseline_optimitzat.svg","caption":"SAIGA"},"image":{"@id":"https:\/\/saiga.es\/es\/#\/schema\/logo\/image\/"},"sameAs":["https:\/\/x.com\/saiga_agro","https:\/\/www.instagram.com\/saiga_agro\/"]}]}},"_links":{"self":[{"href":"https:\/\/saiga.es\/es\/wp-json\/wp\/v2\/product\/8399","targetHints":{"allow":["GET"]}}],"collection":[{"href":"https:\/\/saiga.es\/es\/wp-json\/wp\/v2\/product"}],"about":[{"href":"https:\/\/saiga.es\/es\/wp-json\/wp\/v2\/types\/product"}],"replies":[{"embeddable":true,"href":"https:\/\/saiga.es\/es\/wp-json\/wp\/v2\/comments?post=8399"}],"wp:featuredmedia":[{"embeddable":true,"href":"https:\/\/saiga.es\/es\/wp-json\/wp\/v2\/media\/8397"}],"wp:attachment":[{"href":"https:\/\/saiga.es\/es\/wp-json\/wp\/v2\/media?parent=8399"}],"wp:term":[{"taxonomy":"product_brand","embeddable":true,"href":"https:\/\/saiga.es\/es\/wp-json\/wp\/v2\/product_brand?post=8399"},{"taxonomy":"product_cat","embeddable":true,"href":"https:\/\/saiga.es\/es\/wp-json\/wp\/v2\/product_cat?post=8399"},{"taxonomy":"product_tag","embeddable":true,"href":"https:\/\/saiga.es\/es\/wp-json\/wp\/v2\/product_tag?post=8399"}],"curies":[{"name":"wp","href":"https:\/\/api.w.org\/{rel}","templated":true}]}}