{"id":8418,"date":"2024-03-01T10:51:29","date_gmt":"2024-03-01T10:51:29","guid":{"rendered":"https:\/\/botiga.saiga.es\/producte\/piqueta-tapon-regaber\/"},"modified":"2024-05-22T13:08:24","modified_gmt":"2024-05-22T13:08:24","slug":"piqueta-tapon-regaber","status":"publish","type":"product","link":"https:\/\/saiga.es\/es\/producto\/piqueta-tapon-regaber\/","title":{"rendered":"Piqueta tap\u00f3n regaber"},"content":{"rendered":"<p>Piqueta tap\u00f3n regaber Esta prenda se conecta al final de un tubo de irrigaci\u00f3n y sirve para cerrar la salida de agua del sistema. Son especialmente \u00fatiles cuando se necesita detener temporalmente el flujo de agua en una determinada zona del sistema de irrigaci\u00f3n sin tener que cortar la suministraci\u00f3n de agua en el resto del sistema.<\/p>\n<p>La piqueta tap suele tener una forma cil\u00edndrica o c\u00f3nica y se inserta f\u00e1cilmente al final de un tubo de irrigaci\u00f3n o de una l\u00ednea principal. Suele disponer de una tuerca o un mecanismo de presi\u00f3n que permite ajustarla firmemente para evitar fugas de agua. Cuando se quiere reanudar el flujo de agua, simplemente debe retirarse la piqueta tap\u00f3n y el sistema volver\u00e1 a funcionar con normalidad.<\/p>\n<p>Aquestes peces s\u00f3n \u00fatils per fer ajustos, manteniment o reparacions en el sistema d&#8217;irrigaci\u00f3 sense interrompre completament el flux d&#8217;aigua. Tambi\u00e9n son \u00fatiles para controlar la cantidad de agua que fluye en distintas zonas del campo o jard\u00edn.<\/p>\n","protected":false},"excerpt":{"rendered":"<p>Piqueta tap\u00f3n regaber Esta prenda se conecta al final de un tubo de irrigaci\u00f3n y sirve para cerrar la salida de agua del sistema. Son especialmente \u00fatiles cuando se necesita detener temporalmente el flujo de agua en una determinada zona del sistema de irrigaci\u00f3n sin tener que cortar la suministraci\u00f3n de agua en el resto&#8230;<\/p>\n","protected":false},"featured_media":8416,"comment_status":"closed","ping_status":"closed","template":"","meta":[],"product_brand":[],"product_cat":[1446,2256],"product_tag":[218,1020,780,206,205],"class_list":{"0":"post-8418","1":"product","2":"type-product","3":"status-publish","4":"has-post-thumbnail","6":"product_cat-tubos-de-riego-i-accessorios","7":"product_cat-accesorios-tubo-de-riego","8":"product_tag-gotero","9":"product_tag-horticultura-es","10":"product_tag-jardineria-es","11":"product_tag-regautomatico","12":"product_tag-riego","14":"first","15":"instock","16":"taxable","17":"shipping-taxable","18":"purchasable","19":"product-type-simple"},"yoast_head":"<!-- This site is optimized with the Yoast SEO plugin v27.4 - https:\/\/yoast.com\/product\/yoast-seo-wordpress\/ -->\n<title>Piqueta tap\u00f3n regaber | SAIGA<\/title>\n<meta name=\"robots\" content=\"index, follow, max-snippet:-1, max-image-preview:large, max-video-preview:-1\" \/>\n<link rel=\"canonical\" href=\"https:\/\/saiga.es\/es\/producto\/piqueta-tapon-regaber\/\" \/>\n<meta property=\"og:locale\" content=\"es_ES\" \/>\n<meta property=\"og:type\" content=\"article\" \/>\n<meta property=\"og:title\" content=\"Piqueta tap\u00f3n regaber | SAIGA\" \/>\n<meta property=\"og:description\" content=\"Piqueta tap\u00f3n regaber Esta prenda se conecta al final de un tubo de irrigaci\u00f3n y sirve para cerrar la salida de agua del sistema. Son especialmente \u00fatiles cuando se necesita detener temporalmente el flujo de agua en una determinada zona del sistema de irrigaci\u00f3n sin tener que cortar la suministraci\u00f3n de agua en el resto...\" \/>\n<meta property=\"og:url\" content=\"https:\/\/saiga.es\/es\/producto\/piqueta-tapon-regaber\/\" \/>\n<meta property=\"og:site_name\" content=\"SAIGA\" \/>\n<meta property=\"article:modified_time\" content=\"2024-05-22T13:08:24+00:00\" \/>\n<meta property=\"og:image\" content=\"https:\/\/saiga.es\/wp-content\/uploads\/2024\/03\/Piqueta-tap.jpg\" \/>\n\t<meta property=\"og:image:width\" content=\"800\" \/>\n\t<meta property=\"og:image:height\" content=\"800\" \/>\n\t<meta property=\"og:image:type\" content=\"image\/jpeg\" \/>\n<meta name=\"twitter:card\" content=\"summary_large_image\" \/>\n<meta name=\"twitter:site\" content=\"@saiga_agro\" \/>\n<meta name=\"twitter:label1\" content=\"Tiempo de lectura\" \/>\n\t<meta name=\"twitter:data1\" content=\"2 minutos\" \/>\n<script type=\"application\/ld+json\" class=\"yoast-schema-graph\">{\"@context\":\"https:\\\/\\\/schema.org\",\"@graph\":[{\"@type\":\"WebPage\",\"@id\":\"https:\\\/\\\/saiga.es\\\/es\\\/producto\\\/piqueta-tapon-regaber\\\/\",\"url\":\"https:\\\/\\\/saiga.es\\\/es\\\/producto\\\/piqueta-tapon-regaber\\\/\",\"name\":\"Piqueta tap\u00f3n regaber | SAIGA\",\"isPartOf\":{\"@id\":\"https:\\\/\\\/saiga.es\\\/es\\\/#website\"},\"primaryImageOfPage\":{\"@id\":\"https:\\\/\\\/saiga.es\\\/es\\\/producto\\\/piqueta-tapon-regaber\\\/#primaryimage\"},\"image\":{\"@id\":\"https:\\\/\\\/saiga.es\\\/es\\\/producto\\\/piqueta-tapon-regaber\\\/#primaryimage\"},\"thumbnailUrl\":\"https:\\\/\\\/saiga.es\\\/wp-content\\\/uploads\\\/2024\\\/03\\\/Piqueta-tap.jpg\",\"datePublished\":\"2024-03-01T10:51:29+00:00\",\"dateModified\":\"2024-05-22T13:08:24+00:00\",\"breadcrumb\":{\"@id\":\"https:\\\/\\\/saiga.es\\\/es\\\/producto\\\/piqueta-tapon-regaber\\\/#breadcrumb\"},\"inLanguage\":\"es\",\"potentialAction\":[{\"@type\":\"ReadAction\",\"target\":[\"https:\\\/\\\/saiga.es\\\/es\\\/producto\\\/piqueta-tapon-regaber\\\/\"]}]},{\"@type\":\"ImageObject\",\"inLanguage\":\"es\",\"@id\":\"https:\\\/\\\/saiga.es\\\/es\\\/producto\\\/piqueta-tapon-regaber\\\/#primaryimage\",\"url\":\"https:\\\/\\\/saiga.es\\\/wp-content\\\/uploads\\\/2024\\\/03\\\/Piqueta-tap.jpg\",\"contentUrl\":\"https:\\\/\\\/saiga.es\\\/wp-content\\\/uploads\\\/2024\\\/03\\\/Piqueta-tap.jpg\",\"width\":800,\"height\":800,\"caption\":\"Piqueta tap\u00f3n\"},{\"@type\":\"BreadcrumbList\",\"@id\":\"https:\\\/\\\/saiga.es\\\/es\\\/producto\\\/piqueta-tapon-regaber\\\/#breadcrumb\",\"itemListElement\":[{\"@type\":\"ListItem\",\"position\":1,\"name\":\"Inici\",\"item\":\"https:\\\/\\\/saiga.es\\\/es\\\/\"},{\"@type\":\"ListItem\",\"position\":2,\"name\":\"Tienda\",\"item\":\"https:\\\/\\\/saiga.es\\\/es\\\/tienda\\\/\"},{\"@type\":\"ListItem\",\"position\":3,\"name\":\"Piqueta tap\u00f3n regaber\"}]},{\"@type\":\"WebSite\",\"@id\":\"https:\\\/\\\/saiga.es\\\/es\\\/#website\",\"url\":\"https:\\\/\\\/saiga.es\\\/es\\\/\",\"name\":\"SAIGA\",\"description\":\"M\u00e9s de 50 anys al servei de la terra i treballant per a un \u00fas eficient de l\u2019aigua!\",\"publisher\":{\"@id\":\"https:\\\/\\\/saiga.es\\\/es\\\/#organization\"},\"potentialAction\":[{\"@type\":\"SearchAction\",\"target\":{\"@type\":\"EntryPoint\",\"urlTemplate\":\"https:\\\/\\\/saiga.es\\\/es\\\/?s={search_term_string}\"},\"query-input\":{\"@type\":\"PropertyValueSpecification\",\"valueRequired\":true,\"valueName\":\"search_term_string\"}}],\"inLanguage\":\"es\"},{\"@type\":\"Organization\",\"@id\":\"https:\\\/\\\/saiga.es\\\/es\\\/#organization\",\"name\":\"SAIGA\",\"url\":\"https:\\\/\\\/saiga.es\\\/es\\\/\",\"logo\":{\"@type\":\"ImageObject\",\"inLanguage\":\"es\",\"@id\":\"https:\\\/\\\/saiga.es\\\/es\\\/#\\\/schema\\\/logo\\\/image\\\/\",\"url\":\"https:\\\/\\\/saiga.es\\\/wp-content\\\/uploads\\\/2025\\\/07\\\/logo_saiga_baseline_optimitzat.svg\",\"contentUrl\":\"https:\\\/\\\/saiga.es\\\/wp-content\\\/uploads\\\/2025\\\/07\\\/logo_saiga_baseline_optimitzat.svg\",\"caption\":\"SAIGA\"},\"image\":{\"@id\":\"https:\\\/\\\/saiga.es\\\/es\\\/#\\\/schema\\\/logo\\\/image\\\/\"},\"sameAs\":[\"https:\\\/\\\/x.com\\\/saiga_agro\",\"https:\\\/\\\/www.instagram.com\\\/saiga_agro\\\/\"]}]}<\/script>\n<!-- \/ Yoast SEO plugin. -->","yoast_head_json":{"title":"Piqueta tap\u00f3n regaber | SAIGA","robots":{"index":"index","follow":"follow","max-snippet":"max-snippet:-1","max-image-preview":"max-image-preview:large","max-video-preview":"max-video-preview:-1"},"canonical":"https:\/\/saiga.es\/es\/producto\/piqueta-tapon-regaber\/","og_locale":"es_ES","og_type":"article","og_title":"Piqueta tap\u00f3n regaber | SAIGA","og_description":"Piqueta tap\u00f3n regaber Esta prenda se conecta al final de un tubo de irrigaci\u00f3n y sirve para cerrar la salida de agua del sistema. Son especialmente \u00fatiles cuando se necesita detener temporalmente el flujo de agua en una determinada zona del sistema de irrigaci\u00f3n sin tener que cortar la suministraci\u00f3n de agua en el resto...","og_url":"https:\/\/saiga.es\/es\/producto\/piqueta-tapon-regaber\/","og_site_name":"SAIGA","article_modified_time":"2024-05-22T13:08:24+00:00","og_image":[{"width":800,"height":800,"url":"https:\/\/saiga.es\/wp-content\/uploads\/2024\/03\/Piqueta-tap.jpg","type":"image\/jpeg"}],"twitter_card":"summary_large_image","twitter_site":"@saiga_agro","twitter_misc":{"Tiempo de lectura":"2 minutos"},"schema":{"@context":"https:\/\/schema.org","@graph":[{"@type":"WebPage","@id":"https:\/\/saiga.es\/es\/producto\/piqueta-tapon-regaber\/","url":"https:\/\/saiga.es\/es\/producto\/piqueta-tapon-regaber\/","name":"Piqueta tap\u00f3n regaber | SAIGA","isPartOf":{"@id":"https:\/\/saiga.es\/es\/#website"},"primaryImageOfPage":{"@id":"https:\/\/saiga.es\/es\/producto\/piqueta-tapon-regaber\/#primaryimage"},"image":{"@id":"https:\/\/saiga.es\/es\/producto\/piqueta-tapon-regaber\/#primaryimage"},"thumbnailUrl":"https:\/\/saiga.es\/wp-content\/uploads\/2024\/03\/Piqueta-tap.jpg","datePublished":"2024-03-01T10:51:29+00:00","dateModified":"2024-05-22T13:08:24+00:00","breadcrumb":{"@id":"https:\/\/saiga.es\/es\/producto\/piqueta-tapon-regaber\/#breadcrumb"},"inLanguage":"es","potentialAction":[{"@type":"ReadAction","target":["https:\/\/saiga.es\/es\/producto\/piqueta-tapon-regaber\/"]}]},{"@type":"ImageObject","inLanguage":"es","@id":"https:\/\/saiga.es\/es\/producto\/piqueta-tapon-regaber\/#primaryimage","url":"https:\/\/saiga.es\/wp-content\/uploads\/2024\/03\/Piqueta-tap.jpg","contentUrl":"https:\/\/saiga.es\/wp-content\/uploads\/2024\/03\/Piqueta-tap.jpg","width":800,"height":800,"caption":"Piqueta tap\u00f3n"},{"@type":"BreadcrumbList","@id":"https:\/\/saiga.es\/es\/producto\/piqueta-tapon-regaber\/#breadcrumb","itemListElement":[{"@type":"ListItem","position":1,"name":"Inici","item":"https:\/\/saiga.es\/es\/"},{"@type":"ListItem","position":2,"name":"Tienda","item":"https:\/\/saiga.es\/es\/tienda\/"},{"@type":"ListItem","position":3,"name":"Piqueta tap\u00f3n regaber"}]},{"@type":"WebSite","@id":"https:\/\/saiga.es\/es\/#website","url":"https:\/\/saiga.es\/es\/","name":"SAIGA","description":"M\u00e9s de 50 anys al servei de la terra i treballant per a un \u00fas eficient de l\u2019aigua!","publisher":{"@id":"https:\/\/saiga.es\/es\/#organization"},"potentialAction":[{"@type":"SearchAction","target":{"@type":"EntryPoint","urlTemplate":"https:\/\/saiga.es\/es\/?s={search_term_string}"},"query-input":{"@type":"PropertyValueSpecification","valueRequired":true,"valueName":"search_term_string"}}],"inLanguage":"es"},{"@type":"Organization","@id":"https:\/\/saiga.es\/es\/#organization","name":"SAIGA","url":"https:\/\/saiga.es\/es\/","logo":{"@type":"ImageObject","inLanguage":"es","@id":"https:\/\/saiga.es\/es\/#\/schema\/logo\/image\/","url":"https:\/\/saiga.es\/wp-content\/uploads\/2025\/07\/logo_saiga_baseline_optimitzat.svg","contentUrl":"https:\/\/saiga.es\/wp-content\/uploads\/2025\/07\/logo_saiga_baseline_optimitzat.svg","caption":"SAIGA"},"image":{"@id":"https:\/\/saiga.es\/es\/#\/schema\/logo\/image\/"},"sameAs":["https:\/\/x.com\/saiga_agro","https:\/\/www.instagram.com\/saiga_agro\/"]}]}},"_links":{"self":[{"href":"https:\/\/saiga.es\/es\/wp-json\/wp\/v2\/product\/8418","targetHints":{"allow":["GET"]}}],"collection":[{"href":"https:\/\/saiga.es\/es\/wp-json\/wp\/v2\/product"}],"about":[{"href":"https:\/\/saiga.es\/es\/wp-json\/wp\/v2\/types\/product"}],"replies":[{"embeddable":true,"href":"https:\/\/saiga.es\/es\/wp-json\/wp\/v2\/comments?post=8418"}],"wp:featuredmedia":[{"embeddable":true,"href":"https:\/\/saiga.es\/es\/wp-json\/wp\/v2\/media\/8416"}],"wp:attachment":[{"href":"https:\/\/saiga.es\/es\/wp-json\/wp\/v2\/media?parent=8418"}],"wp:term":[{"taxonomy":"product_brand","embeddable":true,"href":"https:\/\/saiga.es\/es\/wp-json\/wp\/v2\/product_brand?post=8418"},{"taxonomy":"product_cat","embeddable":true,"href":"https:\/\/saiga.es\/es\/wp-json\/wp\/v2\/product_cat?post=8418"},{"taxonomy":"product_tag","embeddable":true,"href":"https:\/\/saiga.es\/es\/wp-json\/wp\/v2\/product_tag?post=8418"}],"curies":[{"name":"wp","href":"https:\/\/api.w.org\/{rel}","templated":true}]}}