{"id":8698,"date":"2024-03-06T10:34:25","date_gmt":"2024-03-06T10:34:25","guid":{"rendered":"https:\/\/botiga.saiga.es\/producte\/bombas-sumergibles-de-absorcion-seria-gks-inox\/"},"modified":"2025-08-19T07:34:59","modified_gmt":"2025-08-19T07:34:59","slug":"bombas-sumergibles-de-absorcion-seria-gks-inox","status":"publish","type":"product","link":"https:\/\/saiga.es\/es\/producto\/bombas-sumergibles-de-absorcion-seria-gks-inox\/","title":{"rendered":"Bombas sumergibles de absorci\u00f3n serie GKS-INOX"},"content":{"rendered":"<p>Las bombas sumergibles el\u00e9ctricas de absorci\u00f3n GKS-INOX son ideales para la absorci\u00f3n de agua de lluvia, para inundaciones de s\u00f3tanos y bombeo de aguas lleugeramente brutas.<\/p>\n<p><strong>Materiales<\/strong><br \/>\nCuerpo bomba<br \/>\nacero inoxidable.<br \/>\nTurbina &#8211; Noryl.<br \/>\nEje acero inoxidable.<br \/>\nCierre mec\u00e1nico con Cer\u00e1mico-grafito.<br \/>\nAislamiento clase F.<\/p>\n<p><strong>Motor<\/strong><br \/>\nAs\u00edncrono 2 polos.<br \/>\nProtecci\u00f3n IP68.<br \/>\nVersi\u00f3n monof\u00e1sica<br \/>\ncon protecci\u00f3n t\u00e9rmica<br \/>\nincorporada.<\/p>\n<p><strong>Limitaciones<\/strong><br \/>\nTemperatura m\u00ednima<br \/>\ndel agua: 0\u00b0C.<br \/>\nTemperatura m\u00e1xima<br \/>\ndel agua: 40 \u00b0C.<br \/>\nAltura elevaci\u00f3n hasta 8 m.<br \/>\nImmersi\u00f3n m\u00e1xima: 7 m.<\/p>\n<p>&nbsp;<\/p>\n<p>&nbsp;<\/p>\n","protected":false},"excerpt":{"rendered":"<p>Las bombas sumergibles el\u00e9ctricas de absorci\u00f3n GKS-INOX son ideales para la absorci\u00f3n de agua de lluvia, para inundaciones de s\u00f3tanos y bombeo de aguas ligeramente sucias.<\/p>\n<p><a href=\"https:\/\/botiga.saiga.es\/wp-content\/uploads\/2024\/03\/PAG_20_GKS_-_INOX-1.pdf\">Ficha t\u00e9cnica<\/a><\/p>\n","protected":false},"featured_media":8686,"comment_status":"closed","ping_status":"closed","template":"","meta":[],"product_brand":[],"product_cat":[414],"product_tag":[1176,1178,1177],"class_list":{"0":"post-8698","1":"product","2":"type-product","3":"status-publish","4":"has-post-thumbnail","6":"product_cat-bombas-y-accesorios","7":"product_tag-bomba-es","8":"product_tag-bomba-sumergible","9":"product_tag-electrobomba-es","11":"first","12":"outofstock","13":"taxable","14":"shipping-taxable","15":"purchasable","16":"product-type-variable"},"yoast_head":"<!-- This site is optimized with the Yoast SEO plugin v27.4 - https:\/\/yoast.com\/product\/yoast-seo-wordpress\/ -->\n<title>Bombas sumergibles de absorci\u00f3n serie GKS-INOX | SAIGA<\/title>\n<meta name=\"description\" content=\"Las bombas sumergibles el\u00e9ctricas de absorci\u00f3n GKS-INOX son ideales para la absorci\u00f3n de agua de lluvia, para inundaciones de s\u00f3tanos y bombeo de aguas ligeramente sucias.\" \/>\n<meta name=\"robots\" content=\"index, follow, max-snippet:-1, max-image-preview:large, max-video-preview:-1\" \/>\n<link rel=\"canonical\" href=\"https:\/\/saiga.es\/es\/producto\/bombas-sumergibles-de-absorcion-seria-gks-inox\/\" \/>\n<meta property=\"og:locale\" content=\"es_ES\" \/>\n<meta property=\"og:type\" content=\"article\" \/>\n<meta property=\"og:title\" content=\"Bombas sumergibles de absorci\u00f3n serie GKS-INOX | SAIGA\" \/>\n<meta property=\"og:description\" content=\"Las bombas sumergibles el\u00e9ctricas de absorci\u00f3n GKS-INOX son ideales para la absorci\u00f3n de agua de lluvia, para inundaciones de s\u00f3tanos y bombeo de aguas ligeramente sucias.\" \/>\n<meta property=\"og:url\" content=\"https:\/\/saiga.es\/es\/producto\/bombas-sumergibles-de-absorcion-seria-gks-inox\/\" \/>\n<meta property=\"og:site_name\" content=\"SAIGA\" \/>\n<meta property=\"article:modified_time\" content=\"2025-08-19T07:34:59+00:00\" \/>\n<meta property=\"og:image\" content=\"https:\/\/saiga.es\/wp-content\/uploads\/2024\/03\/bomba-achique-inox-gks-500-s-220v-075cv.jpg\" \/>\n\t<meta property=\"og:image:width\" content=\"800\" \/>\n\t<meta property=\"og:image:height\" content=\"800\" \/>\n\t<meta property=\"og:image:type\" content=\"image\/jpeg\" \/>\n<meta name=\"twitter:card\" content=\"summary_large_image\" \/>\n<meta name=\"twitter:site\" content=\"@saiga_agro\" \/>\n<meta name=\"twitter:label1\" content=\"Tiempo de lectura\" \/>\n\t<meta name=\"twitter:data1\" content=\"1 minuto\" \/>\n<script type=\"application\/ld+json\" class=\"yoast-schema-graph\">{\"@context\":\"https:\\\/\\\/schema.org\",\"@graph\":[{\"@type\":\"WebPage\",\"@id\":\"https:\\\/\\\/saiga.es\\\/es\\\/producto\\\/bombas-sumergibles-de-absorcion-seria-gks-inox\\\/\",\"url\":\"https:\\\/\\\/saiga.es\\\/es\\\/producto\\\/bombas-sumergibles-de-absorcion-seria-gks-inox\\\/\",\"name\":\"Bombas sumergibles de absorci\u00f3n serie GKS-INOX | SAIGA\",\"isPartOf\":{\"@id\":\"https:\\\/\\\/saiga.es\\\/es\\\/#website\"},\"primaryImageOfPage\":{\"@id\":\"https:\\\/\\\/saiga.es\\\/es\\\/producto\\\/bombas-sumergibles-de-absorcion-seria-gks-inox\\\/#primaryimage\"},\"image\":{\"@id\":\"https:\\\/\\\/saiga.es\\\/es\\\/producto\\\/bombas-sumergibles-de-absorcion-seria-gks-inox\\\/#primaryimage\"},\"thumbnailUrl\":\"https:\\\/\\\/saiga.es\\\/wp-content\\\/uploads\\\/2024\\\/03\\\/bomba-achique-inox-gks-500-s-220v-075cv.jpg\",\"datePublished\":\"2024-03-06T10:34:25+00:00\",\"dateModified\":\"2025-08-19T07:34:59+00:00\",\"description\":\"Las bombas sumergibles el\u00e9ctricas de absorci\u00f3n GKS-INOX son ideales para la absorci\u00f3n de agua de lluvia, para inundaciones de s\u00f3tanos y bombeo de aguas ligeramente sucias.\",\"breadcrumb\":{\"@id\":\"https:\\\/\\\/saiga.es\\\/es\\\/producto\\\/bombas-sumergibles-de-absorcion-seria-gks-inox\\\/#breadcrumb\"},\"inLanguage\":\"es\",\"potentialAction\":[{\"@type\":\"ReadAction\",\"target\":[\"https:\\\/\\\/saiga.es\\\/es\\\/producto\\\/bombas-sumergibles-de-absorcion-seria-gks-inox\\\/\"]}]},{\"@type\":\"ImageObject\",\"inLanguage\":\"es\",\"@id\":\"https:\\\/\\\/saiga.es\\\/es\\\/producto\\\/bombas-sumergibles-de-absorcion-seria-gks-inox\\\/#primaryimage\",\"url\":\"https:\\\/\\\/saiga.es\\\/wp-content\\\/uploads\\\/2024\\\/03\\\/bomba-achique-inox-gks-500-s-220v-075cv.jpg\",\"contentUrl\":\"https:\\\/\\\/saiga.es\\\/wp-content\\\/uploads\\\/2024\\\/03\\\/bomba-achique-inox-gks-500-s-220v-075cv.jpg\",\"width\":800,\"height\":800,\"caption\":\"Bomba de absorci\u00f3n aguas limpias\"},{\"@type\":\"BreadcrumbList\",\"@id\":\"https:\\\/\\\/saiga.es\\\/es\\\/producto\\\/bombas-sumergibles-de-absorcion-seria-gks-inox\\\/#breadcrumb\",\"itemListElement\":[{\"@type\":\"ListItem\",\"position\":1,\"name\":\"Inici\",\"item\":\"https:\\\/\\\/saiga.es\\\/es\\\/\"},{\"@type\":\"ListItem\",\"position\":2,\"name\":\"Tienda\",\"item\":\"https:\\\/\\\/saiga.es\\\/es\\\/tienda\\\/\"},{\"@type\":\"ListItem\",\"position\":3,\"name\":\"Bombas sumergibles de absorci\u00f3n serie GKS-INOX\"}]},{\"@type\":\"WebSite\",\"@id\":\"https:\\\/\\\/saiga.es\\\/es\\\/#website\",\"url\":\"https:\\\/\\\/saiga.es\\\/es\\\/\",\"name\":\"SAIGA\",\"description\":\"M\u00e9s de 50 anys al servei de la terra i treballant per a un \u00fas eficient de l\u2019aigua!\",\"publisher\":{\"@id\":\"https:\\\/\\\/saiga.es\\\/es\\\/#organization\"},\"potentialAction\":[{\"@type\":\"SearchAction\",\"target\":{\"@type\":\"EntryPoint\",\"urlTemplate\":\"https:\\\/\\\/saiga.es\\\/es\\\/?s={search_term_string}\"},\"query-input\":{\"@type\":\"PropertyValueSpecification\",\"valueRequired\":true,\"valueName\":\"search_term_string\"}}],\"inLanguage\":\"es\"},{\"@type\":\"Organization\",\"@id\":\"https:\\\/\\\/saiga.es\\\/es\\\/#organization\",\"name\":\"SAIGA\",\"url\":\"https:\\\/\\\/saiga.es\\\/es\\\/\",\"logo\":{\"@type\":\"ImageObject\",\"inLanguage\":\"es\",\"@id\":\"https:\\\/\\\/saiga.es\\\/es\\\/#\\\/schema\\\/logo\\\/image\\\/\",\"url\":\"https:\\\/\\\/saiga.es\\\/wp-content\\\/uploads\\\/2025\\\/07\\\/logo_saiga_baseline_optimitzat.svg\",\"contentUrl\":\"https:\\\/\\\/saiga.es\\\/wp-content\\\/uploads\\\/2025\\\/07\\\/logo_saiga_baseline_optimitzat.svg\",\"caption\":\"SAIGA\"},\"image\":{\"@id\":\"https:\\\/\\\/saiga.es\\\/es\\\/#\\\/schema\\\/logo\\\/image\\\/\"},\"sameAs\":[\"https:\\\/\\\/x.com\\\/saiga_agro\",\"https:\\\/\\\/www.instagram.com\\\/saiga_agro\\\/\"]}]}<\/script>\n<!-- \/ Yoast SEO plugin. -->","yoast_head_json":{"title":"Bombas sumergibles de absorci\u00f3n serie GKS-INOX | SAIGA","description":"Las bombas sumergibles el\u00e9ctricas de absorci\u00f3n GKS-INOX son ideales para la absorci\u00f3n de agua de lluvia, para inundaciones de s\u00f3tanos y bombeo de aguas ligeramente sucias.","robots":{"index":"index","follow":"follow","max-snippet":"max-snippet:-1","max-image-preview":"max-image-preview:large","max-video-preview":"max-video-preview:-1"},"canonical":"https:\/\/saiga.es\/es\/producto\/bombas-sumergibles-de-absorcion-seria-gks-inox\/","og_locale":"es_ES","og_type":"article","og_title":"Bombas sumergibles de absorci\u00f3n serie GKS-INOX | SAIGA","og_description":"Las bombas sumergibles el\u00e9ctricas de absorci\u00f3n GKS-INOX son ideales para la absorci\u00f3n de agua de lluvia, para inundaciones de s\u00f3tanos y bombeo de aguas ligeramente sucias.","og_url":"https:\/\/saiga.es\/es\/producto\/bombas-sumergibles-de-absorcion-seria-gks-inox\/","og_site_name":"SAIGA","article_modified_time":"2025-08-19T07:34:59+00:00","og_image":[{"width":800,"height":800,"url":"https:\/\/saiga.es\/wp-content\/uploads\/2024\/03\/bomba-achique-inox-gks-500-s-220v-075cv.jpg","type":"image\/jpeg"}],"twitter_card":"summary_large_image","twitter_site":"@saiga_agro","twitter_misc":{"Tiempo de lectura":"1 minuto"},"schema":{"@context":"https:\/\/schema.org","@graph":[{"@type":"WebPage","@id":"https:\/\/saiga.es\/es\/producto\/bombas-sumergibles-de-absorcion-seria-gks-inox\/","url":"https:\/\/saiga.es\/es\/producto\/bombas-sumergibles-de-absorcion-seria-gks-inox\/","name":"Bombas sumergibles de absorci\u00f3n serie GKS-INOX | SAIGA","isPartOf":{"@id":"https:\/\/saiga.es\/es\/#website"},"primaryImageOfPage":{"@id":"https:\/\/saiga.es\/es\/producto\/bombas-sumergibles-de-absorcion-seria-gks-inox\/#primaryimage"},"image":{"@id":"https:\/\/saiga.es\/es\/producto\/bombas-sumergibles-de-absorcion-seria-gks-inox\/#primaryimage"},"thumbnailUrl":"https:\/\/saiga.es\/wp-content\/uploads\/2024\/03\/bomba-achique-inox-gks-500-s-220v-075cv.jpg","datePublished":"2024-03-06T10:34:25+00:00","dateModified":"2025-08-19T07:34:59+00:00","description":"Las bombas sumergibles el\u00e9ctricas de absorci\u00f3n GKS-INOX son ideales para la absorci\u00f3n de agua de lluvia, para inundaciones de s\u00f3tanos y bombeo de aguas ligeramente sucias.","breadcrumb":{"@id":"https:\/\/saiga.es\/es\/producto\/bombas-sumergibles-de-absorcion-seria-gks-inox\/#breadcrumb"},"inLanguage":"es","potentialAction":[{"@type":"ReadAction","target":["https:\/\/saiga.es\/es\/producto\/bombas-sumergibles-de-absorcion-seria-gks-inox\/"]}]},{"@type":"ImageObject","inLanguage":"es","@id":"https:\/\/saiga.es\/es\/producto\/bombas-sumergibles-de-absorcion-seria-gks-inox\/#primaryimage","url":"https:\/\/saiga.es\/wp-content\/uploads\/2024\/03\/bomba-achique-inox-gks-500-s-220v-075cv.jpg","contentUrl":"https:\/\/saiga.es\/wp-content\/uploads\/2024\/03\/bomba-achique-inox-gks-500-s-220v-075cv.jpg","width":800,"height":800,"caption":"Bomba de absorci\u00f3n aguas limpias"},{"@type":"BreadcrumbList","@id":"https:\/\/saiga.es\/es\/producto\/bombas-sumergibles-de-absorcion-seria-gks-inox\/#breadcrumb","itemListElement":[{"@type":"ListItem","position":1,"name":"Inici","item":"https:\/\/saiga.es\/es\/"},{"@type":"ListItem","position":2,"name":"Tienda","item":"https:\/\/saiga.es\/es\/tienda\/"},{"@type":"ListItem","position":3,"name":"Bombas sumergibles de absorci\u00f3n serie GKS-INOX"}]},{"@type":"WebSite","@id":"https:\/\/saiga.es\/es\/#website","url":"https:\/\/saiga.es\/es\/","name":"SAIGA","description":"M\u00e9s de 50 anys al servei de la terra i treballant per a un \u00fas eficient de l\u2019aigua!","publisher":{"@id":"https:\/\/saiga.es\/es\/#organization"},"potentialAction":[{"@type":"SearchAction","target":{"@type":"EntryPoint","urlTemplate":"https:\/\/saiga.es\/es\/?s={search_term_string}"},"query-input":{"@type":"PropertyValueSpecification","valueRequired":true,"valueName":"search_term_string"}}],"inLanguage":"es"},{"@type":"Organization","@id":"https:\/\/saiga.es\/es\/#organization","name":"SAIGA","url":"https:\/\/saiga.es\/es\/","logo":{"@type":"ImageObject","inLanguage":"es","@id":"https:\/\/saiga.es\/es\/#\/schema\/logo\/image\/","url":"https:\/\/saiga.es\/wp-content\/uploads\/2025\/07\/logo_saiga_baseline_optimitzat.svg","contentUrl":"https:\/\/saiga.es\/wp-content\/uploads\/2025\/07\/logo_saiga_baseline_optimitzat.svg","caption":"SAIGA"},"image":{"@id":"https:\/\/saiga.es\/es\/#\/schema\/logo\/image\/"},"sameAs":["https:\/\/x.com\/saiga_agro","https:\/\/www.instagram.com\/saiga_agro\/"]}]}},"_links":{"self":[{"href":"https:\/\/saiga.es\/es\/wp-json\/wp\/v2\/product\/8698","targetHints":{"allow":["GET"]}}],"collection":[{"href":"https:\/\/saiga.es\/es\/wp-json\/wp\/v2\/product"}],"about":[{"href":"https:\/\/saiga.es\/es\/wp-json\/wp\/v2\/types\/product"}],"replies":[{"embeddable":true,"href":"https:\/\/saiga.es\/es\/wp-json\/wp\/v2\/comments?post=8698"}],"wp:featuredmedia":[{"embeddable":true,"href":"https:\/\/saiga.es\/es\/wp-json\/wp\/v2\/media\/8686"}],"wp:attachment":[{"href":"https:\/\/saiga.es\/es\/wp-json\/wp\/v2\/media?parent=8698"}],"wp:term":[{"taxonomy":"product_brand","embeddable":true,"href":"https:\/\/saiga.es\/es\/wp-json\/wp\/v2\/product_brand?post=8698"},{"taxonomy":"product_cat","embeddable":true,"href":"https:\/\/saiga.es\/es\/wp-json\/wp\/v2\/product_cat?post=8698"},{"taxonomy":"product_tag","embeddable":true,"href":"https:\/\/saiga.es\/es\/wp-json\/wp\/v2\/product_tag?post=8698"}],"curies":[{"name":"wp","href":"https:\/\/api.w.org\/{rel}","templated":true}]}}