{"id":8766,"date":"2024-01-08T12:08:52","date_gmt":"2024-01-08T12:08:52","guid":{"rendered":"https:\/\/botiga.saiga.es\/producte\/serrucho-mango-de-madera-ws-330h-kamikaze\/"},"modified":"2025-10-27T07:53:29","modified_gmt":"2025-10-27T07:53:29","slug":"serrucho-mango-de-madera-ws-330h-kamikaze","status":"publish","type":"product","link":"https:\/\/saiga.es\/es\/producto\/serrucho-mango-de-madera-ws-330h-kamikaze\/","title":{"rendered":"Serrucho mango de madera WS-330H KAMIKAZE"},"content":{"rendered":"<p>El serrucho con mango de madera WS-330H Kamikaze, cuenta con una hoja curva de 330 mm. El mango est\u00e1 dise\u00f1ado en forma curva para reducir el esfuerzo necesario para el corte, incluso en madera dura.<\/p>\n<p><strong>Caracter\u00edsticas del serrucho:<\/strong><br \/>\n&#8211; Los dientes de la hoja est\u00e1n afilados de forma que s\u00f3lo \u00e9stos tocan la madera, lo que reduce el rozamiento entre el tronco y la hoja. Proporciona un corte perfecto y regular, con menos resistencia y sin da\u00f1ar el \u00e1rbol.<br \/>\n&#8211; Corte por tracci\u00f3n, reduce el esfuerzo y evita la torsi\u00f3n de la hoja.<br \/>\n&#8211; Diente endurecido por impulsos, aumentando la vida del afilado.<br \/>\n&#8211; Hojas cromadas, evita la corrosi\u00f3n y facilita la limpieza de la savia.<br \/>\n&#8211; Acero SK-4, rico en carbono. Aumentando durabilidad de la hoja.<br \/>\n&#8211; Se venden hojas de repuesto.<\/p>\n","protected":false},"excerpt":{"rendered":"<p>El serrucho con mango de madera WS-330H Kamikaze, cuenta con una hoja curva de 330 mm. El mango est\u00e1 dise\u00f1ado en forma curva para reducir el esfuerzo necesario para el corte, incluso en madera dura. Caracter\u00edsticas del serrucho: &#8211; Los dientes de la hoja est\u00e1n afilados de forma que s\u00f3lo \u00e9stos tocan la madera, lo&#8230;<\/p>\n","protected":false},"featured_media":14864,"comment_status":"closed","ping_status":"closed","template":"","meta":[],"product_brand":[],"product_cat":[1734,399],"product_tag":[541],"class_list":{"0":"post-8766","1":"product","2":"type-product","3":"status-publish","4":"has-post-thumbnail","6":"product_cat-kamikaze-es","7":"product_cat-serruchos","8":"product_tag-serrucho-es","10":"first","11":"instock","12":"taxable","13":"shipping-taxable","14":"purchasable","15":"product-type-simple"},"yoast_head":"<!-- This site is optimized with the Yoast SEO plugin v27.4 - https:\/\/yoast.com\/product\/yoast-seo-wordpress\/ -->\n<title>Serrucho mango de madera WS-330H KAMIKAZE | SAIGA<\/title>\n<meta name=\"description\" content=\"El serrucho con mango de madera WS-330H Kamikaze, cuenta con una hoja curva de 330 mm y un mango con forma curva para reducir el esfuerzo necesario para el corte.\" \/>\n<meta name=\"robots\" content=\"index, follow, max-snippet:-1, max-image-preview:large, max-video-preview:-1\" \/>\n<link rel=\"canonical\" href=\"https:\/\/saiga.es\/es\/producto\/serrucho-mango-de-madera-ws-330h-kamikaze\/\" \/>\n<meta property=\"og:locale\" content=\"es_ES\" \/>\n<meta property=\"og:type\" content=\"article\" \/>\n<meta property=\"og:title\" content=\"Serrucho mango de madera WS-330H KAMIKAZE | SAIGA\" \/>\n<meta property=\"og:description\" content=\"El serrucho con mango de madera WS-330H Kamikaze, cuenta con una hoja curva de 330 mm y un mango con forma curva para reducir el esfuerzo necesario para el corte.\" \/>\n<meta property=\"og:url\" content=\"https:\/\/saiga.es\/es\/producto\/serrucho-mango-de-madera-ws-330h-kamikaze\/\" \/>\n<meta property=\"og:site_name\" content=\"SAIGA\" \/>\n<meta property=\"article:modified_time\" content=\"2025-10-27T07:53:29+00:00\" \/>\n<meta property=\"og:image\" content=\"https:\/\/saiga.es\/wp-content\/uploads\/2024\/01\/Xerrac.jpg\" \/>\n\t<meta property=\"og:image:width\" content=\"1080\" \/>\n\t<meta property=\"og:image:height\" content=\"1080\" \/>\n\t<meta property=\"og:image:type\" content=\"image\/jpeg\" \/>\n<meta name=\"twitter:card\" content=\"summary_large_image\" \/>\n<meta name=\"twitter:site\" content=\"@saiga_agro\" \/>\n<meta name=\"twitter:label1\" content=\"Tiempo de lectura\" \/>\n\t<meta name=\"twitter:data1\" content=\"1 minuto\" \/>\n<script type=\"application\/ld+json\" class=\"yoast-schema-graph\">{\"@context\":\"https:\\\/\\\/schema.org\",\"@graph\":[{\"@type\":\"WebPage\",\"@id\":\"https:\\\/\\\/saiga.es\\\/es\\\/producto\\\/serrucho-mango-de-madera-ws-330h-kamikaze\\\/\",\"url\":\"https:\\\/\\\/saiga.es\\\/es\\\/producto\\\/serrucho-mango-de-madera-ws-330h-kamikaze\\\/\",\"name\":\"Serrucho mango de madera WS-330H KAMIKAZE | SAIGA\",\"isPartOf\":{\"@id\":\"https:\\\/\\\/saiga.es\\\/es\\\/#website\"},\"primaryImageOfPage\":{\"@id\":\"https:\\\/\\\/saiga.es\\\/es\\\/producto\\\/serrucho-mango-de-madera-ws-330h-kamikaze\\\/#primaryimage\"},\"image\":{\"@id\":\"https:\\\/\\\/saiga.es\\\/es\\\/producto\\\/serrucho-mango-de-madera-ws-330h-kamikaze\\\/#primaryimage\"},\"thumbnailUrl\":\"https:\\\/\\\/saiga.es\\\/wp-content\\\/uploads\\\/2024\\\/01\\\/Xerrac.jpg\",\"datePublished\":\"2024-01-08T12:08:52+00:00\",\"dateModified\":\"2025-10-27T07:53:29+00:00\",\"description\":\"El serrucho con mango de madera WS-330H Kamikaze, cuenta con una hoja curva de 330 mm y un mango con forma curva para reducir el esfuerzo necesario para el corte.\",\"breadcrumb\":{\"@id\":\"https:\\\/\\\/saiga.es\\\/es\\\/producto\\\/serrucho-mango-de-madera-ws-330h-kamikaze\\\/#breadcrumb\"},\"inLanguage\":\"es\",\"potentialAction\":[{\"@type\":\"ReadAction\",\"target\":[\"https:\\\/\\\/saiga.es\\\/es\\\/producto\\\/serrucho-mango-de-madera-ws-330h-kamikaze\\\/\"]}]},{\"@type\":\"ImageObject\",\"inLanguage\":\"es\",\"@id\":\"https:\\\/\\\/saiga.es\\\/es\\\/producto\\\/serrucho-mango-de-madera-ws-330h-kamikaze\\\/#primaryimage\",\"url\":\"https:\\\/\\\/saiga.es\\\/wp-content\\\/uploads\\\/2024\\\/01\\\/Xerrac.jpg\",\"contentUrl\":\"https:\\\/\\\/saiga.es\\\/wp-content\\\/uploads\\\/2024\\\/01\\\/Xerrac.jpg\",\"width\":1080,\"height\":1080,\"caption\":\"Xerrac Kamikaze\"},{\"@type\":\"BreadcrumbList\",\"@id\":\"https:\\\/\\\/saiga.es\\\/es\\\/producto\\\/serrucho-mango-de-madera-ws-330h-kamikaze\\\/#breadcrumb\",\"itemListElement\":[{\"@type\":\"ListItem\",\"position\":1,\"name\":\"Inici\",\"item\":\"https:\\\/\\\/saiga.es\\\/es\\\/\"},{\"@type\":\"ListItem\",\"position\":2,\"name\":\"Tienda\",\"item\":\"https:\\\/\\\/saiga.es\\\/es\\\/tienda\\\/\"},{\"@type\":\"ListItem\",\"position\":3,\"name\":\"Serrucho mango de madera WS-330H KAMIKAZE\"}]},{\"@type\":\"WebSite\",\"@id\":\"https:\\\/\\\/saiga.es\\\/es\\\/#website\",\"url\":\"https:\\\/\\\/saiga.es\\\/es\\\/\",\"name\":\"SAIGA\",\"description\":\"M\u00e9s de 50 anys al servei de la terra i treballant per a un \u00fas eficient de l\u2019aigua!\",\"publisher\":{\"@id\":\"https:\\\/\\\/saiga.es\\\/es\\\/#organization\"},\"potentialAction\":[{\"@type\":\"SearchAction\",\"target\":{\"@type\":\"EntryPoint\",\"urlTemplate\":\"https:\\\/\\\/saiga.es\\\/es\\\/?s={search_term_string}\"},\"query-input\":{\"@type\":\"PropertyValueSpecification\",\"valueRequired\":true,\"valueName\":\"search_term_string\"}}],\"inLanguage\":\"es\"},{\"@type\":\"Organization\",\"@id\":\"https:\\\/\\\/saiga.es\\\/es\\\/#organization\",\"name\":\"SAIGA\",\"url\":\"https:\\\/\\\/saiga.es\\\/es\\\/\",\"logo\":{\"@type\":\"ImageObject\",\"inLanguage\":\"es\",\"@id\":\"https:\\\/\\\/saiga.es\\\/es\\\/#\\\/schema\\\/logo\\\/image\\\/\",\"url\":\"https:\\\/\\\/saiga.es\\\/wp-content\\\/uploads\\\/2025\\\/07\\\/logo_saiga_baseline_optimitzat.svg\",\"contentUrl\":\"https:\\\/\\\/saiga.es\\\/wp-content\\\/uploads\\\/2025\\\/07\\\/logo_saiga_baseline_optimitzat.svg\",\"caption\":\"SAIGA\"},\"image\":{\"@id\":\"https:\\\/\\\/saiga.es\\\/es\\\/#\\\/schema\\\/logo\\\/image\\\/\"},\"sameAs\":[\"https:\\\/\\\/x.com\\\/saiga_agro\",\"https:\\\/\\\/www.instagram.com\\\/saiga_agro\\\/\"]}]}<\/script>\n<!-- \/ Yoast SEO plugin. -->","yoast_head_json":{"title":"Serrucho mango de madera WS-330H KAMIKAZE | SAIGA","description":"El serrucho con mango de madera WS-330H Kamikaze, cuenta con una hoja curva de 330 mm y un mango con forma curva para reducir el esfuerzo necesario para el corte.","robots":{"index":"index","follow":"follow","max-snippet":"max-snippet:-1","max-image-preview":"max-image-preview:large","max-video-preview":"max-video-preview:-1"},"canonical":"https:\/\/saiga.es\/es\/producto\/serrucho-mango-de-madera-ws-330h-kamikaze\/","og_locale":"es_ES","og_type":"article","og_title":"Serrucho mango de madera WS-330H KAMIKAZE | SAIGA","og_description":"El serrucho con mango de madera WS-330H Kamikaze, cuenta con una hoja curva de 330 mm y un mango con forma curva para reducir el esfuerzo necesario para el corte.","og_url":"https:\/\/saiga.es\/es\/producto\/serrucho-mango-de-madera-ws-330h-kamikaze\/","og_site_name":"SAIGA","article_modified_time":"2025-10-27T07:53:29+00:00","og_image":[{"width":1080,"height":1080,"url":"https:\/\/saiga.es\/wp-content\/uploads\/2024\/01\/Xerrac.jpg","type":"image\/jpeg"}],"twitter_card":"summary_large_image","twitter_site":"@saiga_agro","twitter_misc":{"Tiempo de lectura":"1 minuto"},"schema":{"@context":"https:\/\/schema.org","@graph":[{"@type":"WebPage","@id":"https:\/\/saiga.es\/es\/producto\/serrucho-mango-de-madera-ws-330h-kamikaze\/","url":"https:\/\/saiga.es\/es\/producto\/serrucho-mango-de-madera-ws-330h-kamikaze\/","name":"Serrucho mango de madera WS-330H KAMIKAZE | SAIGA","isPartOf":{"@id":"https:\/\/saiga.es\/es\/#website"},"primaryImageOfPage":{"@id":"https:\/\/saiga.es\/es\/producto\/serrucho-mango-de-madera-ws-330h-kamikaze\/#primaryimage"},"image":{"@id":"https:\/\/saiga.es\/es\/producto\/serrucho-mango-de-madera-ws-330h-kamikaze\/#primaryimage"},"thumbnailUrl":"https:\/\/saiga.es\/wp-content\/uploads\/2024\/01\/Xerrac.jpg","datePublished":"2024-01-08T12:08:52+00:00","dateModified":"2025-10-27T07:53:29+00:00","description":"El serrucho con mango de madera WS-330H Kamikaze, cuenta con una hoja curva de 330 mm y un mango con forma curva para reducir el esfuerzo necesario para el corte.","breadcrumb":{"@id":"https:\/\/saiga.es\/es\/producto\/serrucho-mango-de-madera-ws-330h-kamikaze\/#breadcrumb"},"inLanguage":"es","potentialAction":[{"@type":"ReadAction","target":["https:\/\/saiga.es\/es\/producto\/serrucho-mango-de-madera-ws-330h-kamikaze\/"]}]},{"@type":"ImageObject","inLanguage":"es","@id":"https:\/\/saiga.es\/es\/producto\/serrucho-mango-de-madera-ws-330h-kamikaze\/#primaryimage","url":"https:\/\/saiga.es\/wp-content\/uploads\/2024\/01\/Xerrac.jpg","contentUrl":"https:\/\/saiga.es\/wp-content\/uploads\/2024\/01\/Xerrac.jpg","width":1080,"height":1080,"caption":"Xerrac Kamikaze"},{"@type":"BreadcrumbList","@id":"https:\/\/saiga.es\/es\/producto\/serrucho-mango-de-madera-ws-330h-kamikaze\/#breadcrumb","itemListElement":[{"@type":"ListItem","position":1,"name":"Inici","item":"https:\/\/saiga.es\/es\/"},{"@type":"ListItem","position":2,"name":"Tienda","item":"https:\/\/saiga.es\/es\/tienda\/"},{"@type":"ListItem","position":3,"name":"Serrucho mango de madera WS-330H KAMIKAZE"}]},{"@type":"WebSite","@id":"https:\/\/saiga.es\/es\/#website","url":"https:\/\/saiga.es\/es\/","name":"SAIGA","description":"M\u00e9s de 50 anys al servei de la terra i treballant per a un \u00fas eficient de l\u2019aigua!","publisher":{"@id":"https:\/\/saiga.es\/es\/#organization"},"potentialAction":[{"@type":"SearchAction","target":{"@type":"EntryPoint","urlTemplate":"https:\/\/saiga.es\/es\/?s={search_term_string}"},"query-input":{"@type":"PropertyValueSpecification","valueRequired":true,"valueName":"search_term_string"}}],"inLanguage":"es"},{"@type":"Organization","@id":"https:\/\/saiga.es\/es\/#organization","name":"SAIGA","url":"https:\/\/saiga.es\/es\/","logo":{"@type":"ImageObject","inLanguage":"es","@id":"https:\/\/saiga.es\/es\/#\/schema\/logo\/image\/","url":"https:\/\/saiga.es\/wp-content\/uploads\/2025\/07\/logo_saiga_baseline_optimitzat.svg","contentUrl":"https:\/\/saiga.es\/wp-content\/uploads\/2025\/07\/logo_saiga_baseline_optimitzat.svg","caption":"SAIGA"},"image":{"@id":"https:\/\/saiga.es\/es\/#\/schema\/logo\/image\/"},"sameAs":["https:\/\/x.com\/saiga_agro","https:\/\/www.instagram.com\/saiga_agro\/"]}]}},"_links":{"self":[{"href":"https:\/\/saiga.es\/es\/wp-json\/wp\/v2\/product\/8766","targetHints":{"allow":["GET"]}}],"collection":[{"href":"https:\/\/saiga.es\/es\/wp-json\/wp\/v2\/product"}],"about":[{"href":"https:\/\/saiga.es\/es\/wp-json\/wp\/v2\/types\/product"}],"replies":[{"embeddable":true,"href":"https:\/\/saiga.es\/es\/wp-json\/wp\/v2\/comments?post=8766"}],"wp:featuredmedia":[{"embeddable":true,"href":"https:\/\/saiga.es\/es\/wp-json\/wp\/v2\/media\/14864"}],"wp:attachment":[{"href":"https:\/\/saiga.es\/es\/wp-json\/wp\/v2\/media?parent=8766"}],"wp:term":[{"taxonomy":"product_brand","embeddable":true,"href":"https:\/\/saiga.es\/es\/wp-json\/wp\/v2\/product_brand?post=8766"},{"taxonomy":"product_cat","embeddable":true,"href":"https:\/\/saiga.es\/es\/wp-json\/wp\/v2\/product_cat?post=8766"},{"taxonomy":"product_tag","embeddable":true,"href":"https:\/\/saiga.es\/es\/wp-json\/wp\/v2\/product_tag?post=8766"}],"curies":[{"name":"wp","href":"https:\/\/api.w.org\/{rel}","templated":true}]}}