{"id":8852,"date":"2024-03-08T11:28:27","date_gmt":"2024-03-08T11:28:27","guid":{"rendered":"https:\/\/botiga.saiga.es\/producte\/bomba-electrica-bi-turbina-serie-gcm\/"},"modified":"2024-03-08T11:28:27","modified_gmt":"2024-03-08T11:28:27","slug":"bomba-electrica-bi-turbina-serie-gcm","status":"publish","type":"product","link":"https:\/\/saiga.es\/es\/producto\/bomba-electrica-bi-turbina-serie-gcm\/","title":{"rendered":"Bomba el\u00e9ctrica BI-Turbina serie GCM"},"content":{"rendered":"<p>Bomba el\u00e9ctrica BI-Turbina serie GCM. Bomba centr\u00edfuga biturbina dise\u00f1ada para su trabajo en grupos de presi\u00f3n por el suministro de agua a instalaciones dom\u00e9sticas, civiles e industriales. Apta para el riego por aspersi\u00f3n y otras aplicaciones para el suministro de agua en general.<\/p>\n","protected":false},"excerpt":{"rendered":"<p>Bomba el\u00e9ctrica BI-Turbina serie GCM. Bomba centr\u00edfuga biturbina dise\u00f1ada para su trabajo en grupos de presi\u00f3n por el suministro de agua a instalaciones dom\u00e9sticas, civiles e industriales.<\/p>\n<p><a href=\"https:\/\/botiga.saiga.es\/wp-content\/uploads\/2024\/03\/Bomba-BI-TURBINA_GCM_Serie_MAX.pdf\">Ficha t\u00e9cnica<\/a><\/p>\n","protected":false},"featured_media":8818,"comment_status":"closed","ping_status":"closed","template":"","meta":[],"product_brand":[],"product_cat":[414],"product_tag":[1176,1214,1177],"class_list":{"0":"post-8852","1":"product","2":"type-product","3":"status-publish","4":"has-post-thumbnail","6":"product_cat-bombas-y-accesorios","7":"product_tag-bomba-es","8":"product_tag-bomba-electrica-es","9":"product_tag-electrobomba-es","11":"first","12":"instock","13":"taxable","14":"shipping-taxable","15":"purchasable","16":"product-type-variable"},"yoast_head":"<!-- This site is optimized with the Yoast SEO plugin v27.4 - https:\/\/yoast.com\/product\/yoast-seo-wordpress\/ -->\n<title>Bomba el\u00e9ctrica BI-Turbina serie GCM | SAIGA<\/title>\n<meta name=\"description\" content=\"Bomba el\u00e9ctrica BI-Turbina serie GCM Bomba centr\u00edfuga biturbina dise\u00f1ada para su trabajo en grupos de presi\u00f3n por el suministro de agua en instalaciones dom\u00e9sticas, civiles e industriales.\" \/>\n<meta name=\"robots\" content=\"index, follow, max-snippet:-1, max-image-preview:large, max-video-preview:-1\" \/>\n<link rel=\"canonical\" href=\"https:\/\/saiga.es\/es\/producto\/bomba-electrica-bi-turbina-serie-gcm\/\" \/>\n<meta property=\"og:locale\" content=\"es_ES\" \/>\n<meta property=\"og:type\" content=\"article\" \/>\n<meta property=\"og:title\" content=\"Bomba el\u00e9ctrica BI-Turbina serie GCM | SAIGA\" \/>\n<meta property=\"og:description\" content=\"Bomba el\u00e9ctrica BI-Turbina serie GCM Bomba centr\u00edfuga biturbina dise\u00f1ada para su trabajo en grupos de presi\u00f3n por el suministro de agua en instalaciones dom\u00e9sticas, civiles e industriales.\" \/>\n<meta property=\"og:url\" content=\"https:\/\/saiga.es\/es\/producto\/bomba-electrica-bi-turbina-serie-gcm\/\" \/>\n<meta property=\"og:site_name\" content=\"SAIGA\" \/>\n<meta property=\"og:image\" content=\"https:\/\/saiga.es\/wp-content\/uploads\/2024\/03\/Electrobomba-GCM.jpg\" \/>\n\t<meta property=\"og:image:width\" content=\"381\" \/>\n\t<meta property=\"og:image:height\" content=\"492\" \/>\n\t<meta property=\"og:image:type\" content=\"image\/jpeg\" \/>\n<meta name=\"twitter:card\" content=\"summary_large_image\" \/>\n<meta name=\"twitter:site\" content=\"@saiga_agro\" \/>\n<script type=\"application\/ld+json\" class=\"yoast-schema-graph\">{\"@context\":\"https:\\\/\\\/schema.org\",\"@graph\":[{\"@type\":\"WebPage\",\"@id\":\"https:\\\/\\\/saiga.es\\\/es\\\/producto\\\/bomba-electrica-bi-turbina-serie-gcm\\\/\",\"url\":\"https:\\\/\\\/saiga.es\\\/es\\\/producto\\\/bomba-electrica-bi-turbina-serie-gcm\\\/\",\"name\":\"Bomba el\u00e9ctrica BI-Turbina serie GCM | SAIGA\",\"isPartOf\":{\"@id\":\"https:\\\/\\\/saiga.es\\\/es\\\/#website\"},\"primaryImageOfPage\":{\"@id\":\"https:\\\/\\\/saiga.es\\\/es\\\/producto\\\/bomba-electrica-bi-turbina-serie-gcm\\\/#primaryimage\"},\"image\":{\"@id\":\"https:\\\/\\\/saiga.es\\\/es\\\/producto\\\/bomba-electrica-bi-turbina-serie-gcm\\\/#primaryimage\"},\"thumbnailUrl\":\"https:\\\/\\\/saiga.es\\\/wp-content\\\/uploads\\\/2024\\\/03\\\/Electrobomba-GCM.jpg\",\"datePublished\":\"2024-03-08T11:28:27+00:00\",\"description\":\"Bomba el\u00e9ctrica BI-Turbina serie GCM Bomba centr\u00edfuga biturbina dise\u00f1ada para su trabajo en grupos de presi\u00f3n por el suministro de agua en instalaciones dom\u00e9sticas, civiles e industriales.\",\"breadcrumb\":{\"@id\":\"https:\\\/\\\/saiga.es\\\/es\\\/producto\\\/bomba-electrica-bi-turbina-serie-gcm\\\/#breadcrumb\"},\"inLanguage\":\"es\",\"potentialAction\":[{\"@type\":\"ReadAction\",\"target\":[\"https:\\\/\\\/saiga.es\\\/es\\\/producto\\\/bomba-electrica-bi-turbina-serie-gcm\\\/\"]}]},{\"@type\":\"ImageObject\",\"inLanguage\":\"es\",\"@id\":\"https:\\\/\\\/saiga.es\\\/es\\\/producto\\\/bomba-electrica-bi-turbina-serie-gcm\\\/#primaryimage\",\"url\":\"https:\\\/\\\/saiga.es\\\/wp-content\\\/uploads\\\/2024\\\/03\\\/Electrobomba-GCM.jpg\",\"contentUrl\":\"https:\\\/\\\/saiga.es\\\/wp-content\\\/uploads\\\/2024\\\/03\\\/Electrobomba-GCM.jpg\",\"width\":381,\"height\":492,\"caption\":\"Electrobomba Bi turbina GCM\"},{\"@type\":\"BreadcrumbList\",\"@id\":\"https:\\\/\\\/saiga.es\\\/es\\\/producto\\\/bomba-electrica-bi-turbina-serie-gcm\\\/#breadcrumb\",\"itemListElement\":[{\"@type\":\"ListItem\",\"position\":1,\"name\":\"Inici\",\"item\":\"https:\\\/\\\/saiga.es\\\/es\\\/\"},{\"@type\":\"ListItem\",\"position\":2,\"name\":\"Tienda\",\"item\":\"https:\\\/\\\/saiga.es\\\/es\\\/tienda\\\/\"},{\"@type\":\"ListItem\",\"position\":3,\"name\":\"Bomba el\u00e9ctrica BI-Turbina serie GCM\"}]},{\"@type\":\"WebSite\",\"@id\":\"https:\\\/\\\/saiga.es\\\/es\\\/#website\",\"url\":\"https:\\\/\\\/saiga.es\\\/es\\\/\",\"name\":\"SAIGA\",\"description\":\"M\u00e9s de 50 anys al servei de la terra i treballant per a un \u00fas eficient de l\u2019aigua!\",\"publisher\":{\"@id\":\"https:\\\/\\\/saiga.es\\\/es\\\/#organization\"},\"potentialAction\":[{\"@type\":\"SearchAction\",\"target\":{\"@type\":\"EntryPoint\",\"urlTemplate\":\"https:\\\/\\\/saiga.es\\\/es\\\/?s={search_term_string}\"},\"query-input\":{\"@type\":\"PropertyValueSpecification\",\"valueRequired\":true,\"valueName\":\"search_term_string\"}}],\"inLanguage\":\"es\"},{\"@type\":\"Organization\",\"@id\":\"https:\\\/\\\/saiga.es\\\/es\\\/#organization\",\"name\":\"SAIGA\",\"url\":\"https:\\\/\\\/saiga.es\\\/es\\\/\",\"logo\":{\"@type\":\"ImageObject\",\"inLanguage\":\"es\",\"@id\":\"https:\\\/\\\/saiga.es\\\/es\\\/#\\\/schema\\\/logo\\\/image\\\/\",\"url\":\"https:\\\/\\\/saiga.es\\\/wp-content\\\/uploads\\\/2025\\\/07\\\/logo_saiga_baseline_optimitzat.svg\",\"contentUrl\":\"https:\\\/\\\/saiga.es\\\/wp-content\\\/uploads\\\/2025\\\/07\\\/logo_saiga_baseline_optimitzat.svg\",\"caption\":\"SAIGA\"},\"image\":{\"@id\":\"https:\\\/\\\/saiga.es\\\/es\\\/#\\\/schema\\\/logo\\\/image\\\/\"},\"sameAs\":[\"https:\\\/\\\/x.com\\\/saiga_agro\",\"https:\\\/\\\/www.instagram.com\\\/saiga_agro\\\/\"]}]}<\/script>\n<!-- \/ Yoast SEO plugin. -->","yoast_head_json":{"title":"Bomba el\u00e9ctrica BI-Turbina serie GCM | SAIGA","description":"Bomba el\u00e9ctrica BI-Turbina serie GCM Bomba centr\u00edfuga biturbina dise\u00f1ada para su trabajo en grupos de presi\u00f3n por el suministro de agua en instalaciones dom\u00e9sticas, civiles e industriales.","robots":{"index":"index","follow":"follow","max-snippet":"max-snippet:-1","max-image-preview":"max-image-preview:large","max-video-preview":"max-video-preview:-1"},"canonical":"https:\/\/saiga.es\/es\/producto\/bomba-electrica-bi-turbina-serie-gcm\/","og_locale":"es_ES","og_type":"article","og_title":"Bomba el\u00e9ctrica BI-Turbina serie GCM | SAIGA","og_description":"Bomba el\u00e9ctrica BI-Turbina serie GCM Bomba centr\u00edfuga biturbina dise\u00f1ada para su trabajo en grupos de presi\u00f3n por el suministro de agua en instalaciones dom\u00e9sticas, civiles e industriales.","og_url":"https:\/\/saiga.es\/es\/producto\/bomba-electrica-bi-turbina-serie-gcm\/","og_site_name":"SAIGA","og_image":[{"width":381,"height":492,"url":"https:\/\/saiga.es\/wp-content\/uploads\/2024\/03\/Electrobomba-GCM.jpg","type":"image\/jpeg"}],"twitter_card":"summary_large_image","twitter_site":"@saiga_agro","schema":{"@context":"https:\/\/schema.org","@graph":[{"@type":"WebPage","@id":"https:\/\/saiga.es\/es\/producto\/bomba-electrica-bi-turbina-serie-gcm\/","url":"https:\/\/saiga.es\/es\/producto\/bomba-electrica-bi-turbina-serie-gcm\/","name":"Bomba el\u00e9ctrica BI-Turbina serie GCM | SAIGA","isPartOf":{"@id":"https:\/\/saiga.es\/es\/#website"},"primaryImageOfPage":{"@id":"https:\/\/saiga.es\/es\/producto\/bomba-electrica-bi-turbina-serie-gcm\/#primaryimage"},"image":{"@id":"https:\/\/saiga.es\/es\/producto\/bomba-electrica-bi-turbina-serie-gcm\/#primaryimage"},"thumbnailUrl":"https:\/\/saiga.es\/wp-content\/uploads\/2024\/03\/Electrobomba-GCM.jpg","datePublished":"2024-03-08T11:28:27+00:00","description":"Bomba el\u00e9ctrica BI-Turbina serie GCM Bomba centr\u00edfuga biturbina dise\u00f1ada para su trabajo en grupos de presi\u00f3n por el suministro de agua en instalaciones dom\u00e9sticas, civiles e industriales.","breadcrumb":{"@id":"https:\/\/saiga.es\/es\/producto\/bomba-electrica-bi-turbina-serie-gcm\/#breadcrumb"},"inLanguage":"es","potentialAction":[{"@type":"ReadAction","target":["https:\/\/saiga.es\/es\/producto\/bomba-electrica-bi-turbina-serie-gcm\/"]}]},{"@type":"ImageObject","inLanguage":"es","@id":"https:\/\/saiga.es\/es\/producto\/bomba-electrica-bi-turbina-serie-gcm\/#primaryimage","url":"https:\/\/saiga.es\/wp-content\/uploads\/2024\/03\/Electrobomba-GCM.jpg","contentUrl":"https:\/\/saiga.es\/wp-content\/uploads\/2024\/03\/Electrobomba-GCM.jpg","width":381,"height":492,"caption":"Electrobomba Bi turbina GCM"},{"@type":"BreadcrumbList","@id":"https:\/\/saiga.es\/es\/producto\/bomba-electrica-bi-turbina-serie-gcm\/#breadcrumb","itemListElement":[{"@type":"ListItem","position":1,"name":"Inici","item":"https:\/\/saiga.es\/es\/"},{"@type":"ListItem","position":2,"name":"Tienda","item":"https:\/\/saiga.es\/es\/tienda\/"},{"@type":"ListItem","position":3,"name":"Bomba el\u00e9ctrica BI-Turbina serie GCM"}]},{"@type":"WebSite","@id":"https:\/\/saiga.es\/es\/#website","url":"https:\/\/saiga.es\/es\/","name":"SAIGA","description":"M\u00e9s de 50 anys al servei de la terra i treballant per a un \u00fas eficient de l\u2019aigua!","publisher":{"@id":"https:\/\/saiga.es\/es\/#organization"},"potentialAction":[{"@type":"SearchAction","target":{"@type":"EntryPoint","urlTemplate":"https:\/\/saiga.es\/es\/?s={search_term_string}"},"query-input":{"@type":"PropertyValueSpecification","valueRequired":true,"valueName":"search_term_string"}}],"inLanguage":"es"},{"@type":"Organization","@id":"https:\/\/saiga.es\/es\/#organization","name":"SAIGA","url":"https:\/\/saiga.es\/es\/","logo":{"@type":"ImageObject","inLanguage":"es","@id":"https:\/\/saiga.es\/es\/#\/schema\/logo\/image\/","url":"https:\/\/saiga.es\/wp-content\/uploads\/2025\/07\/logo_saiga_baseline_optimitzat.svg","contentUrl":"https:\/\/saiga.es\/wp-content\/uploads\/2025\/07\/logo_saiga_baseline_optimitzat.svg","caption":"SAIGA"},"image":{"@id":"https:\/\/saiga.es\/es\/#\/schema\/logo\/image\/"},"sameAs":["https:\/\/x.com\/saiga_agro","https:\/\/www.instagram.com\/saiga_agro\/"]}]}},"_links":{"self":[{"href":"https:\/\/saiga.es\/es\/wp-json\/wp\/v2\/product\/8852","targetHints":{"allow":["GET"]}}],"collection":[{"href":"https:\/\/saiga.es\/es\/wp-json\/wp\/v2\/product"}],"about":[{"href":"https:\/\/saiga.es\/es\/wp-json\/wp\/v2\/types\/product"}],"replies":[{"embeddable":true,"href":"https:\/\/saiga.es\/es\/wp-json\/wp\/v2\/comments?post=8852"}],"wp:featuredmedia":[{"embeddable":true,"href":"https:\/\/saiga.es\/es\/wp-json\/wp\/v2\/media\/8818"}],"wp:attachment":[{"href":"https:\/\/saiga.es\/es\/wp-json\/wp\/v2\/media?parent=8852"}],"wp:term":[{"taxonomy":"product_brand","embeddable":true,"href":"https:\/\/saiga.es\/es\/wp-json\/wp\/v2\/product_brand?post=8852"},{"taxonomy":"product_cat","embeddable":true,"href":"https:\/\/saiga.es\/es\/wp-json\/wp\/v2\/product_cat?post=8852"},{"taxonomy":"product_tag","embeddable":true,"href":"https:\/\/saiga.es\/es\/wp-json\/wp\/v2\/product_tag?post=8852"}],"curies":[{"name":"wp","href":"https:\/\/api.w.org\/{rel}","templated":true}]}}