{"id":9074,"date":"2024-03-14T11:15:44","date_gmt":"2024-03-14T11:15:44","guid":{"rendered":"https:\/\/botiga.saiga.es\/?post_type=product&#038;p=9074"},"modified":"2025-10-24T09:06:55","modified_gmt":"2025-10-24T09:06:55","slug":"sobre-ceba-calcot-tardana-de-lleida","status":"publish","type":"product","link":"https:\/\/saiga.es\/es\/producto\/sobre-ceba-calcot-tardana-de-lleida\/","title":{"rendered":"Sobre ceba &#8216;cal\u00e7ot&#8217; tardana de Lleida"},"content":{"rendered":"<p>Sobre ceba &#8216;cal\u00e7ot&#8217; tardana de Lleida<\/p>\n<p>Els &#8216;cal\u00e7ots&#8217; s\u00f3n els brots emesos a la primavera despr\u00e9s de la plantaci\u00f3 de bulbs madurs a la tardor. Tenen un aspecte similar al d&#8217;un porro, amb uns 2 cm de di\u00e0metre i 20-25 cm de longitud un cop s&#8217;han retallat les fulles.<\/p>\n","protected":false},"excerpt":{"rendered":"<p>Sobre ceba &#8216;cal\u00e7ot&#8217; tardana de Lleida<\/p>\n<p>Els &#8216;cal\u00e7ots&#8217; s\u00f3n els brots emesos a la primavera despr\u00e9s de la plantaci\u00f3 de bulbs madurs a la tardor. Tenen un aspecte similar al d&#8217;un porro, amb uns 2 cm de di\u00e0metre i 20-25 cm de longitud un cop s&#8217;han retallat les fulles.<\/p>\n","protected":false},"featured_media":9075,"comment_status":"open","ping_status":"closed","template":"","meta":[],"product_brand":[],"product_cat":[58],"product_tag":[],"class_list":{"0":"post-9074","1":"product","2":"type-product","3":"status-publish","4":"has-post-thumbnail","6":"product_cat-horticoles","8":"first","9":"instock","10":"taxable","11":"shipping-taxable","12":"purchasable","13":"product-type-simple"},"yoast_head":"<!-- This site is optimized with the Yoast SEO plugin v27.4 - https:\/\/yoast.com\/product\/yoast-seo-wordpress\/ -->\n<title>Sobre ceba &#039;cal\u00e7ot&#039; tardana de Lleida | SAIGA<\/title>\n<meta name=\"robots\" content=\"index, follow, max-snippet:-1, max-image-preview:large, max-video-preview:-1\" \/>\n<link rel=\"canonical\" href=\"https:\/\/saiga.es\/es\/producto\/sobre-ceba-calcot-tardana-de-lleida\/\" \/>\n<meta property=\"og:locale\" content=\"es_ES\" \/>\n<meta property=\"og:type\" content=\"article\" \/>\n<meta property=\"og:title\" content=\"Sobre ceba &#039;cal\u00e7ot&#039; tardana de Lleida | SAIGA\" \/>\n<meta property=\"og:description\" content=\"Sobre ceba &#039;cal\u00e7ot&#039; tardana de Lleida  Els &#039;cal\u00e7ots&#039; s\u00f3n els brots emesos a la primavera despr\u00e9s de la plantaci\u00f3 de bulbs madurs a la tardor. Tenen un aspecte similar al d&#039;un porro, amb uns 2 cm de di\u00e0metre i 20-25 cm de longitud un cop s&#039;han retallat les fulles.\" \/>\n<meta property=\"og:url\" content=\"https:\/\/saiga.es\/es\/producto\/sobre-ceba-calcot-tardana-de-lleida\/\" \/>\n<meta property=\"og:site_name\" content=\"SAIGA\" \/>\n<meta property=\"article:modified_time\" content=\"2025-10-24T09:06:55+00:00\" \/>\n<meta property=\"og:image\" content=\"https:\/\/saiga.es\/wp-content\/uploads\/2024\/03\/cebolla-blanca-grande-tleridacalots.jpg\" \/>\n\t<meta property=\"og:image:width\" content=\"500\" \/>\n\t<meta property=\"og:image:height\" content=\"720\" \/>\n\t<meta property=\"og:image:type\" content=\"image\/jpeg\" \/>\n<meta name=\"twitter:card\" content=\"summary_large_image\" \/>\n<meta name=\"twitter:site\" content=\"@saiga_agro\" \/>\n<meta name=\"twitter:label1\" content=\"Tiempo de lectura\" \/>\n\t<meta name=\"twitter:data1\" content=\"1 minuto\" \/>\n<script type=\"application\/ld+json\" class=\"yoast-schema-graph\">{\"@context\":\"https:\\\/\\\/schema.org\",\"@graph\":[{\"@type\":\"WebPage\",\"@id\":\"https:\\\/\\\/saiga.es\\\/es\\\/producto\\\/sobre-ceba-calcot-tardana-de-lleida\\\/\",\"url\":\"https:\\\/\\\/saiga.es\\\/es\\\/producto\\\/sobre-ceba-calcot-tardana-de-lleida\\\/\",\"name\":\"Sobre ceba 'cal\u00e7ot' tardana de Lleida | SAIGA\",\"isPartOf\":{\"@id\":\"https:\\\/\\\/saiga.es\\\/es\\\/#website\"},\"primaryImageOfPage\":{\"@id\":\"https:\\\/\\\/saiga.es\\\/es\\\/producto\\\/sobre-ceba-calcot-tardana-de-lleida\\\/#primaryimage\"},\"image\":{\"@id\":\"https:\\\/\\\/saiga.es\\\/es\\\/producto\\\/sobre-ceba-calcot-tardana-de-lleida\\\/#primaryimage\"},\"thumbnailUrl\":\"https:\\\/\\\/saiga.es\\\/wp-content\\\/uploads\\\/2024\\\/03\\\/cebolla-blanca-grande-tleridacalots.jpg\",\"datePublished\":\"2024-03-14T11:15:44+00:00\",\"dateModified\":\"2025-10-24T09:06:55+00:00\",\"breadcrumb\":{\"@id\":\"https:\\\/\\\/saiga.es\\\/es\\\/producto\\\/sobre-ceba-calcot-tardana-de-lleida\\\/#breadcrumb\"},\"inLanguage\":\"es\",\"potentialAction\":[{\"@type\":\"ReadAction\",\"target\":[\"https:\\\/\\\/saiga.es\\\/es\\\/producto\\\/sobre-ceba-calcot-tardana-de-lleida\\\/\"]}]},{\"@type\":\"ImageObject\",\"inLanguage\":\"es\",\"@id\":\"https:\\\/\\\/saiga.es\\\/es\\\/producto\\\/sobre-ceba-calcot-tardana-de-lleida\\\/#primaryimage\",\"url\":\"https:\\\/\\\/saiga.es\\\/wp-content\\\/uploads\\\/2024\\\/03\\\/cebolla-blanca-grande-tleridacalots.jpg\",\"contentUrl\":\"https:\\\/\\\/saiga.es\\\/wp-content\\\/uploads\\\/2024\\\/03\\\/cebolla-blanca-grande-tleridacalots.jpg\",\"width\":500,\"height\":720},{\"@type\":\"BreadcrumbList\",\"@id\":\"https:\\\/\\\/saiga.es\\\/es\\\/producto\\\/sobre-ceba-calcot-tardana-de-lleida\\\/#breadcrumb\",\"itemListElement\":[{\"@type\":\"ListItem\",\"position\":1,\"name\":\"Inici\",\"item\":\"https:\\\/\\\/saiga.es\\\/es\\\/\"},{\"@type\":\"ListItem\",\"position\":2,\"name\":\"Tienda\",\"item\":\"https:\\\/\\\/saiga.es\\\/es\\\/tienda\\\/\"},{\"@type\":\"ListItem\",\"position\":3,\"name\":\"Sobre ceba &lsquo;cal\u00e7ot&rsquo; tardana de Lleida\"}]},{\"@type\":\"WebSite\",\"@id\":\"https:\\\/\\\/saiga.es\\\/es\\\/#website\",\"url\":\"https:\\\/\\\/saiga.es\\\/es\\\/\",\"name\":\"SAIGA\",\"description\":\"M\u00e9s de 50 anys al servei de la terra i treballant per a un \u00fas eficient de l\u2019aigua!\",\"publisher\":{\"@id\":\"https:\\\/\\\/saiga.es\\\/es\\\/#organization\"},\"potentialAction\":[{\"@type\":\"SearchAction\",\"target\":{\"@type\":\"EntryPoint\",\"urlTemplate\":\"https:\\\/\\\/saiga.es\\\/es\\\/?s={search_term_string}\"},\"query-input\":{\"@type\":\"PropertyValueSpecification\",\"valueRequired\":true,\"valueName\":\"search_term_string\"}}],\"inLanguage\":\"es\"},{\"@type\":\"Organization\",\"@id\":\"https:\\\/\\\/saiga.es\\\/es\\\/#organization\",\"name\":\"SAIGA\",\"url\":\"https:\\\/\\\/saiga.es\\\/es\\\/\",\"logo\":{\"@type\":\"ImageObject\",\"inLanguage\":\"es\",\"@id\":\"https:\\\/\\\/saiga.es\\\/es\\\/#\\\/schema\\\/logo\\\/image\\\/\",\"url\":\"https:\\\/\\\/saiga.es\\\/wp-content\\\/uploads\\\/2025\\\/07\\\/logo_saiga_baseline_optimitzat.svg\",\"contentUrl\":\"https:\\\/\\\/saiga.es\\\/wp-content\\\/uploads\\\/2025\\\/07\\\/logo_saiga_baseline_optimitzat.svg\",\"caption\":\"SAIGA\"},\"image\":{\"@id\":\"https:\\\/\\\/saiga.es\\\/es\\\/#\\\/schema\\\/logo\\\/image\\\/\"},\"sameAs\":[\"https:\\\/\\\/x.com\\\/saiga_agro\",\"https:\\\/\\\/www.instagram.com\\\/saiga_agro\\\/\"]}]}<\/script>\n<!-- \/ Yoast SEO plugin. -->","yoast_head_json":{"title":"Sobre ceba 'cal\u00e7ot' tardana de Lleida | SAIGA","robots":{"index":"index","follow":"follow","max-snippet":"max-snippet:-1","max-image-preview":"max-image-preview:large","max-video-preview":"max-video-preview:-1"},"canonical":"https:\/\/saiga.es\/es\/producto\/sobre-ceba-calcot-tardana-de-lleida\/","og_locale":"es_ES","og_type":"article","og_title":"Sobre ceba 'cal\u00e7ot' tardana de Lleida | SAIGA","og_description":"Sobre ceba 'cal\u00e7ot' tardana de Lleida  Els 'cal\u00e7ots' s\u00f3n els brots emesos a la primavera despr\u00e9s de la plantaci\u00f3 de bulbs madurs a la tardor. Tenen un aspecte similar al d'un porro, amb uns 2 cm de di\u00e0metre i 20-25 cm de longitud un cop s'han retallat les fulles.","og_url":"https:\/\/saiga.es\/es\/producto\/sobre-ceba-calcot-tardana-de-lleida\/","og_site_name":"SAIGA","article_modified_time":"2025-10-24T09:06:55+00:00","og_image":[{"width":500,"height":720,"url":"https:\/\/saiga.es\/wp-content\/uploads\/2024\/03\/cebolla-blanca-grande-tleridacalots.jpg","type":"image\/jpeg"}],"twitter_card":"summary_large_image","twitter_site":"@saiga_agro","twitter_misc":{"Tiempo de lectura":"1 minuto"},"schema":{"@context":"https:\/\/schema.org","@graph":[{"@type":"WebPage","@id":"https:\/\/saiga.es\/es\/producto\/sobre-ceba-calcot-tardana-de-lleida\/","url":"https:\/\/saiga.es\/es\/producto\/sobre-ceba-calcot-tardana-de-lleida\/","name":"Sobre ceba 'cal\u00e7ot' tardana de Lleida | SAIGA","isPartOf":{"@id":"https:\/\/saiga.es\/es\/#website"},"primaryImageOfPage":{"@id":"https:\/\/saiga.es\/es\/producto\/sobre-ceba-calcot-tardana-de-lleida\/#primaryimage"},"image":{"@id":"https:\/\/saiga.es\/es\/producto\/sobre-ceba-calcot-tardana-de-lleida\/#primaryimage"},"thumbnailUrl":"https:\/\/saiga.es\/wp-content\/uploads\/2024\/03\/cebolla-blanca-grande-tleridacalots.jpg","datePublished":"2024-03-14T11:15:44+00:00","dateModified":"2025-10-24T09:06:55+00:00","breadcrumb":{"@id":"https:\/\/saiga.es\/es\/producto\/sobre-ceba-calcot-tardana-de-lleida\/#breadcrumb"},"inLanguage":"es","potentialAction":[{"@type":"ReadAction","target":["https:\/\/saiga.es\/es\/producto\/sobre-ceba-calcot-tardana-de-lleida\/"]}]},{"@type":"ImageObject","inLanguage":"es","@id":"https:\/\/saiga.es\/es\/producto\/sobre-ceba-calcot-tardana-de-lleida\/#primaryimage","url":"https:\/\/saiga.es\/wp-content\/uploads\/2024\/03\/cebolla-blanca-grande-tleridacalots.jpg","contentUrl":"https:\/\/saiga.es\/wp-content\/uploads\/2024\/03\/cebolla-blanca-grande-tleridacalots.jpg","width":500,"height":720},{"@type":"BreadcrumbList","@id":"https:\/\/saiga.es\/es\/producto\/sobre-ceba-calcot-tardana-de-lleida\/#breadcrumb","itemListElement":[{"@type":"ListItem","position":1,"name":"Inici","item":"https:\/\/saiga.es\/es\/"},{"@type":"ListItem","position":2,"name":"Tienda","item":"https:\/\/saiga.es\/es\/tienda\/"},{"@type":"ListItem","position":3,"name":"Sobre ceba &lsquo;cal\u00e7ot&rsquo; tardana de Lleida"}]},{"@type":"WebSite","@id":"https:\/\/saiga.es\/es\/#website","url":"https:\/\/saiga.es\/es\/","name":"SAIGA","description":"M\u00e9s de 50 anys al servei de la terra i treballant per a un \u00fas eficient de l\u2019aigua!","publisher":{"@id":"https:\/\/saiga.es\/es\/#organization"},"potentialAction":[{"@type":"SearchAction","target":{"@type":"EntryPoint","urlTemplate":"https:\/\/saiga.es\/es\/?s={search_term_string}"},"query-input":{"@type":"PropertyValueSpecification","valueRequired":true,"valueName":"search_term_string"}}],"inLanguage":"es"},{"@type":"Organization","@id":"https:\/\/saiga.es\/es\/#organization","name":"SAIGA","url":"https:\/\/saiga.es\/es\/","logo":{"@type":"ImageObject","inLanguage":"es","@id":"https:\/\/saiga.es\/es\/#\/schema\/logo\/image\/","url":"https:\/\/saiga.es\/wp-content\/uploads\/2025\/07\/logo_saiga_baseline_optimitzat.svg","contentUrl":"https:\/\/saiga.es\/wp-content\/uploads\/2025\/07\/logo_saiga_baseline_optimitzat.svg","caption":"SAIGA"},"image":{"@id":"https:\/\/saiga.es\/es\/#\/schema\/logo\/image\/"},"sameAs":["https:\/\/x.com\/saiga_agro","https:\/\/www.instagram.com\/saiga_agro\/"]}]}},"_links":{"self":[{"href":"https:\/\/saiga.es\/es\/wp-json\/wp\/v2\/product\/9074","targetHints":{"allow":["GET"]}}],"collection":[{"href":"https:\/\/saiga.es\/es\/wp-json\/wp\/v2\/product"}],"about":[{"href":"https:\/\/saiga.es\/es\/wp-json\/wp\/v2\/types\/product"}],"replies":[{"embeddable":true,"href":"https:\/\/saiga.es\/es\/wp-json\/wp\/v2\/comments?post=9074"}],"wp:featuredmedia":[{"embeddable":true,"href":"https:\/\/saiga.es\/es\/wp-json\/wp\/v2\/media\/9075"}],"wp:attachment":[{"href":"https:\/\/saiga.es\/es\/wp-json\/wp\/v2\/media?parent=9074"}],"wp:term":[{"taxonomy":"product_brand","embeddable":true,"href":"https:\/\/saiga.es\/es\/wp-json\/wp\/v2\/product_brand?post=9074"},{"taxonomy":"product_cat","embeddable":true,"href":"https:\/\/saiga.es\/es\/wp-json\/wp\/v2\/product_cat?post=9074"},{"taxonomy":"product_tag","embeddable":true,"href":"https:\/\/saiga.es\/es\/wp-json\/wp\/v2\/product_tag?post=9074"}],"curies":[{"name":"wp","href":"https:\/\/api.w.org\/{rel}","templated":true}]}}