{"id":9302,"date":"2024-03-25T12:13:08","date_gmt":"2024-03-25T12:13:08","guid":{"rendered":"https:\/\/botiga.saiga.es\/producte\/proyector-led-para-piscinas\/"},"modified":"2024-03-25T12:13:08","modified_gmt":"2024-03-25T12:13:08","slug":"proyector-led-para-piscinas","status":"publish","type":"product","link":"https:\/\/saiga.es\/es\/producto\/proyector-led-para-piscinas\/","title":{"rendered":"Proyector Led para piscinas"},"content":{"rendered":"","protected":false},"excerpt":{"rendered":"<p>Proyector led para piscinas apto para una amplia gama de l\u00e1mparas Led PAR56 Ecoproof. Empotrables en piscinas de hormig\u00f3n y iscinas de liner y poli\u00e9ster. Fabricados en material pl\u00e1stico ABS blanco, resistente a los rayos ultravioleta. Fijaci\u00f3n con un conjunto de llaves y juntas.<\/p>\n<p>&nbsp;<\/p>\n","protected":false},"featured_media":9300,"comment_status":"closed","ping_status":"closed","template":"","meta":[],"product_brand":[],"product_cat":[208],"product_tag":[1265,1266],"class_list":{"0":"post-9302","1":"product","2":"type-product","3":"status-publish","4":"has-post-thumbnail","6":"product_cat-productos-para-piscinas","7":"product_tag-led-es","8":"product_tag-proyector-para-piscinas","10":"first","11":"instock","12":"taxable","13":"shipping-taxable","14":"purchasable","15":"product-type-simple"},"yoast_head":"<!-- This site is optimized with the Yoast SEO plugin v27.3 - https:\/\/yoast.com\/product\/yoast-seo-wordpress\/ -->\n<title>Proyector Led para piscinas | SAIGA<\/title>\n<meta name=\"description\" content=\"Proyector led para piscinas apto para una amplia gama de l\u00e1mparas Led PAR56 Ecoproof. Empotrables en piscinas de hormig\u00f3n y iscinas de liner y poli\u00e9ster.\" \/>\n<meta name=\"robots\" content=\"index, follow, max-snippet:-1, max-image-preview:large, max-video-preview:-1\" \/>\n<link rel=\"canonical\" href=\"https:\/\/saiga.es\/es\/producto\/proyector-led-para-piscinas\/\" \/>\n<meta property=\"og:locale\" content=\"es_ES\" \/>\n<meta property=\"og:type\" content=\"article\" \/>\n<meta property=\"og:title\" content=\"Proyector Led para piscinas | SAIGA\" \/>\n<meta property=\"og:description\" content=\"Proyector led para piscinas apto para una amplia gama de l\u00e1mparas Led PAR56 Ecoproof. Empotrables en piscinas de hormig\u00f3n y iscinas de liner y poli\u00e9ster.\" \/>\n<meta property=\"og:url\" content=\"https:\/\/saiga.es\/es\/producto\/proyector-led-para-piscinas\/\" \/>\n<meta property=\"og:site_name\" content=\"SAIGA\" \/>\n<meta property=\"og:image\" content=\"https:\/\/saiga.es\/wp-content\/uploads\/2024\/03\/Projector-Led-piscina.jpg\" \/>\n\t<meta property=\"og:image:width\" content=\"600\" \/>\n\t<meta property=\"og:image:height\" content=\"600\" \/>\n\t<meta property=\"og:image:type\" content=\"image\/jpeg\" \/>\n<meta name=\"twitter:card\" content=\"summary_large_image\" \/>\n<meta name=\"twitter:site\" content=\"@saiga_agro\" \/>\n<script type=\"application\/ld+json\" class=\"yoast-schema-graph\">{\"@context\":\"https:\\\/\\\/schema.org\",\"@graph\":[{\"@type\":\"WebPage\",\"@id\":\"https:\\\/\\\/saiga.es\\\/es\\\/producto\\\/proyector-led-para-piscinas\\\/\",\"url\":\"https:\\\/\\\/saiga.es\\\/es\\\/producto\\\/proyector-led-para-piscinas\\\/\",\"name\":\"Proyector Led para piscinas | SAIGA\",\"isPartOf\":{\"@id\":\"https:\\\/\\\/saiga.es\\\/es\\\/#website\"},\"primaryImageOfPage\":{\"@id\":\"https:\\\/\\\/saiga.es\\\/es\\\/producto\\\/proyector-led-para-piscinas\\\/#primaryimage\"},\"image\":{\"@id\":\"https:\\\/\\\/saiga.es\\\/es\\\/producto\\\/proyector-led-para-piscinas\\\/#primaryimage\"},\"thumbnailUrl\":\"https:\\\/\\\/saiga.es\\\/wp-content\\\/uploads\\\/2024\\\/03\\\/Projector-Led-piscina.jpg\",\"datePublished\":\"2024-03-25T12:13:08+00:00\",\"description\":\"Proyector led para piscinas apto para una amplia gama de l\u00e1mparas Led PAR56 Ecoproof. Empotrables en piscinas de hormig\u00f3n y iscinas de liner y poli\u00e9ster.\",\"breadcrumb\":{\"@id\":\"https:\\\/\\\/saiga.es\\\/es\\\/producto\\\/proyector-led-para-piscinas\\\/#breadcrumb\"},\"inLanguage\":\"es\",\"potentialAction\":[{\"@type\":\"ReadAction\",\"target\":[\"https:\\\/\\\/saiga.es\\\/es\\\/producto\\\/proyector-led-para-piscinas\\\/\"]}]},{\"@type\":\"ImageObject\",\"inLanguage\":\"es\",\"@id\":\"https:\\\/\\\/saiga.es\\\/es\\\/producto\\\/proyector-led-para-piscinas\\\/#primaryimage\",\"url\":\"https:\\\/\\\/saiga.es\\\/wp-content\\\/uploads\\\/2024\\\/03\\\/Projector-Led-piscina.jpg\",\"contentUrl\":\"https:\\\/\\\/saiga.es\\\/wp-content\\\/uploads\\\/2024\\\/03\\\/Projector-Led-piscina.jpg\",\"width\":600,\"height\":600,\"caption\":\"Proyector led para piscinas\"},{\"@type\":\"BreadcrumbList\",\"@id\":\"https:\\\/\\\/saiga.es\\\/es\\\/producto\\\/proyector-led-para-piscinas\\\/#breadcrumb\",\"itemListElement\":[{\"@type\":\"ListItem\",\"position\":1,\"name\":\"Inici\",\"item\":\"https:\\\/\\\/saiga.es\\\/es\\\/\"},{\"@type\":\"ListItem\",\"position\":2,\"name\":\"Tienda\",\"item\":\"https:\\\/\\\/saiga.es\\\/es\\\/tienda\\\/\"},{\"@type\":\"ListItem\",\"position\":3,\"name\":\"Proyector Led para piscinas\"}]},{\"@type\":\"WebSite\",\"@id\":\"https:\\\/\\\/saiga.es\\\/es\\\/#website\",\"url\":\"https:\\\/\\\/saiga.es\\\/es\\\/\",\"name\":\"SAIGA\",\"description\":\"M\u00e9s de 50 anys al servei de la terra i treballant per a un \u00fas eficient de l\u2019aigua!\",\"publisher\":{\"@id\":\"https:\\\/\\\/saiga.es\\\/es\\\/#organization\"},\"potentialAction\":[{\"@type\":\"SearchAction\",\"target\":{\"@type\":\"EntryPoint\",\"urlTemplate\":\"https:\\\/\\\/saiga.es\\\/es\\\/?s={search_term_string}\"},\"query-input\":{\"@type\":\"PropertyValueSpecification\",\"valueRequired\":true,\"valueName\":\"search_term_string\"}}],\"inLanguage\":\"es\"},{\"@type\":\"Organization\",\"@id\":\"https:\\\/\\\/saiga.es\\\/es\\\/#organization\",\"name\":\"SAIGA\",\"url\":\"https:\\\/\\\/saiga.es\\\/es\\\/\",\"logo\":{\"@type\":\"ImageObject\",\"inLanguage\":\"es\",\"@id\":\"https:\\\/\\\/saiga.es\\\/es\\\/#\\\/schema\\\/logo\\\/image\\\/\",\"url\":\"https:\\\/\\\/saiga.es\\\/wp-content\\\/uploads\\\/2025\\\/07\\\/logo_saiga_baseline_optimitzat.svg\",\"contentUrl\":\"https:\\\/\\\/saiga.es\\\/wp-content\\\/uploads\\\/2025\\\/07\\\/logo_saiga_baseline_optimitzat.svg\",\"caption\":\"SAIGA\"},\"image\":{\"@id\":\"https:\\\/\\\/saiga.es\\\/es\\\/#\\\/schema\\\/logo\\\/image\\\/\"},\"sameAs\":[\"https:\\\/\\\/x.com\\\/saiga_agro\",\"https:\\\/\\\/www.instagram.com\\\/saiga_agro\\\/\"]}]}<\/script>\n<!-- \/ Yoast SEO plugin. -->","yoast_head_json":{"title":"Proyector Led para piscinas | SAIGA","description":"Proyector led para piscinas apto para una amplia gama de l\u00e1mparas Led PAR56 Ecoproof. Empotrables en piscinas de hormig\u00f3n y iscinas de liner y poli\u00e9ster.","robots":{"index":"index","follow":"follow","max-snippet":"max-snippet:-1","max-image-preview":"max-image-preview:large","max-video-preview":"max-video-preview:-1"},"canonical":"https:\/\/saiga.es\/es\/producto\/proyector-led-para-piscinas\/","og_locale":"es_ES","og_type":"article","og_title":"Proyector Led para piscinas | SAIGA","og_description":"Proyector led para piscinas apto para una amplia gama de l\u00e1mparas Led PAR56 Ecoproof. Empotrables en piscinas de hormig\u00f3n y iscinas de liner y poli\u00e9ster.","og_url":"https:\/\/saiga.es\/es\/producto\/proyector-led-para-piscinas\/","og_site_name":"SAIGA","og_image":[{"width":600,"height":600,"url":"https:\/\/saiga.es\/wp-content\/uploads\/2024\/03\/Projector-Led-piscina.jpg","type":"image\/jpeg"}],"twitter_card":"summary_large_image","twitter_site":"@saiga_agro","schema":{"@context":"https:\/\/schema.org","@graph":[{"@type":"WebPage","@id":"https:\/\/saiga.es\/es\/producto\/proyector-led-para-piscinas\/","url":"https:\/\/saiga.es\/es\/producto\/proyector-led-para-piscinas\/","name":"Proyector Led para piscinas | SAIGA","isPartOf":{"@id":"https:\/\/saiga.es\/es\/#website"},"primaryImageOfPage":{"@id":"https:\/\/saiga.es\/es\/producto\/proyector-led-para-piscinas\/#primaryimage"},"image":{"@id":"https:\/\/saiga.es\/es\/producto\/proyector-led-para-piscinas\/#primaryimage"},"thumbnailUrl":"https:\/\/saiga.es\/wp-content\/uploads\/2024\/03\/Projector-Led-piscina.jpg","datePublished":"2024-03-25T12:13:08+00:00","description":"Proyector led para piscinas apto para una amplia gama de l\u00e1mparas Led PAR56 Ecoproof. Empotrables en piscinas de hormig\u00f3n y iscinas de liner y poli\u00e9ster.","breadcrumb":{"@id":"https:\/\/saiga.es\/es\/producto\/proyector-led-para-piscinas\/#breadcrumb"},"inLanguage":"es","potentialAction":[{"@type":"ReadAction","target":["https:\/\/saiga.es\/es\/producto\/proyector-led-para-piscinas\/"]}]},{"@type":"ImageObject","inLanguage":"es","@id":"https:\/\/saiga.es\/es\/producto\/proyector-led-para-piscinas\/#primaryimage","url":"https:\/\/saiga.es\/wp-content\/uploads\/2024\/03\/Projector-Led-piscina.jpg","contentUrl":"https:\/\/saiga.es\/wp-content\/uploads\/2024\/03\/Projector-Led-piscina.jpg","width":600,"height":600,"caption":"Proyector led para piscinas"},{"@type":"BreadcrumbList","@id":"https:\/\/saiga.es\/es\/producto\/proyector-led-para-piscinas\/#breadcrumb","itemListElement":[{"@type":"ListItem","position":1,"name":"Inici","item":"https:\/\/saiga.es\/es\/"},{"@type":"ListItem","position":2,"name":"Tienda","item":"https:\/\/saiga.es\/es\/tienda\/"},{"@type":"ListItem","position":3,"name":"Proyector Led para piscinas"}]},{"@type":"WebSite","@id":"https:\/\/saiga.es\/es\/#website","url":"https:\/\/saiga.es\/es\/","name":"SAIGA","description":"M\u00e9s de 50 anys al servei de la terra i treballant per a un \u00fas eficient de l\u2019aigua!","publisher":{"@id":"https:\/\/saiga.es\/es\/#organization"},"potentialAction":[{"@type":"SearchAction","target":{"@type":"EntryPoint","urlTemplate":"https:\/\/saiga.es\/es\/?s={search_term_string}"},"query-input":{"@type":"PropertyValueSpecification","valueRequired":true,"valueName":"search_term_string"}}],"inLanguage":"es"},{"@type":"Organization","@id":"https:\/\/saiga.es\/es\/#organization","name":"SAIGA","url":"https:\/\/saiga.es\/es\/","logo":{"@type":"ImageObject","inLanguage":"es","@id":"https:\/\/saiga.es\/es\/#\/schema\/logo\/image\/","url":"https:\/\/saiga.es\/wp-content\/uploads\/2025\/07\/logo_saiga_baseline_optimitzat.svg","contentUrl":"https:\/\/saiga.es\/wp-content\/uploads\/2025\/07\/logo_saiga_baseline_optimitzat.svg","caption":"SAIGA"},"image":{"@id":"https:\/\/saiga.es\/es\/#\/schema\/logo\/image\/"},"sameAs":["https:\/\/x.com\/saiga_agro","https:\/\/www.instagram.com\/saiga_agro\/"]}]}},"_links":{"self":[{"href":"https:\/\/saiga.es\/es\/wp-json\/wp\/v2\/product\/9302","targetHints":{"allow":["GET"]}}],"collection":[{"href":"https:\/\/saiga.es\/es\/wp-json\/wp\/v2\/product"}],"about":[{"href":"https:\/\/saiga.es\/es\/wp-json\/wp\/v2\/types\/product"}],"replies":[{"embeddable":true,"href":"https:\/\/saiga.es\/es\/wp-json\/wp\/v2\/comments?post=9302"}],"wp:featuredmedia":[{"embeddable":true,"href":"https:\/\/saiga.es\/es\/wp-json\/wp\/v2\/media\/9300"}],"wp:attachment":[{"href":"https:\/\/saiga.es\/es\/wp-json\/wp\/v2\/media?parent=9302"}],"wp:term":[{"taxonomy":"product_brand","embeddable":true,"href":"https:\/\/saiga.es\/es\/wp-json\/wp\/v2\/product_brand?post=9302"},{"taxonomy":"product_cat","embeddable":true,"href":"https:\/\/saiga.es\/es\/wp-json\/wp\/v2\/product_cat?post=9302"},{"taxonomy":"product_tag","embeddable":true,"href":"https:\/\/saiga.es\/es\/wp-json\/wp\/v2\/product_tag?post=9302"}],"curies":[{"name":"wp","href":"https:\/\/api.w.org\/{rel}","templated":true}]}}