{"id":9367,"date":"2024-03-15T10:17:18","date_gmt":"2024-03-15T10:17:18","guid":{"rendered":"https:\/\/botiga.saiga.es\/producte\/rana-trabajo-cofra\/"},"modified":"2024-03-26T09:08:59","modified_gmt":"2024-03-26T09:08:59","slug":"rana-trabajo-cofra","status":"publish","type":"product","link":"https:\/\/saiga.es\/es\/producto\/rana-trabajo-cofra\/","title":{"rendered":"Mono de trabajo cofra"},"content":{"rendered":"<p>Mono de trabajo cofra<\/p>\n<p>Sencillo en el dise\u00f1o, respetuoso con los c\u00e1nones de COFRA. Pr\u00e1ctico y robusto, realizado con telas resistentes a la retenci\u00f3n de color, lavado, abrasi\u00f3n, durabilidad. Desarrollado con costuras de 3 agujas. En la mayor\u00eda de las costuras y reforzado con refuerzos en los puntos de mayor desgaste.<\/p>\n<p>El traje de prevenci\u00f3n de accidentes de Lagos es un modelo \u00abgemelo\u00bb del Cofra Abuja; ambos est\u00e1n hechos de poli\u00e9ster y algod\u00f3n con una tela lavable a una temperatura m\u00e1xima de 40\u00b0 y se secan sin que se vea afectado el abrigo del color. La \u00fanica caracter\u00edstica que les diferencia es la diferente densidad de la tela: si la Abuja tiene un \u00abpeso del tejido\u00bb de 300 g\/m\u00b2 (TD005) con una trama m\u00e1s gruesa, el mono de trabajo Lagos debe considerarse de verano, ya que tiene un tejido TD002 con \u00abpeso del tejido\u00bb de 245 g\/m\u00b2, particularmente transpirable y adecuado para temporadas c\u00e1lidas.<\/p>\n","protected":false},"excerpt":{"rendered":"<p>Mono de trabajo cofra<\/p>\n<p>Sencillo en el dise\u00f1o, respetuoso con los c\u00e1nones de COFRA. Pr\u00e1ctico y robusto, realizado con telas resistentes a la retenci\u00f3n de color, lavado, abrasi\u00f3n, durabilidad. Desarrollado con costuras de 3 agujas en la mayor\u00eda de las costuras y reforzado con refuerzos en los puntos de mayor desgaste.<\/p>\n<p>El traje de prevenci\u00f3n de accidentes de Lagos es un modelo \u00abgemelo\u00bb del Cofra Abuja; ambos est\u00e1n hechos de poli\u00e9ster y algod\u00f3n con una tela lavable a una temperatura m\u00e1xima de 40\u00b0 y se secan sin que se vea afectado el abrigo del color. La \u00fanica caracter\u00edstica que les diferencia es la diferente densidad de la tela: si la Abuja tiene un \u00abpeso del tejido\u00bb de 300 g\/m\u00b2 (TD005) con una trama m\u00e1s gruesa, el mono de trabajo Lagos debe considerarse de verano, ya que tiene un tejido TD002 con \u00abpeso del tejido\u00bb de 245 g\/m\u00b2, particularmente transpirable y adecuado para temporadas c\u00e1lidas.<\/p>\n","protected":false},"featured_media":17396,"comment_status":"open","ping_status":"closed","template":"","meta":[],"product_brand":[],"product_cat":[1283],"product_tag":[],"class_list":{"0":"post-9367","1":"product","2":"type-product","3":"status-publish","4":"has-post-thumbnail","6":"product_cat-monos-de-trabajo","8":"first","9":"instock","10":"taxable","11":"shipping-taxable","12":"purchasable","13":"product-type-variable"},"yoast_head":"<!-- This site is optimized with the Yoast SEO plugin v27.3 - https:\/\/yoast.com\/product\/yoast-seo-wordpress\/ -->\n<title>Mono de trabajo cofra | SAIGA<\/title>\n<meta name=\"description\" content=\"El traje Lagos de una tela m\u00e1s ligera y transpirable, ideal para climas c\u00e1lidos. Dise\u00f1ados para durabilidad y resistencia a los lavados y abrasi\u00f3n.\" \/>\n<meta name=\"robots\" content=\"index, follow, max-snippet:-1, max-image-preview:large, max-video-preview:-1\" \/>\n<link rel=\"canonical\" href=\"https:\/\/saiga.es\/es\/producto\/rana-trabajo-cofra\/\" \/>\n<meta property=\"og:locale\" content=\"es_ES\" \/>\n<meta property=\"og:type\" content=\"article\" \/>\n<meta property=\"og:title\" content=\"Mono de trabajo cofra | SAIGA\" \/>\n<meta property=\"og:description\" content=\"El traje Lagos de una tela m\u00e1s ligera y transpirable, ideal para climas c\u00e1lidos. Dise\u00f1ados para durabilidad y resistencia a los lavados y abrasi\u00f3n.\" \/>\n<meta property=\"og:url\" content=\"https:\/\/saiga.es\/es\/producto\/rana-trabajo-cofra\/\" \/>\n<meta property=\"og:site_name\" content=\"SAIGA\" \/>\n<meta property=\"article:modified_time\" content=\"2024-03-26T09:08:59+00:00\" \/>\n<meta property=\"og:image\" content=\"https:\/\/saiga.es\/wp-content\/uploads\/2024\/03\/Mono-de-treball-cofra.jpg\" \/>\n\t<meta property=\"og:image:width\" content=\"1080\" \/>\n\t<meta property=\"og:image:height\" content=\"1080\" \/>\n\t<meta property=\"og:image:type\" content=\"image\/jpeg\" \/>\n<meta name=\"twitter:card\" content=\"summary_large_image\" \/>\n<meta name=\"twitter:site\" content=\"@saiga_agro\" \/>\n<meta name=\"twitter:label1\" content=\"Tiempo de lectura\" \/>\n\t<meta name=\"twitter:data1\" content=\"1 minuto\" \/>\n<script type=\"application\/ld+json\" class=\"yoast-schema-graph\">{\"@context\":\"https:\\\/\\\/schema.org\",\"@graph\":[{\"@type\":\"WebPage\",\"@id\":\"https:\\\/\\\/saiga.es\\\/es\\\/producto\\\/rana-trabajo-cofra\\\/\",\"url\":\"https:\\\/\\\/saiga.es\\\/es\\\/producto\\\/rana-trabajo-cofra\\\/\",\"name\":\"Mono de trabajo cofra | SAIGA\",\"isPartOf\":{\"@id\":\"https:\\\/\\\/saiga.es\\\/es\\\/#website\"},\"primaryImageOfPage\":{\"@id\":\"https:\\\/\\\/saiga.es\\\/es\\\/producto\\\/rana-trabajo-cofra\\\/#primaryimage\"},\"image\":{\"@id\":\"https:\\\/\\\/saiga.es\\\/es\\\/producto\\\/rana-trabajo-cofra\\\/#primaryimage\"},\"thumbnailUrl\":\"https:\\\/\\\/saiga.es\\\/wp-content\\\/uploads\\\/2024\\\/03\\\/Mono-de-treball-cofra.jpg\",\"datePublished\":\"2024-03-15T10:17:18+00:00\",\"dateModified\":\"2024-03-26T09:08:59+00:00\",\"description\":\"El traje Lagos de una tela m\u00e1s ligera y transpirable, ideal para climas c\u00e1lidos. Dise\u00f1ados para durabilidad y resistencia a los lavados y abrasi\u00f3n.\",\"breadcrumb\":{\"@id\":\"https:\\\/\\\/saiga.es\\\/es\\\/producto\\\/rana-trabajo-cofra\\\/#breadcrumb\"},\"inLanguage\":\"es\",\"potentialAction\":[{\"@type\":\"ReadAction\",\"target\":[\"https:\\\/\\\/saiga.es\\\/es\\\/producto\\\/rana-trabajo-cofra\\\/\"]}]},{\"@type\":\"ImageObject\",\"inLanguage\":\"es\",\"@id\":\"https:\\\/\\\/saiga.es\\\/es\\\/producto\\\/rana-trabajo-cofra\\\/#primaryimage\",\"url\":\"https:\\\/\\\/saiga.es\\\/wp-content\\\/uploads\\\/2024\\\/03\\\/Mono-de-treball-cofra.jpg\",\"contentUrl\":\"https:\\\/\\\/saiga.es\\\/wp-content\\\/uploads\\\/2024\\\/03\\\/Mono-de-treball-cofra.jpg\",\"width\":1080,\"height\":1080,\"caption\":\"Mono de treball\"},{\"@type\":\"BreadcrumbList\",\"@id\":\"https:\\\/\\\/saiga.es\\\/es\\\/producto\\\/rana-trabajo-cofra\\\/#breadcrumb\",\"itemListElement\":[{\"@type\":\"ListItem\",\"position\":1,\"name\":\"Inici\",\"item\":\"https:\\\/\\\/saiga.es\\\/es\\\/\"},{\"@type\":\"ListItem\",\"position\":2,\"name\":\"Tienda\",\"item\":\"https:\\\/\\\/saiga.es\\\/es\\\/tienda\\\/\"},{\"@type\":\"ListItem\",\"position\":3,\"name\":\"Mono de trabajo cofra\"}]},{\"@type\":\"WebSite\",\"@id\":\"https:\\\/\\\/saiga.es\\\/es\\\/#website\",\"url\":\"https:\\\/\\\/saiga.es\\\/es\\\/\",\"name\":\"SAIGA\",\"description\":\"M\u00e9s de 50 anys al servei de la terra i treballant per a un \u00fas eficient de l\u2019aigua!\",\"publisher\":{\"@id\":\"https:\\\/\\\/saiga.es\\\/es\\\/#organization\"},\"potentialAction\":[{\"@type\":\"SearchAction\",\"target\":{\"@type\":\"EntryPoint\",\"urlTemplate\":\"https:\\\/\\\/saiga.es\\\/es\\\/?s={search_term_string}\"},\"query-input\":{\"@type\":\"PropertyValueSpecification\",\"valueRequired\":true,\"valueName\":\"search_term_string\"}}],\"inLanguage\":\"es\"},{\"@type\":\"Organization\",\"@id\":\"https:\\\/\\\/saiga.es\\\/es\\\/#organization\",\"name\":\"SAIGA\",\"url\":\"https:\\\/\\\/saiga.es\\\/es\\\/\",\"logo\":{\"@type\":\"ImageObject\",\"inLanguage\":\"es\",\"@id\":\"https:\\\/\\\/saiga.es\\\/es\\\/#\\\/schema\\\/logo\\\/image\\\/\",\"url\":\"https:\\\/\\\/saiga.es\\\/wp-content\\\/uploads\\\/2025\\\/07\\\/logo_saiga_baseline_optimitzat.svg\",\"contentUrl\":\"https:\\\/\\\/saiga.es\\\/wp-content\\\/uploads\\\/2025\\\/07\\\/logo_saiga_baseline_optimitzat.svg\",\"caption\":\"SAIGA\"},\"image\":{\"@id\":\"https:\\\/\\\/saiga.es\\\/es\\\/#\\\/schema\\\/logo\\\/image\\\/\"},\"sameAs\":[\"https:\\\/\\\/x.com\\\/saiga_agro\",\"https:\\\/\\\/www.instagram.com\\\/saiga_agro\\\/\"]}]}<\/script>\n<!-- \/ Yoast SEO plugin. -->","yoast_head_json":{"title":"Mono de trabajo cofra | SAIGA","description":"El traje Lagos de una tela m\u00e1s ligera y transpirable, ideal para climas c\u00e1lidos. Dise\u00f1ados para durabilidad y resistencia a los lavados y abrasi\u00f3n.","robots":{"index":"index","follow":"follow","max-snippet":"max-snippet:-1","max-image-preview":"max-image-preview:large","max-video-preview":"max-video-preview:-1"},"canonical":"https:\/\/saiga.es\/es\/producto\/rana-trabajo-cofra\/","og_locale":"es_ES","og_type":"article","og_title":"Mono de trabajo cofra | SAIGA","og_description":"El traje Lagos de una tela m\u00e1s ligera y transpirable, ideal para climas c\u00e1lidos. Dise\u00f1ados para durabilidad y resistencia a los lavados y abrasi\u00f3n.","og_url":"https:\/\/saiga.es\/es\/producto\/rana-trabajo-cofra\/","og_site_name":"SAIGA","article_modified_time":"2024-03-26T09:08:59+00:00","og_image":[{"width":1080,"height":1080,"url":"https:\/\/saiga.es\/wp-content\/uploads\/2024\/03\/Mono-de-treball-cofra.jpg","type":"image\/jpeg"}],"twitter_card":"summary_large_image","twitter_site":"@saiga_agro","twitter_misc":{"Tiempo de lectura":"1 minuto"},"schema":{"@context":"https:\/\/schema.org","@graph":[{"@type":"WebPage","@id":"https:\/\/saiga.es\/es\/producto\/rana-trabajo-cofra\/","url":"https:\/\/saiga.es\/es\/producto\/rana-trabajo-cofra\/","name":"Mono de trabajo cofra | SAIGA","isPartOf":{"@id":"https:\/\/saiga.es\/es\/#website"},"primaryImageOfPage":{"@id":"https:\/\/saiga.es\/es\/producto\/rana-trabajo-cofra\/#primaryimage"},"image":{"@id":"https:\/\/saiga.es\/es\/producto\/rana-trabajo-cofra\/#primaryimage"},"thumbnailUrl":"https:\/\/saiga.es\/wp-content\/uploads\/2024\/03\/Mono-de-treball-cofra.jpg","datePublished":"2024-03-15T10:17:18+00:00","dateModified":"2024-03-26T09:08:59+00:00","description":"El traje Lagos de una tela m\u00e1s ligera y transpirable, ideal para climas c\u00e1lidos. Dise\u00f1ados para durabilidad y resistencia a los lavados y abrasi\u00f3n.","breadcrumb":{"@id":"https:\/\/saiga.es\/es\/producto\/rana-trabajo-cofra\/#breadcrumb"},"inLanguage":"es","potentialAction":[{"@type":"ReadAction","target":["https:\/\/saiga.es\/es\/producto\/rana-trabajo-cofra\/"]}]},{"@type":"ImageObject","inLanguage":"es","@id":"https:\/\/saiga.es\/es\/producto\/rana-trabajo-cofra\/#primaryimage","url":"https:\/\/saiga.es\/wp-content\/uploads\/2024\/03\/Mono-de-treball-cofra.jpg","contentUrl":"https:\/\/saiga.es\/wp-content\/uploads\/2024\/03\/Mono-de-treball-cofra.jpg","width":1080,"height":1080,"caption":"Mono de treball"},{"@type":"BreadcrumbList","@id":"https:\/\/saiga.es\/es\/producto\/rana-trabajo-cofra\/#breadcrumb","itemListElement":[{"@type":"ListItem","position":1,"name":"Inici","item":"https:\/\/saiga.es\/es\/"},{"@type":"ListItem","position":2,"name":"Tienda","item":"https:\/\/saiga.es\/es\/tienda\/"},{"@type":"ListItem","position":3,"name":"Mono de trabajo cofra"}]},{"@type":"WebSite","@id":"https:\/\/saiga.es\/es\/#website","url":"https:\/\/saiga.es\/es\/","name":"SAIGA","description":"M\u00e9s de 50 anys al servei de la terra i treballant per a un \u00fas eficient de l\u2019aigua!","publisher":{"@id":"https:\/\/saiga.es\/es\/#organization"},"potentialAction":[{"@type":"SearchAction","target":{"@type":"EntryPoint","urlTemplate":"https:\/\/saiga.es\/es\/?s={search_term_string}"},"query-input":{"@type":"PropertyValueSpecification","valueRequired":true,"valueName":"search_term_string"}}],"inLanguage":"es"},{"@type":"Organization","@id":"https:\/\/saiga.es\/es\/#organization","name":"SAIGA","url":"https:\/\/saiga.es\/es\/","logo":{"@type":"ImageObject","inLanguage":"es","@id":"https:\/\/saiga.es\/es\/#\/schema\/logo\/image\/","url":"https:\/\/saiga.es\/wp-content\/uploads\/2025\/07\/logo_saiga_baseline_optimitzat.svg","contentUrl":"https:\/\/saiga.es\/wp-content\/uploads\/2025\/07\/logo_saiga_baseline_optimitzat.svg","caption":"SAIGA"},"image":{"@id":"https:\/\/saiga.es\/es\/#\/schema\/logo\/image\/"},"sameAs":["https:\/\/x.com\/saiga_agro","https:\/\/www.instagram.com\/saiga_agro\/"]}]}},"_links":{"self":[{"href":"https:\/\/saiga.es\/es\/wp-json\/wp\/v2\/product\/9367","targetHints":{"allow":["GET"]}}],"collection":[{"href":"https:\/\/saiga.es\/es\/wp-json\/wp\/v2\/product"}],"about":[{"href":"https:\/\/saiga.es\/es\/wp-json\/wp\/v2\/types\/product"}],"replies":[{"embeddable":true,"href":"https:\/\/saiga.es\/es\/wp-json\/wp\/v2\/comments?post=9367"}],"wp:featuredmedia":[{"embeddable":true,"href":"https:\/\/saiga.es\/es\/wp-json\/wp\/v2\/media\/17396"}],"wp:attachment":[{"href":"https:\/\/saiga.es\/es\/wp-json\/wp\/v2\/media?parent=9367"}],"wp:term":[{"taxonomy":"product_brand","embeddable":true,"href":"https:\/\/saiga.es\/es\/wp-json\/wp\/v2\/product_brand?post=9367"},{"taxonomy":"product_cat","embeddable":true,"href":"https:\/\/saiga.es\/es\/wp-json\/wp\/v2\/product_cat?post=9367"},{"taxonomy":"product_tag","embeddable":true,"href":"https:\/\/saiga.es\/es\/wp-json\/wp\/v2\/product_tag?post=9367"}],"curies":[{"name":"wp","href":"https:\/\/api.w.org\/{rel}","templated":true}]}}