{"id":9397,"date":"2024-03-19T11:05:06","date_gmt":"2024-03-19T11:05:06","guid":{"rendered":"https:\/\/botiga.saiga.es\/producte\/bota-de-agua-cana-alta\/"},"modified":"2025-10-13T04:44:50","modified_gmt":"2025-10-13T04:44:50","slug":"bota-de-agua-cana-alta","status":"publish","type":"product","link":"https:\/\/saiga.es\/es\/producto\/bota-de-agua-cana-alta\/","title":{"rendered":"Bota de agua ca\u00f1a alta"},"content":{"rendered":"<p>Bota de agua ca\u00f1a alta<\/p>\n<p>Les potes Foca <span class=\"hiddenSpellError\">Rain<\/span> de color negre, estan confeccionades amb PVC especial, oferint lleugeresa, flexibilitat i durabilitat. Su suela est\u00e1 dise\u00f1ada para prevenir los deslizamientos, con estr\u00edas que mejoran su adherencia, mientras que el interior est\u00e1 revestido con un forro textil acr\u00edlico.<\/p>\n","protected":false},"excerpt":{"rendered":"<p>Bota de agua ca\u00f1a alta<\/p>\n<p>Les potes Foca <span class=\"hiddenSpellError\">Rain<\/span> de color negre, estan confeccionades amb PVC especial, oferint lleugeresa, flexibilitat i durabilitat. Su suela est\u00e1 dise\u00f1ada para prevenir los deslizamientos, con estr\u00edas que mejoran su adherencia, mientras que el interior est\u00e1 revestido con un forro textil acr\u00edlico.<\/p>\n","protected":false},"featured_media":9170,"comment_status":"open","ping_status":"closed","template":"","meta":[],"product_brand":[],"product_cat":[1285],"product_tag":[],"class_list":{"0":"post-9397","1":"product","2":"type-product","3":"status-publish","4":"has-post-thumbnail","6":"product_cat-zapatos-de-trabajo","8":"first","9":"outofstock","10":"sale","11":"taxable","12":"shipping-taxable","13":"purchasable","14":"product-type-variable"},"yoast_head":"<!-- This site is optimized with the Yoast SEO plugin v27.4 - https:\/\/yoast.com\/product\/yoast-seo-wordpress\/ -->\n<title>Bota de agua ca\u00f1a alta | SAIGA<\/title>\n<meta name=\"description\" content=\"Pots Foca Rain en negre, de PVC especial, ligers i flexibles, amb sola antilliscant i folre t\u00e8xtil acr\u00edlic a l&#039;interior.\" \/>\n<meta name=\"robots\" content=\"index, follow, max-snippet:-1, max-image-preview:large, max-video-preview:-1\" \/>\n<link rel=\"canonical\" href=\"https:\/\/saiga.es\/es\/producto\/bota-de-agua-cana-alta\/\" \/>\n<meta property=\"og:locale\" content=\"es_ES\" \/>\n<meta property=\"og:type\" content=\"article\" \/>\n<meta property=\"og:title\" content=\"Bota de agua ca\u00f1a alta | SAIGA\" \/>\n<meta property=\"og:description\" content=\"Pots Foca Rain en negre, de PVC especial, ligers i flexibles, amb sola antilliscant i folre t\u00e8xtil acr\u00edlic a l&#039;interior.\" \/>\n<meta property=\"og:url\" content=\"https:\/\/saiga.es\/es\/producto\/bota-de-agua-cana-alta\/\" \/>\n<meta property=\"og:site_name\" content=\"SAIGA\" \/>\n<meta property=\"article:modified_time\" content=\"2025-10-13T04:44:50+00:00\" \/>\n<meta property=\"og:image\" content=\"https:\/\/saiga.es\/wp-content\/uploads\/2024\/03\/bota-de-agua-cana-alta-color-negro-talla-42-106-42-mavinsa.jpg\" \/>\n\t<meta property=\"og:image:width\" content=\"381\" \/>\n\t<meta property=\"og:image:height\" content=\"492\" \/>\n\t<meta property=\"og:image:type\" content=\"image\/jpeg\" \/>\n<meta name=\"twitter:card\" content=\"summary_large_image\" \/>\n<meta name=\"twitter:site\" content=\"@saiga_agro\" \/>\n<script type=\"application\/ld+json\" class=\"yoast-schema-graph\">{\"@context\":\"https:\\\/\\\/schema.org\",\"@graph\":[{\"@type\":\"WebPage\",\"@id\":\"https:\\\/\\\/saiga.es\\\/es\\\/producto\\\/bota-de-agua-cana-alta\\\/\",\"url\":\"https:\\\/\\\/saiga.es\\\/es\\\/producto\\\/bota-de-agua-cana-alta\\\/\",\"name\":\"Bota de agua ca\u00f1a alta | SAIGA\",\"isPartOf\":{\"@id\":\"https:\\\/\\\/saiga.es\\\/es\\\/#website\"},\"primaryImageOfPage\":{\"@id\":\"https:\\\/\\\/saiga.es\\\/es\\\/producto\\\/bota-de-agua-cana-alta\\\/#primaryimage\"},\"image\":{\"@id\":\"https:\\\/\\\/saiga.es\\\/es\\\/producto\\\/bota-de-agua-cana-alta\\\/#primaryimage\"},\"thumbnailUrl\":\"https:\\\/\\\/saiga.es\\\/wp-content\\\/uploads\\\/2024\\\/03\\\/bota-de-agua-cana-alta-color-negro-talla-42-106-42-mavinsa.jpg\",\"datePublished\":\"2024-03-19T11:05:06+00:00\",\"dateModified\":\"2025-10-13T04:44:50+00:00\",\"description\":\"Pots Foca Rain en negre, de PVC especial, ligers i flexibles, amb sola antilliscant i folre t\u00e8xtil acr\u00edlic a l'interior.\",\"breadcrumb\":{\"@id\":\"https:\\\/\\\/saiga.es\\\/es\\\/producto\\\/bota-de-agua-cana-alta\\\/#breadcrumb\"},\"inLanguage\":\"es\",\"potentialAction\":[{\"@type\":\"ReadAction\",\"target\":[\"https:\\\/\\\/saiga.es\\\/es\\\/producto\\\/bota-de-agua-cana-alta\\\/\"]}]},{\"@type\":\"ImageObject\",\"inLanguage\":\"es\",\"@id\":\"https:\\\/\\\/saiga.es\\\/es\\\/producto\\\/bota-de-agua-cana-alta\\\/#primaryimage\",\"url\":\"https:\\\/\\\/saiga.es\\\/wp-content\\\/uploads\\\/2024\\\/03\\\/bota-de-agua-cana-alta-color-negro-talla-42-106-42-mavinsa.jpg\",\"contentUrl\":\"https:\\\/\\\/saiga.es\\\/wp-content\\\/uploads\\\/2024\\\/03\\\/bota-de-agua-cana-alta-color-negro-talla-42-106-42-mavinsa.jpg\",\"width\":381,\"height\":492},{\"@type\":\"BreadcrumbList\",\"@id\":\"https:\\\/\\\/saiga.es\\\/es\\\/producto\\\/bota-de-agua-cana-alta\\\/#breadcrumb\",\"itemListElement\":[{\"@type\":\"ListItem\",\"position\":1,\"name\":\"Inici\",\"item\":\"https:\\\/\\\/saiga.es\\\/es\\\/\"},{\"@type\":\"ListItem\",\"position\":2,\"name\":\"Tienda\",\"item\":\"https:\\\/\\\/saiga.es\\\/es\\\/tienda\\\/\"},{\"@type\":\"ListItem\",\"position\":3,\"name\":\"Bota de agua ca\u00f1a alta\"}]},{\"@type\":\"WebSite\",\"@id\":\"https:\\\/\\\/saiga.es\\\/es\\\/#website\",\"url\":\"https:\\\/\\\/saiga.es\\\/es\\\/\",\"name\":\"SAIGA\",\"description\":\"M\u00e9s de 50 anys al servei de la terra i treballant per a un \u00fas eficient de l\u2019aigua!\",\"publisher\":{\"@id\":\"https:\\\/\\\/saiga.es\\\/es\\\/#organization\"},\"potentialAction\":[{\"@type\":\"SearchAction\",\"target\":{\"@type\":\"EntryPoint\",\"urlTemplate\":\"https:\\\/\\\/saiga.es\\\/es\\\/?s={search_term_string}\"},\"query-input\":{\"@type\":\"PropertyValueSpecification\",\"valueRequired\":true,\"valueName\":\"search_term_string\"}}],\"inLanguage\":\"es\"},{\"@type\":\"Organization\",\"@id\":\"https:\\\/\\\/saiga.es\\\/es\\\/#organization\",\"name\":\"SAIGA\",\"url\":\"https:\\\/\\\/saiga.es\\\/es\\\/\",\"logo\":{\"@type\":\"ImageObject\",\"inLanguage\":\"es\",\"@id\":\"https:\\\/\\\/saiga.es\\\/es\\\/#\\\/schema\\\/logo\\\/image\\\/\",\"url\":\"https:\\\/\\\/saiga.es\\\/wp-content\\\/uploads\\\/2025\\\/07\\\/logo_saiga_baseline_optimitzat.svg\",\"contentUrl\":\"https:\\\/\\\/saiga.es\\\/wp-content\\\/uploads\\\/2025\\\/07\\\/logo_saiga_baseline_optimitzat.svg\",\"caption\":\"SAIGA\"},\"image\":{\"@id\":\"https:\\\/\\\/saiga.es\\\/es\\\/#\\\/schema\\\/logo\\\/image\\\/\"},\"sameAs\":[\"https:\\\/\\\/x.com\\\/saiga_agro\",\"https:\\\/\\\/www.instagram.com\\\/saiga_agro\\\/\"]}]}<\/script>\n<!-- \/ Yoast SEO plugin. -->","yoast_head_json":{"title":"Bota de agua ca\u00f1a alta | SAIGA","description":"Pots Foca Rain en negre, de PVC especial, ligers i flexibles, amb sola antilliscant i folre t\u00e8xtil acr\u00edlic a l'interior.","robots":{"index":"index","follow":"follow","max-snippet":"max-snippet:-1","max-image-preview":"max-image-preview:large","max-video-preview":"max-video-preview:-1"},"canonical":"https:\/\/saiga.es\/es\/producto\/bota-de-agua-cana-alta\/","og_locale":"es_ES","og_type":"article","og_title":"Bota de agua ca\u00f1a alta | SAIGA","og_description":"Pots Foca Rain en negre, de PVC especial, ligers i flexibles, amb sola antilliscant i folre t\u00e8xtil acr\u00edlic a l'interior.","og_url":"https:\/\/saiga.es\/es\/producto\/bota-de-agua-cana-alta\/","og_site_name":"SAIGA","article_modified_time":"2025-10-13T04:44:50+00:00","og_image":[{"width":381,"height":492,"url":"https:\/\/saiga.es\/wp-content\/uploads\/2024\/03\/bota-de-agua-cana-alta-color-negro-talla-42-106-42-mavinsa.jpg","type":"image\/jpeg"}],"twitter_card":"summary_large_image","twitter_site":"@saiga_agro","schema":{"@context":"https:\/\/schema.org","@graph":[{"@type":"WebPage","@id":"https:\/\/saiga.es\/es\/producto\/bota-de-agua-cana-alta\/","url":"https:\/\/saiga.es\/es\/producto\/bota-de-agua-cana-alta\/","name":"Bota de agua ca\u00f1a alta | SAIGA","isPartOf":{"@id":"https:\/\/saiga.es\/es\/#website"},"primaryImageOfPage":{"@id":"https:\/\/saiga.es\/es\/producto\/bota-de-agua-cana-alta\/#primaryimage"},"image":{"@id":"https:\/\/saiga.es\/es\/producto\/bota-de-agua-cana-alta\/#primaryimage"},"thumbnailUrl":"https:\/\/saiga.es\/wp-content\/uploads\/2024\/03\/bota-de-agua-cana-alta-color-negro-talla-42-106-42-mavinsa.jpg","datePublished":"2024-03-19T11:05:06+00:00","dateModified":"2025-10-13T04:44:50+00:00","description":"Pots Foca Rain en negre, de PVC especial, ligers i flexibles, amb sola antilliscant i folre t\u00e8xtil acr\u00edlic a l'interior.","breadcrumb":{"@id":"https:\/\/saiga.es\/es\/producto\/bota-de-agua-cana-alta\/#breadcrumb"},"inLanguage":"es","potentialAction":[{"@type":"ReadAction","target":["https:\/\/saiga.es\/es\/producto\/bota-de-agua-cana-alta\/"]}]},{"@type":"ImageObject","inLanguage":"es","@id":"https:\/\/saiga.es\/es\/producto\/bota-de-agua-cana-alta\/#primaryimage","url":"https:\/\/saiga.es\/wp-content\/uploads\/2024\/03\/bota-de-agua-cana-alta-color-negro-talla-42-106-42-mavinsa.jpg","contentUrl":"https:\/\/saiga.es\/wp-content\/uploads\/2024\/03\/bota-de-agua-cana-alta-color-negro-talla-42-106-42-mavinsa.jpg","width":381,"height":492},{"@type":"BreadcrumbList","@id":"https:\/\/saiga.es\/es\/producto\/bota-de-agua-cana-alta\/#breadcrumb","itemListElement":[{"@type":"ListItem","position":1,"name":"Inici","item":"https:\/\/saiga.es\/es\/"},{"@type":"ListItem","position":2,"name":"Tienda","item":"https:\/\/saiga.es\/es\/tienda\/"},{"@type":"ListItem","position":3,"name":"Bota de agua ca\u00f1a alta"}]},{"@type":"WebSite","@id":"https:\/\/saiga.es\/es\/#website","url":"https:\/\/saiga.es\/es\/","name":"SAIGA","description":"M\u00e9s de 50 anys al servei de la terra i treballant per a un \u00fas eficient de l\u2019aigua!","publisher":{"@id":"https:\/\/saiga.es\/es\/#organization"},"potentialAction":[{"@type":"SearchAction","target":{"@type":"EntryPoint","urlTemplate":"https:\/\/saiga.es\/es\/?s={search_term_string}"},"query-input":{"@type":"PropertyValueSpecification","valueRequired":true,"valueName":"search_term_string"}}],"inLanguage":"es"},{"@type":"Organization","@id":"https:\/\/saiga.es\/es\/#organization","name":"SAIGA","url":"https:\/\/saiga.es\/es\/","logo":{"@type":"ImageObject","inLanguage":"es","@id":"https:\/\/saiga.es\/es\/#\/schema\/logo\/image\/","url":"https:\/\/saiga.es\/wp-content\/uploads\/2025\/07\/logo_saiga_baseline_optimitzat.svg","contentUrl":"https:\/\/saiga.es\/wp-content\/uploads\/2025\/07\/logo_saiga_baseline_optimitzat.svg","caption":"SAIGA"},"image":{"@id":"https:\/\/saiga.es\/es\/#\/schema\/logo\/image\/"},"sameAs":["https:\/\/x.com\/saiga_agro","https:\/\/www.instagram.com\/saiga_agro\/"]}]}},"_links":{"self":[{"href":"https:\/\/saiga.es\/es\/wp-json\/wp\/v2\/product\/9397","targetHints":{"allow":["GET"]}}],"collection":[{"href":"https:\/\/saiga.es\/es\/wp-json\/wp\/v2\/product"}],"about":[{"href":"https:\/\/saiga.es\/es\/wp-json\/wp\/v2\/types\/product"}],"replies":[{"embeddable":true,"href":"https:\/\/saiga.es\/es\/wp-json\/wp\/v2\/comments?post=9397"}],"wp:featuredmedia":[{"embeddable":true,"href":"https:\/\/saiga.es\/es\/wp-json\/wp\/v2\/media\/9170"}],"wp:attachment":[{"href":"https:\/\/saiga.es\/es\/wp-json\/wp\/v2\/media?parent=9397"}],"wp:term":[{"taxonomy":"product_brand","embeddable":true,"href":"https:\/\/saiga.es\/es\/wp-json\/wp\/v2\/product_brand?post=9397"},{"taxonomy":"product_cat","embeddable":true,"href":"https:\/\/saiga.es\/es\/wp-json\/wp\/v2\/product_cat?post=9397"},{"taxonomy":"product_tag","embeddable":true,"href":"https:\/\/saiga.es\/es\/wp-json\/wp\/v2\/product_tag?post=9397"}],"curies":[{"name":"wp","href":"https:\/\/api.w.org\/{rel}","templated":true}]}}