{"id":9521,"date":"2024-03-26T15:22:56","date_gmt":"2024-03-26T15:22:56","guid":{"rendered":"https:\/\/botiga.saiga.es\/?post_type=product&#038;p=9521"},"modified":"2025-10-24T14:02:00","modified_gmt":"2025-10-24T14:02:00","slug":"mini-llanterna-recargable-led-3w","status":"publish","type":"product","link":"https:\/\/saiga.es\/es\/producto\/mini-llanterna-recargable-led-3w\/","title":{"rendered":"Mini llanterna recargable led 3w"},"content":{"rendered":"<p>Mini llanterna\u00a0recarregable\u00a0led\u00a0<span class=\"hiddenSpellError\">3w<\/span><\/p>\n<p>Aquesta llanterna amb carregador USB de tipus C. Constru\u00eft en alumini, que ofereix diversos modes d&#8217;il\u00b7luminaci\u00f3, com alta intensitat, baixa intensitat, <span class=\"hiddenSpellError\">off<\/span>\u00a0i turbo, amb una sortida de 300\u00a0l\u00famens. T\u00e9 un indicador de c\u00e0rrega i una bateria de 801350\u00a0<span class=\"hiddenGrammarError\">3,7V<\/span>\u00a0<span class=\"hiddenSpellError\">500mAh<\/span>, amb unes dimensions de\u00a0<span class=\"hiddenSpellError\">89x21x12mm<\/span>\u00a0i un pes de 35\u00a0<span class=\"hiddenGrammarError\" style=\"padding-bottom: 2px; background-image: url('..\/..\/..\/..\/..\/images\/squiggle.png'); background-repeat: repeat-x; background-position: left bottom; cursor: default; color: #000000; font-family: 'Open Sans', Helvetica, Arial, sans-serif; font-size: 16px; font-style: normal; font-variant-ligatures: normal; font-variant-caps: normal; font-weight: 300; letter-spacing: normal; orphans: 2; text-align: start; text-indent: 0px; text-transform: none; widows: 2; word-spacing: 0px; -webkit-text-stroke-width: 0px; white-space: normal; text-decoration-thickness: initial; text-decoration-style: initial; text-decoration-color: initial;\">gr<\/span>. Cont\u00e9 un imant a la part lateral inferior.<\/p>\n","protected":false},"excerpt":{"rendered":"<p>Mini llanterna\u00a0recarregable\u00a0led\u00a0<span class=\"hiddenSpellError\">3w<\/span><\/p>\n<p>Aquesta llanterna amb carregador USB de tipus C. Constru\u00eft en alumini, que ofereix diversos modes d&#8217;il\u00b7luminaci\u00f3, com alta intensitat, baixa intensitat, <span class=\"hiddenSpellError\">off<\/span>\u00a0i turbo, amb una sortida de 300\u00a0l\u00famens. T\u00e9 un indicador de c\u00e0rrega i una bateria de 801350\u00a0<span class=\"hiddenGrammarError\">3,7V<\/span>\u00a0<span class=\"hiddenSpellError\">500mAh<\/span>, amb unes dimensions de\u00a0<span class=\"hiddenSpellError\">89x21x12mm<\/span>\u00a0i un pes de 35\u00a0<span class=\"hiddenGrammarError\" style=\"padding-bottom: 2px; background-image: url('..\/..\/..\/..\/..\/images\/squiggle.png'); background-repeat: repeat-x; background-position: left bottom; cursor: default; color: #000000; font-family: 'Open Sans', Helvetica, Arial, sans-serif; font-size: 16px; font-style: normal; font-variant-ligatures: normal; font-variant-caps: normal; font-weight: 300; letter-spacing: normal; orphans: 2; text-align: start; text-indent: 0px; text-transform: none; widows: 2; word-spacing: 0px; -webkit-text-stroke-width: 0px; white-space: normal; text-decoration-thickness: initial; text-decoration-style: initial; text-decoration-color: initial;\">gr<\/span>. Cont\u00e9 un imant a la part lateral inferior.<\/p>\n","protected":false},"featured_media":9525,"comment_status":"open","ping_status":"closed","template":"","meta":[],"product_brand":[],"product_cat":[264],"product_tag":[],"class_list":{"0":"post-9521","1":"product","2":"type-product","3":"status-publish","4":"has-post-thumbnail","6":"product_cat-illuminacio","8":"first","9":"instock","10":"sale","11":"taxable","12":"shipping-taxable","13":"purchasable","14":"product-type-simple"},"yoast_head":"<!-- This site is optimized with the Yoast SEO plugin v27.4 - https:\/\/yoast.com\/product\/yoast-seo-wordpress\/ -->\n<title>Mini llanterna recargable led 3w | SAIGA<\/title>\n<meta name=\"description\" content=\"Llanterna USB tipus C d&#039;alumini amb modes d&#039;il\u00b7luminaci\u00f3 diversos i una sortida de 300 lumens. Inclou indicador de c\u00e0rrega i bateria recarregable de 500mAh.\" \/>\n<meta name=\"robots\" content=\"index, follow, max-snippet:-1, max-image-preview:large, max-video-preview:-1\" \/>\n<link rel=\"canonical\" href=\"https:\/\/saiga.es\/es\/producto\/mini-llanterna-recargable-led-3w\/\" \/>\n<meta property=\"og:locale\" content=\"es_ES\" \/>\n<meta property=\"og:type\" content=\"article\" \/>\n<meta property=\"og:title\" content=\"Mini llanterna recargable led 3w | SAIGA\" \/>\n<meta property=\"og:description\" content=\"Llanterna USB tipus C d&#039;alumini amb modes d&#039;il\u00b7luminaci\u00f3 diversos i una sortida de 300 lumens. Inclou indicador de c\u00e0rrega i bateria recarregable de 500mAh.\" \/>\n<meta property=\"og:url\" content=\"https:\/\/saiga.es\/es\/producto\/mini-llanterna-recargable-led-3w\/\" \/>\n<meta property=\"og:site_name\" content=\"SAIGA\" \/>\n<meta property=\"article:modified_time\" content=\"2025-10-24T14:02:00+00:00\" \/>\n<meta property=\"og:image\" content=\"https:\/\/saiga.es\/wp-content\/uploads\/2024\/03\/60.407_1-1.jpg\" \/>\n\t<meta property=\"og:image:width\" content=\"344\" \/>\n\t<meta property=\"og:image:height\" content=\"317\" \/>\n\t<meta property=\"og:image:type\" content=\"image\/jpeg\" \/>\n<meta name=\"twitter:card\" content=\"summary_large_image\" \/>\n<meta name=\"twitter:site\" content=\"@saiga_agro\" \/>\n<meta name=\"twitter:label1\" content=\"Tiempo de lectura\" \/>\n\t<meta name=\"twitter:data1\" content=\"1 minuto\" \/>\n<script type=\"application\/ld+json\" class=\"yoast-schema-graph\">{\"@context\":\"https:\\\/\\\/schema.org\",\"@graph\":[{\"@type\":\"WebPage\",\"@id\":\"https:\\\/\\\/saiga.es\\\/es\\\/producto\\\/mini-llanterna-recargable-led-3w\\\/\",\"url\":\"https:\\\/\\\/saiga.es\\\/es\\\/producto\\\/mini-llanterna-recargable-led-3w\\\/\",\"name\":\"Mini llanterna recargable led 3w | SAIGA\",\"isPartOf\":{\"@id\":\"https:\\\/\\\/saiga.es\\\/es\\\/#website\"},\"primaryImageOfPage\":{\"@id\":\"https:\\\/\\\/saiga.es\\\/es\\\/producto\\\/mini-llanterna-recargable-led-3w\\\/#primaryimage\"},\"image\":{\"@id\":\"https:\\\/\\\/saiga.es\\\/es\\\/producto\\\/mini-llanterna-recargable-led-3w\\\/#primaryimage\"},\"thumbnailUrl\":\"https:\\\/\\\/saiga.es\\\/wp-content\\\/uploads\\\/2024\\\/03\\\/60.407_1-1.jpg\",\"datePublished\":\"2024-03-26T15:22:56+00:00\",\"dateModified\":\"2025-10-24T14:02:00+00:00\",\"description\":\"Llanterna USB tipus C d'alumini amb modes d'il\u00b7luminaci\u00f3 diversos i una sortida de 300 lumens. Inclou indicador de c\u00e0rrega i bateria recarregable de 500mAh.\",\"breadcrumb\":{\"@id\":\"https:\\\/\\\/saiga.es\\\/es\\\/producto\\\/mini-llanterna-recargable-led-3w\\\/#breadcrumb\"},\"inLanguage\":\"es\",\"potentialAction\":[{\"@type\":\"ReadAction\",\"target\":[\"https:\\\/\\\/saiga.es\\\/es\\\/producto\\\/mini-llanterna-recargable-led-3w\\\/\"]}]},{\"@type\":\"ImageObject\",\"inLanguage\":\"es\",\"@id\":\"https:\\\/\\\/saiga.es\\\/es\\\/producto\\\/mini-llanterna-recargable-led-3w\\\/#primaryimage\",\"url\":\"https:\\\/\\\/saiga.es\\\/wp-content\\\/uploads\\\/2024\\\/03\\\/60.407_1-1.jpg\",\"contentUrl\":\"https:\\\/\\\/saiga.es\\\/wp-content\\\/uploads\\\/2024\\\/03\\\/60.407_1-1.jpg\",\"width\":344,\"height\":317},{\"@type\":\"BreadcrumbList\",\"@id\":\"https:\\\/\\\/saiga.es\\\/es\\\/producto\\\/mini-llanterna-recargable-led-3w\\\/#breadcrumb\",\"itemListElement\":[{\"@type\":\"ListItem\",\"position\":1,\"name\":\"Inici\",\"item\":\"https:\\\/\\\/saiga.es\\\/es\\\/\"},{\"@type\":\"ListItem\",\"position\":2,\"name\":\"Tienda\",\"item\":\"https:\\\/\\\/saiga.es\\\/es\\\/tienda\\\/\"},{\"@type\":\"ListItem\",\"position\":3,\"name\":\"Mini llanterna recargable led 3w\"}]},{\"@type\":\"WebSite\",\"@id\":\"https:\\\/\\\/saiga.es\\\/es\\\/#website\",\"url\":\"https:\\\/\\\/saiga.es\\\/es\\\/\",\"name\":\"SAIGA\",\"description\":\"M\u00e9s de 50 anys al servei de la terra i treballant per a un \u00fas eficient de l\u2019aigua!\",\"publisher\":{\"@id\":\"https:\\\/\\\/saiga.es\\\/es\\\/#organization\"},\"potentialAction\":[{\"@type\":\"SearchAction\",\"target\":{\"@type\":\"EntryPoint\",\"urlTemplate\":\"https:\\\/\\\/saiga.es\\\/es\\\/?s={search_term_string}\"},\"query-input\":{\"@type\":\"PropertyValueSpecification\",\"valueRequired\":true,\"valueName\":\"search_term_string\"}}],\"inLanguage\":\"es\"},{\"@type\":\"Organization\",\"@id\":\"https:\\\/\\\/saiga.es\\\/es\\\/#organization\",\"name\":\"SAIGA\",\"url\":\"https:\\\/\\\/saiga.es\\\/es\\\/\",\"logo\":{\"@type\":\"ImageObject\",\"inLanguage\":\"es\",\"@id\":\"https:\\\/\\\/saiga.es\\\/es\\\/#\\\/schema\\\/logo\\\/image\\\/\",\"url\":\"https:\\\/\\\/saiga.es\\\/wp-content\\\/uploads\\\/2025\\\/07\\\/logo_saiga_baseline_optimitzat.svg\",\"contentUrl\":\"https:\\\/\\\/saiga.es\\\/wp-content\\\/uploads\\\/2025\\\/07\\\/logo_saiga_baseline_optimitzat.svg\",\"caption\":\"SAIGA\"},\"image\":{\"@id\":\"https:\\\/\\\/saiga.es\\\/es\\\/#\\\/schema\\\/logo\\\/image\\\/\"},\"sameAs\":[\"https:\\\/\\\/x.com\\\/saiga_agro\",\"https:\\\/\\\/www.instagram.com\\\/saiga_agro\\\/\"]}]}<\/script>\n<!-- \/ Yoast SEO plugin. -->","yoast_head_json":{"title":"Mini llanterna recargable led 3w | SAIGA","description":"Llanterna USB tipus C d'alumini amb modes d'il\u00b7luminaci\u00f3 diversos i una sortida de 300 lumens. Inclou indicador de c\u00e0rrega i bateria recarregable de 500mAh.","robots":{"index":"index","follow":"follow","max-snippet":"max-snippet:-1","max-image-preview":"max-image-preview:large","max-video-preview":"max-video-preview:-1"},"canonical":"https:\/\/saiga.es\/es\/producto\/mini-llanterna-recargable-led-3w\/","og_locale":"es_ES","og_type":"article","og_title":"Mini llanterna recargable led 3w | SAIGA","og_description":"Llanterna USB tipus C d'alumini amb modes d'il\u00b7luminaci\u00f3 diversos i una sortida de 300 lumens. Inclou indicador de c\u00e0rrega i bateria recarregable de 500mAh.","og_url":"https:\/\/saiga.es\/es\/producto\/mini-llanterna-recargable-led-3w\/","og_site_name":"SAIGA","article_modified_time":"2025-10-24T14:02:00+00:00","og_image":[{"width":344,"height":317,"url":"https:\/\/saiga.es\/wp-content\/uploads\/2024\/03\/60.407_1-1.jpg","type":"image\/jpeg"}],"twitter_card":"summary_large_image","twitter_site":"@saiga_agro","twitter_misc":{"Tiempo de lectura":"1 minuto"},"schema":{"@context":"https:\/\/schema.org","@graph":[{"@type":"WebPage","@id":"https:\/\/saiga.es\/es\/producto\/mini-llanterna-recargable-led-3w\/","url":"https:\/\/saiga.es\/es\/producto\/mini-llanterna-recargable-led-3w\/","name":"Mini llanterna recargable led 3w | SAIGA","isPartOf":{"@id":"https:\/\/saiga.es\/es\/#website"},"primaryImageOfPage":{"@id":"https:\/\/saiga.es\/es\/producto\/mini-llanterna-recargable-led-3w\/#primaryimage"},"image":{"@id":"https:\/\/saiga.es\/es\/producto\/mini-llanterna-recargable-led-3w\/#primaryimage"},"thumbnailUrl":"https:\/\/saiga.es\/wp-content\/uploads\/2024\/03\/60.407_1-1.jpg","datePublished":"2024-03-26T15:22:56+00:00","dateModified":"2025-10-24T14:02:00+00:00","description":"Llanterna USB tipus C d'alumini amb modes d'il\u00b7luminaci\u00f3 diversos i una sortida de 300 lumens. Inclou indicador de c\u00e0rrega i bateria recarregable de 500mAh.","breadcrumb":{"@id":"https:\/\/saiga.es\/es\/producto\/mini-llanterna-recargable-led-3w\/#breadcrumb"},"inLanguage":"es","potentialAction":[{"@type":"ReadAction","target":["https:\/\/saiga.es\/es\/producto\/mini-llanterna-recargable-led-3w\/"]}]},{"@type":"ImageObject","inLanguage":"es","@id":"https:\/\/saiga.es\/es\/producto\/mini-llanterna-recargable-led-3w\/#primaryimage","url":"https:\/\/saiga.es\/wp-content\/uploads\/2024\/03\/60.407_1-1.jpg","contentUrl":"https:\/\/saiga.es\/wp-content\/uploads\/2024\/03\/60.407_1-1.jpg","width":344,"height":317},{"@type":"BreadcrumbList","@id":"https:\/\/saiga.es\/es\/producto\/mini-llanterna-recargable-led-3w\/#breadcrumb","itemListElement":[{"@type":"ListItem","position":1,"name":"Inici","item":"https:\/\/saiga.es\/es\/"},{"@type":"ListItem","position":2,"name":"Tienda","item":"https:\/\/saiga.es\/es\/tienda\/"},{"@type":"ListItem","position":3,"name":"Mini llanterna recargable led 3w"}]},{"@type":"WebSite","@id":"https:\/\/saiga.es\/es\/#website","url":"https:\/\/saiga.es\/es\/","name":"SAIGA","description":"M\u00e9s de 50 anys al servei de la terra i treballant per a un \u00fas eficient de l\u2019aigua!","publisher":{"@id":"https:\/\/saiga.es\/es\/#organization"},"potentialAction":[{"@type":"SearchAction","target":{"@type":"EntryPoint","urlTemplate":"https:\/\/saiga.es\/es\/?s={search_term_string}"},"query-input":{"@type":"PropertyValueSpecification","valueRequired":true,"valueName":"search_term_string"}}],"inLanguage":"es"},{"@type":"Organization","@id":"https:\/\/saiga.es\/es\/#organization","name":"SAIGA","url":"https:\/\/saiga.es\/es\/","logo":{"@type":"ImageObject","inLanguage":"es","@id":"https:\/\/saiga.es\/es\/#\/schema\/logo\/image\/","url":"https:\/\/saiga.es\/wp-content\/uploads\/2025\/07\/logo_saiga_baseline_optimitzat.svg","contentUrl":"https:\/\/saiga.es\/wp-content\/uploads\/2025\/07\/logo_saiga_baseline_optimitzat.svg","caption":"SAIGA"},"image":{"@id":"https:\/\/saiga.es\/es\/#\/schema\/logo\/image\/"},"sameAs":["https:\/\/x.com\/saiga_agro","https:\/\/www.instagram.com\/saiga_agro\/"]}]}},"_links":{"self":[{"href":"https:\/\/saiga.es\/es\/wp-json\/wp\/v2\/product\/9521","targetHints":{"allow":["GET"]}}],"collection":[{"href":"https:\/\/saiga.es\/es\/wp-json\/wp\/v2\/product"}],"about":[{"href":"https:\/\/saiga.es\/es\/wp-json\/wp\/v2\/types\/product"}],"replies":[{"embeddable":true,"href":"https:\/\/saiga.es\/es\/wp-json\/wp\/v2\/comments?post=9521"}],"wp:featuredmedia":[{"embeddable":true,"href":"https:\/\/saiga.es\/es\/wp-json\/wp\/v2\/media\/9525"}],"wp:attachment":[{"href":"https:\/\/saiga.es\/es\/wp-json\/wp\/v2\/media?parent=9521"}],"wp:term":[{"taxonomy":"product_brand","embeddable":true,"href":"https:\/\/saiga.es\/es\/wp-json\/wp\/v2\/product_brand?post=9521"},{"taxonomy":"product_cat","embeddable":true,"href":"https:\/\/saiga.es\/es\/wp-json\/wp\/v2\/product_cat?post=9521"},{"taxonomy":"product_tag","embeddable":true,"href":"https:\/\/saiga.es\/es\/wp-json\/wp\/v2\/product_tag?post=9521"}],"curies":[{"name":"wp","href":"https:\/\/api.w.org\/{rel}","templated":true}]}}