{"id":9583,"date":"2024-03-27T11:51:29","date_gmt":"2024-03-27T11:51:29","guid":{"rendered":"https:\/\/botiga.saiga.es\/producte\/automatico-siemens-5sl62327\/"},"modified":"2024-03-27T11:51:29","modified_gmt":"2024-03-27T11:51:29","slug":"automatico-siemens-5sl62327","status":"publish","type":"product","link":"https:\/\/saiga.es\/es\/producto\/automatico-siemens-5sl62327\/","title":{"rendered":"Autom\u00e1tico Siemens 5SL62327"},"content":{"rendered":"<p>El autom\u00e1tico Siemens 5SL62327 es la soluci\u00f3n ideal para la protecci\u00f3n el\u00e9ctrica en entornos residenciales y comerciales. Con una capacidad de 32 amperios y 3 polos, ofrece una protecci\u00f3n fiable contra sobrecargas y cortocircuitos. Compacto y de primera calidad garantiza un funcionamiento seguro y eficiente de los sistemas el\u00e9ctricos. Con tecnolog\u00eda avanzada, es una elecci\u00f3n confiable para las necesidades de protecci\u00f3n el\u00e9ctrica.<\/p>\n","protected":false},"excerpt":{"rendered":"<p>El autom\u00e1tico Siemens 5SL62327 es la soluci\u00f3n ideal para la protecci\u00f3n el\u00e9ctrica en entornos residenciales y comerciales.<\/p>\n","protected":false},"featured_media":9581,"comment_status":"open","ping_status":"closed","template":"","meta":[],"product_brand":[],"product_cat":[1297],"product_tag":[1292,1294],"class_list":{"0":"post-9583","1":"product","2":"type-product","3":"status-publish","4":"has-post-thumbnail","6":"product_cat-automaticos","7":"product_tag-automatico","8":"product_tag-material-electrico","10":"first","11":"instock","12":"taxable","13":"shipping-taxable","14":"purchasable","15":"product-type-simple"},"yoast_head":"<!-- This site is optimized with the Yoast SEO plugin v27.3 - https:\/\/yoast.com\/product\/yoast-seo-wordpress\/ -->\n<title>Autom\u00e1tico Siemens 5SL62327 | SAIGA<\/title>\n<meta name=\"description\" content=\"El autom\u00e1tico Siemens 5SL62327 es la soluci\u00f3n ideal para la protecci\u00f3n el\u00e9ctrica en entornos residenciales y comerciales.\" \/>\n<meta name=\"robots\" content=\"index, follow, max-snippet:-1, max-image-preview:large, max-video-preview:-1\" \/>\n<link rel=\"canonical\" href=\"https:\/\/saiga.es\/es\/producto\/automatico-siemens-5sl62327\/\" \/>\n<meta property=\"og:locale\" content=\"es_ES\" \/>\n<meta property=\"og:type\" content=\"article\" \/>\n<meta property=\"og:title\" content=\"Autom\u00e1tico Siemens 5SL62327 | SAIGA\" \/>\n<meta property=\"og:description\" content=\"El autom\u00e1tico Siemens 5SL62327 es la soluci\u00f3n ideal para la protecci\u00f3n el\u00e9ctrica en entornos residenciales y comerciales.\" \/>\n<meta property=\"og:url\" content=\"https:\/\/saiga.es\/es\/producto\/automatico-siemens-5sl62327\/\" \/>\n<meta property=\"og:site_name\" content=\"SAIGA\" \/>\n<meta property=\"og:image\" content=\"https:\/\/saiga.es\/wp-content\/uploads\/2024\/03\/INSIEM5SL62327.jpg\" \/>\n\t<meta property=\"og:image:width\" content=\"342\" \/>\n\t<meta property=\"og:image:height\" content=\"342\" \/>\n\t<meta property=\"og:image:type\" content=\"image\/jpeg\" \/>\n<meta name=\"twitter:card\" content=\"summary_large_image\" \/>\n<meta name=\"twitter:site\" content=\"@saiga_agro\" \/>\n<script type=\"application\/ld+json\" class=\"yoast-schema-graph\">{\"@context\":\"https:\\\/\\\/schema.org\",\"@graph\":[{\"@type\":\"WebPage\",\"@id\":\"https:\\\/\\\/saiga.es\\\/es\\\/producto\\\/automatico-siemens-5sl62327\\\/\",\"url\":\"https:\\\/\\\/saiga.es\\\/es\\\/producto\\\/automatico-siemens-5sl62327\\\/\",\"name\":\"Autom\u00e1tico Siemens 5SL62327 | SAIGA\",\"isPartOf\":{\"@id\":\"https:\\\/\\\/saiga.es\\\/es\\\/#website\"},\"primaryImageOfPage\":{\"@id\":\"https:\\\/\\\/saiga.es\\\/es\\\/producto\\\/automatico-siemens-5sl62327\\\/#primaryimage\"},\"image\":{\"@id\":\"https:\\\/\\\/saiga.es\\\/es\\\/producto\\\/automatico-siemens-5sl62327\\\/#primaryimage\"},\"thumbnailUrl\":\"https:\\\/\\\/saiga.es\\\/wp-content\\\/uploads\\\/2024\\\/03\\\/INSIEM5SL62327.jpg\",\"datePublished\":\"2024-03-27T11:51:29+00:00\",\"description\":\"El autom\u00e1tico Siemens 5SL62327 es la soluci\u00f3n ideal para la protecci\u00f3n el\u00e9ctrica en entornos residenciales y comerciales.\",\"breadcrumb\":{\"@id\":\"https:\\\/\\\/saiga.es\\\/es\\\/producto\\\/automatico-siemens-5sl62327\\\/#breadcrumb\"},\"inLanguage\":\"es\",\"potentialAction\":[{\"@type\":\"ReadAction\",\"target\":[\"https:\\\/\\\/saiga.es\\\/es\\\/producto\\\/automatico-siemens-5sl62327\\\/\"]}]},{\"@type\":\"ImageObject\",\"inLanguage\":\"es\",\"@id\":\"https:\\\/\\\/saiga.es\\\/es\\\/producto\\\/automatico-siemens-5sl62327\\\/#primaryimage\",\"url\":\"https:\\\/\\\/saiga.es\\\/wp-content\\\/uploads\\\/2024\\\/03\\\/INSIEM5SL62327.jpg\",\"contentUrl\":\"https:\\\/\\\/saiga.es\\\/wp-content\\\/uploads\\\/2024\\\/03\\\/INSIEM5SL62327.jpg\",\"width\":342,\"height\":342,\"caption\":\"Autom\u00e1tico siemens 5SL62327\"},{\"@type\":\"BreadcrumbList\",\"@id\":\"https:\\\/\\\/saiga.es\\\/es\\\/producto\\\/automatico-siemens-5sl62327\\\/#breadcrumb\",\"itemListElement\":[{\"@type\":\"ListItem\",\"position\":1,\"name\":\"Inici\",\"item\":\"https:\\\/\\\/saiga.es\\\/es\\\/\"},{\"@type\":\"ListItem\",\"position\":2,\"name\":\"Tienda\",\"item\":\"https:\\\/\\\/saiga.es\\\/es\\\/tienda\\\/\"},{\"@type\":\"ListItem\",\"position\":3,\"name\":\"Autom\u00e1tico Siemens 5SL62327\"}]},{\"@type\":\"WebSite\",\"@id\":\"https:\\\/\\\/saiga.es\\\/es\\\/#website\",\"url\":\"https:\\\/\\\/saiga.es\\\/es\\\/\",\"name\":\"SAIGA\",\"description\":\"M\u00e9s de 50 anys al servei de la terra i treballant per a un \u00fas eficient de l\u2019aigua!\",\"publisher\":{\"@id\":\"https:\\\/\\\/saiga.es\\\/es\\\/#organization\"},\"potentialAction\":[{\"@type\":\"SearchAction\",\"target\":{\"@type\":\"EntryPoint\",\"urlTemplate\":\"https:\\\/\\\/saiga.es\\\/es\\\/?s={search_term_string}\"},\"query-input\":{\"@type\":\"PropertyValueSpecification\",\"valueRequired\":true,\"valueName\":\"search_term_string\"}}],\"inLanguage\":\"es\"},{\"@type\":\"Organization\",\"@id\":\"https:\\\/\\\/saiga.es\\\/es\\\/#organization\",\"name\":\"SAIGA\",\"url\":\"https:\\\/\\\/saiga.es\\\/es\\\/\",\"logo\":{\"@type\":\"ImageObject\",\"inLanguage\":\"es\",\"@id\":\"https:\\\/\\\/saiga.es\\\/es\\\/#\\\/schema\\\/logo\\\/image\\\/\",\"url\":\"https:\\\/\\\/saiga.es\\\/wp-content\\\/uploads\\\/2025\\\/07\\\/logo_saiga_baseline_optimitzat.svg\",\"contentUrl\":\"https:\\\/\\\/saiga.es\\\/wp-content\\\/uploads\\\/2025\\\/07\\\/logo_saiga_baseline_optimitzat.svg\",\"caption\":\"SAIGA\"},\"image\":{\"@id\":\"https:\\\/\\\/saiga.es\\\/es\\\/#\\\/schema\\\/logo\\\/image\\\/\"},\"sameAs\":[\"https:\\\/\\\/x.com\\\/saiga_agro\",\"https:\\\/\\\/www.instagram.com\\\/saiga_agro\\\/\"]}]}<\/script>\n<!-- \/ Yoast SEO plugin. -->","yoast_head_json":{"title":"Autom\u00e1tico Siemens 5SL62327 | SAIGA","description":"El autom\u00e1tico Siemens 5SL62327 es la soluci\u00f3n ideal para la protecci\u00f3n el\u00e9ctrica en entornos residenciales y comerciales.","robots":{"index":"index","follow":"follow","max-snippet":"max-snippet:-1","max-image-preview":"max-image-preview:large","max-video-preview":"max-video-preview:-1"},"canonical":"https:\/\/saiga.es\/es\/producto\/automatico-siemens-5sl62327\/","og_locale":"es_ES","og_type":"article","og_title":"Autom\u00e1tico Siemens 5SL62327 | SAIGA","og_description":"El autom\u00e1tico Siemens 5SL62327 es la soluci\u00f3n ideal para la protecci\u00f3n el\u00e9ctrica en entornos residenciales y comerciales.","og_url":"https:\/\/saiga.es\/es\/producto\/automatico-siemens-5sl62327\/","og_site_name":"SAIGA","og_image":[{"width":342,"height":342,"url":"https:\/\/saiga.es\/wp-content\/uploads\/2024\/03\/INSIEM5SL62327.jpg","type":"image\/jpeg"}],"twitter_card":"summary_large_image","twitter_site":"@saiga_agro","schema":{"@context":"https:\/\/schema.org","@graph":[{"@type":"WebPage","@id":"https:\/\/saiga.es\/es\/producto\/automatico-siemens-5sl62327\/","url":"https:\/\/saiga.es\/es\/producto\/automatico-siemens-5sl62327\/","name":"Autom\u00e1tico Siemens 5SL62327 | SAIGA","isPartOf":{"@id":"https:\/\/saiga.es\/es\/#website"},"primaryImageOfPage":{"@id":"https:\/\/saiga.es\/es\/producto\/automatico-siemens-5sl62327\/#primaryimage"},"image":{"@id":"https:\/\/saiga.es\/es\/producto\/automatico-siemens-5sl62327\/#primaryimage"},"thumbnailUrl":"https:\/\/saiga.es\/wp-content\/uploads\/2024\/03\/INSIEM5SL62327.jpg","datePublished":"2024-03-27T11:51:29+00:00","description":"El autom\u00e1tico Siemens 5SL62327 es la soluci\u00f3n ideal para la protecci\u00f3n el\u00e9ctrica en entornos residenciales y comerciales.","breadcrumb":{"@id":"https:\/\/saiga.es\/es\/producto\/automatico-siemens-5sl62327\/#breadcrumb"},"inLanguage":"es","potentialAction":[{"@type":"ReadAction","target":["https:\/\/saiga.es\/es\/producto\/automatico-siemens-5sl62327\/"]}]},{"@type":"ImageObject","inLanguage":"es","@id":"https:\/\/saiga.es\/es\/producto\/automatico-siemens-5sl62327\/#primaryimage","url":"https:\/\/saiga.es\/wp-content\/uploads\/2024\/03\/INSIEM5SL62327.jpg","contentUrl":"https:\/\/saiga.es\/wp-content\/uploads\/2024\/03\/INSIEM5SL62327.jpg","width":342,"height":342,"caption":"Autom\u00e1tico siemens 5SL62327"},{"@type":"BreadcrumbList","@id":"https:\/\/saiga.es\/es\/producto\/automatico-siemens-5sl62327\/#breadcrumb","itemListElement":[{"@type":"ListItem","position":1,"name":"Inici","item":"https:\/\/saiga.es\/es\/"},{"@type":"ListItem","position":2,"name":"Tienda","item":"https:\/\/saiga.es\/es\/tienda\/"},{"@type":"ListItem","position":3,"name":"Autom\u00e1tico Siemens 5SL62327"}]},{"@type":"WebSite","@id":"https:\/\/saiga.es\/es\/#website","url":"https:\/\/saiga.es\/es\/","name":"SAIGA","description":"M\u00e9s de 50 anys al servei de la terra i treballant per a un \u00fas eficient de l\u2019aigua!","publisher":{"@id":"https:\/\/saiga.es\/es\/#organization"},"potentialAction":[{"@type":"SearchAction","target":{"@type":"EntryPoint","urlTemplate":"https:\/\/saiga.es\/es\/?s={search_term_string}"},"query-input":{"@type":"PropertyValueSpecification","valueRequired":true,"valueName":"search_term_string"}}],"inLanguage":"es"},{"@type":"Organization","@id":"https:\/\/saiga.es\/es\/#organization","name":"SAIGA","url":"https:\/\/saiga.es\/es\/","logo":{"@type":"ImageObject","inLanguage":"es","@id":"https:\/\/saiga.es\/es\/#\/schema\/logo\/image\/","url":"https:\/\/saiga.es\/wp-content\/uploads\/2025\/07\/logo_saiga_baseline_optimitzat.svg","contentUrl":"https:\/\/saiga.es\/wp-content\/uploads\/2025\/07\/logo_saiga_baseline_optimitzat.svg","caption":"SAIGA"},"image":{"@id":"https:\/\/saiga.es\/es\/#\/schema\/logo\/image\/"},"sameAs":["https:\/\/x.com\/saiga_agro","https:\/\/www.instagram.com\/saiga_agro\/"]}]}},"_links":{"self":[{"href":"https:\/\/saiga.es\/es\/wp-json\/wp\/v2\/product\/9583","targetHints":{"allow":["GET"]}}],"collection":[{"href":"https:\/\/saiga.es\/es\/wp-json\/wp\/v2\/product"}],"about":[{"href":"https:\/\/saiga.es\/es\/wp-json\/wp\/v2\/types\/product"}],"replies":[{"embeddable":true,"href":"https:\/\/saiga.es\/es\/wp-json\/wp\/v2\/comments?post=9583"}],"wp:featuredmedia":[{"embeddable":true,"href":"https:\/\/saiga.es\/es\/wp-json\/wp\/v2\/media\/9581"}],"wp:attachment":[{"href":"https:\/\/saiga.es\/es\/wp-json\/wp\/v2\/media?parent=9583"}],"wp:term":[{"taxonomy":"product_brand","embeddable":true,"href":"https:\/\/saiga.es\/es\/wp-json\/wp\/v2\/product_brand?post=9583"},{"taxonomy":"product_cat","embeddable":true,"href":"https:\/\/saiga.es\/es\/wp-json\/wp\/v2\/product_cat?post=9583"},{"taxonomy":"product_tag","embeddable":true,"href":"https:\/\/saiga.es\/es\/wp-json\/wp\/v2\/product_tag?post=9583"}],"curies":[{"name":"wp","href":"https:\/\/api.w.org\/{rel}","templated":true}]}}