{"id":9611,"date":"2024-03-28T10:31:11","date_gmt":"2024-03-28T10:31:11","guid":{"rendered":"https:\/\/botiga.saiga.es\/producte\/linterna-de-trabajo-uv-7w-con-base\/"},"modified":"2024-03-28T10:31:11","modified_gmt":"2024-03-28T10:31:11","slug":"linterna-de-trabajo-uv-7w-con-base","status":"publish","type":"product","link":"https:\/\/saiga.es\/es\/producto\/linterna-de-trabajo-uv-7w-con-base\/","title":{"rendered":"Linterna de trabajo + UV 7w con base"},"content":{"rendered":"<p>Linterna de trabajo + UV <span class=\"hiddenSpellError\">7w<\/span> con base<\/p>\n<p>Linterna multifunci\u00f3n con varios modos de iluminaci\u00f3n: frontal 100% (<span class=\"hiddenGrammarError\">7W<\/span>) con un toque, UV con dos toques, linterna superior 100% (<span class=\"hiddenGrammarError\">3W)<\/span> con tres toques y opci\u00f3n de apagado. Potencia de 800 l\u00famenes, alimentada por una bater\u00eda de 2&#215;18650 de <span class=\"hiddenGrammarError\">3,7V<\/span> y <span class=\"hiddenSpellError\">4000mAh<\/span>. Con indicador de carga y carga a trav\u00e9s de <span class=\"hiddenGrammarError\">USB<\/span> tipo C. Incluye un perchero y una base magn\u00e9tica con im\u00e1n en la parte posterior de la linterna. Dimensiones de <span class=\"hiddenSpellError\">230x55x30mm<\/span> para la linterna y <span class=\"hiddenSpellError\">87x84x24mm<\/span> para la base, con un peso total de <span class=\"hiddenGrammarError\">360g<\/span>. Tiempo de carga de 4 horas y autonom\u00eda de 5 horas al 100%.<\/p>\n","protected":false},"excerpt":{"rendered":"<p>Linterna de trabajo + UV <span class=\"hiddenSpellError\">7w<\/span> con base<\/p>\n<p>Linterna multifunci\u00f3n con varios modos de iluminaci\u00f3n: frontal 100% (<span class=\"hiddenGrammarError\">7W<\/span>) con un toque, UV con dos toques, linterna superior 100% (<span class=\"hiddenGrammarError\">3W)<\/span> con tres toques y opci\u00f3n de apagado. Potencia de 800 l\u00famenes, alimentada por una bater\u00eda de 2&#215;18650 de <span class=\"hiddenGrammarError\">3,7V<\/span> y <span class=\"hiddenSpellError\">4000mAh<\/span>. Con indicador de carga y carga a trav\u00e9s de <span class=\"hiddenGrammarError\">USB<\/span> tipo C. Incluye un perchero y una base magn\u00e9tica con im\u00e1n en la parte posterior de la linterna. Dimensiones de <span class=\"hiddenSpellError\">230x55x30mm<\/span> para la linterna y <span class=\"hiddenSpellError\">87x84x24mm<\/span> para la base, con un peso total de <span class=\"hiddenGrammarError\">360g<\/span>. Tiempo de carga de 4 horas y autonom\u00eda de 5 horas al 100%.<\/p>\n","protected":false},"featured_media":9607,"comment_status":"open","ping_status":"closed","template":"","meta":[],"product_brand":[],"product_cat":[405],"product_tag":[],"class_list":{"0":"post-9611","1":"product","2":"type-product","3":"status-publish","4":"has-post-thumbnail","6":"product_cat-iluminacion-para-el-hogar","8":"first","9":"instock","10":"sale","11":"taxable","12":"shipping-taxable","13":"purchasable","14":"product-type-simple"},"yoast_head":"<!-- This site is optimized with the Yoast SEO plugin v27.4 - https:\/\/yoast.com\/product\/yoast-seo-wordpress\/ -->\n<title>Linterna de trabajo + UV 7w con base | SAIGA<\/title>\n<meta name=\"description\" content=\"Linterna con varios modos de iluminaci\u00f3n y bater\u00eda recargable de 4000mAh. Incluye indicador de carga y base magn\u00e9tica. Autonom\u00eda de 5 horas al 100%.\" \/>\n<meta name=\"robots\" content=\"index, follow, max-snippet:-1, max-image-preview:large, max-video-preview:-1\" \/>\n<link rel=\"canonical\" href=\"https:\/\/saiga.es\/es\/producto\/linterna-de-trabajo-uv-7w-con-base\/\" \/>\n<meta property=\"og:locale\" content=\"es_ES\" \/>\n<meta property=\"og:type\" content=\"article\" \/>\n<meta property=\"og:title\" content=\"Linterna de trabajo + UV 7w con base | SAIGA\" \/>\n<meta property=\"og:description\" content=\"Linterna con varios modos de iluminaci\u00f3n y bater\u00eda recargable de 4000mAh. Incluye indicador de carga y base magn\u00e9tica. Autonom\u00eda de 5 horas al 100%.\" \/>\n<meta property=\"og:url\" content=\"https:\/\/saiga.es\/es\/producto\/linterna-de-trabajo-uv-7w-con-base\/\" \/>\n<meta property=\"og:site_name\" content=\"SAIGA\" \/>\n<meta property=\"og:image\" content=\"https:\/\/saiga.es\/wp-content\/uploads\/2024\/03\/60.429-1.jpg\" \/>\n\t<meta property=\"og:image:width\" content=\"235\" \/>\n\t<meta property=\"og:image:height\" content=\"313\" \/>\n\t<meta property=\"og:image:type\" content=\"image\/jpeg\" \/>\n<meta name=\"twitter:card\" content=\"summary_large_image\" \/>\n<meta name=\"twitter:site\" content=\"@saiga_agro\" \/>\n<meta name=\"twitter:label1\" content=\"Tiempo de lectura\" \/>\n\t<meta name=\"twitter:data1\" content=\"1 minuto\" \/>\n<script type=\"application\/ld+json\" class=\"yoast-schema-graph\">{\"@context\":\"https:\\\/\\\/schema.org\",\"@graph\":[{\"@type\":\"WebPage\",\"@id\":\"https:\\\/\\\/saiga.es\\\/es\\\/producto\\\/linterna-de-trabajo-uv-7w-con-base\\\/\",\"url\":\"https:\\\/\\\/saiga.es\\\/es\\\/producto\\\/linterna-de-trabajo-uv-7w-con-base\\\/\",\"name\":\"Linterna de trabajo + UV 7w con base | SAIGA\",\"isPartOf\":{\"@id\":\"https:\\\/\\\/saiga.es\\\/es\\\/#website\"},\"primaryImageOfPage\":{\"@id\":\"https:\\\/\\\/saiga.es\\\/es\\\/producto\\\/linterna-de-trabajo-uv-7w-con-base\\\/#primaryimage\"},\"image\":{\"@id\":\"https:\\\/\\\/saiga.es\\\/es\\\/producto\\\/linterna-de-trabajo-uv-7w-con-base\\\/#primaryimage\"},\"thumbnailUrl\":\"https:\\\/\\\/saiga.es\\\/wp-content\\\/uploads\\\/2024\\\/03\\\/60.429-1.jpg\",\"datePublished\":\"2024-03-28T10:31:11+00:00\",\"description\":\"Linterna con varios modos de iluminaci\u00f3n y bater\u00eda recargable de 4000mAh. Incluye indicador de carga y base magn\u00e9tica. Autonom\u00eda de 5 horas al 100%.\",\"breadcrumb\":{\"@id\":\"https:\\\/\\\/saiga.es\\\/es\\\/producto\\\/linterna-de-trabajo-uv-7w-con-base\\\/#breadcrumb\"},\"inLanguage\":\"es\",\"potentialAction\":[{\"@type\":\"ReadAction\",\"target\":[\"https:\\\/\\\/saiga.es\\\/es\\\/producto\\\/linterna-de-trabajo-uv-7w-con-base\\\/\"]}]},{\"@type\":\"ImageObject\",\"inLanguage\":\"es\",\"@id\":\"https:\\\/\\\/saiga.es\\\/es\\\/producto\\\/linterna-de-trabajo-uv-7w-con-base\\\/#primaryimage\",\"url\":\"https:\\\/\\\/saiga.es\\\/wp-content\\\/uploads\\\/2024\\\/03\\\/60.429-1.jpg\",\"contentUrl\":\"https:\\\/\\\/saiga.es\\\/wp-content\\\/uploads\\\/2024\\\/03\\\/60.429-1.jpg\",\"width\":235,\"height\":313},{\"@type\":\"BreadcrumbList\",\"@id\":\"https:\\\/\\\/saiga.es\\\/es\\\/producto\\\/linterna-de-trabajo-uv-7w-con-base\\\/#breadcrumb\",\"itemListElement\":[{\"@type\":\"ListItem\",\"position\":1,\"name\":\"Inici\",\"item\":\"https:\\\/\\\/saiga.es\\\/es\\\/\"},{\"@type\":\"ListItem\",\"position\":2,\"name\":\"Tienda\",\"item\":\"https:\\\/\\\/saiga.es\\\/es\\\/tienda\\\/\"},{\"@type\":\"ListItem\",\"position\":3,\"name\":\"Linterna de trabajo + UV 7w con base\"}]},{\"@type\":\"WebSite\",\"@id\":\"https:\\\/\\\/saiga.es\\\/es\\\/#website\",\"url\":\"https:\\\/\\\/saiga.es\\\/es\\\/\",\"name\":\"SAIGA\",\"description\":\"M\u00e9s de 50 anys al servei de la terra i treballant per a un \u00fas eficient de l\u2019aigua!\",\"publisher\":{\"@id\":\"https:\\\/\\\/saiga.es\\\/es\\\/#organization\"},\"potentialAction\":[{\"@type\":\"SearchAction\",\"target\":{\"@type\":\"EntryPoint\",\"urlTemplate\":\"https:\\\/\\\/saiga.es\\\/es\\\/?s={search_term_string}\"},\"query-input\":{\"@type\":\"PropertyValueSpecification\",\"valueRequired\":true,\"valueName\":\"search_term_string\"}}],\"inLanguage\":\"es\"},{\"@type\":\"Organization\",\"@id\":\"https:\\\/\\\/saiga.es\\\/es\\\/#organization\",\"name\":\"SAIGA\",\"url\":\"https:\\\/\\\/saiga.es\\\/es\\\/\",\"logo\":{\"@type\":\"ImageObject\",\"inLanguage\":\"es\",\"@id\":\"https:\\\/\\\/saiga.es\\\/es\\\/#\\\/schema\\\/logo\\\/image\\\/\",\"url\":\"https:\\\/\\\/saiga.es\\\/wp-content\\\/uploads\\\/2025\\\/07\\\/logo_saiga_baseline_optimitzat.svg\",\"contentUrl\":\"https:\\\/\\\/saiga.es\\\/wp-content\\\/uploads\\\/2025\\\/07\\\/logo_saiga_baseline_optimitzat.svg\",\"caption\":\"SAIGA\"},\"image\":{\"@id\":\"https:\\\/\\\/saiga.es\\\/es\\\/#\\\/schema\\\/logo\\\/image\\\/\"},\"sameAs\":[\"https:\\\/\\\/x.com\\\/saiga_agro\",\"https:\\\/\\\/www.instagram.com\\\/saiga_agro\\\/\"]}]}<\/script>\n<!-- \/ Yoast SEO plugin. -->","yoast_head_json":{"title":"Linterna de trabajo + UV 7w con base | SAIGA","description":"Linterna con varios modos de iluminaci\u00f3n y bater\u00eda recargable de 4000mAh. Incluye indicador de carga y base magn\u00e9tica. Autonom\u00eda de 5 horas al 100%.","robots":{"index":"index","follow":"follow","max-snippet":"max-snippet:-1","max-image-preview":"max-image-preview:large","max-video-preview":"max-video-preview:-1"},"canonical":"https:\/\/saiga.es\/es\/producto\/linterna-de-trabajo-uv-7w-con-base\/","og_locale":"es_ES","og_type":"article","og_title":"Linterna de trabajo + UV 7w con base | SAIGA","og_description":"Linterna con varios modos de iluminaci\u00f3n y bater\u00eda recargable de 4000mAh. Incluye indicador de carga y base magn\u00e9tica. Autonom\u00eda de 5 horas al 100%.","og_url":"https:\/\/saiga.es\/es\/producto\/linterna-de-trabajo-uv-7w-con-base\/","og_site_name":"SAIGA","og_image":[{"width":235,"height":313,"url":"https:\/\/saiga.es\/wp-content\/uploads\/2024\/03\/60.429-1.jpg","type":"image\/jpeg"}],"twitter_card":"summary_large_image","twitter_site":"@saiga_agro","twitter_misc":{"Tiempo de lectura":"1 minuto"},"schema":{"@context":"https:\/\/schema.org","@graph":[{"@type":"WebPage","@id":"https:\/\/saiga.es\/es\/producto\/linterna-de-trabajo-uv-7w-con-base\/","url":"https:\/\/saiga.es\/es\/producto\/linterna-de-trabajo-uv-7w-con-base\/","name":"Linterna de trabajo + UV 7w con base | SAIGA","isPartOf":{"@id":"https:\/\/saiga.es\/es\/#website"},"primaryImageOfPage":{"@id":"https:\/\/saiga.es\/es\/producto\/linterna-de-trabajo-uv-7w-con-base\/#primaryimage"},"image":{"@id":"https:\/\/saiga.es\/es\/producto\/linterna-de-trabajo-uv-7w-con-base\/#primaryimage"},"thumbnailUrl":"https:\/\/saiga.es\/wp-content\/uploads\/2024\/03\/60.429-1.jpg","datePublished":"2024-03-28T10:31:11+00:00","description":"Linterna con varios modos de iluminaci\u00f3n y bater\u00eda recargable de 4000mAh. Incluye indicador de carga y base magn\u00e9tica. Autonom\u00eda de 5 horas al 100%.","breadcrumb":{"@id":"https:\/\/saiga.es\/es\/producto\/linterna-de-trabajo-uv-7w-con-base\/#breadcrumb"},"inLanguage":"es","potentialAction":[{"@type":"ReadAction","target":["https:\/\/saiga.es\/es\/producto\/linterna-de-trabajo-uv-7w-con-base\/"]}]},{"@type":"ImageObject","inLanguage":"es","@id":"https:\/\/saiga.es\/es\/producto\/linterna-de-trabajo-uv-7w-con-base\/#primaryimage","url":"https:\/\/saiga.es\/wp-content\/uploads\/2024\/03\/60.429-1.jpg","contentUrl":"https:\/\/saiga.es\/wp-content\/uploads\/2024\/03\/60.429-1.jpg","width":235,"height":313},{"@type":"BreadcrumbList","@id":"https:\/\/saiga.es\/es\/producto\/linterna-de-trabajo-uv-7w-con-base\/#breadcrumb","itemListElement":[{"@type":"ListItem","position":1,"name":"Inici","item":"https:\/\/saiga.es\/es\/"},{"@type":"ListItem","position":2,"name":"Tienda","item":"https:\/\/saiga.es\/es\/tienda\/"},{"@type":"ListItem","position":3,"name":"Linterna de trabajo + UV 7w con base"}]},{"@type":"WebSite","@id":"https:\/\/saiga.es\/es\/#website","url":"https:\/\/saiga.es\/es\/","name":"SAIGA","description":"M\u00e9s de 50 anys al servei de la terra i treballant per a un \u00fas eficient de l\u2019aigua!","publisher":{"@id":"https:\/\/saiga.es\/es\/#organization"},"potentialAction":[{"@type":"SearchAction","target":{"@type":"EntryPoint","urlTemplate":"https:\/\/saiga.es\/es\/?s={search_term_string}"},"query-input":{"@type":"PropertyValueSpecification","valueRequired":true,"valueName":"search_term_string"}}],"inLanguage":"es"},{"@type":"Organization","@id":"https:\/\/saiga.es\/es\/#organization","name":"SAIGA","url":"https:\/\/saiga.es\/es\/","logo":{"@type":"ImageObject","inLanguage":"es","@id":"https:\/\/saiga.es\/es\/#\/schema\/logo\/image\/","url":"https:\/\/saiga.es\/wp-content\/uploads\/2025\/07\/logo_saiga_baseline_optimitzat.svg","contentUrl":"https:\/\/saiga.es\/wp-content\/uploads\/2025\/07\/logo_saiga_baseline_optimitzat.svg","caption":"SAIGA"},"image":{"@id":"https:\/\/saiga.es\/es\/#\/schema\/logo\/image\/"},"sameAs":["https:\/\/x.com\/saiga_agro","https:\/\/www.instagram.com\/saiga_agro\/"]}]}},"_links":{"self":[{"href":"https:\/\/saiga.es\/es\/wp-json\/wp\/v2\/product\/9611","targetHints":{"allow":["GET"]}}],"collection":[{"href":"https:\/\/saiga.es\/es\/wp-json\/wp\/v2\/product"}],"about":[{"href":"https:\/\/saiga.es\/es\/wp-json\/wp\/v2\/types\/product"}],"replies":[{"embeddable":true,"href":"https:\/\/saiga.es\/es\/wp-json\/wp\/v2\/comments?post=9611"}],"wp:featuredmedia":[{"embeddable":true,"href":"https:\/\/saiga.es\/es\/wp-json\/wp\/v2\/media\/9607"}],"wp:attachment":[{"href":"https:\/\/saiga.es\/es\/wp-json\/wp\/v2\/media?parent=9611"}],"wp:term":[{"taxonomy":"product_brand","embeddable":true,"href":"https:\/\/saiga.es\/es\/wp-json\/wp\/v2\/product_brand?post=9611"},{"taxonomy":"product_cat","embeddable":true,"href":"https:\/\/saiga.es\/es\/wp-json\/wp\/v2\/product_cat?post=9611"},{"taxonomy":"product_tag","embeddable":true,"href":"https:\/\/saiga.es\/es\/wp-json\/wp\/v2\/product_tag?post=9611"}],"curies":[{"name":"wp","href":"https:\/\/api.w.org\/{rel}","templated":true}]}}