{"id":9618,"date":"2024-03-28T14:27:56","date_gmt":"2024-03-28T14:27:56","guid":{"rendered":"https:\/\/botiga.saiga.es\/producte\/aspersor-rain-bird-2045-08\/"},"modified":"2024-03-28T14:27:56","modified_gmt":"2024-03-28T14:27:56","slug":"aspersor-rain-bird-2045-08","status":"publish","type":"product","link":"https:\/\/saiga.es\/es\/producto\/aspersor-rain-bird-2045-08\/","title":{"rendered":"Aspersor Rain Bird 2045\/08"},"content":{"rendered":"<p>El Aspersor Rain Bird Maxi Paw 2045\/08 tiene un potente chorro que permite una m\u00e1xima separaci\u00f3n y ofrece un riego de corto alcance superior y una distribuci\u00f3n uniforme del agua. Una p\u00e9rdida de presi\u00f3n baja y el eficiente dise\u00f1o de caudal directo conservan la energ\u00eda y son perfectas para aplicaciones de agua sucia.<\/p>\n<p>El Seal-A-Matic\u2122 opcional prev\u00e9 la escorrent\u00eda, el encharcamiento y la erosi\u00f3n causados \u200b\u200bpor el drenaje en los puntos m\u00e1s bajos. Y lo m\u00e1s importante, es robusto y fiable, apareciendo en el tiempo previsto una y otra vez debido a la junta de estanqueidad multifuncional.<\/p>\n<p>&nbsp;<\/p>\n<p>&nbsp;<\/p>\n","protected":false},"excerpt":{"rendered":"<p>Aspersores de impacto retr\u00e1ctil para aplicaciones con agua sucia: separaci\u00f3n de hasta 45 pies (13,7 m).<\/p>\n","protected":false},"featured_media":11646,"comment_status":"closed","ping_status":"closed","template":"","meta":[],"product_brand":[],"product_cat":[182],"product_tag":[1318,1319,205,1320],"class_list":{"0":"post-9618","1":"product","2":"type-product","3":"status-publish","4":"has-post-thumbnail","6":"product_cat-aspersores-y-difusores","7":"product_tag-aspersores","8":"product_tag-material-de-riego","9":"product_tag-riego","10":"product_tag-riego-por-aspersion","12":"first","13":"instock","14":"taxable","15":"shipping-taxable","16":"purchasable","17":"product-type-simple"},"yoast_head":"<!-- This site is optimized with the Yoast SEO plugin v27.4 - https:\/\/yoast.com\/product\/yoast-seo-wordpress\/ -->\n<title>Aspersor Rain Bird 2045\/08 | SAIGA<\/title>\n<meta name=\"description\" content=\"El Aspersor Rain Bird Maxi Paw 2045\/08 tiene un potente chorro que permite una m\u00e1xima separaci\u00f3n y ofrece un riego de corto alcance superior y una distribuci\u00f3n uniforme del agua.\" \/>\n<meta name=\"robots\" content=\"index, follow, max-snippet:-1, max-image-preview:large, max-video-preview:-1\" \/>\n<link rel=\"canonical\" href=\"https:\/\/saiga.es\/es\/producto\/aspersor-rain-bird-2045-08\/\" \/>\n<meta property=\"og:locale\" content=\"es_ES\" \/>\n<meta property=\"og:type\" content=\"article\" \/>\n<meta property=\"og:title\" content=\"Aspersor Rain Bird 2045\/08 | SAIGA\" \/>\n<meta property=\"og:description\" content=\"El Aspersor Rain Bird Maxi Paw 2045\/08 tiene un potente chorro que permite una m\u00e1xima separaci\u00f3n y ofrece un riego de corto alcance superior y una distribuci\u00f3n uniforme del agua.\" \/>\n<meta property=\"og:url\" content=\"https:\/\/saiga.es\/es\/producto\/aspersor-rain-bird-2045-08\/\" \/>\n<meta property=\"og:site_name\" content=\"SAIGA\" \/>\n<meta property=\"og:image\" content=\"https:\/\/saiga.es\/wp-content\/uploads\/2024\/03\/Maxi-pow.jpg\" \/>\n\t<meta property=\"og:image:width\" content=\"1080\" \/>\n\t<meta property=\"og:image:height\" content=\"1080\" \/>\n\t<meta property=\"og:image:type\" content=\"image\/jpeg\" \/>\n<meta name=\"twitter:card\" content=\"summary_large_image\" \/>\n<meta name=\"twitter:site\" content=\"@saiga_agro\" \/>\n<meta name=\"twitter:label1\" content=\"Tiempo de lectura\" \/>\n\t<meta name=\"twitter:data1\" content=\"1 minuto\" \/>\n<script type=\"application\/ld+json\" class=\"yoast-schema-graph\">{\"@context\":\"https:\\\/\\\/schema.org\",\"@graph\":[{\"@type\":\"WebPage\",\"@id\":\"https:\\\/\\\/saiga.es\\\/es\\\/producto\\\/aspersor-rain-bird-2045-08\\\/\",\"url\":\"https:\\\/\\\/saiga.es\\\/es\\\/producto\\\/aspersor-rain-bird-2045-08\\\/\",\"name\":\"Aspersor Rain Bird 2045\\\/08 | SAIGA\",\"isPartOf\":{\"@id\":\"https:\\\/\\\/saiga.es\\\/es\\\/#website\"},\"primaryImageOfPage\":{\"@id\":\"https:\\\/\\\/saiga.es\\\/es\\\/producto\\\/aspersor-rain-bird-2045-08\\\/#primaryimage\"},\"image\":{\"@id\":\"https:\\\/\\\/saiga.es\\\/es\\\/producto\\\/aspersor-rain-bird-2045-08\\\/#primaryimage\"},\"thumbnailUrl\":\"https:\\\/\\\/saiga.es\\\/wp-content\\\/uploads\\\/2024\\\/03\\\/Maxi-pow.jpg\",\"datePublished\":\"2024-03-28T14:27:56+00:00\",\"description\":\"El Aspersor Rain Bird Maxi Paw 2045\\\/08 tiene un potente chorro que permite una m\u00e1xima separaci\u00f3n y ofrece un riego de corto alcance superior y una distribuci\u00f3n uniforme del agua.\",\"breadcrumb\":{\"@id\":\"https:\\\/\\\/saiga.es\\\/es\\\/producto\\\/aspersor-rain-bird-2045-08\\\/#breadcrumb\"},\"inLanguage\":\"es\",\"potentialAction\":[{\"@type\":\"ReadAction\",\"target\":[\"https:\\\/\\\/saiga.es\\\/es\\\/producto\\\/aspersor-rain-bird-2045-08\\\/\"]}]},{\"@type\":\"ImageObject\",\"inLanguage\":\"es\",\"@id\":\"https:\\\/\\\/saiga.es\\\/es\\\/producto\\\/aspersor-rain-bird-2045-08\\\/#primaryimage\",\"url\":\"https:\\\/\\\/saiga.es\\\/wp-content\\\/uploads\\\/2024\\\/03\\\/Maxi-pow.jpg\",\"contentUrl\":\"https:\\\/\\\/saiga.es\\\/wp-content\\\/uploads\\\/2024\\\/03\\\/Maxi-pow.jpg\",\"width\":1080,\"height\":1080,\"caption\":\"Aspersor Maxi Paw\"},{\"@type\":\"BreadcrumbList\",\"@id\":\"https:\\\/\\\/saiga.es\\\/es\\\/producto\\\/aspersor-rain-bird-2045-08\\\/#breadcrumb\",\"itemListElement\":[{\"@type\":\"ListItem\",\"position\":1,\"name\":\"Inici\",\"item\":\"https:\\\/\\\/saiga.es\\\/es\\\/\"},{\"@type\":\"ListItem\",\"position\":2,\"name\":\"Tienda\",\"item\":\"https:\\\/\\\/saiga.es\\\/es\\\/tienda\\\/\"},{\"@type\":\"ListItem\",\"position\":3,\"name\":\"Aspersor Rain Bird 2045\\\/08\"}]},{\"@type\":\"WebSite\",\"@id\":\"https:\\\/\\\/saiga.es\\\/es\\\/#website\",\"url\":\"https:\\\/\\\/saiga.es\\\/es\\\/\",\"name\":\"SAIGA\",\"description\":\"M\u00e9s de 50 anys al servei de la terra i treballant per a un \u00fas eficient de l\u2019aigua!\",\"publisher\":{\"@id\":\"https:\\\/\\\/saiga.es\\\/es\\\/#organization\"},\"potentialAction\":[{\"@type\":\"SearchAction\",\"target\":{\"@type\":\"EntryPoint\",\"urlTemplate\":\"https:\\\/\\\/saiga.es\\\/es\\\/?s={search_term_string}\"},\"query-input\":{\"@type\":\"PropertyValueSpecification\",\"valueRequired\":true,\"valueName\":\"search_term_string\"}}],\"inLanguage\":\"es\"},{\"@type\":\"Organization\",\"@id\":\"https:\\\/\\\/saiga.es\\\/es\\\/#organization\",\"name\":\"SAIGA\",\"url\":\"https:\\\/\\\/saiga.es\\\/es\\\/\",\"logo\":{\"@type\":\"ImageObject\",\"inLanguage\":\"es\",\"@id\":\"https:\\\/\\\/saiga.es\\\/es\\\/#\\\/schema\\\/logo\\\/image\\\/\",\"url\":\"https:\\\/\\\/saiga.es\\\/wp-content\\\/uploads\\\/2025\\\/07\\\/logo_saiga_baseline_optimitzat.svg\",\"contentUrl\":\"https:\\\/\\\/saiga.es\\\/wp-content\\\/uploads\\\/2025\\\/07\\\/logo_saiga_baseline_optimitzat.svg\",\"caption\":\"SAIGA\"},\"image\":{\"@id\":\"https:\\\/\\\/saiga.es\\\/es\\\/#\\\/schema\\\/logo\\\/image\\\/\"},\"sameAs\":[\"https:\\\/\\\/x.com\\\/saiga_agro\",\"https:\\\/\\\/www.instagram.com\\\/saiga_agro\\\/\"]}]}<\/script>\n<!-- \/ Yoast SEO plugin. -->","yoast_head_json":{"title":"Aspersor Rain Bird 2045\/08 | SAIGA","description":"El Aspersor Rain Bird Maxi Paw 2045\/08 tiene un potente chorro que permite una m\u00e1xima separaci\u00f3n y ofrece un riego de corto alcance superior y una distribuci\u00f3n uniforme del agua.","robots":{"index":"index","follow":"follow","max-snippet":"max-snippet:-1","max-image-preview":"max-image-preview:large","max-video-preview":"max-video-preview:-1"},"canonical":"https:\/\/saiga.es\/es\/producto\/aspersor-rain-bird-2045-08\/","og_locale":"es_ES","og_type":"article","og_title":"Aspersor Rain Bird 2045\/08 | SAIGA","og_description":"El Aspersor Rain Bird Maxi Paw 2045\/08 tiene un potente chorro que permite una m\u00e1xima separaci\u00f3n y ofrece un riego de corto alcance superior y una distribuci\u00f3n uniforme del agua.","og_url":"https:\/\/saiga.es\/es\/producto\/aspersor-rain-bird-2045-08\/","og_site_name":"SAIGA","og_image":[{"width":1080,"height":1080,"url":"https:\/\/saiga.es\/wp-content\/uploads\/2024\/03\/Maxi-pow.jpg","type":"image\/jpeg"}],"twitter_card":"summary_large_image","twitter_site":"@saiga_agro","twitter_misc":{"Tiempo de lectura":"1 minuto"},"schema":{"@context":"https:\/\/schema.org","@graph":[{"@type":"WebPage","@id":"https:\/\/saiga.es\/es\/producto\/aspersor-rain-bird-2045-08\/","url":"https:\/\/saiga.es\/es\/producto\/aspersor-rain-bird-2045-08\/","name":"Aspersor Rain Bird 2045\/08 | SAIGA","isPartOf":{"@id":"https:\/\/saiga.es\/es\/#website"},"primaryImageOfPage":{"@id":"https:\/\/saiga.es\/es\/producto\/aspersor-rain-bird-2045-08\/#primaryimage"},"image":{"@id":"https:\/\/saiga.es\/es\/producto\/aspersor-rain-bird-2045-08\/#primaryimage"},"thumbnailUrl":"https:\/\/saiga.es\/wp-content\/uploads\/2024\/03\/Maxi-pow.jpg","datePublished":"2024-03-28T14:27:56+00:00","description":"El Aspersor Rain Bird Maxi Paw 2045\/08 tiene un potente chorro que permite una m\u00e1xima separaci\u00f3n y ofrece un riego de corto alcance superior y una distribuci\u00f3n uniforme del agua.","breadcrumb":{"@id":"https:\/\/saiga.es\/es\/producto\/aspersor-rain-bird-2045-08\/#breadcrumb"},"inLanguage":"es","potentialAction":[{"@type":"ReadAction","target":["https:\/\/saiga.es\/es\/producto\/aspersor-rain-bird-2045-08\/"]}]},{"@type":"ImageObject","inLanguage":"es","@id":"https:\/\/saiga.es\/es\/producto\/aspersor-rain-bird-2045-08\/#primaryimage","url":"https:\/\/saiga.es\/wp-content\/uploads\/2024\/03\/Maxi-pow.jpg","contentUrl":"https:\/\/saiga.es\/wp-content\/uploads\/2024\/03\/Maxi-pow.jpg","width":1080,"height":1080,"caption":"Aspersor Maxi Paw"},{"@type":"BreadcrumbList","@id":"https:\/\/saiga.es\/es\/producto\/aspersor-rain-bird-2045-08\/#breadcrumb","itemListElement":[{"@type":"ListItem","position":1,"name":"Inici","item":"https:\/\/saiga.es\/es\/"},{"@type":"ListItem","position":2,"name":"Tienda","item":"https:\/\/saiga.es\/es\/tienda\/"},{"@type":"ListItem","position":3,"name":"Aspersor Rain Bird 2045\/08"}]},{"@type":"WebSite","@id":"https:\/\/saiga.es\/es\/#website","url":"https:\/\/saiga.es\/es\/","name":"SAIGA","description":"M\u00e9s de 50 anys al servei de la terra i treballant per a un \u00fas eficient de l\u2019aigua!","publisher":{"@id":"https:\/\/saiga.es\/es\/#organization"},"potentialAction":[{"@type":"SearchAction","target":{"@type":"EntryPoint","urlTemplate":"https:\/\/saiga.es\/es\/?s={search_term_string}"},"query-input":{"@type":"PropertyValueSpecification","valueRequired":true,"valueName":"search_term_string"}}],"inLanguage":"es"},{"@type":"Organization","@id":"https:\/\/saiga.es\/es\/#organization","name":"SAIGA","url":"https:\/\/saiga.es\/es\/","logo":{"@type":"ImageObject","inLanguage":"es","@id":"https:\/\/saiga.es\/es\/#\/schema\/logo\/image\/","url":"https:\/\/saiga.es\/wp-content\/uploads\/2025\/07\/logo_saiga_baseline_optimitzat.svg","contentUrl":"https:\/\/saiga.es\/wp-content\/uploads\/2025\/07\/logo_saiga_baseline_optimitzat.svg","caption":"SAIGA"},"image":{"@id":"https:\/\/saiga.es\/es\/#\/schema\/logo\/image\/"},"sameAs":["https:\/\/x.com\/saiga_agro","https:\/\/www.instagram.com\/saiga_agro\/"]}]}},"_links":{"self":[{"href":"https:\/\/saiga.es\/es\/wp-json\/wp\/v2\/product\/9618","targetHints":{"allow":["GET"]}}],"collection":[{"href":"https:\/\/saiga.es\/es\/wp-json\/wp\/v2\/product"}],"about":[{"href":"https:\/\/saiga.es\/es\/wp-json\/wp\/v2\/types\/product"}],"replies":[{"embeddable":true,"href":"https:\/\/saiga.es\/es\/wp-json\/wp\/v2\/comments?post=9618"}],"wp:featuredmedia":[{"embeddable":true,"href":"https:\/\/saiga.es\/es\/wp-json\/wp\/v2\/media\/11646"}],"wp:attachment":[{"href":"https:\/\/saiga.es\/es\/wp-json\/wp\/v2\/media?parent=9618"}],"wp:term":[{"taxonomy":"product_brand","embeddable":true,"href":"https:\/\/saiga.es\/es\/wp-json\/wp\/v2\/product_brand?post=9618"},{"taxonomy":"product_cat","embeddable":true,"href":"https:\/\/saiga.es\/es\/wp-json\/wp\/v2\/product_cat?post=9618"},{"taxonomy":"product_tag","embeddable":true,"href":"https:\/\/saiga.es\/es\/wp-json\/wp\/v2\/product_tag?post=9618"}],"curies":[{"name":"wp","href":"https:\/\/api.w.org\/{rel}","templated":true}]}}