{"id":9667,"date":"2024-04-02T09:28:53","date_gmt":"2024-04-02T09:28:53","guid":{"rendered":"https:\/\/botiga.saiga.es\/producte\/paso-limpiador-cemento-marmol\/"},"modified":"2024-04-02T09:28:53","modified_gmt":"2024-04-02T09:28:53","slug":"paso-limpiador-cemento-marmol","status":"publish","type":"product","link":"https:\/\/saiga.es\/es\/producto\/paso-limpiador-cemento-marmol\/","title":{"rendered":"Paso limpiador cemento marmol"},"content":{"rendered":"<p><span class=\"hiddenSpellError\">Paso<\/span> netejador ciment <span class=\"hiddenGreenError\" style=\"padding-bottom: 2px; background-image: url('..\/..\/..\/..\/..\/images\/squiggle_green.png'); background-repeat: repeat-x; background-position: left bottom; cursor: default; color: #000000; font-family: 'Open Sans', Helvetica, Arial, sans-serif; font-size: 16px; font-style: normal; font-variant-ligatures: normal; font-variant-caps: normal; font-weight: 300; letter-spacing: normal; orphans: 2; text-align: start; text-indent: 0px; text-transform: none; widows: 2; word-spacing: 0px; -webkit-text-stroke-width: 0px; white-space: normal; text-decoration-thickness: initial; text-decoration-style: initial; text-decoration-color: initial;\">marmol<\/span><\/p>\n<p>La f\u00f3rmula especializada de <span class=\"hiddenSpellError\">paso<\/span> elimina y desincrusta completamente el cemento. As\u00ed como los restos de final de obra, de manera efectiva y sin da\u00f1ar las superficies delicadas como el m\u00e1rmol y otros materiales. Con esta soluci\u00f3n, puedes estar seguro de que tus suelos de m\u00e1rmol y otras superficies delicadas quedan impecables, sin rayaduras, y manteniendo su brillo natural intacto.<\/p>\n","protected":false},"excerpt":{"rendered":"<p><span class=\"hiddenSpellError\">Paso<\/span> limpiador cemento <span class=\"hiddenGreenError\" style=\"padding-bottom: 2px; background-image: url('..\/..\/..\/..\/..\/images\/squiggle_green.png'); background-repeat: repeat-x; background-position: left bottom; cursor: default; color: #000000; font-family: 'Open Sans', Helvetica, Arial, sans-serif; font-size: 16px; font-style: normal; font-variant-ligatures: normal; font-variant-caps: normal; font-weight: 300; letter-spacing: normal; orphans: 2; text-align: start; text-indent: 0px; text-transform: none; widows: 2; word-spacing: 0px; -webkit-text-stroke-width: 0px; white-space: normal; text-decoration-thickness: initial; text-decoration-style: initial; text-decoration-color: initial;\">marmol<\/span><\/p>\n<p>La f\u00f3rmula especializada de <span class=\"hiddenSpellError\">paso<\/span> elimina y desincrusta completamente el cemento. As\u00ed como los restos de final de obra, de manera efectiva y sin da\u00f1ar las superficies delicadas como el m\u00e1rmol y otros materiales. Con esta soluci\u00f3n, puedes estar seguro de que tus suelos de m\u00e1rmol y otras superficies delicadas quedan impecables, sin rayaduras, y manteniendo su brillo natural intacto.<\/p>\n","protected":false},"featured_media":9629,"comment_status":"open","ping_status":"closed","template":"","meta":[],"product_brand":[],"product_cat":[1326],"product_tag":[],"class_list":{"0":"post-9667","1":"product","2":"type-product","3":"status-publish","4":"has-post-thumbnail","6":"product_cat-bricolaje","8":"first","9":"instock","10":"sale","11":"taxable","12":"shipping-taxable","13":"purchasable","14":"product-type-simple"},"yoast_head":"<!-- This site is optimized with the Yoast SEO plugin v27.3 - https:\/\/yoast.com\/product\/yoast-seo-wordpress\/ -->\n<title>Paso limpiador cemento marmol | SAIGA<\/title>\n<meta name=\"description\" content=\"Elimina y desincrusta totalmente el cemento y restos de final de obra y el cemento de los suelos de m\u00e1rmol y otras superficies delicadas sin rayarlo.\" \/>\n<meta name=\"robots\" content=\"index, follow, max-snippet:-1, max-image-preview:large, max-video-preview:-1\" \/>\n<link rel=\"canonical\" href=\"https:\/\/saiga.es\/es\/producto\/paso-limpiador-cemento-marmol\/\" \/>\n<meta property=\"og:locale\" content=\"es_ES\" \/>\n<meta property=\"og:type\" content=\"article\" \/>\n<meta property=\"og:title\" content=\"Paso limpiador cemento marmol | SAIGA\" \/>\n<meta property=\"og:description\" content=\"Elimina y desincrusta totalmente el cemento y restos de final de obra y el cemento de los suelos de m\u00e1rmol y otras superficies delicadas sin rayarlo.\" \/>\n<meta property=\"og:url\" content=\"https:\/\/saiga.es\/es\/producto\/paso-limpiador-cemento-marmol\/\" \/>\n<meta property=\"og:site_name\" content=\"SAIGA\" \/>\n<meta property=\"og:image\" content=\"https:\/\/saiga.es\/wp-content\/uploads\/2024\/04\/paso-elimina-cemento-marmol-1l-ceys-limpieza-y-desinfeccion-limpieza-especifica-ferreteria-marcial-art.jpg\" \/>\n\t<meta property=\"og:image:width\" content=\"600\" \/>\n\t<meta property=\"og:image:height\" content=\"600\" \/>\n\t<meta property=\"og:image:type\" content=\"image\/jpeg\" \/>\n<meta name=\"twitter:card\" content=\"summary_large_image\" \/>\n<meta name=\"twitter:site\" content=\"@saiga_agro\" \/>\n<script type=\"application\/ld+json\" class=\"yoast-schema-graph\">{\"@context\":\"https:\\\/\\\/schema.org\",\"@graph\":[{\"@type\":\"WebPage\",\"@id\":\"https:\\\/\\\/saiga.es\\\/es\\\/producto\\\/paso-limpiador-cemento-marmol\\\/\",\"url\":\"https:\\\/\\\/saiga.es\\\/es\\\/producto\\\/paso-limpiador-cemento-marmol\\\/\",\"name\":\"Paso limpiador cemento marmol | SAIGA\",\"isPartOf\":{\"@id\":\"https:\\\/\\\/saiga.es\\\/es\\\/#website\"},\"primaryImageOfPage\":{\"@id\":\"https:\\\/\\\/saiga.es\\\/es\\\/producto\\\/paso-limpiador-cemento-marmol\\\/#primaryimage\"},\"image\":{\"@id\":\"https:\\\/\\\/saiga.es\\\/es\\\/producto\\\/paso-limpiador-cemento-marmol\\\/#primaryimage\"},\"thumbnailUrl\":\"https:\\\/\\\/saiga.es\\\/wp-content\\\/uploads\\\/2024\\\/04\\\/paso-elimina-cemento-marmol-1l-ceys-limpieza-y-desinfeccion-limpieza-especifica-ferreteria-marcial-art.jpg\",\"datePublished\":\"2024-04-02T09:28:53+00:00\",\"description\":\"Elimina y desincrusta totalmente el cemento y restos de final de obra y el cemento de los suelos de m\u00e1rmol y otras superficies delicadas sin rayarlo.\",\"breadcrumb\":{\"@id\":\"https:\\\/\\\/saiga.es\\\/es\\\/producto\\\/paso-limpiador-cemento-marmol\\\/#breadcrumb\"},\"inLanguage\":\"es\",\"potentialAction\":[{\"@type\":\"ReadAction\",\"target\":[\"https:\\\/\\\/saiga.es\\\/es\\\/producto\\\/paso-limpiador-cemento-marmol\\\/\"]}]},{\"@type\":\"ImageObject\",\"inLanguage\":\"es\",\"@id\":\"https:\\\/\\\/saiga.es\\\/es\\\/producto\\\/paso-limpiador-cemento-marmol\\\/#primaryimage\",\"url\":\"https:\\\/\\\/saiga.es\\\/wp-content\\\/uploads\\\/2024\\\/04\\\/paso-elimina-cemento-marmol-1l-ceys-limpieza-y-desinfeccion-limpieza-especifica-ferreteria-marcial-art.jpg\",\"contentUrl\":\"https:\\\/\\\/saiga.es\\\/wp-content\\\/uploads\\\/2024\\\/04\\\/paso-elimina-cemento-marmol-1l-ceys-limpieza-y-desinfeccion-limpieza-especifica-ferreteria-marcial-art.jpg\",\"width\":600,\"height\":600},{\"@type\":\"BreadcrumbList\",\"@id\":\"https:\\\/\\\/saiga.es\\\/es\\\/producto\\\/paso-limpiador-cemento-marmol\\\/#breadcrumb\",\"itemListElement\":[{\"@type\":\"ListItem\",\"position\":1,\"name\":\"Inici\",\"item\":\"https:\\\/\\\/saiga.es\\\/es\\\/\"},{\"@type\":\"ListItem\",\"position\":2,\"name\":\"Tienda\",\"item\":\"https:\\\/\\\/saiga.es\\\/es\\\/tienda\\\/\"},{\"@type\":\"ListItem\",\"position\":3,\"name\":\"Paso limpiador cemento marmol\"}]},{\"@type\":\"WebSite\",\"@id\":\"https:\\\/\\\/saiga.es\\\/es\\\/#website\",\"url\":\"https:\\\/\\\/saiga.es\\\/es\\\/\",\"name\":\"SAIGA\",\"description\":\"M\u00e9s de 50 anys al servei de la terra i treballant per a un \u00fas eficient de l\u2019aigua!\",\"publisher\":{\"@id\":\"https:\\\/\\\/saiga.es\\\/es\\\/#organization\"},\"potentialAction\":[{\"@type\":\"SearchAction\",\"target\":{\"@type\":\"EntryPoint\",\"urlTemplate\":\"https:\\\/\\\/saiga.es\\\/es\\\/?s={search_term_string}\"},\"query-input\":{\"@type\":\"PropertyValueSpecification\",\"valueRequired\":true,\"valueName\":\"search_term_string\"}}],\"inLanguage\":\"es\"},{\"@type\":\"Organization\",\"@id\":\"https:\\\/\\\/saiga.es\\\/es\\\/#organization\",\"name\":\"SAIGA\",\"url\":\"https:\\\/\\\/saiga.es\\\/es\\\/\",\"logo\":{\"@type\":\"ImageObject\",\"inLanguage\":\"es\",\"@id\":\"https:\\\/\\\/saiga.es\\\/es\\\/#\\\/schema\\\/logo\\\/image\\\/\",\"url\":\"https:\\\/\\\/saiga.es\\\/wp-content\\\/uploads\\\/2025\\\/07\\\/logo_saiga_baseline_optimitzat.svg\",\"contentUrl\":\"https:\\\/\\\/saiga.es\\\/wp-content\\\/uploads\\\/2025\\\/07\\\/logo_saiga_baseline_optimitzat.svg\",\"caption\":\"SAIGA\"},\"image\":{\"@id\":\"https:\\\/\\\/saiga.es\\\/es\\\/#\\\/schema\\\/logo\\\/image\\\/\"},\"sameAs\":[\"https:\\\/\\\/x.com\\\/saiga_agro\",\"https:\\\/\\\/www.instagram.com\\\/saiga_agro\\\/\"]}]}<\/script>\n<!-- \/ Yoast SEO plugin. -->","yoast_head_json":{"title":"Paso limpiador cemento marmol | SAIGA","description":"Elimina y desincrusta totalmente el cemento y restos de final de obra y el cemento de los suelos de m\u00e1rmol y otras superficies delicadas sin rayarlo.","robots":{"index":"index","follow":"follow","max-snippet":"max-snippet:-1","max-image-preview":"max-image-preview:large","max-video-preview":"max-video-preview:-1"},"canonical":"https:\/\/saiga.es\/es\/producto\/paso-limpiador-cemento-marmol\/","og_locale":"es_ES","og_type":"article","og_title":"Paso limpiador cemento marmol | SAIGA","og_description":"Elimina y desincrusta totalmente el cemento y restos de final de obra y el cemento de los suelos de m\u00e1rmol y otras superficies delicadas sin rayarlo.","og_url":"https:\/\/saiga.es\/es\/producto\/paso-limpiador-cemento-marmol\/","og_site_name":"SAIGA","og_image":[{"width":600,"height":600,"url":"https:\/\/saiga.es\/wp-content\/uploads\/2024\/04\/paso-elimina-cemento-marmol-1l-ceys-limpieza-y-desinfeccion-limpieza-especifica-ferreteria-marcial-art.jpg","type":"image\/jpeg"}],"twitter_card":"summary_large_image","twitter_site":"@saiga_agro","schema":{"@context":"https:\/\/schema.org","@graph":[{"@type":"WebPage","@id":"https:\/\/saiga.es\/es\/producto\/paso-limpiador-cemento-marmol\/","url":"https:\/\/saiga.es\/es\/producto\/paso-limpiador-cemento-marmol\/","name":"Paso limpiador cemento marmol | SAIGA","isPartOf":{"@id":"https:\/\/saiga.es\/es\/#website"},"primaryImageOfPage":{"@id":"https:\/\/saiga.es\/es\/producto\/paso-limpiador-cemento-marmol\/#primaryimage"},"image":{"@id":"https:\/\/saiga.es\/es\/producto\/paso-limpiador-cemento-marmol\/#primaryimage"},"thumbnailUrl":"https:\/\/saiga.es\/wp-content\/uploads\/2024\/04\/paso-elimina-cemento-marmol-1l-ceys-limpieza-y-desinfeccion-limpieza-especifica-ferreteria-marcial-art.jpg","datePublished":"2024-04-02T09:28:53+00:00","description":"Elimina y desincrusta totalmente el cemento y restos de final de obra y el cemento de los suelos de m\u00e1rmol y otras superficies delicadas sin rayarlo.","breadcrumb":{"@id":"https:\/\/saiga.es\/es\/producto\/paso-limpiador-cemento-marmol\/#breadcrumb"},"inLanguage":"es","potentialAction":[{"@type":"ReadAction","target":["https:\/\/saiga.es\/es\/producto\/paso-limpiador-cemento-marmol\/"]}]},{"@type":"ImageObject","inLanguage":"es","@id":"https:\/\/saiga.es\/es\/producto\/paso-limpiador-cemento-marmol\/#primaryimage","url":"https:\/\/saiga.es\/wp-content\/uploads\/2024\/04\/paso-elimina-cemento-marmol-1l-ceys-limpieza-y-desinfeccion-limpieza-especifica-ferreteria-marcial-art.jpg","contentUrl":"https:\/\/saiga.es\/wp-content\/uploads\/2024\/04\/paso-elimina-cemento-marmol-1l-ceys-limpieza-y-desinfeccion-limpieza-especifica-ferreteria-marcial-art.jpg","width":600,"height":600},{"@type":"BreadcrumbList","@id":"https:\/\/saiga.es\/es\/producto\/paso-limpiador-cemento-marmol\/#breadcrumb","itemListElement":[{"@type":"ListItem","position":1,"name":"Inici","item":"https:\/\/saiga.es\/es\/"},{"@type":"ListItem","position":2,"name":"Tienda","item":"https:\/\/saiga.es\/es\/tienda\/"},{"@type":"ListItem","position":3,"name":"Paso limpiador cemento marmol"}]},{"@type":"WebSite","@id":"https:\/\/saiga.es\/es\/#website","url":"https:\/\/saiga.es\/es\/","name":"SAIGA","description":"M\u00e9s de 50 anys al servei de la terra i treballant per a un \u00fas eficient de l\u2019aigua!","publisher":{"@id":"https:\/\/saiga.es\/es\/#organization"},"potentialAction":[{"@type":"SearchAction","target":{"@type":"EntryPoint","urlTemplate":"https:\/\/saiga.es\/es\/?s={search_term_string}"},"query-input":{"@type":"PropertyValueSpecification","valueRequired":true,"valueName":"search_term_string"}}],"inLanguage":"es"},{"@type":"Organization","@id":"https:\/\/saiga.es\/es\/#organization","name":"SAIGA","url":"https:\/\/saiga.es\/es\/","logo":{"@type":"ImageObject","inLanguage":"es","@id":"https:\/\/saiga.es\/es\/#\/schema\/logo\/image\/","url":"https:\/\/saiga.es\/wp-content\/uploads\/2025\/07\/logo_saiga_baseline_optimitzat.svg","contentUrl":"https:\/\/saiga.es\/wp-content\/uploads\/2025\/07\/logo_saiga_baseline_optimitzat.svg","caption":"SAIGA"},"image":{"@id":"https:\/\/saiga.es\/es\/#\/schema\/logo\/image\/"},"sameAs":["https:\/\/x.com\/saiga_agro","https:\/\/www.instagram.com\/saiga_agro\/"]}]}},"_links":{"self":[{"href":"https:\/\/saiga.es\/es\/wp-json\/wp\/v2\/product\/9667","targetHints":{"allow":["GET"]}}],"collection":[{"href":"https:\/\/saiga.es\/es\/wp-json\/wp\/v2\/product"}],"about":[{"href":"https:\/\/saiga.es\/es\/wp-json\/wp\/v2\/types\/product"}],"replies":[{"embeddable":true,"href":"https:\/\/saiga.es\/es\/wp-json\/wp\/v2\/comments?post=9667"}],"wp:featuredmedia":[{"embeddable":true,"href":"https:\/\/saiga.es\/es\/wp-json\/wp\/v2\/media\/9629"}],"wp:attachment":[{"href":"https:\/\/saiga.es\/es\/wp-json\/wp\/v2\/media?parent=9667"}],"wp:term":[{"taxonomy":"product_brand","embeddable":true,"href":"https:\/\/saiga.es\/es\/wp-json\/wp\/v2\/product_brand?post=9667"},{"taxonomy":"product_cat","embeddable":true,"href":"https:\/\/saiga.es\/es\/wp-json\/wp\/v2\/product_cat?post=9667"},{"taxonomy":"product_tag","embeddable":true,"href":"https:\/\/saiga.es\/es\/wp-json\/wp\/v2\/product_tag?post=9667"}],"curies":[{"name":"wp","href":"https:\/\/api.w.org\/{rel}","templated":true}]}}