{"id":9669,"date":"2024-04-03T15:41:48","date_gmt":"2024-04-03T15:41:48","guid":{"rendered":"https:\/\/botiga.saiga.es\/producte\/paso-limpiador-de-cemento-terracota-poro-1l\/"},"modified":"2024-04-03T15:41:48","modified_gmt":"2024-04-03T15:41:48","slug":"paso-limpiador-de-cemento-terracota-poro-1l","status":"publish","type":"product","link":"https:\/\/saiga.es\/es\/producto\/paso-limpiador-de-cemento-terracota-poro-1l\/","title":{"rendered":"Paso limpiador de cemento terracota poro 1L"},"content":{"rendered":"<p><span class=\"hiddenSpellError\">Paso<\/span> limpiador de cemento terracota poro 1L<span class=\"hiddenSpellError\"><\/span><\/p>\n<p>L\u00edquido solvente <span class=\"hiddenSpellError\">PASO<\/span> para suelos porosos terracota de <span class=\"hiddenGrammarError\">1 litro<\/span> (botella), que elimina y desincrusta el cemento y mortero en suelos porosos. F\u00f3rmula con m\u00e1ximo poder desincrustante y eficacia extrema para disolver y eliminar r\u00e1pidamente restos de cemento, \u00f3xido, salitre, mortero y otros restos <span class=\"hiddenGrammarError\">de obra<\/span> en suelos porosos y superficies exteriores. Triple acci\u00f3n r\u00e1pida: Desincrusta, <span class=\"hiddenSpellError\">anti\u00f3xido<\/span>, <span class=\"hiddenSpellError\">antisalnitro.<\/span> Interior i exterior. Acci\u00f3n potente sin da\u00f1ar la superficie. M\u00e1ximo poder desincrustante.<\/p>\n<div class=\"flex-1 overflow-hidden\">\n<div class=\"react-scroll-to-bottom--css-gnbwf-79elbk h-full\">\n<div class=\"react-scroll-to-bottom--css-gnbwf-1n7m0yu\">\n<div>\n<div class=\"flex flex-col text-sm pb-9\">\n<div class=\"w-full text-token-text-primary\" data-testid=\"conversation-turn-21\">\n<div class=\"px-4 py-2 justify-center text-base md:gap-6 m-auto\">\n<div class=\"flex flex-1 text-base mx-auto gap-3 md:px-5 lg:px-1 xl:px-5 md:max-w-3xl lg:max-w-[40rem] xl:max-w-[48rem] group final-completion\">\n<div class=\"relative flex w-full flex-col agent-turn\">\n<div class=\"flex-col gap-1 md:gap-3\">\n<div class=\"mt-1 flex justify-start gap-3 empty:hidden\">\n<div class=\"text-gray-400 flex self-end lg:self-center items-center justify-center lg:justify-start mt-0 -ml-1 h-7 gap-[2px] visible\"><button class=\"flex items-center gap-1.5 rounded-md p-1 text-xs text-token-text-tertiary hover:text-token-text-primary md:invisible md:group-hover:visible md:group-[.final-completion]:visible\"><\/button><\/p>\n<div class=\"flex items-center gap-1.5 text-xs\"><\/div>\n<div class=\"flex\"><\/div>\n<\/div>\n<\/div>\n<div class=\"pr-2 lg:pr-0\"><\/div>\n<\/div>\n<\/div>\n<\/div>\n<\/div>\n<\/div>\n<\/div>\n<\/div>\n<\/div>\n<\/div>\n<\/div>\n<div class=\"w-full pt-2 md:pt-0 dark:border-white\/20 md:border-transparent md:dark:border-transparent md:w-[calc(100%-.5rem)]\">\n<form class=\"stretch mx-2 flex flex-row gap-3 last:mb-2 md:mx-4 md:last:mb-6 lg:mx-auto lg:max-w-2xl xl:max-w-3xl\">\n<div class=\"relative flex h-full flex-1 flex-col\">\n<div class=\"absolute bottom-full left-0 right-0\"><\/div>\n<div class=\"flex w-full items-center\"><\/div>\n<\/div>\n<\/form>\n<\/div>\n","protected":false},"excerpt":{"rendered":"<p><span class=\"hiddenSpellError\">Paso<\/span> limpiador de cemento terracota poro 1L<span class=\"hiddenSpellError\"><\/span><\/p>\n<p>L\u00edquido solvente <span class=\"hiddenSpellError\">PASO<\/span> para suelos porosos terracota de <span class=\"hiddenGrammarError\">1 litro<\/span> (botella), que elimina y desincrusta el cemento y mortero en suelos porosos. F\u00f3rmula con m\u00e1ximo poder desincrustante y eficacia extrema para disolver y eliminar r\u00e1pidamente restos de cemento, \u00f3xido, salitre, mortero y otros restos <span class=\"hiddenGrammarError\">de obra<\/span> en suelos porosos y superficies exteriores. Triple acci\u00f3n r\u00e1pida: Desincrusta, <span class=\"hiddenSpellError\">anti\u00f3xido<\/span>, <span class=\"hiddenSpellError\">antisalnitro.<\/span> Interior i exterior. Acci\u00f3n potente sin da\u00f1ar la superficie. M\u00e1ximo poder desincrustante.<\/p>\n","protected":false},"featured_media":9656,"comment_status":"open","ping_status":"closed","template":"","meta":[],"product_brand":[],"product_cat":[1326],"product_tag":[],"class_list":{"0":"post-9669","1":"product","2":"type-product","3":"status-publish","4":"has-post-thumbnail","6":"product_cat-bricolaje","8":"first","9":"instock","10":"sale","11":"taxable","12":"shipping-taxable","13":"purchasable","14":"product-type-simple"},"yoast_head":"<!-- This site is optimized with the Yoast SEO plugin v27.3 - https:\/\/yoast.com\/product\/yoast-seo-wordpress\/ -->\n<title>Paso limpiador de cemento terracota poro 1L | SAIGA<\/title>\n<meta name=\"description\" content=\"Limpiador cemento terracota PASO para suelos porosos de 1 litro, con triple acci\u00f3n r\u00e1pida (desincrustante, anti\u00f3xido y antisalnitro).\" \/>\n<meta name=\"robots\" content=\"index, follow, max-snippet:-1, max-image-preview:large, max-video-preview:-1\" \/>\n<link rel=\"canonical\" href=\"https:\/\/saiga.es\/es\/producto\/paso-limpiador-de-cemento-terracota-poro-1l\/\" \/>\n<meta property=\"og:locale\" content=\"es_ES\" \/>\n<meta property=\"og:type\" content=\"article\" \/>\n<meta property=\"og:title\" content=\"Paso limpiador de cemento terracota poro 1L | SAIGA\" \/>\n<meta property=\"og:description\" content=\"Limpiador cemento terracota PASO para suelos porosos de 1 litro, con triple acci\u00f3n r\u00e1pida (desincrustante, anti\u00f3xido y antisalnitro).\" \/>\n<meta property=\"og:url\" content=\"https:\/\/saiga.es\/es\/producto\/paso-limpiador-de-cemento-terracota-poro-1l\/\" \/>\n<meta property=\"og:site_name\" content=\"SAIGA\" \/>\n<meta property=\"og:image\" content=\"https:\/\/saiga.es\/wp-content\/uploads\/2024\/04\/paso-eli-cemento-terracota-poroso-1l-700111.jpg\" \/>\n\t<meta property=\"og:image:width\" content=\"1100\" \/>\n\t<meta property=\"og:image:height\" content=\"1422\" \/>\n\t<meta property=\"og:image:type\" content=\"image\/jpeg\" \/>\n<meta name=\"twitter:card\" content=\"summary_large_image\" \/>\n<meta name=\"twitter:site\" content=\"@saiga_agro\" \/>\n<script type=\"application\/ld+json\" class=\"yoast-schema-graph\">{\"@context\":\"https:\\\/\\\/schema.org\",\"@graph\":[{\"@type\":\"WebPage\",\"@id\":\"https:\\\/\\\/saiga.es\\\/es\\\/producto\\\/paso-limpiador-de-cemento-terracota-poro-1l\\\/\",\"url\":\"https:\\\/\\\/saiga.es\\\/es\\\/producto\\\/paso-limpiador-de-cemento-terracota-poro-1l\\\/\",\"name\":\"Paso limpiador de cemento terracota poro 1L | SAIGA\",\"isPartOf\":{\"@id\":\"https:\\\/\\\/saiga.es\\\/es\\\/#website\"},\"primaryImageOfPage\":{\"@id\":\"https:\\\/\\\/saiga.es\\\/es\\\/producto\\\/paso-limpiador-de-cemento-terracota-poro-1l\\\/#primaryimage\"},\"image\":{\"@id\":\"https:\\\/\\\/saiga.es\\\/es\\\/producto\\\/paso-limpiador-de-cemento-terracota-poro-1l\\\/#primaryimage\"},\"thumbnailUrl\":\"https:\\\/\\\/saiga.es\\\/wp-content\\\/uploads\\\/2024\\\/04\\\/paso-eli-cemento-terracota-poroso-1l-700111.jpg\",\"datePublished\":\"2024-04-03T15:41:48+00:00\",\"description\":\"Limpiador cemento terracota PASO para suelos porosos de 1 litro, con triple acci\u00f3n r\u00e1pida (desincrustante, anti\u00f3xido y antisalnitro).\",\"breadcrumb\":{\"@id\":\"https:\\\/\\\/saiga.es\\\/es\\\/producto\\\/paso-limpiador-de-cemento-terracota-poro-1l\\\/#breadcrumb\"},\"inLanguage\":\"es\",\"potentialAction\":[{\"@type\":\"ReadAction\",\"target\":[\"https:\\\/\\\/saiga.es\\\/es\\\/producto\\\/paso-limpiador-de-cemento-terracota-poro-1l\\\/\"]}]},{\"@type\":\"ImageObject\",\"inLanguage\":\"es\",\"@id\":\"https:\\\/\\\/saiga.es\\\/es\\\/producto\\\/paso-limpiador-de-cemento-terracota-poro-1l\\\/#primaryimage\",\"url\":\"https:\\\/\\\/saiga.es\\\/wp-content\\\/uploads\\\/2024\\\/04\\\/paso-eli-cemento-terracota-poroso-1l-700111.jpg\",\"contentUrl\":\"https:\\\/\\\/saiga.es\\\/wp-content\\\/uploads\\\/2024\\\/04\\\/paso-eli-cemento-terracota-poroso-1l-700111.jpg\",\"width\":1100,\"height\":1422},{\"@type\":\"BreadcrumbList\",\"@id\":\"https:\\\/\\\/saiga.es\\\/es\\\/producto\\\/paso-limpiador-de-cemento-terracota-poro-1l\\\/#breadcrumb\",\"itemListElement\":[{\"@type\":\"ListItem\",\"position\":1,\"name\":\"Inici\",\"item\":\"https:\\\/\\\/saiga.es\\\/es\\\/\"},{\"@type\":\"ListItem\",\"position\":2,\"name\":\"Tienda\",\"item\":\"https:\\\/\\\/saiga.es\\\/es\\\/tienda\\\/\"},{\"@type\":\"ListItem\",\"position\":3,\"name\":\"Paso limpiador de cemento terracota poro 1L\"}]},{\"@type\":\"WebSite\",\"@id\":\"https:\\\/\\\/saiga.es\\\/es\\\/#website\",\"url\":\"https:\\\/\\\/saiga.es\\\/es\\\/\",\"name\":\"SAIGA\",\"description\":\"M\u00e9s de 50 anys al servei de la terra i treballant per a un \u00fas eficient de l\u2019aigua!\",\"publisher\":{\"@id\":\"https:\\\/\\\/saiga.es\\\/es\\\/#organization\"},\"potentialAction\":[{\"@type\":\"SearchAction\",\"target\":{\"@type\":\"EntryPoint\",\"urlTemplate\":\"https:\\\/\\\/saiga.es\\\/es\\\/?s={search_term_string}\"},\"query-input\":{\"@type\":\"PropertyValueSpecification\",\"valueRequired\":true,\"valueName\":\"search_term_string\"}}],\"inLanguage\":\"es\"},{\"@type\":\"Organization\",\"@id\":\"https:\\\/\\\/saiga.es\\\/es\\\/#organization\",\"name\":\"SAIGA\",\"url\":\"https:\\\/\\\/saiga.es\\\/es\\\/\",\"logo\":{\"@type\":\"ImageObject\",\"inLanguage\":\"es\",\"@id\":\"https:\\\/\\\/saiga.es\\\/es\\\/#\\\/schema\\\/logo\\\/image\\\/\",\"url\":\"https:\\\/\\\/saiga.es\\\/wp-content\\\/uploads\\\/2025\\\/07\\\/logo_saiga_baseline_optimitzat.svg\",\"contentUrl\":\"https:\\\/\\\/saiga.es\\\/wp-content\\\/uploads\\\/2025\\\/07\\\/logo_saiga_baseline_optimitzat.svg\",\"caption\":\"SAIGA\"},\"image\":{\"@id\":\"https:\\\/\\\/saiga.es\\\/es\\\/#\\\/schema\\\/logo\\\/image\\\/\"},\"sameAs\":[\"https:\\\/\\\/x.com\\\/saiga_agro\",\"https:\\\/\\\/www.instagram.com\\\/saiga_agro\\\/\"]}]}<\/script>\n<!-- \/ Yoast SEO plugin. -->","yoast_head_json":{"title":"Paso limpiador de cemento terracota poro 1L | SAIGA","description":"Limpiador cemento terracota PASO para suelos porosos de 1 litro, con triple acci\u00f3n r\u00e1pida (desincrustante, anti\u00f3xido y antisalnitro).","robots":{"index":"index","follow":"follow","max-snippet":"max-snippet:-1","max-image-preview":"max-image-preview:large","max-video-preview":"max-video-preview:-1"},"canonical":"https:\/\/saiga.es\/es\/producto\/paso-limpiador-de-cemento-terracota-poro-1l\/","og_locale":"es_ES","og_type":"article","og_title":"Paso limpiador de cemento terracota poro 1L | SAIGA","og_description":"Limpiador cemento terracota PASO para suelos porosos de 1 litro, con triple acci\u00f3n r\u00e1pida (desincrustante, anti\u00f3xido y antisalnitro).","og_url":"https:\/\/saiga.es\/es\/producto\/paso-limpiador-de-cemento-terracota-poro-1l\/","og_site_name":"SAIGA","og_image":[{"width":1100,"height":1422,"url":"https:\/\/saiga.es\/wp-content\/uploads\/2024\/04\/paso-eli-cemento-terracota-poroso-1l-700111.jpg","type":"image\/jpeg"}],"twitter_card":"summary_large_image","twitter_site":"@saiga_agro","schema":{"@context":"https:\/\/schema.org","@graph":[{"@type":"WebPage","@id":"https:\/\/saiga.es\/es\/producto\/paso-limpiador-de-cemento-terracota-poro-1l\/","url":"https:\/\/saiga.es\/es\/producto\/paso-limpiador-de-cemento-terracota-poro-1l\/","name":"Paso limpiador de cemento terracota poro 1L | SAIGA","isPartOf":{"@id":"https:\/\/saiga.es\/es\/#website"},"primaryImageOfPage":{"@id":"https:\/\/saiga.es\/es\/producto\/paso-limpiador-de-cemento-terracota-poro-1l\/#primaryimage"},"image":{"@id":"https:\/\/saiga.es\/es\/producto\/paso-limpiador-de-cemento-terracota-poro-1l\/#primaryimage"},"thumbnailUrl":"https:\/\/saiga.es\/wp-content\/uploads\/2024\/04\/paso-eli-cemento-terracota-poroso-1l-700111.jpg","datePublished":"2024-04-03T15:41:48+00:00","description":"Limpiador cemento terracota PASO para suelos porosos de 1 litro, con triple acci\u00f3n r\u00e1pida (desincrustante, anti\u00f3xido y antisalnitro).","breadcrumb":{"@id":"https:\/\/saiga.es\/es\/producto\/paso-limpiador-de-cemento-terracota-poro-1l\/#breadcrumb"},"inLanguage":"es","potentialAction":[{"@type":"ReadAction","target":["https:\/\/saiga.es\/es\/producto\/paso-limpiador-de-cemento-terracota-poro-1l\/"]}]},{"@type":"ImageObject","inLanguage":"es","@id":"https:\/\/saiga.es\/es\/producto\/paso-limpiador-de-cemento-terracota-poro-1l\/#primaryimage","url":"https:\/\/saiga.es\/wp-content\/uploads\/2024\/04\/paso-eli-cemento-terracota-poroso-1l-700111.jpg","contentUrl":"https:\/\/saiga.es\/wp-content\/uploads\/2024\/04\/paso-eli-cemento-terracota-poroso-1l-700111.jpg","width":1100,"height":1422},{"@type":"BreadcrumbList","@id":"https:\/\/saiga.es\/es\/producto\/paso-limpiador-de-cemento-terracota-poro-1l\/#breadcrumb","itemListElement":[{"@type":"ListItem","position":1,"name":"Inici","item":"https:\/\/saiga.es\/es\/"},{"@type":"ListItem","position":2,"name":"Tienda","item":"https:\/\/saiga.es\/es\/tienda\/"},{"@type":"ListItem","position":3,"name":"Paso limpiador de cemento terracota poro 1L"}]},{"@type":"WebSite","@id":"https:\/\/saiga.es\/es\/#website","url":"https:\/\/saiga.es\/es\/","name":"SAIGA","description":"M\u00e9s de 50 anys al servei de la terra i treballant per a un \u00fas eficient de l\u2019aigua!","publisher":{"@id":"https:\/\/saiga.es\/es\/#organization"},"potentialAction":[{"@type":"SearchAction","target":{"@type":"EntryPoint","urlTemplate":"https:\/\/saiga.es\/es\/?s={search_term_string}"},"query-input":{"@type":"PropertyValueSpecification","valueRequired":true,"valueName":"search_term_string"}}],"inLanguage":"es"},{"@type":"Organization","@id":"https:\/\/saiga.es\/es\/#organization","name":"SAIGA","url":"https:\/\/saiga.es\/es\/","logo":{"@type":"ImageObject","inLanguage":"es","@id":"https:\/\/saiga.es\/es\/#\/schema\/logo\/image\/","url":"https:\/\/saiga.es\/wp-content\/uploads\/2025\/07\/logo_saiga_baseline_optimitzat.svg","contentUrl":"https:\/\/saiga.es\/wp-content\/uploads\/2025\/07\/logo_saiga_baseline_optimitzat.svg","caption":"SAIGA"},"image":{"@id":"https:\/\/saiga.es\/es\/#\/schema\/logo\/image\/"},"sameAs":["https:\/\/x.com\/saiga_agro","https:\/\/www.instagram.com\/saiga_agro\/"]}]}},"_links":{"self":[{"href":"https:\/\/saiga.es\/es\/wp-json\/wp\/v2\/product\/9669","targetHints":{"allow":["GET"]}}],"collection":[{"href":"https:\/\/saiga.es\/es\/wp-json\/wp\/v2\/product"}],"about":[{"href":"https:\/\/saiga.es\/es\/wp-json\/wp\/v2\/types\/product"}],"replies":[{"embeddable":true,"href":"https:\/\/saiga.es\/es\/wp-json\/wp\/v2\/comments?post=9669"}],"wp:featuredmedia":[{"embeddable":true,"href":"https:\/\/saiga.es\/es\/wp-json\/wp\/v2\/media\/9656"}],"wp:attachment":[{"href":"https:\/\/saiga.es\/es\/wp-json\/wp\/v2\/media?parent=9669"}],"wp:term":[{"taxonomy":"product_brand","embeddable":true,"href":"https:\/\/saiga.es\/es\/wp-json\/wp\/v2\/product_brand?post=9669"},{"taxonomy":"product_cat","embeddable":true,"href":"https:\/\/saiga.es\/es\/wp-json\/wp\/v2\/product_cat?post=9669"},{"taxonomy":"product_tag","embeddable":true,"href":"https:\/\/saiga.es\/es\/wp-json\/wp\/v2\/product_tag?post=9669"}],"curies":[{"name":"wp","href":"https:\/\/api.w.org\/{rel}","templated":true}]}}