{"id":9671,"date":"2024-04-03T09:29:07","date_gmt":"2024-04-03T09:29:07","guid":{"rendered":"https:\/\/botiga.saiga.es\/producte\/taco-quimico-fischer-poliester-300ml\/"},"modified":"2024-04-03T09:29:07","modified_gmt":"2024-04-03T09:29:07","slug":"taco-quimico-fischer-poliester-300ml","status":"publish","type":"product","link":"https:\/\/saiga.es\/es\/producto\/taco-quimico-fischer-poliester-300ml\/","title":{"rendered":"Taco qu\u00edmico fischer poli\u00e9ster 300ml"},"content":{"rendered":"<p>Taco qu\u00edmico <span class=\"hiddenSpellError\">fischer<\/span> poli\u00e9ster <span class=\"hiddenGrammarError\">300ml<\/span><\/p>\n<p>Este anclaje qu\u00edmico FIS P PLUS de Fischer ofrece ventajas significativas, ya que est\u00e1 hecho con resina de poli\u00e9ster sin estireno. Certificada para aplicaciones en mamposter\u00eda, soportando cargas de hasta 3050 kg por punto de anclaje comprimido. Es ideal para diversas aplicaciones, como fijar marquesinas, toldos, chimeneas, balcones, escaleras de emergencia, rejas, puertas y barandillas, tanto en interiores como en exteriores. Adem\u00e1s, la tecnolog\u00eda de la variante FIS P PLUS permite utilizarlo en varios escenarios, incluso en perforadoras inundadas, siempre que sea con agua dulce, y se puede utilizar con varilla roscada y barra corrugada.<\/p>\n","protected":false},"excerpt":{"rendered":"<p>Taco qu\u00edmico <span class=\"hiddenSpellError\">fischer<\/span> poli\u00e9ster <span class=\"hiddenGrammarError\">300ml<\/span><\/p>\n<p>Este anclaje qu\u00edmico FIS P PLUS de Fischer ofrece ventajas significativas, ya que est\u00e1 hecho con resina de poli\u00e9ster sin estireno, certificada para aplicaciones en mamposter\u00eda, soportando cargas de hasta 3050 kg por punto de anclaje comprimido. Es ideal para diversas aplicaciones, como fijar marquesinas, toldos, chimeneas, balcones, escaleras de emergencia, rejas, puertas y barandillas, tanto en interiores como en exteriores. Adem\u00e1s, la tecnolog\u00eda de la variante FIS P PLUS permite utilizarlo en varios escenarios, incluso en perforadoras inundadas, siempre que sea con agua dulce, y se puede utilizar con varilla roscada y barra corrugada.<\/p>\n","protected":false},"featured_media":9652,"comment_status":"open","ping_status":"closed","template":"","meta":[],"product_brand":[],"product_cat":[1326],"product_tag":[],"class_list":{"0":"post-9671","1":"product","2":"type-product","3":"status-publish","4":"has-post-thumbnail","6":"product_cat-bricolaje","8":"first","9":"instock","10":"sale","11":"taxable","12":"shipping-taxable","13":"purchasable","14":"product-type-simple"},"yoast_head":"<!-- This site is optimized with the Yoast SEO plugin v27.3 - https:\/\/yoast.com\/product\/yoast-seo-wordpress\/ -->\n<title>Taco qu\u00edmico fischer poli\u00e9ster 300ml | SAIGA<\/title>\n<meta name=\"description\" content=\"El taco qu\u00edmico de poli\u00e9ster Fischer con capacidad de hasta 3050 kg en mamposter\u00eda, apto para taladros con agua dulce, con varilla roscada y barra corrugada.\" \/>\n<meta name=\"robots\" content=\"index, follow, max-snippet:-1, max-image-preview:large, max-video-preview:-1\" \/>\n<link rel=\"canonical\" href=\"https:\/\/saiga.es\/es\/producto\/taco-quimico-fischer-poliester-300ml\/\" \/>\n<meta property=\"og:locale\" content=\"es_ES\" \/>\n<meta property=\"og:type\" content=\"article\" \/>\n<meta property=\"og:title\" content=\"Taco qu\u00edmico fischer poli\u00e9ster 300ml | SAIGA\" \/>\n<meta property=\"og:description\" content=\"El taco qu\u00edmico de poli\u00e9ster Fischer con capacidad de hasta 3050 kg en mamposter\u00eda, apto para taladros con agua dulce, con varilla roscada y barra corrugada.\" \/>\n<meta property=\"og:url\" content=\"https:\/\/saiga.es\/es\/producto\/taco-quimico-fischer-poliester-300ml\/\" \/>\n<meta property=\"og:site_name\" content=\"SAIGA\" \/>\n<meta property=\"og:image\" content=\"https:\/\/saiga.es\/wp-content\/uploads\/2024\/04\/resina-taco-quimico-diy-fis-p-300-fischer-taco-quimico-poliester-510637-4048962102338-96018-fischer.jpg\" \/>\n\t<meta property=\"og:image:width\" content=\"1100\" \/>\n\t<meta property=\"og:image:height\" content=\"1422\" \/>\n\t<meta property=\"og:image:type\" content=\"image\/jpeg\" \/>\n<meta name=\"twitter:card\" content=\"summary_large_image\" \/>\n<meta name=\"twitter:site\" content=\"@saiga_agro\" \/>\n<meta name=\"twitter:label1\" content=\"Tiempo de lectura\" \/>\n\t<meta name=\"twitter:data1\" content=\"1 minuto\" \/>\n<script type=\"application\/ld+json\" class=\"yoast-schema-graph\">{\"@context\":\"https:\\\/\\\/schema.org\",\"@graph\":[{\"@type\":\"WebPage\",\"@id\":\"https:\\\/\\\/saiga.es\\\/es\\\/producto\\\/taco-quimico-fischer-poliester-300ml\\\/\",\"url\":\"https:\\\/\\\/saiga.es\\\/es\\\/producto\\\/taco-quimico-fischer-poliester-300ml\\\/\",\"name\":\"Taco qu\u00edmico fischer poli\u00e9ster 300ml | SAIGA\",\"isPartOf\":{\"@id\":\"https:\\\/\\\/saiga.es\\\/es\\\/#website\"},\"primaryImageOfPage\":{\"@id\":\"https:\\\/\\\/saiga.es\\\/es\\\/producto\\\/taco-quimico-fischer-poliester-300ml\\\/#primaryimage\"},\"image\":{\"@id\":\"https:\\\/\\\/saiga.es\\\/es\\\/producto\\\/taco-quimico-fischer-poliester-300ml\\\/#primaryimage\"},\"thumbnailUrl\":\"https:\\\/\\\/saiga.es\\\/wp-content\\\/uploads\\\/2024\\\/04\\\/resina-taco-quimico-diy-fis-p-300-fischer-taco-quimico-poliester-510637-4048962102338-96018-fischer.jpg\",\"datePublished\":\"2024-04-03T09:29:07+00:00\",\"description\":\"El taco qu\u00edmico de poli\u00e9ster Fischer con capacidad de hasta 3050 kg en mamposter\u00eda, apto para taladros con agua dulce, con varilla roscada y barra corrugada.\",\"breadcrumb\":{\"@id\":\"https:\\\/\\\/saiga.es\\\/es\\\/producto\\\/taco-quimico-fischer-poliester-300ml\\\/#breadcrumb\"},\"inLanguage\":\"es\",\"potentialAction\":[{\"@type\":\"ReadAction\",\"target\":[\"https:\\\/\\\/saiga.es\\\/es\\\/producto\\\/taco-quimico-fischer-poliester-300ml\\\/\"]}]},{\"@type\":\"ImageObject\",\"inLanguage\":\"es\",\"@id\":\"https:\\\/\\\/saiga.es\\\/es\\\/producto\\\/taco-quimico-fischer-poliester-300ml\\\/#primaryimage\",\"url\":\"https:\\\/\\\/saiga.es\\\/wp-content\\\/uploads\\\/2024\\\/04\\\/resina-taco-quimico-diy-fis-p-300-fischer-taco-quimico-poliester-510637-4048962102338-96018-fischer.jpg\",\"contentUrl\":\"https:\\\/\\\/saiga.es\\\/wp-content\\\/uploads\\\/2024\\\/04\\\/resina-taco-quimico-diy-fis-p-300-fischer-taco-quimico-poliester-510637-4048962102338-96018-fischer.jpg\",\"width\":1100,\"height\":1422},{\"@type\":\"BreadcrumbList\",\"@id\":\"https:\\\/\\\/saiga.es\\\/es\\\/producto\\\/taco-quimico-fischer-poliester-300ml\\\/#breadcrumb\",\"itemListElement\":[{\"@type\":\"ListItem\",\"position\":1,\"name\":\"Inici\",\"item\":\"https:\\\/\\\/saiga.es\\\/es\\\/\"},{\"@type\":\"ListItem\",\"position\":2,\"name\":\"Tienda\",\"item\":\"https:\\\/\\\/saiga.es\\\/es\\\/tienda\\\/\"},{\"@type\":\"ListItem\",\"position\":3,\"name\":\"Taco qu\u00edmico fischer poli\u00e9ster 300ml\"}]},{\"@type\":\"WebSite\",\"@id\":\"https:\\\/\\\/saiga.es\\\/es\\\/#website\",\"url\":\"https:\\\/\\\/saiga.es\\\/es\\\/\",\"name\":\"SAIGA\",\"description\":\"M\u00e9s de 50 anys al servei de la terra i treballant per a un \u00fas eficient de l\u2019aigua!\",\"publisher\":{\"@id\":\"https:\\\/\\\/saiga.es\\\/es\\\/#organization\"},\"potentialAction\":[{\"@type\":\"SearchAction\",\"target\":{\"@type\":\"EntryPoint\",\"urlTemplate\":\"https:\\\/\\\/saiga.es\\\/es\\\/?s={search_term_string}\"},\"query-input\":{\"@type\":\"PropertyValueSpecification\",\"valueRequired\":true,\"valueName\":\"search_term_string\"}}],\"inLanguage\":\"es\"},{\"@type\":\"Organization\",\"@id\":\"https:\\\/\\\/saiga.es\\\/es\\\/#organization\",\"name\":\"SAIGA\",\"url\":\"https:\\\/\\\/saiga.es\\\/es\\\/\",\"logo\":{\"@type\":\"ImageObject\",\"inLanguage\":\"es\",\"@id\":\"https:\\\/\\\/saiga.es\\\/es\\\/#\\\/schema\\\/logo\\\/image\\\/\",\"url\":\"https:\\\/\\\/saiga.es\\\/wp-content\\\/uploads\\\/2025\\\/07\\\/logo_saiga_baseline_optimitzat.svg\",\"contentUrl\":\"https:\\\/\\\/saiga.es\\\/wp-content\\\/uploads\\\/2025\\\/07\\\/logo_saiga_baseline_optimitzat.svg\",\"caption\":\"SAIGA\"},\"image\":{\"@id\":\"https:\\\/\\\/saiga.es\\\/es\\\/#\\\/schema\\\/logo\\\/image\\\/\"},\"sameAs\":[\"https:\\\/\\\/x.com\\\/saiga_agro\",\"https:\\\/\\\/www.instagram.com\\\/saiga_agro\\\/\"]}]}<\/script>\n<!-- \/ Yoast SEO plugin. -->","yoast_head_json":{"title":"Taco qu\u00edmico fischer poli\u00e9ster 300ml | SAIGA","description":"El taco qu\u00edmico de poli\u00e9ster Fischer con capacidad de hasta 3050 kg en mamposter\u00eda, apto para taladros con agua dulce, con varilla roscada y barra corrugada.","robots":{"index":"index","follow":"follow","max-snippet":"max-snippet:-1","max-image-preview":"max-image-preview:large","max-video-preview":"max-video-preview:-1"},"canonical":"https:\/\/saiga.es\/es\/producto\/taco-quimico-fischer-poliester-300ml\/","og_locale":"es_ES","og_type":"article","og_title":"Taco qu\u00edmico fischer poli\u00e9ster 300ml | SAIGA","og_description":"El taco qu\u00edmico de poli\u00e9ster Fischer con capacidad de hasta 3050 kg en mamposter\u00eda, apto para taladros con agua dulce, con varilla roscada y barra corrugada.","og_url":"https:\/\/saiga.es\/es\/producto\/taco-quimico-fischer-poliester-300ml\/","og_site_name":"SAIGA","og_image":[{"width":1100,"height":1422,"url":"https:\/\/saiga.es\/wp-content\/uploads\/2024\/04\/resina-taco-quimico-diy-fis-p-300-fischer-taco-quimico-poliester-510637-4048962102338-96018-fischer.jpg","type":"image\/jpeg"}],"twitter_card":"summary_large_image","twitter_site":"@saiga_agro","twitter_misc":{"Tiempo de lectura":"1 minuto"},"schema":{"@context":"https:\/\/schema.org","@graph":[{"@type":"WebPage","@id":"https:\/\/saiga.es\/es\/producto\/taco-quimico-fischer-poliester-300ml\/","url":"https:\/\/saiga.es\/es\/producto\/taco-quimico-fischer-poliester-300ml\/","name":"Taco qu\u00edmico fischer poli\u00e9ster 300ml | SAIGA","isPartOf":{"@id":"https:\/\/saiga.es\/es\/#website"},"primaryImageOfPage":{"@id":"https:\/\/saiga.es\/es\/producto\/taco-quimico-fischer-poliester-300ml\/#primaryimage"},"image":{"@id":"https:\/\/saiga.es\/es\/producto\/taco-quimico-fischer-poliester-300ml\/#primaryimage"},"thumbnailUrl":"https:\/\/saiga.es\/wp-content\/uploads\/2024\/04\/resina-taco-quimico-diy-fis-p-300-fischer-taco-quimico-poliester-510637-4048962102338-96018-fischer.jpg","datePublished":"2024-04-03T09:29:07+00:00","description":"El taco qu\u00edmico de poli\u00e9ster Fischer con capacidad de hasta 3050 kg en mamposter\u00eda, apto para taladros con agua dulce, con varilla roscada y barra corrugada.","breadcrumb":{"@id":"https:\/\/saiga.es\/es\/producto\/taco-quimico-fischer-poliester-300ml\/#breadcrumb"},"inLanguage":"es","potentialAction":[{"@type":"ReadAction","target":["https:\/\/saiga.es\/es\/producto\/taco-quimico-fischer-poliester-300ml\/"]}]},{"@type":"ImageObject","inLanguage":"es","@id":"https:\/\/saiga.es\/es\/producto\/taco-quimico-fischer-poliester-300ml\/#primaryimage","url":"https:\/\/saiga.es\/wp-content\/uploads\/2024\/04\/resina-taco-quimico-diy-fis-p-300-fischer-taco-quimico-poliester-510637-4048962102338-96018-fischer.jpg","contentUrl":"https:\/\/saiga.es\/wp-content\/uploads\/2024\/04\/resina-taco-quimico-diy-fis-p-300-fischer-taco-quimico-poliester-510637-4048962102338-96018-fischer.jpg","width":1100,"height":1422},{"@type":"BreadcrumbList","@id":"https:\/\/saiga.es\/es\/producto\/taco-quimico-fischer-poliester-300ml\/#breadcrumb","itemListElement":[{"@type":"ListItem","position":1,"name":"Inici","item":"https:\/\/saiga.es\/es\/"},{"@type":"ListItem","position":2,"name":"Tienda","item":"https:\/\/saiga.es\/es\/tienda\/"},{"@type":"ListItem","position":3,"name":"Taco qu\u00edmico fischer poli\u00e9ster 300ml"}]},{"@type":"WebSite","@id":"https:\/\/saiga.es\/es\/#website","url":"https:\/\/saiga.es\/es\/","name":"SAIGA","description":"M\u00e9s de 50 anys al servei de la terra i treballant per a un \u00fas eficient de l\u2019aigua!","publisher":{"@id":"https:\/\/saiga.es\/es\/#organization"},"potentialAction":[{"@type":"SearchAction","target":{"@type":"EntryPoint","urlTemplate":"https:\/\/saiga.es\/es\/?s={search_term_string}"},"query-input":{"@type":"PropertyValueSpecification","valueRequired":true,"valueName":"search_term_string"}}],"inLanguage":"es"},{"@type":"Organization","@id":"https:\/\/saiga.es\/es\/#organization","name":"SAIGA","url":"https:\/\/saiga.es\/es\/","logo":{"@type":"ImageObject","inLanguage":"es","@id":"https:\/\/saiga.es\/es\/#\/schema\/logo\/image\/","url":"https:\/\/saiga.es\/wp-content\/uploads\/2025\/07\/logo_saiga_baseline_optimitzat.svg","contentUrl":"https:\/\/saiga.es\/wp-content\/uploads\/2025\/07\/logo_saiga_baseline_optimitzat.svg","caption":"SAIGA"},"image":{"@id":"https:\/\/saiga.es\/es\/#\/schema\/logo\/image\/"},"sameAs":["https:\/\/x.com\/saiga_agro","https:\/\/www.instagram.com\/saiga_agro\/"]}]}},"_links":{"self":[{"href":"https:\/\/saiga.es\/es\/wp-json\/wp\/v2\/product\/9671","targetHints":{"allow":["GET"]}}],"collection":[{"href":"https:\/\/saiga.es\/es\/wp-json\/wp\/v2\/product"}],"about":[{"href":"https:\/\/saiga.es\/es\/wp-json\/wp\/v2\/types\/product"}],"replies":[{"embeddable":true,"href":"https:\/\/saiga.es\/es\/wp-json\/wp\/v2\/comments?post=9671"}],"wp:featuredmedia":[{"embeddable":true,"href":"https:\/\/saiga.es\/es\/wp-json\/wp\/v2\/media\/9652"}],"wp:attachment":[{"href":"https:\/\/saiga.es\/es\/wp-json\/wp\/v2\/media?parent=9671"}],"wp:term":[{"taxonomy":"product_brand","embeddable":true,"href":"https:\/\/saiga.es\/es\/wp-json\/wp\/v2\/product_brand?post=9671"},{"taxonomy":"product_cat","embeddable":true,"href":"https:\/\/saiga.es\/es\/wp-json\/wp\/v2\/product_cat?post=9671"},{"taxonomy":"product_tag","embeddable":true,"href":"https:\/\/saiga.es\/es\/wp-json\/wp\/v2\/product_tag?post=9671"}],"curies":[{"name":"wp","href":"https:\/\/api.w.org\/{rel}","templated":true}]}}