{"id":9883,"date":"2024-04-19T08:57:00","date_gmt":"2024-04-19T08:57:00","guid":{"rendered":"https:\/\/botiga.saiga.es\/producte\/brody-t60-topos\/"},"modified":"2025-12-10T12:28:43","modified_gmt":"2025-12-10T12:28:43","slug":"brody-t60-topos","status":"publish","type":"product","link":"https:\/\/saiga.es\/es\/producto\/brody-t60-topos\/","title":{"rendered":"Brody T60 Raticida"},"content":{"rendered":"<p data-start=\"361\" data-end=\"747\">El raticida Brody T60 es un producto raticida formulado con brodifacoum, una sustancia anticoagulante de eficaz retardante utilizada para el control de rosegadores en torbellinos lo cual es necesario para garantizar un manejo estricto de las plagas.<\/p>\n<p data-start=\"749\" data-end=\"1105\">El producto est\u00e1 dise\u00f1ado para proteger diversas especies de rosas, que requieren un manejo cuidadoso para evitar riesgos para personas, animales dom\u00e9sticos o fauna silvestre. Por ello, el servicio aplicado debe realizarse \u00fanicamente en puntos de esquer tancats i homologates, co\u00b7tenants en zonas seguras y debidamente se\u00f1alizadas. <\/p>\n<p data-start=\"1107\" data-end=\"1463\">Brody T60 forma parte de las soluciones utilizadas en los programas de control integrado de plagas. Debemos considerar la prevenci\u00f3n, la inspecci\u00f3n y la reducci\u00f3n de accesos y fuentes de alimento. Esto implica \u00fanicamente el cumplimiento de los requisitos de los biocidas TP14, incluyendo todas las medidas de protecci\u00f3n personal, el almacenamiento adecuado y la eliminaci\u00f3n responsable. <\/p>\n","protected":false},"excerpt":{"rendered":"<p>El raticida Brody T60 es un producto raticida formulado con brodifacoum, una sustancia anticoagulante de eficaz retardante utilizada para el control de rosegadores en torbellinos lo cual es necesario para garantizar un manejo estricto de las plagas.<\/p>\n","protected":false},"featured_media":15957,"comment_status":"closed","ping_status":"closed","template":"","meta":[],"product_brand":[],"product_cat":[395],"product_tag":[1370,756,1369],"class_list":{"0":"post-9883","1":"product","2":"type-product","3":"status-publish","4":"has-post-thumbnail","6":"product_cat-biocidas-es","7":"product_tag-biocidas","8":"product_tag-cebo","9":"product_tag-senuelo-fresco","11":"first","12":"instock","13":"taxable","14":"shipping-taxable","15":"purchasable","16":"product-type-simple"},"yoast_head":"<!-- This site is optimized with the Yoast SEO plugin v27.4 - https:\/\/yoast.com\/product\/yoast-seo-wordpress\/ -->\n<title>Brody T60 Raticida | SAIGA<\/title>\n<meta name=\"description\" content=\"Brody T60 raticida es un producto raticida formulado con brodifacoum, una sustancia anticoagulante de retardo eficaz utilizada para el control de rosegadores.\" \/>\n<meta name=\"robots\" content=\"index, follow, max-snippet:-1, max-image-preview:large, max-video-preview:-1\" \/>\n<link rel=\"canonical\" href=\"https:\/\/saiga.es\/es\/producto\/brody-t60-topos\/\" \/>\n<meta property=\"og:locale\" content=\"es_ES\" \/>\n<meta property=\"og:type\" content=\"article\" \/>\n<meta property=\"og:title\" content=\"Brody T60 Raticida | SAIGA\" \/>\n<meta property=\"og:description\" content=\"Brody T60 raticida es un producto raticida formulado con brodifacoum, una sustancia anticoagulante de retardo eficaz utilizada para el control de rosegadores.\" \/>\n<meta property=\"og:url\" content=\"https:\/\/saiga.es\/es\/producto\/brody-t60-topos\/\" \/>\n<meta property=\"og:site_name\" content=\"SAIGA\" \/>\n<meta property=\"article:modified_time\" content=\"2025-12-10T12:28:43+00:00\" \/>\n<meta property=\"og:image\" content=\"https:\/\/saiga.es\/wp-content\/uploads\/2024\/04\/Brody-T60-1.jpg\" \/>\n\t<meta property=\"og:image:width\" content=\"1080\" \/>\n\t<meta property=\"og:image:height\" content=\"1080\" \/>\n\t<meta property=\"og:image:type\" content=\"image\/jpeg\" \/>\n<meta name=\"twitter:card\" content=\"summary_large_image\" \/>\n<meta name=\"twitter:site\" content=\"@saiga_agro\" \/>\n<meta name=\"twitter:label1\" content=\"Tiempo de lectura\" \/>\n\t<meta name=\"twitter:data1\" content=\"1 minuto\" \/>\n<script type=\"application\/ld+json\" class=\"yoast-schema-graph\">{\"@context\":\"https:\\\/\\\/schema.org\",\"@graph\":[{\"@type\":\"WebPage\",\"@id\":\"https:\\\/\\\/saiga.es\\\/es\\\/producto\\\/brody-t60-topos\\\/\",\"url\":\"https:\\\/\\\/saiga.es\\\/es\\\/producto\\\/brody-t60-topos\\\/\",\"name\":\"Brody T60 Raticida | SAIGA\",\"isPartOf\":{\"@id\":\"https:\\\/\\\/saiga.es\\\/es\\\/#website\"},\"primaryImageOfPage\":{\"@id\":\"https:\\\/\\\/saiga.es\\\/es\\\/producto\\\/brody-t60-topos\\\/#primaryimage\"},\"image\":{\"@id\":\"https:\\\/\\\/saiga.es\\\/es\\\/producto\\\/brody-t60-topos\\\/#primaryimage\"},\"thumbnailUrl\":\"https:\\\/\\\/saiga.es\\\/wp-content\\\/uploads\\\/2024\\\/04\\\/Brody-T60-1.jpg\",\"datePublished\":\"2024-04-19T08:57:00+00:00\",\"dateModified\":\"2025-12-10T12:28:43+00:00\",\"description\":\"Brody T60 raticida es un producto raticida formulado con brodifacoum, una sustancia anticoagulante de retardo eficaz utilizada para el control de rosegadores.\",\"breadcrumb\":{\"@id\":\"https:\\\/\\\/saiga.es\\\/es\\\/producto\\\/brody-t60-topos\\\/#breadcrumb\"},\"inLanguage\":\"es\",\"potentialAction\":[{\"@type\":\"ReadAction\",\"target\":[\"https:\\\/\\\/saiga.es\\\/es\\\/producto\\\/brody-t60-topos\\\/\"]}]},{\"@type\":\"ImageObject\",\"inLanguage\":\"es\",\"@id\":\"https:\\\/\\\/saiga.es\\\/es\\\/producto\\\/brody-t60-topos\\\/#primaryimage\",\"url\":\"https:\\\/\\\/saiga.es\\\/wp-content\\\/uploads\\\/2024\\\/04\\\/Brody-T60-1.jpg\",\"contentUrl\":\"https:\\\/\\\/saiga.es\\\/wp-content\\\/uploads\\\/2024\\\/04\\\/Brody-T60-1.jpg\",\"width\":1080,\"height\":1080,\"caption\":\"Brody T60 Raticida\"},{\"@type\":\"BreadcrumbList\",\"@id\":\"https:\\\/\\\/saiga.es\\\/es\\\/producto\\\/brody-t60-topos\\\/#breadcrumb\",\"itemListElement\":[{\"@type\":\"ListItem\",\"position\":1,\"name\":\"Inici\",\"item\":\"https:\\\/\\\/saiga.es\\\/es\\\/\"},{\"@type\":\"ListItem\",\"position\":2,\"name\":\"Tienda\",\"item\":\"https:\\\/\\\/saiga.es\\\/es\\\/tienda\\\/\"},{\"@type\":\"ListItem\",\"position\":3,\"name\":\"Brody T60 Raticida\"}]},{\"@type\":\"WebSite\",\"@id\":\"https:\\\/\\\/saiga.es\\\/es\\\/#website\",\"url\":\"https:\\\/\\\/saiga.es\\\/es\\\/\",\"name\":\"SAIGA\",\"description\":\"M\u00e9s de 50 anys al servei de la terra i treballant per a un \u00fas eficient de l\u2019aigua!\",\"publisher\":{\"@id\":\"https:\\\/\\\/saiga.es\\\/es\\\/#organization\"},\"potentialAction\":[{\"@type\":\"SearchAction\",\"target\":{\"@type\":\"EntryPoint\",\"urlTemplate\":\"https:\\\/\\\/saiga.es\\\/es\\\/?s={search_term_string}\"},\"query-input\":{\"@type\":\"PropertyValueSpecification\",\"valueRequired\":true,\"valueName\":\"search_term_string\"}}],\"inLanguage\":\"es\"},{\"@type\":\"Organization\",\"@id\":\"https:\\\/\\\/saiga.es\\\/es\\\/#organization\",\"name\":\"SAIGA\",\"url\":\"https:\\\/\\\/saiga.es\\\/es\\\/\",\"logo\":{\"@type\":\"ImageObject\",\"inLanguage\":\"es\",\"@id\":\"https:\\\/\\\/saiga.es\\\/es\\\/#\\\/schema\\\/logo\\\/image\\\/\",\"url\":\"https:\\\/\\\/saiga.es\\\/wp-content\\\/uploads\\\/2025\\\/07\\\/logo_saiga_baseline_optimitzat.svg\",\"contentUrl\":\"https:\\\/\\\/saiga.es\\\/wp-content\\\/uploads\\\/2025\\\/07\\\/logo_saiga_baseline_optimitzat.svg\",\"caption\":\"SAIGA\"},\"image\":{\"@id\":\"https:\\\/\\\/saiga.es\\\/es\\\/#\\\/schema\\\/logo\\\/image\\\/\"},\"sameAs\":[\"https:\\\/\\\/x.com\\\/saiga_agro\",\"https:\\\/\\\/www.instagram.com\\\/saiga_agro\\\/\"]}]}<\/script>\n<!-- \/ Yoast SEO plugin. -->","yoast_head_json":{"title":"Brody T60 Raticida | SAIGA","description":"Brody T60 raticida es un producto raticida formulado con brodifacoum, una sustancia anticoagulante de retardo eficaz utilizada para el control de rosegadores.","robots":{"index":"index","follow":"follow","max-snippet":"max-snippet:-1","max-image-preview":"max-image-preview:large","max-video-preview":"max-video-preview:-1"},"canonical":"https:\/\/saiga.es\/es\/producto\/brody-t60-topos\/","og_locale":"es_ES","og_type":"article","og_title":"Brody T60 Raticida | SAIGA","og_description":"Brody T60 raticida es un producto raticida formulado con brodifacoum, una sustancia anticoagulante de retardo eficaz utilizada para el control de rosegadores.","og_url":"https:\/\/saiga.es\/es\/producto\/brody-t60-topos\/","og_site_name":"SAIGA","article_modified_time":"2025-12-10T12:28:43+00:00","og_image":[{"width":1080,"height":1080,"url":"https:\/\/saiga.es\/wp-content\/uploads\/2024\/04\/Brody-T60-1.jpg","type":"image\/jpeg"}],"twitter_card":"summary_large_image","twitter_site":"@saiga_agro","twitter_misc":{"Tiempo de lectura":"1 minuto"},"schema":{"@context":"https:\/\/schema.org","@graph":[{"@type":"WebPage","@id":"https:\/\/saiga.es\/es\/producto\/brody-t60-topos\/","url":"https:\/\/saiga.es\/es\/producto\/brody-t60-topos\/","name":"Brody T60 Raticida | SAIGA","isPartOf":{"@id":"https:\/\/saiga.es\/es\/#website"},"primaryImageOfPage":{"@id":"https:\/\/saiga.es\/es\/producto\/brody-t60-topos\/#primaryimage"},"image":{"@id":"https:\/\/saiga.es\/es\/producto\/brody-t60-topos\/#primaryimage"},"thumbnailUrl":"https:\/\/saiga.es\/wp-content\/uploads\/2024\/04\/Brody-T60-1.jpg","datePublished":"2024-04-19T08:57:00+00:00","dateModified":"2025-12-10T12:28:43+00:00","description":"Brody T60 raticida es un producto raticida formulado con brodifacoum, una sustancia anticoagulante de retardo eficaz utilizada para el control de rosegadores.","breadcrumb":{"@id":"https:\/\/saiga.es\/es\/producto\/brody-t60-topos\/#breadcrumb"},"inLanguage":"es","potentialAction":[{"@type":"ReadAction","target":["https:\/\/saiga.es\/es\/producto\/brody-t60-topos\/"]}]},{"@type":"ImageObject","inLanguage":"es","@id":"https:\/\/saiga.es\/es\/producto\/brody-t60-topos\/#primaryimage","url":"https:\/\/saiga.es\/wp-content\/uploads\/2024\/04\/Brody-T60-1.jpg","contentUrl":"https:\/\/saiga.es\/wp-content\/uploads\/2024\/04\/Brody-T60-1.jpg","width":1080,"height":1080,"caption":"Brody T60 Raticida"},{"@type":"BreadcrumbList","@id":"https:\/\/saiga.es\/es\/producto\/brody-t60-topos\/#breadcrumb","itemListElement":[{"@type":"ListItem","position":1,"name":"Inici","item":"https:\/\/saiga.es\/es\/"},{"@type":"ListItem","position":2,"name":"Tienda","item":"https:\/\/saiga.es\/es\/tienda\/"},{"@type":"ListItem","position":3,"name":"Brody T60 Raticida"}]},{"@type":"WebSite","@id":"https:\/\/saiga.es\/es\/#website","url":"https:\/\/saiga.es\/es\/","name":"SAIGA","description":"M\u00e9s de 50 anys al servei de la terra i treballant per a un \u00fas eficient de l\u2019aigua!","publisher":{"@id":"https:\/\/saiga.es\/es\/#organization"},"potentialAction":[{"@type":"SearchAction","target":{"@type":"EntryPoint","urlTemplate":"https:\/\/saiga.es\/es\/?s={search_term_string}"},"query-input":{"@type":"PropertyValueSpecification","valueRequired":true,"valueName":"search_term_string"}}],"inLanguage":"es"},{"@type":"Organization","@id":"https:\/\/saiga.es\/es\/#organization","name":"SAIGA","url":"https:\/\/saiga.es\/es\/","logo":{"@type":"ImageObject","inLanguage":"es","@id":"https:\/\/saiga.es\/es\/#\/schema\/logo\/image\/","url":"https:\/\/saiga.es\/wp-content\/uploads\/2025\/07\/logo_saiga_baseline_optimitzat.svg","contentUrl":"https:\/\/saiga.es\/wp-content\/uploads\/2025\/07\/logo_saiga_baseline_optimitzat.svg","caption":"SAIGA"},"image":{"@id":"https:\/\/saiga.es\/es\/#\/schema\/logo\/image\/"},"sameAs":["https:\/\/x.com\/saiga_agro","https:\/\/www.instagram.com\/saiga_agro\/"]}]}},"_links":{"self":[{"href":"https:\/\/saiga.es\/es\/wp-json\/wp\/v2\/product\/9883","targetHints":{"allow":["GET"]}}],"collection":[{"href":"https:\/\/saiga.es\/es\/wp-json\/wp\/v2\/product"}],"about":[{"href":"https:\/\/saiga.es\/es\/wp-json\/wp\/v2\/types\/product"}],"replies":[{"embeddable":true,"href":"https:\/\/saiga.es\/es\/wp-json\/wp\/v2\/comments?post=9883"}],"wp:featuredmedia":[{"embeddable":true,"href":"https:\/\/saiga.es\/es\/wp-json\/wp\/v2\/media\/15957"}],"wp:attachment":[{"href":"https:\/\/saiga.es\/es\/wp-json\/wp\/v2\/media?parent=9883"}],"wp:term":[{"taxonomy":"product_brand","embeddable":true,"href":"https:\/\/saiga.es\/es\/wp-json\/wp\/v2\/product_brand?post=9883"},{"taxonomy":"product_cat","embeddable":true,"href":"https:\/\/saiga.es\/es\/wp-json\/wp\/v2\/product_cat?post=9883"},{"taxonomy":"product_tag","embeddable":true,"href":"https:\/\/saiga.es\/es\/wp-json\/wp\/v2\/product_tag?post=9883"}],"curies":[{"name":"wp","href":"https:\/\/api.w.org\/{rel}","templated":true}]}}