{"id":9885,"date":"2024-04-18T10:44:09","date_gmt":"2024-04-18T10:44:09","guid":{"rendered":"https:\/\/botiga.saiga.es\/producte\/autocollant-ceys-ultraunick\/"},"modified":"2025-08-28T15:54:21","modified_gmt":"2025-08-28T15:54:21","slug":"autocollant-ceys-ultraunick","status":"publish","type":"product","link":"https:\/\/saiga.es\/es\/producto\/autocollant-ceys-ultraunick\/","title":{"rendered":"Proporciona una uni\u00f3n perfecta."},"content":{"rendered":"<p>El adhesivo Ceys Ultraunickuniversal instant\u00e1neo ultra fuerte, ultra r\u00e1pido y seguro. Proporciona una uni\u00f3n perfecta.<\/p>\n","protected":false},"excerpt":{"rendered":"<p>Pegatina Ceys Ultraunick universal instant\u00e1neo ultra fuerte, ultra r\u00e1pido y seguro. Proporciona una uni\u00f3n perfecta.<\/p>\n","protected":false},"featured_media":9860,"comment_status":"closed","ping_status":"closed","template":"","meta":[],"product_brand":[],"product_cat":[1326],"product_tag":[768,1373,1374],"class_list":{"0":"post-9885","1":"product","2":"type-product","3":"status-publish","4":"has-post-thumbnail","6":"product_cat-bricolaje","7":"product_tag-adhesivo","8":"product_tag-autocollant","9":"product_tag-ultra-rapide","11":"first","12":"instock","13":"taxable","14":"shipping-taxable","15":"purchasable","16":"product-type-simple"},"yoast_head":"<!-- This site is optimized with the Yoast SEO plugin v27.3 - https:\/\/yoast.com\/product\/yoast-seo-wordpress\/ -->\n<title>Proporciona una uni\u00f3n perfecta. | SAIGA<\/title>\n<meta name=\"description\" content=\"Pegatina Ceys Ultraunick universal instant\u00e1neo ultra fuerte, ultra r\u00e1pido y seguro. Proporciona una uni\u00f3n perfecta.\" \/>\n<meta name=\"robots\" content=\"index, follow, max-snippet:-1, max-image-preview:large, max-video-preview:-1\" \/>\n<link rel=\"canonical\" href=\"https:\/\/saiga.es\/es\/producto\/autocollant-ceys-ultraunick\/\" \/>\n<meta property=\"og:locale\" content=\"es_ES\" \/>\n<meta property=\"og:type\" content=\"article\" \/>\n<meta property=\"og:title\" content=\"Proporciona una uni\u00f3n perfecta. | SAIGA\" \/>\n<meta property=\"og:description\" content=\"Pegatina Ceys Ultraunick universal instant\u00e1neo ultra fuerte, ultra r\u00e1pido y seguro. Proporciona una uni\u00f3n perfecta.\" \/>\n<meta property=\"og:url\" content=\"https:\/\/saiga.es\/es\/producto\/autocollant-ceys-ultraunick\/\" \/>\n<meta property=\"og:site_name\" content=\"SAIGA\" \/>\n<meta property=\"article:modified_time\" content=\"2025-08-28T15:54:21+00:00\" \/>\n<meta property=\"og:image\" content=\"https:\/\/saiga.es\/wp-content\/uploads\/2024\/04\/Ceys-ultraunick.jpg\" \/>\n\t<meta property=\"og:image:width\" content=\"800\" \/>\n\t<meta property=\"og:image:height\" content=\"800\" \/>\n\t<meta property=\"og:image:type\" content=\"image\/jpeg\" \/>\n<meta name=\"twitter:card\" content=\"summary_large_image\" \/>\n<meta name=\"twitter:site\" content=\"@saiga_agro\" \/>\n<script type=\"application\/ld+json\" class=\"yoast-schema-graph\">{\"@context\":\"https:\\\/\\\/schema.org\",\"@graph\":[{\"@type\":\"WebPage\",\"@id\":\"https:\\\/\\\/saiga.es\\\/es\\\/producto\\\/autocollant-ceys-ultraunick\\\/\",\"url\":\"https:\\\/\\\/saiga.es\\\/es\\\/producto\\\/autocollant-ceys-ultraunick\\\/\",\"name\":\"Proporciona una uni\u00f3n perfecta. | SAIGA\",\"isPartOf\":{\"@id\":\"https:\\\/\\\/saiga.es\\\/es\\\/#website\"},\"primaryImageOfPage\":{\"@id\":\"https:\\\/\\\/saiga.es\\\/es\\\/producto\\\/autocollant-ceys-ultraunick\\\/#primaryimage\"},\"image\":{\"@id\":\"https:\\\/\\\/saiga.es\\\/es\\\/producto\\\/autocollant-ceys-ultraunick\\\/#primaryimage\"},\"thumbnailUrl\":\"https:\\\/\\\/saiga.es\\\/wp-content\\\/uploads\\\/2024\\\/04\\\/Ceys-ultraunick.jpg\",\"datePublished\":\"2024-04-18T10:44:09+00:00\",\"dateModified\":\"2025-08-28T15:54:21+00:00\",\"description\":\"Pegatina Ceys Ultraunick universal instant\u00e1neo ultra fuerte, ultra r\u00e1pido y seguro. Proporciona una uni\u00f3n perfecta.\",\"breadcrumb\":{\"@id\":\"https:\\\/\\\/saiga.es\\\/es\\\/producto\\\/autocollant-ceys-ultraunick\\\/#breadcrumb\"},\"inLanguage\":\"es\",\"potentialAction\":[{\"@type\":\"ReadAction\",\"target\":[\"https:\\\/\\\/saiga.es\\\/es\\\/producto\\\/autocollant-ceys-ultraunick\\\/\"]}]},{\"@type\":\"ImageObject\",\"inLanguage\":\"es\",\"@id\":\"https:\\\/\\\/saiga.es\\\/es\\\/producto\\\/autocollant-ceys-ultraunick\\\/#primaryimage\",\"url\":\"https:\\\/\\\/saiga.es\\\/wp-content\\\/uploads\\\/2024\\\/04\\\/Ceys-ultraunick.jpg\",\"contentUrl\":\"https:\\\/\\\/saiga.es\\\/wp-content\\\/uploads\\\/2024\\\/04\\\/Ceys-ultraunick.jpg\",\"width\":800,\"height\":800,\"caption\":\"Adhesivo Ceys\"},{\"@type\":\"BreadcrumbList\",\"@id\":\"https:\\\/\\\/saiga.es\\\/es\\\/producto\\\/autocollant-ceys-ultraunick\\\/#breadcrumb\",\"itemListElement\":[{\"@type\":\"ListItem\",\"position\":1,\"name\":\"Inici\",\"item\":\"https:\\\/\\\/saiga.es\\\/es\\\/\"},{\"@type\":\"ListItem\",\"position\":2,\"name\":\"Tienda\",\"item\":\"https:\\\/\\\/saiga.es\\\/es\\\/tienda\\\/\"},{\"@type\":\"ListItem\",\"position\":3,\"name\":\"Proporciona una uni\u00f3n perfecta.\"}]},{\"@type\":\"WebSite\",\"@id\":\"https:\\\/\\\/saiga.es\\\/es\\\/#website\",\"url\":\"https:\\\/\\\/saiga.es\\\/es\\\/\",\"name\":\"SAIGA\",\"description\":\"M\u00e9s de 50 anys al servei de la terra i treballant per a un \u00fas eficient de l\u2019aigua!\",\"publisher\":{\"@id\":\"https:\\\/\\\/saiga.es\\\/es\\\/#organization\"},\"potentialAction\":[{\"@type\":\"SearchAction\",\"target\":{\"@type\":\"EntryPoint\",\"urlTemplate\":\"https:\\\/\\\/saiga.es\\\/es\\\/?s={search_term_string}\"},\"query-input\":{\"@type\":\"PropertyValueSpecification\",\"valueRequired\":true,\"valueName\":\"search_term_string\"}}],\"inLanguage\":\"es\"},{\"@type\":\"Organization\",\"@id\":\"https:\\\/\\\/saiga.es\\\/es\\\/#organization\",\"name\":\"SAIGA\",\"url\":\"https:\\\/\\\/saiga.es\\\/es\\\/\",\"logo\":{\"@type\":\"ImageObject\",\"inLanguage\":\"es\",\"@id\":\"https:\\\/\\\/saiga.es\\\/es\\\/#\\\/schema\\\/logo\\\/image\\\/\",\"url\":\"https:\\\/\\\/saiga.es\\\/wp-content\\\/uploads\\\/2025\\\/07\\\/logo_saiga_baseline_optimitzat.svg\",\"contentUrl\":\"https:\\\/\\\/saiga.es\\\/wp-content\\\/uploads\\\/2025\\\/07\\\/logo_saiga_baseline_optimitzat.svg\",\"caption\":\"SAIGA\"},\"image\":{\"@id\":\"https:\\\/\\\/saiga.es\\\/es\\\/#\\\/schema\\\/logo\\\/image\\\/\"},\"sameAs\":[\"https:\\\/\\\/x.com\\\/saiga_agro\",\"https:\\\/\\\/www.instagram.com\\\/saiga_agro\\\/\"]}]}<\/script>\n<!-- \/ Yoast SEO plugin. -->","yoast_head_json":{"title":"Proporciona una uni\u00f3n perfecta. | SAIGA","description":"Pegatina Ceys Ultraunick universal instant\u00e1neo ultra fuerte, ultra r\u00e1pido y seguro. Proporciona una uni\u00f3n perfecta.","robots":{"index":"index","follow":"follow","max-snippet":"max-snippet:-1","max-image-preview":"max-image-preview:large","max-video-preview":"max-video-preview:-1"},"canonical":"https:\/\/saiga.es\/es\/producto\/autocollant-ceys-ultraunick\/","og_locale":"es_ES","og_type":"article","og_title":"Proporciona una uni\u00f3n perfecta. | SAIGA","og_description":"Pegatina Ceys Ultraunick universal instant\u00e1neo ultra fuerte, ultra r\u00e1pido y seguro. Proporciona una uni\u00f3n perfecta.","og_url":"https:\/\/saiga.es\/es\/producto\/autocollant-ceys-ultraunick\/","og_site_name":"SAIGA","article_modified_time":"2025-08-28T15:54:21+00:00","og_image":[{"width":800,"height":800,"url":"https:\/\/saiga.es\/wp-content\/uploads\/2024\/04\/Ceys-ultraunick.jpg","type":"image\/jpeg"}],"twitter_card":"summary_large_image","twitter_site":"@saiga_agro","schema":{"@context":"https:\/\/schema.org","@graph":[{"@type":"WebPage","@id":"https:\/\/saiga.es\/es\/producto\/autocollant-ceys-ultraunick\/","url":"https:\/\/saiga.es\/es\/producto\/autocollant-ceys-ultraunick\/","name":"Proporciona una uni\u00f3n perfecta. | SAIGA","isPartOf":{"@id":"https:\/\/saiga.es\/es\/#website"},"primaryImageOfPage":{"@id":"https:\/\/saiga.es\/es\/producto\/autocollant-ceys-ultraunick\/#primaryimage"},"image":{"@id":"https:\/\/saiga.es\/es\/producto\/autocollant-ceys-ultraunick\/#primaryimage"},"thumbnailUrl":"https:\/\/saiga.es\/wp-content\/uploads\/2024\/04\/Ceys-ultraunick.jpg","datePublished":"2024-04-18T10:44:09+00:00","dateModified":"2025-08-28T15:54:21+00:00","description":"Pegatina Ceys Ultraunick universal instant\u00e1neo ultra fuerte, ultra r\u00e1pido y seguro. Proporciona una uni\u00f3n perfecta.","breadcrumb":{"@id":"https:\/\/saiga.es\/es\/producto\/autocollant-ceys-ultraunick\/#breadcrumb"},"inLanguage":"es","potentialAction":[{"@type":"ReadAction","target":["https:\/\/saiga.es\/es\/producto\/autocollant-ceys-ultraunick\/"]}]},{"@type":"ImageObject","inLanguage":"es","@id":"https:\/\/saiga.es\/es\/producto\/autocollant-ceys-ultraunick\/#primaryimage","url":"https:\/\/saiga.es\/wp-content\/uploads\/2024\/04\/Ceys-ultraunick.jpg","contentUrl":"https:\/\/saiga.es\/wp-content\/uploads\/2024\/04\/Ceys-ultraunick.jpg","width":800,"height":800,"caption":"Adhesivo Ceys"},{"@type":"BreadcrumbList","@id":"https:\/\/saiga.es\/es\/producto\/autocollant-ceys-ultraunick\/#breadcrumb","itemListElement":[{"@type":"ListItem","position":1,"name":"Inici","item":"https:\/\/saiga.es\/es\/"},{"@type":"ListItem","position":2,"name":"Tienda","item":"https:\/\/saiga.es\/es\/tienda\/"},{"@type":"ListItem","position":3,"name":"Proporciona una uni\u00f3n perfecta."}]},{"@type":"WebSite","@id":"https:\/\/saiga.es\/es\/#website","url":"https:\/\/saiga.es\/es\/","name":"SAIGA","description":"M\u00e9s de 50 anys al servei de la terra i treballant per a un \u00fas eficient de l\u2019aigua!","publisher":{"@id":"https:\/\/saiga.es\/es\/#organization"},"potentialAction":[{"@type":"SearchAction","target":{"@type":"EntryPoint","urlTemplate":"https:\/\/saiga.es\/es\/?s={search_term_string}"},"query-input":{"@type":"PropertyValueSpecification","valueRequired":true,"valueName":"search_term_string"}}],"inLanguage":"es"},{"@type":"Organization","@id":"https:\/\/saiga.es\/es\/#organization","name":"SAIGA","url":"https:\/\/saiga.es\/es\/","logo":{"@type":"ImageObject","inLanguage":"es","@id":"https:\/\/saiga.es\/es\/#\/schema\/logo\/image\/","url":"https:\/\/saiga.es\/wp-content\/uploads\/2025\/07\/logo_saiga_baseline_optimitzat.svg","contentUrl":"https:\/\/saiga.es\/wp-content\/uploads\/2025\/07\/logo_saiga_baseline_optimitzat.svg","caption":"SAIGA"},"image":{"@id":"https:\/\/saiga.es\/es\/#\/schema\/logo\/image\/"},"sameAs":["https:\/\/x.com\/saiga_agro","https:\/\/www.instagram.com\/saiga_agro\/"]}]}},"_links":{"self":[{"href":"https:\/\/saiga.es\/es\/wp-json\/wp\/v2\/product\/9885","targetHints":{"allow":["GET"]}}],"collection":[{"href":"https:\/\/saiga.es\/es\/wp-json\/wp\/v2\/product"}],"about":[{"href":"https:\/\/saiga.es\/es\/wp-json\/wp\/v2\/types\/product"}],"replies":[{"embeddable":true,"href":"https:\/\/saiga.es\/es\/wp-json\/wp\/v2\/comments?post=9885"}],"wp:featuredmedia":[{"embeddable":true,"href":"https:\/\/saiga.es\/es\/wp-json\/wp\/v2\/media\/9860"}],"wp:attachment":[{"href":"https:\/\/saiga.es\/es\/wp-json\/wp\/v2\/media?parent=9885"}],"wp:term":[{"taxonomy":"product_brand","embeddable":true,"href":"https:\/\/saiga.es\/es\/wp-json\/wp\/v2\/product_brand?post=9885"},{"taxonomy":"product_cat","embeddable":true,"href":"https:\/\/saiga.es\/es\/wp-json\/wp\/v2\/product_cat?post=9885"},{"taxonomy":"product_tag","embeddable":true,"href":"https:\/\/saiga.es\/es\/wp-json\/wp\/v2\/product_tag?post=9885"}],"curies":[{"name":"wp","href":"https:\/\/api.w.org\/{rel}","templated":true}]}}