{"id":9895,"date":"2024-04-17T11:48:59","date_gmt":"2024-04-17T11:48:59","guid":{"rendered":"https:\/\/botiga.saiga.es\/producte\/hexitiazox-acaricida-insecticida\/"},"modified":"2025-10-27T07:53:50","modified_gmt":"2025-10-27T07:53:50","slug":"hexitiazox-acaricida-insecticida","status":"publish","type":"product","link":"https:\/\/saiga.es\/es\/producto\/hexitiazox-acaricida-insecticida\/","title":{"rendered":"Hexitiazox acaricida insecticida"},"content":{"rendered":"<p data-start=\"363\" data-end=\"861\">HEXITIAZOX JED es un acaricida insecticida en polvo mojable desarrollado por Sipcam Jard\u00edn, dise\u00f1ado para actuar tanto por ingesti\u00f3n como por contacto, con una excelente actividad translaminar y un efecto residual prolongado. Este producto es especialmente eficaz para el control de huevos y larvas de Tetranychus urticae (ara\u00f1a roja), otros tetran\u00edquidos y phyllocnistis en c\u00edtricos. <\/p>\n<p data-start=\"863\" data-end=\"1182\">Se recomienda la aplicaci\u00f3n al principio de la plaga, antes de que las larvas se conviertan en hormigas adultas. La dosis habitual es de 0,75 g\/l, con un efectivo margen de uso de 14 d\u00edas en c\u00edtricos, 21 d\u00edas en vid y 28 d\u00edas en frutales de manzana\/pera (frutos de hueso). <\/p>\n<p>Caracter\u00edsticas principales:<\/p>\n<ul data-start=\"1217\" data-end=\"1587\">\n<li data-start=\"1217\" data-end=\"1263\">\n<p data-start=\"1219\" data-end=\"1263\">Acci\u00f3n de doble v\u00eda: ingesti\u00f3n y contacto.<\/p>\n<\/li>\n<li data-start=\"1264\" data-end=\"1330\">\n<p data-start=\"1266\" data-end=\"1330\">Actuaci\u00f3n translaminar: protege hojas por dentro y por fuera.<\/p>\n<\/li>\n<li data-start=\"1331\" data-end=\"1393\">\n<p data-start=\"1333\" data-end=\"1393\">Control de huevos y larvas: previene la fase adulta de los \u00e1caros.<\/p>\n<\/li>\n<li data-start=\"1394\" data-end=\"1461\">\n<p data-start=\"1396\" data-end=\"1461\">Efecto residual duradero: protege la planta durante semanas.<\/p>\n<\/li>\n<li data-start=\"1462\" data-end=\"1587\">\n<p data-start=\"1464\" data-end=\"1587\">Apta por uso no profesional, siguiendo las advertencias y precauciones del producto.<\/p>\n<\/li>\n<\/ul>\n<p>Aplicaciones recomendadas:<\/p>\n<ul data-start=\"1618\" data-end=\"2061\">\n<li data-start=\"1618\" data-end=\"1802\">\n<p data-start=\"1620\" data-end=\"1802\">C\u00edtricos: contra <em data-start=\"1640\" data-end=\"1661\">Tetranychus urticae, <\/em><em data-start=\"1663\" data-end=\"1673\">P. citri <\/em>y <em data-start=\"1676\" data-end=\"1688\">E. carpini<\/em> \u2013 dosis 1\u20133,75 g\/100 m\u00b2 con 10\u201325 L de caldo; per\u00edodo de seguridad: 14 d\u00edas.<\/p>\n<\/li>\n<li data-start=\"1803\" data-end=\"1946\">\n<p data-start=\"1805\" data-end=\"1946\">Vi\u00f1edo: contra <em data-start=\"1823\" data-end=\"1835\">T. urticae<\/em> \u2013 dosis 2,5\u20133 g\/100 m\u00b2 con 5\u20136 L de caldo; per\u00edodo de seguridad: 21 d\u00edas.<\/p>\n<\/li>\n<li data-start=\"1947\" data-end=\"2061\">\n<p data-start=\"1949\" data-end=\"2061\">Frutales de hueso: seg\u00fan normativa, per\u00edodo de seguridad de 28 d\u00edas.<\/p>\n<\/li>\n<\/ul>\n<p>Beneficios destacados:<\/p>\n<ul data-start=\"2088\" data-end=\"2328\">\n<li data-start=\"2088\" data-end=\"2199\">\n<p data-start=\"2090\" data-end=\"2199\">Elimina infestaciones latentes gracias a su acci\u00f3n larvicida\/ovicida.<\/p>\n<\/li>\n<li data-start=\"2200\" data-end=\"2260\">\n<p data-start=\"2202\" data-end=\"2260\">Forma WP que facilita una dispersi\u00f3n homog\u00e9nea y penetrante.<\/p>\n<\/li>\n<li data-start=\"2261\" data-end=\"2328\">\n<p data-start=\"2263\" data-end=\"2328\">Optimiza la salud de los cultivos y minimiza p\u00e9rdidas de rendimiento.<\/p>\n<\/li>\n<\/ul>\n","protected":false},"excerpt":{"rendered":"<p>Acaricida-insecticida que act\u00faa por ingesti\u00f3n y contacto, con buena actividad translaminar y prolongado efecto residual presentada en forma de polvo mojable.<br \/>\nResulta efectiva en el control de huevos y larvas de ara\u00f1a roja y de otros tetran\u00edquidos, y de phyllocnistis en c\u00edtricos. Tratar huevos y larvas antes de que lleguen al estado adulto.<\/p>\n","protected":false},"featured_media":9844,"comment_status":"open","ping_status":"closed","template":"","meta":[],"product_brand":[],"product_cat":[181],"product_tag":[574,1388,886,1387],"class_list":{"0":"post-9895","1":"product","2":"type-product","3":"status-publish","4":"has-post-thumbnail","6":"product_cat-insecticidas","7":"product_tag-jed-es","8":"product_tag-hexitiazox-es","9":"product_tag-insecticida-es","10":"product_tag-sipcam-es","12":"first","13":"instock","14":"taxable","15":"shipping-taxable","16":"purchasable","17":"product-type-simple"},"yoast_head":"<!-- This site is optimized with the Yoast SEO plugin v27.4 - https:\/\/yoast.com\/product\/yoast-seo-wordpress\/ -->\n<title>Hexitiazox acaricida insecticida | SAIGA<\/title>\n<meta name=\"description\" content=\"Acaricida-insecticida que act\u00faa por ingesti\u00f3n y contacto, con buena actividad translaminar y prolongado efecto residual presentada en forma de polvo mojable.\" \/>\n<meta name=\"robots\" content=\"index, follow, max-snippet:-1, max-image-preview:large, max-video-preview:-1\" \/>\n<link rel=\"canonical\" href=\"https:\/\/saiga.es\/es\/producto\/hexitiazox-acaricida-insecticida\/\" \/>\n<meta property=\"og:locale\" content=\"es_ES\" \/>\n<meta property=\"og:type\" content=\"article\" \/>\n<meta property=\"og:title\" content=\"Hexitiazox acaricida insecticida | SAIGA\" \/>\n<meta property=\"og:description\" content=\"Acaricida-insecticida que act\u00faa por ingesti\u00f3n y contacto, con buena actividad translaminar y prolongado efecto residual presentada en forma de polvo mojable.\" \/>\n<meta property=\"og:url\" content=\"https:\/\/saiga.es\/es\/producto\/hexitiazox-acaricida-insecticida\/\" \/>\n<meta property=\"og:site_name\" content=\"SAIGA\" \/>\n<meta property=\"article:modified_time\" content=\"2025-10-27T07:53:50+00:00\" \/>\n<meta property=\"og:image\" content=\"https:\/\/saiga.es\/wp-content\/uploads\/2024\/04\/Hexitiazox-JED-acaricida.png\" \/>\n\t<meta property=\"og:image:width\" content=\"1000\" \/>\n\t<meta property=\"og:image:height\" content=\"1000\" \/>\n\t<meta property=\"og:image:type\" content=\"image\/png\" \/>\n<meta name=\"twitter:card\" content=\"summary_large_image\" \/>\n<meta name=\"twitter:site\" content=\"@saiga_agro\" \/>\n<meta name=\"twitter:label1\" content=\"Tiempo de lectura\" \/>\n\t<meta name=\"twitter:data1\" content=\"1 minuto\" \/>\n<script type=\"application\/ld+json\" class=\"yoast-schema-graph\">{\"@context\":\"https:\\\/\\\/schema.org\",\"@graph\":[{\"@type\":\"WebPage\",\"@id\":\"https:\\\/\\\/saiga.es\\\/es\\\/producto\\\/hexitiazox-acaricida-insecticida\\\/\",\"url\":\"https:\\\/\\\/saiga.es\\\/es\\\/producto\\\/hexitiazox-acaricida-insecticida\\\/\",\"name\":\"Hexitiazox acaricida insecticida | SAIGA\",\"isPartOf\":{\"@id\":\"https:\\\/\\\/saiga.es\\\/es\\\/#website\"},\"primaryImageOfPage\":{\"@id\":\"https:\\\/\\\/saiga.es\\\/es\\\/producto\\\/hexitiazox-acaricida-insecticida\\\/#primaryimage\"},\"image\":{\"@id\":\"https:\\\/\\\/saiga.es\\\/es\\\/producto\\\/hexitiazox-acaricida-insecticida\\\/#primaryimage\"},\"thumbnailUrl\":\"https:\\\/\\\/saiga.es\\\/wp-content\\\/uploads\\\/2024\\\/04\\\/Hexitiazox-JED-acaricida.png\",\"datePublished\":\"2024-04-17T11:48:59+00:00\",\"dateModified\":\"2025-10-27T07:53:50+00:00\",\"description\":\"Acaricida-insecticida que act\u00faa por ingesti\u00f3n y contacto, con buena actividad translaminar y prolongado efecto residual presentada en forma de polvo mojable.\",\"breadcrumb\":{\"@id\":\"https:\\\/\\\/saiga.es\\\/es\\\/producto\\\/hexitiazox-acaricida-insecticida\\\/#breadcrumb\"},\"inLanguage\":\"es\",\"potentialAction\":[{\"@type\":\"ReadAction\",\"target\":[\"https:\\\/\\\/saiga.es\\\/es\\\/producto\\\/hexitiazox-acaricida-insecticida\\\/\"]}]},{\"@type\":\"ImageObject\",\"inLanguage\":\"es\",\"@id\":\"https:\\\/\\\/saiga.es\\\/es\\\/producto\\\/hexitiazox-acaricida-insecticida\\\/#primaryimage\",\"url\":\"https:\\\/\\\/saiga.es\\\/wp-content\\\/uploads\\\/2024\\\/04\\\/Hexitiazox-JED-acaricida.png\",\"contentUrl\":\"https:\\\/\\\/saiga.es\\\/wp-content\\\/uploads\\\/2024\\\/04\\\/Hexitiazox-JED-acaricida.png\",\"width\":1000,\"height\":1000,\"caption\":\"Hexitiazox\"},{\"@type\":\"BreadcrumbList\",\"@id\":\"https:\\\/\\\/saiga.es\\\/es\\\/producto\\\/hexitiazox-acaricida-insecticida\\\/#breadcrumb\",\"itemListElement\":[{\"@type\":\"ListItem\",\"position\":1,\"name\":\"Inici\",\"item\":\"https:\\\/\\\/saiga.es\\\/es\\\/\"},{\"@type\":\"ListItem\",\"position\":2,\"name\":\"Tienda\",\"item\":\"https:\\\/\\\/saiga.es\\\/es\\\/tienda\\\/\"},{\"@type\":\"ListItem\",\"position\":3,\"name\":\"Hexitiazox acaricida insecticida\"}]},{\"@type\":\"WebSite\",\"@id\":\"https:\\\/\\\/saiga.es\\\/es\\\/#website\",\"url\":\"https:\\\/\\\/saiga.es\\\/es\\\/\",\"name\":\"SAIGA\",\"description\":\"M\u00e9s de 50 anys al servei de la terra i treballant per a un \u00fas eficient de l\u2019aigua!\",\"publisher\":{\"@id\":\"https:\\\/\\\/saiga.es\\\/es\\\/#organization\"},\"potentialAction\":[{\"@type\":\"SearchAction\",\"target\":{\"@type\":\"EntryPoint\",\"urlTemplate\":\"https:\\\/\\\/saiga.es\\\/es\\\/?s={search_term_string}\"},\"query-input\":{\"@type\":\"PropertyValueSpecification\",\"valueRequired\":true,\"valueName\":\"search_term_string\"}}],\"inLanguage\":\"es\"},{\"@type\":\"Organization\",\"@id\":\"https:\\\/\\\/saiga.es\\\/es\\\/#organization\",\"name\":\"SAIGA\",\"url\":\"https:\\\/\\\/saiga.es\\\/es\\\/\",\"logo\":{\"@type\":\"ImageObject\",\"inLanguage\":\"es\",\"@id\":\"https:\\\/\\\/saiga.es\\\/es\\\/#\\\/schema\\\/logo\\\/image\\\/\",\"url\":\"https:\\\/\\\/saiga.es\\\/wp-content\\\/uploads\\\/2025\\\/07\\\/logo_saiga_baseline_optimitzat.svg\",\"contentUrl\":\"https:\\\/\\\/saiga.es\\\/wp-content\\\/uploads\\\/2025\\\/07\\\/logo_saiga_baseline_optimitzat.svg\",\"caption\":\"SAIGA\"},\"image\":{\"@id\":\"https:\\\/\\\/saiga.es\\\/es\\\/#\\\/schema\\\/logo\\\/image\\\/\"},\"sameAs\":[\"https:\\\/\\\/x.com\\\/saiga_agro\",\"https:\\\/\\\/www.instagram.com\\\/saiga_agro\\\/\"]}]}<\/script>\n<!-- \/ Yoast SEO plugin. -->","yoast_head_json":{"title":"Hexitiazox acaricida insecticida | SAIGA","description":"Acaricida-insecticida que act\u00faa por ingesti\u00f3n y contacto, con buena actividad translaminar y prolongado efecto residual presentada en forma de polvo mojable.","robots":{"index":"index","follow":"follow","max-snippet":"max-snippet:-1","max-image-preview":"max-image-preview:large","max-video-preview":"max-video-preview:-1"},"canonical":"https:\/\/saiga.es\/es\/producto\/hexitiazox-acaricida-insecticida\/","og_locale":"es_ES","og_type":"article","og_title":"Hexitiazox acaricida insecticida | SAIGA","og_description":"Acaricida-insecticida que act\u00faa por ingesti\u00f3n y contacto, con buena actividad translaminar y prolongado efecto residual presentada en forma de polvo mojable.","og_url":"https:\/\/saiga.es\/es\/producto\/hexitiazox-acaricida-insecticida\/","og_site_name":"SAIGA","article_modified_time":"2025-10-27T07:53:50+00:00","og_image":[{"width":1000,"height":1000,"url":"https:\/\/saiga.es\/wp-content\/uploads\/2024\/04\/Hexitiazox-JED-acaricida.png","type":"image\/png"}],"twitter_card":"summary_large_image","twitter_site":"@saiga_agro","twitter_misc":{"Tiempo de lectura":"1 minuto"},"schema":{"@context":"https:\/\/schema.org","@graph":[{"@type":"WebPage","@id":"https:\/\/saiga.es\/es\/producto\/hexitiazox-acaricida-insecticida\/","url":"https:\/\/saiga.es\/es\/producto\/hexitiazox-acaricida-insecticida\/","name":"Hexitiazox acaricida insecticida | SAIGA","isPartOf":{"@id":"https:\/\/saiga.es\/es\/#website"},"primaryImageOfPage":{"@id":"https:\/\/saiga.es\/es\/producto\/hexitiazox-acaricida-insecticida\/#primaryimage"},"image":{"@id":"https:\/\/saiga.es\/es\/producto\/hexitiazox-acaricida-insecticida\/#primaryimage"},"thumbnailUrl":"https:\/\/saiga.es\/wp-content\/uploads\/2024\/04\/Hexitiazox-JED-acaricida.png","datePublished":"2024-04-17T11:48:59+00:00","dateModified":"2025-10-27T07:53:50+00:00","description":"Acaricida-insecticida que act\u00faa por ingesti\u00f3n y contacto, con buena actividad translaminar y prolongado efecto residual presentada en forma de polvo mojable.","breadcrumb":{"@id":"https:\/\/saiga.es\/es\/producto\/hexitiazox-acaricida-insecticida\/#breadcrumb"},"inLanguage":"es","potentialAction":[{"@type":"ReadAction","target":["https:\/\/saiga.es\/es\/producto\/hexitiazox-acaricida-insecticida\/"]}]},{"@type":"ImageObject","inLanguage":"es","@id":"https:\/\/saiga.es\/es\/producto\/hexitiazox-acaricida-insecticida\/#primaryimage","url":"https:\/\/saiga.es\/wp-content\/uploads\/2024\/04\/Hexitiazox-JED-acaricida.png","contentUrl":"https:\/\/saiga.es\/wp-content\/uploads\/2024\/04\/Hexitiazox-JED-acaricida.png","width":1000,"height":1000,"caption":"Hexitiazox"},{"@type":"BreadcrumbList","@id":"https:\/\/saiga.es\/es\/producto\/hexitiazox-acaricida-insecticida\/#breadcrumb","itemListElement":[{"@type":"ListItem","position":1,"name":"Inici","item":"https:\/\/saiga.es\/es\/"},{"@type":"ListItem","position":2,"name":"Tienda","item":"https:\/\/saiga.es\/es\/tienda\/"},{"@type":"ListItem","position":3,"name":"Hexitiazox acaricida insecticida"}]},{"@type":"WebSite","@id":"https:\/\/saiga.es\/es\/#website","url":"https:\/\/saiga.es\/es\/","name":"SAIGA","description":"M\u00e9s de 50 anys al servei de la terra i treballant per a un \u00fas eficient de l\u2019aigua!","publisher":{"@id":"https:\/\/saiga.es\/es\/#organization"},"potentialAction":[{"@type":"SearchAction","target":{"@type":"EntryPoint","urlTemplate":"https:\/\/saiga.es\/es\/?s={search_term_string}"},"query-input":{"@type":"PropertyValueSpecification","valueRequired":true,"valueName":"search_term_string"}}],"inLanguage":"es"},{"@type":"Organization","@id":"https:\/\/saiga.es\/es\/#organization","name":"SAIGA","url":"https:\/\/saiga.es\/es\/","logo":{"@type":"ImageObject","inLanguage":"es","@id":"https:\/\/saiga.es\/es\/#\/schema\/logo\/image\/","url":"https:\/\/saiga.es\/wp-content\/uploads\/2025\/07\/logo_saiga_baseline_optimitzat.svg","contentUrl":"https:\/\/saiga.es\/wp-content\/uploads\/2025\/07\/logo_saiga_baseline_optimitzat.svg","caption":"SAIGA"},"image":{"@id":"https:\/\/saiga.es\/es\/#\/schema\/logo\/image\/"},"sameAs":["https:\/\/x.com\/saiga_agro","https:\/\/www.instagram.com\/saiga_agro\/"]}]}},"_links":{"self":[{"href":"https:\/\/saiga.es\/es\/wp-json\/wp\/v2\/product\/9895","targetHints":{"allow":["GET"]}}],"collection":[{"href":"https:\/\/saiga.es\/es\/wp-json\/wp\/v2\/product"}],"about":[{"href":"https:\/\/saiga.es\/es\/wp-json\/wp\/v2\/types\/product"}],"replies":[{"embeddable":true,"href":"https:\/\/saiga.es\/es\/wp-json\/wp\/v2\/comments?post=9895"}],"wp:featuredmedia":[{"embeddable":true,"href":"https:\/\/saiga.es\/es\/wp-json\/wp\/v2\/media\/9844"}],"wp:attachment":[{"href":"https:\/\/saiga.es\/es\/wp-json\/wp\/v2\/media?parent=9895"}],"wp:term":[{"taxonomy":"product_brand","embeddable":true,"href":"https:\/\/saiga.es\/es\/wp-json\/wp\/v2\/product_brand?post=9895"},{"taxonomy":"product_cat","embeddable":true,"href":"https:\/\/saiga.es\/es\/wp-json\/wp\/v2\/product_cat?post=9895"},{"taxonomy":"product_tag","embeddable":true,"href":"https:\/\/saiga.es\/es\/wp-json\/wp\/v2\/product_tag?post=9895"}],"curies":[{"name":"wp","href":"https:\/\/api.w.org\/{rel}","templated":true}]}}